{"id":7334,"date":"2024-12-10T17:10:01","date_gmt":"2024-12-10T16:10:01","guid":{"rendered":"https:\/\/lions-pharmacy.com\/?post_type=product&#038;p=7334"},"modified":"2025-01-24T19:31:05","modified_gmt":"2025-01-24T18:31:05","slug":"vitamin-d3-hevert-tablets-200-pcs-09887387","status":"publish","type":"product","link":"https:\/\/lions-pharmacy.com\/de\/produkt\/vitamin-d3-hevert-tablets-200-pcs-09887387","title":{"rendered":"Vitamin D3 Hevert Tabletten (200 Stk.)"},"content":{"rendered":"<h3>Vitamin D3 Hevert Tabletten<\/h3>\n<p>Vitamin D3 Hevert Tabletten: Versorgt den K\u00f6rper mit Vitamin D &#8211; Beugt Rachitis und Osteoporose vor. Verhindert eine por\u00f6se, br\u00fcchige Knochenstruktur.<\/p>\n<p>Die Gesundheit ist das h\u00f6chste Gut des Menschen. Hevert widmet sich daher seit \u00fcber 60 Jahren der Naturheilkunde und der Entwicklung von Naturheilmitteln und ist einer der f\u00fchrenden deutschen Hersteller von hom\u00f6opathischen und pflanzlichen Arzneimitteln sowie Mikron\u00e4hrstoffpr\u00e4paraten.<\/p>\n<p>Aufgaben von Vitamin D3 in deinem K\u00f6rper:<\/p>\n<ul>\n<li>Knochenaufbau und Unterst\u00fctzung der normalen Knochenfunktion<\/li>\n<li>Reguliert Prozesse in den Zellen, wirkt als Hormon<\/li>\n<li>Sch\u00fctzt Nervenzellen und Neuronen<\/li>\n<li>Ist an der Synthese von Neurotransmittern beteiligt<\/li>\n<li>Steuert verschiedene Prozesse im Immunsystem<\/li>\n<li>Verzehrempfehlung von Vitamin D3 Hevert<\/li>\n<\/ul>\n<p>Zur Vorbeugung bei einem erkennbaren Risiko eines Vitamin-D-Mangels bei ansonsten gesunden Menschen ohne Resorptionsst\u00f6rungen t\u00e4glich 1\/2 Tablette Vitamin D3 Hevert\u00ae einnehmen (entspricht 0,0125 mg bzw. 500 IE Vitamin D). Die Tabletten sollten mit ausreichend Fl\u00fcssigkeit eingenommen werden. Zur Unterst\u00fctzung der Behandlung von Osteoporose nehmen Sie t\u00e4glich 1 Tablette Vitamin D3 Hevert\u00ae (entspricht 0,025 mg oder 1000 IE Vitamin D). Zur Vorbeugung von Rachitis nehmen Sie t\u00e4glich 1\/2 Tablette Vitamin D3 Hevert\u00ae ein (entspricht 0,0125 mg oder 500 IE Vitamin D). Die Dosierung muss vom behandelnden Arzt festgelegt werden. Im Allgemeinen wird t\u00e4glich 1 Tablette Vitamin D3 Hevert\u00ae (entspricht 0,025 mg oder 1000 IE Vitamin D) empfohlen, um Rachitis bei Fr\u00fchgeborenen zu verhindern.<\/p>\n<p>Packungsbeilage\/Gebrauchsanweisung\/Artikeldatenblatt: &#8211; (PDF-Reader)<\/p>\n<p>Weitere Produkte f\u00fcr die Anwendung: <a href=\"https:\/\/lions-pharmacy.com\/product-tag\/vitamins-supplements\">Vitamine &amp; Nahrungserg\u00e4nzungsmittel Produkte<\/a><\/p>\n<p>Erfahren Sie mehr \u00fcber den Hersteller und dieses Produkt: <a href=\"https:\/\/hevert.com\/de\/en\" target=\"_blank\" rel=\"noopener\">Hevert<\/a> (Link zur externen Website)<\/p>\n<p>Informationen auf dieser Website werden ausschlie\u00dflich f\u00fcr informative Zwecke zur Verf\u00fcgung gestellt. Sie ersetzen keinesfalls die Untersuchung und Behandlung durch einen Arzt. Bitte beachten Sie, dass hierdurch weder Diagnosen gestellt noch Therapien eingeleitet werden k\u00f6nnen.<\/p>\n<p>Zu Risiken und Nebenwirkungen lesen Sie die Packungsbeilage und fragen Sie Ihren Arzt oder Apotheker.<\/p>\n","protected":false},"excerpt":{"rendered":"<h2>Vitamin D3 Hevert Tabletten<\/h2>\n<p>Versorgt den K\u00f6rper mit Vitamin D &#8211; Beugt Rachitis und Osteoporose vor. Verhindert eine por\u00f6se, br\u00fcchige Knochenstruktur.<\/p>\n<p>&nbsp;<\/p>\n<p>PZN: 09887387<\/p>\n<p>Darreichungsform: Tabletten<\/p>\n<p>Verordnungsart: Rezeptfrei<\/p>\n<p>Marke: &#8211;<\/p>\n<p>Hersteller: Hevert Arzneimittel GmbH, Deutschland<\/p>\n<p>Packungsgr\u00f6\u00dfe: 200 Stk.<\/p>\n","protected":false},"featured_media":7352,"comment_status":"closed","ping_status":"closed","template":"","meta":[],"product_brand":[],"product_cat":[578,367,368],"product_tag":[434,433,379,472,512,428,429,432],"class_list":{"0":"post-7334","1":"product","2":"type-product","3":"status-publish","4":"has-post-thumbnail","6":"product_cat-hevert-de","7":"product_cat-sale-de","8":"product_cat-shop-de","9":"product_tag-gewicht-und-fitness","10":"product_tag-gewichtsmanagement","11":"product_tag-monatlicher-sale-de","12":"product_tag-naturliche-heilmittel","13":"product_tag-pflanzlicher-wirkstoff-de","14":"product_tag-virusinfektion","15":"product_tag-vitamine-und-nahrungserganzungsmittel","16":"product_tag-wellness-de","17":"ts_product_brand-alle","18":"ts_product_brand-hevert-de","20":"first","21":"outofstock","22":"featured","23":"taxable","24":"shipping-taxable","25":"purchasable","26":"product-type-simple"},"yoast_head":"<!-- This site is optimized with the Yoast SEO plugin v26.5 - https:\/\/yoast.com\/wordpress\/plugins\/seo\/ -->\n<title>Vitamin D3 Hevert Tabletten (200 Stk.) &#187; L\u00f6wen Apotheke &#187; Mehr erfahren<\/title>\n<meta name=\"description\" content=\"Registrierte deutsche Online-Apotheke. Wir bieten: Schneller internationaler Versand. Produkt hergestellt von Hevert: Vitamin D3 Hevert Tabletten (200 Stk.)\" \/>\n<meta name=\"robots\" content=\"index, follow, max-snippet:-1, max-image-preview:large, max-video-preview:-1\" \/>\n<link rel=\"canonical\" href=\"https:\/\/lions-pharmacy.com\/de\/produkt\/vitamin-d3-hevert-tablets-200-pcs-09887387\" \/>\n<meta property=\"og:locale\" content=\"de_DE\" \/>\n<meta property=\"og:type\" content=\"article\" \/>\n<meta property=\"og:title\" content=\"Vitamin D3 Hevert Tabletten (200 Stk.) &#187; L\u00f6wen Apotheke &#187; Mehr erfahren\" \/>\n<meta property=\"og:description\" content=\"Registrierte deutsche Online-Apotheke. Wir bieten: Schneller internationaler Versand. Produkt hergestellt von Hevert: Vitamin D3 Hevert Tabletten (200 Stk.)\" \/>\n<meta property=\"og:url\" content=\"https:\/\/lions-pharmacy.com\/de\/produkt\/vitamin-d3-hevert-tablets-200-pcs-09887387\" \/>\n<meta property=\"og:site_name\" content=\"L\u00f6wen Apotheke\" \/>\n<meta property=\"article:modified_time\" content=\"2025-01-24T18:31:05+00:00\" \/>\n<meta property=\"og:image\" content=\"https:\/\/lions-pharmacy.com\/wp-content\/uploads\/2024\/12\/VITAMIN-D3-HEVERT-Tabletten-200-St-Loewen-Apotheke24.webp\" \/>\n\t<meta property=\"og:image:width\" content=\"600\" \/>\n\t<meta property=\"og:image:height\" content=\"600\" \/>\n\t<meta property=\"og:image:type\" content=\"image\/webp\" \/>\n<meta name=\"twitter:card\" content=\"summary_large_image\" \/>\n<meta name=\"twitter:label1\" content=\"Gesch\u00e4tzte Lesezeit\" \/>\n\t<meta name=\"twitter:data1\" content=\"2\u00a0Minuten\" \/>\n<script type=\"application\/ld+json\" class=\"yoast-schema-graph\">{\"@context\":\"https:\/\/schema.org\",\"@graph\":[{\"@type\":\"WebPage\",\"@id\":\"https:\/\/lions-pharmacy.com\/de\/produkt\/vitamin-d3-hevert-tablets-200-pcs-09887387\",\"url\":\"https:\/\/lions-pharmacy.com\/de\/produkt\/vitamin-d3-hevert-tablets-200-pcs-09887387\",\"name\":\"Vitamin D3 Hevert Tabletten (200 Stk.) &#187; L\u00f6wen Apotheke &#187; Mehr erfahren\",\"isPartOf\":{\"@id\":\"https:\/\/lions-pharmacy.com\/de#website\"},\"primaryImageOfPage\":{\"@id\":\"https:\/\/lions-pharmacy.com\/de\/produkt\/vitamin-d3-hevert-tablets-200-pcs-09887387#primaryimage\"},\"image\":{\"@id\":\"https:\/\/lions-pharmacy.com\/de\/produkt\/vitamin-d3-hevert-tablets-200-pcs-09887387#primaryimage\"},\"thumbnailUrl\":\"https:\/\/lions-pharmacy.com\/wp-content\/uploads\/2024\/12\/VITAMIN-D3-HEVERT-Tabletten-200-St-Loewen-Apotheke24.webp\",\"datePublished\":\"2024-12-10T16:10:01+00:00\",\"dateModified\":\"2025-01-24T18:31:05+00:00\",\"description\":\"Registrierte deutsche Online-Apotheke. Wir bieten: Schneller internationaler Versand. Produkt hergestellt von Hevert: Vitamin D3 Hevert Tabletten (200 Stk.)\",\"breadcrumb\":{\"@id\":\"https:\/\/lions-pharmacy.com\/de\/produkt\/vitamin-d3-hevert-tablets-200-pcs-09887387#breadcrumb\"},\"inLanguage\":\"de\",\"potentialAction\":[{\"@type\":\"ReadAction\",\"target\":[\"https:\/\/lions-pharmacy.com\/de\/produkt\/vitamin-d3-hevert-tablets-200-pcs-09887387\"]}]},{\"@type\":\"ImageObject\",\"inLanguage\":\"de\",\"@id\":\"https:\/\/lions-pharmacy.com\/de\/produkt\/vitamin-d3-hevert-tablets-200-pcs-09887387#primaryimage\",\"url\":\"https:\/\/lions-pharmacy.com\/wp-content\/uploads\/2024\/12\/VITAMIN-D3-HEVERT-Tabletten-200-St-Loewen-Apotheke24.webp\",\"contentUrl\":\"https:\/\/lions-pharmacy.com\/wp-content\/uploads\/2024\/12\/VITAMIN-D3-HEVERT-Tabletten-200-St-Loewen-Apotheke24.webp\",\"width\":600,\"height\":600,\"caption\":\"VITAMIN-D3-HEVERT-Tabletten-200-St-L\u00f6wen-Apotheke-PZN 09887387\"},{\"@type\":\"BreadcrumbList\",\"@id\":\"https:\/\/lions-pharmacy.com\/de\/produkt\/vitamin-d3-hevert-tablets-200-pcs-09887387#breadcrumb\",\"itemListElement\":[{\"@type\":\"ListItem\",\"position\":1,\"name\":\"Home\",\"item\":\"https:\/\/lions-pharmacy.com\/de\/homepage-lion-pharmacy\"},{\"@type\":\"ListItem\",\"position\":2,\"name\":\"Shop\",\"item\":\"https:\/\/lions-pharmacy.com\/de\/shop-2\"},{\"@type\":\"ListItem\",\"position\":3,\"name\":\"Vitamin D3 Hevert Tabletten (200 Stk.)\"}]},{\"@type\":\"WebSite\",\"@id\":\"https:\/\/lions-pharmacy.com\/de#website\",\"url\":\"https:\/\/lions-pharmacy.com\/de\",\"name\":\"Lions Pharmacy\",\"description\":\"Ihr Spezialist f\u00fcr Naturheilkunde aus Baden-Baden, Germany\",\"publisher\":{\"@id\":\"https:\/\/lions-pharmacy.com\/de#organization\"},\"alternateName\":\"Lion Pharmacy\",\"potentialAction\":[{\"@type\":\"SearchAction\",\"target\":{\"@type\":\"EntryPoint\",\"urlTemplate\":\"https:\/\/lions-pharmacy.com\/de?s={search_term_string}\"},\"query-input\":{\"@type\":\"PropertyValueSpecification\",\"valueRequired\":true,\"valueName\":\"search_term_string\"}}],\"inLanguage\":\"de\"},{\"@type\":\"Organization\",\"@id\":\"https:\/\/lions-pharmacy.com\/de#organization\",\"name\":\"Lions Pharmacy\",\"alternateName\":\"Lions Pharmacy24\",\"url\":\"https:\/\/lions-pharmacy.com\/de\",\"logo\":{\"@type\":\"ImageObject\",\"inLanguage\":\"de\",\"@id\":\"https:\/\/lions-pharmacy.com\/de#\/schema\/logo\/image\/\",\"url\":\"https:\/\/lions-pharmacy.com\/wp-content\/uploads\/2022\/12\/Logo-Lion-Pharmacy-c-o-Loewen-Apotheke-smal.jpg\",\"contentUrl\":\"https:\/\/lions-pharmacy.com\/wp-content\/uploads\/2022\/12\/Logo-Lion-Pharmacy-c-o-Loewen-Apotheke-smal.jpg\",\"width\":298,\"height\":99,\"caption\":\"Lions Pharmacy\"},\"image\":{\"@id\":\"https:\/\/lions-pharmacy.com\/de#\/schema\/logo\/image\/\"}}]}<\/script>\n<!-- \/ Yoast SEO plugin. -->","yoast_head_json":{"title":"Vitamin D3 Hevert Tabletten (200 Stk.) &#187; L\u00f6wen Apotheke &#187; Mehr erfahren","description":"Registrierte deutsche Online-Apotheke. Wir bieten: Schneller internationaler Versand. Produkt hergestellt von Hevert: Vitamin D3 Hevert Tabletten (200 Stk.)","robots":{"index":"index","follow":"follow","max-snippet":"max-snippet:-1","max-image-preview":"max-image-preview:large","max-video-preview":"max-video-preview:-1"},"canonical":"https:\/\/lions-pharmacy.com\/de\/produkt\/vitamin-d3-hevert-tablets-200-pcs-09887387","og_locale":"de_DE","og_type":"article","og_title":"Vitamin D3 Hevert Tabletten (200 Stk.) &#187; L\u00f6wen Apotheke &#187; Mehr erfahren","og_description":"Registrierte deutsche Online-Apotheke. Wir bieten: Schneller internationaler Versand. Produkt hergestellt von Hevert: Vitamin D3 Hevert Tabletten (200 Stk.)","og_url":"https:\/\/lions-pharmacy.com\/de\/produkt\/vitamin-d3-hevert-tablets-200-pcs-09887387","og_site_name":"L\u00f6wen Apotheke","article_modified_time":"2025-01-24T18:31:05+00:00","og_image":[{"width":600,"height":600,"url":"https:\/\/lions-pharmacy.com\/wp-content\/uploads\/2024\/12\/VITAMIN-D3-HEVERT-Tabletten-200-St-Loewen-Apotheke24.webp","type":"image\/webp"}],"twitter_card":"summary_large_image","twitter_misc":{"Gesch\u00e4tzte Lesezeit":"2\u00a0Minuten"},"schema":{"@context":"https:\/\/schema.org","@graph":[{"@type":"WebPage","@id":"https:\/\/lions-pharmacy.com\/de\/produkt\/vitamin-d3-hevert-tablets-200-pcs-09887387","url":"https:\/\/lions-pharmacy.com\/de\/produkt\/vitamin-d3-hevert-tablets-200-pcs-09887387","name":"Vitamin D3 Hevert Tabletten (200 Stk.) &#187; L\u00f6wen Apotheke &#187; Mehr erfahren","isPartOf":{"@id":"https:\/\/lions-pharmacy.com\/de#website"},"primaryImageOfPage":{"@id":"https:\/\/lions-pharmacy.com\/de\/produkt\/vitamin-d3-hevert-tablets-200-pcs-09887387#primaryimage"},"image":{"@id":"https:\/\/lions-pharmacy.com\/de\/produkt\/vitamin-d3-hevert-tablets-200-pcs-09887387#primaryimage"},"thumbnailUrl":"https:\/\/lions-pharmacy.com\/wp-content\/uploads\/2024\/12\/VITAMIN-D3-HEVERT-Tabletten-200-St-Loewen-Apotheke24.webp","datePublished":"2024-12-10T16:10:01+00:00","dateModified":"2025-01-24T18:31:05+00:00","description":"Registrierte deutsche Online-Apotheke. Wir bieten: Schneller internationaler Versand. Produkt hergestellt von Hevert: Vitamin D3 Hevert Tabletten (200 Stk.)","breadcrumb":{"@id":"https:\/\/lions-pharmacy.com\/de\/produkt\/vitamin-d3-hevert-tablets-200-pcs-09887387#breadcrumb"},"inLanguage":"de","potentialAction":[{"@type":"ReadAction","target":["https:\/\/lions-pharmacy.com\/de\/produkt\/vitamin-d3-hevert-tablets-200-pcs-09887387"]}]},{"@type":"ImageObject","inLanguage":"de","@id":"https:\/\/lions-pharmacy.com\/de\/produkt\/vitamin-d3-hevert-tablets-200-pcs-09887387#primaryimage","url":"https:\/\/lions-pharmacy.com\/wp-content\/uploads\/2024\/12\/VITAMIN-D3-HEVERT-Tabletten-200-St-Loewen-Apotheke24.webp","contentUrl":"https:\/\/lions-pharmacy.com\/wp-content\/uploads\/2024\/12\/VITAMIN-D3-HEVERT-Tabletten-200-St-Loewen-Apotheke24.webp","width":600,"height":600,"caption":"VITAMIN-D3-HEVERT-Tabletten-200-St-L\u00f6wen-Apotheke-PZN 09887387"},{"@type":"BreadcrumbList","@id":"https:\/\/lions-pharmacy.com\/de\/produkt\/vitamin-d3-hevert-tablets-200-pcs-09887387#breadcrumb","itemListElement":[{"@type":"ListItem","position":1,"name":"Home","item":"https:\/\/lions-pharmacy.com\/de\/homepage-lion-pharmacy"},{"@type":"ListItem","position":2,"name":"Shop","item":"https:\/\/lions-pharmacy.com\/de\/shop-2"},{"@type":"ListItem","position":3,"name":"Vitamin D3 Hevert Tabletten (200 Stk.)"}]},{"@type":"WebSite","@id":"https:\/\/lions-pharmacy.com\/de#website","url":"https:\/\/lions-pharmacy.com\/de","name":"Lions Pharmacy","description":"Ihr Spezialist f\u00fcr Naturheilkunde aus Baden-Baden, Germany","publisher":{"@id":"https:\/\/lions-pharmacy.com\/de#organization"},"alternateName":"Lion Pharmacy","potentialAction":[{"@type":"SearchAction","target":{"@type":"EntryPoint","urlTemplate":"https:\/\/lions-pharmacy.com\/de?s={search_term_string}"},"query-input":{"@type":"PropertyValueSpecification","valueRequired":true,"valueName":"search_term_string"}}],"inLanguage":"de"},{"@type":"Organization","@id":"https:\/\/lions-pharmacy.com\/de#organization","name":"Lions Pharmacy","alternateName":"Lions Pharmacy24","url":"https:\/\/lions-pharmacy.com\/de","logo":{"@type":"ImageObject","inLanguage":"de","@id":"https:\/\/lions-pharmacy.com\/de#\/schema\/logo\/image\/","url":"https:\/\/lions-pharmacy.com\/wp-content\/uploads\/2022\/12\/Logo-Lion-Pharmacy-c-o-Loewen-Apotheke-smal.jpg","contentUrl":"https:\/\/lions-pharmacy.com\/wp-content\/uploads\/2022\/12\/Logo-Lion-Pharmacy-c-o-Loewen-Apotheke-smal.jpg","width":298,"height":99,"caption":"Lions Pharmacy"},"image":{"@id":"https:\/\/lions-pharmacy.com\/de#\/schema\/logo\/image\/"}}]}},"_links":{"self":[{"href":"https:\/\/lions-pharmacy.com\/de\/wp-json\/wp\/v2\/product\/7334","targetHints":{"allow":["GET"]}}],"collection":[{"href":"https:\/\/lions-pharmacy.com\/de\/wp-json\/wp\/v2\/product"}],"about":[{"href":"https:\/\/lions-pharmacy.com\/de\/wp-json\/wp\/v2\/types\/product"}],"replies":[{"embeddable":true,"href":"https:\/\/lions-pharmacy.com\/de\/wp-json\/wp\/v2\/comments?post=7334"}],"wp:featuredmedia":[{"embeddable":true,"href":"https:\/\/lions-pharmacy.com\/de\/wp-json\/wp\/v2\/media\/7352"}],"wp:attachment":[{"href":"https:\/\/lions-pharmacy.com\/de\/wp-json\/wp\/v2\/media?parent=7334"}],"wp:term":[{"taxonomy":"product_brand","embeddable":true,"href":"https:\/\/lions-pharmacy.com\/de\/wp-json\/wp\/v2\/product_brand?post=7334"},{"taxonomy":"product_cat","embeddable":true,"href":"https:\/\/lions-pharmacy.com\/de\/wp-json\/wp\/v2\/product_cat?post=7334"},{"taxonomy":"product_tag","embeddable":true,"href":"https:\/\/lions-pharmacy.com\/de\/wp-json\/wp\/v2\/product_tag?post=7334"}],"curies":[{"name":"wp","href":"https:\/\/api.w.org\/{rel}","templated":true}]}}