{"id":6976,"date":"2024-11-28T12:20:15","date_gmt":"2024-11-28T11:20:15","guid":{"rendered":"https:\/\/lions-pharmacy.com\/?post_type=product&#038;p=6976"},"modified":"2025-01-25T18:53:39","modified_gmt":"2025-01-25T17:53:39","slug":"regena-ney-geront-plus-capsules-60-pcs-4260084038191","status":"publish","type":"product","link":"https:\/\/lions-pharmacy.com\/de\/produkt\/regena-ney-geront-plus-capsules-60-pcs-4260084038191","title":{"rendered":"Regena Ney Geront plus Kapseln 60 Stk."},"content":{"rendered":"<h2>Regena Ney Geront plus Kapseln<\/h2>\n<p>Regena Ney Geront Kapseln &#8211; Nahrungserg\u00e4nzungsmittel. Zur allgemeinen Verbesserung der Energiebilanz werden Vitamine f\u00fcr die Konzentration und geistige Leistungsf\u00e4higkeit eingesetzt. B6, B12, Vitamin C f\u00fcr die Funktion des Nervensystems und die Ged\u00e4chtnisleistung.<\/p>\n<p>Sie tragen zum Energiestoffwechsel, zur normalen Funktion des Immunsystems, zur normalen Bildung roter Blutk\u00f6rperchen und zur normalen psychischen Funktion bei.<\/p>\n<p>Wahre Sch\u00f6nheit kommt von innen, aber jeder m\u00f6chte seine Attraktivit\u00e4t auch nach au\u00dfen sichtbar zeigen k\u00f6nnen. Dies gelingt am besten mit biomolekularen Faktoren, die die Zellregeneration f\u00f6rdern. vitOrgan ist Spezialist f\u00fcr Forschung und Entwicklung, und seine &#8220;sch\u00f6ne Tochter&#8221; Regena Ney Cosmetic kann auf eine F\u00fclle von Ressourcen zur\u00fcckgreifen. Dabei soll vor allem die Nat\u00fcrlichkeit erhalten bleiben, weshalb bei der Entwicklung neuer Produkte ein besonderes Augenmerk auf die ausgew\u00e4hlten Inhaltsstoffe gelegt wird.<\/p>\n<p>Die in Regena Ney GERONT\u00ae plus enthaltenen Vitamine spielen eine Schl\u00fcsselrolle f\u00fcr die Konzentration und geistige Leistungsf\u00e4higkeit.<\/p>\n<p>Die Vitamine B6, B12 und Vitamin C sind wichtig f\u00fcr die Funktion des Nervensystems und unterst\u00fctzen die Ged\u00e4chtnisleistung. Sie tragen zu einem normalen Energiestoffwechsel, einer normalen Funktion des Immunsystems, einer normalen Bildung roter Blutk\u00f6rperchen und einer normalen psychischen Funktion bei. Sie helfen auch, M\u00fcdigkeit und Ersch\u00f6pfung zu reduzieren. Regena Ney GERONT\u00ae plus mit seinen vielen nat\u00fcrlichen Antioxidantien hilft dem K\u00f6rper, sich vor freien Radikalen zu sch\u00fctzen und Medikamente und andere Fremdstoffe abzubauen.<\/p>\n<p>Erfahren Sie mehr \u00fcber Manufactorer \u2013 Link zur Website: <a href=\"https:\/\/vitorgan.de\/en\/products\/\" target=\"_blank\" rel=\"noopener noreferrer\">vitOrgan.de<\/a><br \/>\nWeitere Produkte von vitOrgan finden Sie hier: <a href=\"https:\/\/lions-pharmacy.com\/product-category\/vitorgan\">vitOrgan<\/a><\/p>\n<p>Zu Risiken und Nebenwirkungen lesen Sie die Packungsbeilage und fragen Sie Ihren Arzt oder Apotheker.<\/p>\n","protected":false},"excerpt":{"rendered":"<h2>Regena Ney Geront plus Kapseln 60 Stk.<\/h2>\n<p>Zur allgemeinen Verbesserung der Energiebilanz werden Vitamine f\u00fcr die Konzentration und geistige Leistungsf\u00e4higkeit eingesetzt.<\/p>\n<p>&nbsp;<\/p>\n<p>PZN: 09542406 (Apotheken-Zentralnummer)<\/p>\n<p>Darreichungsform: Kapseln<\/p>\n<p>Verordnungsart: Rezeptfrei<\/p>\n<p>Marke: vitOrgan<\/p>\n<p>Hersteller: vitOrgan GmbH &amp; Co.KG, Ostfildern, Germany<\/p>\n<p>Packungsgr\u00f6\u00dfe: 60 Stk.<\/p>\n","protected":false},"featured_media":6979,"comment_status":"closed","ping_status":"closed","template":"","meta":[],"product_brand":[],"product_cat":[367,368,371],"product_tag":[381,426],"class_list":{"0":"post-6976","1":"product","2":"type-product","3":"status-publish","4":"has-post-thumbnail","6":"product_cat-sale-de","7":"product_cat-shop-de","8":"product_cat-vitorgan-de","9":"product_tag-homoopathie","10":"product_tag-neydil-de","11":"ts_product_brand-alle","12":"ts_product_brand-vitorgan-de","14":"first","15":"instock","16":"sale","17":"taxable","18":"shipping-taxable","19":"purchasable","20":"product-type-simple"},"yoast_head":"<!-- This site is optimized with the Yoast SEO plugin v26.5 - https:\/\/yoast.com\/wordpress\/plugins\/seo\/ -->\n<title>Regena Ney Geront plus Kapseln 60 Stk. &#187; L\u00f6wen Apotheke - Bestelle es hier<\/title>\n<meta name=\"description\" content=\"Registrierte deutsche Online-Apotheke | Schneller internationaler Versand | Produkt hergestellt von vitOrgan: Regena Ney Geront plus Kapseln 60 Stk.\" \/>\n<meta name=\"robots\" content=\"index, follow, max-snippet:-1, max-image-preview:large, max-video-preview:-1\" \/>\n<link rel=\"canonical\" href=\"https:\/\/lions-pharmacy.com\/de\/produkt\/regena-ney-geront-plus-capsules-60-pcs-4260084038191\" \/>\n<meta property=\"og:locale\" content=\"de_DE\" \/>\n<meta property=\"og:type\" content=\"article\" \/>\n<meta property=\"og:title\" content=\"Regena Ney Geront plus Kapseln 60 Stk. &#187; L\u00f6wen Apotheke - Bestelle es hier\" \/>\n<meta property=\"og:description\" content=\"Registrierte deutsche Online-Apotheke | Schneller internationaler Versand | Produkt hergestellt von vitOrgan: Regena Ney Geront plus Kapseln 60 Stk.\" \/>\n<meta property=\"og:url\" content=\"https:\/\/lions-pharmacy.com\/de\/produkt\/regena-ney-geront-plus-capsules-60-pcs-4260084038191\" \/>\n<meta property=\"og:site_name\" content=\"L\u00f6wen Apotheke\" \/>\n<meta property=\"article:modified_time\" content=\"2025-01-25T17:53:39+00:00\" \/>\n<meta property=\"og:image\" content=\"https:\/\/lions-pharmacy.com\/wp-content\/uploads\/2024\/11\/Regena-Ney-Geront-Plus-Vitorgan-PZN-09542406-Lowenapotheke24.webp\" \/>\n\t<meta property=\"og:image:width\" content=\"600\" \/>\n\t<meta property=\"og:image:height\" content=\"600\" \/>\n\t<meta property=\"og:image:type\" content=\"image\/webp\" \/>\n<meta name=\"twitter:card\" content=\"summary_large_image\" \/>\n<meta name=\"twitter:label1\" content=\"Gesch\u00e4tzte Lesezeit\" \/>\n\t<meta name=\"twitter:data1\" content=\"1\u00a0Minute\" \/>\n<script type=\"application\/ld+json\" class=\"yoast-schema-graph\">{\"@context\":\"https:\/\/schema.org\",\"@graph\":[{\"@type\":\"WebPage\",\"@id\":\"https:\/\/lions-pharmacy.com\/de\/produkt\/regena-ney-geront-plus-capsules-60-pcs-4260084038191\",\"url\":\"https:\/\/lions-pharmacy.com\/de\/produkt\/regena-ney-geront-plus-capsules-60-pcs-4260084038191\",\"name\":\"Regena Ney Geront plus Kapseln 60 Stk. &#187; L\u00f6wen Apotheke - Bestelle es hier\",\"isPartOf\":{\"@id\":\"https:\/\/lions-pharmacy.com\/de#website\"},\"primaryImageOfPage\":{\"@id\":\"https:\/\/lions-pharmacy.com\/de\/produkt\/regena-ney-geront-plus-capsules-60-pcs-4260084038191#primaryimage\"},\"image\":{\"@id\":\"https:\/\/lions-pharmacy.com\/de\/produkt\/regena-ney-geront-plus-capsules-60-pcs-4260084038191#primaryimage\"},\"thumbnailUrl\":\"https:\/\/lions-pharmacy.com\/wp-content\/uploads\/2024\/11\/Regena-Ney-Geront-Plus-Vitorgan-PZN-09542406-Lowenapotheke24.webp\",\"datePublished\":\"2024-11-28T11:20:15+00:00\",\"dateModified\":\"2025-01-25T17:53:39+00:00\",\"description\":\"Registrierte deutsche Online-Apotheke | Schneller internationaler Versand | Produkt hergestellt von vitOrgan: Regena Ney Geront plus Kapseln 60 Stk.\",\"breadcrumb\":{\"@id\":\"https:\/\/lions-pharmacy.com\/de\/produkt\/regena-ney-geront-plus-capsules-60-pcs-4260084038191#breadcrumb\"},\"inLanguage\":\"de\",\"potentialAction\":[{\"@type\":\"ReadAction\",\"target\":[\"https:\/\/lions-pharmacy.com\/de\/produkt\/regena-ney-geront-plus-capsules-60-pcs-4260084038191\"]}]},{\"@type\":\"ImageObject\",\"inLanguage\":\"de\",\"@id\":\"https:\/\/lions-pharmacy.com\/de\/produkt\/regena-ney-geront-plus-capsules-60-pcs-4260084038191#primaryimage\",\"url\":\"https:\/\/lions-pharmacy.com\/wp-content\/uploads\/2024\/11\/Regena-Ney-Geront-Plus-Vitorgan-PZN-09542406-Lowenapotheke24.webp\",\"contentUrl\":\"https:\/\/lions-pharmacy.com\/wp-content\/uploads\/2024\/11\/Regena-Ney-Geront-Plus-Vitorgan-PZN-09542406-Lowenapotheke24.webp\",\"width\":600,\"height\":600,\"caption\":\"Regena Ney Geront Plus-Vitorgan-PZN 09542406-Lions Apotheke\"},{\"@type\":\"BreadcrumbList\",\"@id\":\"https:\/\/lions-pharmacy.com\/de\/produkt\/regena-ney-geront-plus-capsules-60-pcs-4260084038191#breadcrumb\",\"itemListElement\":[{\"@type\":\"ListItem\",\"position\":1,\"name\":\"Home\",\"item\":\"https:\/\/lions-pharmacy.com\/de\/homepage-lion-pharmacy\"},{\"@type\":\"ListItem\",\"position\":2,\"name\":\"Shop\",\"item\":\"https:\/\/lions-pharmacy.com\/de\/shop-2\"},{\"@type\":\"ListItem\",\"position\":3,\"name\":\"Regena Ney Geront plus Kapseln 60 Stk.\"}]},{\"@type\":\"WebSite\",\"@id\":\"https:\/\/lions-pharmacy.com\/de#website\",\"url\":\"https:\/\/lions-pharmacy.com\/de\",\"name\":\"Lions Pharmacy\",\"description\":\"Ihr Spezialist f\u00fcr Naturheilkunde aus Baden-Baden, Germany\",\"publisher\":{\"@id\":\"https:\/\/lions-pharmacy.com\/de#organization\"},\"alternateName\":\"Lion Pharmacy\",\"potentialAction\":[{\"@type\":\"SearchAction\",\"target\":{\"@type\":\"EntryPoint\",\"urlTemplate\":\"https:\/\/lions-pharmacy.com\/de?s={search_term_string}\"},\"query-input\":{\"@type\":\"PropertyValueSpecification\",\"valueRequired\":true,\"valueName\":\"search_term_string\"}}],\"inLanguage\":\"de\"},{\"@type\":\"Organization\",\"@id\":\"https:\/\/lions-pharmacy.com\/de#organization\",\"name\":\"Lions Pharmacy\",\"alternateName\":\"Lions Pharmacy24\",\"url\":\"https:\/\/lions-pharmacy.com\/de\",\"logo\":{\"@type\":\"ImageObject\",\"inLanguage\":\"de\",\"@id\":\"https:\/\/lions-pharmacy.com\/de#\/schema\/logo\/image\/\",\"url\":\"https:\/\/lions-pharmacy.com\/wp-content\/uploads\/2022\/12\/Logo-Lion-Pharmacy-c-o-Loewen-Apotheke-smal.jpg\",\"contentUrl\":\"https:\/\/lions-pharmacy.com\/wp-content\/uploads\/2022\/12\/Logo-Lion-Pharmacy-c-o-Loewen-Apotheke-smal.jpg\",\"width\":298,\"height\":99,\"caption\":\"Lions Pharmacy\"},\"image\":{\"@id\":\"https:\/\/lions-pharmacy.com\/de#\/schema\/logo\/image\/\"}}]}<\/script>\n<!-- \/ Yoast SEO plugin. -->","yoast_head_json":{"title":"Regena Ney Geront plus Kapseln 60 Stk. &#187; L\u00f6wen Apotheke - Bestelle es hier","description":"Registrierte deutsche Online-Apotheke | Schneller internationaler Versand | Produkt hergestellt von vitOrgan: Regena Ney Geront plus Kapseln 60 Stk.","robots":{"index":"index","follow":"follow","max-snippet":"max-snippet:-1","max-image-preview":"max-image-preview:large","max-video-preview":"max-video-preview:-1"},"canonical":"https:\/\/lions-pharmacy.com\/de\/produkt\/regena-ney-geront-plus-capsules-60-pcs-4260084038191","og_locale":"de_DE","og_type":"article","og_title":"Regena Ney Geront plus Kapseln 60 Stk. &#187; L\u00f6wen Apotheke - Bestelle es hier","og_description":"Registrierte deutsche Online-Apotheke | Schneller internationaler Versand | Produkt hergestellt von vitOrgan: Regena Ney Geront plus Kapseln 60 Stk.","og_url":"https:\/\/lions-pharmacy.com\/de\/produkt\/regena-ney-geront-plus-capsules-60-pcs-4260084038191","og_site_name":"L\u00f6wen Apotheke","article_modified_time":"2025-01-25T17:53:39+00:00","og_image":[{"width":600,"height":600,"url":"https:\/\/lions-pharmacy.com\/wp-content\/uploads\/2024\/11\/Regena-Ney-Geront-Plus-Vitorgan-PZN-09542406-Lowenapotheke24.webp","type":"image\/webp"}],"twitter_card":"summary_large_image","twitter_misc":{"Gesch\u00e4tzte Lesezeit":"1\u00a0Minute"},"schema":{"@context":"https:\/\/schema.org","@graph":[{"@type":"WebPage","@id":"https:\/\/lions-pharmacy.com\/de\/produkt\/regena-ney-geront-plus-capsules-60-pcs-4260084038191","url":"https:\/\/lions-pharmacy.com\/de\/produkt\/regena-ney-geront-plus-capsules-60-pcs-4260084038191","name":"Regena Ney Geront plus Kapseln 60 Stk. &#187; L\u00f6wen Apotheke - Bestelle es hier","isPartOf":{"@id":"https:\/\/lions-pharmacy.com\/de#website"},"primaryImageOfPage":{"@id":"https:\/\/lions-pharmacy.com\/de\/produkt\/regena-ney-geront-plus-capsules-60-pcs-4260084038191#primaryimage"},"image":{"@id":"https:\/\/lions-pharmacy.com\/de\/produkt\/regena-ney-geront-plus-capsules-60-pcs-4260084038191#primaryimage"},"thumbnailUrl":"https:\/\/lions-pharmacy.com\/wp-content\/uploads\/2024\/11\/Regena-Ney-Geront-Plus-Vitorgan-PZN-09542406-Lowenapotheke24.webp","datePublished":"2024-11-28T11:20:15+00:00","dateModified":"2025-01-25T17:53:39+00:00","description":"Registrierte deutsche Online-Apotheke | Schneller internationaler Versand | Produkt hergestellt von vitOrgan: Regena Ney Geront plus Kapseln 60 Stk.","breadcrumb":{"@id":"https:\/\/lions-pharmacy.com\/de\/produkt\/regena-ney-geront-plus-capsules-60-pcs-4260084038191#breadcrumb"},"inLanguage":"de","potentialAction":[{"@type":"ReadAction","target":["https:\/\/lions-pharmacy.com\/de\/produkt\/regena-ney-geront-plus-capsules-60-pcs-4260084038191"]}]},{"@type":"ImageObject","inLanguage":"de","@id":"https:\/\/lions-pharmacy.com\/de\/produkt\/regena-ney-geront-plus-capsules-60-pcs-4260084038191#primaryimage","url":"https:\/\/lions-pharmacy.com\/wp-content\/uploads\/2024\/11\/Regena-Ney-Geront-Plus-Vitorgan-PZN-09542406-Lowenapotheke24.webp","contentUrl":"https:\/\/lions-pharmacy.com\/wp-content\/uploads\/2024\/11\/Regena-Ney-Geront-Plus-Vitorgan-PZN-09542406-Lowenapotheke24.webp","width":600,"height":600,"caption":"Regena Ney Geront Plus-Vitorgan-PZN 09542406-Lions Apotheke"},{"@type":"BreadcrumbList","@id":"https:\/\/lions-pharmacy.com\/de\/produkt\/regena-ney-geront-plus-capsules-60-pcs-4260084038191#breadcrumb","itemListElement":[{"@type":"ListItem","position":1,"name":"Home","item":"https:\/\/lions-pharmacy.com\/de\/homepage-lion-pharmacy"},{"@type":"ListItem","position":2,"name":"Shop","item":"https:\/\/lions-pharmacy.com\/de\/shop-2"},{"@type":"ListItem","position":3,"name":"Regena Ney Geront plus Kapseln 60 Stk."}]},{"@type":"WebSite","@id":"https:\/\/lions-pharmacy.com\/de#website","url":"https:\/\/lions-pharmacy.com\/de","name":"Lions Pharmacy","description":"Ihr Spezialist f\u00fcr Naturheilkunde aus Baden-Baden, Germany","publisher":{"@id":"https:\/\/lions-pharmacy.com\/de#organization"},"alternateName":"Lion Pharmacy","potentialAction":[{"@type":"SearchAction","target":{"@type":"EntryPoint","urlTemplate":"https:\/\/lions-pharmacy.com\/de?s={search_term_string}"},"query-input":{"@type":"PropertyValueSpecification","valueRequired":true,"valueName":"search_term_string"}}],"inLanguage":"de"},{"@type":"Organization","@id":"https:\/\/lions-pharmacy.com\/de#organization","name":"Lions Pharmacy","alternateName":"Lions Pharmacy24","url":"https:\/\/lions-pharmacy.com\/de","logo":{"@type":"ImageObject","inLanguage":"de","@id":"https:\/\/lions-pharmacy.com\/de#\/schema\/logo\/image\/","url":"https:\/\/lions-pharmacy.com\/wp-content\/uploads\/2022\/12\/Logo-Lion-Pharmacy-c-o-Loewen-Apotheke-smal.jpg","contentUrl":"https:\/\/lions-pharmacy.com\/wp-content\/uploads\/2022\/12\/Logo-Lion-Pharmacy-c-o-Loewen-Apotheke-smal.jpg","width":298,"height":99,"caption":"Lions Pharmacy"},"image":{"@id":"https:\/\/lions-pharmacy.com\/de#\/schema\/logo\/image\/"}}]}},"_links":{"self":[{"href":"https:\/\/lions-pharmacy.com\/de\/wp-json\/wp\/v2\/product\/6976","targetHints":{"allow":["GET"]}}],"collection":[{"href":"https:\/\/lions-pharmacy.com\/de\/wp-json\/wp\/v2\/product"}],"about":[{"href":"https:\/\/lions-pharmacy.com\/de\/wp-json\/wp\/v2\/types\/product"}],"replies":[{"embeddable":true,"href":"https:\/\/lions-pharmacy.com\/de\/wp-json\/wp\/v2\/comments?post=6976"}],"wp:featuredmedia":[{"embeddable":true,"href":"https:\/\/lions-pharmacy.com\/de\/wp-json\/wp\/v2\/media\/6979"}],"wp:attachment":[{"href":"https:\/\/lions-pharmacy.com\/de\/wp-json\/wp\/v2\/media?parent=6976"}],"wp:term":[{"taxonomy":"product_brand","embeddable":true,"href":"https:\/\/lions-pharmacy.com\/de\/wp-json\/wp\/v2\/product_brand?post=6976"},{"taxonomy":"product_cat","embeddable":true,"href":"https:\/\/lions-pharmacy.com\/de\/wp-json\/wp\/v2\/product_cat?post=6976"},{"taxonomy":"product_tag","embeddable":true,"href":"https:\/\/lions-pharmacy.com\/de\/wp-json\/wp\/v2\/product_tag?post=6976"}],"curies":[{"name":"wp","href":"https:\/\/api.w.org\/{rel}","templated":true}]}}