{"id":6830,"date":"2024-11-27T17:23:32","date_gmt":"2024-11-27T16:23:32","guid":{"rendered":"https:\/\/lions-pharmacy.com\/?post_type=product&#038;p=6830"},"modified":"2025-01-25T20:29:18","modified_gmt":"2025-01-25T19:29:18","slug":"neydin-m-cosmetic-skin-ointment-50ml-06925822","status":"publish","type":"product","link":"https:\/\/lions-pharmacy.com\/de\/produkt\/neydin-m-cosmetic-skin-ointment-50ml-06925822","title":{"rendered":"Neydin M kosmetische Hautsalbe 50ml"},"content":{"rendered":"<h3>Neydin M kosmetische Hautsalbe<\/h3>\n<p>Intensivpflege f\u00fcr rissige Haut Neydin M kosmetische Hautsalbe.<\/p>\n<p>NeyDin M \u2013 Salbe f\u00fcr die Haut. Zellextrakte aus der m\u00fctterlichen Plazenta und den Hoden lindern Ekzeme, allergische und entz\u00fcndliche Hauterkrankungen, lindern geschwollene und verh\u00e4rtete Haut. Dermatologische Wirkstoffpflege aus der Natur. Regena Ney hat diese einzigartige Hautpflege speziell f\u00fcr empfindliche, trockene bis sehr trockene und zu Allergien neigende Haut entwickelt.<\/p>\n<p>100% nat\u00fcrliche Hautpflege f\u00fcr ganz spezifische Hautbed\u00fcrfnisse.<\/p>\n<p>B-Vitamine mobilisieren den k\u00f6rpereigenen Energiestoffwechsel der Haut und des Bindegewebes, besonders wichtig bei entz\u00fcndeter Haut. Meersalz enth\u00e4lt wichtige Mineralien und regeneriert gereizte Haut.<\/p>\n<p>Packungsbeilage\/Gebrauchsanweisung\/Artikeldatenblatt: Neydin M cosmetic (PDF-Reader)<br \/>\nWeitere Produkte f\u00fcr diese Anwendung: <a href=\"https:\/\/lions-pharmacy.com\/produkt-kategorie\/vitorgan\">vitOrgan<\/a><br \/>\nErfahren Sie mehr \u00fcber den Hersteller und dieses Produkt: <a href=\"https:\/\/vitorgan.de\/en\/products\/\" target=\"_blank\" rel=\"noopener\">vitOrgan<\/a> (Link zu externer Website)<\/p>\n<p>Informationen auf dieser Website werden ausschlie\u00dflich f\u00fcr informative Zwecke zur Verf\u00fcgung gestellt. Sie ersetzen keinesfalls die Untersuchung und Behandlung durch einen Arzt. Bitte beachten Sie, dass hierdurch weder Diagnosen gestellt noch Therapien eingeleitet werden k\u00f6nnen.<\/p>\n<p>Zu Risiken und Nebenwirkungen lesen Sie die Packungsbeilage und fragen Sie Ihren Arzt oder Apotheker.<\/p>\n","protected":false},"excerpt":{"rendered":"<h2>Neydin M kosmetische Hautsalbe 50ml<\/h2>\n<p>100% nat\u00fcrliche Hautpflege f\u00fcr ganz spezifische Hautbed\u00fcrfnisse.<\/p>\n<p>&nbsp;<\/p>\n<p>PZN: 06925822<\/p>\n<p>Darreichungsform: Creme<\/p>\n<p>Verordnungsart: Rezeptfrei<\/p>\n<p>Marke: Regena Ney<\/p>\n<p>Hersteller: vitOrgan GmbH &amp; Co.KG, Ostfildern, Germany<\/p>\n<p>Packungsgr\u00f6\u00dfe: 50 ml<\/p>\n","protected":false},"featured_media":6833,"comment_status":"closed","ping_status":"closed","template":"","meta":[],"product_brand":[],"product_cat":[367,368,371],"product_tag":[434,433,381,472,426,474,429,432],"class_list":{"0":"post-6830","1":"product","2":"type-product","3":"status-publish","4":"has-post-thumbnail","6":"product_cat-sale-de","7":"product_cat-shop-de","8":"product_cat-vitorgan-de","9":"product_tag-gewicht-und-fitness","10":"product_tag-gewichtsmanagement","11":"product_tag-homoopathie","12":"product_tag-naturliche-heilmittel","13":"product_tag-neydil-de","14":"product_tag-pflanzlicher-wirkstoff","15":"product_tag-vitamine-und-nahrungserganzungsmittel","16":"product_tag-wellness-de","17":"ts_product_brand-alle","18":"ts_product_brand-vitorgan-de","20":"first","21":"instock","22":"sale","23":"taxable","24":"shipping-taxable","25":"purchasable","26":"product-type-simple"},"yoast_head":"<!-- This site is optimized with the Yoast SEO plugin v26.5 - https:\/\/yoast.com\/wordpress\/plugins\/seo\/ -->\n<title>Neydin M kosmetische Hautsalbe 50ml &#187; L\u00f6wen Apotheke - Bestelle es hier<\/title>\n<meta name=\"description\" content=\"Registrierte deutsche Online-Apotheke | Schneller internationaler Versand | Produkt hergestellt von vitOrgan: Neydin M kosmetische Hautsalbe 50ml\" \/>\n<meta name=\"robots\" content=\"index, follow, max-snippet:-1, max-image-preview:large, max-video-preview:-1\" \/>\n<link rel=\"canonical\" href=\"https:\/\/lions-pharmacy.com\/de\/produkt\/neydin-m-cosmetic-skin-ointment-50ml-06925822\" \/>\n<meta property=\"og:locale\" content=\"de_DE\" \/>\n<meta property=\"og:type\" content=\"article\" \/>\n<meta property=\"og:title\" content=\"Neydin M kosmetische Hautsalbe 50ml &#187; L\u00f6wen Apotheke - Bestelle es hier\" \/>\n<meta property=\"og:description\" content=\"Registrierte deutsche Online-Apotheke | Schneller internationaler Versand | Produkt hergestellt von vitOrgan: Neydin M kosmetische Hautsalbe 50ml\" \/>\n<meta property=\"og:url\" content=\"https:\/\/lions-pharmacy.com\/de\/produkt\/neydin-m-cosmetic-skin-ointment-50ml-06925822\" \/>\n<meta property=\"og:site_name\" content=\"L\u00f6wen Apotheke\" \/>\n<meta property=\"article:modified_time\" content=\"2025-01-25T19:29:18+00:00\" \/>\n<meta property=\"og:image\" content=\"https:\/\/lions-pharmacy.com\/wp-content\/uploads\/2024\/11\/Neydin-M-Vitorgan-PZN-6925822-Lowenapotheke24.webp\" \/>\n\t<meta property=\"og:image:width\" content=\"600\" \/>\n\t<meta property=\"og:image:height\" content=\"600\" \/>\n\t<meta property=\"og:image:type\" content=\"image\/webp\" \/>\n<meta name=\"twitter:card\" content=\"summary_large_image\" \/>\n<meta name=\"twitter:label1\" content=\"Gesch\u00e4tzte Lesezeit\" \/>\n\t<meta name=\"twitter:data1\" content=\"1\u00a0Minute\" \/>\n<script type=\"application\/ld+json\" class=\"yoast-schema-graph\">{\"@context\":\"https:\/\/schema.org\",\"@graph\":[{\"@type\":\"WebPage\",\"@id\":\"https:\/\/lions-pharmacy.com\/de\/produkt\/neydin-m-cosmetic-skin-ointment-50ml-06925822\",\"url\":\"https:\/\/lions-pharmacy.com\/de\/produkt\/neydin-m-cosmetic-skin-ointment-50ml-06925822\",\"name\":\"Neydin M kosmetische Hautsalbe 50ml &#187; L\u00f6wen Apotheke - Bestelle es hier\",\"isPartOf\":{\"@id\":\"https:\/\/lions-pharmacy.com\/de#website\"},\"primaryImageOfPage\":{\"@id\":\"https:\/\/lions-pharmacy.com\/de\/produkt\/neydin-m-cosmetic-skin-ointment-50ml-06925822#primaryimage\"},\"image\":{\"@id\":\"https:\/\/lions-pharmacy.com\/de\/produkt\/neydin-m-cosmetic-skin-ointment-50ml-06925822#primaryimage\"},\"thumbnailUrl\":\"https:\/\/lions-pharmacy.com\/wp-content\/uploads\/2024\/11\/Neydin-M-Vitorgan-PZN-6925822-Lowenapotheke24.webp\",\"datePublished\":\"2024-11-27T16:23:32+00:00\",\"dateModified\":\"2025-01-25T19:29:18+00:00\",\"description\":\"Registrierte deutsche Online-Apotheke | Schneller internationaler Versand | Produkt hergestellt von vitOrgan: Neydin M kosmetische Hautsalbe 50ml\",\"breadcrumb\":{\"@id\":\"https:\/\/lions-pharmacy.com\/de\/produkt\/neydin-m-cosmetic-skin-ointment-50ml-06925822#breadcrumb\"},\"inLanguage\":\"de\",\"potentialAction\":[{\"@type\":\"ReadAction\",\"target\":[\"https:\/\/lions-pharmacy.com\/de\/produkt\/neydin-m-cosmetic-skin-ointment-50ml-06925822\"]}]},{\"@type\":\"ImageObject\",\"inLanguage\":\"de\",\"@id\":\"https:\/\/lions-pharmacy.com\/de\/produkt\/neydin-m-cosmetic-skin-ointment-50ml-06925822#primaryimage\",\"url\":\"https:\/\/lions-pharmacy.com\/wp-content\/uploads\/2024\/11\/Neydin-M-Vitorgan-PZN-6925822-Lowenapotheke24.webp\",\"contentUrl\":\"https:\/\/lions-pharmacy.com\/wp-content\/uploads\/2024\/11\/Neydin-M-Vitorgan-PZN-6925822-Lowenapotheke24.webp\",\"width\":600,\"height\":600,\"caption\":\"Das Bild zeigt die kosmetische Hautsalbe Neydin M. Vitorgan. PZN 06925822. L\u00f6wen Apotheke - Lions Pharmacy\"},{\"@type\":\"BreadcrumbList\",\"@id\":\"https:\/\/lions-pharmacy.com\/de\/produkt\/neydin-m-cosmetic-skin-ointment-50ml-06925822#breadcrumb\",\"itemListElement\":[{\"@type\":\"ListItem\",\"position\":1,\"name\":\"Home\",\"item\":\"https:\/\/lions-pharmacy.com\/de\/homepage-lion-pharmacy\"},{\"@type\":\"ListItem\",\"position\":2,\"name\":\"Shop\",\"item\":\"https:\/\/lions-pharmacy.com\/de\/shop-2\"},{\"@type\":\"ListItem\",\"position\":3,\"name\":\"Neydin M kosmetische Hautsalbe 50ml\"}]},{\"@type\":\"WebSite\",\"@id\":\"https:\/\/lions-pharmacy.com\/de#website\",\"url\":\"https:\/\/lions-pharmacy.com\/de\",\"name\":\"Lions Pharmacy\",\"description\":\"Ihr Spezialist f\u00fcr Naturheilkunde aus Baden-Baden, Germany\",\"publisher\":{\"@id\":\"https:\/\/lions-pharmacy.com\/de#organization\"},\"alternateName\":\"Lion Pharmacy\",\"potentialAction\":[{\"@type\":\"SearchAction\",\"target\":{\"@type\":\"EntryPoint\",\"urlTemplate\":\"https:\/\/lions-pharmacy.com\/de?s={search_term_string}\"},\"query-input\":{\"@type\":\"PropertyValueSpecification\",\"valueRequired\":true,\"valueName\":\"search_term_string\"}}],\"inLanguage\":\"de\"},{\"@type\":\"Organization\",\"@id\":\"https:\/\/lions-pharmacy.com\/de#organization\",\"name\":\"Lions Pharmacy\",\"alternateName\":\"Lions Pharmacy24\",\"url\":\"https:\/\/lions-pharmacy.com\/de\",\"logo\":{\"@type\":\"ImageObject\",\"inLanguage\":\"de\",\"@id\":\"https:\/\/lions-pharmacy.com\/de#\/schema\/logo\/image\/\",\"url\":\"https:\/\/lions-pharmacy.com\/wp-content\/uploads\/2022\/12\/Logo-Lion-Pharmacy-c-o-Loewen-Apotheke-smal.jpg\",\"contentUrl\":\"https:\/\/lions-pharmacy.com\/wp-content\/uploads\/2022\/12\/Logo-Lion-Pharmacy-c-o-Loewen-Apotheke-smal.jpg\",\"width\":298,\"height\":99,\"caption\":\"Lions Pharmacy\"},\"image\":{\"@id\":\"https:\/\/lions-pharmacy.com\/de#\/schema\/logo\/image\/\"}}]}<\/script>\n<!-- \/ Yoast SEO plugin. -->","yoast_head_json":{"title":"Neydin M kosmetische Hautsalbe 50ml &#187; L\u00f6wen Apotheke - Bestelle es hier","description":"Registrierte deutsche Online-Apotheke | Schneller internationaler Versand | Produkt hergestellt von vitOrgan: Neydin M kosmetische Hautsalbe 50ml","robots":{"index":"index","follow":"follow","max-snippet":"max-snippet:-1","max-image-preview":"max-image-preview:large","max-video-preview":"max-video-preview:-1"},"canonical":"https:\/\/lions-pharmacy.com\/de\/produkt\/neydin-m-cosmetic-skin-ointment-50ml-06925822","og_locale":"de_DE","og_type":"article","og_title":"Neydin M kosmetische Hautsalbe 50ml &#187; L\u00f6wen Apotheke - Bestelle es hier","og_description":"Registrierte deutsche Online-Apotheke | Schneller internationaler Versand | Produkt hergestellt von vitOrgan: Neydin M kosmetische Hautsalbe 50ml","og_url":"https:\/\/lions-pharmacy.com\/de\/produkt\/neydin-m-cosmetic-skin-ointment-50ml-06925822","og_site_name":"L\u00f6wen Apotheke","article_modified_time":"2025-01-25T19:29:18+00:00","og_image":[{"width":600,"height":600,"url":"https:\/\/lions-pharmacy.com\/wp-content\/uploads\/2024\/11\/Neydin-M-Vitorgan-PZN-6925822-Lowenapotheke24.webp","type":"image\/webp"}],"twitter_card":"summary_large_image","twitter_misc":{"Gesch\u00e4tzte Lesezeit":"1\u00a0Minute"},"schema":{"@context":"https:\/\/schema.org","@graph":[{"@type":"WebPage","@id":"https:\/\/lions-pharmacy.com\/de\/produkt\/neydin-m-cosmetic-skin-ointment-50ml-06925822","url":"https:\/\/lions-pharmacy.com\/de\/produkt\/neydin-m-cosmetic-skin-ointment-50ml-06925822","name":"Neydin M kosmetische Hautsalbe 50ml &#187; L\u00f6wen Apotheke - Bestelle es hier","isPartOf":{"@id":"https:\/\/lions-pharmacy.com\/de#website"},"primaryImageOfPage":{"@id":"https:\/\/lions-pharmacy.com\/de\/produkt\/neydin-m-cosmetic-skin-ointment-50ml-06925822#primaryimage"},"image":{"@id":"https:\/\/lions-pharmacy.com\/de\/produkt\/neydin-m-cosmetic-skin-ointment-50ml-06925822#primaryimage"},"thumbnailUrl":"https:\/\/lions-pharmacy.com\/wp-content\/uploads\/2024\/11\/Neydin-M-Vitorgan-PZN-6925822-Lowenapotheke24.webp","datePublished":"2024-11-27T16:23:32+00:00","dateModified":"2025-01-25T19:29:18+00:00","description":"Registrierte deutsche Online-Apotheke | Schneller internationaler Versand | Produkt hergestellt von vitOrgan: Neydin M kosmetische Hautsalbe 50ml","breadcrumb":{"@id":"https:\/\/lions-pharmacy.com\/de\/produkt\/neydin-m-cosmetic-skin-ointment-50ml-06925822#breadcrumb"},"inLanguage":"de","potentialAction":[{"@type":"ReadAction","target":["https:\/\/lions-pharmacy.com\/de\/produkt\/neydin-m-cosmetic-skin-ointment-50ml-06925822"]}]},{"@type":"ImageObject","inLanguage":"de","@id":"https:\/\/lions-pharmacy.com\/de\/produkt\/neydin-m-cosmetic-skin-ointment-50ml-06925822#primaryimage","url":"https:\/\/lions-pharmacy.com\/wp-content\/uploads\/2024\/11\/Neydin-M-Vitorgan-PZN-6925822-Lowenapotheke24.webp","contentUrl":"https:\/\/lions-pharmacy.com\/wp-content\/uploads\/2024\/11\/Neydin-M-Vitorgan-PZN-6925822-Lowenapotheke24.webp","width":600,"height":600,"caption":"Das Bild zeigt die kosmetische Hautsalbe Neydin M. Vitorgan. PZN 06925822. L\u00f6wen Apotheke - Lions Pharmacy"},{"@type":"BreadcrumbList","@id":"https:\/\/lions-pharmacy.com\/de\/produkt\/neydin-m-cosmetic-skin-ointment-50ml-06925822#breadcrumb","itemListElement":[{"@type":"ListItem","position":1,"name":"Home","item":"https:\/\/lions-pharmacy.com\/de\/homepage-lion-pharmacy"},{"@type":"ListItem","position":2,"name":"Shop","item":"https:\/\/lions-pharmacy.com\/de\/shop-2"},{"@type":"ListItem","position":3,"name":"Neydin M kosmetische Hautsalbe 50ml"}]},{"@type":"WebSite","@id":"https:\/\/lions-pharmacy.com\/de#website","url":"https:\/\/lions-pharmacy.com\/de","name":"Lions Pharmacy","description":"Ihr Spezialist f\u00fcr Naturheilkunde aus Baden-Baden, Germany","publisher":{"@id":"https:\/\/lions-pharmacy.com\/de#organization"},"alternateName":"Lion Pharmacy","potentialAction":[{"@type":"SearchAction","target":{"@type":"EntryPoint","urlTemplate":"https:\/\/lions-pharmacy.com\/de?s={search_term_string}"},"query-input":{"@type":"PropertyValueSpecification","valueRequired":true,"valueName":"search_term_string"}}],"inLanguage":"de"},{"@type":"Organization","@id":"https:\/\/lions-pharmacy.com\/de#organization","name":"Lions Pharmacy","alternateName":"Lions Pharmacy24","url":"https:\/\/lions-pharmacy.com\/de","logo":{"@type":"ImageObject","inLanguage":"de","@id":"https:\/\/lions-pharmacy.com\/de#\/schema\/logo\/image\/","url":"https:\/\/lions-pharmacy.com\/wp-content\/uploads\/2022\/12\/Logo-Lion-Pharmacy-c-o-Loewen-Apotheke-smal.jpg","contentUrl":"https:\/\/lions-pharmacy.com\/wp-content\/uploads\/2022\/12\/Logo-Lion-Pharmacy-c-o-Loewen-Apotheke-smal.jpg","width":298,"height":99,"caption":"Lions Pharmacy"},"image":{"@id":"https:\/\/lions-pharmacy.com\/de#\/schema\/logo\/image\/"}}]}},"_links":{"self":[{"href":"https:\/\/lions-pharmacy.com\/de\/wp-json\/wp\/v2\/product\/6830","targetHints":{"allow":["GET"]}}],"collection":[{"href":"https:\/\/lions-pharmacy.com\/de\/wp-json\/wp\/v2\/product"}],"about":[{"href":"https:\/\/lions-pharmacy.com\/de\/wp-json\/wp\/v2\/types\/product"}],"replies":[{"embeddable":true,"href":"https:\/\/lions-pharmacy.com\/de\/wp-json\/wp\/v2\/comments?post=6830"}],"wp:featuredmedia":[{"embeddable":true,"href":"https:\/\/lions-pharmacy.com\/de\/wp-json\/wp\/v2\/media\/6833"}],"wp:attachment":[{"href":"https:\/\/lions-pharmacy.com\/de\/wp-json\/wp\/v2\/media?parent=6830"}],"wp:term":[{"taxonomy":"product_brand","embeddable":true,"href":"https:\/\/lions-pharmacy.com\/de\/wp-json\/wp\/v2\/product_brand?post=6830"},{"taxonomy":"product_cat","embeddable":true,"href":"https:\/\/lions-pharmacy.com\/de\/wp-json\/wp\/v2\/product_cat?post=6830"},{"taxonomy":"product_tag","embeddable":true,"href":"https:\/\/lions-pharmacy.com\/de\/wp-json\/wp\/v2\/product_tag?post=6830"}],"curies":[{"name":"wp","href":"https:\/\/api.w.org\/{rel}","templated":true}]}}