{"id":6809,"date":"2024-12-07T09:20:56","date_gmt":"2024-12-07T08:20:56","guid":{"rendered":"https:\/\/lions-pharmacy.com\/?post_type=product&#038;p=6809"},"modified":"2025-01-25T20:32:54","modified_gmt":"2025-01-25T19:32:54","slug":"neyskin-night-cream-with-coenzyme-q10-50ml-07146422","status":"publish","type":"product","link":"https:\/\/lions-pharmacy.com\/de\/produkt\/neyskin-night-cream-with-coenzyme-q10-50ml-07146422","title":{"rendered":"Neyskin Nachtcreme mit Coenzym Q10 50ml"},"content":{"rendered":"<h3>Neyskin Nachtcreme mit Coenzym Q10<\/h3>\n<p>Neyskin Nachtcreme mit Coenzym Q10.<\/p>\n<p>Bio-Oliven\u00f6l spendet der Epidermis Feuchtigkeit und sorgt f\u00fcr straffe Konturen. Hochwertiges Kamillen\u00f6l beruhigt die Haut, feuchtigkeitsbindende Faktoren wirken der Hautalterung entgegen.<br \/>\nSheabutter-Lipide enthalten epitheliales Vitamin A und zellsch\u00fctzendes Vitamin E. Vitamin A regt die Bildung neuer Hautzellen und Kollagen an und verbessert so die Elastizit\u00e4t der Haut. Vitamin E erh\u00f6ht den Feuchtigkeitsgehalt der Haut. Bienenwachsessenzen pflegen dehydrierte Haut langanhaltend. Hochkonzentriertes Coenzym Q10 unterst\u00fctzt den Stoffwechsel der Zellen. Zellextrakte &#8211; speziell aufbereitet, unterst\u00fctzen sie durch ihre reparaturstimulierenden Mechanismen die Kraft der Zellerneuerung und beugen vorzeitiger Hautalterung vor.<\/p>\n<p>Der Alterungsprozess jeder Haut beginnt mit dem Feuchtigkeitsverlust. Falten entstehen, die Haut verliert an Elastizit\u00e4t und Festigkeit. Sch\u00e4dliche Umwelteinfl\u00fcsse und freie Radikale beschleunigen das Altern. Die Haut wird spr\u00f6de, rissig, faltig und schlaff. Mit den speziell aufbereiteten Zellextrakten der Regena Ney Naturwirkstoffpflege k\u00f6nnen wir die Reparaturmechanismen der Haut unterst\u00fctzen. Auf diese Weise aktivieren wir die hauteigenen gesunden Prozesse und st\u00e4rken die Hautzellen.<\/p>\n<p>Die Naturwirkstoffkosmetik haben wir mit patentierten Verfahren entwickelt und sind eine Innovation in der Dermatologie. Die einzigartigen Zellextrakte in der nat\u00fcrlichen Wirkstoffpflege unterst\u00fctzen die Haut in allen Phasen ihrer Erneuerung und st\u00e4rken sie gegen die Auswirkungen des Alterns und sch\u00e4dliche Umwelteinfl\u00fcsse.<\/p>\n<p>100% nat\u00fcrliche Hautpflege f\u00fcr ganz spezifische Hautbed\u00fcrfnisse.<\/p>\n<p>Weitere Produkte f\u00fcr die Anwendung: <a href=\"https:\/\/lions-pharmacy.com\/produkt-kategorie\/vitorgan\">vitOrgan<\/a> | <a href=\"https:\/\/lions-pharmacy.com\/product-tag\/vitamins-supplements\">Vitamine &amp; Nahrungserg\u00e4nzungsmittel Produkte<\/a><br \/>\nErfahren Sie mehr \u00fcber den Hersteller und dieses Produkt: <a href=\"https:\/\/vitorgan.de\/en\/products\/\" target=\"_blank\" rel=\"noopener\">vitOrgan<\/a> (Link zu externer Website)<\/p>\n<p>Informationen auf dieser Website werden ausschlie\u00dflich f\u00fcr informative Zwecke zur Verf\u00fcgung gestellt. Sie ersetzen keinesfalls die Untersuchung und Behandlung durch einen Arzt. Bitte beachten Sie, dass hierdurch weder Diagnosen gestellt noch Therapien eingeleitet werden k\u00f6nnen.<\/p>\n<p>Zu Risiken und Nebenwirkungen lesen Sie die Packungsbeilage und fragen Sie Ihren Arzt oder Apotheker.<\/p>\n","protected":false},"excerpt":{"rendered":"<h2>Neyskin Nachtcreme mit Coenzym Q10 50ml<\/h2>\n<p>100% nat\u00fcrliche Hautpflege f\u00fcr ganz spezielle Hautbed\u00fcrfnisse mit Coenzym Q10.<\/p>\n<p>&nbsp;<\/p>\n<p>PZN: 07146422<\/p>\n<p>Darreichungsform: Creme<\/p>\n<p>Verordnungsart: Rezeptfrei<\/p>\n<p>Marke: Regena Ney<\/p>\n<p>Hersteller: vitOrgan GmbH &amp; Co.KG, Ostfildern, Germany<\/p>\n<p>Packungsgr\u00f6\u00dfe: 50 ml<\/p>\n","protected":false},"featured_media":6813,"comment_status":"closed","ping_status":"closed","template":"","meta":[],"product_brand":[],"product_cat":[367,368,371],"product_tag":[434,433,381,379,472,512,429,432],"class_list":{"0":"post-6809","1":"product","2":"type-product","3":"status-publish","4":"has-post-thumbnail","6":"product_cat-sale-de","7":"product_cat-shop-de","8":"product_cat-vitorgan-de","9":"product_tag-gewicht-und-fitness","10":"product_tag-gewichtsmanagement","11":"product_tag-homoopathie","12":"product_tag-monatlicher-sale-de","13":"product_tag-naturliche-heilmittel","14":"product_tag-pflanzlicher-wirkstoff-de","15":"product_tag-vitamine-und-nahrungserganzungsmittel","16":"product_tag-wellness-de","17":"ts_product_brand-alle","18":"ts_product_brand-vitorgan-de","20":"first","21":"instock","22":"sale","23":"taxable","24":"shipping-taxable","25":"purchasable","26":"product-type-simple"},"yoast_head":"<!-- This site is optimized with the Yoast SEO plugin v26.5 - https:\/\/yoast.com\/wordpress\/plugins\/seo\/ -->\n<title>Neyskin Nachtcreme mit Coenzym Q10 50ml &#187; Mehr erfahren<\/title>\n<meta name=\"description\" content=\"Registrierte deutsche Online-Apotheke | Schneller internationaler Versand | Produkt hergestellt von vitOrgan: Neyskin Nachtcreme mit Coenzym Q10 50ml\" \/>\n<meta name=\"robots\" content=\"index, follow, max-snippet:-1, max-image-preview:large, max-video-preview:-1\" \/>\n<link rel=\"canonical\" href=\"https:\/\/lions-pharmacy.com\/de\/produkt\/neyskin-night-cream-with-coenzyme-q10-50ml-07146422\" \/>\n<meta property=\"og:locale\" content=\"de_DE\" \/>\n<meta property=\"og:type\" content=\"article\" \/>\n<meta property=\"og:title\" content=\"Neyskin Nachtcreme mit Coenzym Q10 50ml &#187; Mehr erfahren\" \/>\n<meta property=\"og:description\" content=\"Registrierte deutsche Online-Apotheke | Schneller internationaler Versand | Produkt hergestellt von vitOrgan: Neyskin Nachtcreme mit Coenzym Q10 50ml\" \/>\n<meta property=\"og:url\" content=\"https:\/\/lions-pharmacy.com\/de\/produkt\/neyskin-night-cream-with-coenzyme-q10-50ml-07146422\" \/>\n<meta property=\"og:site_name\" content=\"L\u00f6wen Apotheke\" \/>\n<meta property=\"article:modified_time\" content=\"2025-01-25T19:32:54+00:00\" \/>\n<meta property=\"og:image\" content=\"https:\/\/lions-pharmacy.com\/wp-content\/uploads\/2024\/11\/Neyskin-night-Vitorgan-PZN-7146422-Lowenapotheke24.webp\" \/>\n\t<meta property=\"og:image:width\" content=\"600\" \/>\n\t<meta property=\"og:image:height\" content=\"600\" \/>\n\t<meta property=\"og:image:type\" content=\"image\/webp\" \/>\n<meta name=\"twitter:card\" content=\"summary_large_image\" \/>\n<meta name=\"twitter:label1\" content=\"Gesch\u00e4tzte Lesezeit\" \/>\n\t<meta name=\"twitter:data1\" content=\"2\u00a0Minuten\" \/>\n<script type=\"application\/ld+json\" class=\"yoast-schema-graph\">{\"@context\":\"https:\/\/schema.org\",\"@graph\":[{\"@type\":\"WebPage\",\"@id\":\"https:\/\/lions-pharmacy.com\/de\/produkt\/neyskin-night-cream-with-coenzyme-q10-50ml-07146422\",\"url\":\"https:\/\/lions-pharmacy.com\/de\/produkt\/neyskin-night-cream-with-coenzyme-q10-50ml-07146422\",\"name\":\"Neyskin Nachtcreme mit Coenzym Q10 50ml &#187; Mehr erfahren\",\"isPartOf\":{\"@id\":\"https:\/\/lions-pharmacy.com\/de#website\"},\"primaryImageOfPage\":{\"@id\":\"https:\/\/lions-pharmacy.com\/de\/produkt\/neyskin-night-cream-with-coenzyme-q10-50ml-07146422#primaryimage\"},\"image\":{\"@id\":\"https:\/\/lions-pharmacy.com\/de\/produkt\/neyskin-night-cream-with-coenzyme-q10-50ml-07146422#primaryimage\"},\"thumbnailUrl\":\"https:\/\/lions-pharmacy.com\/wp-content\/uploads\/2024\/11\/Neyskin-night-Vitorgan-PZN-7146422-Lowenapotheke24.webp\",\"datePublished\":\"2024-12-07T08:20:56+00:00\",\"dateModified\":\"2025-01-25T19:32:54+00:00\",\"description\":\"Registrierte deutsche Online-Apotheke | Schneller internationaler Versand | Produkt hergestellt von vitOrgan: Neyskin Nachtcreme mit Coenzym Q10 50ml\",\"breadcrumb\":{\"@id\":\"https:\/\/lions-pharmacy.com\/de\/produkt\/neyskin-night-cream-with-coenzyme-q10-50ml-07146422#breadcrumb\"},\"inLanguage\":\"de\",\"potentialAction\":[{\"@type\":\"ReadAction\",\"target\":[\"https:\/\/lions-pharmacy.com\/de\/produkt\/neyskin-night-cream-with-coenzyme-q10-50ml-07146422\"]}]},{\"@type\":\"ImageObject\",\"inLanguage\":\"de\",\"@id\":\"https:\/\/lions-pharmacy.com\/de\/produkt\/neyskin-night-cream-with-coenzyme-q10-50ml-07146422#primaryimage\",\"url\":\"https:\/\/lions-pharmacy.com\/wp-content\/uploads\/2024\/11\/Neyskin-night-Vitorgan-PZN-7146422-Lowenapotheke24.webp\",\"contentUrl\":\"https:\/\/lions-pharmacy.com\/wp-content\/uploads\/2024\/11\/Neyskin-night-Vitorgan-PZN-7146422-Lowenapotheke24.webp\",\"width\":600,\"height\":600,\"caption\":\"Bilder zeigt die Neyskin Nachtcreme Vitorgan. PZN 07146422. L\u00f6wen Apotheke - Lions Pharmacy\"},{\"@type\":\"BreadcrumbList\",\"@id\":\"https:\/\/lions-pharmacy.com\/de\/produkt\/neyskin-night-cream-with-coenzyme-q10-50ml-07146422#breadcrumb\",\"itemListElement\":[{\"@type\":\"ListItem\",\"position\":1,\"name\":\"Home\",\"item\":\"https:\/\/lions-pharmacy.com\/de\/homepage-lion-pharmacy\"},{\"@type\":\"ListItem\",\"position\":2,\"name\":\"Shop\",\"item\":\"https:\/\/lions-pharmacy.com\/de\/shop-2\"},{\"@type\":\"ListItem\",\"position\":3,\"name\":\"Neyskin Nachtcreme mit Coenzym Q10 50ml\"}]},{\"@type\":\"WebSite\",\"@id\":\"https:\/\/lions-pharmacy.com\/de#website\",\"url\":\"https:\/\/lions-pharmacy.com\/de\",\"name\":\"Lions Pharmacy\",\"description\":\"Ihr Spezialist f\u00fcr Naturheilkunde aus Baden-Baden, Germany\",\"publisher\":{\"@id\":\"https:\/\/lions-pharmacy.com\/de#organization\"},\"alternateName\":\"Lion Pharmacy\",\"potentialAction\":[{\"@type\":\"SearchAction\",\"target\":{\"@type\":\"EntryPoint\",\"urlTemplate\":\"https:\/\/lions-pharmacy.com\/de?s={search_term_string}\"},\"query-input\":{\"@type\":\"PropertyValueSpecification\",\"valueRequired\":true,\"valueName\":\"search_term_string\"}}],\"inLanguage\":\"de\"},{\"@type\":\"Organization\",\"@id\":\"https:\/\/lions-pharmacy.com\/de#organization\",\"name\":\"Lions Pharmacy\",\"alternateName\":\"Lions Pharmacy24\",\"url\":\"https:\/\/lions-pharmacy.com\/de\",\"logo\":{\"@type\":\"ImageObject\",\"inLanguage\":\"de\",\"@id\":\"https:\/\/lions-pharmacy.com\/de#\/schema\/logo\/image\/\",\"url\":\"https:\/\/lions-pharmacy.com\/wp-content\/uploads\/2022\/12\/Logo-Lion-Pharmacy-c-o-Loewen-Apotheke-smal.jpg\",\"contentUrl\":\"https:\/\/lions-pharmacy.com\/wp-content\/uploads\/2022\/12\/Logo-Lion-Pharmacy-c-o-Loewen-Apotheke-smal.jpg\",\"width\":298,\"height\":99,\"caption\":\"Lions Pharmacy\"},\"image\":{\"@id\":\"https:\/\/lions-pharmacy.com\/de#\/schema\/logo\/image\/\"}}]}<\/script>\n<!-- \/ Yoast SEO plugin. -->","yoast_head_json":{"title":"Neyskin Nachtcreme mit Coenzym Q10 50ml &#187; Mehr erfahren","description":"Registrierte deutsche Online-Apotheke | Schneller internationaler Versand | Produkt hergestellt von vitOrgan: Neyskin Nachtcreme mit Coenzym Q10 50ml","robots":{"index":"index","follow":"follow","max-snippet":"max-snippet:-1","max-image-preview":"max-image-preview:large","max-video-preview":"max-video-preview:-1"},"canonical":"https:\/\/lions-pharmacy.com\/de\/produkt\/neyskin-night-cream-with-coenzyme-q10-50ml-07146422","og_locale":"de_DE","og_type":"article","og_title":"Neyskin Nachtcreme mit Coenzym Q10 50ml &#187; Mehr erfahren","og_description":"Registrierte deutsche Online-Apotheke | Schneller internationaler Versand | Produkt hergestellt von vitOrgan: Neyskin Nachtcreme mit Coenzym Q10 50ml","og_url":"https:\/\/lions-pharmacy.com\/de\/produkt\/neyskin-night-cream-with-coenzyme-q10-50ml-07146422","og_site_name":"L\u00f6wen Apotheke","article_modified_time":"2025-01-25T19:32:54+00:00","og_image":[{"width":600,"height":600,"url":"https:\/\/lions-pharmacy.com\/wp-content\/uploads\/2024\/11\/Neyskin-night-Vitorgan-PZN-7146422-Lowenapotheke24.webp","type":"image\/webp"}],"twitter_card":"summary_large_image","twitter_misc":{"Gesch\u00e4tzte Lesezeit":"2\u00a0Minuten"},"schema":{"@context":"https:\/\/schema.org","@graph":[{"@type":"WebPage","@id":"https:\/\/lions-pharmacy.com\/de\/produkt\/neyskin-night-cream-with-coenzyme-q10-50ml-07146422","url":"https:\/\/lions-pharmacy.com\/de\/produkt\/neyskin-night-cream-with-coenzyme-q10-50ml-07146422","name":"Neyskin Nachtcreme mit Coenzym Q10 50ml &#187; Mehr erfahren","isPartOf":{"@id":"https:\/\/lions-pharmacy.com\/de#website"},"primaryImageOfPage":{"@id":"https:\/\/lions-pharmacy.com\/de\/produkt\/neyskin-night-cream-with-coenzyme-q10-50ml-07146422#primaryimage"},"image":{"@id":"https:\/\/lions-pharmacy.com\/de\/produkt\/neyskin-night-cream-with-coenzyme-q10-50ml-07146422#primaryimage"},"thumbnailUrl":"https:\/\/lions-pharmacy.com\/wp-content\/uploads\/2024\/11\/Neyskin-night-Vitorgan-PZN-7146422-Lowenapotheke24.webp","datePublished":"2024-12-07T08:20:56+00:00","dateModified":"2025-01-25T19:32:54+00:00","description":"Registrierte deutsche Online-Apotheke | Schneller internationaler Versand | Produkt hergestellt von vitOrgan: Neyskin Nachtcreme mit Coenzym Q10 50ml","breadcrumb":{"@id":"https:\/\/lions-pharmacy.com\/de\/produkt\/neyskin-night-cream-with-coenzyme-q10-50ml-07146422#breadcrumb"},"inLanguage":"de","potentialAction":[{"@type":"ReadAction","target":["https:\/\/lions-pharmacy.com\/de\/produkt\/neyskin-night-cream-with-coenzyme-q10-50ml-07146422"]}]},{"@type":"ImageObject","inLanguage":"de","@id":"https:\/\/lions-pharmacy.com\/de\/produkt\/neyskin-night-cream-with-coenzyme-q10-50ml-07146422#primaryimage","url":"https:\/\/lions-pharmacy.com\/wp-content\/uploads\/2024\/11\/Neyskin-night-Vitorgan-PZN-7146422-Lowenapotheke24.webp","contentUrl":"https:\/\/lions-pharmacy.com\/wp-content\/uploads\/2024\/11\/Neyskin-night-Vitorgan-PZN-7146422-Lowenapotheke24.webp","width":600,"height":600,"caption":"Bilder zeigt die Neyskin Nachtcreme Vitorgan. PZN 07146422. L\u00f6wen Apotheke - Lions Pharmacy"},{"@type":"BreadcrumbList","@id":"https:\/\/lions-pharmacy.com\/de\/produkt\/neyskin-night-cream-with-coenzyme-q10-50ml-07146422#breadcrumb","itemListElement":[{"@type":"ListItem","position":1,"name":"Home","item":"https:\/\/lions-pharmacy.com\/de\/homepage-lion-pharmacy"},{"@type":"ListItem","position":2,"name":"Shop","item":"https:\/\/lions-pharmacy.com\/de\/shop-2"},{"@type":"ListItem","position":3,"name":"Neyskin Nachtcreme mit Coenzym Q10 50ml"}]},{"@type":"WebSite","@id":"https:\/\/lions-pharmacy.com\/de#website","url":"https:\/\/lions-pharmacy.com\/de","name":"Lions Pharmacy","description":"Ihr Spezialist f\u00fcr Naturheilkunde aus Baden-Baden, Germany","publisher":{"@id":"https:\/\/lions-pharmacy.com\/de#organization"},"alternateName":"Lion Pharmacy","potentialAction":[{"@type":"SearchAction","target":{"@type":"EntryPoint","urlTemplate":"https:\/\/lions-pharmacy.com\/de?s={search_term_string}"},"query-input":{"@type":"PropertyValueSpecification","valueRequired":true,"valueName":"search_term_string"}}],"inLanguage":"de"},{"@type":"Organization","@id":"https:\/\/lions-pharmacy.com\/de#organization","name":"Lions Pharmacy","alternateName":"Lions Pharmacy24","url":"https:\/\/lions-pharmacy.com\/de","logo":{"@type":"ImageObject","inLanguage":"de","@id":"https:\/\/lions-pharmacy.com\/de#\/schema\/logo\/image\/","url":"https:\/\/lions-pharmacy.com\/wp-content\/uploads\/2022\/12\/Logo-Lion-Pharmacy-c-o-Loewen-Apotheke-smal.jpg","contentUrl":"https:\/\/lions-pharmacy.com\/wp-content\/uploads\/2022\/12\/Logo-Lion-Pharmacy-c-o-Loewen-Apotheke-smal.jpg","width":298,"height":99,"caption":"Lions Pharmacy"},"image":{"@id":"https:\/\/lions-pharmacy.com\/de#\/schema\/logo\/image\/"}}]}},"_links":{"self":[{"href":"https:\/\/lions-pharmacy.com\/de\/wp-json\/wp\/v2\/product\/6809","targetHints":{"allow":["GET"]}}],"collection":[{"href":"https:\/\/lions-pharmacy.com\/de\/wp-json\/wp\/v2\/product"}],"about":[{"href":"https:\/\/lions-pharmacy.com\/de\/wp-json\/wp\/v2\/types\/product"}],"replies":[{"embeddable":true,"href":"https:\/\/lions-pharmacy.com\/de\/wp-json\/wp\/v2\/comments?post=6809"}],"wp:featuredmedia":[{"embeddable":true,"href":"https:\/\/lions-pharmacy.com\/de\/wp-json\/wp\/v2\/media\/6813"}],"wp:attachment":[{"href":"https:\/\/lions-pharmacy.com\/de\/wp-json\/wp\/v2\/media?parent=6809"}],"wp:term":[{"taxonomy":"product_brand","embeddable":true,"href":"https:\/\/lions-pharmacy.com\/de\/wp-json\/wp\/v2\/product_brand?post=6809"},{"taxonomy":"product_cat","embeddable":true,"href":"https:\/\/lions-pharmacy.com\/de\/wp-json\/wp\/v2\/product_cat?post=6809"},{"taxonomy":"product_tag","embeddable":true,"href":"https:\/\/lions-pharmacy.com\/de\/wp-json\/wp\/v2\/product_tag?post=6809"}],"curies":[{"name":"wp","href":"https:\/\/api.w.org\/{rel}","templated":true}]}}