{"id":6799,"date":"2024-12-07T09:21:13","date_gmt":"2024-12-07T08:21:13","guid":{"rendered":"https:\/\/lions-pharmacy.com\/?post_type=product&#038;p=6799"},"modified":"2025-01-25T22:22:18","modified_gmt":"2025-01-25T21:22:18","slug":"neyskin-day-cream-with-coenzyme-q10-50ml-07146416","status":"publish","type":"product","link":"https:\/\/lions-pharmacy.com\/de\/produkt\/neyskin-day-cream-with-coenzyme-q10-50ml-07146416","title":{"rendered":"Neyskin Tagescreme mit Coenzym Q10 50ml"},"content":{"rendered":"<h3>Neyskin Tagescreme mit Coenzym Q10<\/h3>\n<p>Neyskin Tagescreme mit Coenzym Q10. Coenzym Q10 unterst\u00fctzt den Stoffwechsel der mitochondrialen Zellkraftwerke und versorgt die Haut mit dem n\u00f6tigen Energieschub.<br \/>\nBio-Argan\u00f6l stimuliert und unterst\u00fctzt die Zellregeneration. Ringelblumen\u00f6l hat eine beruhigende, n\u00e4hrende und feuchtigkeitsspendende Wirkung; Es sch\u00fctzt vor Austrocknung und f\u00f6rdert die Zellregeneration.<br \/>\nSheabutter enth\u00e4lt das Sch\u00f6nheitsvitamin A und das zellsch\u00fctzende Vitamin E.<\/p>\n<p>Hochwertiges Kamillen\u00f6l beruhigt die Haut, feuchtigkeitsbindende Faktoren wirken vorzeitiger Hautalterung entgegen und pflegen die Haut den ganzen Tag. Die Haut sieht glatt und geschmeidig aus. Ideal als Make-up-Grundlage.<br \/>\nUV-Absorber sch\u00fctzt vor sch\u00e4dlicher UV-Strahlung und verz\u00f6gert den Alterungsprozess der Haut. Zellextrakte &#8211; speziell aufbereitet, unterst\u00fctzen sie durch ihre reparaturstimulierenden Mechanismen die Kraft der Zellerneuerung und beugen vorzeitiger Hautalterung vor. Der Alterungsprozess jeder Haut beginnt mit dem Feuchtigkeitsverlust. Falten entstehen, die Haut verliert an Elastizit\u00e4t und Festigkeit. Sch\u00e4dliche Umwelteinfl\u00fcsse und freie Radikale beschleunigen das Altern. Die Haut wird spr\u00f6de, rissig, faltig und schlaff.<\/p>\n<p>Mit den speziell aufbereiteten Zellextrakten der Regena Ney Naturwirkstoffpflege k\u00f6nnen wir die Reparaturmechanismen der Haut unterst\u00fctzen. Auf diese Weise aktivieren wir die hauteigenen gesunden Prozesse und st\u00e4rken die Hautzellen.<\/p>\n<p>Die Naturwirkstoffkosmetik haben wir mit patentierten Verfahren entwickelt und sind eine Innovation in der Dermatologie. Die einzigartigen Zellextrakte in der nat\u00fcrlichen Wirkstoffpflege unterst\u00fctzen die Haut in allen Phasen ihrer Erneuerung und st\u00e4rken sie gegen die Auswirkungen des Alterns und sch\u00e4dliche Umwelteinfl\u00fcsse.<\/p>\n<p>100% nat\u00fcrliche Hautpflege f\u00fcr ganz spezifische Hautbed\u00fcrfnisse.<\/p>\n<p>Weitere Produkte f\u00fcr die Anwendung: <a href=\"https:\/\/lions-pharmacy.com\/produkt-kategorie\/vitorgan\">vitOrgan<\/a> | <a href=\"https:\/\/lions-pharmacy.com\/product-tag\/vitamins-supplements\">Vitamine &amp; Nahrungserg\u00e4nzungsmittel Produkte<\/a><br \/>\nErfahren Sie mehr \u00fcber den Hersteller und dieses Produkt: <a href=\"https:\/\/vitorgan.de\/en\/products\/\" target=\"_blank\" rel=\"noopener\">vitOrgan<\/a> (Link zu externer Website)<\/p>\n<p>Informationen auf dieser Website werden ausschlie\u00dflich f\u00fcr informative Zwecke zur Verf\u00fcgung gestellt. Sie ersetzen keinesfalls die Untersuchung und Behandlung durch einen Arzt. Bitte beachten Sie, dass hierdurch weder Diagnosen gestellt noch Therapien eingeleitet werden k\u00f6nnen.<\/p>\n<p>Zu Risiken und Nebenwirkungen lesen Sie die Packungsbeilage und fragen Sie Ihren Arzt oder Apotheker.<\/p>\n","protected":false},"excerpt":{"rendered":"<h2>Neyskin Tagescreme mit Coenzym Q10 50ml<\/h2>\n<p>100% nat\u00fcrliche Hautpflege f\u00fcr ganz spezielle Hautbed\u00fcrfnisse mit Coenzym Q10.<\/p>\n<p>&nbsp;<\/p>\n<p>PZN: 07146416<\/p>\n<p>Darreichungsform: Creme<\/p>\n<p>Verordnungsart: Rezeptfrei<\/p>\n<p>Marke: Regena Ney<\/p>\n<p>Hersteller: vitOrgan GmbH &amp; Co.KG, Ostfildern, Germany<\/p>\n<p>Packungsgr\u00f6\u00dfe: 50 ml<\/p>\n","protected":false},"featured_media":6802,"comment_status":"closed","ping_status":"closed","template":"","meta":[],"product_brand":[],"product_cat":[368,371],"product_tag":[434,433,381,379,432],"class_list":{"0":"post-6799","1":"product","2":"type-product","3":"status-publish","4":"has-post-thumbnail","6":"product_cat-shop-de","7":"product_cat-vitorgan-de","8":"product_tag-gewicht-und-fitness","9":"product_tag-gewichtsmanagement","10":"product_tag-homoopathie","11":"product_tag-monatlicher-sale-de","12":"product_tag-wellness-de","13":"ts_product_brand-alle","14":"ts_product_brand-vitorgan-de","16":"first","17":"instock","18":"sale","19":"taxable","20":"shipping-taxable","21":"purchasable","22":"product-type-simple"},"yoast_head":"<!-- This site is optimized with the Yoast SEO plugin v26.5 - https:\/\/yoast.com\/wordpress\/plugins\/seo\/ -->\n<title>Neyskin Tagescreme mit Coenzym Q10 50ml &#187; Mehr erfahren<\/title>\n<meta name=\"description\" content=\"Registrierte deutsche Online-Apotheke | Schneller internationaler Versand | Produkt hergestellt von vitOrgan: Neyskin Tagescreme mit Coenzym Q10 50ml\" \/>\n<meta name=\"robots\" content=\"index, follow, max-snippet:-1, max-image-preview:large, max-video-preview:-1\" \/>\n<link rel=\"canonical\" href=\"https:\/\/lions-pharmacy.com\/de\/produkt\/neyskin-day-cream-with-coenzyme-q10-50ml-07146416\" \/>\n<meta property=\"og:locale\" content=\"de_DE\" \/>\n<meta property=\"og:type\" content=\"article\" \/>\n<meta property=\"og:title\" content=\"Neyskin Tagescreme mit Coenzym Q10 50ml &#187; Mehr erfahren\" \/>\n<meta property=\"og:description\" content=\"Registrierte deutsche Online-Apotheke | Schneller internationaler Versand | Produkt hergestellt von vitOrgan: Neyskin Tagescreme mit Coenzym Q10 50ml\" \/>\n<meta property=\"og:url\" content=\"https:\/\/lions-pharmacy.com\/de\/produkt\/neyskin-day-cream-with-coenzyme-q10-50ml-07146416\" \/>\n<meta property=\"og:site_name\" content=\"L\u00f6wen Apotheke\" \/>\n<meta property=\"article:modified_time\" content=\"2025-01-25T21:22:18+00:00\" \/>\n<meta property=\"og:image\" content=\"https:\/\/lions-pharmacy.com\/wp-content\/uploads\/2024\/11\/Neyskin-day-Vitorgan-Lowenapotheke24-PZN-7146416.webp\" \/>\n\t<meta property=\"og:image:width\" content=\"600\" \/>\n\t<meta property=\"og:image:height\" content=\"600\" \/>\n\t<meta property=\"og:image:type\" content=\"image\/webp\" \/>\n<meta name=\"twitter:card\" content=\"summary_large_image\" \/>\n<meta name=\"twitter:label1\" content=\"Gesch\u00e4tzte Lesezeit\" \/>\n\t<meta name=\"twitter:data1\" content=\"2\u00a0Minuten\" \/>\n<script type=\"application\/ld+json\" class=\"yoast-schema-graph\">{\"@context\":\"https:\/\/schema.org\",\"@graph\":[{\"@type\":\"WebPage\",\"@id\":\"https:\/\/lions-pharmacy.com\/de\/produkt\/neyskin-day-cream-with-coenzyme-q10-50ml-07146416\",\"url\":\"https:\/\/lions-pharmacy.com\/de\/produkt\/neyskin-day-cream-with-coenzyme-q10-50ml-07146416\",\"name\":\"Neyskin Tagescreme mit Coenzym Q10 50ml &#187; Mehr erfahren\",\"isPartOf\":{\"@id\":\"https:\/\/lions-pharmacy.com\/de#website\"},\"primaryImageOfPage\":{\"@id\":\"https:\/\/lions-pharmacy.com\/de\/produkt\/neyskin-day-cream-with-coenzyme-q10-50ml-07146416#primaryimage\"},\"image\":{\"@id\":\"https:\/\/lions-pharmacy.com\/de\/produkt\/neyskin-day-cream-with-coenzyme-q10-50ml-07146416#primaryimage\"},\"thumbnailUrl\":\"https:\/\/lions-pharmacy.com\/wp-content\/uploads\/2024\/11\/Neyskin-day-Vitorgan-Lowenapotheke24-PZN-7146416.webp\",\"datePublished\":\"2024-12-07T08:21:13+00:00\",\"dateModified\":\"2025-01-25T21:22:18+00:00\",\"description\":\"Registrierte deutsche Online-Apotheke | Schneller internationaler Versand | Produkt hergestellt von vitOrgan: Neyskin Tagescreme mit Coenzym Q10 50ml\",\"breadcrumb\":{\"@id\":\"https:\/\/lions-pharmacy.com\/de\/produkt\/neyskin-day-cream-with-coenzyme-q10-50ml-07146416#breadcrumb\"},\"inLanguage\":\"de\",\"potentialAction\":[{\"@type\":\"ReadAction\",\"target\":[\"https:\/\/lions-pharmacy.com\/de\/produkt\/neyskin-day-cream-with-coenzyme-q10-50ml-07146416\"]}]},{\"@type\":\"ImageObject\",\"inLanguage\":\"de\",\"@id\":\"https:\/\/lions-pharmacy.com\/de\/produkt\/neyskin-day-cream-with-coenzyme-q10-50ml-07146416#primaryimage\",\"url\":\"https:\/\/lions-pharmacy.com\/wp-content\/uploads\/2024\/11\/Neyskin-day-Vitorgan-Lowenapotheke24-PZN-7146416.webp\",\"contentUrl\":\"https:\/\/lions-pharmacy.com\/wp-content\/uploads\/2024\/11\/Neyskin-day-Vitorgan-Lowenapotheke24-PZN-7146416.webp\",\"width\":600,\"height\":600,\"caption\":\"Das Bild zeigt die Neyskin Tagescreme. Vitorgan. L\u00f6wen-Apotheke. PZN 07146416\"},{\"@type\":\"BreadcrumbList\",\"@id\":\"https:\/\/lions-pharmacy.com\/de\/produkt\/neyskin-day-cream-with-coenzyme-q10-50ml-07146416#breadcrumb\",\"itemListElement\":[{\"@type\":\"ListItem\",\"position\":1,\"name\":\"Home\",\"item\":\"https:\/\/lions-pharmacy.com\/de\/homepage-lion-pharmacy\"},{\"@type\":\"ListItem\",\"position\":2,\"name\":\"Shop\",\"item\":\"https:\/\/lions-pharmacy.com\/de\/shop-2\"},{\"@type\":\"ListItem\",\"position\":3,\"name\":\"Neyskin Tagescreme mit Coenzym Q10 50ml\"}]},{\"@type\":\"WebSite\",\"@id\":\"https:\/\/lions-pharmacy.com\/de#website\",\"url\":\"https:\/\/lions-pharmacy.com\/de\",\"name\":\"Lions Pharmacy\",\"description\":\"Ihr Spezialist f\u00fcr Naturheilkunde aus Baden-Baden, Germany\",\"publisher\":{\"@id\":\"https:\/\/lions-pharmacy.com\/de#organization\"},\"alternateName\":\"Lion Pharmacy\",\"potentialAction\":[{\"@type\":\"SearchAction\",\"target\":{\"@type\":\"EntryPoint\",\"urlTemplate\":\"https:\/\/lions-pharmacy.com\/de?s={search_term_string}\"},\"query-input\":{\"@type\":\"PropertyValueSpecification\",\"valueRequired\":true,\"valueName\":\"search_term_string\"}}],\"inLanguage\":\"de\"},{\"@type\":\"Organization\",\"@id\":\"https:\/\/lions-pharmacy.com\/de#organization\",\"name\":\"Lions Pharmacy\",\"alternateName\":\"Lions Pharmacy24\",\"url\":\"https:\/\/lions-pharmacy.com\/de\",\"logo\":{\"@type\":\"ImageObject\",\"inLanguage\":\"de\",\"@id\":\"https:\/\/lions-pharmacy.com\/de#\/schema\/logo\/image\/\",\"url\":\"https:\/\/lions-pharmacy.com\/wp-content\/uploads\/2022\/12\/Logo-Lion-Pharmacy-c-o-Loewen-Apotheke-smal.jpg\",\"contentUrl\":\"https:\/\/lions-pharmacy.com\/wp-content\/uploads\/2022\/12\/Logo-Lion-Pharmacy-c-o-Loewen-Apotheke-smal.jpg\",\"width\":298,\"height\":99,\"caption\":\"Lions Pharmacy\"},\"image\":{\"@id\":\"https:\/\/lions-pharmacy.com\/de#\/schema\/logo\/image\/\"}}]}<\/script>\n<!-- \/ Yoast SEO plugin. -->","yoast_head_json":{"title":"Neyskin Tagescreme mit Coenzym Q10 50ml &#187; Mehr erfahren","description":"Registrierte deutsche Online-Apotheke | Schneller internationaler Versand | Produkt hergestellt von vitOrgan: Neyskin Tagescreme mit Coenzym Q10 50ml","robots":{"index":"index","follow":"follow","max-snippet":"max-snippet:-1","max-image-preview":"max-image-preview:large","max-video-preview":"max-video-preview:-1"},"canonical":"https:\/\/lions-pharmacy.com\/de\/produkt\/neyskin-day-cream-with-coenzyme-q10-50ml-07146416","og_locale":"de_DE","og_type":"article","og_title":"Neyskin Tagescreme mit Coenzym Q10 50ml &#187; Mehr erfahren","og_description":"Registrierte deutsche Online-Apotheke | Schneller internationaler Versand | Produkt hergestellt von vitOrgan: Neyskin Tagescreme mit Coenzym Q10 50ml","og_url":"https:\/\/lions-pharmacy.com\/de\/produkt\/neyskin-day-cream-with-coenzyme-q10-50ml-07146416","og_site_name":"L\u00f6wen Apotheke","article_modified_time":"2025-01-25T21:22:18+00:00","og_image":[{"width":600,"height":600,"url":"https:\/\/lions-pharmacy.com\/wp-content\/uploads\/2024\/11\/Neyskin-day-Vitorgan-Lowenapotheke24-PZN-7146416.webp","type":"image\/webp"}],"twitter_card":"summary_large_image","twitter_misc":{"Gesch\u00e4tzte Lesezeit":"2\u00a0Minuten"},"schema":{"@context":"https:\/\/schema.org","@graph":[{"@type":"WebPage","@id":"https:\/\/lions-pharmacy.com\/de\/produkt\/neyskin-day-cream-with-coenzyme-q10-50ml-07146416","url":"https:\/\/lions-pharmacy.com\/de\/produkt\/neyskin-day-cream-with-coenzyme-q10-50ml-07146416","name":"Neyskin Tagescreme mit Coenzym Q10 50ml &#187; Mehr erfahren","isPartOf":{"@id":"https:\/\/lions-pharmacy.com\/de#website"},"primaryImageOfPage":{"@id":"https:\/\/lions-pharmacy.com\/de\/produkt\/neyskin-day-cream-with-coenzyme-q10-50ml-07146416#primaryimage"},"image":{"@id":"https:\/\/lions-pharmacy.com\/de\/produkt\/neyskin-day-cream-with-coenzyme-q10-50ml-07146416#primaryimage"},"thumbnailUrl":"https:\/\/lions-pharmacy.com\/wp-content\/uploads\/2024\/11\/Neyskin-day-Vitorgan-Lowenapotheke24-PZN-7146416.webp","datePublished":"2024-12-07T08:21:13+00:00","dateModified":"2025-01-25T21:22:18+00:00","description":"Registrierte deutsche Online-Apotheke | Schneller internationaler Versand | Produkt hergestellt von vitOrgan: Neyskin Tagescreme mit Coenzym Q10 50ml","breadcrumb":{"@id":"https:\/\/lions-pharmacy.com\/de\/produkt\/neyskin-day-cream-with-coenzyme-q10-50ml-07146416#breadcrumb"},"inLanguage":"de","potentialAction":[{"@type":"ReadAction","target":["https:\/\/lions-pharmacy.com\/de\/produkt\/neyskin-day-cream-with-coenzyme-q10-50ml-07146416"]}]},{"@type":"ImageObject","inLanguage":"de","@id":"https:\/\/lions-pharmacy.com\/de\/produkt\/neyskin-day-cream-with-coenzyme-q10-50ml-07146416#primaryimage","url":"https:\/\/lions-pharmacy.com\/wp-content\/uploads\/2024\/11\/Neyskin-day-Vitorgan-Lowenapotheke24-PZN-7146416.webp","contentUrl":"https:\/\/lions-pharmacy.com\/wp-content\/uploads\/2024\/11\/Neyskin-day-Vitorgan-Lowenapotheke24-PZN-7146416.webp","width":600,"height":600,"caption":"Das Bild zeigt die Neyskin Tagescreme. Vitorgan. L\u00f6wen-Apotheke. PZN 07146416"},{"@type":"BreadcrumbList","@id":"https:\/\/lions-pharmacy.com\/de\/produkt\/neyskin-day-cream-with-coenzyme-q10-50ml-07146416#breadcrumb","itemListElement":[{"@type":"ListItem","position":1,"name":"Home","item":"https:\/\/lions-pharmacy.com\/de\/homepage-lion-pharmacy"},{"@type":"ListItem","position":2,"name":"Shop","item":"https:\/\/lions-pharmacy.com\/de\/shop-2"},{"@type":"ListItem","position":3,"name":"Neyskin Tagescreme mit Coenzym Q10 50ml"}]},{"@type":"WebSite","@id":"https:\/\/lions-pharmacy.com\/de#website","url":"https:\/\/lions-pharmacy.com\/de","name":"Lions Pharmacy","description":"Ihr Spezialist f\u00fcr Naturheilkunde aus Baden-Baden, Germany","publisher":{"@id":"https:\/\/lions-pharmacy.com\/de#organization"},"alternateName":"Lion Pharmacy","potentialAction":[{"@type":"SearchAction","target":{"@type":"EntryPoint","urlTemplate":"https:\/\/lions-pharmacy.com\/de?s={search_term_string}"},"query-input":{"@type":"PropertyValueSpecification","valueRequired":true,"valueName":"search_term_string"}}],"inLanguage":"de"},{"@type":"Organization","@id":"https:\/\/lions-pharmacy.com\/de#organization","name":"Lions Pharmacy","alternateName":"Lions Pharmacy24","url":"https:\/\/lions-pharmacy.com\/de","logo":{"@type":"ImageObject","inLanguage":"de","@id":"https:\/\/lions-pharmacy.com\/de#\/schema\/logo\/image\/","url":"https:\/\/lions-pharmacy.com\/wp-content\/uploads\/2022\/12\/Logo-Lion-Pharmacy-c-o-Loewen-Apotheke-smal.jpg","contentUrl":"https:\/\/lions-pharmacy.com\/wp-content\/uploads\/2022\/12\/Logo-Lion-Pharmacy-c-o-Loewen-Apotheke-smal.jpg","width":298,"height":99,"caption":"Lions Pharmacy"},"image":{"@id":"https:\/\/lions-pharmacy.com\/de#\/schema\/logo\/image\/"}}]}},"_links":{"self":[{"href":"https:\/\/lions-pharmacy.com\/de\/wp-json\/wp\/v2\/product\/6799","targetHints":{"allow":["GET"]}}],"collection":[{"href":"https:\/\/lions-pharmacy.com\/de\/wp-json\/wp\/v2\/product"}],"about":[{"href":"https:\/\/lions-pharmacy.com\/de\/wp-json\/wp\/v2\/types\/product"}],"replies":[{"embeddable":true,"href":"https:\/\/lions-pharmacy.com\/de\/wp-json\/wp\/v2\/comments?post=6799"}],"wp:featuredmedia":[{"embeddable":true,"href":"https:\/\/lions-pharmacy.com\/de\/wp-json\/wp\/v2\/media\/6802"}],"wp:attachment":[{"href":"https:\/\/lions-pharmacy.com\/de\/wp-json\/wp\/v2\/media?parent=6799"}],"wp:term":[{"taxonomy":"product_brand","embeddable":true,"href":"https:\/\/lions-pharmacy.com\/de\/wp-json\/wp\/v2\/product_brand?post=6799"},{"taxonomy":"product_cat","embeddable":true,"href":"https:\/\/lions-pharmacy.com\/de\/wp-json\/wp\/v2\/product_cat?post=6799"},{"taxonomy":"product_tag","embeddable":true,"href":"https:\/\/lions-pharmacy.com\/de\/wp-json\/wp\/v2\/product_tag?post=6799"}],"curies":[{"name":"wp","href":"https:\/\/api.w.org\/{rel}","templated":true}]}}