{"id":6789,"date":"2024-12-03T10:10:00","date_gmt":"2024-12-03T09:10:00","guid":{"rendered":"https:\/\/lions-pharmacy.com\/?post_type=product&#038;p=6789"},"modified":"2025-01-25T22:34:24","modified_gmt":"2025-01-25T21:34:24","slug":"neyvit-no-66-cell-power-tablets-60pcs-4150134212230","status":"publish","type":"product","link":"https:\/\/lions-pharmacy.com\/de\/produkt\/neyvit-no-66-cell-power-tablets-60pcs-4150134212230","title":{"rendered":"NeyVit Nr.66 Zellkraft Tabletten 60 Stk."},"content":{"rendered":"<h3>NeyVit Nr.66 Zellkraft Tabletten<\/h3>\n<p>NeyVit Nr. 66 Zellkraft Tabletten. Magensaftresistente Tabletten mit Organextrakt und Vitamin D.<\/p>\n<p>Die von vitOrgan zur biomolekularen Therapie angebotenen organhom\u00f6opathischen Pr\u00e4parate nutzen nat\u00fcrliche regulatorisch und metabolisch wirkende organische Substanzen, um aus dem Gleichgewicht geratene Prozesse physiologisch wieder zu normalisieren. Die biomolekulare vitOrgan-Therapie ist seit 60 Jahren eine sehr erfolgreiche Therapie. Sie bildet eine Br\u00fccke zwischen den so genannten Bereichen der Schulmedizin und der Naturheilkunde. Sie bedient sich nat\u00fcrlicher, regulierender und stoffwechselfunktioneller Substanzen, die bei Mensch und Tier vorhanden sind, um Krankheiten zu normalisieren, indem sie die aus dem Gleichgewicht geratenen physiologischen Prozesse ver\u00e4ndert &#8211; und damit den Patienten nicht nur symptomatisch, sondern auch kausal behandelt. Nach dem Prinzip \u201eHerz heilt Herz, Niere heilt Niere, Organ heilt Organ\u201c gilt es, die Kraft geschw\u00e4chter Zellen durch gezielte Regulation zu wecken.<\/p>\n<p>Packungsbeilage \/ Flyer: <a href=\"https:\/\/www.loewen-apotheke24.com\/wp-content\/uploads\/2017\/11\/Flyer_NeyVit_Nr.66.pdf\">Flyer NeyVit Nr.66<\/a><\/p>\n<p>Informationen des Herstellers vitOrgan zu NeyVit No.66 &#8211; <a href=\"https:\/\/vitorgan.de\/produkte-human\/neyvit\/\">zur Partnerseite<\/a><br \/>\nWeitere Produkte von <a href=\"https:\/\/lions-pharmacy.com\/product-category\/vitorgan\">vitOrgan<\/a>.<\/p>\n<p>Informationen auf dieser Website werden ausschlie\u00dflich f\u00fcr informative Zwecke zur Verf\u00fcgung gestellt. Sie ersetzen keinesfalls die Untersuchung und Behandlung durch einen Arzt. Bitte beachten Sie, dass hierdurch weder Diagnosen gestellt noch Therapien eingeleitet werden k\u00f6nnen.<\/p>\n<p>Zu Risiken und Nebenwirkungen lesen Sie die Packungsbeilage und fragen Sie Ihren Arzt oder Apotheker.<\/p>\n","protected":false},"excerpt":{"rendered":"<h2>NeyVit Nr.66 Zellkraft Tabletten 60 Stk.<\/h2>\n<p>Magensaftresistente Tabletten mit Organextrakt und Vitamin D. NeyVit Nr. 66 ZellkraftTabletten.<\/p>\n<p>&nbsp;<\/p>\n<p>PZN: 13421223 (Apothekenzentrale)<\/p>\n<p>Darreichungsform: Tabletten<\/p>\n<p>Verordnungsart: Rezeptfrei<\/p>\n<p>Marke: vitOrgan<\/p>\n<p>Hersteller: vitOrgan GmbH &amp; Co.KG, Ostfildern, Germany<\/p>\n<p>Packungsgr\u00f6\u00dfe: 60 Stk.<\/p>\n","protected":false},"featured_media":6792,"comment_status":"closed","ping_status":"closed","template":"","meta":[],"product_brand":[],"product_cat":[367,368,371],"product_tag":[381,426],"class_list":{"0":"post-6789","1":"product","2":"type-product","3":"status-publish","4":"has-post-thumbnail","6":"product_cat-sale-de","7":"product_cat-shop-de","8":"product_cat-vitorgan-de","9":"product_tag-homoopathie","10":"product_tag-neydil-de","11":"ts_product_brand-alle","12":"ts_product_brand-vitorgan-de","14":"first","15":"instock","16":"sale","17":"taxable","18":"shipping-taxable","19":"purchasable","20":"product-type-simple"},"yoast_head":"<!-- This site is optimized with the Yoast SEO plugin v26.5 - https:\/\/yoast.com\/wordpress\/plugins\/seo\/ -->\n<title>NeyVit Nr.66 Zellkraft Tabletten 60 Stk. &#187; L\u00f6wen Apotheke - Bestelle es hier<\/title>\n<meta name=\"description\" content=\"Registrierte deutsche Online-Apotheke | Schneller internationaler Versand | Produkt hergestellt von vitOrgan: NeyVit Nr.66 Zellkraft Tabletten 60 Stk.\" \/>\n<meta name=\"robots\" content=\"index, follow, max-snippet:-1, max-image-preview:large, max-video-preview:-1\" \/>\n<link rel=\"canonical\" href=\"https:\/\/lions-pharmacy.com\/de\/produkt\/neyvit-no-66-cell-power-tablets-60pcs-4150134212230\" \/>\n<meta property=\"og:locale\" content=\"de_DE\" \/>\n<meta property=\"og:type\" content=\"article\" \/>\n<meta property=\"og:title\" content=\"NeyVit Nr.66 Zellkraft Tabletten 60 Stk. &#187; L\u00f6wen Apotheke - Bestelle es hier\" \/>\n<meta property=\"og:description\" content=\"Registrierte deutsche Online-Apotheke | Schneller internationaler Versand | Produkt hergestellt von vitOrgan: NeyVit Nr.66 Zellkraft Tabletten 60 Stk.\" \/>\n<meta property=\"og:url\" content=\"https:\/\/lions-pharmacy.com\/de\/produkt\/neyvit-no-66-cell-power-tablets-60pcs-4150134212230\" \/>\n<meta property=\"og:site_name\" content=\"L\u00f6wen Apotheke\" \/>\n<meta property=\"article:modified_time\" content=\"2025-01-25T21:34:24+00:00\" \/>\n<meta property=\"og:image\" content=\"https:\/\/lions-pharmacy.com\/wp-content\/uploads\/2024\/11\/Neyvit-No.-66-cell-power-Vitorgan-PZN-13421223-Lions-Pharmacy.webp\" \/>\n\t<meta property=\"og:image:width\" content=\"600\" \/>\n\t<meta property=\"og:image:height\" content=\"570\" \/>\n\t<meta property=\"og:image:type\" content=\"image\/webp\" \/>\n<meta name=\"twitter:card\" content=\"summary_large_image\" \/>\n<meta name=\"twitter:label1\" content=\"Gesch\u00e4tzte Lesezeit\" \/>\n\t<meta name=\"twitter:data1\" content=\"1\u00a0Minute\" \/>\n<script type=\"application\/ld+json\" class=\"yoast-schema-graph\">{\"@context\":\"https:\/\/schema.org\",\"@graph\":[{\"@type\":\"WebPage\",\"@id\":\"https:\/\/lions-pharmacy.com\/de\/produkt\/neyvit-no-66-cell-power-tablets-60pcs-4150134212230\",\"url\":\"https:\/\/lions-pharmacy.com\/de\/produkt\/neyvit-no-66-cell-power-tablets-60pcs-4150134212230\",\"name\":\"NeyVit Nr.66 Zellkraft Tabletten 60 Stk. &#187; L\u00f6wen Apotheke - Bestelle es hier\",\"isPartOf\":{\"@id\":\"https:\/\/lions-pharmacy.com\/de#website\"},\"primaryImageOfPage\":{\"@id\":\"https:\/\/lions-pharmacy.com\/de\/produkt\/neyvit-no-66-cell-power-tablets-60pcs-4150134212230#primaryimage\"},\"image\":{\"@id\":\"https:\/\/lions-pharmacy.com\/de\/produkt\/neyvit-no-66-cell-power-tablets-60pcs-4150134212230#primaryimage\"},\"thumbnailUrl\":\"https:\/\/lions-pharmacy.com\/wp-content\/uploads\/2024\/11\/Neyvit-No.-66-cell-power-Vitorgan-PZN-13421223-Lions-Pharmacy.webp\",\"datePublished\":\"2024-12-03T09:10:00+00:00\",\"dateModified\":\"2025-01-25T21:34:24+00:00\",\"description\":\"Registrierte deutsche Online-Apotheke | Schneller internationaler Versand | Produkt hergestellt von vitOrgan: NeyVit Nr.66 Zellkraft Tabletten 60 Stk.\",\"breadcrumb\":{\"@id\":\"https:\/\/lions-pharmacy.com\/de\/produkt\/neyvit-no-66-cell-power-tablets-60pcs-4150134212230#breadcrumb\"},\"inLanguage\":\"de\",\"potentialAction\":[{\"@type\":\"ReadAction\",\"target\":[\"https:\/\/lions-pharmacy.com\/de\/produkt\/neyvit-no-66-cell-power-tablets-60pcs-4150134212230\"]}]},{\"@type\":\"ImageObject\",\"inLanguage\":\"de\",\"@id\":\"https:\/\/lions-pharmacy.com\/de\/produkt\/neyvit-no-66-cell-power-tablets-60pcs-4150134212230#primaryimage\",\"url\":\"https:\/\/lions-pharmacy.com\/wp-content\/uploads\/2024\/11\/Neyvit-No.-66-cell-power-Vitorgan-PZN-13421223-Lions-Pharmacy.webp\",\"contentUrl\":\"https:\/\/lions-pharmacy.com\/wp-content\/uploads\/2024\/11\/Neyvit-No.-66-cell-power-Vitorgan-PZN-13421223-Lions-Pharmacy.webp\",\"width\":600,\"height\":570,\"caption\":\"Abbildung zeigt Neyvit Nr. 66 Zellkraft - Vitorgan-PZN 13421223-Lions Pharmacy\"},{\"@type\":\"BreadcrumbList\",\"@id\":\"https:\/\/lions-pharmacy.com\/de\/produkt\/neyvit-no-66-cell-power-tablets-60pcs-4150134212230#breadcrumb\",\"itemListElement\":[{\"@type\":\"ListItem\",\"position\":1,\"name\":\"Home\",\"item\":\"https:\/\/lions-pharmacy.com\/de\/homepage-lion-pharmacy\"},{\"@type\":\"ListItem\",\"position\":2,\"name\":\"Shop\",\"item\":\"https:\/\/lions-pharmacy.com\/de\/shop-2\"},{\"@type\":\"ListItem\",\"position\":3,\"name\":\"NeyVit Nr.66 Zellkraft Tabletten 60 Stk.\"}]},{\"@type\":\"WebSite\",\"@id\":\"https:\/\/lions-pharmacy.com\/de#website\",\"url\":\"https:\/\/lions-pharmacy.com\/de\",\"name\":\"Lions Pharmacy\",\"description\":\"Ihr Spezialist f\u00fcr Naturheilkunde aus Baden-Baden, Germany\",\"publisher\":{\"@id\":\"https:\/\/lions-pharmacy.com\/de#organization\"},\"alternateName\":\"Lion Pharmacy\",\"potentialAction\":[{\"@type\":\"SearchAction\",\"target\":{\"@type\":\"EntryPoint\",\"urlTemplate\":\"https:\/\/lions-pharmacy.com\/de?s={search_term_string}\"},\"query-input\":{\"@type\":\"PropertyValueSpecification\",\"valueRequired\":true,\"valueName\":\"search_term_string\"}}],\"inLanguage\":\"de\"},{\"@type\":\"Organization\",\"@id\":\"https:\/\/lions-pharmacy.com\/de#organization\",\"name\":\"Lions Pharmacy\",\"alternateName\":\"Lions Pharmacy24\",\"url\":\"https:\/\/lions-pharmacy.com\/de\",\"logo\":{\"@type\":\"ImageObject\",\"inLanguage\":\"de\",\"@id\":\"https:\/\/lions-pharmacy.com\/de#\/schema\/logo\/image\/\",\"url\":\"https:\/\/lions-pharmacy.com\/wp-content\/uploads\/2022\/12\/Logo-Lion-Pharmacy-c-o-Loewen-Apotheke-smal.jpg\",\"contentUrl\":\"https:\/\/lions-pharmacy.com\/wp-content\/uploads\/2022\/12\/Logo-Lion-Pharmacy-c-o-Loewen-Apotheke-smal.jpg\",\"width\":298,\"height\":99,\"caption\":\"Lions Pharmacy\"},\"image\":{\"@id\":\"https:\/\/lions-pharmacy.com\/de#\/schema\/logo\/image\/\"}}]}<\/script>\n<!-- \/ Yoast SEO plugin. -->","yoast_head_json":{"title":"NeyVit Nr.66 Zellkraft Tabletten 60 Stk. &#187; L\u00f6wen Apotheke - Bestelle es hier","description":"Registrierte deutsche Online-Apotheke | Schneller internationaler Versand | Produkt hergestellt von vitOrgan: NeyVit Nr.66 Zellkraft Tabletten 60 Stk.","robots":{"index":"index","follow":"follow","max-snippet":"max-snippet:-1","max-image-preview":"max-image-preview:large","max-video-preview":"max-video-preview:-1"},"canonical":"https:\/\/lions-pharmacy.com\/de\/produkt\/neyvit-no-66-cell-power-tablets-60pcs-4150134212230","og_locale":"de_DE","og_type":"article","og_title":"NeyVit Nr.66 Zellkraft Tabletten 60 Stk. &#187; L\u00f6wen Apotheke - Bestelle es hier","og_description":"Registrierte deutsche Online-Apotheke | Schneller internationaler Versand | Produkt hergestellt von vitOrgan: NeyVit Nr.66 Zellkraft Tabletten 60 Stk.","og_url":"https:\/\/lions-pharmacy.com\/de\/produkt\/neyvit-no-66-cell-power-tablets-60pcs-4150134212230","og_site_name":"L\u00f6wen Apotheke","article_modified_time":"2025-01-25T21:34:24+00:00","og_image":[{"width":600,"height":570,"url":"https:\/\/lions-pharmacy.com\/wp-content\/uploads\/2024\/11\/Neyvit-No.-66-cell-power-Vitorgan-PZN-13421223-Lions-Pharmacy.webp","type":"image\/webp"}],"twitter_card":"summary_large_image","twitter_misc":{"Gesch\u00e4tzte Lesezeit":"1\u00a0Minute"},"schema":{"@context":"https:\/\/schema.org","@graph":[{"@type":"WebPage","@id":"https:\/\/lions-pharmacy.com\/de\/produkt\/neyvit-no-66-cell-power-tablets-60pcs-4150134212230","url":"https:\/\/lions-pharmacy.com\/de\/produkt\/neyvit-no-66-cell-power-tablets-60pcs-4150134212230","name":"NeyVit Nr.66 Zellkraft Tabletten 60 Stk. &#187; L\u00f6wen Apotheke - Bestelle es hier","isPartOf":{"@id":"https:\/\/lions-pharmacy.com\/de#website"},"primaryImageOfPage":{"@id":"https:\/\/lions-pharmacy.com\/de\/produkt\/neyvit-no-66-cell-power-tablets-60pcs-4150134212230#primaryimage"},"image":{"@id":"https:\/\/lions-pharmacy.com\/de\/produkt\/neyvit-no-66-cell-power-tablets-60pcs-4150134212230#primaryimage"},"thumbnailUrl":"https:\/\/lions-pharmacy.com\/wp-content\/uploads\/2024\/11\/Neyvit-No.-66-cell-power-Vitorgan-PZN-13421223-Lions-Pharmacy.webp","datePublished":"2024-12-03T09:10:00+00:00","dateModified":"2025-01-25T21:34:24+00:00","description":"Registrierte deutsche Online-Apotheke | Schneller internationaler Versand | Produkt hergestellt von vitOrgan: NeyVit Nr.66 Zellkraft Tabletten 60 Stk.","breadcrumb":{"@id":"https:\/\/lions-pharmacy.com\/de\/produkt\/neyvit-no-66-cell-power-tablets-60pcs-4150134212230#breadcrumb"},"inLanguage":"de","potentialAction":[{"@type":"ReadAction","target":["https:\/\/lions-pharmacy.com\/de\/produkt\/neyvit-no-66-cell-power-tablets-60pcs-4150134212230"]}]},{"@type":"ImageObject","inLanguage":"de","@id":"https:\/\/lions-pharmacy.com\/de\/produkt\/neyvit-no-66-cell-power-tablets-60pcs-4150134212230#primaryimage","url":"https:\/\/lions-pharmacy.com\/wp-content\/uploads\/2024\/11\/Neyvit-No.-66-cell-power-Vitorgan-PZN-13421223-Lions-Pharmacy.webp","contentUrl":"https:\/\/lions-pharmacy.com\/wp-content\/uploads\/2024\/11\/Neyvit-No.-66-cell-power-Vitorgan-PZN-13421223-Lions-Pharmacy.webp","width":600,"height":570,"caption":"Abbildung zeigt Neyvit Nr. 66 Zellkraft - Vitorgan-PZN 13421223-Lions Pharmacy"},{"@type":"BreadcrumbList","@id":"https:\/\/lions-pharmacy.com\/de\/produkt\/neyvit-no-66-cell-power-tablets-60pcs-4150134212230#breadcrumb","itemListElement":[{"@type":"ListItem","position":1,"name":"Home","item":"https:\/\/lions-pharmacy.com\/de\/homepage-lion-pharmacy"},{"@type":"ListItem","position":2,"name":"Shop","item":"https:\/\/lions-pharmacy.com\/de\/shop-2"},{"@type":"ListItem","position":3,"name":"NeyVit Nr.66 Zellkraft Tabletten 60 Stk."}]},{"@type":"WebSite","@id":"https:\/\/lions-pharmacy.com\/de#website","url":"https:\/\/lions-pharmacy.com\/de","name":"Lions Pharmacy","description":"Ihr Spezialist f\u00fcr Naturheilkunde aus Baden-Baden, Germany","publisher":{"@id":"https:\/\/lions-pharmacy.com\/de#organization"},"alternateName":"Lion Pharmacy","potentialAction":[{"@type":"SearchAction","target":{"@type":"EntryPoint","urlTemplate":"https:\/\/lions-pharmacy.com\/de?s={search_term_string}"},"query-input":{"@type":"PropertyValueSpecification","valueRequired":true,"valueName":"search_term_string"}}],"inLanguage":"de"},{"@type":"Organization","@id":"https:\/\/lions-pharmacy.com\/de#organization","name":"Lions Pharmacy","alternateName":"Lions Pharmacy24","url":"https:\/\/lions-pharmacy.com\/de","logo":{"@type":"ImageObject","inLanguage":"de","@id":"https:\/\/lions-pharmacy.com\/de#\/schema\/logo\/image\/","url":"https:\/\/lions-pharmacy.com\/wp-content\/uploads\/2022\/12\/Logo-Lion-Pharmacy-c-o-Loewen-Apotheke-smal.jpg","contentUrl":"https:\/\/lions-pharmacy.com\/wp-content\/uploads\/2022\/12\/Logo-Lion-Pharmacy-c-o-Loewen-Apotheke-smal.jpg","width":298,"height":99,"caption":"Lions Pharmacy"},"image":{"@id":"https:\/\/lions-pharmacy.com\/de#\/schema\/logo\/image\/"}}]}},"_links":{"self":[{"href":"https:\/\/lions-pharmacy.com\/de\/wp-json\/wp\/v2\/product\/6789","targetHints":{"allow":["GET"]}}],"collection":[{"href":"https:\/\/lions-pharmacy.com\/de\/wp-json\/wp\/v2\/product"}],"about":[{"href":"https:\/\/lions-pharmacy.com\/de\/wp-json\/wp\/v2\/types\/product"}],"replies":[{"embeddable":true,"href":"https:\/\/lions-pharmacy.com\/de\/wp-json\/wp\/v2\/comments?post=6789"}],"wp:featuredmedia":[{"embeddable":true,"href":"https:\/\/lions-pharmacy.com\/de\/wp-json\/wp\/v2\/media\/6792"}],"wp:attachment":[{"href":"https:\/\/lions-pharmacy.com\/de\/wp-json\/wp\/v2\/media?parent=6789"}],"wp:term":[{"taxonomy":"product_brand","embeddable":true,"href":"https:\/\/lions-pharmacy.com\/de\/wp-json\/wp\/v2\/product_brand?post=6789"},{"taxonomy":"product_cat","embeddable":true,"href":"https:\/\/lions-pharmacy.com\/de\/wp-json\/wp\/v2\/product_cat?post=6789"},{"taxonomy":"product_tag","embeddable":true,"href":"https:\/\/lions-pharmacy.com\/de\/wp-json\/wp\/v2\/product_tag?post=6789"}],"curies":[{"name":"wp","href":"https:\/\/api.w.org\/{rel}","templated":true}]}}