{"id":6731,"date":"2024-11-27T14:32:25","date_gmt":"2024-11-27T13:32:25","guid":{"rendered":"https:\/\/lions-pharmacy.com\/?post_type=product&#038;p=6731"},"modified":"2025-01-25T10:20:42","modified_gmt":"2025-01-25T09:20:42","slug":"omni-biotic-metabolic-30-x-3g-9120001435005","status":"publish","type":"product","link":"https:\/\/lions-pharmacy.com\/de\/produkt\/omni-biotic-metabolic-30-x-3g-9120001435005","title":{"rendered":"OMNi-BiOTiC metabolic (30x 3g)"},"content":{"rendered":"<h3>OMNi-BiOTiC metabolic<\/h3>\n<p>OMNi-BiOTiC metabolic ist f\u00fcr \u00fcbergewichtige Menschen geeignet, die an einer Gewichtsabnahme interessiert sind. Ein wichtiger Bestandteil beim Abnehmen ist nat\u00fcrlich eine gesunde Ern\u00e4hrung und Bewegung. Der omnibiotische Stoffwechsel kann dies unterst\u00fctzen, indem er die Bakterienflora ausbalanciert. Im Gegensatz zu schlanken Menschen haben \u00fcbergewichtige Menschen eine andere Bakterienflora. Dies wird mit Omnibiotic metabolic so ver\u00e4ndert, dass sie mehr Kalorien verbrauchen. Nahrungserg\u00e4nzungsmittel mit hochaktiven Darmsymbionten.<\/p>\n<p>Packungsbeilage\/Gebrauchsanweisung\/Artikeldatenblatt: &#8211; (PDF-Reader)<\/p>\n<p>Weitere Produkte f\u00fcr die Anwendung: <a href=\"https:\/\/lions-pharmacy.com\/product-tag\/concentration-stress\">Stress &amp; Immunsystem<\/a> | <a href=\"https:\/\/lions-pharmacy.com\/product-tag\/homeopathy\">Hom\u00f6opathie<\/a> | <a href=\"https:\/\/lions-pharmacy.com\/product-tag\/vitamins-supplements\">Vitamine &amp; Nahrungserg\u00e4nzungsmittel Produkte<\/a><\/p>\n<p>Erfahren Sie mehr \u00fcber den Hersteller und das Produkt: <a href=\"https:\/\/www.allergosan.com\/de\/unsere-produkte\/omni-biotic\/\" target=\"_blank\" rel=\"noopener\">Omni-Biotic<\/a> (Link zur externen Website)<\/p>\n<p>Informationen auf dieser Website werden ausschlie\u00dflich f\u00fcr informative Zwecke zur Verf\u00fcgung gestellt. Sie ersetzen keinesfalls die Untersuchung und Behandlung durch einen Arzt. Bitte beachten Sie, dass hierdurch weder Diagnosen gestellt noch Therapien eingeleitet werden k\u00f6nnen. Nahrungserg\u00e4nzungsmittel sind kein Ersatz f\u00fcr eine ausgewogene und abwechslungsreiche Ern\u00e4hrung und eine gesunde Lebensweise. Die angegebene empfohlene Tagesdosismenge darf nicht \u00fcberschritten werden. Bewahren Sie das Produkt au\u00dferhalb der Reichweite von kleinen Kindern auf.<\/p>\n<p>Zu Risiken und Nebenwirkungen lesen Sie die Packungsbeilage und fragen Sie Ihren Arzt oder Apotheker.<\/p>\n","protected":false},"excerpt":{"rendered":"<h3>OMNi-BiOTiC metabolic<\/h3>\n<p>Zur Optimierung der Darmflora, unterst\u00fctzt die Verdauung und Nahrungserg\u00e4nzungsmittel bei \u00dcbergewicht<\/p>\n<p>&nbsp;<\/p>\n<p><strong>PZN:<\/strong> 10322590<\/p>\n<p><strong>Darreichungsform<\/strong>: Pulver<\/p>\n<p><strong>Verschreibungsart<\/strong>: verschreibungsfrei<\/p>\n<p><strong>Marke<\/strong>: OMNI-BiOTiC<\/p>\n<p><strong>Hersteller<\/strong>: INSTITUT ALLERGOSAN Deutschland GmbH<\/p>\n<p><strong>Packungsgr\u00f6\u00dfe<\/strong>: 30 x Beutel \u00e0 3 g<\/p>\n","protected":false},"featured_media":6734,"comment_status":"closed","ping_status":"closed","template":"","meta":[],"product_brand":[],"product_cat":[612,367,368],"product_tag":[434,433,381,386,379,429],"class_list":{"0":"post-6731","1":"product","2":"type-product","3":"status-publish","4":"has-post-thumbnail","6":"product_cat-omni-biotic-de","7":"product_cat-sale-de","8":"product_cat-shop-de","9":"product_tag-gewicht-und-fitness","10":"product_tag-gewichtsmanagement","11":"product_tag-homoopathie","12":"product_tag-konzentration-stress","13":"product_tag-monatlicher-sale-de","14":"product_tag-vitamine-und-nahrungserganzungsmittel","15":"ts_product_brand-alle","16":"ts_product_brand-allergosan-de","18":"first","19":"instock","20":"sale","21":"taxable","22":"shipping-taxable","23":"purchasable","24":"product-type-simple"},"yoast_head":"<!-- This site is optimized with the Yoast SEO plugin v26.5 - https:\/\/yoast.com\/wordpress\/plugins\/seo\/ -->\n<title>OMNi-BiOTiC metabolic (30x 3g) &#187; bestelle bei L\u00f6wen Apotheke<\/title>\n<meta name=\"description\" content=\"Registrierte Online-Apotheke. Wir bieten: Schneller internationaler Versand mit DHL. Zur Unterst\u00fctzung des Immunsystems &gt; OMNi-BiOTiC metabolic (30x 3g)\" \/>\n<meta name=\"robots\" content=\"index, follow, max-snippet:-1, max-image-preview:large, max-video-preview:-1\" \/>\n<link rel=\"canonical\" href=\"https:\/\/lions-pharmacy.com\/de\/produkt\/omni-biotic-metabolic-30-x-3g-9120001435005\" \/>\n<meta property=\"og:locale\" content=\"de_DE\" \/>\n<meta property=\"og:type\" content=\"article\" \/>\n<meta property=\"og:title\" content=\"OMNi-BiOTiC metabolic (30x 3g) &#187; bestelle bei L\u00f6wen Apotheke\" \/>\n<meta property=\"og:description\" content=\"Registrierte Online-Apotheke. Wir bieten: Schneller internationaler Versand mit DHL. Zur Unterst\u00fctzung des Immunsystems &gt; OMNi-BiOTiC metabolic (30x 3g)\" \/>\n<meta property=\"og:url\" content=\"https:\/\/lions-pharmacy.com\/de\/produkt\/omni-biotic-metabolic-30-x-3g-9120001435005\" \/>\n<meta property=\"og:site_name\" content=\"L\u00f6wen Apotheke\" \/>\n<meta property=\"article:modified_time\" content=\"2025-01-25T09:20:42+00:00\" \/>\n<meta property=\"og:image\" content=\"https:\/\/lions-pharmacy.com\/wp-content\/uploads\/2024\/11\/Omnibiotic-metabolic-Allergosan-PZN-10322590-Lions-Pharmacy.webp\" \/>\n\t<meta property=\"og:image:width\" content=\"600\" \/>\n\t<meta property=\"og:image:height\" content=\"600\" \/>\n\t<meta property=\"og:image:type\" content=\"image\/webp\" \/>\n<meta name=\"twitter:card\" content=\"summary_large_image\" \/>\n<meta name=\"twitter:label1\" content=\"Gesch\u00e4tzte Lesezeit\" \/>\n\t<meta name=\"twitter:data1\" content=\"1\u00a0Minute\" \/>\n<script type=\"application\/ld+json\" class=\"yoast-schema-graph\">{\"@context\":\"https:\/\/schema.org\",\"@graph\":[{\"@type\":\"WebPage\",\"@id\":\"https:\/\/lions-pharmacy.com\/de\/produkt\/omni-biotic-metabolic-30-x-3g-9120001435005\",\"url\":\"https:\/\/lions-pharmacy.com\/de\/produkt\/omni-biotic-metabolic-30-x-3g-9120001435005\",\"name\":\"OMNi-BiOTiC metabolic (30x 3g) &#187; bestelle bei L\u00f6wen Apotheke\",\"isPartOf\":{\"@id\":\"https:\/\/lions-pharmacy.com\/de#website\"},\"primaryImageOfPage\":{\"@id\":\"https:\/\/lions-pharmacy.com\/de\/produkt\/omni-biotic-metabolic-30-x-3g-9120001435005#primaryimage\"},\"image\":{\"@id\":\"https:\/\/lions-pharmacy.com\/de\/produkt\/omni-biotic-metabolic-30-x-3g-9120001435005#primaryimage\"},\"thumbnailUrl\":\"https:\/\/lions-pharmacy.com\/wp-content\/uploads\/2024\/11\/Omnibiotic-metabolic-Allergosan-PZN-10322590-Lions-Pharmacy.webp\",\"datePublished\":\"2024-11-27T13:32:25+00:00\",\"dateModified\":\"2025-01-25T09:20:42+00:00\",\"description\":\"Registrierte Online-Apotheke. Wir bieten: Schneller internationaler Versand mit DHL. Zur Unterst\u00fctzung des Immunsystems > OMNi-BiOTiC metabolic (30x 3g)\",\"breadcrumb\":{\"@id\":\"https:\/\/lions-pharmacy.com\/de\/produkt\/omni-biotic-metabolic-30-x-3g-9120001435005#breadcrumb\"},\"inLanguage\":\"de\",\"potentialAction\":[{\"@type\":\"ReadAction\",\"target\":[\"https:\/\/lions-pharmacy.com\/de\/produkt\/omni-biotic-metabolic-30-x-3g-9120001435005\"]}]},{\"@type\":\"ImageObject\",\"inLanguage\":\"de\",\"@id\":\"https:\/\/lions-pharmacy.com\/de\/produkt\/omni-biotic-metabolic-30-x-3g-9120001435005#primaryimage\",\"url\":\"https:\/\/lions-pharmacy.com\/wp-content\/uploads\/2024\/11\/Omnibiotic-metabolic-Allergosan-PZN-10322590-Lions-Pharmacy.webp\",\"contentUrl\":\"https:\/\/lions-pharmacy.com\/wp-content\/uploads\/2024\/11\/Omnibiotic-metabolic-Allergosan-PZN-10322590-Lions-Pharmacy.webp\",\"width\":600,\"height\":600,\"caption\":\"Das Bild zeigt OMNi-BiOTiC metabolic, Allergosan. PZN 10322590. L\u00f6wen Apotheke - Lions Pharmacy\"},{\"@type\":\"BreadcrumbList\",\"@id\":\"https:\/\/lions-pharmacy.com\/de\/produkt\/omni-biotic-metabolic-30-x-3g-9120001435005#breadcrumb\",\"itemListElement\":[{\"@type\":\"ListItem\",\"position\":1,\"name\":\"Home\",\"item\":\"https:\/\/lions-pharmacy.com\/de\/homepage-lion-pharmacy\"},{\"@type\":\"ListItem\",\"position\":2,\"name\":\"Shop\",\"item\":\"https:\/\/lions-pharmacy.com\/de\/shop-2\"},{\"@type\":\"ListItem\",\"position\":3,\"name\":\"OMNi-BiOTiC metabolic (30x 3g)\"}]},{\"@type\":\"WebSite\",\"@id\":\"https:\/\/lions-pharmacy.com\/de#website\",\"url\":\"https:\/\/lions-pharmacy.com\/de\",\"name\":\"Lions Pharmacy\",\"description\":\"Ihr Spezialist f\u00fcr Naturheilkunde aus Baden-Baden, Germany\",\"publisher\":{\"@id\":\"https:\/\/lions-pharmacy.com\/de#organization\"},\"alternateName\":\"Lion Pharmacy\",\"potentialAction\":[{\"@type\":\"SearchAction\",\"target\":{\"@type\":\"EntryPoint\",\"urlTemplate\":\"https:\/\/lions-pharmacy.com\/de?s={search_term_string}\"},\"query-input\":{\"@type\":\"PropertyValueSpecification\",\"valueRequired\":true,\"valueName\":\"search_term_string\"}}],\"inLanguage\":\"de\"},{\"@type\":\"Organization\",\"@id\":\"https:\/\/lions-pharmacy.com\/de#organization\",\"name\":\"Lions Pharmacy\",\"alternateName\":\"Lions Pharmacy24\",\"url\":\"https:\/\/lions-pharmacy.com\/de\",\"logo\":{\"@type\":\"ImageObject\",\"inLanguage\":\"de\",\"@id\":\"https:\/\/lions-pharmacy.com\/de#\/schema\/logo\/image\/\",\"url\":\"https:\/\/lions-pharmacy.com\/wp-content\/uploads\/2022\/12\/Logo-Lion-Pharmacy-c-o-Loewen-Apotheke-smal.jpg\",\"contentUrl\":\"https:\/\/lions-pharmacy.com\/wp-content\/uploads\/2022\/12\/Logo-Lion-Pharmacy-c-o-Loewen-Apotheke-smal.jpg\",\"width\":298,\"height\":99,\"caption\":\"Lions Pharmacy\"},\"image\":{\"@id\":\"https:\/\/lions-pharmacy.com\/de#\/schema\/logo\/image\/\"}}]}<\/script>\n<!-- \/ Yoast SEO plugin. -->","yoast_head_json":{"title":"OMNi-BiOTiC metabolic (30x 3g) &#187; bestelle bei L\u00f6wen Apotheke","description":"Registrierte Online-Apotheke. Wir bieten: Schneller internationaler Versand mit DHL. Zur Unterst\u00fctzung des Immunsystems > OMNi-BiOTiC metabolic (30x 3g)","robots":{"index":"index","follow":"follow","max-snippet":"max-snippet:-1","max-image-preview":"max-image-preview:large","max-video-preview":"max-video-preview:-1"},"canonical":"https:\/\/lions-pharmacy.com\/de\/produkt\/omni-biotic-metabolic-30-x-3g-9120001435005","og_locale":"de_DE","og_type":"article","og_title":"OMNi-BiOTiC metabolic (30x 3g) &#187; bestelle bei L\u00f6wen Apotheke","og_description":"Registrierte Online-Apotheke. Wir bieten: Schneller internationaler Versand mit DHL. Zur Unterst\u00fctzung des Immunsystems > OMNi-BiOTiC metabolic (30x 3g)","og_url":"https:\/\/lions-pharmacy.com\/de\/produkt\/omni-biotic-metabolic-30-x-3g-9120001435005","og_site_name":"L\u00f6wen Apotheke","article_modified_time":"2025-01-25T09:20:42+00:00","og_image":[{"width":600,"height":600,"url":"https:\/\/lions-pharmacy.com\/wp-content\/uploads\/2024\/11\/Omnibiotic-metabolic-Allergosan-PZN-10322590-Lions-Pharmacy.webp","type":"image\/webp"}],"twitter_card":"summary_large_image","twitter_misc":{"Gesch\u00e4tzte Lesezeit":"1\u00a0Minute"},"schema":{"@context":"https:\/\/schema.org","@graph":[{"@type":"WebPage","@id":"https:\/\/lions-pharmacy.com\/de\/produkt\/omni-biotic-metabolic-30-x-3g-9120001435005","url":"https:\/\/lions-pharmacy.com\/de\/produkt\/omni-biotic-metabolic-30-x-3g-9120001435005","name":"OMNi-BiOTiC metabolic (30x 3g) &#187; bestelle bei L\u00f6wen Apotheke","isPartOf":{"@id":"https:\/\/lions-pharmacy.com\/de#website"},"primaryImageOfPage":{"@id":"https:\/\/lions-pharmacy.com\/de\/produkt\/omni-biotic-metabolic-30-x-3g-9120001435005#primaryimage"},"image":{"@id":"https:\/\/lions-pharmacy.com\/de\/produkt\/omni-biotic-metabolic-30-x-3g-9120001435005#primaryimage"},"thumbnailUrl":"https:\/\/lions-pharmacy.com\/wp-content\/uploads\/2024\/11\/Omnibiotic-metabolic-Allergosan-PZN-10322590-Lions-Pharmacy.webp","datePublished":"2024-11-27T13:32:25+00:00","dateModified":"2025-01-25T09:20:42+00:00","description":"Registrierte Online-Apotheke. Wir bieten: Schneller internationaler Versand mit DHL. Zur Unterst\u00fctzung des Immunsystems > OMNi-BiOTiC metabolic (30x 3g)","breadcrumb":{"@id":"https:\/\/lions-pharmacy.com\/de\/produkt\/omni-biotic-metabolic-30-x-3g-9120001435005#breadcrumb"},"inLanguage":"de","potentialAction":[{"@type":"ReadAction","target":["https:\/\/lions-pharmacy.com\/de\/produkt\/omni-biotic-metabolic-30-x-3g-9120001435005"]}]},{"@type":"ImageObject","inLanguage":"de","@id":"https:\/\/lions-pharmacy.com\/de\/produkt\/omni-biotic-metabolic-30-x-3g-9120001435005#primaryimage","url":"https:\/\/lions-pharmacy.com\/wp-content\/uploads\/2024\/11\/Omnibiotic-metabolic-Allergosan-PZN-10322590-Lions-Pharmacy.webp","contentUrl":"https:\/\/lions-pharmacy.com\/wp-content\/uploads\/2024\/11\/Omnibiotic-metabolic-Allergosan-PZN-10322590-Lions-Pharmacy.webp","width":600,"height":600,"caption":"Das Bild zeigt OMNi-BiOTiC metabolic, Allergosan. PZN 10322590. L\u00f6wen Apotheke - Lions Pharmacy"},{"@type":"BreadcrumbList","@id":"https:\/\/lions-pharmacy.com\/de\/produkt\/omni-biotic-metabolic-30-x-3g-9120001435005#breadcrumb","itemListElement":[{"@type":"ListItem","position":1,"name":"Home","item":"https:\/\/lions-pharmacy.com\/de\/homepage-lion-pharmacy"},{"@type":"ListItem","position":2,"name":"Shop","item":"https:\/\/lions-pharmacy.com\/de\/shop-2"},{"@type":"ListItem","position":3,"name":"OMNi-BiOTiC metabolic (30x 3g)"}]},{"@type":"WebSite","@id":"https:\/\/lions-pharmacy.com\/de#website","url":"https:\/\/lions-pharmacy.com\/de","name":"Lions Pharmacy","description":"Ihr Spezialist f\u00fcr Naturheilkunde aus Baden-Baden, Germany","publisher":{"@id":"https:\/\/lions-pharmacy.com\/de#organization"},"alternateName":"Lion Pharmacy","potentialAction":[{"@type":"SearchAction","target":{"@type":"EntryPoint","urlTemplate":"https:\/\/lions-pharmacy.com\/de?s={search_term_string}"},"query-input":{"@type":"PropertyValueSpecification","valueRequired":true,"valueName":"search_term_string"}}],"inLanguage":"de"},{"@type":"Organization","@id":"https:\/\/lions-pharmacy.com\/de#organization","name":"Lions Pharmacy","alternateName":"Lions Pharmacy24","url":"https:\/\/lions-pharmacy.com\/de","logo":{"@type":"ImageObject","inLanguage":"de","@id":"https:\/\/lions-pharmacy.com\/de#\/schema\/logo\/image\/","url":"https:\/\/lions-pharmacy.com\/wp-content\/uploads\/2022\/12\/Logo-Lion-Pharmacy-c-o-Loewen-Apotheke-smal.jpg","contentUrl":"https:\/\/lions-pharmacy.com\/wp-content\/uploads\/2022\/12\/Logo-Lion-Pharmacy-c-o-Loewen-Apotheke-smal.jpg","width":298,"height":99,"caption":"Lions Pharmacy"},"image":{"@id":"https:\/\/lions-pharmacy.com\/de#\/schema\/logo\/image\/"}}]}},"_links":{"self":[{"href":"https:\/\/lions-pharmacy.com\/de\/wp-json\/wp\/v2\/product\/6731","targetHints":{"allow":["GET"]}}],"collection":[{"href":"https:\/\/lions-pharmacy.com\/de\/wp-json\/wp\/v2\/product"}],"about":[{"href":"https:\/\/lions-pharmacy.com\/de\/wp-json\/wp\/v2\/types\/product"}],"replies":[{"embeddable":true,"href":"https:\/\/lions-pharmacy.com\/de\/wp-json\/wp\/v2\/comments?post=6731"}],"wp:featuredmedia":[{"embeddable":true,"href":"https:\/\/lions-pharmacy.com\/de\/wp-json\/wp\/v2\/media\/6734"}],"wp:attachment":[{"href":"https:\/\/lions-pharmacy.com\/de\/wp-json\/wp\/v2\/media?parent=6731"}],"wp:term":[{"taxonomy":"product_brand","embeddable":true,"href":"https:\/\/lions-pharmacy.com\/de\/wp-json\/wp\/v2\/product_brand?post=6731"},{"taxonomy":"product_cat","embeddable":true,"href":"https:\/\/lions-pharmacy.com\/de\/wp-json\/wp\/v2\/product_cat?post=6731"},{"taxonomy":"product_tag","embeddable":true,"href":"https:\/\/lions-pharmacy.com\/de\/wp-json\/wp\/v2\/product_tag?post=6731"}],"curies":[{"name":"wp","href":"https:\/\/api.w.org\/{rel}","templated":true}]}}