{"id":6667,"date":"2024-11-26T16:21:48","date_gmt":"2024-11-26T15:21:48","guid":{"rendered":"https:\/\/lions-pharmacy.com\/?post_type=product&#038;p=6667"},"modified":"2025-01-24T22:08:07","modified_gmt":"2025-01-24T21:08:07","slug":"rytmopasc-100-ml-4150087471357","status":"publish","type":"product","link":"https:\/\/lions-pharmacy.com\/de\/produkt\/rytmopasc-100-ml-4150087471357","title":{"rendered":"Rytmopasc 100 ml"},"content":{"rendered":"<h3>Rytmopasc<\/h3>\n<p class=\"product-rating__name\">Rytmopasc Hom\u00f6opathisches Arzneimittel gegen Herzrhythmusst\u00f6rungen, unterst\u00fctzt und st\u00e4rkt sanft die Herzfunktion und nat\u00fcrliches Herzheilmittel mit 8 bew\u00e4hrten Wirkstoffen, u.a. Wei\u00dfdorn und Ginster. St\u00e4ndiger Stress ist sch\u00e4dlich! &#8211; auch zum Herzen, vor allem durch Bluthochdruck und einen unregelm\u00e4\u00dfigen Herzschlag.<\/p>\n<p>Jeder Betroffene sollte sich fragen, welche M\u00f6glichkeiten er hat, um die potenziell gef\u00e4hrlichen und unangenehmen Folgen von Stress zu reduzieren. Bewegung ist gefragt und eine \u00c4nderung des Lebensstils: Oft f\u00fchrt eine Gewichtsabnahme durch mehr Bewegung und den Verzicht auf zu viel Fleisch, S\u00fc\u00dfigkeiten und Alkohol zu erstaunlichen Ergebnissen. Ganz wichtig: Stressabbau.<\/p>\n<p>Das Pascoe-Portfolio umfasst rund 200 Produkte. Dazu geh\u00f6ren pflanzliche Arzneimittel, hochdosierte Vitaminpr\u00e4parate, hom\u00f6opathische Komplexmittel und Nahrungserg\u00e4nzungsmittel. Die Vielfalt der Arzneimittel ber\u00fccksichtigt die komplexen Anforderungen an Gesundheitsprodukte. Der Erfolg gibt uns auch international Recht: Unsere Produkte werden in mehr als 30 L\u00e4nder der Welt exportiert, Tendenz steigend.<\/p>\n<p>Weitere Produkte f\u00fcr die Anwendung: <a href=\"https:\/\/lions-pharmacy.com\/product-tag\/homeopathy\">Hom\u00f6opathie<\/a> | <a href=\"https:\/\/lions-pharmacy.com\/product-tag\/vitamins-supplements\">Vitamine<\/a> | <a href=\"https:\/\/lions-pharmacy.com\/product-tag\/virus-infection\">Infektionen <\/a> <\/p>\n<p>Erfahren Sie mehr \u00fcber den Hersteller und dieses Produkt: <a href=\"https:\/\/www.pascoe.de\/\" target=\"_blank\" rel=\"noopener\">Pascoe pharmazeutische Pr\u00e4parate GmbH<\/a> (Link zu externer Website)<\/p>\n<p>Informationen auf dieser Website werden ausschlie\u00dflich f\u00fcr informative Zwecke zur Verf\u00fcgung gestellt. Sie ersetzen keinesfalls die Untersuchung und Behandlung durch einen Arzt. Bitte beachten Sie, dass hierdurch weder Diagnosen gestellt noch Therapien eingeleitet werden k\u00f6nnen.<\/p>\n<p>Zu Risiken und Nebenwirkungen lesen Sie die Packungsbeilage und fragen Sie Ihren Arzt oder Apotheker.<\/p>\n","protected":false},"excerpt":{"rendered":"<h2>Rytmopasc<\/h2>\n<p>Rytmopasc Hom\u00f6opathisches Arzneimittel bei Herzrhythmusst\u00f6rungen.<\/p>\n<p>&nbsp;<\/p>\n<p><strong>PZN:<\/strong> 08747135<\/p>\n<p><strong>Darreichungsform<\/strong>: Tropfen<\/p>\n<p><strong>Verschreibungsart<\/strong>: verschreibungsfrei<\/p>\n<p><strong>Hersteller<\/strong>: Pascoe pharmazeutische Pr\u00e4parate GmbH<\/p>\n<p><strong>Packungsgr\u00f6\u00dfe<\/strong>: 100 ml<\/p>\n","protected":false},"featured_media":6670,"comment_status":"closed","ping_status":"closed","template":"","meta":[],"product_brand":[],"product_cat":[599,367,368],"product_tag":[381,386,429,432],"class_list":{"0":"post-6667","1":"product","2":"type-product","3":"status-publish","4":"has-post-thumbnail","6":"product_cat-pascoe-de","7":"product_cat-sale-de","8":"product_cat-shop-de","9":"product_tag-homoopathie","10":"product_tag-konzentration-stress","11":"product_tag-vitamine-und-nahrungserganzungsmittel","12":"product_tag-wellness-de","13":"ts_product_brand-alle","14":"ts_product_brand-pascoe-de","16":"first","17":"instock","18":"sale","19":"taxable","20":"shipping-taxable","21":"purchasable","22":"product-type-simple"},"yoast_head":"<!-- This site is optimized with the Yoast SEO plugin v26.5 - https:\/\/yoast.com\/wordpress\/plugins\/seo\/ -->\n<title>Rytmopasc 100 ml &#187; bestelle bei L\u00f6wen Apotheke<\/title>\n<meta name=\"description\" content=\"L\u00f6wen Apotheke ist eine eingetragene deutsche Apotheke. Schneller internationaler Versand mit DHL. Erfahren Sie mehr \u00fcber Pascoe und Rytmopasc 100 ml\" \/>\n<meta name=\"robots\" content=\"index, follow, max-snippet:-1, max-image-preview:large, max-video-preview:-1\" \/>\n<link rel=\"canonical\" href=\"https:\/\/lions-pharmacy.com\/de\/produkt\/rytmopasc-100-ml-4150087471357\" \/>\n<meta property=\"og:locale\" content=\"de_DE\" \/>\n<meta property=\"og:type\" content=\"article\" \/>\n<meta property=\"og:title\" content=\"Rytmopasc 100 ml &#187; bestelle bei L\u00f6wen Apotheke\" \/>\n<meta property=\"og:description\" content=\"L\u00f6wen Apotheke ist eine eingetragene deutsche Apotheke. Schneller internationaler Versand mit DHL. Erfahren Sie mehr \u00fcber Pascoe und Rytmopasc 100 ml\" \/>\n<meta property=\"og:url\" content=\"https:\/\/lions-pharmacy.com\/de\/produkt\/rytmopasc-100-ml-4150087471357\" \/>\n<meta property=\"og:site_name\" content=\"L\u00f6wen Apotheke\" \/>\n<meta property=\"article:modified_time\" content=\"2025-01-24T21:08:07+00:00\" \/>\n<meta property=\"og:image\" content=\"https:\/\/lions-pharmacy.com\/wp-content\/uploads\/2024\/11\/Rhytmopasc-PZN-08747135-Pascoe-Lionspharmacy.webp\" \/>\n\t<meta property=\"og:image:width\" content=\"600\" \/>\n\t<meta property=\"og:image:height\" content=\"600\" \/>\n\t<meta property=\"og:image:type\" content=\"image\/webp\" \/>\n<meta name=\"twitter:card\" content=\"summary_large_image\" \/>\n<meta name=\"twitter:label1\" content=\"Gesch\u00e4tzte Lesezeit\" \/>\n\t<meta name=\"twitter:data1\" content=\"1\u00a0Minute\" \/>\n<script type=\"application\/ld+json\" class=\"yoast-schema-graph\">{\"@context\":\"https:\/\/schema.org\",\"@graph\":[{\"@type\":\"WebPage\",\"@id\":\"https:\/\/lions-pharmacy.com\/de\/produkt\/rytmopasc-100-ml-4150087471357\",\"url\":\"https:\/\/lions-pharmacy.com\/de\/produkt\/rytmopasc-100-ml-4150087471357\",\"name\":\"Rytmopasc 100 ml &#187; bestelle bei L\u00f6wen Apotheke\",\"isPartOf\":{\"@id\":\"https:\/\/lions-pharmacy.com\/de#website\"},\"primaryImageOfPage\":{\"@id\":\"https:\/\/lions-pharmacy.com\/de\/produkt\/rytmopasc-100-ml-4150087471357#primaryimage\"},\"image\":{\"@id\":\"https:\/\/lions-pharmacy.com\/de\/produkt\/rytmopasc-100-ml-4150087471357#primaryimage\"},\"thumbnailUrl\":\"https:\/\/lions-pharmacy.com\/wp-content\/uploads\/2024\/11\/Rhytmopasc-PZN-08747135-Pascoe-Lionspharmacy.webp\",\"datePublished\":\"2024-11-26T15:21:48+00:00\",\"dateModified\":\"2025-01-24T21:08:07+00:00\",\"description\":\"L\u00f6wen Apotheke ist eine eingetragene deutsche Apotheke. Schneller internationaler Versand mit DHL. Erfahren Sie mehr \u00fcber Pascoe und Rytmopasc 100 ml\",\"breadcrumb\":{\"@id\":\"https:\/\/lions-pharmacy.com\/de\/produkt\/rytmopasc-100-ml-4150087471357#breadcrumb\"},\"inLanguage\":\"de\",\"potentialAction\":[{\"@type\":\"ReadAction\",\"target\":[\"https:\/\/lions-pharmacy.com\/de\/produkt\/rytmopasc-100-ml-4150087471357\"]}]},{\"@type\":\"ImageObject\",\"inLanguage\":\"de\",\"@id\":\"https:\/\/lions-pharmacy.com\/de\/produkt\/rytmopasc-100-ml-4150087471357#primaryimage\",\"url\":\"https:\/\/lions-pharmacy.com\/wp-content\/uploads\/2024\/11\/Rhytmopasc-PZN-08747135-Pascoe-Lionspharmacy.webp\",\"contentUrl\":\"https:\/\/lions-pharmacy.com\/wp-content\/uploads\/2024\/11\/Rhytmopasc-PZN-08747135-Pascoe-Lionspharmacy.webp\",\"width\":600,\"height\":600,\"caption\":\"Das Bild zeigt Rhytmopasc. PZN 08747135. Pascoe. L\u00f6wen-Apotheke\"},{\"@type\":\"BreadcrumbList\",\"@id\":\"https:\/\/lions-pharmacy.com\/de\/produkt\/rytmopasc-100-ml-4150087471357#breadcrumb\",\"itemListElement\":[{\"@type\":\"ListItem\",\"position\":1,\"name\":\"Home\",\"item\":\"https:\/\/lions-pharmacy.com\/de\/homepage-lion-pharmacy\"},{\"@type\":\"ListItem\",\"position\":2,\"name\":\"Shop\",\"item\":\"https:\/\/lions-pharmacy.com\/de\/shop-2\"},{\"@type\":\"ListItem\",\"position\":3,\"name\":\"Rytmopasc 100 ml\"}]},{\"@type\":\"WebSite\",\"@id\":\"https:\/\/lions-pharmacy.com\/de#website\",\"url\":\"https:\/\/lions-pharmacy.com\/de\",\"name\":\"Lions Pharmacy\",\"description\":\"Ihr Spezialist f\u00fcr Naturheilkunde aus Baden-Baden, Germany\",\"publisher\":{\"@id\":\"https:\/\/lions-pharmacy.com\/de#organization\"},\"alternateName\":\"Lion Pharmacy\",\"potentialAction\":[{\"@type\":\"SearchAction\",\"target\":{\"@type\":\"EntryPoint\",\"urlTemplate\":\"https:\/\/lions-pharmacy.com\/de?s={search_term_string}\"},\"query-input\":{\"@type\":\"PropertyValueSpecification\",\"valueRequired\":true,\"valueName\":\"search_term_string\"}}],\"inLanguage\":\"de\"},{\"@type\":\"Organization\",\"@id\":\"https:\/\/lions-pharmacy.com\/de#organization\",\"name\":\"Lions Pharmacy\",\"alternateName\":\"Lions Pharmacy24\",\"url\":\"https:\/\/lions-pharmacy.com\/de\",\"logo\":{\"@type\":\"ImageObject\",\"inLanguage\":\"de\",\"@id\":\"https:\/\/lions-pharmacy.com\/de#\/schema\/logo\/image\/\",\"url\":\"https:\/\/lions-pharmacy.com\/wp-content\/uploads\/2022\/12\/Logo-Lion-Pharmacy-c-o-Loewen-Apotheke-smal.jpg\",\"contentUrl\":\"https:\/\/lions-pharmacy.com\/wp-content\/uploads\/2022\/12\/Logo-Lion-Pharmacy-c-o-Loewen-Apotheke-smal.jpg\",\"width\":298,\"height\":99,\"caption\":\"Lions Pharmacy\"},\"image\":{\"@id\":\"https:\/\/lions-pharmacy.com\/de#\/schema\/logo\/image\/\"}}]}<\/script>\n<!-- \/ Yoast SEO plugin. -->","yoast_head_json":{"title":"Rytmopasc 100 ml &#187; bestelle bei L\u00f6wen Apotheke","description":"L\u00f6wen Apotheke ist eine eingetragene deutsche Apotheke. Schneller internationaler Versand mit DHL. Erfahren Sie mehr \u00fcber Pascoe und Rytmopasc 100 ml","robots":{"index":"index","follow":"follow","max-snippet":"max-snippet:-1","max-image-preview":"max-image-preview:large","max-video-preview":"max-video-preview:-1"},"canonical":"https:\/\/lions-pharmacy.com\/de\/produkt\/rytmopasc-100-ml-4150087471357","og_locale":"de_DE","og_type":"article","og_title":"Rytmopasc 100 ml &#187; bestelle bei L\u00f6wen Apotheke","og_description":"L\u00f6wen Apotheke ist eine eingetragene deutsche Apotheke. Schneller internationaler Versand mit DHL. Erfahren Sie mehr \u00fcber Pascoe und Rytmopasc 100 ml","og_url":"https:\/\/lions-pharmacy.com\/de\/produkt\/rytmopasc-100-ml-4150087471357","og_site_name":"L\u00f6wen Apotheke","article_modified_time":"2025-01-24T21:08:07+00:00","og_image":[{"width":600,"height":600,"url":"https:\/\/lions-pharmacy.com\/wp-content\/uploads\/2024\/11\/Rhytmopasc-PZN-08747135-Pascoe-Lionspharmacy.webp","type":"image\/webp"}],"twitter_card":"summary_large_image","twitter_misc":{"Gesch\u00e4tzte Lesezeit":"1\u00a0Minute"},"schema":{"@context":"https:\/\/schema.org","@graph":[{"@type":"WebPage","@id":"https:\/\/lions-pharmacy.com\/de\/produkt\/rytmopasc-100-ml-4150087471357","url":"https:\/\/lions-pharmacy.com\/de\/produkt\/rytmopasc-100-ml-4150087471357","name":"Rytmopasc 100 ml &#187; bestelle bei L\u00f6wen Apotheke","isPartOf":{"@id":"https:\/\/lions-pharmacy.com\/de#website"},"primaryImageOfPage":{"@id":"https:\/\/lions-pharmacy.com\/de\/produkt\/rytmopasc-100-ml-4150087471357#primaryimage"},"image":{"@id":"https:\/\/lions-pharmacy.com\/de\/produkt\/rytmopasc-100-ml-4150087471357#primaryimage"},"thumbnailUrl":"https:\/\/lions-pharmacy.com\/wp-content\/uploads\/2024\/11\/Rhytmopasc-PZN-08747135-Pascoe-Lionspharmacy.webp","datePublished":"2024-11-26T15:21:48+00:00","dateModified":"2025-01-24T21:08:07+00:00","description":"L\u00f6wen Apotheke ist eine eingetragene deutsche Apotheke. Schneller internationaler Versand mit DHL. Erfahren Sie mehr \u00fcber Pascoe und Rytmopasc 100 ml","breadcrumb":{"@id":"https:\/\/lions-pharmacy.com\/de\/produkt\/rytmopasc-100-ml-4150087471357#breadcrumb"},"inLanguage":"de","potentialAction":[{"@type":"ReadAction","target":["https:\/\/lions-pharmacy.com\/de\/produkt\/rytmopasc-100-ml-4150087471357"]}]},{"@type":"ImageObject","inLanguage":"de","@id":"https:\/\/lions-pharmacy.com\/de\/produkt\/rytmopasc-100-ml-4150087471357#primaryimage","url":"https:\/\/lions-pharmacy.com\/wp-content\/uploads\/2024\/11\/Rhytmopasc-PZN-08747135-Pascoe-Lionspharmacy.webp","contentUrl":"https:\/\/lions-pharmacy.com\/wp-content\/uploads\/2024\/11\/Rhytmopasc-PZN-08747135-Pascoe-Lionspharmacy.webp","width":600,"height":600,"caption":"Das Bild zeigt Rhytmopasc. PZN 08747135. Pascoe. L\u00f6wen-Apotheke"},{"@type":"BreadcrumbList","@id":"https:\/\/lions-pharmacy.com\/de\/produkt\/rytmopasc-100-ml-4150087471357#breadcrumb","itemListElement":[{"@type":"ListItem","position":1,"name":"Home","item":"https:\/\/lions-pharmacy.com\/de\/homepage-lion-pharmacy"},{"@type":"ListItem","position":2,"name":"Shop","item":"https:\/\/lions-pharmacy.com\/de\/shop-2"},{"@type":"ListItem","position":3,"name":"Rytmopasc 100 ml"}]},{"@type":"WebSite","@id":"https:\/\/lions-pharmacy.com\/de#website","url":"https:\/\/lions-pharmacy.com\/de","name":"Lions Pharmacy","description":"Ihr Spezialist f\u00fcr Naturheilkunde aus Baden-Baden, Germany","publisher":{"@id":"https:\/\/lions-pharmacy.com\/de#organization"},"alternateName":"Lion Pharmacy","potentialAction":[{"@type":"SearchAction","target":{"@type":"EntryPoint","urlTemplate":"https:\/\/lions-pharmacy.com\/de?s={search_term_string}"},"query-input":{"@type":"PropertyValueSpecification","valueRequired":true,"valueName":"search_term_string"}}],"inLanguage":"de"},{"@type":"Organization","@id":"https:\/\/lions-pharmacy.com\/de#organization","name":"Lions Pharmacy","alternateName":"Lions Pharmacy24","url":"https:\/\/lions-pharmacy.com\/de","logo":{"@type":"ImageObject","inLanguage":"de","@id":"https:\/\/lions-pharmacy.com\/de#\/schema\/logo\/image\/","url":"https:\/\/lions-pharmacy.com\/wp-content\/uploads\/2022\/12\/Logo-Lion-Pharmacy-c-o-Loewen-Apotheke-smal.jpg","contentUrl":"https:\/\/lions-pharmacy.com\/wp-content\/uploads\/2022\/12\/Logo-Lion-Pharmacy-c-o-Loewen-Apotheke-smal.jpg","width":298,"height":99,"caption":"Lions Pharmacy"},"image":{"@id":"https:\/\/lions-pharmacy.com\/de#\/schema\/logo\/image\/"}}]}},"_links":{"self":[{"href":"https:\/\/lions-pharmacy.com\/de\/wp-json\/wp\/v2\/product\/6667","targetHints":{"allow":["GET"]}}],"collection":[{"href":"https:\/\/lions-pharmacy.com\/de\/wp-json\/wp\/v2\/product"}],"about":[{"href":"https:\/\/lions-pharmacy.com\/de\/wp-json\/wp\/v2\/types\/product"}],"replies":[{"embeddable":true,"href":"https:\/\/lions-pharmacy.com\/de\/wp-json\/wp\/v2\/comments?post=6667"}],"wp:featuredmedia":[{"embeddable":true,"href":"https:\/\/lions-pharmacy.com\/de\/wp-json\/wp\/v2\/media\/6670"}],"wp:attachment":[{"href":"https:\/\/lions-pharmacy.com\/de\/wp-json\/wp\/v2\/media?parent=6667"}],"wp:term":[{"taxonomy":"product_brand","embeddable":true,"href":"https:\/\/lions-pharmacy.com\/de\/wp-json\/wp\/v2\/product_brand?post=6667"},{"taxonomy":"product_cat","embeddable":true,"href":"https:\/\/lions-pharmacy.com\/de\/wp-json\/wp\/v2\/product_cat?post=6667"},{"taxonomy":"product_tag","embeddable":true,"href":"https:\/\/lions-pharmacy.com\/de\/wp-json\/wp\/v2\/product_tag?post=6667"}],"curies":[{"name":"wp","href":"https:\/\/api.w.org\/{rel}","templated":true}]}}