{"id":6210,"date":"2024-11-10T06:45:05","date_gmt":"2024-11-10T05:45:05","guid":{"rendered":"https:\/\/lions-pharmacy.com\/?post_type=product&#038;p=6210"},"modified":"2026-02-17T10:02:03","modified_gmt":"2026-02-17T09:02:03","slug":"wobenzym-tablets-200-pcs-13751848","status":"publish","type":"product","link":"https:\/\/lions-pharmacy.com\/de\/produkt\/wobenzym-tablets-200-pcs-13751848","title":{"rendered":"WOBENZYM Tabletten 200 Stk."},"content":{"rendered":"<h3>WOBENZYM Tabletten magensaftresistente Tabletten<\/h3>\n<p>Wobenzym Tabletten 200 St\u00fcck bei Gelenk- und Muskelbeschwerden aufgrund von Verletzungen oder Arthrose. Die spezielle Kombination von Enzymen im Wobenzym bei Beschwerden, deren Ursache auf einen entz\u00fcndlichen Prozess zur\u00fcckzuf\u00fchren ist. Im Gegensatz zu herk\u00f6mmlichen antirheumatischen und entz\u00fcndungshemmenden Mitteln beschleunigt Wobenzym den Selbstheilungsprozess des K\u00f6rpers, anstatt nur Entz\u00fcndungen zu unterdr\u00fccken.<\/p>\n<p>Zur Unterst\u00fctzung des Immunsystems.<\/p>\n<p>Die besondere Enzymkraft des Medikaments geht auf die Entz\u00fcndung als Ursache der Schmerzen ein und f\u00f6rdert die Heilung auf nat\u00fcrliche Weise. Es hilft Ihnen, aktiv zu sein und das Leben auf nat\u00fcrliche Weise zu genie\u00dfen. Nahrungserg\u00e4nzungsmittel sind kein Ersatz f\u00fcr eine abwechslungsreiche und ausgewogene Ern\u00e4hrung oder eine gesunde Lebensweise. \u00dcberschreiten Sie nicht die empfohlene Tagesdosis.<\/p>\n<p>Weitere Produktdetails finden Sie beim Hersteller: <a href=\"https:\/\/www.wobenzym.de\/\" target=\"_blank\" rel=\"noopener\">Wobenzym &#8211; MUCOS Pharma GmbH &amp; Co KG<\/a><\/p>\n<p>Packungsbeilage\/Gebrauchsanweisung\/Artikeldatenblatt: &#8211; (PDF-Reader)<\/p>\n<p>Andere Produkte f\u00fcr die Anwendung: <a href=\"https:\/\/lions-pharmacy.com\/de\/produkt-schlagwort\/erkaltungen-grippe\">Infektionen<\/a> | <a href=\"https:\/\/lions-pharmacy.com\/de\/produkt-schlagwort\/vitamine-und-nahrungserganzungsmittel\" rel=\"tag\">Vitamine &amp; Nahrungserg\u00e4nzungsmittel<\/a> | <a href=\"https:\/\/lions-pharmacy.com\/de\/produkt-schlagwort\/gewicht-und-fitness\" rel=\"tag\">Gewicht &amp; Fitness<\/a><\/p>\n<p>Informationen auf dieser Website werden ausschlie\u00dflich f\u00fcr informative Zwecke zur Verf\u00fcgung gestellt. Sie ersetzen keinesfalls die Untersuchung und Behandlung durch einen Arzt. Bitte beachten Sie, dass hierdurch weder Diagnosen gestellt noch Therapien eingeleitet werden k\u00f6nnen.<\/p>\n<p>Zu Risiken und Nebenwirkungen lesen Sie die Packungsbeilage und fragen Sie Ihren Arzt oder Apotheker.<\/p>\n","protected":false},"excerpt":{"rendered":"<h2>WOBENZYM Tabletten 200 Stk.<\/h2>\n<p>WOBENZYM magensaftresistente Tabletten zur unterst\u00fctzenden Behandlung von Erwachsenen mit Schwellungen, Entz\u00fcndungen oder Schmerzen. Zur Unterst\u00fctzung des Immunsystems.<\/p>\n<p>&nbsp;<\/p>\n<p><strong>PZN<\/strong>: 13751848 (Pharmazentralnummer)<\/p>\n<p><strong>Darreichungsform<\/strong>: Tabletten<\/p>\n<p><strong>Verschreibungsart<\/strong>: verschreibungsfrei<\/p>\n<p><strong>Marke<\/strong>: Wobenzym<\/p>\n<p><strong>Hersteller<\/strong>: MUCOS Pharma GmbH &amp; Co KG<\/p>\n<p><strong>Packungsgr\u00f6\u00dfe<\/strong>: 200 St\u00fcck.<\/p>\n","protected":false},"featured_media":6213,"comment_status":"closed","ping_status":"closed","template":"","meta":[],"product_brand":[911],"product_cat":[367,368],"product_tag":[379,428,429],"class_list":{"0":"post-6210","1":"product","2":"type-product","3":"status-publish","4":"has-post-thumbnail","6":"product_brand-wobenzym","7":"product_cat-sale-de","8":"product_cat-shop-de","9":"product_tag-monatlicher-sale-de","10":"product_tag-virusinfektion","11":"product_tag-vitamine-und-nahrungserganzungsmittel","12":"ts_product_brand-alle","14":"first","15":"outofstock","16":"taxable","17":"shipping-taxable","18":"purchasable","19":"product-type-simple"},"yoast_head":"<!-- This site is optimized with the Yoast SEO plugin v26.5 - https:\/\/yoast.com\/wordpress\/plugins\/seo\/ -->\n<title>WOBENZYM Tabletten 200 Stk. &#187; L\u00f6wen Apotheke &#187;<\/title>\n<meta name=\"description\" content=\"Experten aus zugelassenen deutschen Apotheken. WOBENZYM Tabletten 200 Stk. Entz\u00fcndungshemmende Medikamente oder Gelenkschmerzen. Wir bieten: G\u00fcnstige Preise, schneller Versand\" \/>\n<meta name=\"robots\" content=\"index, follow, max-snippet:-1, max-image-preview:large, max-video-preview:-1\" \/>\n<link rel=\"canonical\" href=\"https:\/\/lions-pharmacy.com\/de\/produkt\/wobenzym-tablets-200-pcs-13751848\" \/>\n<meta property=\"og:locale\" content=\"de_DE\" \/>\n<meta property=\"og:type\" content=\"article\" \/>\n<meta property=\"og:title\" content=\"WOBENZYM Tabletten 200 Stk. &#187; L\u00f6wen Apotheke &#187;\" \/>\n<meta property=\"og:description\" content=\"Experten aus zugelassenen deutschen Apotheken. WOBENZYM Tabletten 200 Stk. Entz\u00fcndungshemmende Medikamente oder Gelenkschmerzen. Wir bieten: G\u00fcnstige Preise, schneller Versand\" \/>\n<meta property=\"og:url\" content=\"https:\/\/lions-pharmacy.com\/de\/produkt\/wobenzym-tablets-200-pcs-13751848\" \/>\n<meta property=\"og:site_name\" content=\"L\u00f6wen Apotheke\" \/>\n<meta property=\"article:modified_time\" content=\"2026-02-17T09:02:03+00:00\" \/>\n<meta property=\"og:image\" content=\"https:\/\/lions-pharmacy.com\/wp-content\/uploads\/2024\/11\/WOBENZYM-Tablets-200-pcs-13751854-Lions-Pharmacy.webp\" \/>\n\t<meta property=\"og:image:width\" content=\"600\" \/>\n\t<meta property=\"og:image:height\" content=\"600\" \/>\n\t<meta property=\"og:image:type\" content=\"image\/webp\" \/>\n<meta name=\"twitter:card\" content=\"summary_large_image\" \/>\n<meta name=\"twitter:label1\" content=\"Gesch\u00e4tzte Lesezeit\" \/>\n\t<meta name=\"twitter:data1\" content=\"1\u00a0Minute\" \/>\n<script type=\"application\/ld+json\" class=\"yoast-schema-graph\">{\"@context\":\"https:\/\/schema.org\",\"@graph\":[{\"@type\":\"WebPage\",\"@id\":\"https:\/\/lions-pharmacy.com\/de\/produkt\/wobenzym-tablets-200-pcs-13751848\",\"url\":\"https:\/\/lions-pharmacy.com\/de\/produkt\/wobenzym-tablets-200-pcs-13751848\",\"name\":\"WOBENZYM Tabletten 200 Stk. &#187; L\u00f6wen Apotheke &#187;\",\"isPartOf\":{\"@id\":\"https:\/\/lions-pharmacy.com\/de#website\"},\"primaryImageOfPage\":{\"@id\":\"https:\/\/lions-pharmacy.com\/de\/produkt\/wobenzym-tablets-200-pcs-13751848#primaryimage\"},\"image\":{\"@id\":\"https:\/\/lions-pharmacy.com\/de\/produkt\/wobenzym-tablets-200-pcs-13751848#primaryimage\"},\"thumbnailUrl\":\"https:\/\/lions-pharmacy.com\/wp-content\/uploads\/2024\/11\/WOBENZYM-Tablets-200-pcs-13751854-Lions-Pharmacy.webp\",\"datePublished\":\"2024-11-10T05:45:05+00:00\",\"dateModified\":\"2026-02-17T09:02:03+00:00\",\"description\":\"Experten aus zugelassenen deutschen Apotheken. WOBENZYM Tabletten 200 Stk. Entz\u00fcndungshemmende Medikamente oder Gelenkschmerzen. Wir bieten: G\u00fcnstige Preise, schneller Versand\",\"breadcrumb\":{\"@id\":\"https:\/\/lions-pharmacy.com\/de\/produkt\/wobenzym-tablets-200-pcs-13751848#breadcrumb\"},\"inLanguage\":\"de\",\"potentialAction\":[{\"@type\":\"ReadAction\",\"target\":[\"https:\/\/lions-pharmacy.com\/de\/produkt\/wobenzym-tablets-200-pcs-13751848\"]}]},{\"@type\":\"ImageObject\",\"inLanguage\":\"de\",\"@id\":\"https:\/\/lions-pharmacy.com\/de\/produkt\/wobenzym-tablets-200-pcs-13751848#primaryimage\",\"url\":\"https:\/\/lions-pharmacy.com\/wp-content\/uploads\/2024\/11\/WOBENZYM-Tablets-200-pcs-13751854-Lions-Pharmacy.webp\",\"contentUrl\":\"https:\/\/lions-pharmacy.com\/wp-content\/uploads\/2024\/11\/WOBENZYM-Tablets-200-pcs-13751854-Lions-Pharmacy.webp\",\"width\":600,\"height\":600,\"caption\":\"WOBENZYM Tabletten 200 St\u00fcck 13751854 Lions Apotheke\"},{\"@type\":\"BreadcrumbList\",\"@id\":\"https:\/\/lions-pharmacy.com\/de\/produkt\/wobenzym-tablets-200-pcs-13751848#breadcrumb\",\"itemListElement\":[{\"@type\":\"ListItem\",\"position\":1,\"name\":\"Home\",\"item\":\"https:\/\/lions-pharmacy.com\/de\/homepage-lion-pharmacy\"},{\"@type\":\"ListItem\",\"position\":2,\"name\":\"Shop\",\"item\":\"https:\/\/lions-pharmacy.com\/de\/shop-2\"},{\"@type\":\"ListItem\",\"position\":3,\"name\":\"WOBENZYM Tabletten 200 Stk.\"}]},{\"@type\":\"WebSite\",\"@id\":\"https:\/\/lions-pharmacy.com\/de#website\",\"url\":\"https:\/\/lions-pharmacy.com\/de\",\"name\":\"Lions Pharmacy\",\"description\":\"Ihr Spezialist f\u00fcr Naturheilkunde aus Baden-Baden, Germany\",\"publisher\":{\"@id\":\"https:\/\/lions-pharmacy.com\/de#organization\"},\"alternateName\":\"Lion Pharmacy\",\"potentialAction\":[{\"@type\":\"SearchAction\",\"target\":{\"@type\":\"EntryPoint\",\"urlTemplate\":\"https:\/\/lions-pharmacy.com\/de?s={search_term_string}\"},\"query-input\":{\"@type\":\"PropertyValueSpecification\",\"valueRequired\":true,\"valueName\":\"search_term_string\"}}],\"inLanguage\":\"de\"},{\"@type\":\"Organization\",\"@id\":\"https:\/\/lions-pharmacy.com\/de#organization\",\"name\":\"Lions Pharmacy\",\"alternateName\":\"Lions Pharmacy24\",\"url\":\"https:\/\/lions-pharmacy.com\/de\",\"logo\":{\"@type\":\"ImageObject\",\"inLanguage\":\"de\",\"@id\":\"https:\/\/lions-pharmacy.com\/de#\/schema\/logo\/image\/\",\"url\":\"https:\/\/lions-pharmacy.com\/wp-content\/uploads\/2022\/12\/Logo-Lion-Pharmacy-c-o-Loewen-Apotheke-smal.jpg\",\"contentUrl\":\"https:\/\/lions-pharmacy.com\/wp-content\/uploads\/2022\/12\/Logo-Lion-Pharmacy-c-o-Loewen-Apotheke-smal.jpg\",\"width\":298,\"height\":99,\"caption\":\"Lions Pharmacy\"},\"image\":{\"@id\":\"https:\/\/lions-pharmacy.com\/de#\/schema\/logo\/image\/\"}}]}<\/script>\n<!-- \/ Yoast SEO plugin. -->","yoast_head_json":{"title":"WOBENZYM Tabletten 200 Stk. &#187; L\u00f6wen Apotheke &#187;","description":"Experten aus zugelassenen deutschen Apotheken. WOBENZYM Tabletten 200 Stk. Entz\u00fcndungshemmende Medikamente oder Gelenkschmerzen. Wir bieten: G\u00fcnstige Preise, schneller Versand","robots":{"index":"index","follow":"follow","max-snippet":"max-snippet:-1","max-image-preview":"max-image-preview:large","max-video-preview":"max-video-preview:-1"},"canonical":"https:\/\/lions-pharmacy.com\/de\/produkt\/wobenzym-tablets-200-pcs-13751848","og_locale":"de_DE","og_type":"article","og_title":"WOBENZYM Tabletten 200 Stk. &#187; L\u00f6wen Apotheke &#187;","og_description":"Experten aus zugelassenen deutschen Apotheken. WOBENZYM Tabletten 200 Stk. Entz\u00fcndungshemmende Medikamente oder Gelenkschmerzen. Wir bieten: G\u00fcnstige Preise, schneller Versand","og_url":"https:\/\/lions-pharmacy.com\/de\/produkt\/wobenzym-tablets-200-pcs-13751848","og_site_name":"L\u00f6wen Apotheke","article_modified_time":"2026-02-17T09:02:03+00:00","og_image":[{"width":600,"height":600,"url":"https:\/\/lions-pharmacy.com\/wp-content\/uploads\/2024\/11\/WOBENZYM-Tablets-200-pcs-13751854-Lions-Pharmacy.webp","type":"image\/webp"}],"twitter_card":"summary_large_image","twitter_misc":{"Gesch\u00e4tzte Lesezeit":"1\u00a0Minute"},"schema":{"@context":"https:\/\/schema.org","@graph":[{"@type":"WebPage","@id":"https:\/\/lions-pharmacy.com\/de\/produkt\/wobenzym-tablets-200-pcs-13751848","url":"https:\/\/lions-pharmacy.com\/de\/produkt\/wobenzym-tablets-200-pcs-13751848","name":"WOBENZYM Tabletten 200 Stk. &#187; L\u00f6wen Apotheke &#187;","isPartOf":{"@id":"https:\/\/lions-pharmacy.com\/de#website"},"primaryImageOfPage":{"@id":"https:\/\/lions-pharmacy.com\/de\/produkt\/wobenzym-tablets-200-pcs-13751848#primaryimage"},"image":{"@id":"https:\/\/lions-pharmacy.com\/de\/produkt\/wobenzym-tablets-200-pcs-13751848#primaryimage"},"thumbnailUrl":"https:\/\/lions-pharmacy.com\/wp-content\/uploads\/2024\/11\/WOBENZYM-Tablets-200-pcs-13751854-Lions-Pharmacy.webp","datePublished":"2024-11-10T05:45:05+00:00","dateModified":"2026-02-17T09:02:03+00:00","description":"Experten aus zugelassenen deutschen Apotheken. WOBENZYM Tabletten 200 Stk. Entz\u00fcndungshemmende Medikamente oder Gelenkschmerzen. Wir bieten: G\u00fcnstige Preise, schneller Versand","breadcrumb":{"@id":"https:\/\/lions-pharmacy.com\/de\/produkt\/wobenzym-tablets-200-pcs-13751848#breadcrumb"},"inLanguage":"de","potentialAction":[{"@type":"ReadAction","target":["https:\/\/lions-pharmacy.com\/de\/produkt\/wobenzym-tablets-200-pcs-13751848"]}]},{"@type":"ImageObject","inLanguage":"de","@id":"https:\/\/lions-pharmacy.com\/de\/produkt\/wobenzym-tablets-200-pcs-13751848#primaryimage","url":"https:\/\/lions-pharmacy.com\/wp-content\/uploads\/2024\/11\/WOBENZYM-Tablets-200-pcs-13751854-Lions-Pharmacy.webp","contentUrl":"https:\/\/lions-pharmacy.com\/wp-content\/uploads\/2024\/11\/WOBENZYM-Tablets-200-pcs-13751854-Lions-Pharmacy.webp","width":600,"height":600,"caption":"WOBENZYM Tabletten 200 St\u00fcck 13751854 Lions Apotheke"},{"@type":"BreadcrumbList","@id":"https:\/\/lions-pharmacy.com\/de\/produkt\/wobenzym-tablets-200-pcs-13751848#breadcrumb","itemListElement":[{"@type":"ListItem","position":1,"name":"Home","item":"https:\/\/lions-pharmacy.com\/de\/homepage-lion-pharmacy"},{"@type":"ListItem","position":2,"name":"Shop","item":"https:\/\/lions-pharmacy.com\/de\/shop-2"},{"@type":"ListItem","position":3,"name":"WOBENZYM Tabletten 200 Stk."}]},{"@type":"WebSite","@id":"https:\/\/lions-pharmacy.com\/de#website","url":"https:\/\/lions-pharmacy.com\/de","name":"Lions Pharmacy","description":"Ihr Spezialist f\u00fcr Naturheilkunde aus Baden-Baden, Germany","publisher":{"@id":"https:\/\/lions-pharmacy.com\/de#organization"},"alternateName":"Lion Pharmacy","potentialAction":[{"@type":"SearchAction","target":{"@type":"EntryPoint","urlTemplate":"https:\/\/lions-pharmacy.com\/de?s={search_term_string}"},"query-input":{"@type":"PropertyValueSpecification","valueRequired":true,"valueName":"search_term_string"}}],"inLanguage":"de"},{"@type":"Organization","@id":"https:\/\/lions-pharmacy.com\/de#organization","name":"Lions Pharmacy","alternateName":"Lions Pharmacy24","url":"https:\/\/lions-pharmacy.com\/de","logo":{"@type":"ImageObject","inLanguage":"de","@id":"https:\/\/lions-pharmacy.com\/de#\/schema\/logo\/image\/","url":"https:\/\/lions-pharmacy.com\/wp-content\/uploads\/2022\/12\/Logo-Lion-Pharmacy-c-o-Loewen-Apotheke-smal.jpg","contentUrl":"https:\/\/lions-pharmacy.com\/wp-content\/uploads\/2022\/12\/Logo-Lion-Pharmacy-c-o-Loewen-Apotheke-smal.jpg","width":298,"height":99,"caption":"Lions Pharmacy"},"image":{"@id":"https:\/\/lions-pharmacy.com\/de#\/schema\/logo\/image\/"}}]}},"_links":{"self":[{"href":"https:\/\/lions-pharmacy.com\/de\/wp-json\/wp\/v2\/product\/6210","targetHints":{"allow":["GET"]}}],"collection":[{"href":"https:\/\/lions-pharmacy.com\/de\/wp-json\/wp\/v2\/product"}],"about":[{"href":"https:\/\/lions-pharmacy.com\/de\/wp-json\/wp\/v2\/types\/product"}],"replies":[{"embeddable":true,"href":"https:\/\/lions-pharmacy.com\/de\/wp-json\/wp\/v2\/comments?post=6210"}],"wp:featuredmedia":[{"embeddable":true,"href":"https:\/\/lions-pharmacy.com\/de\/wp-json\/wp\/v2\/media\/6213"}],"wp:attachment":[{"href":"https:\/\/lions-pharmacy.com\/de\/wp-json\/wp\/v2\/media?parent=6210"}],"wp:term":[{"taxonomy":"product_brand","embeddable":true,"href":"https:\/\/lions-pharmacy.com\/de\/wp-json\/wp\/v2\/product_brand?post=6210"},{"taxonomy":"product_cat","embeddable":true,"href":"https:\/\/lions-pharmacy.com\/de\/wp-json\/wp\/v2\/product_cat?post=6210"},{"taxonomy":"product_tag","embeddable":true,"href":"https:\/\/lions-pharmacy.com\/de\/wp-json\/wp\/v2\/product_tag?post=6210"}],"curies":[{"name":"wp","href":"https:\/\/api.w.org\/{rel}","templated":true}]}}