{"id":5815,"date":"2024-11-05T08:17:08","date_gmt":"2024-11-05T07:17:08","guid":{"rendered":"https:\/\/lions-pharmacy.com\/?post_type=product&#038;p=5815"},"modified":"2026-02-28T06:44:07","modified_gmt":"2026-02-28T05:44:07","slug":"pascorbin-injektion-75g-50ml-00581310","status":"publish","type":"product","link":"https:\/\/lions-pharmacy.com\/de\/produkt\/pascorbin-injektion-75g-50ml-00581310","title":{"rendered":"PASCORBIN Injektionsl\u00f6sung 7,5g\/ 50ml"},"content":{"rendered":"<h2>PASCORBIN Injektionsl\u00f6sung 7,5g<\/h2>\n<p>PASCORBIN Injektionsl\u00f6sung &#8211; diese hochdosierte Vitamin-C-Infusion ist nur in Deutschland und anderen europ\u00e4ischen L\u00e4ndern zugelassen. Pascorbin gelangt direkt in den Blutkreislauf und liefert sofort Vitamin C<br \/>\nZur Therapie von klinischem Vitamin-C-Mangel, der nicht ern\u00e4hrungsphysiologisch behoben oder oral substituiert werden kann.<\/p>\n<p>Wirkstoff: Ascorbins\u00e4ure 150 mg pro ml Injektionsl\u00f6sung.<\/p>\n<p>Das Pascoe-Portfolio umfasst rund 200 Produkte. Dazu geh\u00f6ren pflanzliche Arzneimittel, hochdosierte Vitaminpr\u00e4parate, hom\u00f6opathische Komplexmittel und Nahrungserg\u00e4nzungsmittel. Die Vielfalt der Arzneimittel ber\u00fccksichtigt die komplexen Anforderungen an Gesundheitsprodukte. Der Erfolg gibt uns auch international Recht: Unsere Produkte werden in mehr als 30 L\u00e4nder der Welt exportiert, Tendenz steigend.<\/p>\n<p>Weitere Produkte f\u00fcr die Anwendung: <a href=\"https:\/\/lions-pharmacy.com\/de\/produkt-schlagwort\/vitamine-und-nahrungserganzungsmittel\">Vitamine<\/a> | <a href=\"https:\/\/lions-pharmacy.com\/de\/produkt-schlagwort\/virusinfektion\">Infektionen <\/a> <\/p>\n<p>Erfahren Sie mehr \u00fcber den Hersteller und dieses Produkt: <a href=\"https:\/\/www.pascoe.de\/\" target=\"_blank\" rel=\"noopener\">Pascoe pharmazeutische Pr\u00e4parate GmbH<\/a> (Link zu externer Website)<\/p>\n<p>Informationen auf dieser Website werden ausschlie\u00dflich f\u00fcr informative Zwecke zur Verf\u00fcgung gestellt. Sie ersetzen keinesfalls die Untersuchung und Behandlung durch einen Arzt. Bitte beachten Sie, dass hierdurch weder Diagnosen gestellt noch Therapien eingeleitet werden k\u00f6nnen.<\/p>\n<p>Zu Risiken und Nebenwirkungen lesen Sie die Packungsbeilage und fragen Sie Ihren Arzt oder Apotheker.<\/p>\n","protected":false},"excerpt":{"rendered":"<h2>PASCORBIN Injektion 7,5g\/50ml<\/h2>\n<p>Ascorbins\u00e4ure zur Injektion &#8211; Zur Anwendung bei Erwachsenen und Kindern.<\/p>\n<p>&nbsp;<\/p>\n<p><strong>PZN:<\/strong> 00581310 (Pharmazentralnummer)<\/p>\n<p><strong>Darreichungsform<\/strong>: Injektionsl\u00f6sung<\/p>\n<p><strong>Verschreibungsart<\/strong>: verschreibungsfrei<\/p>\n<p><strong>Marke<\/strong>: PASCORBIN<\/p>\n<p><strong>Hersteller<\/strong>: Pascoe pharmazeutische Pr\u00e4parate GmbH<\/p>\n<p><strong>Packungsgr\u00f6\u00dfe<\/strong>: 1x 50ml<\/p>\n","protected":false},"featured_media":4718,"comment_status":"closed","ping_status":"closed","template":"","meta":[],"product_brand":[],"product_cat":[599,367,368],"product_tag":[429,432],"class_list":{"0":"post-5815","1":"product","2":"type-product","3":"status-publish","4":"has-post-thumbnail","6":"product_cat-pascoe-de","7":"product_cat-sale-de","8":"product_cat-shop-de","9":"product_tag-vitamine-und-nahrungserganzungsmittel","10":"product_tag-wellness-de","11":"ts_product_brand-alle","12":"ts_product_brand-pascoe-de","14":"first","15":"instock","16":"sale","17":"taxable","18":"shipping-taxable","19":"purchasable","20":"product-type-simple"},"yoast_head":"<!-- This site is optimized with the Yoast SEO plugin v26.5 - https:\/\/yoast.com\/wordpress\/plugins\/seo\/ -->\n<title>PASCORBIN Injektionsl\u00f6sung 7,5g\/ 50ml &#187; L\u00f6wen Apotheke<\/title>\n<meta name=\"description\" content=\"L\u00f6wen-Apotheke | registrierte deutsche Online-Apotheke | Schneller internationaler Versand | Erfahren Sie mehr \u00fcber Vitamin C | PASCORBIN Injektionsl\u00f6sung 7,5g\/ 50ml\" \/>\n<meta name=\"robots\" content=\"index, follow, max-snippet:-1, max-image-preview:large, max-video-preview:-1\" \/>\n<link rel=\"canonical\" href=\"https:\/\/lions-pharmacy.com\/de\/produkt\/pascorbin-injektion-75g-50ml-00581310\" \/>\n<meta property=\"og:locale\" content=\"de_DE\" \/>\n<meta property=\"og:type\" content=\"article\" \/>\n<meta property=\"og:title\" content=\"PASCORBIN Injektionsl\u00f6sung 7,5g\/ 50ml &#187; L\u00f6wen Apotheke\" \/>\n<meta property=\"og:description\" content=\"L\u00f6wen-Apotheke | registrierte deutsche Online-Apotheke | Schneller internationaler Versand | Erfahren Sie mehr \u00fcber Vitamin C | PASCORBIN Injektionsl\u00f6sung 7,5g\/ 50ml\" \/>\n<meta property=\"og:url\" content=\"https:\/\/lions-pharmacy.com\/de\/produkt\/pascorbin-injektion-75g-50ml-00581310\" \/>\n<meta property=\"og:site_name\" content=\"L\u00f6wen Apotheke\" \/>\n<meta property=\"article:modified_time\" content=\"2026-02-28T05:44:07+00:00\" \/>\n<meta property=\"og:image\" content=\"https:\/\/lions-pharmacy.com\/wp-content\/uploads\/2022\/12\/PASCORBIN-Injection-liquid-75g-20x-50ml-00581310-Pascoe-pharmazeutische-Preparate-GmbH-Lions-Pharmacy.webp\" \/>\n\t<meta property=\"og:image:width\" content=\"600\" \/>\n\t<meta property=\"og:image:height\" content=\"600\" \/>\n\t<meta property=\"og:image:type\" content=\"image\/webp\" \/>\n<meta name=\"twitter:card\" content=\"summary_large_image\" \/>\n<meta name=\"twitter:label1\" content=\"Gesch\u00e4tzte Lesezeit\" \/>\n\t<meta name=\"twitter:data1\" content=\"1\u00a0Minute\" \/>\n<script type=\"application\/ld+json\" class=\"yoast-schema-graph\">{\"@context\":\"https:\/\/schema.org\",\"@graph\":[{\"@type\":\"WebPage\",\"@id\":\"https:\/\/lions-pharmacy.com\/de\/produkt\/pascorbin-injektion-75g-50ml-00581310\",\"url\":\"https:\/\/lions-pharmacy.com\/de\/produkt\/pascorbin-injektion-75g-50ml-00581310\",\"name\":\"PASCORBIN Injektionsl\u00f6sung 7,5g\/ 50ml &#187; L\u00f6wen Apotheke\",\"isPartOf\":{\"@id\":\"https:\/\/lions-pharmacy.com\/de#website\"},\"primaryImageOfPage\":{\"@id\":\"https:\/\/lions-pharmacy.com\/de\/produkt\/pascorbin-injektion-75g-50ml-00581310#primaryimage\"},\"image\":{\"@id\":\"https:\/\/lions-pharmacy.com\/de\/produkt\/pascorbin-injektion-75g-50ml-00581310#primaryimage\"},\"thumbnailUrl\":\"https:\/\/lions-pharmacy.com\/wp-content\/uploads\/2022\/12\/PASCORBIN-Injection-liquid-75g-20x-50ml-00581310-Pascoe-pharmazeutische-Preparate-GmbH-Lions-Pharmacy.webp\",\"datePublished\":\"2024-11-05T07:17:08+00:00\",\"dateModified\":\"2026-02-28T05:44:07+00:00\",\"description\":\"L\u00f6wen-Apotheke | registrierte deutsche Online-Apotheke | Schneller internationaler Versand | Erfahren Sie mehr \u00fcber Vitamin C | PASCORBIN Injektionsl\u00f6sung 7,5g\/ 50ml\",\"breadcrumb\":{\"@id\":\"https:\/\/lions-pharmacy.com\/de\/produkt\/pascorbin-injektion-75g-50ml-00581310#breadcrumb\"},\"inLanguage\":\"de\",\"potentialAction\":[{\"@type\":\"ReadAction\",\"target\":[\"https:\/\/lions-pharmacy.com\/de\/produkt\/pascorbin-injektion-75g-50ml-00581310\"]}]},{\"@type\":\"ImageObject\",\"inLanguage\":\"de\",\"@id\":\"https:\/\/lions-pharmacy.com\/de\/produkt\/pascorbin-injektion-75g-50ml-00581310#primaryimage\",\"url\":\"https:\/\/lions-pharmacy.com\/wp-content\/uploads\/2022\/12\/PASCORBIN-Injection-liquid-75g-20x-50ml-00581310-Pascoe-pharmazeutische-Preparate-GmbH-Lions-Pharmacy.webp\",\"contentUrl\":\"https:\/\/lions-pharmacy.com\/wp-content\/uploads\/2022\/12\/PASCORBIN-Injection-liquid-75g-20x-50ml-00581310-Pascoe-pharmazeutische-Preparate-GmbH-Lions-Pharmacy.webp\",\"width\":600,\"height\":600,\"caption\":\"PASCORBIN Injektionsfl\u00fcssigkeit 75g 20x 50ml 00581310 Pascoe Pharma Pr\u00e4parate GmbH-Lions Apotheke\"},{\"@type\":\"BreadcrumbList\",\"@id\":\"https:\/\/lions-pharmacy.com\/de\/produkt\/pascorbin-injektion-75g-50ml-00581310#breadcrumb\",\"itemListElement\":[{\"@type\":\"ListItem\",\"position\":1,\"name\":\"Home\",\"item\":\"https:\/\/lions-pharmacy.com\/de\/homepage-lion-pharmacy\"},{\"@type\":\"ListItem\",\"position\":2,\"name\":\"Shop\",\"item\":\"https:\/\/lions-pharmacy.com\/de\/shop-2\"},{\"@type\":\"ListItem\",\"position\":3,\"name\":\"PASCORBIN Injektionsl\u00f6sung 7,5g\/ 50ml\"}]},{\"@type\":\"WebSite\",\"@id\":\"https:\/\/lions-pharmacy.com\/de#website\",\"url\":\"https:\/\/lions-pharmacy.com\/de\",\"name\":\"Lions Pharmacy\",\"description\":\"Ihr Spezialist f\u00fcr Naturheilkunde aus Baden-Baden, Germany\",\"publisher\":{\"@id\":\"https:\/\/lions-pharmacy.com\/de#organization\"},\"alternateName\":\"Lion Pharmacy\",\"potentialAction\":[{\"@type\":\"SearchAction\",\"target\":{\"@type\":\"EntryPoint\",\"urlTemplate\":\"https:\/\/lions-pharmacy.com\/de?s={search_term_string}\"},\"query-input\":{\"@type\":\"PropertyValueSpecification\",\"valueRequired\":true,\"valueName\":\"search_term_string\"}}],\"inLanguage\":\"de\"},{\"@type\":\"Organization\",\"@id\":\"https:\/\/lions-pharmacy.com\/de#organization\",\"name\":\"Lions Pharmacy\",\"alternateName\":\"Lions Pharmacy24\",\"url\":\"https:\/\/lions-pharmacy.com\/de\",\"logo\":{\"@type\":\"ImageObject\",\"inLanguage\":\"de\",\"@id\":\"https:\/\/lions-pharmacy.com\/de#\/schema\/logo\/image\/\",\"url\":\"https:\/\/lions-pharmacy.com\/wp-content\/uploads\/2022\/12\/Logo-Lion-Pharmacy-c-o-Loewen-Apotheke-smal.jpg\",\"contentUrl\":\"https:\/\/lions-pharmacy.com\/wp-content\/uploads\/2022\/12\/Logo-Lion-Pharmacy-c-o-Loewen-Apotheke-smal.jpg\",\"width\":298,\"height\":99,\"caption\":\"Lions Pharmacy\"},\"image\":{\"@id\":\"https:\/\/lions-pharmacy.com\/de#\/schema\/logo\/image\/\"}}]}<\/script>\n<!-- \/ Yoast SEO plugin. -->","yoast_head_json":{"title":"PASCORBIN Injektionsl\u00f6sung 7,5g\/ 50ml &#187; L\u00f6wen Apotheke","description":"L\u00f6wen-Apotheke | registrierte deutsche Online-Apotheke | Schneller internationaler Versand | Erfahren Sie mehr \u00fcber Vitamin C | PASCORBIN Injektionsl\u00f6sung 7,5g\/ 50ml","robots":{"index":"index","follow":"follow","max-snippet":"max-snippet:-1","max-image-preview":"max-image-preview:large","max-video-preview":"max-video-preview:-1"},"canonical":"https:\/\/lions-pharmacy.com\/de\/produkt\/pascorbin-injektion-75g-50ml-00581310","og_locale":"de_DE","og_type":"article","og_title":"PASCORBIN Injektionsl\u00f6sung 7,5g\/ 50ml &#187; L\u00f6wen Apotheke","og_description":"L\u00f6wen-Apotheke | registrierte deutsche Online-Apotheke | Schneller internationaler Versand | Erfahren Sie mehr \u00fcber Vitamin C | PASCORBIN Injektionsl\u00f6sung 7,5g\/ 50ml","og_url":"https:\/\/lions-pharmacy.com\/de\/produkt\/pascorbin-injektion-75g-50ml-00581310","og_site_name":"L\u00f6wen Apotheke","article_modified_time":"2026-02-28T05:44:07+00:00","og_image":[{"width":600,"height":600,"url":"https:\/\/lions-pharmacy.com\/wp-content\/uploads\/2022\/12\/PASCORBIN-Injection-liquid-75g-20x-50ml-00581310-Pascoe-pharmazeutische-Preparate-GmbH-Lions-Pharmacy.webp","type":"image\/webp"}],"twitter_card":"summary_large_image","twitter_misc":{"Gesch\u00e4tzte Lesezeit":"1\u00a0Minute"},"schema":{"@context":"https:\/\/schema.org","@graph":[{"@type":"WebPage","@id":"https:\/\/lions-pharmacy.com\/de\/produkt\/pascorbin-injektion-75g-50ml-00581310","url":"https:\/\/lions-pharmacy.com\/de\/produkt\/pascorbin-injektion-75g-50ml-00581310","name":"PASCORBIN Injektionsl\u00f6sung 7,5g\/ 50ml &#187; L\u00f6wen Apotheke","isPartOf":{"@id":"https:\/\/lions-pharmacy.com\/de#website"},"primaryImageOfPage":{"@id":"https:\/\/lions-pharmacy.com\/de\/produkt\/pascorbin-injektion-75g-50ml-00581310#primaryimage"},"image":{"@id":"https:\/\/lions-pharmacy.com\/de\/produkt\/pascorbin-injektion-75g-50ml-00581310#primaryimage"},"thumbnailUrl":"https:\/\/lions-pharmacy.com\/wp-content\/uploads\/2022\/12\/PASCORBIN-Injection-liquid-75g-20x-50ml-00581310-Pascoe-pharmazeutische-Preparate-GmbH-Lions-Pharmacy.webp","datePublished":"2024-11-05T07:17:08+00:00","dateModified":"2026-02-28T05:44:07+00:00","description":"L\u00f6wen-Apotheke | registrierte deutsche Online-Apotheke | Schneller internationaler Versand | Erfahren Sie mehr \u00fcber Vitamin C | PASCORBIN Injektionsl\u00f6sung 7,5g\/ 50ml","breadcrumb":{"@id":"https:\/\/lions-pharmacy.com\/de\/produkt\/pascorbin-injektion-75g-50ml-00581310#breadcrumb"},"inLanguage":"de","potentialAction":[{"@type":"ReadAction","target":["https:\/\/lions-pharmacy.com\/de\/produkt\/pascorbin-injektion-75g-50ml-00581310"]}]},{"@type":"ImageObject","inLanguage":"de","@id":"https:\/\/lions-pharmacy.com\/de\/produkt\/pascorbin-injektion-75g-50ml-00581310#primaryimage","url":"https:\/\/lions-pharmacy.com\/wp-content\/uploads\/2022\/12\/PASCORBIN-Injection-liquid-75g-20x-50ml-00581310-Pascoe-pharmazeutische-Preparate-GmbH-Lions-Pharmacy.webp","contentUrl":"https:\/\/lions-pharmacy.com\/wp-content\/uploads\/2022\/12\/PASCORBIN-Injection-liquid-75g-20x-50ml-00581310-Pascoe-pharmazeutische-Preparate-GmbH-Lions-Pharmacy.webp","width":600,"height":600,"caption":"PASCORBIN Injektionsfl\u00fcssigkeit 75g 20x 50ml 00581310 Pascoe Pharma Pr\u00e4parate GmbH-Lions Apotheke"},{"@type":"BreadcrumbList","@id":"https:\/\/lions-pharmacy.com\/de\/produkt\/pascorbin-injektion-75g-50ml-00581310#breadcrumb","itemListElement":[{"@type":"ListItem","position":1,"name":"Home","item":"https:\/\/lions-pharmacy.com\/de\/homepage-lion-pharmacy"},{"@type":"ListItem","position":2,"name":"Shop","item":"https:\/\/lions-pharmacy.com\/de\/shop-2"},{"@type":"ListItem","position":3,"name":"PASCORBIN Injektionsl\u00f6sung 7,5g\/ 50ml"}]},{"@type":"WebSite","@id":"https:\/\/lions-pharmacy.com\/de#website","url":"https:\/\/lions-pharmacy.com\/de","name":"Lions Pharmacy","description":"Ihr Spezialist f\u00fcr Naturheilkunde aus Baden-Baden, Germany","publisher":{"@id":"https:\/\/lions-pharmacy.com\/de#organization"},"alternateName":"Lion Pharmacy","potentialAction":[{"@type":"SearchAction","target":{"@type":"EntryPoint","urlTemplate":"https:\/\/lions-pharmacy.com\/de?s={search_term_string}"},"query-input":{"@type":"PropertyValueSpecification","valueRequired":true,"valueName":"search_term_string"}}],"inLanguage":"de"},{"@type":"Organization","@id":"https:\/\/lions-pharmacy.com\/de#organization","name":"Lions Pharmacy","alternateName":"Lions Pharmacy24","url":"https:\/\/lions-pharmacy.com\/de","logo":{"@type":"ImageObject","inLanguage":"de","@id":"https:\/\/lions-pharmacy.com\/de#\/schema\/logo\/image\/","url":"https:\/\/lions-pharmacy.com\/wp-content\/uploads\/2022\/12\/Logo-Lion-Pharmacy-c-o-Loewen-Apotheke-smal.jpg","contentUrl":"https:\/\/lions-pharmacy.com\/wp-content\/uploads\/2022\/12\/Logo-Lion-Pharmacy-c-o-Loewen-Apotheke-smal.jpg","width":298,"height":99,"caption":"Lions Pharmacy"},"image":{"@id":"https:\/\/lions-pharmacy.com\/de#\/schema\/logo\/image\/"}}]}},"_links":{"self":[{"href":"https:\/\/lions-pharmacy.com\/de\/wp-json\/wp\/v2\/product\/5815","targetHints":{"allow":["GET"]}}],"collection":[{"href":"https:\/\/lions-pharmacy.com\/de\/wp-json\/wp\/v2\/product"}],"about":[{"href":"https:\/\/lions-pharmacy.com\/de\/wp-json\/wp\/v2\/types\/product"}],"replies":[{"embeddable":true,"href":"https:\/\/lions-pharmacy.com\/de\/wp-json\/wp\/v2\/comments?post=5815"}],"wp:featuredmedia":[{"embeddable":true,"href":"https:\/\/lions-pharmacy.com\/de\/wp-json\/wp\/v2\/media\/4718"}],"wp:attachment":[{"href":"https:\/\/lions-pharmacy.com\/de\/wp-json\/wp\/v2\/media?parent=5815"}],"wp:term":[{"taxonomy":"product_brand","embeddable":true,"href":"https:\/\/lions-pharmacy.com\/de\/wp-json\/wp\/v2\/product_brand?post=5815"},{"taxonomy":"product_cat","embeddable":true,"href":"https:\/\/lions-pharmacy.com\/de\/wp-json\/wp\/v2\/product_cat?post=5815"},{"taxonomy":"product_tag","embeddable":true,"href":"https:\/\/lions-pharmacy.com\/de\/wp-json\/wp\/v2\/product_tag?post=5815"}],"curies":[{"name":"wp","href":"https:\/\/api.w.org\/{rel}","templated":true}]}}