{"id":5803,"date":"2024-11-05T06:53:31","date_gmt":"2024-11-05T05:53:31","guid":{"rendered":"https:\/\/lions-pharmacy.com\/?post_type=product&#038;p=5803"},"modified":"2024-12-15T07:12:36","modified_gmt":"2024-12-15T06:12:36","slug":"fenistil-gel-dimetindenmaleat-1-mg-g-copy","status":"publish","type":"product","link":"https:\/\/lions-pharmacy.com\/de\/produkt\/fenistil-gel-dimetindenmaleat-1-mg-g-copy","title":{"rendered":"Verla Magnesium Verla N Dragees 200 Stk."},"content":{"rendered":"<h3>Verla Magnesium Verla N Dragees 200 Stk.<\/h3>\n<p>Magnesium Verla zur Anwendung bei Magnesiummangel, die keine Infusion erfordern.<\/p>\n<p>Bei leichtem Magnesiummangel wirkt Magnesium Verla sofort und bringt den Mineralstoffhaushalt wieder ins Gleichgewicht.<\/p>\n<p>Kleinere St\u00f6rungen wie Kr\u00e4mpfe, Verspannungen im Nacken- und Schulterbereich, Augenlidzucken, innere Unruhe und Nervosit\u00e4t k\u00f6nnen Anzeichen f\u00fcr einen Magnesiummangel sein. Magnesium Verla kann hier schnell Abhilfe schaffen.<\/p>\n<p>Es kann auch sinnvoll sein, zus\u00e4tzliches Magnesium einzunehmen, wenn Sie mehr Sport treiben und w\u00e4hrend der Schwangerschaft und Stillzeit. Das liegt daran, dass in dieser Zeit ein erh\u00f6hter Bedarf besteht.<\/p>\n<p>Das Medikament enth\u00e4lt Saccharose und Glukose. Die Dosierung ist in der Packungsbeilage beschrieben und h\u00e4ngt vom Ausma\u00df deines Magnesiummangels ab.<\/p>\n<p>Weitere Produkte f\u00fcr die Anwendung: <a href=\"https:\/\/lions-pharmacy.com\/product-tag\/weight-fitness\">Wellness &amp; Gesundheit<\/a> | <a href=\"https:\/\/lions-pharmacy.com\/product-tag\/vitamins-supplements\">Vitamine &amp; Nahrungserg\u00e4nzungsmittel Produkte<\/a><\/p>\n<p>Informationen auf dieser Website werden ausschlie\u00dflich f\u00fcr informative Zwecke zur Verf\u00fcgung gestellt. Sie ersetzen keinesfalls die Untersuchung und Behandlung durch einen Arzt. Bitte beachten Sie, dass hierdurch weder Diagnosen gestellt noch Therapien eingeleitet werden k\u00f6nnen.<\/p>\n<p>Zu Risiken und Nebenwirkungen lesen Sie die Packungsbeilage und fragen Sie Ihren Arzt oder Apotheker.<\/p>\n<p>&nbsp;<\/p>\n<h3 style=\"text-align: left;\">Verschreibung | E-Rezept erh\u00e4ltlich?<\/h3>\n<p>Reichen Sie jetzt Ihr E-Rezept ein. Nutzen Sie unsere <a href=\"https:\/\/e-rezept-app.de\/shop-rezept\" target=\"_blank\" rel=\"noopener\">E-Rezept-App<\/a> . Und wir schenken Ihnen die Versandkosten in Deutschland!<\/p>\n","protected":false},"excerpt":{"rendered":"<h2>Verla Magnesium Verla N Dragees 200 Stk.<\/h2>\n<p>Eine schnelle Hilfe bei leichtem Magnesiummangel<\/p>\n<p>&nbsp;<\/p>\n<div class=\"rating__wrap\">\n<p><strong>PZN:<\/strong> 04911945 (Pharmazentralnummer)<\/p>\n<p><strong>Darreichungsform<\/strong>: Dragees &#8211; 200 St\u00fcck<\/p>\n<p><strong>Art der Verordnung:<\/strong> Kein Rezept<\/p>\n<p><strong>Marke<\/strong>: Magnesium Verla<\/p>\n<p><strong>Hersteller:<\/strong>Verla-Pharm Arzneimittel GmbH &amp; Co. KG<\/p>\n<p>&nbsp;<\/p>\n<\/div>\n","protected":false},"featured_media":5808,"comment_status":"closed","ping_status":"closed","template":"","meta":[],"product_brand":[],"product_cat":[367,368],"product_tag":[434,429,432],"class_list":{"0":"post-5803","1":"product","2":"type-product","3":"status-publish","4":"has-post-thumbnail","6":"product_cat-sale-de","7":"product_cat-shop-de","8":"product_tag-gewicht-und-fitness","9":"product_tag-vitamine-und-nahrungserganzungsmittel","10":"product_tag-wellness-de","11":"ts_product_brand-alle","13":"first","14":"instock","15":"featured","16":"taxable","17":"shipping-taxable","18":"purchasable","19":"product-type-simple"},"yoast_head":"<!-- This site is optimized with the Yoast SEO plugin v26.5 - https:\/\/yoast.com\/wordpress\/plugins\/seo\/ -->\n<title>Verla Magnesium Verla N Dragees 200 Stk. &#187; hier bestellen<\/title>\n<meta name=\"description\" content=\"Verla Magnesium Verla N Dragees 200 Stk. f\u00fcr Magnesiummangel. Geliefert von Ihrer deutschen Online-Apotheke. Schneller Versand. Top Service.\" \/>\n<meta name=\"robots\" content=\"index, follow, max-snippet:-1, max-image-preview:large, max-video-preview:-1\" \/>\n<link rel=\"canonical\" href=\"https:\/\/lions-pharmacy.com\/de\/produkt\/fenistil-gel-dimetindenmaleat-1-mg-g-copy\" \/>\n<meta property=\"og:locale\" content=\"de_DE\" \/>\n<meta property=\"og:type\" content=\"article\" \/>\n<meta property=\"og:title\" content=\"Verla Magnesium Verla N Dragees 200 Stk. &#187; hier bestellen\" \/>\n<meta property=\"og:description\" content=\"Verla Magnesium Verla N Dragees 200 Stk. f\u00fcr Magnesiummangel. Geliefert von Ihrer deutschen Online-Apotheke. Schneller Versand. Top Service.\" \/>\n<meta property=\"og:url\" content=\"https:\/\/lions-pharmacy.com\/de\/produkt\/fenistil-gel-dimetindenmaleat-1-mg-g-copy\" \/>\n<meta property=\"og:site_name\" content=\"L\u00f6wen Apotheke\" \/>\n<meta property=\"article:modified_time\" content=\"2024-12-15T06:12:36+00:00\" \/>\n<meta property=\"og:image\" content=\"https:\/\/lions-pharmacy.com\/wp-content\/uploads\/2024\/11\/Verla-Magnesium-Verla-N-Dragees-200-pcs.-04911945-Lions-Pharmacy.webp\" \/>\n\t<meta property=\"og:image:width\" content=\"600\" \/>\n\t<meta property=\"og:image:height\" content=\"600\" \/>\n\t<meta property=\"og:image:type\" content=\"image\/webp\" \/>\n<meta name=\"twitter:card\" content=\"summary_large_image\" \/>\n<meta name=\"twitter:label1\" content=\"Gesch\u00e4tzte Lesezeit\" \/>\n\t<meta name=\"twitter:data1\" content=\"1\u00a0Minute\" \/>\n<script type=\"application\/ld+json\" class=\"yoast-schema-graph\">{\"@context\":\"https:\/\/schema.org\",\"@graph\":[{\"@type\":\"WebPage\",\"@id\":\"https:\/\/lions-pharmacy.com\/de\/produkt\/fenistil-gel-dimetindenmaleat-1-mg-g-copy\",\"url\":\"https:\/\/lions-pharmacy.com\/de\/produkt\/fenistil-gel-dimetindenmaleat-1-mg-g-copy\",\"name\":\"Verla Magnesium Verla N Dragees 200 Stk. &#187; hier bestellen\",\"isPartOf\":{\"@id\":\"https:\/\/lions-pharmacy.com\/de#website\"},\"primaryImageOfPage\":{\"@id\":\"https:\/\/lions-pharmacy.com\/de\/produkt\/fenistil-gel-dimetindenmaleat-1-mg-g-copy#primaryimage\"},\"image\":{\"@id\":\"https:\/\/lions-pharmacy.com\/de\/produkt\/fenistil-gel-dimetindenmaleat-1-mg-g-copy#primaryimage\"},\"thumbnailUrl\":\"https:\/\/lions-pharmacy.com\/wp-content\/uploads\/2024\/11\/Verla-Magnesium-Verla-N-Dragees-200-pcs.-04911945-Lions-Pharmacy.webp\",\"datePublished\":\"2024-11-05T05:53:31+00:00\",\"dateModified\":\"2024-12-15T06:12:36+00:00\",\"description\":\"Verla Magnesium Verla N Dragees 200 Stk. f\u00fcr Magnesiummangel. Geliefert von Ihrer deutschen Online-Apotheke. Schneller Versand. Top Service.\",\"breadcrumb\":{\"@id\":\"https:\/\/lions-pharmacy.com\/de\/produkt\/fenistil-gel-dimetindenmaleat-1-mg-g-copy#breadcrumb\"},\"inLanguage\":\"de\",\"potentialAction\":[{\"@type\":\"ReadAction\",\"target\":[\"https:\/\/lions-pharmacy.com\/de\/produkt\/fenistil-gel-dimetindenmaleat-1-mg-g-copy\"]}]},{\"@type\":\"ImageObject\",\"inLanguage\":\"de\",\"@id\":\"https:\/\/lions-pharmacy.com\/de\/produkt\/fenistil-gel-dimetindenmaleat-1-mg-g-copy#primaryimage\",\"url\":\"https:\/\/lions-pharmacy.com\/wp-content\/uploads\/2024\/11\/Verla-Magnesium-Verla-N-Dragees-200-pcs.-04911945-Lions-Pharmacy.webp\",\"contentUrl\":\"https:\/\/lions-pharmacy.com\/wp-content\/uploads\/2024\/11\/Verla-Magnesium-Verla-N-Dragees-200-pcs.-04911945-Lions-Pharmacy.webp\",\"width\":600,\"height\":600,\"caption\":\"Verla Magnesium Verla N Dragees 200 Stk. 04911945 L\u00f6wen Apotheke\"},{\"@type\":\"BreadcrumbList\",\"@id\":\"https:\/\/lions-pharmacy.com\/de\/produkt\/fenistil-gel-dimetindenmaleat-1-mg-g-copy#breadcrumb\",\"itemListElement\":[{\"@type\":\"ListItem\",\"position\":1,\"name\":\"Home\",\"item\":\"https:\/\/lions-pharmacy.com\/de\/homepage-lion-pharmacy\"},{\"@type\":\"ListItem\",\"position\":2,\"name\":\"Shop\",\"item\":\"https:\/\/lions-pharmacy.com\/de\/shop-2\"},{\"@type\":\"ListItem\",\"position\":3,\"name\":\"Verla Magnesium Verla N Dragees 200 Stk.\"}]},{\"@type\":\"WebSite\",\"@id\":\"https:\/\/lions-pharmacy.com\/de#website\",\"url\":\"https:\/\/lions-pharmacy.com\/de\",\"name\":\"Lions Pharmacy\",\"description\":\"Ihr Spezialist f\u00fcr Naturheilkunde aus Baden-Baden, Germany\",\"publisher\":{\"@id\":\"https:\/\/lions-pharmacy.com\/de#organization\"},\"alternateName\":\"Lion Pharmacy\",\"potentialAction\":[{\"@type\":\"SearchAction\",\"target\":{\"@type\":\"EntryPoint\",\"urlTemplate\":\"https:\/\/lions-pharmacy.com\/de?s={search_term_string}\"},\"query-input\":{\"@type\":\"PropertyValueSpecification\",\"valueRequired\":true,\"valueName\":\"search_term_string\"}}],\"inLanguage\":\"de\"},{\"@type\":\"Organization\",\"@id\":\"https:\/\/lions-pharmacy.com\/de#organization\",\"name\":\"Lions Pharmacy\",\"alternateName\":\"Lions Pharmacy24\",\"url\":\"https:\/\/lions-pharmacy.com\/de\",\"logo\":{\"@type\":\"ImageObject\",\"inLanguage\":\"de\",\"@id\":\"https:\/\/lions-pharmacy.com\/de#\/schema\/logo\/image\/\",\"url\":\"https:\/\/lions-pharmacy.com\/wp-content\/uploads\/2022\/12\/Logo-Lion-Pharmacy-c-o-Loewen-Apotheke-smal.jpg\",\"contentUrl\":\"https:\/\/lions-pharmacy.com\/wp-content\/uploads\/2022\/12\/Logo-Lion-Pharmacy-c-o-Loewen-Apotheke-smal.jpg\",\"width\":298,\"height\":99,\"caption\":\"Lions Pharmacy\"},\"image\":{\"@id\":\"https:\/\/lions-pharmacy.com\/de#\/schema\/logo\/image\/\"}}]}<\/script>\n<!-- \/ Yoast SEO plugin. -->","yoast_head_json":{"title":"Verla Magnesium Verla N Dragees 200 Stk. &#187; hier bestellen","description":"Verla Magnesium Verla N Dragees 200 Stk. f\u00fcr Magnesiummangel. Geliefert von Ihrer deutschen Online-Apotheke. Schneller Versand. Top Service.","robots":{"index":"index","follow":"follow","max-snippet":"max-snippet:-1","max-image-preview":"max-image-preview:large","max-video-preview":"max-video-preview:-1"},"canonical":"https:\/\/lions-pharmacy.com\/de\/produkt\/fenistil-gel-dimetindenmaleat-1-mg-g-copy","og_locale":"de_DE","og_type":"article","og_title":"Verla Magnesium Verla N Dragees 200 Stk. &#187; hier bestellen","og_description":"Verla Magnesium Verla N Dragees 200 Stk. f\u00fcr Magnesiummangel. Geliefert von Ihrer deutschen Online-Apotheke. Schneller Versand. Top Service.","og_url":"https:\/\/lions-pharmacy.com\/de\/produkt\/fenistil-gel-dimetindenmaleat-1-mg-g-copy","og_site_name":"L\u00f6wen Apotheke","article_modified_time":"2024-12-15T06:12:36+00:00","og_image":[{"width":600,"height":600,"url":"https:\/\/lions-pharmacy.com\/wp-content\/uploads\/2024\/11\/Verla-Magnesium-Verla-N-Dragees-200-pcs.-04911945-Lions-Pharmacy.webp","type":"image\/webp"}],"twitter_card":"summary_large_image","twitter_misc":{"Gesch\u00e4tzte Lesezeit":"1\u00a0Minute"},"schema":{"@context":"https:\/\/schema.org","@graph":[{"@type":"WebPage","@id":"https:\/\/lions-pharmacy.com\/de\/produkt\/fenistil-gel-dimetindenmaleat-1-mg-g-copy","url":"https:\/\/lions-pharmacy.com\/de\/produkt\/fenistil-gel-dimetindenmaleat-1-mg-g-copy","name":"Verla Magnesium Verla N Dragees 200 Stk. &#187; hier bestellen","isPartOf":{"@id":"https:\/\/lions-pharmacy.com\/de#website"},"primaryImageOfPage":{"@id":"https:\/\/lions-pharmacy.com\/de\/produkt\/fenistil-gel-dimetindenmaleat-1-mg-g-copy#primaryimage"},"image":{"@id":"https:\/\/lions-pharmacy.com\/de\/produkt\/fenistil-gel-dimetindenmaleat-1-mg-g-copy#primaryimage"},"thumbnailUrl":"https:\/\/lions-pharmacy.com\/wp-content\/uploads\/2024\/11\/Verla-Magnesium-Verla-N-Dragees-200-pcs.-04911945-Lions-Pharmacy.webp","datePublished":"2024-11-05T05:53:31+00:00","dateModified":"2024-12-15T06:12:36+00:00","description":"Verla Magnesium Verla N Dragees 200 Stk. f\u00fcr Magnesiummangel. Geliefert von Ihrer deutschen Online-Apotheke. Schneller Versand. Top Service.","breadcrumb":{"@id":"https:\/\/lions-pharmacy.com\/de\/produkt\/fenistil-gel-dimetindenmaleat-1-mg-g-copy#breadcrumb"},"inLanguage":"de","potentialAction":[{"@type":"ReadAction","target":["https:\/\/lions-pharmacy.com\/de\/produkt\/fenistil-gel-dimetindenmaleat-1-mg-g-copy"]}]},{"@type":"ImageObject","inLanguage":"de","@id":"https:\/\/lions-pharmacy.com\/de\/produkt\/fenistil-gel-dimetindenmaleat-1-mg-g-copy#primaryimage","url":"https:\/\/lions-pharmacy.com\/wp-content\/uploads\/2024\/11\/Verla-Magnesium-Verla-N-Dragees-200-pcs.-04911945-Lions-Pharmacy.webp","contentUrl":"https:\/\/lions-pharmacy.com\/wp-content\/uploads\/2024\/11\/Verla-Magnesium-Verla-N-Dragees-200-pcs.-04911945-Lions-Pharmacy.webp","width":600,"height":600,"caption":"Verla Magnesium Verla N Dragees 200 Stk. 04911945 L\u00f6wen Apotheke"},{"@type":"BreadcrumbList","@id":"https:\/\/lions-pharmacy.com\/de\/produkt\/fenistil-gel-dimetindenmaleat-1-mg-g-copy#breadcrumb","itemListElement":[{"@type":"ListItem","position":1,"name":"Home","item":"https:\/\/lions-pharmacy.com\/de\/homepage-lion-pharmacy"},{"@type":"ListItem","position":2,"name":"Shop","item":"https:\/\/lions-pharmacy.com\/de\/shop-2"},{"@type":"ListItem","position":3,"name":"Verla Magnesium Verla N Dragees 200 Stk."}]},{"@type":"WebSite","@id":"https:\/\/lions-pharmacy.com\/de#website","url":"https:\/\/lions-pharmacy.com\/de","name":"Lions Pharmacy","description":"Ihr Spezialist f\u00fcr Naturheilkunde aus Baden-Baden, Germany","publisher":{"@id":"https:\/\/lions-pharmacy.com\/de#organization"},"alternateName":"Lion Pharmacy","potentialAction":[{"@type":"SearchAction","target":{"@type":"EntryPoint","urlTemplate":"https:\/\/lions-pharmacy.com\/de?s={search_term_string}"},"query-input":{"@type":"PropertyValueSpecification","valueRequired":true,"valueName":"search_term_string"}}],"inLanguage":"de"},{"@type":"Organization","@id":"https:\/\/lions-pharmacy.com\/de#organization","name":"Lions Pharmacy","alternateName":"Lions Pharmacy24","url":"https:\/\/lions-pharmacy.com\/de","logo":{"@type":"ImageObject","inLanguage":"de","@id":"https:\/\/lions-pharmacy.com\/de#\/schema\/logo\/image\/","url":"https:\/\/lions-pharmacy.com\/wp-content\/uploads\/2022\/12\/Logo-Lion-Pharmacy-c-o-Loewen-Apotheke-smal.jpg","contentUrl":"https:\/\/lions-pharmacy.com\/wp-content\/uploads\/2022\/12\/Logo-Lion-Pharmacy-c-o-Loewen-Apotheke-smal.jpg","width":298,"height":99,"caption":"Lions Pharmacy"},"image":{"@id":"https:\/\/lions-pharmacy.com\/de#\/schema\/logo\/image\/"}}]}},"_links":{"self":[{"href":"https:\/\/lions-pharmacy.com\/de\/wp-json\/wp\/v2\/product\/5803","targetHints":{"allow":["GET"]}}],"collection":[{"href":"https:\/\/lions-pharmacy.com\/de\/wp-json\/wp\/v2\/product"}],"about":[{"href":"https:\/\/lions-pharmacy.com\/de\/wp-json\/wp\/v2\/types\/product"}],"replies":[{"embeddable":true,"href":"https:\/\/lions-pharmacy.com\/de\/wp-json\/wp\/v2\/comments?post=5803"}],"wp:featuredmedia":[{"embeddable":true,"href":"https:\/\/lions-pharmacy.com\/de\/wp-json\/wp\/v2\/media\/5808"}],"wp:attachment":[{"href":"https:\/\/lions-pharmacy.com\/de\/wp-json\/wp\/v2\/media?parent=5803"}],"wp:term":[{"taxonomy":"product_brand","embeddable":true,"href":"https:\/\/lions-pharmacy.com\/de\/wp-json\/wp\/v2\/product_brand?post=5803"},{"taxonomy":"product_cat","embeddable":true,"href":"https:\/\/lions-pharmacy.com\/de\/wp-json\/wp\/v2\/product_cat?post=5803"},{"taxonomy":"product_tag","embeddable":true,"href":"https:\/\/lions-pharmacy.com\/de\/wp-json\/wp\/v2\/product_tag?post=5803"}],"curies":[{"name":"wp","href":"https:\/\/api.w.org\/{rel}","templated":true}]}}