{"id":4877,"date":"2024-10-02T13:41:42","date_gmt":"2024-10-02T12:41:42","guid":{"rendered":"https:\/\/lions-pharmacy.com\/?post_type=product&#038;p=4877"},"modified":"2024-10-11T05:56:32","modified_gmt":"2024-10-11T04:56:32","slug":"ratiopharm-nasenspray-erwachsene-15-ml-copy","status":"publish","type":"product","link":"https:\/\/lions-pharmacy.com\/de\/produkt\/ratiopharm-nasenspray-erwachsene-15-ml-copy","title":{"rendered":"Sinupret Extrakt 40 Stk."},"content":{"rendered":"<h2>Sinupret Extrakt 40 Stk.<\/h2>\n<p>Sinupret Extrakt Tabletten: Sie leiden an einer chronischen oder akuten Entz\u00fcndung der Nasennebenh\u00f6hlen, dann ist Sinupret genau das Richtige f\u00fcr Sie. Mit seinen 5 nat\u00fcrlichen Wirkstoffen hilft es genau dort, wo entz\u00fcndeter und festsitzender Schleim nicht mehr entfernt wird.<\/p>\n<p>Die Wirkstoffe Primel, Enzian, Sauerampfer, Holunder und Eisenkraut l\u00f6sen den Schleim, \u00f6ffnen die Nase und befreien den Kopf auf nat\u00fcrliche Weise. Sinupret ist hochwirksam und gut vertr\u00e4glich. Au\u00dferdem solltest du viel trinken und deinem K\u00f6rper etwas Ruhe g\u00f6nnen. Wenn Sie unter Schlafproblemen leiden, finden Sie bei uns auch nat\u00fcrliche Helfer f\u00fcr eine optimale Erholung.<\/p>\n<p>Sinupret Extrakt wurde speziell f\u00fcr Nasennebenh\u00f6hlen, eine sogenannte Sinusitis, entwickelt. Dies \u00e4u\u00dfert sich h\u00e4ufig mit folgenden Symptomen: Kopfschmerzen, die sich verschlimmern, wenn Sie den Kopf nach vorne beugen<br \/>\nEin gro\u00dfer Teil des Gesichts schmerzt, eine &#8220;verstopfte&#8221; Nase. Auftreten von dicken, manchmal eitrigen Sekreten, Atemprobleme, Unwohlsein.<br \/>\nOft Fieber, Geruchsst\u00f6rung, Sinupret hilft dabei, diese Symptome zu lindern und verbessert Ihr Wohlbefinden w\u00e4hrend der Erholungsphase. Sie k\u00f6nnen Sinupret-Extrakt auch verwenden, wenn Sie laktoseintolerant sind.<\/p>\n<p><strong>Arzneistoff:<\/strong><\/p>\n<p>Wirkstoffe<br \/>\nPrimelbl\u00fcten-Trockenextrakt<br \/>\nSauerampfer-Kr\u00e4uter-Trockenextrakt<br \/>\nEisenkraut-Trockenextrakt<br \/>\nTrockenextrakt aus Enzianwurzel<br \/>\nHolunderbl\u00fcten-Trockenextrakt<\/p>\n<p>Hier finden Sie weitere Informationen zum Produkt und Hersteller: <a href=\"https:\/\/bionorica.de\/de\/produkte\/atemwege\/sinupret.html\" target=\"_blank\" rel=\"noopener\">Bionorica SE &#8211; Sinupret<\/a>.<\/p>\n<p>Weitere Produkte f\u00fcr die Anwendung: <a href=\"https:\/\/lions-pharmacy.com\/produkt-schlagwort\/cold-flu\">Erk\u00e4ltung &amp; Grippe<\/a><\/p>\n<p>Informationen auf dieser Website werden ausschlie\u00dflich f\u00fcr informative Zwecke zur Verf\u00fcgung gestellt. Sie ersetzen keinesfalls die Untersuchung und Behandlung durch einen Arzt. Bitte beachten Sie, dass hierdurch weder Diagnosen gestellt noch Therapien eingeleitet werden k\u00f6nnen.<\/p>\n<p>Zu Risiken und Nebenwirkungen lesen Sie die Packungsbeilage und fragen Sie Ihren Arzt oder Apotheker.<\/p>\n<h3 style=\"text-align: left;\">Verschreibung | E-Rezept erh\u00e4ltlich?<\/h3>\n<p>Reichen Sie jetzt Ihr E-Rezept ein. Nutzen Sie unsere <a href=\"https:\/\/e-rezept-app.de\/shop-rezept\" target=\"_blank\" rel=\"noopener\">E-Rezept-App<\/a> . Und wir schenken Ihnen die Versandkosten in Deutschland!<\/p>\n","protected":false},"excerpt":{"rendered":"<h2>Sinupret-Extrakt<\/h2>\n<p>Sinupret Extrakt Tabletten f\u00fcr Erwachsene und Kinder ab 12 Jahren.<\/p>\n<div class=\"rating__wrap\">\n<p>&nbsp;<\/p>\n<p><strong>PZN:<\/strong> 09285547 (Pharmazentralnummer)<\/p>\n<p><strong>Darreichungsform<\/strong>: Tabletten &#8211; 40 St\u00fcck<\/p>\n<p><strong>Art der Verordnung:<\/strong> Kein Rezept<\/p>\n<p><strong>Marke<\/strong>: Bionorica\u00ae<\/p>\n<p><strong>Hersteller<\/strong>: Bionorica SE, Neumarkt , Deutschland<\/p>\n<\/div>\n","protected":false},"featured_media":4927,"comment_status":"closed","ping_status":"closed","template":"","meta":[],"product_brand":[],"product_cat":[367,368],"product_tag":[387,476,428],"class_list":{"0":"post-4877","1":"product","2":"type-product","3":"status-publish","4":"has-post-thumbnail","6":"product_cat-sale-de","7":"product_cat-shop-de","8":"product_tag-erkaltungen-grippe","9":"product_tag-grippe-erkaltung","10":"product_tag-virusinfektion","11":"ts_product_brand-alle","13":"first","14":"instock","15":"sale","16":"taxable","17":"shipping-taxable","18":"purchasable","19":"product-type-simple"},"yoast_head":"<!-- This site is optimized with the Yoast SEO plugin v26.5 - https:\/\/yoast.com\/wordpress\/plugins\/seo\/ -->\n<title>Sinupret Extrakt 40 Stk. &#187; Auf Lager - Jetzt bestellen<\/title>\n<meta name=\"description\" content=\"Sinupret Extrakt 40 Stk. f\u00fcr Nasennebenh\u00f6hlenentz\u00fcndung. Hersteller: Bionorica SE. Geliefert von Ihrer deutschen Online-Apotheke. Schneller Versand. Top Service.\" \/>\n<meta name=\"robots\" content=\"index, follow, max-snippet:-1, max-image-preview:large, max-video-preview:-1\" \/>\n<link rel=\"canonical\" href=\"https:\/\/lions-pharmacy.com\/de\/produkt\/ratiopharm-nasenspray-erwachsene-15-ml-copy\" \/>\n<meta property=\"og:locale\" content=\"de_DE\" \/>\n<meta property=\"og:type\" content=\"article\" \/>\n<meta property=\"og:title\" content=\"Sinupret Extrakt 40 Stk. &#187; Auf Lager - Jetzt bestellen\" \/>\n<meta property=\"og:description\" content=\"Sinupret Extrakt 40 Stk. f\u00fcr Nasennebenh\u00f6hlenentz\u00fcndung. Hersteller: Bionorica SE. Geliefert von Ihrer deutschen Online-Apotheke. Schneller Versand. Top Service.\" \/>\n<meta property=\"og:url\" content=\"https:\/\/lions-pharmacy.com\/de\/produkt\/ratiopharm-nasenspray-erwachsene-15-ml-copy\" \/>\n<meta property=\"og:site_name\" content=\"L\u00f6wen Apotheke\" \/>\n<meta property=\"article:modified_time\" content=\"2024-10-11T04:56:32+00:00\" \/>\n<meta property=\"og:image\" content=\"https:\/\/lions-pharmacy.com\/wp-content\/uploads\/2024\/10\/Sinupret-extract-40-tablets-Lions-Pharmacy-PZN-09285547.webp\" \/>\n\t<meta property=\"og:image:width\" content=\"600\" \/>\n\t<meta property=\"og:image:height\" content=\"600\" \/>\n\t<meta property=\"og:image:type\" content=\"image\/webp\" \/>\n<meta name=\"twitter:card\" content=\"summary_large_image\" \/>\n<meta name=\"twitter:label1\" content=\"Gesch\u00e4tzte Lesezeit\" \/>\n\t<meta name=\"twitter:data1\" content=\"1\u00a0Minute\" \/>\n<script type=\"application\/ld+json\" class=\"yoast-schema-graph\">{\"@context\":\"https:\/\/schema.org\",\"@graph\":[{\"@type\":\"WebPage\",\"@id\":\"https:\/\/lions-pharmacy.com\/de\/produkt\/ratiopharm-nasenspray-erwachsene-15-ml-copy\",\"url\":\"https:\/\/lions-pharmacy.com\/de\/produkt\/ratiopharm-nasenspray-erwachsene-15-ml-copy\",\"name\":\"Sinupret Extrakt 40 Stk. &#187; Auf Lager - Jetzt bestellen\",\"isPartOf\":{\"@id\":\"https:\/\/lions-pharmacy.com\/de#website\"},\"primaryImageOfPage\":{\"@id\":\"https:\/\/lions-pharmacy.com\/de\/produkt\/ratiopharm-nasenspray-erwachsene-15-ml-copy#primaryimage\"},\"image\":{\"@id\":\"https:\/\/lions-pharmacy.com\/de\/produkt\/ratiopharm-nasenspray-erwachsene-15-ml-copy#primaryimage\"},\"thumbnailUrl\":\"https:\/\/lions-pharmacy.com\/wp-content\/uploads\/2024\/10\/Sinupret-extract-40-tablets-Lions-Pharmacy-PZN-09285547.webp\",\"datePublished\":\"2024-10-02T12:41:42+00:00\",\"dateModified\":\"2024-10-11T04:56:32+00:00\",\"description\":\"Sinupret Extrakt 40 Stk. f\u00fcr Nasennebenh\u00f6hlenentz\u00fcndung. Hersteller: Bionorica SE. Geliefert von Ihrer deutschen Online-Apotheke. Schneller Versand. Top Service.\",\"breadcrumb\":{\"@id\":\"https:\/\/lions-pharmacy.com\/de\/produkt\/ratiopharm-nasenspray-erwachsene-15-ml-copy#breadcrumb\"},\"inLanguage\":\"de\",\"potentialAction\":[{\"@type\":\"ReadAction\",\"target\":[\"https:\/\/lions-pharmacy.com\/de\/produkt\/ratiopharm-nasenspray-erwachsene-15-ml-copy\"]}]},{\"@type\":\"ImageObject\",\"inLanguage\":\"de\",\"@id\":\"https:\/\/lions-pharmacy.com\/de\/produkt\/ratiopharm-nasenspray-erwachsene-15-ml-copy#primaryimage\",\"url\":\"https:\/\/lions-pharmacy.com\/wp-content\/uploads\/2024\/10\/Sinupret-extract-40-tablets-Lions-Pharmacy-PZN-09285547.webp\",\"contentUrl\":\"https:\/\/lions-pharmacy.com\/wp-content\/uploads\/2024\/10\/Sinupret-extract-40-tablets-Lions-Pharmacy-PZN-09285547.webp\",\"width\":600,\"height\":600,\"caption\":\"Sinupret Extrakt 40 Tabletten Lions Pharmacy PZN 09285547\"},{\"@type\":\"BreadcrumbList\",\"@id\":\"https:\/\/lions-pharmacy.com\/de\/produkt\/ratiopharm-nasenspray-erwachsene-15-ml-copy#breadcrumb\",\"itemListElement\":[{\"@type\":\"ListItem\",\"position\":1,\"name\":\"Home\",\"item\":\"https:\/\/lions-pharmacy.com\/de\/homepage-lion-pharmacy\"},{\"@type\":\"ListItem\",\"position\":2,\"name\":\"Shop\",\"item\":\"https:\/\/lions-pharmacy.com\/de\/shop-2\"},{\"@type\":\"ListItem\",\"position\":3,\"name\":\"Sinupret Extrakt 40 Stk.\"}]},{\"@type\":\"WebSite\",\"@id\":\"https:\/\/lions-pharmacy.com\/de#website\",\"url\":\"https:\/\/lions-pharmacy.com\/de\",\"name\":\"Lions Pharmacy\",\"description\":\"Ihr Spezialist f\u00fcr Naturheilkunde aus Baden-Baden, Germany\",\"publisher\":{\"@id\":\"https:\/\/lions-pharmacy.com\/de#organization\"},\"alternateName\":\"Lion Pharmacy\",\"potentialAction\":[{\"@type\":\"SearchAction\",\"target\":{\"@type\":\"EntryPoint\",\"urlTemplate\":\"https:\/\/lions-pharmacy.com\/de?s={search_term_string}\"},\"query-input\":{\"@type\":\"PropertyValueSpecification\",\"valueRequired\":true,\"valueName\":\"search_term_string\"}}],\"inLanguage\":\"de\"},{\"@type\":\"Organization\",\"@id\":\"https:\/\/lions-pharmacy.com\/de#organization\",\"name\":\"Lions Pharmacy\",\"alternateName\":\"Lions Pharmacy24\",\"url\":\"https:\/\/lions-pharmacy.com\/de\",\"logo\":{\"@type\":\"ImageObject\",\"inLanguage\":\"de\",\"@id\":\"https:\/\/lions-pharmacy.com\/de#\/schema\/logo\/image\/\",\"url\":\"https:\/\/lions-pharmacy.com\/wp-content\/uploads\/2022\/12\/Logo-Lion-Pharmacy-c-o-Loewen-Apotheke-smal.jpg\",\"contentUrl\":\"https:\/\/lions-pharmacy.com\/wp-content\/uploads\/2022\/12\/Logo-Lion-Pharmacy-c-o-Loewen-Apotheke-smal.jpg\",\"width\":298,\"height\":99,\"caption\":\"Lions Pharmacy\"},\"image\":{\"@id\":\"https:\/\/lions-pharmacy.com\/de#\/schema\/logo\/image\/\"}}]}<\/script>\n<!-- \/ Yoast SEO plugin. -->","yoast_head_json":{"title":"Sinupret Extrakt 40 Stk. &#187; Auf Lager - Jetzt bestellen","description":"Sinupret Extrakt 40 Stk. f\u00fcr Nasennebenh\u00f6hlenentz\u00fcndung. Hersteller: Bionorica SE. Geliefert von Ihrer deutschen Online-Apotheke. Schneller Versand. Top Service.","robots":{"index":"index","follow":"follow","max-snippet":"max-snippet:-1","max-image-preview":"max-image-preview:large","max-video-preview":"max-video-preview:-1"},"canonical":"https:\/\/lions-pharmacy.com\/de\/produkt\/ratiopharm-nasenspray-erwachsene-15-ml-copy","og_locale":"de_DE","og_type":"article","og_title":"Sinupret Extrakt 40 Stk. &#187; Auf Lager - Jetzt bestellen","og_description":"Sinupret Extrakt 40 Stk. f\u00fcr Nasennebenh\u00f6hlenentz\u00fcndung. Hersteller: Bionorica SE. Geliefert von Ihrer deutschen Online-Apotheke. Schneller Versand. Top Service.","og_url":"https:\/\/lions-pharmacy.com\/de\/produkt\/ratiopharm-nasenspray-erwachsene-15-ml-copy","og_site_name":"L\u00f6wen Apotheke","article_modified_time":"2024-10-11T04:56:32+00:00","og_image":[{"width":600,"height":600,"url":"https:\/\/lions-pharmacy.com\/wp-content\/uploads\/2024\/10\/Sinupret-extract-40-tablets-Lions-Pharmacy-PZN-09285547.webp","type":"image\/webp"}],"twitter_card":"summary_large_image","twitter_misc":{"Gesch\u00e4tzte Lesezeit":"1\u00a0Minute"},"schema":{"@context":"https:\/\/schema.org","@graph":[{"@type":"WebPage","@id":"https:\/\/lions-pharmacy.com\/de\/produkt\/ratiopharm-nasenspray-erwachsene-15-ml-copy","url":"https:\/\/lions-pharmacy.com\/de\/produkt\/ratiopharm-nasenspray-erwachsene-15-ml-copy","name":"Sinupret Extrakt 40 Stk. &#187; Auf Lager - Jetzt bestellen","isPartOf":{"@id":"https:\/\/lions-pharmacy.com\/de#website"},"primaryImageOfPage":{"@id":"https:\/\/lions-pharmacy.com\/de\/produkt\/ratiopharm-nasenspray-erwachsene-15-ml-copy#primaryimage"},"image":{"@id":"https:\/\/lions-pharmacy.com\/de\/produkt\/ratiopharm-nasenspray-erwachsene-15-ml-copy#primaryimage"},"thumbnailUrl":"https:\/\/lions-pharmacy.com\/wp-content\/uploads\/2024\/10\/Sinupret-extract-40-tablets-Lions-Pharmacy-PZN-09285547.webp","datePublished":"2024-10-02T12:41:42+00:00","dateModified":"2024-10-11T04:56:32+00:00","description":"Sinupret Extrakt 40 Stk. f\u00fcr Nasennebenh\u00f6hlenentz\u00fcndung. Hersteller: Bionorica SE. Geliefert von Ihrer deutschen Online-Apotheke. Schneller Versand. Top Service.","breadcrumb":{"@id":"https:\/\/lions-pharmacy.com\/de\/produkt\/ratiopharm-nasenspray-erwachsene-15-ml-copy#breadcrumb"},"inLanguage":"de","potentialAction":[{"@type":"ReadAction","target":["https:\/\/lions-pharmacy.com\/de\/produkt\/ratiopharm-nasenspray-erwachsene-15-ml-copy"]}]},{"@type":"ImageObject","inLanguage":"de","@id":"https:\/\/lions-pharmacy.com\/de\/produkt\/ratiopharm-nasenspray-erwachsene-15-ml-copy#primaryimage","url":"https:\/\/lions-pharmacy.com\/wp-content\/uploads\/2024\/10\/Sinupret-extract-40-tablets-Lions-Pharmacy-PZN-09285547.webp","contentUrl":"https:\/\/lions-pharmacy.com\/wp-content\/uploads\/2024\/10\/Sinupret-extract-40-tablets-Lions-Pharmacy-PZN-09285547.webp","width":600,"height":600,"caption":"Sinupret Extrakt 40 Tabletten Lions Pharmacy PZN 09285547"},{"@type":"BreadcrumbList","@id":"https:\/\/lions-pharmacy.com\/de\/produkt\/ratiopharm-nasenspray-erwachsene-15-ml-copy#breadcrumb","itemListElement":[{"@type":"ListItem","position":1,"name":"Home","item":"https:\/\/lions-pharmacy.com\/de\/homepage-lion-pharmacy"},{"@type":"ListItem","position":2,"name":"Shop","item":"https:\/\/lions-pharmacy.com\/de\/shop-2"},{"@type":"ListItem","position":3,"name":"Sinupret Extrakt 40 Stk."}]},{"@type":"WebSite","@id":"https:\/\/lions-pharmacy.com\/de#website","url":"https:\/\/lions-pharmacy.com\/de","name":"Lions Pharmacy","description":"Ihr Spezialist f\u00fcr Naturheilkunde aus Baden-Baden, Germany","publisher":{"@id":"https:\/\/lions-pharmacy.com\/de#organization"},"alternateName":"Lion Pharmacy","potentialAction":[{"@type":"SearchAction","target":{"@type":"EntryPoint","urlTemplate":"https:\/\/lions-pharmacy.com\/de?s={search_term_string}"},"query-input":{"@type":"PropertyValueSpecification","valueRequired":true,"valueName":"search_term_string"}}],"inLanguage":"de"},{"@type":"Organization","@id":"https:\/\/lions-pharmacy.com\/de#organization","name":"Lions Pharmacy","alternateName":"Lions Pharmacy24","url":"https:\/\/lions-pharmacy.com\/de","logo":{"@type":"ImageObject","inLanguage":"de","@id":"https:\/\/lions-pharmacy.com\/de#\/schema\/logo\/image\/","url":"https:\/\/lions-pharmacy.com\/wp-content\/uploads\/2022\/12\/Logo-Lion-Pharmacy-c-o-Loewen-Apotheke-smal.jpg","contentUrl":"https:\/\/lions-pharmacy.com\/wp-content\/uploads\/2022\/12\/Logo-Lion-Pharmacy-c-o-Loewen-Apotheke-smal.jpg","width":298,"height":99,"caption":"Lions Pharmacy"},"image":{"@id":"https:\/\/lions-pharmacy.com\/de#\/schema\/logo\/image\/"}}]}},"_links":{"self":[{"href":"https:\/\/lions-pharmacy.com\/de\/wp-json\/wp\/v2\/product\/4877","targetHints":{"allow":["GET"]}}],"collection":[{"href":"https:\/\/lions-pharmacy.com\/de\/wp-json\/wp\/v2\/product"}],"about":[{"href":"https:\/\/lions-pharmacy.com\/de\/wp-json\/wp\/v2\/types\/product"}],"replies":[{"embeddable":true,"href":"https:\/\/lions-pharmacy.com\/de\/wp-json\/wp\/v2\/comments?post=4877"}],"wp:featuredmedia":[{"embeddable":true,"href":"https:\/\/lions-pharmacy.com\/de\/wp-json\/wp\/v2\/media\/4927"}],"wp:attachment":[{"href":"https:\/\/lions-pharmacy.com\/de\/wp-json\/wp\/v2\/media?parent=4877"}],"wp:term":[{"taxonomy":"product_brand","embeddable":true,"href":"https:\/\/lions-pharmacy.com\/de\/wp-json\/wp\/v2\/product_brand?post=4877"},{"taxonomy":"product_cat","embeddable":true,"href":"https:\/\/lions-pharmacy.com\/de\/wp-json\/wp\/v2\/product_cat?post=4877"},{"taxonomy":"product_tag","embeddable":true,"href":"https:\/\/lions-pharmacy.com\/de\/wp-json\/wp\/v2\/product_tag?post=4877"}],"curies":[{"name":"wp","href":"https:\/\/api.w.org\/{rel}","templated":true}]}}