{"id":4866,"date":"2024-10-02T12:39:36","date_gmt":"2024-10-02T11:39:36","guid":{"rendered":"https:\/\/lions-pharmacy.com\/?post_type=product&#038;p=4866"},"modified":"2024-10-03T17:23:51","modified_gmt":"2024-10-03T16:23:51","slug":"ratiopharm-nasenspray-erwachsene-15-ml-copy-2","status":"publish","type":"product","link":"https:\/\/lions-pharmacy.com\/de\/produkt\/ratiopharm-nasenspray-erwachsene-15-ml-copy-2","title":{"rendered":"Bepanthen Augen- und Nasensalbe 10 g"},"content":{"rendered":"<h2>Bepanthen Augen- und Nasensalbe<\/h2>\n<p>Unterst\u00fctzen Sie Ihre Nasenschleimhaut mit Bepanthen Augen- und Nasensalbe. Diese kann durch Allergien, Erk\u00e4ltungen und im Winter durch trockene Heizungsluft beeintr\u00e4chtigt werden. Auch Feinstaub, Autoabgase und Tabakrauch k\u00f6nnen deine Nasenschleimhaut belasten. Dieser f\u00fchlt sich dann wund und trocken an.<br \/>\nDie Augen- und Nasensalbe wurde speziell ohne Konservierungsstoffe entwickelt. Der Wirkstoff Dexpanthenol dringt in die gesch\u00e4digten Stellen ein und f\u00f6rdert den Wiederaufbau der Schleimhaut und versorgt sie mit Feuchtigkeit.<br \/>\nNasenschmerzen k\u00f6nnen sich in verschiedenen Symptomen \u00e4u\u00dfern, darunter:<\/p>\n<ul>\n<li>Schmerzen oder st\u00e4ndiges Brennen<\/li>\n<li>Krusten oder Schorf an der Innenseite der Nasenl\u00f6cher<\/li>\n<li>Risse und R\u00f6tungen<\/li>\n<\/ul>\n<p><strong>Arzneistoff:<\/strong><\/p>\n<section class=\"text-dark-primary-max\">\n<ul>\n<li>50 mg Dexpanthenol<\/li>\n<\/ul>\n<p><strong>Sonstige Bestandteile<\/strong><br \/>\nPantolacton<br \/>\nParaffin, viskos<br \/>\nWasser, gereinigt<br \/>\nVaselin, wei\u00df<br \/>\nWollwachs<\/p>\n<p>Unterst\u00fctzen Sie Ihre Nase und Augen mit Bepanthen Augen- und Nasensalbe und gehen Sie unbeschwert in den Winter.<\/p>\n<p><strong>Die Anwendung ist einfach:<\/strong><br \/>\nTragen Sie die Augen- und Nasensalbe mehrmals t\u00e4glich auf die entsprechende Stelle der Nase auf, es sei denn, Ihr Arzt hat etwas anderes verordnet.<br \/>\nF\u00fcr die Anwendung im Auge tragen Sie mit der Kan\u00fcle einen 1 cm langen Strahl der Salbe auf das untere Augenlid auf, damit sie sich im Auge verteilen kann.<\/p>\n<p>Hier finden Sie weitere Informationen zum Produkt und Hersteller: <a href=\"https:\/\/www.bepanthen.de\/augen-und-nasensalbe\" target=\"_blank\" rel=\"noopener\">Bayer AG &#8211; Bepanthen<\/a>.<\/p>\n<p>Weitere Produkte f\u00fcr die Anwendung: <a href=\"https:\/\/lions-pharmacy.com\/produkt-schlagwort\/cold-flu\">Erk\u00e4ltung &amp; Grippe<\/a>.<\/p>\n<p>Informationen auf dieser Website werden ausschlie\u00dflich f\u00fcr informative Zwecke zur Verf\u00fcgung gestellt. Sie ersetzen keinesfalls die Untersuchung und Behandlung durch einen Arzt. Bitte beachten Sie, dass hierdurch weder Diagnosen gestellt noch Therapien eingeleitet werden k\u00f6nnen.<\/p>\n<\/section>\n<p>Zu Risiken und Nebenwirkungen lesen Sie die Packungsbeilage und fragen Sie Ihren Arzt oder Apotheker.<\/p>\n<h3 style=\"text-align: left;\">Verschreibung | E-Rezept erh\u00e4ltlich?<\/h3>\n<p>Reichen Sie jetzt Ihr E-Rezept ein. Nutzen Sie unsere <a href=\"https:\/\/e-rezept-app.de\/shop-rezept\" target=\"_blank\" rel=\"noopener\">E-Rezept-App<\/a> . Und wir schenken Ihnen die Versandkosten in Deutschland!<\/p>\n","protected":false},"excerpt":{"rendered":"<h2>Bepanthen Augen- und Nasensalbe<\/h2>\n<div class=\"rating__wrap\">\n<p>Bepanthen Augen- und Nasensalbe 10 g auch f\u00fcr S\u00e4uglinge und Kleinkinder.<\/p>\n<p>&nbsp;<\/p>\n<p><strong>PZN:<\/strong> 01578675 (Pharmazentralnummer)<\/p>\n<p><strong>Darreichungsform<\/strong>: Salbe 10 g<\/p>\n<p><strong>Art der Verordnung:<\/strong> Kein Rezept<\/p>\n<p><strong>Marke<\/strong>: Bayer\u00ae<\/p>\n<p><strong>Hersteller<\/strong>: Bayer Vital GmbH, Deutschland<\/p>\n<\/div>\n","protected":false},"featured_media":4872,"comment_status":"closed","ping_status":"closed","template":"","meta":[],"product_brand":[],"product_cat":[367,368],"product_tag":[387,476,428],"class_list":{"0":"post-4866","1":"product","2":"type-product","3":"status-publish","4":"has-post-thumbnail","6":"product_cat-sale-de","7":"product_cat-shop-de","8":"product_tag-erkaltungen-grippe","9":"product_tag-grippe-erkaltung","10":"product_tag-virusinfektion","11":"ts_product_brand-alle","13":"first","14":"instock","15":"taxable","16":"shipping-taxable","17":"purchasable","18":"product-type-simple"},"yoast_head":"<!-- This site is optimized with the Yoast SEO plugin v26.5 - https:\/\/yoast.com\/wordpress\/plugins\/seo\/ -->\n<title>Bepanthen Augen- und Nasensalbe 10 g &#187; Hier bestellen<\/title>\n<meta name=\"description\" content=\"Bepanthen Augen- und Nasensalbe 10 g f\u00fcr Augen- und Hautentz\u00fcndungen. Hersteller: Bayer AG. Geliefert von Ihrer deutschen Online-Apotheke. Schneller Versand. Top Service.\" \/>\n<meta name=\"robots\" content=\"index, follow, max-snippet:-1, max-image-preview:large, max-video-preview:-1\" \/>\n<link rel=\"canonical\" href=\"https:\/\/lions-pharmacy.com\/de\/produkt\/ratiopharm-nasenspray-erwachsene-15-ml-copy-2\" \/>\n<meta property=\"og:locale\" content=\"de_DE\" \/>\n<meta property=\"og:type\" content=\"article\" \/>\n<meta property=\"og:title\" content=\"Bepanthen Augen- und Nasensalbe 10 g &#187; Hier bestellen\" \/>\n<meta property=\"og:description\" content=\"Bepanthen Augen- und Nasensalbe 10 g f\u00fcr Augen- und Hautentz\u00fcndungen. Hersteller: Bayer AG. Geliefert von Ihrer deutschen Online-Apotheke. Schneller Versand. Top Service.\" \/>\n<meta property=\"og:url\" content=\"https:\/\/lions-pharmacy.com\/de\/produkt\/ratiopharm-nasenspray-erwachsene-15-ml-copy-2\" \/>\n<meta property=\"og:site_name\" content=\"L\u00f6wen Apotheke\" \/>\n<meta property=\"article:modified_time\" content=\"2024-10-03T16:23:51+00:00\" \/>\n<meta property=\"og:image\" content=\"https:\/\/lions-pharmacy.com\/wp-content\/uploads\/2024\/10\/Bepanthen-Augen-und-Nasensalbe.webp\" \/>\n\t<meta property=\"og:image:width\" content=\"600\" \/>\n\t<meta property=\"og:image:height\" content=\"600\" \/>\n\t<meta property=\"og:image:type\" content=\"image\/webp\" \/>\n<meta name=\"twitter:card\" content=\"summary_large_image\" \/>\n<meta name=\"twitter:label1\" content=\"Gesch\u00e4tzte Lesezeit\" \/>\n\t<meta name=\"twitter:data1\" content=\"1\u00a0Minute\" \/>\n<script type=\"application\/ld+json\" class=\"yoast-schema-graph\">{\"@context\":\"https:\/\/schema.org\",\"@graph\":[{\"@type\":\"WebPage\",\"@id\":\"https:\/\/lions-pharmacy.com\/de\/produkt\/ratiopharm-nasenspray-erwachsene-15-ml-copy-2\",\"url\":\"https:\/\/lions-pharmacy.com\/de\/produkt\/ratiopharm-nasenspray-erwachsene-15-ml-copy-2\",\"name\":\"Bepanthen Augen- und Nasensalbe 10 g &#187; Hier bestellen\",\"isPartOf\":{\"@id\":\"https:\/\/lions-pharmacy.com\/de#website\"},\"primaryImageOfPage\":{\"@id\":\"https:\/\/lions-pharmacy.com\/de\/produkt\/ratiopharm-nasenspray-erwachsene-15-ml-copy-2#primaryimage\"},\"image\":{\"@id\":\"https:\/\/lions-pharmacy.com\/de\/produkt\/ratiopharm-nasenspray-erwachsene-15-ml-copy-2#primaryimage\"},\"thumbnailUrl\":\"https:\/\/lions-pharmacy.com\/wp-content\/uploads\/2024\/10\/Bepanthen-Augen-und-Nasensalbe.webp\",\"datePublished\":\"2024-10-02T11:39:36+00:00\",\"dateModified\":\"2024-10-03T16:23:51+00:00\",\"description\":\"Bepanthen Augen- und Nasensalbe 10 g f\u00fcr Augen- und Hautentz\u00fcndungen. Hersteller: Bayer AG. Geliefert von Ihrer deutschen Online-Apotheke. Schneller Versand. Top Service.\",\"breadcrumb\":{\"@id\":\"https:\/\/lions-pharmacy.com\/de\/produkt\/ratiopharm-nasenspray-erwachsene-15-ml-copy-2#breadcrumb\"},\"inLanguage\":\"de\",\"potentialAction\":[{\"@type\":\"ReadAction\",\"target\":[\"https:\/\/lions-pharmacy.com\/de\/produkt\/ratiopharm-nasenspray-erwachsene-15-ml-copy-2\"]}]},{\"@type\":\"ImageObject\",\"inLanguage\":\"de\",\"@id\":\"https:\/\/lions-pharmacy.com\/de\/produkt\/ratiopharm-nasenspray-erwachsene-15-ml-copy-2#primaryimage\",\"url\":\"https:\/\/lions-pharmacy.com\/wp-content\/uploads\/2024\/10\/Bepanthen-Augen-und-Nasensalbe.webp\",\"contentUrl\":\"https:\/\/lions-pharmacy.com\/wp-content\/uploads\/2024\/10\/Bepanthen-Augen-und-Nasensalbe.webp\",\"width\":600,\"height\":600,\"caption\":\"Bepanthen Augen- und Nasensalbe 10 g Bayer Lions Apotheke 01578675\"},{\"@type\":\"BreadcrumbList\",\"@id\":\"https:\/\/lions-pharmacy.com\/de\/produkt\/ratiopharm-nasenspray-erwachsene-15-ml-copy-2#breadcrumb\",\"itemListElement\":[{\"@type\":\"ListItem\",\"position\":1,\"name\":\"Home\",\"item\":\"https:\/\/lions-pharmacy.com\/de\/homepage-lion-pharmacy\"},{\"@type\":\"ListItem\",\"position\":2,\"name\":\"Shop\",\"item\":\"https:\/\/lions-pharmacy.com\/de\/shop-2\"},{\"@type\":\"ListItem\",\"position\":3,\"name\":\"Bepanthen Augen- und Nasensalbe 10 g\"}]},{\"@type\":\"WebSite\",\"@id\":\"https:\/\/lions-pharmacy.com\/de#website\",\"url\":\"https:\/\/lions-pharmacy.com\/de\",\"name\":\"Lions Pharmacy\",\"description\":\"Ihr Spezialist f\u00fcr Naturheilkunde aus Baden-Baden, Germany\",\"publisher\":{\"@id\":\"https:\/\/lions-pharmacy.com\/de#organization\"},\"alternateName\":\"Lion Pharmacy\",\"potentialAction\":[{\"@type\":\"SearchAction\",\"target\":{\"@type\":\"EntryPoint\",\"urlTemplate\":\"https:\/\/lions-pharmacy.com\/de?s={search_term_string}\"},\"query-input\":{\"@type\":\"PropertyValueSpecification\",\"valueRequired\":true,\"valueName\":\"search_term_string\"}}],\"inLanguage\":\"de\"},{\"@type\":\"Organization\",\"@id\":\"https:\/\/lions-pharmacy.com\/de#organization\",\"name\":\"Lions Pharmacy\",\"alternateName\":\"Lions Pharmacy24\",\"url\":\"https:\/\/lions-pharmacy.com\/de\",\"logo\":{\"@type\":\"ImageObject\",\"inLanguage\":\"de\",\"@id\":\"https:\/\/lions-pharmacy.com\/de#\/schema\/logo\/image\/\",\"url\":\"https:\/\/lions-pharmacy.com\/wp-content\/uploads\/2022\/12\/Logo-Lion-Pharmacy-c-o-Loewen-Apotheke-smal.jpg\",\"contentUrl\":\"https:\/\/lions-pharmacy.com\/wp-content\/uploads\/2022\/12\/Logo-Lion-Pharmacy-c-o-Loewen-Apotheke-smal.jpg\",\"width\":298,\"height\":99,\"caption\":\"Lions Pharmacy\"},\"image\":{\"@id\":\"https:\/\/lions-pharmacy.com\/de#\/schema\/logo\/image\/\"}}]}<\/script>\n<!-- \/ Yoast SEO plugin. -->","yoast_head_json":{"title":"Bepanthen Augen- und Nasensalbe 10 g &#187; Hier bestellen","description":"Bepanthen Augen- und Nasensalbe 10 g f\u00fcr Augen- und Hautentz\u00fcndungen. Hersteller: Bayer AG. Geliefert von Ihrer deutschen Online-Apotheke. Schneller Versand. Top Service.","robots":{"index":"index","follow":"follow","max-snippet":"max-snippet:-1","max-image-preview":"max-image-preview:large","max-video-preview":"max-video-preview:-1"},"canonical":"https:\/\/lions-pharmacy.com\/de\/produkt\/ratiopharm-nasenspray-erwachsene-15-ml-copy-2","og_locale":"de_DE","og_type":"article","og_title":"Bepanthen Augen- und Nasensalbe 10 g &#187; Hier bestellen","og_description":"Bepanthen Augen- und Nasensalbe 10 g f\u00fcr Augen- und Hautentz\u00fcndungen. Hersteller: Bayer AG. Geliefert von Ihrer deutschen Online-Apotheke. Schneller Versand. Top Service.","og_url":"https:\/\/lions-pharmacy.com\/de\/produkt\/ratiopharm-nasenspray-erwachsene-15-ml-copy-2","og_site_name":"L\u00f6wen Apotheke","article_modified_time":"2024-10-03T16:23:51+00:00","og_image":[{"width":600,"height":600,"url":"https:\/\/lions-pharmacy.com\/wp-content\/uploads\/2024\/10\/Bepanthen-Augen-und-Nasensalbe.webp","type":"image\/webp"}],"twitter_card":"summary_large_image","twitter_misc":{"Gesch\u00e4tzte Lesezeit":"1\u00a0Minute"},"schema":{"@context":"https:\/\/schema.org","@graph":[{"@type":"WebPage","@id":"https:\/\/lions-pharmacy.com\/de\/produkt\/ratiopharm-nasenspray-erwachsene-15-ml-copy-2","url":"https:\/\/lions-pharmacy.com\/de\/produkt\/ratiopharm-nasenspray-erwachsene-15-ml-copy-2","name":"Bepanthen Augen- und Nasensalbe 10 g &#187; Hier bestellen","isPartOf":{"@id":"https:\/\/lions-pharmacy.com\/de#website"},"primaryImageOfPage":{"@id":"https:\/\/lions-pharmacy.com\/de\/produkt\/ratiopharm-nasenspray-erwachsene-15-ml-copy-2#primaryimage"},"image":{"@id":"https:\/\/lions-pharmacy.com\/de\/produkt\/ratiopharm-nasenspray-erwachsene-15-ml-copy-2#primaryimage"},"thumbnailUrl":"https:\/\/lions-pharmacy.com\/wp-content\/uploads\/2024\/10\/Bepanthen-Augen-und-Nasensalbe.webp","datePublished":"2024-10-02T11:39:36+00:00","dateModified":"2024-10-03T16:23:51+00:00","description":"Bepanthen Augen- und Nasensalbe 10 g f\u00fcr Augen- und Hautentz\u00fcndungen. Hersteller: Bayer AG. Geliefert von Ihrer deutschen Online-Apotheke. Schneller Versand. Top Service.","breadcrumb":{"@id":"https:\/\/lions-pharmacy.com\/de\/produkt\/ratiopharm-nasenspray-erwachsene-15-ml-copy-2#breadcrumb"},"inLanguage":"de","potentialAction":[{"@type":"ReadAction","target":["https:\/\/lions-pharmacy.com\/de\/produkt\/ratiopharm-nasenspray-erwachsene-15-ml-copy-2"]}]},{"@type":"ImageObject","inLanguage":"de","@id":"https:\/\/lions-pharmacy.com\/de\/produkt\/ratiopharm-nasenspray-erwachsene-15-ml-copy-2#primaryimage","url":"https:\/\/lions-pharmacy.com\/wp-content\/uploads\/2024\/10\/Bepanthen-Augen-und-Nasensalbe.webp","contentUrl":"https:\/\/lions-pharmacy.com\/wp-content\/uploads\/2024\/10\/Bepanthen-Augen-und-Nasensalbe.webp","width":600,"height":600,"caption":"Bepanthen Augen- und Nasensalbe 10 g Bayer Lions Apotheke 01578675"},{"@type":"BreadcrumbList","@id":"https:\/\/lions-pharmacy.com\/de\/produkt\/ratiopharm-nasenspray-erwachsene-15-ml-copy-2#breadcrumb","itemListElement":[{"@type":"ListItem","position":1,"name":"Home","item":"https:\/\/lions-pharmacy.com\/de\/homepage-lion-pharmacy"},{"@type":"ListItem","position":2,"name":"Shop","item":"https:\/\/lions-pharmacy.com\/de\/shop-2"},{"@type":"ListItem","position":3,"name":"Bepanthen Augen- und Nasensalbe 10 g"}]},{"@type":"WebSite","@id":"https:\/\/lions-pharmacy.com\/de#website","url":"https:\/\/lions-pharmacy.com\/de","name":"Lions Pharmacy","description":"Ihr Spezialist f\u00fcr Naturheilkunde aus Baden-Baden, Germany","publisher":{"@id":"https:\/\/lions-pharmacy.com\/de#organization"},"alternateName":"Lion Pharmacy","potentialAction":[{"@type":"SearchAction","target":{"@type":"EntryPoint","urlTemplate":"https:\/\/lions-pharmacy.com\/de?s={search_term_string}"},"query-input":{"@type":"PropertyValueSpecification","valueRequired":true,"valueName":"search_term_string"}}],"inLanguage":"de"},{"@type":"Organization","@id":"https:\/\/lions-pharmacy.com\/de#organization","name":"Lions Pharmacy","alternateName":"Lions Pharmacy24","url":"https:\/\/lions-pharmacy.com\/de","logo":{"@type":"ImageObject","inLanguage":"de","@id":"https:\/\/lions-pharmacy.com\/de#\/schema\/logo\/image\/","url":"https:\/\/lions-pharmacy.com\/wp-content\/uploads\/2022\/12\/Logo-Lion-Pharmacy-c-o-Loewen-Apotheke-smal.jpg","contentUrl":"https:\/\/lions-pharmacy.com\/wp-content\/uploads\/2022\/12\/Logo-Lion-Pharmacy-c-o-Loewen-Apotheke-smal.jpg","width":298,"height":99,"caption":"Lions Pharmacy"},"image":{"@id":"https:\/\/lions-pharmacy.com\/de#\/schema\/logo\/image\/"}}]}},"_links":{"self":[{"href":"https:\/\/lions-pharmacy.com\/de\/wp-json\/wp\/v2\/product\/4866","targetHints":{"allow":["GET"]}}],"collection":[{"href":"https:\/\/lions-pharmacy.com\/de\/wp-json\/wp\/v2\/product"}],"about":[{"href":"https:\/\/lions-pharmacy.com\/de\/wp-json\/wp\/v2\/types\/product"}],"replies":[{"embeddable":true,"href":"https:\/\/lions-pharmacy.com\/de\/wp-json\/wp\/v2\/comments?post=4866"}],"wp:featuredmedia":[{"embeddable":true,"href":"https:\/\/lions-pharmacy.com\/de\/wp-json\/wp\/v2\/media\/4872"}],"wp:attachment":[{"href":"https:\/\/lions-pharmacy.com\/de\/wp-json\/wp\/v2\/media?parent=4866"}],"wp:term":[{"taxonomy":"product_brand","embeddable":true,"href":"https:\/\/lions-pharmacy.com\/de\/wp-json\/wp\/v2\/product_brand?post=4866"},{"taxonomy":"product_cat","embeddable":true,"href":"https:\/\/lions-pharmacy.com\/de\/wp-json\/wp\/v2\/product_cat?post=4866"},{"taxonomy":"product_tag","embeddable":true,"href":"https:\/\/lions-pharmacy.com\/de\/wp-json\/wp\/v2\/product_tag?post=4866"}],"curies":[{"name":"wp","href":"https:\/\/api.w.org\/{rel}","templated":true}]}}