{"id":4474,"date":"2024-09-07T09:30:07","date_gmt":"2024-09-07T08:30:07","guid":{"rendered":"https:\/\/lions-pharmacy.com\/?post_type=product&#038;p=4474"},"modified":"2026-02-25T10:11:11","modified_gmt":"2026-02-25T09:11:11","slug":"refluthin-tablets-48-pcs-16011276","status":"publish","type":"product","link":"https:\/\/lions-pharmacy.com\/de\/produkt\/refluthin-tablets-48-pcs-16011276","title":{"rendered":"Refluthin Tabletten 48 Stk."},"content":{"rendered":"<h3 style=\"text-align: left;\">Refluthin Tabletten<\/h3>\n<p>Refluthin bei Sodbrennen Kautabletten helfen schnell bei s\u00e4urebedingten Magenproblemen und k\u00f6nnen jederzeit problemlos und unauff\u00e4llig eingenommen werden.<\/p>\n<ul>\n<li>Schnelle, nachhaltige Linderung von Sodbrennen<\/li>\n<li>Schnelle Neutralisation von \u00fcbersch\u00fcssiger Magens\u00e4ure<\/li>\n<li>Sofortige Freisetzung von Wirkstoffen<\/li>\n<\/ul>\n<p>Die Dr. Willmar Schwabe GmbH &amp; Co. KG ist die Muttergesellschaft der Schwabe-Gruppe und wird auch als Schwabe-Unternehmensgruppe oder Schwabe-Gruppe bezeichnet. Das Pharmaunternehmen wurde 1865 in Leipzig gegr\u00fcndet. Der Hauptsitz wurde 1946 nach Karlsruhe verlegt. Die Gruppe konzentriert sich auf die Gesundheits- und Pharmabranche und ist spezialisiert auf pflanzliche und hom\u00f6opathische Arzneimittel, Phytopharmaka und Hom\u00f6opathika, Nahrungserg\u00e4nzungsmittel pflanzlichen Ursprungs sowie zus\u00e4tzliche Dienstleistungen f\u00fcr die ganzheitliche Gesundheitspflege und Selbsthilfe, wie z.B. Trainingsprogramme f\u00fcr geistige und k\u00f6rperliche Fitness. Dazu geh\u00f6ren die Marken Tebonin, Umckaloabo.<\/p>\n<p>Weitere Produkte von <a href=\"https:\/\/lions-pharmacy.com\/de\/product-category\/dr-schwabe-de\">Dr. Schwabe <\/a>in unserem Sortiment.<\/p>\n<p>Weitere Produktdetails finden Sie beim Hersteller: <a href=\"https:\/\/www.refluthin.de\" target=\"_blank\" rel=\"noopener\">Informationen zum Produkt und zum Hersteller Dr. Schwabe<\/a><\/p>\n<p>Andere Kunden sind auch an Produkten zum Thema interessiert: Stress | Sodbrennen<\/p>\n<p>Zu Risiken und Nebenwirkungen lesen Sie bitte die Packungsbeilage und fragen Sie Ihren Arzt oder Apotheker.<\/p>\n<p>&nbsp;<\/p>\n<h3 style=\"text-align: left;\">Verschreibung | E-Rezept erh\u00e4ltlich?<\/h3>\n<p>Reichen Sie jetzt Ihr E-Rezept ein. Nutzen Sie unsere <a href=\"https:\/\/e-rezept-app.de\/shop-rezept\" target=\"_blank\" rel=\"noopener\">E-Rezept-App<\/a> . Und wir schenken Ihnen die Versandkosten in Deutschland!<\/p>\n","protected":false},"excerpt":{"rendered":"<h2 style=\"text-align: left;\">Refluthin Tabletten<\/h2>\n<p>Refluthin, gegen Sodbrennen, hilft schnell bei s\u00e4urebedingten Magenproblemen und kann jederzeit problemlos und unauff\u00e4llig eingenommen werden.<\/p>\n<p><strong>PZN:<\/strong> 16011276 (Pharmazentralnummer)<\/p>\n<p><strong>Darreichungsform<\/strong>: Kauen &#8211; 48 St\u00fcck<\/p>\n<p><strong>Verschreibungsart<\/strong>: verschreibungsfrei<\/p>\n<p><strong>Marke<\/strong>: &#8211; <strong>Hersteller<\/strong>: Dr. Willmar Schwabe GmbH &amp; Co.KG<\/p>\n","protected":false},"featured_media":4305,"comment_status":"closed","ping_status":"closed","template":"","meta":[],"product_brand":[],"product_cat":[461,367,368],"product_tag":[473,474],"class_list":{"0":"post-4474","1":"product","2":"type-product","3":"status-publish","4":"has-post-thumbnail","6":"product_cat-dr-schwabe-de","7":"product_cat-sale-de","8":"product_cat-shop-de","9":"product_tag-dr-schwabe-de","10":"product_tag-pflanzlicher-wirkstoff","11":"ts_product_brand-alle","12":"ts_product_brand-dr-schwabe-de","14":"first","15":"instock","16":"featured","17":"taxable","18":"shipping-taxable","19":"purchasable","20":"product-type-simple"},"yoast_head":"<!-- This site is optimized with the Yoast SEO plugin v26.5 - https:\/\/yoast.com\/wordpress\/plugins\/seo\/ -->\n<title>Refluthin Tabletten 48 Stk. &#187; L\u00f6wen Apotheke<\/title>\n<meta name=\"description\" content=\"Lions Apotheke | Registrierte deutsche Online-Apotheke. Wir bieten: schnellen internationalen Versand &amp; bequemes Einkaufen. Dr. W. Schwabe | Refluthin Tabletten 48 Stk.\" \/>\n<meta name=\"robots\" content=\"index, follow, max-snippet:-1, max-image-preview:large, max-video-preview:-1\" \/>\n<link rel=\"canonical\" href=\"https:\/\/lions-pharmacy.com\/de\/produkt\/refluthin-tablets-48-pcs-16011276\" \/>\n<meta property=\"og:locale\" content=\"de_DE\" \/>\n<meta property=\"og:type\" content=\"article\" \/>\n<meta property=\"og:title\" content=\"Refluthin Tabletten 48 Stk. &#187; L\u00f6wen Apotheke\" \/>\n<meta property=\"og:description\" content=\"Lions Apotheke | Registrierte deutsche Online-Apotheke. Wir bieten: schnellen internationalen Versand &amp; bequemes Einkaufen. Dr. W. Schwabe | Refluthin Tabletten 48 Stk.\" \/>\n<meta property=\"og:url\" content=\"https:\/\/lions-pharmacy.com\/de\/produkt\/refluthin-tablets-48-pcs-16011276\" \/>\n<meta property=\"og:site_name\" content=\"L\u00f6wen Apotheke\" \/>\n<meta property=\"article:modified_time\" content=\"2026-02-25T09:11:11+00:00\" \/>\n<meta property=\"og:image\" content=\"https:\/\/lions-pharmacy.com\/wp-content\/uploads\/2024\/09\/Refluthin.webp\" \/>\n\t<meta property=\"og:image:width\" content=\"400\" \/>\n\t<meta property=\"og:image:height\" content=\"400\" \/>\n\t<meta property=\"og:image:type\" content=\"image\/webp\" \/>\n<meta name=\"twitter:card\" content=\"summary_large_image\" \/>\n<meta name=\"twitter:label1\" content=\"Gesch\u00e4tzte Lesezeit\" \/>\n\t<meta name=\"twitter:data1\" content=\"1\u00a0Minute\" \/>\n<script type=\"application\/ld+json\" class=\"yoast-schema-graph\">{\"@context\":\"https:\/\/schema.org\",\"@graph\":[{\"@type\":\"WebPage\",\"@id\":\"https:\/\/lions-pharmacy.com\/de\/produkt\/refluthin-tablets-48-pcs-16011276\",\"url\":\"https:\/\/lions-pharmacy.com\/de\/produkt\/refluthin-tablets-48-pcs-16011276\",\"name\":\"Refluthin Tabletten 48 Stk. &#187; L\u00f6wen Apotheke\",\"isPartOf\":{\"@id\":\"https:\/\/lions-pharmacy.com\/de#website\"},\"primaryImageOfPage\":{\"@id\":\"https:\/\/lions-pharmacy.com\/de\/produkt\/refluthin-tablets-48-pcs-16011276#primaryimage\"},\"image\":{\"@id\":\"https:\/\/lions-pharmacy.com\/de\/produkt\/refluthin-tablets-48-pcs-16011276#primaryimage\"},\"thumbnailUrl\":\"https:\/\/lions-pharmacy.com\/wp-content\/uploads\/2024\/09\/Refluthin.webp\",\"datePublished\":\"2024-09-07T08:30:07+00:00\",\"dateModified\":\"2026-02-25T09:11:11+00:00\",\"description\":\"Lions Apotheke | Registrierte deutsche Online-Apotheke. Wir bieten: schnellen internationalen Versand & bequemes Einkaufen. Dr. W. Schwabe | Refluthin Tabletten 48 Stk.\",\"breadcrumb\":{\"@id\":\"https:\/\/lions-pharmacy.com\/de\/produkt\/refluthin-tablets-48-pcs-16011276#breadcrumb\"},\"inLanguage\":\"de\",\"potentialAction\":[{\"@type\":\"ReadAction\",\"target\":[\"https:\/\/lions-pharmacy.com\/de\/produkt\/refluthin-tablets-48-pcs-16011276\"]}]},{\"@type\":\"ImageObject\",\"inLanguage\":\"de\",\"@id\":\"https:\/\/lions-pharmacy.com\/de\/produkt\/refluthin-tablets-48-pcs-16011276#primaryimage\",\"url\":\"https:\/\/lions-pharmacy.com\/wp-content\/uploads\/2024\/09\/Refluthin.webp\",\"contentUrl\":\"https:\/\/lions-pharmacy.com\/wp-content\/uploads\/2024\/09\/Refluthin.webp\",\"width\":400,\"height\":400,\"caption\":\"refluthin 48 Stk. PZN 16011276 L\u00f6wen-Apotheke Dr. Schwabe\"},{\"@type\":\"BreadcrumbList\",\"@id\":\"https:\/\/lions-pharmacy.com\/de\/produkt\/refluthin-tablets-48-pcs-16011276#breadcrumb\",\"itemListElement\":[{\"@type\":\"ListItem\",\"position\":1,\"name\":\"Home\",\"item\":\"https:\/\/lions-pharmacy.com\/de\/homepage-lion-pharmacy\"},{\"@type\":\"ListItem\",\"position\":2,\"name\":\"Shop\",\"item\":\"https:\/\/lions-pharmacy.com\/de\/shop-2\"},{\"@type\":\"ListItem\",\"position\":3,\"name\":\"Refluthin Tabletten 48 Stk.\"}]},{\"@type\":\"WebSite\",\"@id\":\"https:\/\/lions-pharmacy.com\/de#website\",\"url\":\"https:\/\/lions-pharmacy.com\/de\",\"name\":\"Lions Pharmacy\",\"description\":\"Ihr Spezialist f\u00fcr Naturheilkunde aus Baden-Baden, Germany\",\"publisher\":{\"@id\":\"https:\/\/lions-pharmacy.com\/de#organization\"},\"alternateName\":\"Lion Pharmacy\",\"potentialAction\":[{\"@type\":\"SearchAction\",\"target\":{\"@type\":\"EntryPoint\",\"urlTemplate\":\"https:\/\/lions-pharmacy.com\/de?s={search_term_string}\"},\"query-input\":{\"@type\":\"PropertyValueSpecification\",\"valueRequired\":true,\"valueName\":\"search_term_string\"}}],\"inLanguage\":\"de\"},{\"@type\":\"Organization\",\"@id\":\"https:\/\/lions-pharmacy.com\/de#organization\",\"name\":\"Lions Pharmacy\",\"alternateName\":\"Lions Pharmacy24\",\"url\":\"https:\/\/lions-pharmacy.com\/de\",\"logo\":{\"@type\":\"ImageObject\",\"inLanguage\":\"de\",\"@id\":\"https:\/\/lions-pharmacy.com\/de#\/schema\/logo\/image\/\",\"url\":\"https:\/\/lions-pharmacy.com\/wp-content\/uploads\/2022\/12\/Logo-Lion-Pharmacy-c-o-Loewen-Apotheke-smal.jpg\",\"contentUrl\":\"https:\/\/lions-pharmacy.com\/wp-content\/uploads\/2022\/12\/Logo-Lion-Pharmacy-c-o-Loewen-Apotheke-smal.jpg\",\"width\":298,\"height\":99,\"caption\":\"Lions Pharmacy\"},\"image\":{\"@id\":\"https:\/\/lions-pharmacy.com\/de#\/schema\/logo\/image\/\"}}]}<\/script>\n<!-- \/ Yoast SEO plugin. -->","yoast_head_json":{"title":"Refluthin Tabletten 48 Stk. &#187; L\u00f6wen Apotheke","description":"Lions Apotheke | Registrierte deutsche Online-Apotheke. Wir bieten: schnellen internationalen Versand & bequemes Einkaufen. Dr. W. Schwabe | Refluthin Tabletten 48 Stk.","robots":{"index":"index","follow":"follow","max-snippet":"max-snippet:-1","max-image-preview":"max-image-preview:large","max-video-preview":"max-video-preview:-1"},"canonical":"https:\/\/lions-pharmacy.com\/de\/produkt\/refluthin-tablets-48-pcs-16011276","og_locale":"de_DE","og_type":"article","og_title":"Refluthin Tabletten 48 Stk. &#187; L\u00f6wen Apotheke","og_description":"Lions Apotheke | Registrierte deutsche Online-Apotheke. Wir bieten: schnellen internationalen Versand & bequemes Einkaufen. Dr. W. Schwabe | Refluthin Tabletten 48 Stk.","og_url":"https:\/\/lions-pharmacy.com\/de\/produkt\/refluthin-tablets-48-pcs-16011276","og_site_name":"L\u00f6wen Apotheke","article_modified_time":"2026-02-25T09:11:11+00:00","og_image":[{"width":400,"height":400,"url":"https:\/\/lions-pharmacy.com\/wp-content\/uploads\/2024\/09\/Refluthin.webp","type":"image\/webp"}],"twitter_card":"summary_large_image","twitter_misc":{"Gesch\u00e4tzte Lesezeit":"1\u00a0Minute"},"schema":{"@context":"https:\/\/schema.org","@graph":[{"@type":"WebPage","@id":"https:\/\/lions-pharmacy.com\/de\/produkt\/refluthin-tablets-48-pcs-16011276","url":"https:\/\/lions-pharmacy.com\/de\/produkt\/refluthin-tablets-48-pcs-16011276","name":"Refluthin Tabletten 48 Stk. &#187; L\u00f6wen Apotheke","isPartOf":{"@id":"https:\/\/lions-pharmacy.com\/de#website"},"primaryImageOfPage":{"@id":"https:\/\/lions-pharmacy.com\/de\/produkt\/refluthin-tablets-48-pcs-16011276#primaryimage"},"image":{"@id":"https:\/\/lions-pharmacy.com\/de\/produkt\/refluthin-tablets-48-pcs-16011276#primaryimage"},"thumbnailUrl":"https:\/\/lions-pharmacy.com\/wp-content\/uploads\/2024\/09\/Refluthin.webp","datePublished":"2024-09-07T08:30:07+00:00","dateModified":"2026-02-25T09:11:11+00:00","description":"Lions Apotheke | Registrierte deutsche Online-Apotheke. Wir bieten: schnellen internationalen Versand & bequemes Einkaufen. Dr. W. Schwabe | Refluthin Tabletten 48 Stk.","breadcrumb":{"@id":"https:\/\/lions-pharmacy.com\/de\/produkt\/refluthin-tablets-48-pcs-16011276#breadcrumb"},"inLanguage":"de","potentialAction":[{"@type":"ReadAction","target":["https:\/\/lions-pharmacy.com\/de\/produkt\/refluthin-tablets-48-pcs-16011276"]}]},{"@type":"ImageObject","inLanguage":"de","@id":"https:\/\/lions-pharmacy.com\/de\/produkt\/refluthin-tablets-48-pcs-16011276#primaryimage","url":"https:\/\/lions-pharmacy.com\/wp-content\/uploads\/2024\/09\/Refluthin.webp","contentUrl":"https:\/\/lions-pharmacy.com\/wp-content\/uploads\/2024\/09\/Refluthin.webp","width":400,"height":400,"caption":"refluthin 48 Stk. PZN 16011276 L\u00f6wen-Apotheke Dr. Schwabe"},{"@type":"BreadcrumbList","@id":"https:\/\/lions-pharmacy.com\/de\/produkt\/refluthin-tablets-48-pcs-16011276#breadcrumb","itemListElement":[{"@type":"ListItem","position":1,"name":"Home","item":"https:\/\/lions-pharmacy.com\/de\/homepage-lion-pharmacy"},{"@type":"ListItem","position":2,"name":"Shop","item":"https:\/\/lions-pharmacy.com\/de\/shop-2"},{"@type":"ListItem","position":3,"name":"Refluthin Tabletten 48 Stk."}]},{"@type":"WebSite","@id":"https:\/\/lions-pharmacy.com\/de#website","url":"https:\/\/lions-pharmacy.com\/de","name":"Lions Pharmacy","description":"Ihr Spezialist f\u00fcr Naturheilkunde aus Baden-Baden, Germany","publisher":{"@id":"https:\/\/lions-pharmacy.com\/de#organization"},"alternateName":"Lion Pharmacy","potentialAction":[{"@type":"SearchAction","target":{"@type":"EntryPoint","urlTemplate":"https:\/\/lions-pharmacy.com\/de?s={search_term_string}"},"query-input":{"@type":"PropertyValueSpecification","valueRequired":true,"valueName":"search_term_string"}}],"inLanguage":"de"},{"@type":"Organization","@id":"https:\/\/lions-pharmacy.com\/de#organization","name":"Lions Pharmacy","alternateName":"Lions Pharmacy24","url":"https:\/\/lions-pharmacy.com\/de","logo":{"@type":"ImageObject","inLanguage":"de","@id":"https:\/\/lions-pharmacy.com\/de#\/schema\/logo\/image\/","url":"https:\/\/lions-pharmacy.com\/wp-content\/uploads\/2022\/12\/Logo-Lion-Pharmacy-c-o-Loewen-Apotheke-smal.jpg","contentUrl":"https:\/\/lions-pharmacy.com\/wp-content\/uploads\/2022\/12\/Logo-Lion-Pharmacy-c-o-Loewen-Apotheke-smal.jpg","width":298,"height":99,"caption":"Lions Pharmacy"},"image":{"@id":"https:\/\/lions-pharmacy.com\/de#\/schema\/logo\/image\/"}}]}},"_links":{"self":[{"href":"https:\/\/lions-pharmacy.com\/de\/wp-json\/wp\/v2\/product\/4474","targetHints":{"allow":["GET"]}}],"collection":[{"href":"https:\/\/lions-pharmacy.com\/de\/wp-json\/wp\/v2\/product"}],"about":[{"href":"https:\/\/lions-pharmacy.com\/de\/wp-json\/wp\/v2\/types\/product"}],"replies":[{"embeddable":true,"href":"https:\/\/lions-pharmacy.com\/de\/wp-json\/wp\/v2\/comments?post=4474"}],"wp:featuredmedia":[{"embeddable":true,"href":"https:\/\/lions-pharmacy.com\/de\/wp-json\/wp\/v2\/media\/4305"}],"wp:attachment":[{"href":"https:\/\/lions-pharmacy.com\/de\/wp-json\/wp\/v2\/media?parent=4474"}],"wp:term":[{"taxonomy":"product_brand","embeddable":true,"href":"https:\/\/lions-pharmacy.com\/de\/wp-json\/wp\/v2\/product_brand?post=4474"},{"taxonomy":"product_cat","embeddable":true,"href":"https:\/\/lions-pharmacy.com\/de\/wp-json\/wp\/v2\/product_cat?post=4474"},{"taxonomy":"product_tag","embeddable":true,"href":"https:\/\/lions-pharmacy.com\/de\/wp-json\/wp\/v2\/product_tag?post=4474"}],"curies":[{"name":"wp","href":"https:\/\/api.w.org\/{rel}","templated":true}]}}