{"id":4457,"date":"2024-09-07T19:39:29","date_gmt":"2024-09-07T18:39:29","guid":{"rendered":"https:\/\/lions-pharmacy.com\/?post_type=product&#038;p=4457"},"modified":"2026-02-25T06:28:19","modified_gmt":"2026-02-25T05:28:19","slug":"tebonin-intens-120-mg-200-03379106","status":"publish","type":"product","link":"https:\/\/lions-pharmacy.com\/de\/produkt\/tebonin-intens-120-mg-200-03379106","title":{"rendered":"Tebonin intens 120 mg Filmtabletten 200 Stk."},"content":{"rendered":"<h2 style=\"text-align: left;\">Tebonin intens 120 mg Filmtabletten<\/h2>\n<p>Tebonin intens 120 mg ist ein hochwertiges pflanzliches Arzneimittel zur Behandlung von Vergesslichkeit und Konzentrationsschw\u00e4che im Alter, bestimmten Formen von Schwindel sowie Ohrensausen und Tinnitus.<\/p>\n<p>Das Original Tebonin intens mit einer Dosierung von 120 mg Ginkgo-Extrakt tr\u00e4gt zu einer besseren Durchblutung bei und kann bei akuten oder chronischen Ohrger\u00e4uschen wie Tinnitus, Klingeln oder Zischen wie Tinnitus eingesetzt werden. Tebonin intens ist auch f\u00fcr die Alzheimer-Krankheit geeignet und kann helfen, die mit Demenz verbundenen Symptome zu verbessern.<br \/>\nDas Gehirn wird mit Tebonin intens besser durchblutet und seine Gehirnaktivit\u00e4t wird gest\u00e4rkt.<br \/>\nDie durchblutungsf\u00f6rdernde Wirkung eignet sich auch bei Schwindel und K\u00e4ltegef\u00fchlen in H\u00e4nden und F\u00fc\u00dfen<\/p>\n<p>Die Dr. Willmar Schwabe GmbH &amp; Co. KG ist die Muttergesellschaft der Schwabe-Gruppe und wird auch als Schwabe-Unternehmensgruppe oder Schwabe-Gruppe bezeichnet. Das Pharmaunternehmen wurde 1865 in Leipzig gegr\u00fcndet. Der Hauptsitz wurde 1946 nach Karlsruhe verlegt. Die Gruppe konzentriert sich auf die Gesundheits- und Pharmabranche und ist spezialisiert auf pflanzliche und hom\u00f6opathische Arzneimittel, Phytopharmaka und Hom\u00f6opathika, Nahrungserg\u00e4nzungsmittel pflanzlichen Ursprungs sowie zus\u00e4tzliche Dienstleistungen f\u00fcr die ganzheitliche Gesundheitspflege und Selbsthilfe, wie z.B. Trainingsprogramme f\u00fcr geistige und k\u00f6rperliche Fitness. Dazu geh\u00f6ren die Marken Tebonin, Umckaloabo.<\/p>\n<p>Weitere Produkte von <a href=\"https:\/\/lions-pharmacy.com\/de\/product-category\/dr-schwabe-de\">Dr. Schwabe in unserem Sortiment<\/a><\/p>\n<p>Weitere Produktdetails finden Sie beim Hersteller: <a href=\"https:\/\/www.tebonin.de\/\" target=\"_blank\" rel=\"noopener\">Informationen zum Produkt und zum Hersteller Dr. Schwabe<\/a><\/p>\n<p>Andere Kunden interessierten sich auch f\u00fcr: Produkte im Zusammenhang mit: Dememz | <a href=\"https:\/\/lions-pharmacy.com\/de?product_tag=vital\">Vitalit\u00e4t, Leistungsverlust &amp; Vergesslichkeit<\/a> | Mangelnde Konzentration<\/p>\n<p>Zu Risiken und Nebenwirkungen lesen Sie die Packungsbeilage und fragen Sie Ihren Arzt oder Apotheker.<\/p>\n","protected":false},"excerpt":{"rendered":"<h2 style=\"text-align: left;\">Tebonin intens 120 mg<\/h2>\n<p>Bei Schwindel kreislaufbedingten oder altersbedingten Ursprungs.<\/p>\n<p>&nbsp;<\/p>\n<p><strong>PZN:<\/strong> 03379106 (Pharmazentralnummer)<\/p>\n<p><strong>Darreichungsform<\/strong>: Filmtabletten &#8211; 200 Stk.<\/p>\n<p><strong>Verschreibungsart<\/strong>: verschreibungsfrei<\/p>\n<p><strong>Marke<\/strong>: Tebonin<\/p>\n<p><strong>Hersteller<\/strong>: Dr.Willmar Schwabe GmbH &amp; Co.KG<\/p>\n","protected":false},"featured_media":4337,"comment_status":"closed","ping_status":"closed","template":"","meta":[],"product_brand":[],"product_cat":[461,367,368],"product_tag":[473,472,474,504,537,430],"class_list":{"0":"post-4457","1":"product","2":"type-product","3":"status-publish","4":"has-post-thumbnail","6":"product_cat-dr-schwabe-de","7":"product_cat-sale-de","8":"product_cat-shop-de","9":"product_tag-dr-schwabe-de","10":"product_tag-naturliche-heilmittel","11":"product_tag-pflanzlicher-wirkstoff","12":"product_tag-schwindel","13":"product_tag-tebonin-de","14":"product_tag-tinnitus-de","15":"ts_product_brand-alle","16":"ts_product_brand-dr-schwabe-de","18":"first","19":"instock","20":"sale","21":"taxable","22":"shipping-taxable","23":"purchasable","24":"product-type-simple"},"yoast_head":"<!-- This site is optimized with the Yoast SEO plugin v26.5 - https:\/\/yoast.com\/wordpress\/plugins\/seo\/ -->\n<title>Tebonin intens 120 mg Filmtabletten 200 Stk. &#187; L\u00f6wen Apotheke<\/title>\n<meta name=\"description\" content=\"Lions Pharmacy | Registrierte deutsche Apotheke. Wir bieten: schnellen internationalen Versand. Dr. W. Schwabe | Tebonin intens 120 mg Filmtabletten 200 Stk.\" \/>\n<meta name=\"robots\" content=\"index, follow, max-snippet:-1, max-image-preview:large, max-video-preview:-1\" \/>\n<link rel=\"canonical\" href=\"https:\/\/lions-pharmacy.com\/de\/produkt\/tebonin-intens-120-mg-200-03379106\" \/>\n<meta property=\"og:locale\" content=\"de_DE\" \/>\n<meta property=\"og:type\" content=\"article\" \/>\n<meta property=\"og:title\" content=\"Tebonin intens 120 mg Filmtabletten 200 Stk. &#187; L\u00f6wen Apotheke\" \/>\n<meta property=\"og:description\" content=\"Lions Pharmacy | Registrierte deutsche Apotheke. Wir bieten: schnellen internationalen Versand. Dr. W. Schwabe | Tebonin intens 120 mg Filmtabletten 200 Stk.\" \/>\n<meta property=\"og:url\" content=\"https:\/\/lions-pharmacy.com\/de\/produkt\/tebonin-intens-120-mg-200-03379106\" \/>\n<meta property=\"og:site_name\" content=\"L\u00f6wen Apotheke\" \/>\n<meta property=\"article:modified_time\" content=\"2026-02-25T05:28:19+00:00\" \/>\n<meta property=\"og:image\" content=\"https:\/\/lions-pharmacy.com\/wp-content\/uploads\/2024\/09\/tebonin-intens-60-pcs.webp\" \/>\n\t<meta property=\"og:image:width\" content=\"600\" \/>\n\t<meta property=\"og:image:height\" content=\"600\" \/>\n\t<meta property=\"og:image:type\" content=\"image\/webp\" \/>\n<meta name=\"twitter:card\" content=\"summary_large_image\" \/>\n<meta name=\"twitter:label1\" content=\"Gesch\u00e4tzte Lesezeit\" \/>\n\t<meta name=\"twitter:data1\" content=\"1\u00a0Minute\" \/>\n<script type=\"application\/ld+json\" class=\"yoast-schema-graph\">{\"@context\":\"https:\/\/schema.org\",\"@graph\":[{\"@type\":\"WebPage\",\"@id\":\"https:\/\/lions-pharmacy.com\/de\/produkt\/tebonin-intens-120-mg-200-03379106\",\"url\":\"https:\/\/lions-pharmacy.com\/de\/produkt\/tebonin-intens-120-mg-200-03379106\",\"name\":\"Tebonin intens 120 mg Filmtabletten 200 Stk. &#187; L\u00f6wen Apotheke\",\"isPartOf\":{\"@id\":\"https:\/\/lions-pharmacy.com\/de#website\"},\"primaryImageOfPage\":{\"@id\":\"https:\/\/lions-pharmacy.com\/de\/produkt\/tebonin-intens-120-mg-200-03379106#primaryimage\"},\"image\":{\"@id\":\"https:\/\/lions-pharmacy.com\/de\/produkt\/tebonin-intens-120-mg-200-03379106#primaryimage\"},\"thumbnailUrl\":\"https:\/\/lions-pharmacy.com\/wp-content\/uploads\/2024\/09\/tebonin-intens-60-pcs.webp\",\"datePublished\":\"2024-09-07T18:39:29+00:00\",\"dateModified\":\"2026-02-25T05:28:19+00:00\",\"description\":\"Lions Pharmacy | Registrierte deutsche Apotheke. Wir bieten: schnellen internationalen Versand. Dr. W. Schwabe | Tebonin intens 120 mg Filmtabletten 200 Stk.\",\"breadcrumb\":{\"@id\":\"https:\/\/lions-pharmacy.com\/de\/produkt\/tebonin-intens-120-mg-200-03379106#breadcrumb\"},\"inLanguage\":\"de\",\"potentialAction\":[{\"@type\":\"ReadAction\",\"target\":[\"https:\/\/lions-pharmacy.com\/de\/produkt\/tebonin-intens-120-mg-200-03379106\"]}]},{\"@type\":\"ImageObject\",\"inLanguage\":\"de\",\"@id\":\"https:\/\/lions-pharmacy.com\/de\/produkt\/tebonin-intens-120-mg-200-03379106#primaryimage\",\"url\":\"https:\/\/lions-pharmacy.com\/wp-content\/uploads\/2024\/09\/tebonin-intens-60-pcs.webp\",\"contentUrl\":\"https:\/\/lions-pharmacy.com\/wp-content\/uploads\/2024\/09\/tebonin-intens-60-pcs.webp\",\"width\":600,\"height\":600,\"caption\":\"Tebonin Intens 120mg Capsoules, Dr. W. Schwabe, Lions Pharmacy, PZN 03379106\"},{\"@type\":\"BreadcrumbList\",\"@id\":\"https:\/\/lions-pharmacy.com\/de\/produkt\/tebonin-intens-120-mg-200-03379106#breadcrumb\",\"itemListElement\":[{\"@type\":\"ListItem\",\"position\":1,\"name\":\"Home\",\"item\":\"https:\/\/lions-pharmacy.com\/de\/homepage-lion-pharmacy\"},{\"@type\":\"ListItem\",\"position\":2,\"name\":\"Shop\",\"item\":\"https:\/\/lions-pharmacy.com\/de\/shop-2\"},{\"@type\":\"ListItem\",\"position\":3,\"name\":\"Tebonin intens 120 mg Filmtabletten 200 Stk.\"}]},{\"@type\":\"WebSite\",\"@id\":\"https:\/\/lions-pharmacy.com\/de#website\",\"url\":\"https:\/\/lions-pharmacy.com\/de\",\"name\":\"Lions Pharmacy\",\"description\":\"Ihr Spezialist f\u00fcr Naturheilkunde aus Baden-Baden, Germany\",\"publisher\":{\"@id\":\"https:\/\/lions-pharmacy.com\/de#organization\"},\"alternateName\":\"Lion Pharmacy\",\"potentialAction\":[{\"@type\":\"SearchAction\",\"target\":{\"@type\":\"EntryPoint\",\"urlTemplate\":\"https:\/\/lions-pharmacy.com\/de?s={search_term_string}\"},\"query-input\":{\"@type\":\"PropertyValueSpecification\",\"valueRequired\":true,\"valueName\":\"search_term_string\"}}],\"inLanguage\":\"de\"},{\"@type\":\"Organization\",\"@id\":\"https:\/\/lions-pharmacy.com\/de#organization\",\"name\":\"Lions Pharmacy\",\"alternateName\":\"Lions Pharmacy24\",\"url\":\"https:\/\/lions-pharmacy.com\/de\",\"logo\":{\"@type\":\"ImageObject\",\"inLanguage\":\"de\",\"@id\":\"https:\/\/lions-pharmacy.com\/de#\/schema\/logo\/image\/\",\"url\":\"https:\/\/lions-pharmacy.com\/wp-content\/uploads\/2022\/12\/Logo-Lion-Pharmacy-c-o-Loewen-Apotheke-smal.jpg\",\"contentUrl\":\"https:\/\/lions-pharmacy.com\/wp-content\/uploads\/2022\/12\/Logo-Lion-Pharmacy-c-o-Loewen-Apotheke-smal.jpg\",\"width\":298,\"height\":99,\"caption\":\"Lions Pharmacy\"},\"image\":{\"@id\":\"https:\/\/lions-pharmacy.com\/de#\/schema\/logo\/image\/\"}}]}<\/script>\n<!-- \/ Yoast SEO plugin. -->","yoast_head_json":{"title":"Tebonin intens 120 mg Filmtabletten 200 Stk. &#187; L\u00f6wen Apotheke","description":"Lions Pharmacy | Registrierte deutsche Apotheke. Wir bieten: schnellen internationalen Versand. Dr. W. Schwabe | Tebonin intens 120 mg Filmtabletten 200 Stk.","robots":{"index":"index","follow":"follow","max-snippet":"max-snippet:-1","max-image-preview":"max-image-preview:large","max-video-preview":"max-video-preview:-1"},"canonical":"https:\/\/lions-pharmacy.com\/de\/produkt\/tebonin-intens-120-mg-200-03379106","og_locale":"de_DE","og_type":"article","og_title":"Tebonin intens 120 mg Filmtabletten 200 Stk. &#187; L\u00f6wen Apotheke","og_description":"Lions Pharmacy | Registrierte deutsche Apotheke. Wir bieten: schnellen internationalen Versand. Dr. W. Schwabe | Tebonin intens 120 mg Filmtabletten 200 Stk.","og_url":"https:\/\/lions-pharmacy.com\/de\/produkt\/tebonin-intens-120-mg-200-03379106","og_site_name":"L\u00f6wen Apotheke","article_modified_time":"2026-02-25T05:28:19+00:00","og_image":[{"width":600,"height":600,"url":"https:\/\/lions-pharmacy.com\/wp-content\/uploads\/2024\/09\/tebonin-intens-60-pcs.webp","type":"image\/webp"}],"twitter_card":"summary_large_image","twitter_misc":{"Gesch\u00e4tzte Lesezeit":"1\u00a0Minute"},"schema":{"@context":"https:\/\/schema.org","@graph":[{"@type":"WebPage","@id":"https:\/\/lions-pharmacy.com\/de\/produkt\/tebonin-intens-120-mg-200-03379106","url":"https:\/\/lions-pharmacy.com\/de\/produkt\/tebonin-intens-120-mg-200-03379106","name":"Tebonin intens 120 mg Filmtabletten 200 Stk. &#187; L\u00f6wen Apotheke","isPartOf":{"@id":"https:\/\/lions-pharmacy.com\/de#website"},"primaryImageOfPage":{"@id":"https:\/\/lions-pharmacy.com\/de\/produkt\/tebonin-intens-120-mg-200-03379106#primaryimage"},"image":{"@id":"https:\/\/lions-pharmacy.com\/de\/produkt\/tebonin-intens-120-mg-200-03379106#primaryimage"},"thumbnailUrl":"https:\/\/lions-pharmacy.com\/wp-content\/uploads\/2024\/09\/tebonin-intens-60-pcs.webp","datePublished":"2024-09-07T18:39:29+00:00","dateModified":"2026-02-25T05:28:19+00:00","description":"Lions Pharmacy | Registrierte deutsche Apotheke. Wir bieten: schnellen internationalen Versand. Dr. W. Schwabe | Tebonin intens 120 mg Filmtabletten 200 Stk.","breadcrumb":{"@id":"https:\/\/lions-pharmacy.com\/de\/produkt\/tebonin-intens-120-mg-200-03379106#breadcrumb"},"inLanguage":"de","potentialAction":[{"@type":"ReadAction","target":["https:\/\/lions-pharmacy.com\/de\/produkt\/tebonin-intens-120-mg-200-03379106"]}]},{"@type":"ImageObject","inLanguage":"de","@id":"https:\/\/lions-pharmacy.com\/de\/produkt\/tebonin-intens-120-mg-200-03379106#primaryimage","url":"https:\/\/lions-pharmacy.com\/wp-content\/uploads\/2024\/09\/tebonin-intens-60-pcs.webp","contentUrl":"https:\/\/lions-pharmacy.com\/wp-content\/uploads\/2024\/09\/tebonin-intens-60-pcs.webp","width":600,"height":600,"caption":"Tebonin Intens 120mg Capsoules, Dr. W. Schwabe, Lions Pharmacy, PZN 03379106"},{"@type":"BreadcrumbList","@id":"https:\/\/lions-pharmacy.com\/de\/produkt\/tebonin-intens-120-mg-200-03379106#breadcrumb","itemListElement":[{"@type":"ListItem","position":1,"name":"Home","item":"https:\/\/lions-pharmacy.com\/de\/homepage-lion-pharmacy"},{"@type":"ListItem","position":2,"name":"Shop","item":"https:\/\/lions-pharmacy.com\/de\/shop-2"},{"@type":"ListItem","position":3,"name":"Tebonin intens 120 mg Filmtabletten 200 Stk."}]},{"@type":"WebSite","@id":"https:\/\/lions-pharmacy.com\/de#website","url":"https:\/\/lions-pharmacy.com\/de","name":"Lions Pharmacy","description":"Ihr Spezialist f\u00fcr Naturheilkunde aus Baden-Baden, Germany","publisher":{"@id":"https:\/\/lions-pharmacy.com\/de#organization"},"alternateName":"Lion Pharmacy","potentialAction":[{"@type":"SearchAction","target":{"@type":"EntryPoint","urlTemplate":"https:\/\/lions-pharmacy.com\/de?s={search_term_string}"},"query-input":{"@type":"PropertyValueSpecification","valueRequired":true,"valueName":"search_term_string"}}],"inLanguage":"de"},{"@type":"Organization","@id":"https:\/\/lions-pharmacy.com\/de#organization","name":"Lions Pharmacy","alternateName":"Lions Pharmacy24","url":"https:\/\/lions-pharmacy.com\/de","logo":{"@type":"ImageObject","inLanguage":"de","@id":"https:\/\/lions-pharmacy.com\/de#\/schema\/logo\/image\/","url":"https:\/\/lions-pharmacy.com\/wp-content\/uploads\/2022\/12\/Logo-Lion-Pharmacy-c-o-Loewen-Apotheke-smal.jpg","contentUrl":"https:\/\/lions-pharmacy.com\/wp-content\/uploads\/2022\/12\/Logo-Lion-Pharmacy-c-o-Loewen-Apotheke-smal.jpg","width":298,"height":99,"caption":"Lions Pharmacy"},"image":{"@id":"https:\/\/lions-pharmacy.com\/de#\/schema\/logo\/image\/"}}]}},"_links":{"self":[{"href":"https:\/\/lions-pharmacy.com\/de\/wp-json\/wp\/v2\/product\/4457","targetHints":{"allow":["GET"]}}],"collection":[{"href":"https:\/\/lions-pharmacy.com\/de\/wp-json\/wp\/v2\/product"}],"about":[{"href":"https:\/\/lions-pharmacy.com\/de\/wp-json\/wp\/v2\/types\/product"}],"replies":[{"embeddable":true,"href":"https:\/\/lions-pharmacy.com\/de\/wp-json\/wp\/v2\/comments?post=4457"}],"wp:featuredmedia":[{"embeddable":true,"href":"https:\/\/lions-pharmacy.com\/de\/wp-json\/wp\/v2\/media\/4337"}],"wp:attachment":[{"href":"https:\/\/lions-pharmacy.com\/de\/wp-json\/wp\/v2\/media?parent=4457"}],"wp:term":[{"taxonomy":"product_brand","embeddable":true,"href":"https:\/\/lions-pharmacy.com\/de\/wp-json\/wp\/v2\/product_brand?post=4457"},{"taxonomy":"product_cat","embeddable":true,"href":"https:\/\/lions-pharmacy.com\/de\/wp-json\/wp\/v2\/product_cat?post=4457"},{"taxonomy":"product_tag","embeddable":true,"href":"https:\/\/lions-pharmacy.com\/de\/wp-json\/wp\/v2\/product_tag?post=4457"}],"curies":[{"name":"wp","href":"https:\/\/api.w.org\/{rel}","templated":true}]}}