{"id":4396,"date":"2024-09-07T09:10:51","date_gmt":"2024-09-07T08:10:51","guid":{"rendered":"https:\/\/lions-pharmacy.com\/?post_type=product&#038;p=4396"},"modified":"2026-02-25T07:04:55","modified_gmt":"2026-02-25T06:04:55","slug":"umckaloabo-20-mg-tablets-60-pcs-00148843","status":"publish","type":"product","link":"https:\/\/lions-pharmacy.com\/de\/produkt\/umckaloabo-20-mg-tablets-60-pcs-00148843","title":{"rendered":"Umckaloabo 20 mg Filmtabletten 60 St\u00fcck"},"content":{"rendered":"<h2 style=\"text-align: left;\">Umckaloabo 20 mg Filmtabletten<\/h2>\n<p>Umckaloabo 20 mg Filmtabletten: F\u00fcr die symptomatische Behandlung von akuter Bronchitis. Umckaloabo Filmtabletten werden als pflanzliches Arzneimittel zur symptomatischen Behandlung von Symptomen bei akuter Bronchitis eingesetzt. Das Arzneimittel enth\u00e4lt den antiinfekti\u00f6sen und schleiml\u00f6senden Spezialextrakt EPs 7630 aus der s\u00fcdafrikanischen Kap-Pelargonie (Pelargonium spp.). Dieses Medikament enth\u00e4lt also denselben Wirkstoff, im Gegensatz zu Umckaloabo\u00ae Tropfen, die zur Behandlung von akuter Bronchitis eingesetzt werden.<\/p>\n<p>Wirkstoff: 20 mg Pelargonium sidoides Wurzeltrockenextrakt (6,25-11,11:1); Extraktionsmittel: Ethanol 11% (m\/m)<\/p>\n<ul style=\"list-style-type: square;\">\n<li>Mit antiinfektivem Trockenextrakt EPs\u00ae 7630 aus Pelargonium sidoides-Wurzeln<\/li>\n<li>Linderung der belastenden Symptome einer akuten Bronchitis<\/li>\n<li>Beschleunigen Sie die Heilung<\/li>\n<li>Sind praktisch f\u00fcr unterwegs<\/li>\n<li>Sind alkoholfrei<\/li>\n<\/ul>\n<p>Hier finden Sie weitere Informationen zum <strong>Produkt Umckaloabo 20 mg Filmtabletten<\/strong> und <a href=\"https:\/\/www.schwabe.de\/produkte\/umckaloabo\/\" target=\"_blank\" rel=\"noopener\">dem Hersteller Dr. Schwabe<\/a><\/p>\n<p>Die Dr. Willmar Schwabe GmbH &amp; Co. KG ist die Muttergesellschaft der Schwabe-Gruppe und wird auch als Schwabe-Unternehmensgruppe oder Schwabe-Gruppe bezeichnet. Das Pharmaunternehmen wurde 1865 in Leipzig gegr\u00fcndet. Der Hauptsitz wurde 1946 nach Karlsruhe verlegt. Die Gruppe konzentriert sich auf die Gesundheits- und Pharmabranche und ist spezialisiert auf pflanzliche und hom\u00f6opathische Arzneimittel, Phytopharmaka und Hom\u00f6opathika, Nahrungserg\u00e4nzungsmittel pflanzlichen Ursprungs sowie zus\u00e4tzliche Dienstleistungen f\u00fcr die ganzheitliche Gesundheitspflege und Selbsthilfe, wie z.B. Trainingsprogramme f\u00fcr geistige und k\u00f6rperliche Fitness. Dazu geh\u00f6ren die Marken Tebonin, Umckaloabo.<\/p>\n<p>Weitere Produkte von <a href=\"https:\/\/lions-pharmacy.com\/de\/product-category\/dr-schwabe-de\">Dr. Schwabe im Sortiment<\/a><\/p>\n<p>Zu Risiken und Nebenwirkungen lesen Sie die Packungsbeilage und fragen Sie Ihren Arzt oder Apotheker.<\/p>\n","protected":false},"excerpt":{"rendered":"<h2 style=\"text-align: left;\">Umckaloabo 20 mg Filmtabletten<\/h2>\n<div class=\"rating__wrap\">\n<p>Zur symptomatischen Behandlung von akuter Bronchitis.<\/p>\n<p>&nbsp;<\/p>\n<p><strong>PZN<\/strong>: 00148843 (Pharmazentralnummer)<\/p>\n<p><strong>Darreichungsform<\/strong>: Filmtabletten<\/p>\n<p><strong>Packungsgr\u00f6\u00dfe:<\/strong> 60 St\u00fcck.<\/p>\n<p><strong>Verschreibungsart<\/strong>: verschreibungsfrei<\/p>\n<p><strong>Marke<\/strong>: Umckaloabo\u00ae<\/p>\n<p><strong>Hersteller<\/strong>: <a href=\"https:\/\/www.loewen-apotheke24.com\/de\/product_cat\/schwabe\/\">Dr.Willmar Schwabe GmbH &amp; Co.KG<\/a><\/p>\n<\/div>\n","protected":false},"featured_media":4325,"comment_status":"closed","ping_status":"closed","template":"","meta":[],"product_brand":[],"product_cat":[461,367,368],"product_tag":[473,476,472,512],"class_list":{"0":"post-4396","1":"product","2":"type-product","3":"status-publish","4":"has-post-thumbnail","6":"product_cat-dr-schwabe-de","7":"product_cat-sale-de","8":"product_cat-shop-de","9":"product_tag-dr-schwabe-de","10":"product_tag-grippe-erkaltung","11":"product_tag-naturliche-heilmittel","12":"product_tag-pflanzlicher-wirkstoff-de","13":"ts_product_brand-alle","14":"ts_product_brand-dr-schwabe-de","16":"first","17":"instock","18":"sale","19":"taxable","20":"shipping-taxable","21":"purchasable","22":"product-type-simple"},"yoast_head":"<!-- This site is optimized with the Yoast SEO plugin v26.5 - https:\/\/yoast.com\/wordpress\/plugins\/seo\/ -->\n<title>Umckaloabo 20 mg Filmtabletten 60 St\u00fcck &#187; L\u00f6wen Apotheke<\/title>\n<meta name=\"description\" content=\"Registrierte deutsche Apotheke: schneller Versand, bester Service. Umckaloabo 20 mg Tabletten zur symptomatischen Behandlung von Symptomen, die bei akuter Bronchitis auftreten.\" \/>\n<meta name=\"robots\" content=\"index, follow, max-snippet:-1, max-image-preview:large, max-video-preview:-1\" \/>\n<link rel=\"canonical\" href=\"https:\/\/lions-pharmacy.com\/de\/produkt\/umckaloabo-20-mg-tablets-60-pcs-00148843\" \/>\n<meta property=\"og:locale\" content=\"de_DE\" \/>\n<meta property=\"og:type\" content=\"article\" \/>\n<meta property=\"og:title\" content=\"Umckaloabo 20 mg Filmtabletten 60 St\u00fcck &#187; L\u00f6wen Apotheke\" \/>\n<meta property=\"og:description\" content=\"Registrierte deutsche Apotheke: schneller Versand, bester Service. Umckaloabo 20 mg Tabletten zur symptomatischen Behandlung von Symptomen, die bei akuter Bronchitis auftreten.\" \/>\n<meta property=\"og:url\" content=\"https:\/\/lions-pharmacy.com\/de\/produkt\/umckaloabo-20-mg-tablets-60-pcs-00148843\" \/>\n<meta property=\"og:site_name\" content=\"L\u00f6wen Apotheke\" \/>\n<meta property=\"article:modified_time\" content=\"2026-02-25T06:04:55+00:00\" \/>\n<meta property=\"og:image\" content=\"https:\/\/lions-pharmacy.com\/wp-content\/uploads\/2024\/09\/umckaloabo-tablets.webp\" \/>\n\t<meta property=\"og:image:width\" content=\"600\" \/>\n\t<meta property=\"og:image:height\" content=\"600\" \/>\n\t<meta property=\"og:image:type\" content=\"image\/webp\" \/>\n<meta name=\"twitter:card\" content=\"summary_large_image\" \/>\n<meta name=\"twitter:label1\" content=\"Gesch\u00e4tzte Lesezeit\" \/>\n\t<meta name=\"twitter:data1\" content=\"1\u00a0Minute\" \/>\n<script type=\"application\/ld+json\" class=\"yoast-schema-graph\">{\"@context\":\"https:\/\/schema.org\",\"@graph\":[{\"@type\":\"WebPage\",\"@id\":\"https:\/\/lions-pharmacy.com\/de\/produkt\/umckaloabo-20-mg-tablets-60-pcs-00148843\",\"url\":\"https:\/\/lions-pharmacy.com\/de\/produkt\/umckaloabo-20-mg-tablets-60-pcs-00148843\",\"name\":\"Umckaloabo 20 mg Filmtabletten 60 St\u00fcck &#187; L\u00f6wen Apotheke\",\"isPartOf\":{\"@id\":\"https:\/\/lions-pharmacy.com\/de#website\"},\"primaryImageOfPage\":{\"@id\":\"https:\/\/lions-pharmacy.com\/de\/produkt\/umckaloabo-20-mg-tablets-60-pcs-00148843#primaryimage\"},\"image\":{\"@id\":\"https:\/\/lions-pharmacy.com\/de\/produkt\/umckaloabo-20-mg-tablets-60-pcs-00148843#primaryimage\"},\"thumbnailUrl\":\"https:\/\/lions-pharmacy.com\/wp-content\/uploads\/2024\/09\/umckaloabo-tablets.webp\",\"datePublished\":\"2024-09-07T08:10:51+00:00\",\"dateModified\":\"2026-02-25T06:04:55+00:00\",\"description\":\"Registrierte deutsche Apotheke: schneller Versand, bester Service. Umckaloabo 20 mg Tabletten zur symptomatischen Behandlung von Symptomen, die bei akuter Bronchitis auftreten.\",\"breadcrumb\":{\"@id\":\"https:\/\/lions-pharmacy.com\/de\/produkt\/umckaloabo-20-mg-tablets-60-pcs-00148843#breadcrumb\"},\"inLanguage\":\"de\",\"potentialAction\":[{\"@type\":\"ReadAction\",\"target\":[\"https:\/\/lions-pharmacy.com\/de\/produkt\/umckaloabo-20-mg-tablets-60-pcs-00148843\"]}]},{\"@type\":\"ImageObject\",\"inLanguage\":\"de\",\"@id\":\"https:\/\/lions-pharmacy.com\/de\/produkt\/umckaloabo-20-mg-tablets-60-pcs-00148843#primaryimage\",\"url\":\"https:\/\/lions-pharmacy.com\/wp-content\/uploads\/2024\/09\/umckaloabo-tablets.webp\",\"contentUrl\":\"https:\/\/lions-pharmacy.com\/wp-content\/uploads\/2024\/09\/umckaloabo-tablets.webp\",\"width\":600,\"height\":600,\"caption\":\"umckaloabo 20 mg 60 Stk. Tabletten, Dr. Schwabe, L\u00f6wen-Apotheke, PZN 00148843\"},{\"@type\":\"BreadcrumbList\",\"@id\":\"https:\/\/lions-pharmacy.com\/de\/produkt\/umckaloabo-20-mg-tablets-60-pcs-00148843#breadcrumb\",\"itemListElement\":[{\"@type\":\"ListItem\",\"position\":1,\"name\":\"Home\",\"item\":\"https:\/\/lions-pharmacy.com\/de\/homepage-lion-pharmacy\"},{\"@type\":\"ListItem\",\"position\":2,\"name\":\"Shop\",\"item\":\"https:\/\/lions-pharmacy.com\/de\/shop-2\"},{\"@type\":\"ListItem\",\"position\":3,\"name\":\"Umckaloabo 20 mg Filmtabletten 60 St\u00fcck\"}]},{\"@type\":\"WebSite\",\"@id\":\"https:\/\/lions-pharmacy.com\/de#website\",\"url\":\"https:\/\/lions-pharmacy.com\/de\",\"name\":\"Lions Pharmacy\",\"description\":\"Ihr Spezialist f\u00fcr Naturheilkunde aus Baden-Baden, Germany\",\"publisher\":{\"@id\":\"https:\/\/lions-pharmacy.com\/de#organization\"},\"alternateName\":\"Lion Pharmacy\",\"potentialAction\":[{\"@type\":\"SearchAction\",\"target\":{\"@type\":\"EntryPoint\",\"urlTemplate\":\"https:\/\/lions-pharmacy.com\/de?s={search_term_string}\"},\"query-input\":{\"@type\":\"PropertyValueSpecification\",\"valueRequired\":true,\"valueName\":\"search_term_string\"}}],\"inLanguage\":\"de\"},{\"@type\":\"Organization\",\"@id\":\"https:\/\/lions-pharmacy.com\/de#organization\",\"name\":\"Lions Pharmacy\",\"alternateName\":\"Lions Pharmacy24\",\"url\":\"https:\/\/lions-pharmacy.com\/de\",\"logo\":{\"@type\":\"ImageObject\",\"inLanguage\":\"de\",\"@id\":\"https:\/\/lions-pharmacy.com\/de#\/schema\/logo\/image\/\",\"url\":\"https:\/\/lions-pharmacy.com\/wp-content\/uploads\/2022\/12\/Logo-Lion-Pharmacy-c-o-Loewen-Apotheke-smal.jpg\",\"contentUrl\":\"https:\/\/lions-pharmacy.com\/wp-content\/uploads\/2022\/12\/Logo-Lion-Pharmacy-c-o-Loewen-Apotheke-smal.jpg\",\"width\":298,\"height\":99,\"caption\":\"Lions Pharmacy\"},\"image\":{\"@id\":\"https:\/\/lions-pharmacy.com\/de#\/schema\/logo\/image\/\"}}]}<\/script>\n<!-- \/ Yoast SEO plugin. -->","yoast_head_json":{"title":"Umckaloabo 20 mg Filmtabletten 60 St\u00fcck &#187; L\u00f6wen Apotheke","description":"Registrierte deutsche Apotheke: schneller Versand, bester Service. Umckaloabo 20 mg Tabletten zur symptomatischen Behandlung von Symptomen, die bei akuter Bronchitis auftreten.","robots":{"index":"index","follow":"follow","max-snippet":"max-snippet:-1","max-image-preview":"max-image-preview:large","max-video-preview":"max-video-preview:-1"},"canonical":"https:\/\/lions-pharmacy.com\/de\/produkt\/umckaloabo-20-mg-tablets-60-pcs-00148843","og_locale":"de_DE","og_type":"article","og_title":"Umckaloabo 20 mg Filmtabletten 60 St\u00fcck &#187; L\u00f6wen Apotheke","og_description":"Registrierte deutsche Apotheke: schneller Versand, bester Service. Umckaloabo 20 mg Tabletten zur symptomatischen Behandlung von Symptomen, die bei akuter Bronchitis auftreten.","og_url":"https:\/\/lions-pharmacy.com\/de\/produkt\/umckaloabo-20-mg-tablets-60-pcs-00148843","og_site_name":"L\u00f6wen Apotheke","article_modified_time":"2026-02-25T06:04:55+00:00","og_image":[{"width":600,"height":600,"url":"https:\/\/lions-pharmacy.com\/wp-content\/uploads\/2024\/09\/umckaloabo-tablets.webp","type":"image\/webp"}],"twitter_card":"summary_large_image","twitter_misc":{"Gesch\u00e4tzte Lesezeit":"1\u00a0Minute"},"schema":{"@context":"https:\/\/schema.org","@graph":[{"@type":"WebPage","@id":"https:\/\/lions-pharmacy.com\/de\/produkt\/umckaloabo-20-mg-tablets-60-pcs-00148843","url":"https:\/\/lions-pharmacy.com\/de\/produkt\/umckaloabo-20-mg-tablets-60-pcs-00148843","name":"Umckaloabo 20 mg Filmtabletten 60 St\u00fcck &#187; L\u00f6wen Apotheke","isPartOf":{"@id":"https:\/\/lions-pharmacy.com\/de#website"},"primaryImageOfPage":{"@id":"https:\/\/lions-pharmacy.com\/de\/produkt\/umckaloabo-20-mg-tablets-60-pcs-00148843#primaryimage"},"image":{"@id":"https:\/\/lions-pharmacy.com\/de\/produkt\/umckaloabo-20-mg-tablets-60-pcs-00148843#primaryimage"},"thumbnailUrl":"https:\/\/lions-pharmacy.com\/wp-content\/uploads\/2024\/09\/umckaloabo-tablets.webp","datePublished":"2024-09-07T08:10:51+00:00","dateModified":"2026-02-25T06:04:55+00:00","description":"Registrierte deutsche Apotheke: schneller Versand, bester Service. Umckaloabo 20 mg Tabletten zur symptomatischen Behandlung von Symptomen, die bei akuter Bronchitis auftreten.","breadcrumb":{"@id":"https:\/\/lions-pharmacy.com\/de\/produkt\/umckaloabo-20-mg-tablets-60-pcs-00148843#breadcrumb"},"inLanguage":"de","potentialAction":[{"@type":"ReadAction","target":["https:\/\/lions-pharmacy.com\/de\/produkt\/umckaloabo-20-mg-tablets-60-pcs-00148843"]}]},{"@type":"ImageObject","inLanguage":"de","@id":"https:\/\/lions-pharmacy.com\/de\/produkt\/umckaloabo-20-mg-tablets-60-pcs-00148843#primaryimage","url":"https:\/\/lions-pharmacy.com\/wp-content\/uploads\/2024\/09\/umckaloabo-tablets.webp","contentUrl":"https:\/\/lions-pharmacy.com\/wp-content\/uploads\/2024\/09\/umckaloabo-tablets.webp","width":600,"height":600,"caption":"umckaloabo 20 mg 60 Stk. Tabletten, Dr. Schwabe, L\u00f6wen-Apotheke, PZN 00148843"},{"@type":"BreadcrumbList","@id":"https:\/\/lions-pharmacy.com\/de\/produkt\/umckaloabo-20-mg-tablets-60-pcs-00148843#breadcrumb","itemListElement":[{"@type":"ListItem","position":1,"name":"Home","item":"https:\/\/lions-pharmacy.com\/de\/homepage-lion-pharmacy"},{"@type":"ListItem","position":2,"name":"Shop","item":"https:\/\/lions-pharmacy.com\/de\/shop-2"},{"@type":"ListItem","position":3,"name":"Umckaloabo 20 mg Filmtabletten 60 St\u00fcck"}]},{"@type":"WebSite","@id":"https:\/\/lions-pharmacy.com\/de#website","url":"https:\/\/lions-pharmacy.com\/de","name":"Lions Pharmacy","description":"Ihr Spezialist f\u00fcr Naturheilkunde aus Baden-Baden, Germany","publisher":{"@id":"https:\/\/lions-pharmacy.com\/de#organization"},"alternateName":"Lion Pharmacy","potentialAction":[{"@type":"SearchAction","target":{"@type":"EntryPoint","urlTemplate":"https:\/\/lions-pharmacy.com\/de?s={search_term_string}"},"query-input":{"@type":"PropertyValueSpecification","valueRequired":true,"valueName":"search_term_string"}}],"inLanguage":"de"},{"@type":"Organization","@id":"https:\/\/lions-pharmacy.com\/de#organization","name":"Lions Pharmacy","alternateName":"Lions Pharmacy24","url":"https:\/\/lions-pharmacy.com\/de","logo":{"@type":"ImageObject","inLanguage":"de","@id":"https:\/\/lions-pharmacy.com\/de#\/schema\/logo\/image\/","url":"https:\/\/lions-pharmacy.com\/wp-content\/uploads\/2022\/12\/Logo-Lion-Pharmacy-c-o-Loewen-Apotheke-smal.jpg","contentUrl":"https:\/\/lions-pharmacy.com\/wp-content\/uploads\/2022\/12\/Logo-Lion-Pharmacy-c-o-Loewen-Apotheke-smal.jpg","width":298,"height":99,"caption":"Lions Pharmacy"},"image":{"@id":"https:\/\/lions-pharmacy.com\/de#\/schema\/logo\/image\/"}}]}},"_links":{"self":[{"href":"https:\/\/lions-pharmacy.com\/de\/wp-json\/wp\/v2\/product\/4396","targetHints":{"allow":["GET"]}}],"collection":[{"href":"https:\/\/lions-pharmacy.com\/de\/wp-json\/wp\/v2\/product"}],"about":[{"href":"https:\/\/lions-pharmacy.com\/de\/wp-json\/wp\/v2\/types\/product"}],"replies":[{"embeddable":true,"href":"https:\/\/lions-pharmacy.com\/de\/wp-json\/wp\/v2\/comments?post=4396"}],"wp:featuredmedia":[{"embeddable":true,"href":"https:\/\/lions-pharmacy.com\/de\/wp-json\/wp\/v2\/media\/4325"}],"wp:attachment":[{"href":"https:\/\/lions-pharmacy.com\/de\/wp-json\/wp\/v2\/media?parent=4396"}],"wp:term":[{"taxonomy":"product_brand","embeddable":true,"href":"https:\/\/lions-pharmacy.com\/de\/wp-json\/wp\/v2\/product_brand?post=4396"},{"taxonomy":"product_cat","embeddable":true,"href":"https:\/\/lions-pharmacy.com\/de\/wp-json\/wp\/v2\/product_cat?post=4396"},{"taxonomy":"product_tag","embeddable":true,"href":"https:\/\/lions-pharmacy.com\/de\/wp-json\/wp\/v2\/product_tag?post=4396"}],"curies":[{"name":"wp","href":"https:\/\/api.w.org\/{rel}","templated":true}]}}