{"id":4393,"date":"2024-09-06T06:11:07","date_gmt":"2024-09-06T05:11:07","guid":{"rendered":"https:\/\/lions-pharmacy.com\/?post_type=product&#038;p=4393"},"modified":"2026-02-25T07:18:29","modified_gmt":"2026-02-25T06:18:29","slug":"crataegutt-450-mg-cardiovascular-tablets-14064541","status":"publish","type":"product","link":"https:\/\/lions-pharmacy.com\/de\/produkt\/crataegutt-450-mg-cardiovascular-tablets-14064541","title":{"rendered":"Crataegutt 450 mg Tabletten 200 Stk."},"content":{"rendered":"<h2 style=\"text-align: left;\">crataegutt 450 mg kardiovaskul\u00e4re Tabletten<\/h2>\n<p>Crataegutt 450 mg Herz-Kreislauf-Tabletten sind gut vertr\u00e4gliche pflanzliche Arzneimittel zur Unterst\u00fctzung der Herz-Kreislauf-Funktion. Sie enthalten den Wei\u00dfdorn-Spezialextrakt WS\u00ae 1442 aus Wei\u00dfdornbl\u00e4ttern und -bl\u00fcten. Dies unterst\u00fctzt Ihr Herz-Kreislauf-System, indem es die Pumpkraft des Herzens st\u00e4rkt und die Gef\u00e4\u00dfe elastisch h\u00e4lt. Dadurch kann das Blut leichter durch den K\u00f6rper flie\u00dfen und den Organismus mit Sauerstoff versorgen.<\/p>\n<p>Der darin enthaltene Wei\u00dfdornextrakt kann auch als Anti-Aging-Wirkung eingesetzt werden, er sch\u00fctzt die Nervenzellen und verbessert auch kognitive St\u00f6rungen und Alzheimer.<br \/>\nCrataegutt hat eine positive Wirkung auf die Wundheilung und kann auch ein Begleiter bei Depressionen und Angstzust\u00e4nden sein.<\/p>\n<p>Die Dr. Willmar Schwabe GmbH &amp; Co. KG ist die Muttergesellschaft der Schwabe-Gruppe und wird auch als Schwabe-Unternehmensgruppe oder Schwabe-Gruppe bezeichnet. Das Pharmaunternehmen wurde 1865 in Leipzig gegr\u00fcndet. Der Hauptsitz wurde 1946 nach Karlsruhe verlegt. Die Gruppe konzentriert sich auf die Gesundheits- und Pharmabranche und ist spezialisiert auf pflanzliche und hom\u00f6opathische Arzneimittel, Phytopharmaka und Hom\u00f6opathika, Nahrungserg\u00e4nzungsmittel pflanzlichen Ursprungs sowie zus\u00e4tzliche Dienstleistungen f\u00fcr die ganzheitliche Gesundheitspflege und Selbsthilfe, wie z.B. Trainingsprogramme f\u00fcr geistige und k\u00f6rperliche Fitness. Dazu geh\u00f6ren die Marken Tebonin, Umckaloabo.<\/p>\n<p>Weitere Produkte von <a href=\"https:\/\/lions-pharmacy.com\/de\/product-category\/dr-schwabe-de\">Dr. Schwabe in unserem Sortiment<\/a><br \/>\nWeitere Informationen zum Produkt Crataegutt 450 mg finden Sie auf der Website des Herstellers: <a href=\"https:\/\/www.crataegutt.de\/produkte\/crataegutt-tabletten\" target=\"_blank\" rel=\"noopener\">Informationen \u00fcber das Produkt und den Hersteller Dr. Schwabe<\/a><br \/>\nAndere Kunden waren auch an Produkten zum Thema interessiert: <a href=\"\/de?product_tag=vital\">Vitalit\u00e4t, Leistungsabfall &amp; Vergesslichkeit<\/a> | Herz-Kreislauf<\/p>\n<p>Informationen auf dieser Website werden ausschlie\u00dflich f\u00fcr informative Zwecke zur Verf\u00fcgung gestellt. Sie ersetzen keinesfalls die Untersuchung und Behandlung durch einen Arzt. Bitte beachten Sie, dass hierdurch weder Diagnosen gestellt noch Therapien eingeleitet werden k\u00f6nnen.<\/p>\n<p>Zu Risiken und Nebenwirkungen lesen Sie die Packungsbeilage und fragen Sie Ihren Arzt oder Apotheker.<\/p>\n","protected":false},"excerpt":{"rendered":"<h2 style=\"text-align: left;\">crataegutt 450 mg Herz-Kreislauf-Tabletten<\/h2>\n<p>crataegutt 450 mg Herz-Kreislauf-Tabletten &#8211; pflanzliche Arzneimittel zur Unterst\u00fctzung der Herz-Kreislauf-Funktion.<\/p>\n<p>&nbsp;<\/p>\n<p><strong>PZN<\/strong>: 14064541 (Pharmazentralnummer)<\/p>\n<p><strong>Darreichungsform<\/strong>: Filmtabletten &#8211; 200 Stk.<\/p>\n<p><strong>Verschreibungsart<\/strong>: verschreibungsfrei<\/p>\n<p><strong>Marke<\/strong>: Crataegutt\u00ae<\/p>\n<p><strong>Hersteller<\/strong>: Dr.Willmar Schwabe GmbH &amp; Co.KG<\/p>\n","protected":false},"featured_media":5907,"comment_status":"closed","ping_status":"closed","template":"","meta":[],"product_brand":[],"product_cat":[461,367,368],"product_tag":[473,472,474,504],"class_list":{"0":"post-4393","1":"product","2":"type-product","3":"status-publish","4":"has-post-thumbnail","6":"product_cat-dr-schwabe-de","7":"product_cat-sale-de","8":"product_cat-shop-de","9":"product_tag-dr-schwabe-de","10":"product_tag-naturliche-heilmittel","11":"product_tag-pflanzlicher-wirkstoff","12":"product_tag-schwindel","13":"ts_product_brand-alle","14":"ts_product_brand-dr-schwabe-de","16":"first","17":"instock","18":"sale","19":"taxable","20":"shipping-taxable","21":"purchasable","22":"product-type-simple"},"yoast_head":"<!-- This site is optimized with the Yoast SEO plugin v26.5 - https:\/\/yoast.com\/wordpress\/plugins\/seo\/ -->\n<title>Crataegutt 450 mg Tabletten 200 Stk. &#187; L\u00f6wen Apotheke<\/title>\n<meta name=\"description\" content=\"Lions Apotheke | Registrierte deutsche Online-Apotheke. Wir bieten: schneller internationaler Versand und bequemes Einkaufen. Crataegutt 450 mg Tabletten 200 Stk.\" \/>\n<meta name=\"robots\" content=\"index, follow, max-snippet:-1, max-image-preview:large, max-video-preview:-1\" \/>\n<link rel=\"canonical\" href=\"https:\/\/lions-pharmacy.com\/de\/produkt\/crataegutt-450-mg-cardiovascular-tablets-14064541\" \/>\n<meta property=\"og:locale\" content=\"de_DE\" \/>\n<meta property=\"og:type\" content=\"article\" \/>\n<meta property=\"og:title\" content=\"Crataegutt 450 mg Tabletten 200 Stk. &#187; L\u00f6wen Apotheke\" \/>\n<meta property=\"og:description\" content=\"Lions Apotheke | Registrierte deutsche Online-Apotheke. Wir bieten: schneller internationaler Versand und bequemes Einkaufen. Crataegutt 450 mg Tabletten 200 Stk.\" \/>\n<meta property=\"og:url\" content=\"https:\/\/lions-pharmacy.com\/de\/produkt\/crataegutt-450-mg-cardiovascular-tablets-14064541\" \/>\n<meta property=\"og:site_name\" content=\"L\u00f6wen Apotheke\" \/>\n<meta property=\"article:modified_time\" content=\"2026-02-25T06:18:29+00:00\" \/>\n<meta property=\"og:image\" content=\"https:\/\/lions-pharmacy.com\/wp-content\/uploads\/2024\/09\/crata-1-1.webp\" \/>\n\t<meta property=\"og:image:width\" content=\"600\" \/>\n\t<meta property=\"og:image:height\" content=\"600\" \/>\n\t<meta property=\"og:image:type\" content=\"image\/webp\" \/>\n<meta name=\"twitter:card\" content=\"summary_large_image\" \/>\n<meta name=\"twitter:label1\" content=\"Gesch\u00e4tzte Lesezeit\" \/>\n\t<meta name=\"twitter:data1\" content=\"2\u00a0Minuten\" \/>\n<script type=\"application\/ld+json\" class=\"yoast-schema-graph\">{\"@context\":\"https:\/\/schema.org\",\"@graph\":[{\"@type\":\"WebPage\",\"@id\":\"https:\/\/lions-pharmacy.com\/de\/produkt\/crataegutt-450-mg-cardiovascular-tablets-14064541\",\"url\":\"https:\/\/lions-pharmacy.com\/de\/produkt\/crataegutt-450-mg-cardiovascular-tablets-14064541\",\"name\":\"Crataegutt 450 mg Tabletten 200 Stk. &#187; L\u00f6wen Apotheke\",\"isPartOf\":{\"@id\":\"https:\/\/lions-pharmacy.com\/de#website\"},\"primaryImageOfPage\":{\"@id\":\"https:\/\/lions-pharmacy.com\/de\/produkt\/crataegutt-450-mg-cardiovascular-tablets-14064541#primaryimage\"},\"image\":{\"@id\":\"https:\/\/lions-pharmacy.com\/de\/produkt\/crataegutt-450-mg-cardiovascular-tablets-14064541#primaryimage\"},\"thumbnailUrl\":\"https:\/\/lions-pharmacy.com\/wp-content\/uploads\/2024\/09\/crata-1-1.webp\",\"datePublished\":\"2024-09-06T05:11:07+00:00\",\"dateModified\":\"2026-02-25T06:18:29+00:00\",\"description\":\"Lions Apotheke | Registrierte deutsche Online-Apotheke. Wir bieten: schneller internationaler Versand und bequemes Einkaufen. Crataegutt 450 mg Tabletten 200 Stk.\",\"breadcrumb\":{\"@id\":\"https:\/\/lions-pharmacy.com\/de\/produkt\/crataegutt-450-mg-cardiovascular-tablets-14064541#breadcrumb\"},\"inLanguage\":\"de\",\"potentialAction\":[{\"@type\":\"ReadAction\",\"target\":[\"https:\/\/lions-pharmacy.com\/de\/produkt\/crataegutt-450-mg-cardiovascular-tablets-14064541\"]}]},{\"@type\":\"ImageObject\",\"inLanguage\":\"de\",\"@id\":\"https:\/\/lions-pharmacy.com\/de\/produkt\/crataegutt-450-mg-cardiovascular-tablets-14064541#primaryimage\",\"url\":\"https:\/\/lions-pharmacy.com\/wp-content\/uploads\/2024\/09\/crata-1-1.webp\",\"contentUrl\":\"https:\/\/lions-pharmacy.com\/wp-content\/uploads\/2024\/09\/crata-1-1.webp\",\"width\":600,\"height\":600,\"caption\":\"Crataegutt 200 St\u00fcck L\u00f6wen Apotheke 14064541\"},{\"@type\":\"BreadcrumbList\",\"@id\":\"https:\/\/lions-pharmacy.com\/de\/produkt\/crataegutt-450-mg-cardiovascular-tablets-14064541#breadcrumb\",\"itemListElement\":[{\"@type\":\"ListItem\",\"position\":1,\"name\":\"Home\",\"item\":\"https:\/\/lions-pharmacy.com\/de\/homepage-lion-pharmacy\"},{\"@type\":\"ListItem\",\"position\":2,\"name\":\"Shop\",\"item\":\"https:\/\/lions-pharmacy.com\/de\/shop-2\"},{\"@type\":\"ListItem\",\"position\":3,\"name\":\"Crataegutt 450 mg Tabletten 200 Stk.\"}]},{\"@type\":\"WebSite\",\"@id\":\"https:\/\/lions-pharmacy.com\/de#website\",\"url\":\"https:\/\/lions-pharmacy.com\/de\",\"name\":\"Lions Pharmacy\",\"description\":\"Ihr Spezialist f\u00fcr Naturheilkunde aus Baden-Baden, Germany\",\"publisher\":{\"@id\":\"https:\/\/lions-pharmacy.com\/de#organization\"},\"alternateName\":\"Lion Pharmacy\",\"potentialAction\":[{\"@type\":\"SearchAction\",\"target\":{\"@type\":\"EntryPoint\",\"urlTemplate\":\"https:\/\/lions-pharmacy.com\/de?s={search_term_string}\"},\"query-input\":{\"@type\":\"PropertyValueSpecification\",\"valueRequired\":true,\"valueName\":\"search_term_string\"}}],\"inLanguage\":\"de\"},{\"@type\":\"Organization\",\"@id\":\"https:\/\/lions-pharmacy.com\/de#organization\",\"name\":\"Lions Pharmacy\",\"alternateName\":\"Lions Pharmacy24\",\"url\":\"https:\/\/lions-pharmacy.com\/de\",\"logo\":{\"@type\":\"ImageObject\",\"inLanguage\":\"de\",\"@id\":\"https:\/\/lions-pharmacy.com\/de#\/schema\/logo\/image\/\",\"url\":\"https:\/\/lions-pharmacy.com\/wp-content\/uploads\/2022\/12\/Logo-Lion-Pharmacy-c-o-Loewen-Apotheke-smal.jpg\",\"contentUrl\":\"https:\/\/lions-pharmacy.com\/wp-content\/uploads\/2022\/12\/Logo-Lion-Pharmacy-c-o-Loewen-Apotheke-smal.jpg\",\"width\":298,\"height\":99,\"caption\":\"Lions Pharmacy\"},\"image\":{\"@id\":\"https:\/\/lions-pharmacy.com\/de#\/schema\/logo\/image\/\"}}]}<\/script>\n<!-- \/ Yoast SEO plugin. -->","yoast_head_json":{"title":"Crataegutt 450 mg Tabletten 200 Stk. &#187; L\u00f6wen Apotheke","description":"Lions Apotheke | Registrierte deutsche Online-Apotheke. Wir bieten: schneller internationaler Versand und bequemes Einkaufen. Crataegutt 450 mg Tabletten 200 Stk.","robots":{"index":"index","follow":"follow","max-snippet":"max-snippet:-1","max-image-preview":"max-image-preview:large","max-video-preview":"max-video-preview:-1"},"canonical":"https:\/\/lions-pharmacy.com\/de\/produkt\/crataegutt-450-mg-cardiovascular-tablets-14064541","og_locale":"de_DE","og_type":"article","og_title":"Crataegutt 450 mg Tabletten 200 Stk. &#187; L\u00f6wen Apotheke","og_description":"Lions Apotheke | Registrierte deutsche Online-Apotheke. Wir bieten: schneller internationaler Versand und bequemes Einkaufen. Crataegutt 450 mg Tabletten 200 Stk.","og_url":"https:\/\/lions-pharmacy.com\/de\/produkt\/crataegutt-450-mg-cardiovascular-tablets-14064541","og_site_name":"L\u00f6wen Apotheke","article_modified_time":"2026-02-25T06:18:29+00:00","og_image":[{"width":600,"height":600,"url":"https:\/\/lions-pharmacy.com\/wp-content\/uploads\/2024\/09\/crata-1-1.webp","type":"image\/webp"}],"twitter_card":"summary_large_image","twitter_misc":{"Gesch\u00e4tzte Lesezeit":"2\u00a0Minuten"},"schema":{"@context":"https:\/\/schema.org","@graph":[{"@type":"WebPage","@id":"https:\/\/lions-pharmacy.com\/de\/produkt\/crataegutt-450-mg-cardiovascular-tablets-14064541","url":"https:\/\/lions-pharmacy.com\/de\/produkt\/crataegutt-450-mg-cardiovascular-tablets-14064541","name":"Crataegutt 450 mg Tabletten 200 Stk. &#187; L\u00f6wen Apotheke","isPartOf":{"@id":"https:\/\/lions-pharmacy.com\/de#website"},"primaryImageOfPage":{"@id":"https:\/\/lions-pharmacy.com\/de\/produkt\/crataegutt-450-mg-cardiovascular-tablets-14064541#primaryimage"},"image":{"@id":"https:\/\/lions-pharmacy.com\/de\/produkt\/crataegutt-450-mg-cardiovascular-tablets-14064541#primaryimage"},"thumbnailUrl":"https:\/\/lions-pharmacy.com\/wp-content\/uploads\/2024\/09\/crata-1-1.webp","datePublished":"2024-09-06T05:11:07+00:00","dateModified":"2026-02-25T06:18:29+00:00","description":"Lions Apotheke | Registrierte deutsche Online-Apotheke. Wir bieten: schneller internationaler Versand und bequemes Einkaufen. Crataegutt 450 mg Tabletten 200 Stk.","breadcrumb":{"@id":"https:\/\/lions-pharmacy.com\/de\/produkt\/crataegutt-450-mg-cardiovascular-tablets-14064541#breadcrumb"},"inLanguage":"de","potentialAction":[{"@type":"ReadAction","target":["https:\/\/lions-pharmacy.com\/de\/produkt\/crataegutt-450-mg-cardiovascular-tablets-14064541"]}]},{"@type":"ImageObject","inLanguage":"de","@id":"https:\/\/lions-pharmacy.com\/de\/produkt\/crataegutt-450-mg-cardiovascular-tablets-14064541#primaryimage","url":"https:\/\/lions-pharmacy.com\/wp-content\/uploads\/2024\/09\/crata-1-1.webp","contentUrl":"https:\/\/lions-pharmacy.com\/wp-content\/uploads\/2024\/09\/crata-1-1.webp","width":600,"height":600,"caption":"Crataegutt 200 St\u00fcck L\u00f6wen Apotheke 14064541"},{"@type":"BreadcrumbList","@id":"https:\/\/lions-pharmacy.com\/de\/produkt\/crataegutt-450-mg-cardiovascular-tablets-14064541#breadcrumb","itemListElement":[{"@type":"ListItem","position":1,"name":"Home","item":"https:\/\/lions-pharmacy.com\/de\/homepage-lion-pharmacy"},{"@type":"ListItem","position":2,"name":"Shop","item":"https:\/\/lions-pharmacy.com\/de\/shop-2"},{"@type":"ListItem","position":3,"name":"Crataegutt 450 mg Tabletten 200 Stk."}]},{"@type":"WebSite","@id":"https:\/\/lions-pharmacy.com\/de#website","url":"https:\/\/lions-pharmacy.com\/de","name":"Lions Pharmacy","description":"Ihr Spezialist f\u00fcr Naturheilkunde aus Baden-Baden, Germany","publisher":{"@id":"https:\/\/lions-pharmacy.com\/de#organization"},"alternateName":"Lion Pharmacy","potentialAction":[{"@type":"SearchAction","target":{"@type":"EntryPoint","urlTemplate":"https:\/\/lions-pharmacy.com\/de?s={search_term_string}"},"query-input":{"@type":"PropertyValueSpecification","valueRequired":true,"valueName":"search_term_string"}}],"inLanguage":"de"},{"@type":"Organization","@id":"https:\/\/lions-pharmacy.com\/de#organization","name":"Lions Pharmacy","alternateName":"Lions Pharmacy24","url":"https:\/\/lions-pharmacy.com\/de","logo":{"@type":"ImageObject","inLanguage":"de","@id":"https:\/\/lions-pharmacy.com\/de#\/schema\/logo\/image\/","url":"https:\/\/lions-pharmacy.com\/wp-content\/uploads\/2022\/12\/Logo-Lion-Pharmacy-c-o-Loewen-Apotheke-smal.jpg","contentUrl":"https:\/\/lions-pharmacy.com\/wp-content\/uploads\/2022\/12\/Logo-Lion-Pharmacy-c-o-Loewen-Apotheke-smal.jpg","width":298,"height":99,"caption":"Lions Pharmacy"},"image":{"@id":"https:\/\/lions-pharmacy.com\/de#\/schema\/logo\/image\/"}}]}},"_links":{"self":[{"href":"https:\/\/lions-pharmacy.com\/de\/wp-json\/wp\/v2\/product\/4393","targetHints":{"allow":["GET"]}}],"collection":[{"href":"https:\/\/lions-pharmacy.com\/de\/wp-json\/wp\/v2\/product"}],"about":[{"href":"https:\/\/lions-pharmacy.com\/de\/wp-json\/wp\/v2\/types\/product"}],"replies":[{"embeddable":true,"href":"https:\/\/lions-pharmacy.com\/de\/wp-json\/wp\/v2\/comments?post=4393"}],"wp:featuredmedia":[{"embeddable":true,"href":"https:\/\/lions-pharmacy.com\/de\/wp-json\/wp\/v2\/media\/5907"}],"wp:attachment":[{"href":"https:\/\/lions-pharmacy.com\/de\/wp-json\/wp\/v2\/media?parent=4393"}],"wp:term":[{"taxonomy":"product_brand","embeddable":true,"href":"https:\/\/lions-pharmacy.com\/de\/wp-json\/wp\/v2\/product_brand?post=4393"},{"taxonomy":"product_cat","embeddable":true,"href":"https:\/\/lions-pharmacy.com\/de\/wp-json\/wp\/v2\/product_cat?post=4393"},{"taxonomy":"product_tag","embeddable":true,"href":"https:\/\/lions-pharmacy.com\/de\/wp-json\/wp\/v2\/product_tag?post=4393"}],"curies":[{"name":"wp","href":"https:\/\/api.w.org\/{rel}","templated":true}]}}