{"id":3743,"date":"2024-04-26T13:14:01","date_gmt":"2024-04-26T12:14:01","guid":{"rendered":"https:\/\/lions-pharmacy.com\/?post_type=product&#038;p=3743"},"modified":"2024-04-26T13:30:03","modified_gmt":"2024-04-26T12:30:03","slug":"praxisbuch-der-mikroimmuntherapie","status":"publish","type":"product","link":"https:\/\/lions-pharmacy.com\/de\/produkt\/praxisbuch-der-mikroimmuntherapie","title":{"rendered":"Praxisbuch der Mikroimmuntherapie (Englisch)"},"content":{"rendered":"<h2>Praxisbuch der Mikroimmuntherapie<\/h2>\n<p>Praxisbuch der Mikroimmuntherapie f\u00fcr \u00c4rzte, Therapeuten und \u00c4rzte<br \/>\nPraxisbuch der Mikroimmuntherapie: Dieses Buch gibt ihnen konkrete Beispiele f\u00fcr die Anwendung der Mikroimmuntherapie in der Praxis zur Diagnose und Anwendung bei den h\u00e4ufigsten Krankheiten und Erregern.<\/p>\n<p>Die Autorin Corinne I. Heitz hat hier aus ihrer langj\u00e4hrigen Erfahrung die verschiedenen Anwendungsm\u00f6glichkeiten umfassend dargestellt.<\/p>\n<p>Mikroimmuntherapie in der praktischen Anwendung. Aufbauend auf den theoretischen Grundlagen der &#8220;Mikroimmuntherapie&#8221; (Band 1) liefert dieses Arbeitsbuch konkrete Beispiele f\u00fcr die Anwendung in der t\u00e4glichen Praxis. Die Autorin Corinne I. Heitz greift auf ihre langj\u00e4hrige Praxis zur\u00fcck, um die Anwendungsgebiete der Methode bei unterschiedlichsten Krankheitsbildern umfassend darzustellen.<\/p>\n<p>Neben einer Beschreibung der Erreger findet der Therapeut das passende diagnostische und therapeutische Konzept, sortiert nach Erkrankungen von Allergie bis Z\u00f6liakie. Eine Verkn\u00fcpfung mit der Kombination mit anderen Therapien rundet die Arbeit ab.<\/p>\n<p>In diesem Buch lernen Heilpraktiker, \u00c4rzte und Therapeuten die praktische Einf\u00fchrung in die M\u00f6glichkeiten sowie den konkreten Einsatz der Mikroimmuntherapie.<\/p>\n<p>Die deutsche Ausgabe ist <a href=\"https:\/\/www.loewen-apotheke24.com\/de\/shop\/labo-life\/praxisbuch-der-mikroimmuntherapie\/\" target=\"_blank\" rel=\"noopener\">hier auf L\u00f6wen Apotheke24<\/a> erh\u00e4ltlich.<\/p>\n<p>\u00dcber das Konzept und <a href=\"https:\/\/lions-pharmacy.com\/product-brand\/labo-life\">verwandte Produkte.<\/a><\/p>\n","protected":false},"excerpt":{"rendered":"<h2>Praxisbuch der Mikroimmuntherapie<\/h2>\n<p>PRAXISBUCH DER MIKROIMMUNTHERAPIE F\u00dcR \u00c4RZTE, THERAPEUTEN UND \u00c4RZTE<br \/>\nDieses Buch gibt ihnen konkrete Beispiele f\u00fcr die Anwendung der Mikroimmuntherapie in der Praxis zur Diagnose und Anwendung bei den h\u00e4ufigsten Krankheiten und Erregern.<\/p>\n<p>Ideal f\u00fcr Heilpraktiker, \u00c4rzte und Therapeuten.<\/p>\n<p>Ausgabe: 2024<\/p>\n<p>Sprache: Englisch<\/p>\n<p>ISBN: 978-3-96474-732-7<\/p>\n<p>Autorin: Corinne I Heitz<\/p>\n","protected":false},"featured_media":3746,"comment_status":"closed","ping_status":"closed","template":"","meta":[],"product_brand":[],"product_cat":[365,368],"product_tag":[380],"class_list":{"0":"post-3743","1":"product","2":"type-product","3":"status-publish","4":"has-post-thumbnail","6":"product_cat-labo-life-de","7":"product_cat-shop-de","8":"product_tag-mikroimmuntherapie","9":"ts_product_brand-alle","10":"ts_product_brand-labo-life-de","12":"first","13":"instock","14":"taxable","15":"shipping-taxable","16":"purchasable","17":"product-type-simple"},"yoast_head":"<!-- This site is optimized with the Yoast SEO plugin v26.5 - https:\/\/yoast.com\/wordpress\/plugins\/seo\/ -->\n<title>Praxisbuch der Mikroimmuntherapie (Englisch) &#187; L\u00f6wen Apotheke &gt;&gt; hier bestellen<\/title>\n<meta name=\"description\" content=\"Registrierte deutsche Online-Apotheke | Sicheres Bezahlen | Erfahren Sie mehr \u00fcber die Mikroimmuntherapie | Praxisbuch der Mikroimmuntherapie (Englisch)\" \/>\n<meta name=\"robots\" content=\"index, follow, max-snippet:-1, max-image-preview:large, max-video-preview:-1\" \/>\n<link rel=\"canonical\" href=\"https:\/\/lions-pharmacy.com\/de\/produkt\/praxisbuch-der-mikroimmuntherapie\" \/>\n<meta property=\"og:locale\" content=\"de_DE\" \/>\n<meta property=\"og:type\" content=\"article\" \/>\n<meta property=\"og:title\" content=\"Praxisbuch der Mikroimmuntherapie (Englisch) &#187; L\u00f6wen Apotheke &gt;&gt; hier bestellen\" \/>\n<meta property=\"og:description\" content=\"Registrierte deutsche Online-Apotheke | Sicheres Bezahlen | Erfahren Sie mehr \u00fcber die Mikroimmuntherapie | Praxisbuch der Mikroimmuntherapie (Englisch)\" \/>\n<meta property=\"og:url\" content=\"https:\/\/lions-pharmacy.com\/de\/produkt\/praxisbuch-der-mikroimmuntherapie\" \/>\n<meta property=\"og:site_name\" content=\"L\u00f6wen Apotheke\" \/>\n<meta property=\"article:modified_time\" content=\"2024-04-26T12:30:03+00:00\" \/>\n<meta property=\"og:image\" content=\"https:\/\/lions-pharmacy.com\/wp-content\/uploads\/2024\/04\/Practice-book-of-micro-immunotherapy-Author-Corinne-I-Heitz.webp\" \/>\n\t<meta property=\"og:image:width\" content=\"600\" \/>\n\t<meta property=\"og:image:height\" content=\"600\" \/>\n\t<meta property=\"og:image:type\" content=\"image\/webp\" \/>\n<meta name=\"twitter:card\" content=\"summary_large_image\" \/>\n<meta name=\"twitter:label1\" content=\"Gesch\u00e4tzte Lesezeit\" \/>\n\t<meta name=\"twitter:data1\" content=\"1\u00a0Minute\" \/>\n<script type=\"application\/ld+json\" class=\"yoast-schema-graph\">{\"@context\":\"https:\/\/schema.org\",\"@graph\":[{\"@type\":\"WebPage\",\"@id\":\"https:\/\/lions-pharmacy.com\/de\/produkt\/praxisbuch-der-mikroimmuntherapie\",\"url\":\"https:\/\/lions-pharmacy.com\/de\/produkt\/praxisbuch-der-mikroimmuntherapie\",\"name\":\"Praxisbuch der Mikroimmuntherapie (Englisch) &#187; L\u00f6wen Apotheke >> hier bestellen\",\"isPartOf\":{\"@id\":\"https:\/\/lions-pharmacy.com\/de#website\"},\"primaryImageOfPage\":{\"@id\":\"https:\/\/lions-pharmacy.com\/de\/produkt\/praxisbuch-der-mikroimmuntherapie#primaryimage\"},\"image\":{\"@id\":\"https:\/\/lions-pharmacy.com\/de\/produkt\/praxisbuch-der-mikroimmuntherapie#primaryimage\"},\"thumbnailUrl\":\"https:\/\/lions-pharmacy.com\/wp-content\/uploads\/2024\/04\/Practice-book-of-micro-immunotherapy-Author-Corinne-I-Heitz.webp\",\"datePublished\":\"2024-04-26T12:14:01+00:00\",\"dateModified\":\"2024-04-26T12:30:03+00:00\",\"description\":\"Registrierte deutsche Online-Apotheke | Sicheres Bezahlen | Erfahren Sie mehr \u00fcber die Mikroimmuntherapie | Praxisbuch der Mikroimmuntherapie (Englisch)\",\"breadcrumb\":{\"@id\":\"https:\/\/lions-pharmacy.com\/de\/produkt\/praxisbuch-der-mikroimmuntherapie#breadcrumb\"},\"inLanguage\":\"de\",\"potentialAction\":[{\"@type\":\"ReadAction\",\"target\":[\"https:\/\/lions-pharmacy.com\/de\/produkt\/praxisbuch-der-mikroimmuntherapie\"]}]},{\"@type\":\"ImageObject\",\"inLanguage\":\"de\",\"@id\":\"https:\/\/lions-pharmacy.com\/de\/produkt\/praxisbuch-der-mikroimmuntherapie#primaryimage\",\"url\":\"https:\/\/lions-pharmacy.com\/wp-content\/uploads\/2024\/04\/Practice-book-of-micro-immunotherapy-Author-Corinne-I-Heitz.webp\",\"contentUrl\":\"https:\/\/lions-pharmacy.com\/wp-content\/uploads\/2024\/04\/Practice-book-of-micro-immunotherapy-Author-Corinne-I-Heitz.webp\",\"width\":600,\"height\":600,\"caption\":\"Praxisbuch der Mikroimmuntherapie Autorin-Corinne-I-Heitz\"},{\"@type\":\"BreadcrumbList\",\"@id\":\"https:\/\/lions-pharmacy.com\/de\/produkt\/praxisbuch-der-mikroimmuntherapie#breadcrumb\",\"itemListElement\":[{\"@type\":\"ListItem\",\"position\":1,\"name\":\"Home\",\"item\":\"https:\/\/lions-pharmacy.com\/de\/homepage-lion-pharmacy\"},{\"@type\":\"ListItem\",\"position\":2,\"name\":\"Shop\",\"item\":\"https:\/\/lions-pharmacy.com\/de\/shop-2\"},{\"@type\":\"ListItem\",\"position\":3,\"name\":\"Praxisbuch der Mikroimmuntherapie (Englisch)\"}]},{\"@type\":\"WebSite\",\"@id\":\"https:\/\/lions-pharmacy.com\/de#website\",\"url\":\"https:\/\/lions-pharmacy.com\/de\",\"name\":\"Lions Pharmacy\",\"description\":\"Ihr Spezialist f\u00fcr Naturheilkunde aus Baden-Baden, Germany\",\"publisher\":{\"@id\":\"https:\/\/lions-pharmacy.com\/de#organization\"},\"alternateName\":\"Lion Pharmacy\",\"potentialAction\":[{\"@type\":\"SearchAction\",\"target\":{\"@type\":\"EntryPoint\",\"urlTemplate\":\"https:\/\/lions-pharmacy.com\/de?s={search_term_string}\"},\"query-input\":{\"@type\":\"PropertyValueSpecification\",\"valueRequired\":true,\"valueName\":\"search_term_string\"}}],\"inLanguage\":\"de\"},{\"@type\":\"Organization\",\"@id\":\"https:\/\/lions-pharmacy.com\/de#organization\",\"name\":\"Lions Pharmacy\",\"alternateName\":\"Lions Pharmacy24\",\"url\":\"https:\/\/lions-pharmacy.com\/de\",\"logo\":{\"@type\":\"ImageObject\",\"inLanguage\":\"de\",\"@id\":\"https:\/\/lions-pharmacy.com\/de#\/schema\/logo\/image\/\",\"url\":\"https:\/\/lions-pharmacy.com\/wp-content\/uploads\/2022\/12\/Logo-Lion-Pharmacy-c-o-Loewen-Apotheke-smal.jpg\",\"contentUrl\":\"https:\/\/lions-pharmacy.com\/wp-content\/uploads\/2022\/12\/Logo-Lion-Pharmacy-c-o-Loewen-Apotheke-smal.jpg\",\"width\":298,\"height\":99,\"caption\":\"Lions Pharmacy\"},\"image\":{\"@id\":\"https:\/\/lions-pharmacy.com\/de#\/schema\/logo\/image\/\"}}]}<\/script>\n<!-- \/ Yoast SEO plugin. -->","yoast_head_json":{"title":"Praxisbuch der Mikroimmuntherapie (Englisch) &#187; L\u00f6wen Apotheke >> hier bestellen","description":"Registrierte deutsche Online-Apotheke | Sicheres Bezahlen | Erfahren Sie mehr \u00fcber die Mikroimmuntherapie | Praxisbuch der Mikroimmuntherapie (Englisch)","robots":{"index":"index","follow":"follow","max-snippet":"max-snippet:-1","max-image-preview":"max-image-preview:large","max-video-preview":"max-video-preview:-1"},"canonical":"https:\/\/lions-pharmacy.com\/de\/produkt\/praxisbuch-der-mikroimmuntherapie","og_locale":"de_DE","og_type":"article","og_title":"Praxisbuch der Mikroimmuntherapie (Englisch) &#187; L\u00f6wen Apotheke >> hier bestellen","og_description":"Registrierte deutsche Online-Apotheke | Sicheres Bezahlen | Erfahren Sie mehr \u00fcber die Mikroimmuntherapie | Praxisbuch der Mikroimmuntherapie (Englisch)","og_url":"https:\/\/lions-pharmacy.com\/de\/produkt\/praxisbuch-der-mikroimmuntherapie","og_site_name":"L\u00f6wen Apotheke","article_modified_time":"2024-04-26T12:30:03+00:00","og_image":[{"width":600,"height":600,"url":"https:\/\/lions-pharmacy.com\/wp-content\/uploads\/2024\/04\/Practice-book-of-micro-immunotherapy-Author-Corinne-I-Heitz.webp","type":"image\/webp"}],"twitter_card":"summary_large_image","twitter_misc":{"Gesch\u00e4tzte Lesezeit":"1\u00a0Minute"},"schema":{"@context":"https:\/\/schema.org","@graph":[{"@type":"WebPage","@id":"https:\/\/lions-pharmacy.com\/de\/produkt\/praxisbuch-der-mikroimmuntherapie","url":"https:\/\/lions-pharmacy.com\/de\/produkt\/praxisbuch-der-mikroimmuntherapie","name":"Praxisbuch der Mikroimmuntherapie (Englisch) &#187; L\u00f6wen Apotheke >> hier bestellen","isPartOf":{"@id":"https:\/\/lions-pharmacy.com\/de#website"},"primaryImageOfPage":{"@id":"https:\/\/lions-pharmacy.com\/de\/produkt\/praxisbuch-der-mikroimmuntherapie#primaryimage"},"image":{"@id":"https:\/\/lions-pharmacy.com\/de\/produkt\/praxisbuch-der-mikroimmuntherapie#primaryimage"},"thumbnailUrl":"https:\/\/lions-pharmacy.com\/wp-content\/uploads\/2024\/04\/Practice-book-of-micro-immunotherapy-Author-Corinne-I-Heitz.webp","datePublished":"2024-04-26T12:14:01+00:00","dateModified":"2024-04-26T12:30:03+00:00","description":"Registrierte deutsche Online-Apotheke | Sicheres Bezahlen | Erfahren Sie mehr \u00fcber die Mikroimmuntherapie | Praxisbuch der Mikroimmuntherapie (Englisch)","breadcrumb":{"@id":"https:\/\/lions-pharmacy.com\/de\/produkt\/praxisbuch-der-mikroimmuntherapie#breadcrumb"},"inLanguage":"de","potentialAction":[{"@type":"ReadAction","target":["https:\/\/lions-pharmacy.com\/de\/produkt\/praxisbuch-der-mikroimmuntherapie"]}]},{"@type":"ImageObject","inLanguage":"de","@id":"https:\/\/lions-pharmacy.com\/de\/produkt\/praxisbuch-der-mikroimmuntherapie#primaryimage","url":"https:\/\/lions-pharmacy.com\/wp-content\/uploads\/2024\/04\/Practice-book-of-micro-immunotherapy-Author-Corinne-I-Heitz.webp","contentUrl":"https:\/\/lions-pharmacy.com\/wp-content\/uploads\/2024\/04\/Practice-book-of-micro-immunotherapy-Author-Corinne-I-Heitz.webp","width":600,"height":600,"caption":"Praxisbuch der Mikroimmuntherapie Autorin-Corinne-I-Heitz"},{"@type":"BreadcrumbList","@id":"https:\/\/lions-pharmacy.com\/de\/produkt\/praxisbuch-der-mikroimmuntherapie#breadcrumb","itemListElement":[{"@type":"ListItem","position":1,"name":"Home","item":"https:\/\/lions-pharmacy.com\/de\/homepage-lion-pharmacy"},{"@type":"ListItem","position":2,"name":"Shop","item":"https:\/\/lions-pharmacy.com\/de\/shop-2"},{"@type":"ListItem","position":3,"name":"Praxisbuch der Mikroimmuntherapie (Englisch)"}]},{"@type":"WebSite","@id":"https:\/\/lions-pharmacy.com\/de#website","url":"https:\/\/lions-pharmacy.com\/de","name":"Lions Pharmacy","description":"Ihr Spezialist f\u00fcr Naturheilkunde aus Baden-Baden, Germany","publisher":{"@id":"https:\/\/lions-pharmacy.com\/de#organization"},"alternateName":"Lion Pharmacy","potentialAction":[{"@type":"SearchAction","target":{"@type":"EntryPoint","urlTemplate":"https:\/\/lions-pharmacy.com\/de?s={search_term_string}"},"query-input":{"@type":"PropertyValueSpecification","valueRequired":true,"valueName":"search_term_string"}}],"inLanguage":"de"},{"@type":"Organization","@id":"https:\/\/lions-pharmacy.com\/de#organization","name":"Lions Pharmacy","alternateName":"Lions Pharmacy24","url":"https:\/\/lions-pharmacy.com\/de","logo":{"@type":"ImageObject","inLanguage":"de","@id":"https:\/\/lions-pharmacy.com\/de#\/schema\/logo\/image\/","url":"https:\/\/lions-pharmacy.com\/wp-content\/uploads\/2022\/12\/Logo-Lion-Pharmacy-c-o-Loewen-Apotheke-smal.jpg","contentUrl":"https:\/\/lions-pharmacy.com\/wp-content\/uploads\/2022\/12\/Logo-Lion-Pharmacy-c-o-Loewen-Apotheke-smal.jpg","width":298,"height":99,"caption":"Lions Pharmacy"},"image":{"@id":"https:\/\/lions-pharmacy.com\/de#\/schema\/logo\/image\/"}}]}},"_links":{"self":[{"href":"https:\/\/lions-pharmacy.com\/de\/wp-json\/wp\/v2\/product\/3743","targetHints":{"allow":["GET"]}}],"collection":[{"href":"https:\/\/lions-pharmacy.com\/de\/wp-json\/wp\/v2\/product"}],"about":[{"href":"https:\/\/lions-pharmacy.com\/de\/wp-json\/wp\/v2\/types\/product"}],"replies":[{"embeddable":true,"href":"https:\/\/lions-pharmacy.com\/de\/wp-json\/wp\/v2\/comments?post=3743"}],"wp:featuredmedia":[{"embeddable":true,"href":"https:\/\/lions-pharmacy.com\/de\/wp-json\/wp\/v2\/media\/3746"}],"wp:attachment":[{"href":"https:\/\/lions-pharmacy.com\/de\/wp-json\/wp\/v2\/media?parent=3743"}],"wp:term":[{"taxonomy":"product_brand","embeddable":true,"href":"https:\/\/lions-pharmacy.com\/de\/wp-json\/wp\/v2\/product_brand?post=3743"},{"taxonomy":"product_cat","embeddable":true,"href":"https:\/\/lions-pharmacy.com\/de\/wp-json\/wp\/v2\/product_cat?post=3743"},{"taxonomy":"product_tag","embeddable":true,"href":"https:\/\/lions-pharmacy.com\/de\/wp-json\/wp\/v2\/product_tag?post=3743"}],"curies":[{"name":"wp","href":"https:\/\/api.w.org\/{rel}","templated":true}]}}