{"id":3261,"date":"2024-02-04T08:12:59","date_gmt":"2024-02-04T07:12:59","guid":{"rendered":"https:\/\/lions-pharmacy.com\/?post_type=product&#038;p=3261"},"modified":"2025-03-05T14:59:10","modified_gmt":"2025-03-05T13:59:10","slug":"hashimoto-vitalis-kapseln-60-stueck-18681124","status":"publish","type":"product","link":"https:\/\/lions-pharmacy.com\/de\/produkt\/hashimoto-vitalis-kapseln-60-stueck-18681124","title":{"rendered":"Hashimoto Vitalis Kapseln \u2013 60 Stk."},"content":{"rendered":"<h3>Hashimoto Vitalis Kapseln \u2013 60 Stk.<\/h3>\n<p>Zur Unterst\u00fctzung einer normalen Schilddr\u00fcsenfunktion mit Vitaminen, L-Tyrosin, Mikroorganismen, Mineralien, Coenzym Q10 und Pflanzenextrakten \u2013 Hashimoto Vitalis Kapseln.<\/p>\n<p>Das Produkt Hashimoto Vitalis enth\u00e4lt: Magnesium, Selen, Q10, Resvertol, Ashwagandha, Vitamin D, Vitamin B6, Vitamin B129, Fols\u00e4ure, Vitamin C, Mangan, Kupfer, Zink, Chrom. verschiedene Laktobazillen.<\/p>\n<p>Hersteller &amp; Vertrieb: Belvita GmbH, Deutschland<\/p>\n<p>Was ist eine Hashimoto-Throiditis? Bei der sogenannten Hashimoto-Thyreoiditis ist die Schilddr\u00fcse chronisch entz\u00fcndet. Ursache ist eine Autoimmunreaktion. Oft f\u00fchrt dies dazu, dass die Dr\u00fcse nicht mehr gen\u00fcgend Hormone produziert. Zu Beginn der Erkrankung ist aufgrund der Entz\u00fcndung vor\u00fcbergehend eine Schilddr\u00fcsen\u00fcberfunktion m\u00f6glich. Weiterlesen (Externe Website)<\/p>\n<p>Packungsbeilage\/Gebrauchsanweisung\/Artikeldatenblatt: &#8211; (PDF-Reader)<\/p>\n<p>Weitere Produkte f\u00fcr die Anwendung: <a href=\"https:\/\/lions-pharmacy.com\/product-tag\/vitamins-supplements\">Vitamine &amp; Nahrungserg\u00e4nzungsmittel Produkte<\/a><br \/>\nErfahren Sie mehr \u00fcber manufactorer und dieses Produkt: <a href=\"https:\/\/hashimoto-vitalis.de\/\" target=\"_blank\" rel=\"noopener\">Hashimoto Vitalis<\/a> (Link zu externer Website)<\/p>\n<p>Informationen auf dieser Website werden ausschlie\u00dflich f\u00fcr informative Zwecke zur Verf\u00fcgung gestellt. Sie ersetzen keinesfalls die Untersuchung und Behandlung durch einen Arzt. Bitte beachten Sie, dass hierdurch weder Diagnosen gestellt noch Therapien eingeleitet werden k\u00f6nnen.<\/p>\n<p>Zu Risiken und Nebenwirkungen lesen Sie die Packungsbeilage und fragen Sie Ihren Arzt oder Apotheker.<\/p>\n<h3>Verschreibung | E-Rezept erh\u00e4ltlich?<\/h3>\n<p>Reichen Sie jetzt Ihr E-Rezept ein. Nutzen Sie unsere <a href=\"https:\/\/e-rezept-app.de\/shop-rezept\" target=\"_blank\" rel=\"noopener\">E-Rezept-App<\/a> . Und wir schenken Ihnen die Versandkosten in Deutschland!<\/p>\n","protected":false},"excerpt":{"rendered":"<h2>Hashimoto Vitalis Kapseln \u2013 60 Stk.<\/h2>\n<p>Zur Unterst\u00fctzung einer normalen Schilddr\u00fcsenfunktion mit Vitaminen, Mineralstoffen, Coenzym Q10 und Pflanzenextrakten.<\/p>\n<p>&nbsp;<\/p>\n<p>PZN: 18681124 (Pharmazentralnummer)<\/p>\n<p>Darreichungsform: Kapseln<\/p>\n<p>Verordnungsart: Rezeptfrei<\/p>\n<p>Marke:<\/p>\n<p>Hersteller: Belvita GmbH, Baden-Baden, Deutschland<\/p>\n<p>Packungsgr\u00f6\u00dfe: 60 Stk.<\/p>\n","protected":false},"featured_media":3264,"comment_status":"closed","ping_status":"closed","template":"","meta":[],"product_brand":[],"product_cat":[367,368],"product_tag":[379,429],"class_list":{"0":"post-3261","1":"product","2":"type-product","3":"status-publish","4":"has-post-thumbnail","6":"product_cat-sale-de","7":"product_cat-shop-de","8":"product_tag-monatlicher-sale-de","9":"product_tag-vitamine-und-nahrungserganzungsmittel","10":"ts_product_brand-alle","12":"first","13":"outofstock","14":"sale","15":"featured","16":"taxable","17":"shipping-taxable","18":"purchasable","19":"product-type-simple"},"yoast_head":"<!-- This site is optimized with the Yoast SEO plugin v26.5 - https:\/\/yoast.com\/wordpress\/plugins\/seo\/ -->\n<title>Hashimoto Vitalis Kapseln \u2013 60 Stk. &#187; L\u00f6wen Apotheke &#187;<\/title>\n<meta name=\"description\" content=\"L\u00f6wen-Apotheke | registrierte deutsche Online-Apotheke | Schneller internationaler Versand und sicheres Online-Einkaufen. Hashimoto Vitalis Kapseln \u2013 60 Stk.\" \/>\n<meta name=\"robots\" content=\"index, follow, max-snippet:-1, max-image-preview:large, max-video-preview:-1\" \/>\n<link rel=\"canonical\" href=\"https:\/\/lions-pharmacy.com\/de\/produkt\/hashimoto-vitalis-kapseln-60-stueck-18681124\" \/>\n<meta property=\"og:locale\" content=\"de_DE\" \/>\n<meta property=\"og:type\" content=\"article\" \/>\n<meta property=\"og:title\" content=\"Hashimoto Vitalis Kapseln \u2013 60 Stk. &#187; L\u00f6wen Apotheke &#187;\" \/>\n<meta property=\"og:description\" content=\"L\u00f6wen-Apotheke | registrierte deutsche Online-Apotheke | Schneller internationaler Versand und sicheres Online-Einkaufen. Hashimoto Vitalis Kapseln \u2013 60 Stk.\" \/>\n<meta property=\"og:url\" content=\"https:\/\/lions-pharmacy.com\/de\/produkt\/hashimoto-vitalis-kapseln-60-stueck-18681124\" \/>\n<meta property=\"og:site_name\" content=\"L\u00f6wen Apotheke\" \/>\n<meta property=\"article:modified_time\" content=\"2025-03-05T13:59:10+00:00\" \/>\n<meta property=\"og:image\" content=\"https:\/\/lions-pharmacy.com\/wp-content\/uploads\/2024\/02\/hashimoto-vitalis-schilddruese-pzn-18681124.jpg\" \/>\n\t<meta property=\"og:image:width\" content=\"600\" \/>\n\t<meta property=\"og:image:height\" content=\"600\" \/>\n\t<meta property=\"og:image:type\" content=\"image\/jpeg\" \/>\n<meta name=\"twitter:card\" content=\"summary_large_image\" \/>\n<meta name=\"twitter:label1\" content=\"Gesch\u00e4tzte Lesezeit\" \/>\n\t<meta name=\"twitter:data1\" content=\"1\u00a0Minute\" \/>\n<script type=\"application\/ld+json\" class=\"yoast-schema-graph\">{\"@context\":\"https:\/\/schema.org\",\"@graph\":[{\"@type\":\"WebPage\",\"@id\":\"https:\/\/lions-pharmacy.com\/de\/produkt\/hashimoto-vitalis-kapseln-60-stueck-18681124\",\"url\":\"https:\/\/lions-pharmacy.com\/de\/produkt\/hashimoto-vitalis-kapseln-60-stueck-18681124\",\"name\":\"Hashimoto Vitalis Kapseln \u2013 60 Stk. &#187; L\u00f6wen Apotheke &#187;\",\"isPartOf\":{\"@id\":\"https:\/\/lions-pharmacy.com\/de#website\"},\"primaryImageOfPage\":{\"@id\":\"https:\/\/lions-pharmacy.com\/de\/produkt\/hashimoto-vitalis-kapseln-60-stueck-18681124#primaryimage\"},\"image\":{\"@id\":\"https:\/\/lions-pharmacy.com\/de\/produkt\/hashimoto-vitalis-kapseln-60-stueck-18681124#primaryimage\"},\"thumbnailUrl\":\"https:\/\/lions-pharmacy.com\/wp-content\/uploads\/2024\/02\/hashimoto-vitalis-schilddruese-pzn-18681124.jpg\",\"datePublished\":\"2024-02-04T07:12:59+00:00\",\"dateModified\":\"2025-03-05T13:59:10+00:00\",\"description\":\"L\u00f6wen-Apotheke | registrierte deutsche Online-Apotheke | Schneller internationaler Versand und sicheres Online-Einkaufen. Hashimoto Vitalis Kapseln \u2013 60 Stk.\",\"breadcrumb\":{\"@id\":\"https:\/\/lions-pharmacy.com\/de\/produkt\/hashimoto-vitalis-kapseln-60-stueck-18681124#breadcrumb\"},\"inLanguage\":\"de\",\"potentialAction\":[{\"@type\":\"ReadAction\",\"target\":[\"https:\/\/lions-pharmacy.com\/de\/produkt\/hashimoto-vitalis-kapseln-60-stueck-18681124\"]}]},{\"@type\":\"ImageObject\",\"inLanguage\":\"de\",\"@id\":\"https:\/\/lions-pharmacy.com\/de\/produkt\/hashimoto-vitalis-kapseln-60-stueck-18681124#primaryimage\",\"url\":\"https:\/\/lions-pharmacy.com\/wp-content\/uploads\/2024\/02\/hashimoto-vitalis-schilddruese-pzn-18681124.jpg\",\"contentUrl\":\"https:\/\/lions-pharmacy.com\/wp-content\/uploads\/2024\/02\/hashimoto-vitalis-schilddruese-pzn-18681124.jpg\",\"width\":600,\"height\":600,\"caption\":\"hashimoto-vitalis-schilddruese-pzn-18681124\"},{\"@type\":\"BreadcrumbList\",\"@id\":\"https:\/\/lions-pharmacy.com\/de\/produkt\/hashimoto-vitalis-kapseln-60-stueck-18681124#breadcrumb\",\"itemListElement\":[{\"@type\":\"ListItem\",\"position\":1,\"name\":\"Home\",\"item\":\"https:\/\/lions-pharmacy.com\/de\/homepage-lion-pharmacy\"},{\"@type\":\"ListItem\",\"position\":2,\"name\":\"Shop\",\"item\":\"https:\/\/lions-pharmacy.com\/de\/shop-2\"},{\"@type\":\"ListItem\",\"position\":3,\"name\":\"Hashimoto Vitalis Kapseln \u2013 60 Stk.\"}]},{\"@type\":\"WebSite\",\"@id\":\"https:\/\/lions-pharmacy.com\/de#website\",\"url\":\"https:\/\/lions-pharmacy.com\/de\",\"name\":\"Lions Pharmacy\",\"description\":\"Ihr Spezialist f\u00fcr Naturheilkunde aus Baden-Baden, Germany\",\"publisher\":{\"@id\":\"https:\/\/lions-pharmacy.com\/de#organization\"},\"alternateName\":\"Lion Pharmacy\",\"potentialAction\":[{\"@type\":\"SearchAction\",\"target\":{\"@type\":\"EntryPoint\",\"urlTemplate\":\"https:\/\/lions-pharmacy.com\/de?s={search_term_string}\"},\"query-input\":{\"@type\":\"PropertyValueSpecification\",\"valueRequired\":true,\"valueName\":\"search_term_string\"}}],\"inLanguage\":\"de\"},{\"@type\":\"Organization\",\"@id\":\"https:\/\/lions-pharmacy.com\/de#organization\",\"name\":\"Lions Pharmacy\",\"alternateName\":\"Lions Pharmacy24\",\"url\":\"https:\/\/lions-pharmacy.com\/de\",\"logo\":{\"@type\":\"ImageObject\",\"inLanguage\":\"de\",\"@id\":\"https:\/\/lions-pharmacy.com\/de#\/schema\/logo\/image\/\",\"url\":\"https:\/\/lions-pharmacy.com\/wp-content\/uploads\/2022\/12\/Logo-Lion-Pharmacy-c-o-Loewen-Apotheke-smal.jpg\",\"contentUrl\":\"https:\/\/lions-pharmacy.com\/wp-content\/uploads\/2022\/12\/Logo-Lion-Pharmacy-c-o-Loewen-Apotheke-smal.jpg\",\"width\":298,\"height\":99,\"caption\":\"Lions Pharmacy\"},\"image\":{\"@id\":\"https:\/\/lions-pharmacy.com\/de#\/schema\/logo\/image\/\"}}]}<\/script>\n<!-- \/ Yoast SEO plugin. -->","yoast_head_json":{"title":"Hashimoto Vitalis Kapseln \u2013 60 Stk. &#187; L\u00f6wen Apotheke &#187;","description":"L\u00f6wen-Apotheke | registrierte deutsche Online-Apotheke | Schneller internationaler Versand und sicheres Online-Einkaufen. Hashimoto Vitalis Kapseln \u2013 60 Stk.","robots":{"index":"index","follow":"follow","max-snippet":"max-snippet:-1","max-image-preview":"max-image-preview:large","max-video-preview":"max-video-preview:-1"},"canonical":"https:\/\/lions-pharmacy.com\/de\/produkt\/hashimoto-vitalis-kapseln-60-stueck-18681124","og_locale":"de_DE","og_type":"article","og_title":"Hashimoto Vitalis Kapseln \u2013 60 Stk. &#187; L\u00f6wen Apotheke &#187;","og_description":"L\u00f6wen-Apotheke | registrierte deutsche Online-Apotheke | Schneller internationaler Versand und sicheres Online-Einkaufen. Hashimoto Vitalis Kapseln \u2013 60 Stk.","og_url":"https:\/\/lions-pharmacy.com\/de\/produkt\/hashimoto-vitalis-kapseln-60-stueck-18681124","og_site_name":"L\u00f6wen Apotheke","article_modified_time":"2025-03-05T13:59:10+00:00","og_image":[{"width":600,"height":600,"url":"https:\/\/lions-pharmacy.com\/wp-content\/uploads\/2024\/02\/hashimoto-vitalis-schilddruese-pzn-18681124.jpg","type":"image\/jpeg"}],"twitter_card":"summary_large_image","twitter_misc":{"Gesch\u00e4tzte Lesezeit":"1\u00a0Minute"},"schema":{"@context":"https:\/\/schema.org","@graph":[{"@type":"WebPage","@id":"https:\/\/lions-pharmacy.com\/de\/produkt\/hashimoto-vitalis-kapseln-60-stueck-18681124","url":"https:\/\/lions-pharmacy.com\/de\/produkt\/hashimoto-vitalis-kapseln-60-stueck-18681124","name":"Hashimoto Vitalis Kapseln \u2013 60 Stk. &#187; L\u00f6wen Apotheke &#187;","isPartOf":{"@id":"https:\/\/lions-pharmacy.com\/de#website"},"primaryImageOfPage":{"@id":"https:\/\/lions-pharmacy.com\/de\/produkt\/hashimoto-vitalis-kapseln-60-stueck-18681124#primaryimage"},"image":{"@id":"https:\/\/lions-pharmacy.com\/de\/produkt\/hashimoto-vitalis-kapseln-60-stueck-18681124#primaryimage"},"thumbnailUrl":"https:\/\/lions-pharmacy.com\/wp-content\/uploads\/2024\/02\/hashimoto-vitalis-schilddruese-pzn-18681124.jpg","datePublished":"2024-02-04T07:12:59+00:00","dateModified":"2025-03-05T13:59:10+00:00","description":"L\u00f6wen-Apotheke | registrierte deutsche Online-Apotheke | Schneller internationaler Versand und sicheres Online-Einkaufen. Hashimoto Vitalis Kapseln \u2013 60 Stk.","breadcrumb":{"@id":"https:\/\/lions-pharmacy.com\/de\/produkt\/hashimoto-vitalis-kapseln-60-stueck-18681124#breadcrumb"},"inLanguage":"de","potentialAction":[{"@type":"ReadAction","target":["https:\/\/lions-pharmacy.com\/de\/produkt\/hashimoto-vitalis-kapseln-60-stueck-18681124"]}]},{"@type":"ImageObject","inLanguage":"de","@id":"https:\/\/lions-pharmacy.com\/de\/produkt\/hashimoto-vitalis-kapseln-60-stueck-18681124#primaryimage","url":"https:\/\/lions-pharmacy.com\/wp-content\/uploads\/2024\/02\/hashimoto-vitalis-schilddruese-pzn-18681124.jpg","contentUrl":"https:\/\/lions-pharmacy.com\/wp-content\/uploads\/2024\/02\/hashimoto-vitalis-schilddruese-pzn-18681124.jpg","width":600,"height":600,"caption":"hashimoto-vitalis-schilddruese-pzn-18681124"},{"@type":"BreadcrumbList","@id":"https:\/\/lions-pharmacy.com\/de\/produkt\/hashimoto-vitalis-kapseln-60-stueck-18681124#breadcrumb","itemListElement":[{"@type":"ListItem","position":1,"name":"Home","item":"https:\/\/lions-pharmacy.com\/de\/homepage-lion-pharmacy"},{"@type":"ListItem","position":2,"name":"Shop","item":"https:\/\/lions-pharmacy.com\/de\/shop-2"},{"@type":"ListItem","position":3,"name":"Hashimoto Vitalis Kapseln \u2013 60 Stk."}]},{"@type":"WebSite","@id":"https:\/\/lions-pharmacy.com\/de#website","url":"https:\/\/lions-pharmacy.com\/de","name":"Lions Pharmacy","description":"Ihr Spezialist f\u00fcr Naturheilkunde aus Baden-Baden, Germany","publisher":{"@id":"https:\/\/lions-pharmacy.com\/de#organization"},"alternateName":"Lion Pharmacy","potentialAction":[{"@type":"SearchAction","target":{"@type":"EntryPoint","urlTemplate":"https:\/\/lions-pharmacy.com\/de?s={search_term_string}"},"query-input":{"@type":"PropertyValueSpecification","valueRequired":true,"valueName":"search_term_string"}}],"inLanguage":"de"},{"@type":"Organization","@id":"https:\/\/lions-pharmacy.com\/de#organization","name":"Lions Pharmacy","alternateName":"Lions Pharmacy24","url":"https:\/\/lions-pharmacy.com\/de","logo":{"@type":"ImageObject","inLanguage":"de","@id":"https:\/\/lions-pharmacy.com\/de#\/schema\/logo\/image\/","url":"https:\/\/lions-pharmacy.com\/wp-content\/uploads\/2022\/12\/Logo-Lion-Pharmacy-c-o-Loewen-Apotheke-smal.jpg","contentUrl":"https:\/\/lions-pharmacy.com\/wp-content\/uploads\/2022\/12\/Logo-Lion-Pharmacy-c-o-Loewen-Apotheke-smal.jpg","width":298,"height":99,"caption":"Lions Pharmacy"},"image":{"@id":"https:\/\/lions-pharmacy.com\/de#\/schema\/logo\/image\/"}}]}},"_links":{"self":[{"href":"https:\/\/lions-pharmacy.com\/de\/wp-json\/wp\/v2\/product\/3261","targetHints":{"allow":["GET"]}}],"collection":[{"href":"https:\/\/lions-pharmacy.com\/de\/wp-json\/wp\/v2\/product"}],"about":[{"href":"https:\/\/lions-pharmacy.com\/de\/wp-json\/wp\/v2\/types\/product"}],"replies":[{"embeddable":true,"href":"https:\/\/lions-pharmacy.com\/de\/wp-json\/wp\/v2\/comments?post=3261"}],"wp:featuredmedia":[{"embeddable":true,"href":"https:\/\/lions-pharmacy.com\/de\/wp-json\/wp\/v2\/media\/3264"}],"wp:attachment":[{"href":"https:\/\/lions-pharmacy.com\/de\/wp-json\/wp\/v2\/media?parent=3261"}],"wp:term":[{"taxonomy":"product_brand","embeddable":true,"href":"https:\/\/lions-pharmacy.com\/de\/wp-json\/wp\/v2\/product_brand?post=3261"},{"taxonomy":"product_cat","embeddable":true,"href":"https:\/\/lions-pharmacy.com\/de\/wp-json\/wp\/v2\/product_cat?post=3261"},{"taxonomy":"product_tag","embeddable":true,"href":"https:\/\/lions-pharmacy.com\/de\/wp-json\/wp\/v2\/product_tag?post=3261"}],"curies":[{"name":"wp","href":"https:\/\/api.w.org\/{rel}","templated":true}]}}