{"id":3177,"date":"2024-01-23T10:13:11","date_gmt":"2024-01-23T09:13:11","guid":{"rendered":"https:\/\/lions-pharmacy.com\/?post_type=product&#038;p=3177"},"modified":"2025-01-25T12:44:47","modified_gmt":"2025-01-25T11:44:47","slug":"nervus-opticus-gl-d5-ampullen-10-stueck-3355206","status":"publish","type":"product","link":"https:\/\/lions-pharmacy.com\/de\/produkt\/nervus-opticus-gl-d5-ampullen-10-stueck-3355206","title":{"rendered":"Nervus Opticus GL D5 Ampullen 10 Stk."},"content":{"rendered":"<h3>Nervus Opticus GL D5 Ampullen<\/h3>\n<p>Nervus Opticus GL fl\u00fcssige Verd\u00fcnnung zur Injektion ist eines der vielen Arzneimittel der WALA. 1 ml Nervus opticus bovis Glycerolauszug (hom.\/anthr.) D6<\/p>\n<p>Anthroposophische Wirkstoffe aus Heilpflanzen, in allen Lebensphasen und bei zahlreichen Beschwerden.<\/p>\n<p>Anthroposophische Arzneimittel, die Sie rezeptfrei in Apotheken erhalten. Die Auswahl eines Medikaments sollte auf einer \u00e4rztlich gesicherten Diagnose basieren. Bitte lassen Sie sich von Ihrem Arzt oder Apotheker beraten. Wir empfehlen Ihnen auch, die Einnahme von Arzneimitteln, die Ihnen von einem Arzt verschrieben wurden, nicht ohne R\u00fccksprache mit Ihrem Arzt abzubrechen.<\/p>\n<p>Packungsbeilage\/Gebrauchsanweisung\/Artikeldatenblatt: &#8211; (PDF-Reader)<\/p>\n<p>Weitere Produkte f\u00fcr die Anwendung: <a href=\"https:\/\/lions-pharmacy.com\/product-tag\/asthma-allergies\">Allergien<\/a> | <a href=\"https:\/\/lions-pharmacy.com\/product-tag\/homeopathy\">Hom\u00f6opathie<\/a><\/p>\n<p>Erfahren Sie mehr \u00fcber den Hersteller und dieses Produkt: <a href=\"https:\/\/www.walaarzneimittel.de\/de\/\" target=\"_blank\" rel=\"noopener\">WALA Arzneimittel <\/a> (Link zur externen Website)<\/p>\n<p>Informationen auf dieser Website werden ausschlie\u00dflich f\u00fcr informative Zwecke zur Verf\u00fcgung gestellt. Sie ersetzen keinesfalls die Untersuchung und Behandlung durch einen Arzt. Bitte beachten Sie, dass hierdurch weder Diagnosen gestellt noch Therapien eingeleitet werden k\u00f6nnen.<\/p>\n<p>Zu Risiken und Nebenwirkungen lesen Sie die Packungsbeilage und fragen Sie Ihren Arzt oder Apotheker.<\/p>\n","protected":false},"excerpt":{"rendered":"<h2>Nervus Opticus GL D5 Ampullen<\/h2>\n<p>Die fl\u00fcssige Verd\u00fcnnung zur Injektion ist eines der vielen Arzneimittel der WALA. 10x 1 ml<\/p>\n<p>&nbsp;<\/p>\n<p>PZN: 03355206 (Pharmazentralnummer)<\/p>\n<p>Darreichungsform: Tropfen<\/p>\n<p>Verordnungsart: Rezeptfrei<\/p>\n<p>Marke: &#8211;<\/p>\n<p>Hersteller: WALA Arzneimittel GmbH, Deutschland<\/p>\n","protected":false},"featured_media":3170,"comment_status":"closed","ping_status":"closed","template":"","meta":[],"product_brand":[],"product_cat":[367,368,370],"product_tag":[381],"class_list":{"0":"post-3177","1":"product","2":"type-product","3":"status-publish","4":"has-post-thumbnail","6":"product_cat-sale-de","7":"product_cat-shop-de","8":"product_cat-wala-arzneimittel-de","9":"product_tag-homoopathie","10":"ts_product_brand-alle","11":"ts_product_brand-wala-de","13":"first","14":"outofstock","15":"sale","16":"taxable","17":"shipping-taxable","18":"purchasable","19":"product-type-simple"},"yoast_head":"<!-- This site is optimized with the Yoast SEO plugin v26.5 - https:\/\/yoast.com\/wordpress\/plugins\/seo\/ -->\n<title>Nervus Opticus GL D5 Ampullen 10 Stk. &#187; L\u00f6wen Apotheke<\/title>\n<meta name=\"description\" content=\"L\u00f6wen-Apotheke | registrierte deutsche Online-Apotheke | Schneller internationaler Versand | Sicher online einkaufen | Allergien &gt; Nervus Opticus GL D5 Ampullen 10 Stk.\" \/>\n<meta name=\"robots\" content=\"index, follow, max-snippet:-1, max-image-preview:large, max-video-preview:-1\" \/>\n<link rel=\"canonical\" href=\"https:\/\/lions-pharmacy.com\/de\/produkt\/nervus-opticus-gl-d5-ampullen-10-stueck-3355206\" \/>\n<meta property=\"og:locale\" content=\"de_DE\" \/>\n<meta property=\"og:type\" content=\"article\" \/>\n<meta property=\"og:title\" content=\"Nervus Opticus GL D5 Ampullen 10 Stk. &#187; L\u00f6wen Apotheke\" \/>\n<meta property=\"og:description\" content=\"L\u00f6wen-Apotheke | registrierte deutsche Online-Apotheke | Schneller internationaler Versand | Sicher online einkaufen | Allergien &gt; Nervus Opticus GL D5 Ampullen 10 Stk.\" \/>\n<meta property=\"og:url\" content=\"https:\/\/lions-pharmacy.com\/de\/produkt\/nervus-opticus-gl-d5-ampullen-10-stueck-3355206\" \/>\n<meta property=\"og:site_name\" content=\"L\u00f6wen Apotheke\" \/>\n<meta property=\"article:modified_time\" content=\"2025-01-25T11:44:47+00:00\" \/>\n<meta property=\"og:image\" content=\"https:\/\/lions-pharmacy.com\/wp-content\/uploads\/2024\/01\/Nervus-Opticus-GL-D6-Ampoules-10-Wala-Heilmittel-lions-pharmacy-Loewen-Apotheke24.webp\" \/>\n\t<meta property=\"og:image:width\" content=\"600\" \/>\n\t<meta property=\"og:image:height\" content=\"600\" \/>\n\t<meta property=\"og:image:type\" content=\"image\/webp\" \/>\n<meta name=\"twitter:card\" content=\"summary_large_image\" \/>\n<meta name=\"twitter:label1\" content=\"Gesch\u00e4tzte Lesezeit\" \/>\n\t<meta name=\"twitter:data1\" content=\"1\u00a0Minute\" \/>\n<script type=\"application\/ld+json\" class=\"yoast-schema-graph\">{\"@context\":\"https:\/\/schema.org\",\"@graph\":[{\"@type\":\"WebPage\",\"@id\":\"https:\/\/lions-pharmacy.com\/de\/produkt\/nervus-opticus-gl-d5-ampullen-10-stueck-3355206\",\"url\":\"https:\/\/lions-pharmacy.com\/de\/produkt\/nervus-opticus-gl-d5-ampullen-10-stueck-3355206\",\"name\":\"Nervus Opticus GL D5 Ampullen 10 Stk. &#187; L\u00f6wen Apotheke\",\"isPartOf\":{\"@id\":\"https:\/\/lions-pharmacy.com\/de#website\"},\"primaryImageOfPage\":{\"@id\":\"https:\/\/lions-pharmacy.com\/de\/produkt\/nervus-opticus-gl-d5-ampullen-10-stueck-3355206#primaryimage\"},\"image\":{\"@id\":\"https:\/\/lions-pharmacy.com\/de\/produkt\/nervus-opticus-gl-d5-ampullen-10-stueck-3355206#primaryimage\"},\"thumbnailUrl\":\"https:\/\/lions-pharmacy.com\/wp-content\/uploads\/2024\/01\/Nervus-Opticus-GL-D6-Ampoules-10-Wala-Heilmittel-lions-pharmacy-Loewen-Apotheke24.webp\",\"datePublished\":\"2024-01-23T09:13:11+00:00\",\"dateModified\":\"2025-01-25T11:44:47+00:00\",\"description\":\"L\u00f6wen-Apotheke | registrierte deutsche Online-Apotheke | Schneller internationaler Versand | Sicher online einkaufen | Allergien > Nervus Opticus GL D5 Ampullen 10 Stk.\",\"breadcrumb\":{\"@id\":\"https:\/\/lions-pharmacy.com\/de\/produkt\/nervus-opticus-gl-d5-ampullen-10-stueck-3355206#breadcrumb\"},\"inLanguage\":\"de\",\"potentialAction\":[{\"@type\":\"ReadAction\",\"target\":[\"https:\/\/lions-pharmacy.com\/de\/produkt\/nervus-opticus-gl-d5-ampullen-10-stueck-3355206\"]}]},{\"@type\":\"ImageObject\",\"inLanguage\":\"de\",\"@id\":\"https:\/\/lions-pharmacy.com\/de\/produkt\/nervus-opticus-gl-d5-ampullen-10-stueck-3355206#primaryimage\",\"url\":\"https:\/\/lions-pharmacy.com\/wp-content\/uploads\/2024\/01\/Nervus-Opticus-GL-D6-Ampoules-10-Wala-Heilmittel-lions-pharmacy-Loewen-Apotheke24.webp\",\"contentUrl\":\"https:\/\/lions-pharmacy.com\/wp-content\/uploads\/2024\/01\/Nervus-Opticus-GL-D6-Ampoules-10-Wala-Heilmittel-lions-pharmacy-Loewen-Apotheke24.webp\",\"width\":600,\"height\":600,\"caption\":\"Das Produktbild kann \u00e4hnlich sein\"},{\"@type\":\"BreadcrumbList\",\"@id\":\"https:\/\/lions-pharmacy.com\/de\/produkt\/nervus-opticus-gl-d5-ampullen-10-stueck-3355206#breadcrumb\",\"itemListElement\":[{\"@type\":\"ListItem\",\"position\":1,\"name\":\"Home\",\"item\":\"https:\/\/lions-pharmacy.com\/de\/homepage-lion-pharmacy\"},{\"@type\":\"ListItem\",\"position\":2,\"name\":\"Shop\",\"item\":\"https:\/\/lions-pharmacy.com\/de\/shop-2\"},{\"@type\":\"ListItem\",\"position\":3,\"name\":\"Nervus Opticus GL D5 Ampullen 10 Stk.\"}]},{\"@type\":\"WebSite\",\"@id\":\"https:\/\/lions-pharmacy.com\/de#website\",\"url\":\"https:\/\/lions-pharmacy.com\/de\",\"name\":\"Lions Pharmacy\",\"description\":\"Ihr Spezialist f\u00fcr Naturheilkunde aus Baden-Baden, Germany\",\"publisher\":{\"@id\":\"https:\/\/lions-pharmacy.com\/de#organization\"},\"alternateName\":\"Lion Pharmacy\",\"potentialAction\":[{\"@type\":\"SearchAction\",\"target\":{\"@type\":\"EntryPoint\",\"urlTemplate\":\"https:\/\/lions-pharmacy.com\/de?s={search_term_string}\"},\"query-input\":{\"@type\":\"PropertyValueSpecification\",\"valueRequired\":true,\"valueName\":\"search_term_string\"}}],\"inLanguage\":\"de\"},{\"@type\":\"Organization\",\"@id\":\"https:\/\/lions-pharmacy.com\/de#organization\",\"name\":\"Lions Pharmacy\",\"alternateName\":\"Lions Pharmacy24\",\"url\":\"https:\/\/lions-pharmacy.com\/de\",\"logo\":{\"@type\":\"ImageObject\",\"inLanguage\":\"de\",\"@id\":\"https:\/\/lions-pharmacy.com\/de#\/schema\/logo\/image\/\",\"url\":\"https:\/\/lions-pharmacy.com\/wp-content\/uploads\/2022\/12\/Logo-Lion-Pharmacy-c-o-Loewen-Apotheke-smal.jpg\",\"contentUrl\":\"https:\/\/lions-pharmacy.com\/wp-content\/uploads\/2022\/12\/Logo-Lion-Pharmacy-c-o-Loewen-Apotheke-smal.jpg\",\"width\":298,\"height\":99,\"caption\":\"Lions Pharmacy\"},\"image\":{\"@id\":\"https:\/\/lions-pharmacy.com\/de#\/schema\/logo\/image\/\"}}]}<\/script>\n<!-- \/ Yoast SEO plugin. -->","yoast_head_json":{"title":"Nervus Opticus GL D5 Ampullen 10 Stk. &#187; L\u00f6wen Apotheke","description":"L\u00f6wen-Apotheke | registrierte deutsche Online-Apotheke | Schneller internationaler Versand | Sicher online einkaufen | Allergien > Nervus Opticus GL D5 Ampullen 10 Stk.","robots":{"index":"index","follow":"follow","max-snippet":"max-snippet:-1","max-image-preview":"max-image-preview:large","max-video-preview":"max-video-preview:-1"},"canonical":"https:\/\/lions-pharmacy.com\/de\/produkt\/nervus-opticus-gl-d5-ampullen-10-stueck-3355206","og_locale":"de_DE","og_type":"article","og_title":"Nervus Opticus GL D5 Ampullen 10 Stk. &#187; L\u00f6wen Apotheke","og_description":"L\u00f6wen-Apotheke | registrierte deutsche Online-Apotheke | Schneller internationaler Versand | Sicher online einkaufen | Allergien > Nervus Opticus GL D5 Ampullen 10 Stk.","og_url":"https:\/\/lions-pharmacy.com\/de\/produkt\/nervus-opticus-gl-d5-ampullen-10-stueck-3355206","og_site_name":"L\u00f6wen Apotheke","article_modified_time":"2025-01-25T11:44:47+00:00","og_image":[{"width":600,"height":600,"url":"https:\/\/lions-pharmacy.com\/wp-content\/uploads\/2024\/01\/Nervus-Opticus-GL-D6-Ampoules-10-Wala-Heilmittel-lions-pharmacy-Loewen-Apotheke24.webp","type":"image\/webp"}],"twitter_card":"summary_large_image","twitter_misc":{"Gesch\u00e4tzte Lesezeit":"1\u00a0Minute"},"schema":{"@context":"https:\/\/schema.org","@graph":[{"@type":"WebPage","@id":"https:\/\/lions-pharmacy.com\/de\/produkt\/nervus-opticus-gl-d5-ampullen-10-stueck-3355206","url":"https:\/\/lions-pharmacy.com\/de\/produkt\/nervus-opticus-gl-d5-ampullen-10-stueck-3355206","name":"Nervus Opticus GL D5 Ampullen 10 Stk. &#187; L\u00f6wen Apotheke","isPartOf":{"@id":"https:\/\/lions-pharmacy.com\/de#website"},"primaryImageOfPage":{"@id":"https:\/\/lions-pharmacy.com\/de\/produkt\/nervus-opticus-gl-d5-ampullen-10-stueck-3355206#primaryimage"},"image":{"@id":"https:\/\/lions-pharmacy.com\/de\/produkt\/nervus-opticus-gl-d5-ampullen-10-stueck-3355206#primaryimage"},"thumbnailUrl":"https:\/\/lions-pharmacy.com\/wp-content\/uploads\/2024\/01\/Nervus-Opticus-GL-D6-Ampoules-10-Wala-Heilmittel-lions-pharmacy-Loewen-Apotheke24.webp","datePublished":"2024-01-23T09:13:11+00:00","dateModified":"2025-01-25T11:44:47+00:00","description":"L\u00f6wen-Apotheke | registrierte deutsche Online-Apotheke | Schneller internationaler Versand | Sicher online einkaufen | Allergien > Nervus Opticus GL D5 Ampullen 10 Stk.","breadcrumb":{"@id":"https:\/\/lions-pharmacy.com\/de\/produkt\/nervus-opticus-gl-d5-ampullen-10-stueck-3355206#breadcrumb"},"inLanguage":"de","potentialAction":[{"@type":"ReadAction","target":["https:\/\/lions-pharmacy.com\/de\/produkt\/nervus-opticus-gl-d5-ampullen-10-stueck-3355206"]}]},{"@type":"ImageObject","inLanguage":"de","@id":"https:\/\/lions-pharmacy.com\/de\/produkt\/nervus-opticus-gl-d5-ampullen-10-stueck-3355206#primaryimage","url":"https:\/\/lions-pharmacy.com\/wp-content\/uploads\/2024\/01\/Nervus-Opticus-GL-D6-Ampoules-10-Wala-Heilmittel-lions-pharmacy-Loewen-Apotheke24.webp","contentUrl":"https:\/\/lions-pharmacy.com\/wp-content\/uploads\/2024\/01\/Nervus-Opticus-GL-D6-Ampoules-10-Wala-Heilmittel-lions-pharmacy-Loewen-Apotheke24.webp","width":600,"height":600,"caption":"Das Produktbild kann \u00e4hnlich sein"},{"@type":"BreadcrumbList","@id":"https:\/\/lions-pharmacy.com\/de\/produkt\/nervus-opticus-gl-d5-ampullen-10-stueck-3355206#breadcrumb","itemListElement":[{"@type":"ListItem","position":1,"name":"Home","item":"https:\/\/lions-pharmacy.com\/de\/homepage-lion-pharmacy"},{"@type":"ListItem","position":2,"name":"Shop","item":"https:\/\/lions-pharmacy.com\/de\/shop-2"},{"@type":"ListItem","position":3,"name":"Nervus Opticus GL D5 Ampullen 10 Stk."}]},{"@type":"WebSite","@id":"https:\/\/lions-pharmacy.com\/de#website","url":"https:\/\/lions-pharmacy.com\/de","name":"Lions Pharmacy","description":"Ihr Spezialist f\u00fcr Naturheilkunde aus Baden-Baden, Germany","publisher":{"@id":"https:\/\/lions-pharmacy.com\/de#organization"},"alternateName":"Lion Pharmacy","potentialAction":[{"@type":"SearchAction","target":{"@type":"EntryPoint","urlTemplate":"https:\/\/lions-pharmacy.com\/de?s={search_term_string}"},"query-input":{"@type":"PropertyValueSpecification","valueRequired":true,"valueName":"search_term_string"}}],"inLanguage":"de"},{"@type":"Organization","@id":"https:\/\/lions-pharmacy.com\/de#organization","name":"Lions Pharmacy","alternateName":"Lions Pharmacy24","url":"https:\/\/lions-pharmacy.com\/de","logo":{"@type":"ImageObject","inLanguage":"de","@id":"https:\/\/lions-pharmacy.com\/de#\/schema\/logo\/image\/","url":"https:\/\/lions-pharmacy.com\/wp-content\/uploads\/2022\/12\/Logo-Lion-Pharmacy-c-o-Loewen-Apotheke-smal.jpg","contentUrl":"https:\/\/lions-pharmacy.com\/wp-content\/uploads\/2022\/12\/Logo-Lion-Pharmacy-c-o-Loewen-Apotheke-smal.jpg","width":298,"height":99,"caption":"Lions Pharmacy"},"image":{"@id":"https:\/\/lions-pharmacy.com\/de#\/schema\/logo\/image\/"}}]}},"_links":{"self":[{"href":"https:\/\/lions-pharmacy.com\/de\/wp-json\/wp\/v2\/product\/3177","targetHints":{"allow":["GET"]}}],"collection":[{"href":"https:\/\/lions-pharmacy.com\/de\/wp-json\/wp\/v2\/product"}],"about":[{"href":"https:\/\/lions-pharmacy.com\/de\/wp-json\/wp\/v2\/types\/product"}],"replies":[{"embeddable":true,"href":"https:\/\/lions-pharmacy.com\/de\/wp-json\/wp\/v2\/comments?post=3177"}],"wp:featuredmedia":[{"embeddable":true,"href":"https:\/\/lions-pharmacy.com\/de\/wp-json\/wp\/v2\/media\/3170"}],"wp:attachment":[{"href":"https:\/\/lions-pharmacy.com\/de\/wp-json\/wp\/v2\/media?parent=3177"}],"wp:term":[{"taxonomy":"product_brand","embeddable":true,"href":"https:\/\/lions-pharmacy.com\/de\/wp-json\/wp\/v2\/product_brand?post=3177"},{"taxonomy":"product_cat","embeddable":true,"href":"https:\/\/lions-pharmacy.com\/de\/wp-json\/wp\/v2\/product_cat?post=3177"},{"taxonomy":"product_tag","embeddable":true,"href":"https:\/\/lions-pharmacy.com\/de\/wp-json\/wp\/v2\/product_tag?post=3177"}],"curies":[{"name":"wp","href":"https:\/\/api.w.org\/{rel}","templated":true}]}}