{"id":2829,"date":"2022-12-29T21:07:14","date_gmt":"2022-12-29T20:07:14","guid":{"rendered":"https:\/\/lions-pharmacy.com\/product\/pascorbin-injektion-75g-5x-50ml"},"modified":"2026-03-31T09:04:09","modified_gmt":"2026-03-31T08:04:09","slug":"pascorbin-injektion-75g-5x50ml","status":"publish","type":"product","link":"https:\/\/lions-pharmacy.com\/de\/produkt\/pascorbin-injektion-75g-5x50ml","title":{"rendered":"PASCORBIN Vitamin C Injektion 7,5g 5x 50ml"},"content":{"rendered":"<h2>PASCORBIN Injektion 7,5g &#8211; Vitamin C Injektion<\/h2>\n<p>PASCORBIN-Injektion &#8211; diese einzige zugelassene Vitamin-C-Hochdosis-Infusion in Deutschland und anderen europ\u00e4ischen L\u00e4ndern. Pascorbin gelangt direkt in den Blutkreislauf und liefert sofort Vitamin C<br \/>\nZur Therapie von klinischem Vitamin-C-Mangel, der nicht ern\u00e4hrungsphysiologisch behoben oder oral substituiert werden kann.<\/p>\n<p>Wirkstoff: Ascorbins\u00e4ure 150 mg pro ml Injektionsl\u00f6sung.<\/p>\n<h4>Schneller mehr Vitamin C verf\u00fcgbar machen<\/h4>\n<p>In F\u00e4llen von Vitamin-C-Mangel, der nicht durch eine Di\u00e4t oder orale Nahrungserg\u00e4nzung behoben werden kann, sind Infusionen eine M\u00f6glichkeit, den Mangel auszugleichen. Im D\u00fcnndarm wird Vitamin C \u00fcber spezielle Transportmolek\u00fcle absorbiert und in den Blutkreislauf transportiert. Die Anzahl dieser Transporter ist begrenzt, weshalb nur ein Teil des Vitamin C das Blut erreicht. Eine Infusion erm\u00f6glicht es dem K\u00f6rper, deutlich mehr Vitamin C aufzunehmen. Solch hohe Blutspiegel k\u00f6nnen nicht allein durch Nahrung oder Tabletten erreicht werden.<\/p>\n<h4>Vorteile von Vitamin C-Infusionen<\/h4>\n<p>Um ihr Immunsystem zu st\u00e4rken, nehmen viele Menschen Vitamin C in Pulver- oder Tablettenform ein. Die Menge, die vom K\u00f6rper \u00fcber den Verdauungstrakt aufgenommen werden kann, ist jedoch begrenzt. Eine \u00fcberm\u00e4\u00dfige Dosis Vitamin C wird unverdaut ausgeschieden, was sich meist als Durchfall \u00e4u\u00dfert. Wenn aus therapeutischen Gr\u00fcnden eine h\u00f6here Dosis an Vitamin C erforderlich ist, kann eine Infusionstherapie von Vorteil sein. Bei dieser Methode gelangt das Vitamin C direkt in die Blutbahn und muss nicht erst von der Darmschleimhaut absorbiert werden. Selbst Menschen mit einer eingeschr\u00e4nkten Aufnahmef\u00e4higkeit des Darms k\u00f6nnen von einer Vitamin C-Infusion profitieren.<\/p>\n<p>Das Pascoe-Portfolio umfasst rund 200 Produkte. Dazu geh\u00f6ren pflanzliche Arzneimittel, hochdosierte Vitaminpr\u00e4parate, hom\u00f6opathische Komplexmittel und Nahrungserg\u00e4nzungsmittel. Die Vielfalt der Arzneimittel ber\u00fccksichtigt die komplexen Anforderungen an Gesundheitsprodukte. Der Erfolg gibt uns auch international Recht: Unsere Produkte werden in mehr als 30 L\u00e4nder der Welt exportiert, Tendenz steigend.<\/p>\n<p>Das Pascoe-Portfolio umfasst rund 200 Produkte. Dazu geh\u00f6ren pflanzliche Arzneimittel, hochdosierte Vitaminpr\u00e4parate, hom\u00f6opathische Komplexmittel und Nahrungserg\u00e4nzungsmittel. Die Vielfalt der Arzneimittel ber\u00fccksichtigt die komplexen Anforderungen an Gesundheitsprodukte. Der Erfolg gibt uns auch international Recht: Unsere Produkte werden in mehr als 30 L\u00e4nder der Welt exportiert, Tendenz steigend.<\/p>\n<p>Weitere Produkte f\u00fcr die Anwendung: <a href=\"https:\/\/lions-pharmacy.com\/de\/produkt-schlagwort\/vitamine-und-nahrungserganzungsmittel\">Vitamine<\/a> <\/p>\n<p>Erfahren Sie mehr \u00fcber den Hersteller und dieses Produkt: <a href=\"https:\/\/www.pascoe.de\/\" target=\"_blank\" rel=\"noopener\">Pascoe pharmazeutische Pr\u00e4parate GmbH<\/a> (Link zu externer Website)<\/p>\n<p>Informationen auf dieser Website werden ausschlie\u00dflich f\u00fcr informative Zwecke zur Verf\u00fcgung gestellt. Sie ersetzen keinesfalls die Untersuchung und Behandlung durch einen Arzt. Bitte beachten Sie, dass hierdurch weder Diagnosen gestellt noch Therapien eingeleitet werden k\u00f6nnen.<\/p>\n<p>Zu Risiken und Nebenwirkungen lesen Sie die Packungsbeilage und fragen Sie Ihren Arzt oder Apotheker.<\/p>\n","protected":false},"excerpt":{"rendered":"<h2>PASCORBIN Injektion 7,5g 5x 50ml<\/h2>\n<p>Vitamin C &#8211; Ascorbins\u00e4ure zur Injektion &#8211; Zur Anwendung bei Erwachsenen und Kindern.<\/p>\n<p>&nbsp;<\/p>\n<p><strong>PZN:<\/strong> 00581310 (Pharmazentralnummer)<\/p>\n<p><strong>Darreichungsform<\/strong>: Injektionsl\u00f6sung<\/p>\n<p><strong>Verschreibungsart<\/strong>: verschreibungsfrei<\/p>\n<p><strong>Marke<\/strong>: PASCORBIN<\/p>\n<p><strong>Hersteller<\/strong>: Pascoe pharmazeutische Pr\u00e4parate GmbH<\/p>\n<p><strong>Packungsgr\u00f6\u00dfe<\/strong>: 5x 50ml<\/p>\n","protected":false},"featured_media":4718,"comment_status":"closed","ping_status":"closed","template":"","meta":[],"product_brand":[],"product_cat":[599,367,368],"product_tag":[434,433,429,432],"class_list":{"0":"post-2829","1":"product","2":"type-product","3":"status-publish","4":"has-post-thumbnail","6":"product_cat-pascoe-de","7":"product_cat-sale-de","8":"product_cat-shop-de","9":"product_tag-gewicht-und-fitness","10":"product_tag-gewichtsmanagement","11":"product_tag-vitamine-und-nahrungserganzungsmittel","12":"product_tag-wellness-de","13":"ts_product_brand-alle","14":"ts_product_brand-pascoe-de","16":"first","17":"instock","18":"sale","19":"featured","20":"taxable","21":"shipping-taxable","22":"purchasable","23":"product-type-simple"},"yoast_head":"<!-- This site is optimized with the Yoast SEO plugin v26.5 - https:\/\/yoast.com\/wordpress\/plugins\/seo\/ -->\n<title>PASCORBIN Vitamin C Injektion 7,5g 5x 50ml &#187; L\u00f6wen Apotheke<\/title>\n<meta name=\"description\" content=\"Registrierte deutsche Online-Apotheke: Beste Preise &amp; schneller internationaler Versand. Erfahren Sie mehr \u00fcber Vitamin C | PASCORBIN Vitamin C Injektion 7,5g 5x 50ml von Pascoe\" \/>\n<meta name=\"robots\" content=\"index, follow, max-snippet:-1, max-image-preview:large, max-video-preview:-1\" \/>\n<link rel=\"canonical\" href=\"https:\/\/lions-pharmacy.com\/de\/produkt\/pascorbin-injektion-75g-5x50ml\" \/>\n<meta property=\"og:locale\" content=\"de_DE\" \/>\n<meta property=\"og:type\" content=\"article\" \/>\n<meta property=\"og:title\" content=\"PASCORBIN Vitamin C Injektion 7,5g 5x 50ml &#187; L\u00f6wen Apotheke\" \/>\n<meta property=\"og:description\" content=\"Registrierte deutsche Online-Apotheke: Beste Preise &amp; schneller internationaler Versand. Erfahren Sie mehr \u00fcber Vitamin C | PASCORBIN Vitamin C Injektion 7,5g 5x 50ml von Pascoe\" \/>\n<meta property=\"og:url\" content=\"https:\/\/lions-pharmacy.com\/de\/produkt\/pascorbin-injektion-75g-5x50ml\" \/>\n<meta property=\"og:site_name\" content=\"L\u00f6wen Apotheke\" \/>\n<meta property=\"article:modified_time\" content=\"2026-03-31T08:04:09+00:00\" \/>\n<meta property=\"og:image\" content=\"https:\/\/lions-pharmacy.com\/wp-content\/uploads\/2022\/12\/PASCORBIN-Injection-liquid-75g-20x-50ml-00581310-Pascoe-pharmazeutische-Preparate-GmbH-Lions-Pharmacy.webp\" \/>\n\t<meta property=\"og:image:width\" content=\"600\" \/>\n\t<meta property=\"og:image:height\" content=\"600\" \/>\n\t<meta property=\"og:image:type\" content=\"image\/webp\" \/>\n<meta name=\"twitter:card\" content=\"summary_large_image\" \/>\n<meta name=\"twitter:label1\" content=\"Gesch\u00e4tzte Lesezeit\" \/>\n\t<meta name=\"twitter:data1\" content=\"2\u00a0Minuten\" \/>\n<script type=\"application\/ld+json\" class=\"yoast-schema-graph\">{\"@context\":\"https:\/\/schema.org\",\"@graph\":[{\"@type\":\"WebPage\",\"@id\":\"https:\/\/lions-pharmacy.com\/de\/produkt\/pascorbin-injektion-75g-5x50ml\",\"url\":\"https:\/\/lions-pharmacy.com\/de\/produkt\/pascorbin-injektion-75g-5x50ml\",\"name\":\"PASCORBIN Vitamin C Injektion 7,5g 5x 50ml &#187; L\u00f6wen Apotheke\",\"isPartOf\":{\"@id\":\"https:\/\/lions-pharmacy.com\/de#website\"},\"primaryImageOfPage\":{\"@id\":\"https:\/\/lions-pharmacy.com\/de\/produkt\/pascorbin-injektion-75g-5x50ml#primaryimage\"},\"image\":{\"@id\":\"https:\/\/lions-pharmacy.com\/de\/produkt\/pascorbin-injektion-75g-5x50ml#primaryimage\"},\"thumbnailUrl\":\"https:\/\/lions-pharmacy.com\/wp-content\/uploads\/2022\/12\/PASCORBIN-Injection-liquid-75g-20x-50ml-00581310-Pascoe-pharmazeutische-Preparate-GmbH-Lions-Pharmacy.webp\",\"datePublished\":\"2022-12-29T20:07:14+00:00\",\"dateModified\":\"2026-03-31T08:04:09+00:00\",\"description\":\"Registrierte deutsche Online-Apotheke: Beste Preise & schneller internationaler Versand. Erfahren Sie mehr \u00fcber Vitamin C | PASCORBIN Vitamin C Injektion 7,5g 5x 50ml von Pascoe\",\"breadcrumb\":{\"@id\":\"https:\/\/lions-pharmacy.com\/de\/produkt\/pascorbin-injektion-75g-5x50ml#breadcrumb\"},\"inLanguage\":\"de\",\"potentialAction\":[{\"@type\":\"ReadAction\",\"target\":[\"https:\/\/lions-pharmacy.com\/de\/produkt\/pascorbin-injektion-75g-5x50ml\"]}]},{\"@type\":\"ImageObject\",\"inLanguage\":\"de\",\"@id\":\"https:\/\/lions-pharmacy.com\/de\/produkt\/pascorbin-injektion-75g-5x50ml#primaryimage\",\"url\":\"https:\/\/lions-pharmacy.com\/wp-content\/uploads\/2022\/12\/PASCORBIN-Injection-liquid-75g-20x-50ml-00581310-Pascoe-pharmazeutische-Preparate-GmbH-Lions-Pharmacy.webp\",\"contentUrl\":\"https:\/\/lions-pharmacy.com\/wp-content\/uploads\/2022\/12\/PASCORBIN-Injection-liquid-75g-20x-50ml-00581310-Pascoe-pharmazeutische-Preparate-GmbH-Lions-Pharmacy.webp\",\"width\":600,\"height\":600,\"caption\":\"PASCORBIN Injektionsfl\u00fcssigkeit 75g 20x 50ml 00581310 Pascoe Pharma Pr\u00e4parate GmbH-Lions Apotheke\"},{\"@type\":\"BreadcrumbList\",\"@id\":\"https:\/\/lions-pharmacy.com\/de\/produkt\/pascorbin-injektion-75g-5x50ml#breadcrumb\",\"itemListElement\":[{\"@type\":\"ListItem\",\"position\":1,\"name\":\"Home\",\"item\":\"https:\/\/lions-pharmacy.com\/de\/homepage-lion-pharmacy\"},{\"@type\":\"ListItem\",\"position\":2,\"name\":\"Shop\",\"item\":\"https:\/\/lions-pharmacy.com\/de\/shop-2\"},{\"@type\":\"ListItem\",\"position\":3,\"name\":\"PASCORBIN Vitamin C Injektion 7,5g 5x 50ml\"}]},{\"@type\":\"WebSite\",\"@id\":\"https:\/\/lions-pharmacy.com\/de#website\",\"url\":\"https:\/\/lions-pharmacy.com\/de\",\"name\":\"Lions Pharmacy\",\"description\":\"Ihr Spezialist f\u00fcr Naturheilkunde aus Baden-Baden, Germany\",\"publisher\":{\"@id\":\"https:\/\/lions-pharmacy.com\/de#organization\"},\"alternateName\":\"Lion Pharmacy\",\"potentialAction\":[{\"@type\":\"SearchAction\",\"target\":{\"@type\":\"EntryPoint\",\"urlTemplate\":\"https:\/\/lions-pharmacy.com\/de?s={search_term_string}\"},\"query-input\":{\"@type\":\"PropertyValueSpecification\",\"valueRequired\":true,\"valueName\":\"search_term_string\"}}],\"inLanguage\":\"de\"},{\"@type\":\"Organization\",\"@id\":\"https:\/\/lions-pharmacy.com\/de#organization\",\"name\":\"Lions Pharmacy\",\"alternateName\":\"Lions Pharmacy24\",\"url\":\"https:\/\/lions-pharmacy.com\/de\",\"logo\":{\"@type\":\"ImageObject\",\"inLanguage\":\"de\",\"@id\":\"https:\/\/lions-pharmacy.com\/de#\/schema\/logo\/image\/\",\"url\":\"https:\/\/lions-pharmacy.com\/wp-content\/uploads\/2022\/12\/Logo-Lion-Pharmacy-c-o-Loewen-Apotheke-smal.jpg\",\"contentUrl\":\"https:\/\/lions-pharmacy.com\/wp-content\/uploads\/2022\/12\/Logo-Lion-Pharmacy-c-o-Loewen-Apotheke-smal.jpg\",\"width\":298,\"height\":99,\"caption\":\"Lions Pharmacy\"},\"image\":{\"@id\":\"https:\/\/lions-pharmacy.com\/de#\/schema\/logo\/image\/\"}}]}<\/script>\n<!-- \/ Yoast SEO plugin. -->","yoast_head_json":{"title":"PASCORBIN Vitamin C Injektion 7,5g 5x 50ml &#187; L\u00f6wen Apotheke","description":"Registrierte deutsche Online-Apotheke: Beste Preise & schneller internationaler Versand. Erfahren Sie mehr \u00fcber Vitamin C | PASCORBIN Vitamin C Injektion 7,5g 5x 50ml von Pascoe","robots":{"index":"index","follow":"follow","max-snippet":"max-snippet:-1","max-image-preview":"max-image-preview:large","max-video-preview":"max-video-preview:-1"},"canonical":"https:\/\/lions-pharmacy.com\/de\/produkt\/pascorbin-injektion-75g-5x50ml","og_locale":"de_DE","og_type":"article","og_title":"PASCORBIN Vitamin C Injektion 7,5g 5x 50ml &#187; L\u00f6wen Apotheke","og_description":"Registrierte deutsche Online-Apotheke: Beste Preise & schneller internationaler Versand. Erfahren Sie mehr \u00fcber Vitamin C | PASCORBIN Vitamin C Injektion 7,5g 5x 50ml von Pascoe","og_url":"https:\/\/lions-pharmacy.com\/de\/produkt\/pascorbin-injektion-75g-5x50ml","og_site_name":"L\u00f6wen Apotheke","article_modified_time":"2026-03-31T08:04:09+00:00","og_image":[{"width":600,"height":600,"url":"https:\/\/lions-pharmacy.com\/wp-content\/uploads\/2022\/12\/PASCORBIN-Injection-liquid-75g-20x-50ml-00581310-Pascoe-pharmazeutische-Preparate-GmbH-Lions-Pharmacy.webp","type":"image\/webp"}],"twitter_card":"summary_large_image","twitter_misc":{"Gesch\u00e4tzte Lesezeit":"2\u00a0Minuten"},"schema":{"@context":"https:\/\/schema.org","@graph":[{"@type":"WebPage","@id":"https:\/\/lions-pharmacy.com\/de\/produkt\/pascorbin-injektion-75g-5x50ml","url":"https:\/\/lions-pharmacy.com\/de\/produkt\/pascorbin-injektion-75g-5x50ml","name":"PASCORBIN Vitamin C Injektion 7,5g 5x 50ml &#187; L\u00f6wen Apotheke","isPartOf":{"@id":"https:\/\/lions-pharmacy.com\/de#website"},"primaryImageOfPage":{"@id":"https:\/\/lions-pharmacy.com\/de\/produkt\/pascorbin-injektion-75g-5x50ml#primaryimage"},"image":{"@id":"https:\/\/lions-pharmacy.com\/de\/produkt\/pascorbin-injektion-75g-5x50ml#primaryimage"},"thumbnailUrl":"https:\/\/lions-pharmacy.com\/wp-content\/uploads\/2022\/12\/PASCORBIN-Injection-liquid-75g-20x-50ml-00581310-Pascoe-pharmazeutische-Preparate-GmbH-Lions-Pharmacy.webp","datePublished":"2022-12-29T20:07:14+00:00","dateModified":"2026-03-31T08:04:09+00:00","description":"Registrierte deutsche Online-Apotheke: Beste Preise & schneller internationaler Versand. Erfahren Sie mehr \u00fcber Vitamin C | PASCORBIN Vitamin C Injektion 7,5g 5x 50ml von Pascoe","breadcrumb":{"@id":"https:\/\/lions-pharmacy.com\/de\/produkt\/pascorbin-injektion-75g-5x50ml#breadcrumb"},"inLanguage":"de","potentialAction":[{"@type":"ReadAction","target":["https:\/\/lions-pharmacy.com\/de\/produkt\/pascorbin-injektion-75g-5x50ml"]}]},{"@type":"ImageObject","inLanguage":"de","@id":"https:\/\/lions-pharmacy.com\/de\/produkt\/pascorbin-injektion-75g-5x50ml#primaryimage","url":"https:\/\/lions-pharmacy.com\/wp-content\/uploads\/2022\/12\/PASCORBIN-Injection-liquid-75g-20x-50ml-00581310-Pascoe-pharmazeutische-Preparate-GmbH-Lions-Pharmacy.webp","contentUrl":"https:\/\/lions-pharmacy.com\/wp-content\/uploads\/2022\/12\/PASCORBIN-Injection-liquid-75g-20x-50ml-00581310-Pascoe-pharmazeutische-Preparate-GmbH-Lions-Pharmacy.webp","width":600,"height":600,"caption":"PASCORBIN Injektionsfl\u00fcssigkeit 75g 20x 50ml 00581310 Pascoe Pharma Pr\u00e4parate GmbH-Lions Apotheke"},{"@type":"BreadcrumbList","@id":"https:\/\/lions-pharmacy.com\/de\/produkt\/pascorbin-injektion-75g-5x50ml#breadcrumb","itemListElement":[{"@type":"ListItem","position":1,"name":"Home","item":"https:\/\/lions-pharmacy.com\/de\/homepage-lion-pharmacy"},{"@type":"ListItem","position":2,"name":"Shop","item":"https:\/\/lions-pharmacy.com\/de\/shop-2"},{"@type":"ListItem","position":3,"name":"PASCORBIN Vitamin C Injektion 7,5g 5x 50ml"}]},{"@type":"WebSite","@id":"https:\/\/lions-pharmacy.com\/de#website","url":"https:\/\/lions-pharmacy.com\/de","name":"Lions Pharmacy","description":"Ihr Spezialist f\u00fcr Naturheilkunde aus Baden-Baden, Germany","publisher":{"@id":"https:\/\/lions-pharmacy.com\/de#organization"},"alternateName":"Lion Pharmacy","potentialAction":[{"@type":"SearchAction","target":{"@type":"EntryPoint","urlTemplate":"https:\/\/lions-pharmacy.com\/de?s={search_term_string}"},"query-input":{"@type":"PropertyValueSpecification","valueRequired":true,"valueName":"search_term_string"}}],"inLanguage":"de"},{"@type":"Organization","@id":"https:\/\/lions-pharmacy.com\/de#organization","name":"Lions Pharmacy","alternateName":"Lions Pharmacy24","url":"https:\/\/lions-pharmacy.com\/de","logo":{"@type":"ImageObject","inLanguage":"de","@id":"https:\/\/lions-pharmacy.com\/de#\/schema\/logo\/image\/","url":"https:\/\/lions-pharmacy.com\/wp-content\/uploads\/2022\/12\/Logo-Lion-Pharmacy-c-o-Loewen-Apotheke-smal.jpg","contentUrl":"https:\/\/lions-pharmacy.com\/wp-content\/uploads\/2022\/12\/Logo-Lion-Pharmacy-c-o-Loewen-Apotheke-smal.jpg","width":298,"height":99,"caption":"Lions Pharmacy"},"image":{"@id":"https:\/\/lions-pharmacy.com\/de#\/schema\/logo\/image\/"}}]}},"_links":{"self":[{"href":"https:\/\/lions-pharmacy.com\/de\/wp-json\/wp\/v2\/product\/2829","targetHints":{"allow":["GET"]}}],"collection":[{"href":"https:\/\/lions-pharmacy.com\/de\/wp-json\/wp\/v2\/product"}],"about":[{"href":"https:\/\/lions-pharmacy.com\/de\/wp-json\/wp\/v2\/types\/product"}],"replies":[{"embeddable":true,"href":"https:\/\/lions-pharmacy.com\/de\/wp-json\/wp\/v2\/comments?post=2829"}],"wp:featuredmedia":[{"embeddable":true,"href":"https:\/\/lions-pharmacy.com\/de\/wp-json\/wp\/v2\/media\/4718"}],"wp:attachment":[{"href":"https:\/\/lions-pharmacy.com\/de\/wp-json\/wp\/v2\/media?parent=2829"}],"wp:term":[{"taxonomy":"product_brand","embeddable":true,"href":"https:\/\/lions-pharmacy.com\/de\/wp-json\/wp\/v2\/product_brand?post=2829"},{"taxonomy":"product_cat","embeddable":true,"href":"https:\/\/lions-pharmacy.com\/de\/wp-json\/wp\/v2\/product_cat?post=2829"},{"taxonomy":"product_tag","embeddable":true,"href":"https:\/\/lions-pharmacy.com\/de\/wp-json\/wp\/v2\/product_tag?post=2829"}],"curies":[{"name":"wp","href":"https:\/\/api.w.org\/{rel}","templated":true}]}}