{"id":2827,"date":"2022-12-29T21:15:38","date_gmt":"2022-12-29T20:15:38","guid":{"rendered":"https:\/\/lions-pharmacy.com\/product\/fluorecare-schnelltest-4in1-sars-cov-2-influenza-a-b-rsv"},"modified":"2022-12-29T21:15:38","modified_gmt":"2022-12-29T20:15:38","slug":"fluorecare-antigen-test-4in1-sars-cov-2-influenza-a-b-rsv","status":"publish","type":"product","link":"https:\/\/lions-pharmacy.com\/de\/produkt\/fluorecare-antigen-test-4in1-sars-cov-2-influenza-a-b-rsv","title":{"rendered":"Fluorecare Schnelltest 4in1 SARS-Cov-2, Influenza A\/B, RSV"},"content":{"rendered":"<h3>Fluorecare Schnelltest 4in1 SARS-Cov-2, Influenza A\/B, RSV<\/h3>\n<p>Fluorecare Schnelltest 4in1 SARS-Cov-2, Influenza A\/B, RSV<\/p>\n<p>Antigen-Schnelltest f\u00fcr Alpha-, Delta- und Omikron-Varianten, BA.4 und BA.5 und qualitativer Nachweis von SARS-CoV-2, Influenza A\/B und RSV in der Nase oder im Nasen-Rachen-Raum, geeignet f\u00fcr Selbstanwender.<\/p>\n<ul>\n<li>4-in-1-Selbsttest<\/li>\n<li>Zuverl\u00e4ssiges Testergebnis in 15 Minuten<\/li>\n<li>SARS-CoV-2-Sensitivit\u00e4t: 92,93%<\/li>\n<li>SARS-CoV-2-Spezifit\u00e4t: 100%<\/li>\n<\/ul>\n<p>Produkte f\u00fcr den Anwendungsbereich: <a href=\"https:\/\/lions-pharmacy.com\/product-tag\/coronavirus\">Antigen-Schnelltests &amp; Corona<\/a><\/p>\n<p>Weitere Kunden interessieren sich auch f\u00fcr Produkte zum Thema: Erste-Hilfe-Set<\/p>\n<p>Die Apothekerin empfiehlt ihren Kunden mit Virusinfektionen: <a href=\"https:\/\/lions-pharmacy.com\/product\/labo-life-2leid\">Labo Life 2L EID<\/a> | Omni-Biotic Pro-Vi<\/p>\n<p>Packungsbeilage\/Gebrauchsanweisung\/Artikeldatenblatt: (PDF-Reader)<\/p>\n<p>Alternativer Produktname: fluorecare Kombitest 4in1 ( <a href=\"https:\/\/www.loewen-apotheke24.com\/en\/shop\/angebot\/fluorecare-schnelltest-4in1-sars-cov-2-influenza-ab-rsv-antigene\/\" target=\"_blank\" rel=\"noopener\">Bestellen Sie hier<\/a> ein Paket mit 5 Testkits)<\/p>\n<p>Weitere Produkte f\u00fcr die Anwendung: <a href=\"https:\/\/lions-pharmacy.com\/produkt-schlagwort\/cold-flu\">Erk\u00e4ltung &amp; Grippe<\/a><\/p>\n<p>Erfahren Sie mehr \u00fcber manufactorer und dieses Produkt: (Link zu externer Website)<\/p>\n<p>Informationen auf dieser Website werden ausschlie\u00dflich f\u00fcr informative Zwecke zur Verf\u00fcgung gestellt. Sie ersetzen keinesfalls die Untersuchung und Behandlung durch einen Arzt. Bitte beachten Sie, dass hierdurch weder Diagnosen gestellt noch Therapien eingeleitet werden k\u00f6nnen.<\/p>\n<p><span style=\"color: #ff0000;\">F\u00fcr Fachgruppen nach der Medizinprodukte-Verabreichungsverordnung (MPAV) &#8211; keine Abgabe an Selbstanwender.<\/span><\/p>\n<p>Zu Risiken und Nebenwirkungen lesen Sie die Packungsbeilage und fragen Sie Ihren Arzt oder Apotheker.<\/p>\n","protected":false},"excerpt":{"rendered":"<h2>FluoreCare Antigen Test 4in1 &#8211; 10 Stk.<\/h2>\n<p>4in1 Kombinations-Schnelltest (Antigene) f\u00fcr Influenza A\/B + COVID-19 + RSV. <span style=\"color: #ff0000;\">F\u00fcr Fachgruppen<\/span> &#8211; keine Lieferung an Selbstanwender.<\/p>\n<p>&nbsp;<\/p>\n<p>PZN: &#8211; (Pharmazentralnummer)<\/p>\n<p>Darreichungsform: Testkit<\/p>\n<p>Verordnungsart: Rezeptfrei<\/p>\n<p>Marke: &#8211;<\/p>\n<p>Hersteller: Shenzhen Microprofit Biotech Co., Ltd.<\/p>\n<p>Packungsgr\u00f6\u00dfe: 10 St\u00fcck (2 Packungen mit 5)<\/p>\n","protected":false},"featured_media":2828,"comment_status":"closed","ping_status":"closed","template":"","meta":[],"product_brand":[],"product_cat":[368],"product_tag":[385,387,379,428],"class_list":{"0":"post-2827","1":"product","2":"type-product","3":"status-publish","4":"has-post-thumbnail","6":"product_cat-shop-de","7":"product_tag-coronavirus-de","8":"product_tag-erkaltungen-grippe","9":"product_tag-monatlicher-sale-de","10":"product_tag-virusinfektion","11":"ts_product_brand-alle","13":"first","14":"outofstock","15":"sale","16":"taxable","17":"shipping-taxable","18":"purchasable","19":"product-type-simple"},"yoast_head":"<!-- This site is optimized with the Yoast SEO plugin v26.5 - https:\/\/yoast.com\/wordpress\/plugins\/seo\/ -->\n<title>Fluorecare Schnelltest 4in1 SARS-Cov-2, Influenza A\/B, RSV<\/title>\n<meta name=\"description\" content=\"L\u00f6wen-Apotheke | Deutsche Online-Apotheke | Schneller internationaler Versand | 4in1 Virencheck | Fluorecare Schnelltest 4in1 SARS-Cov-2, Influenza A\/B, RSV\" \/>\n<meta name=\"robots\" content=\"index, follow, max-snippet:-1, max-image-preview:large, max-video-preview:-1\" \/>\n<link rel=\"canonical\" href=\"https:\/\/lions-pharmacy.com\/de\/produkt\/fluorecare-antigen-test-4in1-sars-cov-2-influenza-a-b-rsv\" \/>\n<meta property=\"og:locale\" content=\"de_DE\" \/>\n<meta property=\"og:type\" content=\"article\" \/>\n<meta property=\"og:title\" content=\"Fluorecare Schnelltest 4in1 SARS-Cov-2, Influenza A\/B, RSV\" \/>\n<meta property=\"og:description\" content=\"L\u00f6wen-Apotheke | Deutsche Online-Apotheke | Schneller internationaler Versand | 4in1 Virencheck | Fluorecare Schnelltest 4in1 SARS-Cov-2, Influenza A\/B, RSV\" \/>\n<meta property=\"og:url\" content=\"https:\/\/lions-pharmacy.com\/de\/produkt\/fluorecare-antigen-test-4in1-sars-cov-2-influenza-a-b-rsv\" \/>\n<meta property=\"og:site_name\" content=\"L\u00f6wen Apotheke\" \/>\n<meta property=\"og:image\" content=\"https:\/\/lions-pharmacy.com\/wp-content\/uploads\/2022\/12\/fluorecare-rapid-test-antigene-SARS-CoV-2-Influenza-A-B-RSV-virus-Antigen-Kombi-Test-Lion-Pharmacy-Loewen-Apptheke.jpg\" \/>\n\t<meta property=\"og:image:width\" content=\"600\" \/>\n\t<meta property=\"og:image:height\" content=\"600\" \/>\n\t<meta property=\"og:image:type\" content=\"image\/jpeg\" \/>\n<meta name=\"twitter:card\" content=\"summary_large_image\" \/>\n<meta name=\"twitter:label1\" content=\"Gesch\u00e4tzte Lesezeit\" \/>\n\t<meta name=\"twitter:data1\" content=\"1\u00a0Minute\" \/>\n<script type=\"application\/ld+json\" class=\"yoast-schema-graph\">{\"@context\":\"https:\/\/schema.org\",\"@graph\":[{\"@type\":\"WebPage\",\"@id\":\"https:\/\/lions-pharmacy.com\/de\/produkt\/fluorecare-antigen-test-4in1-sars-cov-2-influenza-a-b-rsv\",\"url\":\"https:\/\/lions-pharmacy.com\/de\/produkt\/fluorecare-antigen-test-4in1-sars-cov-2-influenza-a-b-rsv\",\"name\":\"Fluorecare Schnelltest 4in1 SARS-Cov-2, Influenza A\/B, RSV\",\"isPartOf\":{\"@id\":\"https:\/\/lions-pharmacy.com\/de#website\"},\"primaryImageOfPage\":{\"@id\":\"https:\/\/lions-pharmacy.com\/de\/produkt\/fluorecare-antigen-test-4in1-sars-cov-2-influenza-a-b-rsv#primaryimage\"},\"image\":{\"@id\":\"https:\/\/lions-pharmacy.com\/de\/produkt\/fluorecare-antigen-test-4in1-sars-cov-2-influenza-a-b-rsv#primaryimage\"},\"thumbnailUrl\":\"https:\/\/lions-pharmacy.com\/wp-content\/uploads\/2022\/12\/fluorecare-rapid-test-antigene-SARS-CoV-2-Influenza-A-B-RSV-virus-Antigen-Kombi-Test-Lion-Pharmacy-Loewen-Apptheke.jpg\",\"datePublished\":\"2022-12-29T20:15:38+00:00\",\"description\":\"L\u00f6wen-Apotheke | Deutsche Online-Apotheke | Schneller internationaler Versand | 4in1 Virencheck | Fluorecare Schnelltest 4in1 SARS-Cov-2, Influenza A\/B, RSV\",\"breadcrumb\":{\"@id\":\"https:\/\/lions-pharmacy.com\/de\/produkt\/fluorecare-antigen-test-4in1-sars-cov-2-influenza-a-b-rsv#breadcrumb\"},\"inLanguage\":\"de\",\"potentialAction\":[{\"@type\":\"ReadAction\",\"target\":[\"https:\/\/lions-pharmacy.com\/de\/produkt\/fluorecare-antigen-test-4in1-sars-cov-2-influenza-a-b-rsv\"]}]},{\"@type\":\"ImageObject\",\"inLanguage\":\"de\",\"@id\":\"https:\/\/lions-pharmacy.com\/de\/produkt\/fluorecare-antigen-test-4in1-sars-cov-2-influenza-a-b-rsv#primaryimage\",\"url\":\"https:\/\/lions-pharmacy.com\/wp-content\/uploads\/2022\/12\/fluorecare-rapid-test-antigene-SARS-CoV-2-Influenza-A-B-RSV-virus-Antigen-Kombi-Test-Lion-Pharmacy-Loewen-Apptheke.jpg\",\"contentUrl\":\"https:\/\/lions-pharmacy.com\/wp-content\/uploads\/2022\/12\/fluorecare-rapid-test-antigene-SARS-CoV-2-Influenza-A-B-RSV-virus-Antigen-Kombi-Test-Lion-Pharmacy-Loewen-Apptheke.jpg\",\"width\":600,\"height\":600},{\"@type\":\"BreadcrumbList\",\"@id\":\"https:\/\/lions-pharmacy.com\/de\/produkt\/fluorecare-antigen-test-4in1-sars-cov-2-influenza-a-b-rsv#breadcrumb\",\"itemListElement\":[{\"@type\":\"ListItem\",\"position\":1,\"name\":\"Home\",\"item\":\"https:\/\/lions-pharmacy.com\/de\/homepage-lion-pharmacy\"},{\"@type\":\"ListItem\",\"position\":2,\"name\":\"Shop\",\"item\":\"https:\/\/lions-pharmacy.com\/de\/shop-2\"},{\"@type\":\"ListItem\",\"position\":3,\"name\":\"Fluorecare Schnelltest 4in1 SARS-Cov-2, Influenza A\/B, RSV\"}]},{\"@type\":\"WebSite\",\"@id\":\"https:\/\/lions-pharmacy.com\/de#website\",\"url\":\"https:\/\/lions-pharmacy.com\/de\",\"name\":\"Lions Pharmacy\",\"description\":\"Ihr Spezialist f\u00fcr Naturheilkunde aus Baden-Baden, Germany\",\"publisher\":{\"@id\":\"https:\/\/lions-pharmacy.com\/de#organization\"},\"alternateName\":\"Lion Pharmacy\",\"potentialAction\":[{\"@type\":\"SearchAction\",\"target\":{\"@type\":\"EntryPoint\",\"urlTemplate\":\"https:\/\/lions-pharmacy.com\/de?s={search_term_string}\"},\"query-input\":{\"@type\":\"PropertyValueSpecification\",\"valueRequired\":true,\"valueName\":\"search_term_string\"}}],\"inLanguage\":\"de\"},{\"@type\":\"Organization\",\"@id\":\"https:\/\/lions-pharmacy.com\/de#organization\",\"name\":\"Lions Pharmacy\",\"alternateName\":\"Lions Pharmacy24\",\"url\":\"https:\/\/lions-pharmacy.com\/de\",\"logo\":{\"@type\":\"ImageObject\",\"inLanguage\":\"de\",\"@id\":\"https:\/\/lions-pharmacy.com\/de#\/schema\/logo\/image\/\",\"url\":\"https:\/\/lions-pharmacy.com\/wp-content\/uploads\/2022\/12\/Logo-Lion-Pharmacy-c-o-Loewen-Apotheke-smal.jpg\",\"contentUrl\":\"https:\/\/lions-pharmacy.com\/wp-content\/uploads\/2022\/12\/Logo-Lion-Pharmacy-c-o-Loewen-Apotheke-smal.jpg\",\"width\":298,\"height\":99,\"caption\":\"Lions Pharmacy\"},\"image\":{\"@id\":\"https:\/\/lions-pharmacy.com\/de#\/schema\/logo\/image\/\"}}]}<\/script>\n<!-- \/ Yoast SEO plugin. -->","yoast_head_json":{"title":"Fluorecare Schnelltest 4in1 SARS-Cov-2, Influenza A\/B, RSV","description":"L\u00f6wen-Apotheke | Deutsche Online-Apotheke | Schneller internationaler Versand | 4in1 Virencheck | Fluorecare Schnelltest 4in1 SARS-Cov-2, Influenza A\/B, RSV","robots":{"index":"index","follow":"follow","max-snippet":"max-snippet:-1","max-image-preview":"max-image-preview:large","max-video-preview":"max-video-preview:-1"},"canonical":"https:\/\/lions-pharmacy.com\/de\/produkt\/fluorecare-antigen-test-4in1-sars-cov-2-influenza-a-b-rsv","og_locale":"de_DE","og_type":"article","og_title":"Fluorecare Schnelltest 4in1 SARS-Cov-2, Influenza A\/B, RSV","og_description":"L\u00f6wen-Apotheke | Deutsche Online-Apotheke | Schneller internationaler Versand | 4in1 Virencheck | Fluorecare Schnelltest 4in1 SARS-Cov-2, Influenza A\/B, RSV","og_url":"https:\/\/lions-pharmacy.com\/de\/produkt\/fluorecare-antigen-test-4in1-sars-cov-2-influenza-a-b-rsv","og_site_name":"L\u00f6wen Apotheke","og_image":[{"width":600,"height":600,"url":"https:\/\/lions-pharmacy.com\/wp-content\/uploads\/2022\/12\/fluorecare-rapid-test-antigene-SARS-CoV-2-Influenza-A-B-RSV-virus-Antigen-Kombi-Test-Lion-Pharmacy-Loewen-Apptheke.jpg","type":"image\/jpeg"}],"twitter_card":"summary_large_image","twitter_misc":{"Gesch\u00e4tzte Lesezeit":"1\u00a0Minute"},"schema":{"@context":"https:\/\/schema.org","@graph":[{"@type":"WebPage","@id":"https:\/\/lions-pharmacy.com\/de\/produkt\/fluorecare-antigen-test-4in1-sars-cov-2-influenza-a-b-rsv","url":"https:\/\/lions-pharmacy.com\/de\/produkt\/fluorecare-antigen-test-4in1-sars-cov-2-influenza-a-b-rsv","name":"Fluorecare Schnelltest 4in1 SARS-Cov-2, Influenza A\/B, RSV","isPartOf":{"@id":"https:\/\/lions-pharmacy.com\/de#website"},"primaryImageOfPage":{"@id":"https:\/\/lions-pharmacy.com\/de\/produkt\/fluorecare-antigen-test-4in1-sars-cov-2-influenza-a-b-rsv#primaryimage"},"image":{"@id":"https:\/\/lions-pharmacy.com\/de\/produkt\/fluorecare-antigen-test-4in1-sars-cov-2-influenza-a-b-rsv#primaryimage"},"thumbnailUrl":"https:\/\/lions-pharmacy.com\/wp-content\/uploads\/2022\/12\/fluorecare-rapid-test-antigene-SARS-CoV-2-Influenza-A-B-RSV-virus-Antigen-Kombi-Test-Lion-Pharmacy-Loewen-Apptheke.jpg","datePublished":"2022-12-29T20:15:38+00:00","description":"L\u00f6wen-Apotheke | Deutsche Online-Apotheke | Schneller internationaler Versand | 4in1 Virencheck | Fluorecare Schnelltest 4in1 SARS-Cov-2, Influenza A\/B, RSV","breadcrumb":{"@id":"https:\/\/lions-pharmacy.com\/de\/produkt\/fluorecare-antigen-test-4in1-sars-cov-2-influenza-a-b-rsv#breadcrumb"},"inLanguage":"de","potentialAction":[{"@type":"ReadAction","target":["https:\/\/lions-pharmacy.com\/de\/produkt\/fluorecare-antigen-test-4in1-sars-cov-2-influenza-a-b-rsv"]}]},{"@type":"ImageObject","inLanguage":"de","@id":"https:\/\/lions-pharmacy.com\/de\/produkt\/fluorecare-antigen-test-4in1-sars-cov-2-influenza-a-b-rsv#primaryimage","url":"https:\/\/lions-pharmacy.com\/wp-content\/uploads\/2022\/12\/fluorecare-rapid-test-antigene-SARS-CoV-2-Influenza-A-B-RSV-virus-Antigen-Kombi-Test-Lion-Pharmacy-Loewen-Apptheke.jpg","contentUrl":"https:\/\/lions-pharmacy.com\/wp-content\/uploads\/2022\/12\/fluorecare-rapid-test-antigene-SARS-CoV-2-Influenza-A-B-RSV-virus-Antigen-Kombi-Test-Lion-Pharmacy-Loewen-Apptheke.jpg","width":600,"height":600},{"@type":"BreadcrumbList","@id":"https:\/\/lions-pharmacy.com\/de\/produkt\/fluorecare-antigen-test-4in1-sars-cov-2-influenza-a-b-rsv#breadcrumb","itemListElement":[{"@type":"ListItem","position":1,"name":"Home","item":"https:\/\/lions-pharmacy.com\/de\/homepage-lion-pharmacy"},{"@type":"ListItem","position":2,"name":"Shop","item":"https:\/\/lions-pharmacy.com\/de\/shop-2"},{"@type":"ListItem","position":3,"name":"Fluorecare Schnelltest 4in1 SARS-Cov-2, Influenza A\/B, RSV"}]},{"@type":"WebSite","@id":"https:\/\/lions-pharmacy.com\/de#website","url":"https:\/\/lions-pharmacy.com\/de","name":"Lions Pharmacy","description":"Ihr Spezialist f\u00fcr Naturheilkunde aus Baden-Baden, Germany","publisher":{"@id":"https:\/\/lions-pharmacy.com\/de#organization"},"alternateName":"Lion Pharmacy","potentialAction":[{"@type":"SearchAction","target":{"@type":"EntryPoint","urlTemplate":"https:\/\/lions-pharmacy.com\/de?s={search_term_string}"},"query-input":{"@type":"PropertyValueSpecification","valueRequired":true,"valueName":"search_term_string"}}],"inLanguage":"de"},{"@type":"Organization","@id":"https:\/\/lions-pharmacy.com\/de#organization","name":"Lions Pharmacy","alternateName":"Lions Pharmacy24","url":"https:\/\/lions-pharmacy.com\/de","logo":{"@type":"ImageObject","inLanguage":"de","@id":"https:\/\/lions-pharmacy.com\/de#\/schema\/logo\/image\/","url":"https:\/\/lions-pharmacy.com\/wp-content\/uploads\/2022\/12\/Logo-Lion-Pharmacy-c-o-Loewen-Apotheke-smal.jpg","contentUrl":"https:\/\/lions-pharmacy.com\/wp-content\/uploads\/2022\/12\/Logo-Lion-Pharmacy-c-o-Loewen-Apotheke-smal.jpg","width":298,"height":99,"caption":"Lions Pharmacy"},"image":{"@id":"https:\/\/lions-pharmacy.com\/de#\/schema\/logo\/image\/"}}]}},"_links":{"self":[{"href":"https:\/\/lions-pharmacy.com\/de\/wp-json\/wp\/v2\/product\/2827","targetHints":{"allow":["GET"]}}],"collection":[{"href":"https:\/\/lions-pharmacy.com\/de\/wp-json\/wp\/v2\/product"}],"about":[{"href":"https:\/\/lions-pharmacy.com\/de\/wp-json\/wp\/v2\/types\/product"}],"replies":[{"embeddable":true,"href":"https:\/\/lions-pharmacy.com\/de\/wp-json\/wp\/v2\/comments?post=2827"}],"wp:featuredmedia":[{"embeddable":true,"href":"https:\/\/lions-pharmacy.com\/de\/wp-json\/wp\/v2\/media\/2828"}],"wp:attachment":[{"href":"https:\/\/lions-pharmacy.com\/de\/wp-json\/wp\/v2\/media?parent=2827"}],"wp:term":[{"taxonomy":"product_brand","embeddable":true,"href":"https:\/\/lions-pharmacy.com\/de\/wp-json\/wp\/v2\/product_brand?post=2827"},{"taxonomy":"product_cat","embeddable":true,"href":"https:\/\/lions-pharmacy.com\/de\/wp-json\/wp\/v2\/product_cat?post=2827"},{"taxonomy":"product_tag","embeddable":true,"href":"https:\/\/lions-pharmacy.com\/de\/wp-json\/wp\/v2\/product_tag?post=2827"}],"curies":[{"name":"wp","href":"https:\/\/api.w.org\/{rel}","templated":true}]}}