{"id":2807,"date":"2023-01-15T19:43:33","date_gmt":"2023-01-15T18:43:33","guid":{"rendered":"https:\/\/lions-pharmacy.com\/product\/allegra-allergietabletten-20mg-50-stk"},"modified":"2023-01-15T19:43:33","modified_gmt":"2023-01-15T18:43:33","slug":"allegra-allergietabletten-20mg-50-pcs","status":"publish","type":"product","link":"https:\/\/lions-pharmacy.com\/de\/produkt\/allegra-allergietabletten-20mg-50-pcs","title":{"rendered":"Allegra Allergietabletten 20mg 50 Stk."},"content":{"rendered":"<h2>Allegra Allergietabletten 20mg<\/h2>\n<p>Allegra Allergietabletten 20mg &#8211; zur Linderung der Symptome, die bei Heuschnupfen auftreten (sog. &#8220;saisonale allergische Rhinitis&#8221;). Anwendung bei Erwachsenen und Jugendlichen ab 12 Jahren. Zu diesen Symptomen geh\u00f6ren Niesen, eine juckende, laufende oder verstopfte Nase sowie juckende, ger\u00f6tete und tr\u00e4nende Augen.<\/p>\n<p>Der Wirkstoff hilft bei Allergien und lindert den Juckreiz. Es unterdr\u00fcckt die Wirkung der k\u00f6rpereigenen Substanz Histaminni, indem es sie von ihren Bindungsstellen verdr\u00e4ngt. Als Gewebshormon und Botenstoff spielt Histamin eine wichtige Rolle bei der Entstehung von Entz\u00fcndungen und allergischen Reaktionen. Die Blockade der Bindungsstellen unterbricht den Verlauf der allergischen Reaktion.<\/p>\n<p>Anwendungsgebiete: Allergische Erk\u00e4ltungen mit gleichzeitigem Auftreten einer Bindehautentz\u00fcndung, z.B. Heuschnupfen, Hausstauballergie. Nesselsucht<\/p>\n<p>Allegra Allergietabletten 20mg &#8211; Wirkstoffe: Bilastin<\/p>\n<p>Bilastin (Bitosen\u00ae) ist ein weiteres nicht-sedierendes, lang wirkendes Antihistaminikum mit selektiver antagonistischer Affinit\u00e4t zum peripheren H1-Rezeptor, das f\u00fcr die symptomatische Behandlung von allergischer Rhinokonjunktivitis (saisonal und mehrj\u00e4hrig) und Urtikaria indiziert ist.<\/p>\n<p>Packungungsbeilage und Hinweise: EN | FR | ES | <a href=\"https:\/\/lions-pharmacy.com\/wp-content\/uploads\/2023\/01\/Produktinformation_18113489.pdf\">DE<\/a> (PDF reader)<\/p>\n<p>Alternative Produktbezeichnung: Allegra Allergietabletten 20mg<\/p>\n<p>Weitere Produkte f\u00fcr die Anwendung: <a href=\"https:\/\/lions-pharmacy.com\/produkt-schlagwort\/asthma-allergies\">Asthma &amp; Allergien<\/a><\/p>\n<p>Erfahren Sie mehr \u00fcber manufactorer und dieses Produkt: <a href=\"https:\/\/www.apotheken-umschau.de\/medikamente\/beipackzettel\/allegra-allergietabletten-20-mg-tabletten-18113489.html\" target=\"_blank\" rel=\"noopener\">Allegra<\/a> Produktinfo (Link zu externer Website)<\/p>\n<p>Zu Risiken und Nebenwirkungen lesen Sie die Packungsbeilage und fragen Sie Ihren Arzt oder Apotheker.<\/p>\n","protected":false},"excerpt":{"rendered":"<h2>Allegra Allergietabletten 20mg<\/h2>\n<p>Zur Linderung der mit Heuschnupfen verbundenen Symptome (sog. &#8220;saisonale allergische Rhinitis&#8221;).<\/p>\n<p>&nbsp;<\/p>\n<p>PZN: 18113578 (Pharmazentralnummer)<\/p>\n<p>Darreichungsform: Tabletten<\/p>\n<p>Verordnungsart: Rezeptfrei<\/p>\n<p>Marke: Allegra<\/p>\n<p>Hersteller: Sanofi-Aventis GmbH, A. Nattermann &amp; Cie GmbH, Frankfurt am Main<\/p>\n<p>Packungsgr\u00f6\u00dfe: 50 Stk.<\/p>\n<p><span style=\"color: #ff0000;\">Neue deutsche Version ab sofort verf\u00fcgbar. Begrenzte Verf\u00fcgbarkeit.<\/span><\/p>\n","protected":false},"featured_media":4757,"comment_status":"closed","ping_status":"closed","template":"","meta":[],"product_brand":[],"product_cat":[367,368],"product_tag":[391,383,379],"class_list":{"0":"post-2807","1":"product","2":"type-product","3":"status-publish","4":"has-post-thumbnail","6":"product_cat-sale-de","7":"product_cat-shop-de","8":"product_tag-asthma-allergien","9":"product_tag-heuschnupfen","10":"product_tag-monatlicher-sale-de","11":"ts_product_brand-alle","13":"first","14":"instock","15":"sale","16":"taxable","17":"shipping-taxable","18":"purchasable","19":"product-type-simple"},"yoast_head":"<!-- This site is optimized with the Yoast SEO plugin v26.5 - https:\/\/yoast.com\/wordpress\/plugins\/seo\/ -->\n<title>Allegra Allergietabletten 20mg 50 Stk. &#187; L\u00f6wen Apotheke<\/title>\n<meta name=\"description\" content=\"L\u00f6wen-Apotheke | Deutsche Online-Apotheke | Schneller internationaler Versand | Bequem und sicher online einkaufen | Allegra Allergietabletten 20mg 50 Stk.\" \/>\n<meta name=\"robots\" content=\"index, follow, max-snippet:-1, max-image-preview:large, max-video-preview:-1\" \/>\n<link rel=\"canonical\" href=\"https:\/\/lions-pharmacy.com\/de\/produkt\/allegra-allergietabletten-20mg-50-pcs\" \/>\n<meta property=\"og:locale\" content=\"de_DE\" \/>\n<meta property=\"og:type\" content=\"article\" \/>\n<meta property=\"og:title\" content=\"Allegra Allergietabletten 20mg 50 Stk. &#187; L\u00f6wen Apotheke\" \/>\n<meta property=\"og:description\" content=\"L\u00f6wen-Apotheke | Deutsche Online-Apotheke | Schneller internationaler Versand | Bequem und sicher online einkaufen | Allegra Allergietabletten 20mg 50 Stk.\" \/>\n<meta property=\"og:url\" content=\"https:\/\/lions-pharmacy.com\/de\/produkt\/allegra-allergietabletten-20mg-50-pcs\" \/>\n<meta property=\"og:site_name\" content=\"L\u00f6wen Apotheke\" \/>\n<meta property=\"og:image\" content=\"https:\/\/lions-pharmacy.com\/wp-content\/uploads\/2023\/01\/allergra-allergy-tabs-6-pc-loewen_apotheke-flu-lions-pharmacy.jpg\" \/>\n\t<meta property=\"og:image:width\" content=\"600\" \/>\n\t<meta property=\"og:image:height\" content=\"600\" \/>\n\t<meta property=\"og:image:type\" content=\"image\/jpeg\" \/>\n<meta name=\"twitter:card\" content=\"summary_large_image\" \/>\n<meta name=\"twitter:label1\" content=\"Gesch\u00e4tzte Lesezeit\" \/>\n\t<meta name=\"twitter:data1\" content=\"1\u00a0Minute\" \/>\n<script type=\"application\/ld+json\" class=\"yoast-schema-graph\">{\"@context\":\"https:\/\/schema.org\",\"@graph\":[{\"@type\":\"WebPage\",\"@id\":\"https:\/\/lions-pharmacy.com\/de\/produkt\/allegra-allergietabletten-20mg-50-pcs\",\"url\":\"https:\/\/lions-pharmacy.com\/de\/produkt\/allegra-allergietabletten-20mg-50-pcs\",\"name\":\"Allegra Allergietabletten 20mg 50 Stk. &#187; L\u00f6wen Apotheke\",\"isPartOf\":{\"@id\":\"https:\/\/lions-pharmacy.com\/de#website\"},\"primaryImageOfPage\":{\"@id\":\"https:\/\/lions-pharmacy.com\/de\/produkt\/allegra-allergietabletten-20mg-50-pcs#primaryimage\"},\"image\":{\"@id\":\"https:\/\/lions-pharmacy.com\/de\/produkt\/allegra-allergietabletten-20mg-50-pcs#primaryimage\"},\"thumbnailUrl\":\"https:\/\/lions-pharmacy.com\/wp-content\/uploads\/2023\/01\/allergra-allergy-tabs-lions-pharmacy.webp\",\"datePublished\":\"2023-01-15T18:43:33+00:00\",\"description\":\"L\u00f6wen-Apotheke | Deutsche Online-Apotheke | Schneller internationaler Versand | Bequem und sicher online einkaufen | Allegra Allergietabletten 20mg 50 Stk.\",\"breadcrumb\":{\"@id\":\"https:\/\/lions-pharmacy.com\/de\/produkt\/allegra-allergietabletten-20mg-50-pcs#breadcrumb\"},\"inLanguage\":\"de\",\"potentialAction\":[{\"@type\":\"ReadAction\",\"target\":[\"https:\/\/lions-pharmacy.com\/de\/produkt\/allegra-allergietabletten-20mg-50-pcs\"]}]},{\"@type\":\"ImageObject\",\"inLanguage\":\"de\",\"@id\":\"https:\/\/lions-pharmacy.com\/de\/produkt\/allegra-allergietabletten-20mg-50-pcs#primaryimage\",\"url\":\"https:\/\/lions-pharmacy.com\/wp-content\/uploads\/2023\/01\/allergra-allergy-tabs-lions-pharmacy.webp\",\"contentUrl\":\"https:\/\/lions-pharmacy.com\/wp-content\/uploads\/2023\/01\/allergra-allergy-tabs-lions-pharmacy.webp\",\"width\":600,\"height\":600,\"caption\":\"allegra allergy tabs lions pharmacy\"},{\"@type\":\"BreadcrumbList\",\"@id\":\"https:\/\/lions-pharmacy.com\/de\/produkt\/allegra-allergietabletten-20mg-50-pcs#breadcrumb\",\"itemListElement\":[{\"@type\":\"ListItem\",\"position\":1,\"name\":\"Home\",\"item\":\"https:\/\/lions-pharmacy.com\/de\/homepage-lion-pharmacy\"},{\"@type\":\"ListItem\",\"position\":2,\"name\":\"Shop\",\"item\":\"https:\/\/lions-pharmacy.com\/de\/shop-2\"},{\"@type\":\"ListItem\",\"position\":3,\"name\":\"Allegra Allergietabletten 20mg 50 Stk.\"}]},{\"@type\":\"WebSite\",\"@id\":\"https:\/\/lions-pharmacy.com\/de#website\",\"url\":\"https:\/\/lions-pharmacy.com\/de\",\"name\":\"Lions Pharmacy\",\"description\":\"Ihr Spezialist f\u00fcr Naturheilkunde aus Baden-Baden, Germany\",\"publisher\":{\"@id\":\"https:\/\/lions-pharmacy.com\/de#organization\"},\"alternateName\":\"Lion Pharmacy\",\"potentialAction\":[{\"@type\":\"SearchAction\",\"target\":{\"@type\":\"EntryPoint\",\"urlTemplate\":\"https:\/\/lions-pharmacy.com\/de?s={search_term_string}\"},\"query-input\":{\"@type\":\"PropertyValueSpecification\",\"valueRequired\":true,\"valueName\":\"search_term_string\"}}],\"inLanguage\":\"de\"},{\"@type\":\"Organization\",\"@id\":\"https:\/\/lions-pharmacy.com\/de#organization\",\"name\":\"Lions Pharmacy\",\"alternateName\":\"Lions Pharmacy24\",\"url\":\"https:\/\/lions-pharmacy.com\/de\",\"logo\":{\"@type\":\"ImageObject\",\"inLanguage\":\"de\",\"@id\":\"https:\/\/lions-pharmacy.com\/de#\/schema\/logo\/image\/\",\"url\":\"https:\/\/lions-pharmacy.com\/wp-content\/uploads\/2022\/12\/Logo-Lion-Pharmacy-c-o-Loewen-Apotheke-smal.jpg\",\"contentUrl\":\"https:\/\/lions-pharmacy.com\/wp-content\/uploads\/2022\/12\/Logo-Lion-Pharmacy-c-o-Loewen-Apotheke-smal.jpg\",\"width\":298,\"height\":99,\"caption\":\"Lions Pharmacy\"},\"image\":{\"@id\":\"https:\/\/lions-pharmacy.com\/de#\/schema\/logo\/image\/\"}}]}<\/script>\n<!-- \/ Yoast SEO plugin. -->","yoast_head_json":{"title":"Allegra Allergietabletten 20mg 50 Stk. &#187; L\u00f6wen Apotheke","description":"L\u00f6wen-Apotheke | Deutsche Online-Apotheke | Schneller internationaler Versand | Bequem und sicher online einkaufen | Allegra Allergietabletten 20mg 50 Stk.","robots":{"index":"index","follow":"follow","max-snippet":"max-snippet:-1","max-image-preview":"max-image-preview:large","max-video-preview":"max-video-preview:-1"},"canonical":"https:\/\/lions-pharmacy.com\/de\/produkt\/allegra-allergietabletten-20mg-50-pcs","og_locale":"de_DE","og_type":"article","og_title":"Allegra Allergietabletten 20mg 50 Stk. &#187; L\u00f6wen Apotheke","og_description":"L\u00f6wen-Apotheke | Deutsche Online-Apotheke | Schneller internationaler Versand | Bequem und sicher online einkaufen | Allegra Allergietabletten 20mg 50 Stk.","og_url":"https:\/\/lions-pharmacy.com\/de\/produkt\/allegra-allergietabletten-20mg-50-pcs","og_site_name":"L\u00f6wen Apotheke","og_image":[{"width":600,"height":600,"url":"https:\/\/lions-pharmacy.com\/wp-content\/uploads\/2023\/01\/allergra-allergy-tabs-6-pc-loewen_apotheke-flu-lions-pharmacy.jpg","type":"image\/jpeg"}],"twitter_card":"summary_large_image","twitter_misc":{"Gesch\u00e4tzte Lesezeit":"1\u00a0Minute"},"schema":{"@context":"https:\/\/schema.org","@graph":[{"@type":"WebPage","@id":"https:\/\/lions-pharmacy.com\/de\/produkt\/allegra-allergietabletten-20mg-50-pcs","url":"https:\/\/lions-pharmacy.com\/de\/produkt\/allegra-allergietabletten-20mg-50-pcs","name":"Allegra Allergietabletten 20mg 50 Stk. &#187; L\u00f6wen Apotheke","isPartOf":{"@id":"https:\/\/lions-pharmacy.com\/de#website"},"primaryImageOfPage":{"@id":"https:\/\/lions-pharmacy.com\/de\/produkt\/allegra-allergietabletten-20mg-50-pcs#primaryimage"},"image":{"@id":"https:\/\/lions-pharmacy.com\/de\/produkt\/allegra-allergietabletten-20mg-50-pcs#primaryimage"},"thumbnailUrl":"https:\/\/lions-pharmacy.com\/wp-content\/uploads\/2023\/01\/allergra-allergy-tabs-lions-pharmacy.webp","datePublished":"2023-01-15T18:43:33+00:00","description":"L\u00f6wen-Apotheke | Deutsche Online-Apotheke | Schneller internationaler Versand | Bequem und sicher online einkaufen | Allegra Allergietabletten 20mg 50 Stk.","breadcrumb":{"@id":"https:\/\/lions-pharmacy.com\/de\/produkt\/allegra-allergietabletten-20mg-50-pcs#breadcrumb"},"inLanguage":"de","potentialAction":[{"@type":"ReadAction","target":["https:\/\/lions-pharmacy.com\/de\/produkt\/allegra-allergietabletten-20mg-50-pcs"]}]},{"@type":"ImageObject","inLanguage":"de","@id":"https:\/\/lions-pharmacy.com\/de\/produkt\/allegra-allergietabletten-20mg-50-pcs#primaryimage","url":"https:\/\/lions-pharmacy.com\/wp-content\/uploads\/2023\/01\/allergra-allergy-tabs-lions-pharmacy.webp","contentUrl":"https:\/\/lions-pharmacy.com\/wp-content\/uploads\/2023\/01\/allergra-allergy-tabs-lions-pharmacy.webp","width":600,"height":600,"caption":"allegra allergy tabs lions pharmacy"},{"@type":"BreadcrumbList","@id":"https:\/\/lions-pharmacy.com\/de\/produkt\/allegra-allergietabletten-20mg-50-pcs#breadcrumb","itemListElement":[{"@type":"ListItem","position":1,"name":"Home","item":"https:\/\/lions-pharmacy.com\/de\/homepage-lion-pharmacy"},{"@type":"ListItem","position":2,"name":"Shop","item":"https:\/\/lions-pharmacy.com\/de\/shop-2"},{"@type":"ListItem","position":3,"name":"Allegra Allergietabletten 20mg 50 Stk."}]},{"@type":"WebSite","@id":"https:\/\/lions-pharmacy.com\/de#website","url":"https:\/\/lions-pharmacy.com\/de","name":"Lions Pharmacy","description":"Ihr Spezialist f\u00fcr Naturheilkunde aus Baden-Baden, Germany","publisher":{"@id":"https:\/\/lions-pharmacy.com\/de#organization"},"alternateName":"Lion Pharmacy","potentialAction":[{"@type":"SearchAction","target":{"@type":"EntryPoint","urlTemplate":"https:\/\/lions-pharmacy.com\/de?s={search_term_string}"},"query-input":{"@type":"PropertyValueSpecification","valueRequired":true,"valueName":"search_term_string"}}],"inLanguage":"de"},{"@type":"Organization","@id":"https:\/\/lions-pharmacy.com\/de#organization","name":"Lions Pharmacy","alternateName":"Lions Pharmacy24","url":"https:\/\/lions-pharmacy.com\/de","logo":{"@type":"ImageObject","inLanguage":"de","@id":"https:\/\/lions-pharmacy.com\/de#\/schema\/logo\/image\/","url":"https:\/\/lions-pharmacy.com\/wp-content\/uploads\/2022\/12\/Logo-Lion-Pharmacy-c-o-Loewen-Apotheke-smal.jpg","contentUrl":"https:\/\/lions-pharmacy.com\/wp-content\/uploads\/2022\/12\/Logo-Lion-Pharmacy-c-o-Loewen-Apotheke-smal.jpg","width":298,"height":99,"caption":"Lions Pharmacy"},"image":{"@id":"https:\/\/lions-pharmacy.com\/de#\/schema\/logo\/image\/"}}]}},"_links":{"self":[{"href":"https:\/\/lions-pharmacy.com\/de\/wp-json\/wp\/v2\/product\/2807","targetHints":{"allow":["GET"]}}],"collection":[{"href":"https:\/\/lions-pharmacy.com\/de\/wp-json\/wp\/v2\/product"}],"about":[{"href":"https:\/\/lions-pharmacy.com\/de\/wp-json\/wp\/v2\/types\/product"}],"replies":[{"embeddable":true,"href":"https:\/\/lions-pharmacy.com\/de\/wp-json\/wp\/v2\/comments?post=2807"}],"wp:featuredmedia":[{"embeddable":true,"href":"https:\/\/lions-pharmacy.com\/de\/wp-json\/wp\/v2\/media\/4757"}],"wp:attachment":[{"href":"https:\/\/lions-pharmacy.com\/de\/wp-json\/wp\/v2\/media?parent=2807"}],"wp:term":[{"taxonomy":"product_brand","embeddable":true,"href":"https:\/\/lions-pharmacy.com\/de\/wp-json\/wp\/v2\/product_brand?post=2807"},{"taxonomy":"product_cat","embeddable":true,"href":"https:\/\/lions-pharmacy.com\/de\/wp-json\/wp\/v2\/product_cat?post=2807"},{"taxonomy":"product_tag","embeddable":true,"href":"https:\/\/lions-pharmacy.com\/de\/wp-json\/wp\/v2\/product_tag?post=2807"}],"curies":[{"name":"wp","href":"https:\/\/api.w.org\/{rel}","templated":true}]}}