{"id":2795,"date":"2023-11-14T10:33:32","date_gmt":"2023-11-14T09:33:32","guid":{"rendered":"https:\/\/lions-pharmacy.com\/product\/echinacea-compositum-sn-ampullen-100-stk"},"modified":"2025-01-24T20:21:21","modified_gmt":"2025-01-24T19:21:21","slug":"echinacea-compositum-sn-ampullen-100-pcs-01675556","status":"publish","type":"product","link":"https:\/\/lions-pharmacy.com\/de\/produkt\/echinacea-compositum-sn-ampullen-100-pcs-01675556","title":{"rendered":"Echinacea compositum SN Ampullen 100 Stk."},"content":{"rendered":"<h3>Echinacea compositum SN Ampullen 100 Stk.<\/h3>\n<p>Echinacea compositum SN Ampullen &#8211; Registriertes hom\u00f6opathisches Arzneimittel, daher ohne therapeutische Indikation. Bei w\u00e4hrend der Anwendung fortdauernden Krankheitssymptomen ist medizinischer Rat einzuholen.<\/p>\n<p>Als Teil unseres patientenzentrierten therapeutischen Ansatzes stellen Heel Arzneimittel die F\u00e4higkeit des K\u00f6rpers zur Selbstregulierung in den Mittelpunkt. Sie unterst\u00fctzen die Aktivierung k\u00f6rpereigener Mechanismen, um die Gesundung zu f\u00f6rdern, anstatt nur die Symptome der Krankheit zu unterdr\u00fccken. Heel Medikamente auf der Basis nat\u00fcrlicher Wirkstoffe stimulieren und st\u00e4rken diesen Prozess, und Patienten profitieren vom sicheren und nachhaltigen Therapieansatz.<\/p>\n<p>Andere Produkte f\u00fcr die Anwendung: Hom\u00f6opathie | <a href=\"https:\/\/lions-pharmacy.com\/product-tag\/vitamins-supplements\">Vitamine &amp; Nahrungserg\u00e4nzungsmittel Produkte<\/a><br \/>\nErfahren Sie mehr \u00fcber manufactorer und dieses Produkt Echinacea compositum SN oder besuchen Sie die manufactorer-Seite: <a href=\"https:\/\/www.heel.de\/de\/produktsuche.html\" target=\"_blank\" rel=\"noopener\">Biologische <\/a><a href=\"https:\/\/www.heel.de\/de\/produktsuche.html\">Heilmittel<\/a> <a href=\"https:\/\/www.heel.de\/de\/produktsuche.html\" target=\"_blank\" rel=\"noopener\">Heel GmbH<\/a><\/p>\n<p>Informationen auf dieser Website werden ausschlie\u00dflich f\u00fcr informative Zwecke zur Verf\u00fcgung gestellt. Sie ersetzen keinesfalls die Untersuchung und Behandlung durch einen Arzt. Bitte beachten Sie, dass hierdurch weder Diagnosen gestellt noch Therapien eingeleitet werden k\u00f6nnen.<\/p>\n<p>Zu Risiken und Nebenwirkungen lesen Sie die Packungsbeilage und fragen Sie Ihren Arzt oder Apotheker.<\/p>\n","protected":false},"excerpt":{"rendered":"<h2>Echinacea compositum SN Ampullen 100 Stk.<\/h2>\n<p>&nbsp;<\/p>\n<p>PZN: 01675556 (Pharmazentralnummer)<\/p>\n<p>Darreichungsform: Ampullen<\/p>\n<p>Verordnungsart: Rezeptfrei<\/p>\n<p>Marke: &#8211;<\/p>\n<p>Hersteller: Biologische Heilmittel Heel GmbH<\/p>\n<p>Packungsgr\u00f6\u00dfe: 100 Stk.<\/p>\n","protected":false},"featured_media":2796,"comment_status":"closed","ping_status":"closed","template":"","meta":[],"product_brand":[],"product_cat":[364,368],"product_tag":[381],"class_list":{"0":"post-2795","1":"product","2":"type-product","3":"status-publish","4":"has-post-thumbnail","6":"product_cat-heel-de","7":"product_cat-shop-de","8":"product_tag-homoopathie","9":"product_shipping_class-standard-de","10":"ts_product_brand-alle","11":"ts_product_brand-heel-de","13":"first","14":"instock","15":"sale","16":"taxable","17":"shipping-taxable","18":"purchasable","19":"product-type-simple"},"yoast_head":"<!-- This site is optimized with the Yoast SEO plugin v26.5 - https:\/\/yoast.com\/wordpress\/plugins\/seo\/ -->\n<title>Echinacea compositum SN Ampullen 100 Stk. &#187; L\u00f6wen Apotheke &#187;<\/title>\n<meta name=\"description\" content=\"Registrierte deutsche Online-Apotheke. Schneller internationaler Versand und sicheres online einkaufen. Heel Medikamente: Echinacea compositum SN Ampullen 100 Stk.\" \/>\n<meta name=\"robots\" content=\"index, follow, max-snippet:-1, max-image-preview:large, max-video-preview:-1\" \/>\n<link rel=\"canonical\" href=\"https:\/\/lions-pharmacy.com\/de\/produkt\/echinacea-compositum-sn-ampullen-100-pcs-01675556\" \/>\n<meta property=\"og:locale\" content=\"de_DE\" \/>\n<meta property=\"og:type\" content=\"article\" \/>\n<meta property=\"og:title\" content=\"Echinacea compositum SN Ampullen 100 Stk. &#187; L\u00f6wen Apotheke &#187;\" \/>\n<meta property=\"og:description\" content=\"Registrierte deutsche Online-Apotheke. Schneller internationaler Versand und sicheres online einkaufen. Heel Medikamente: Echinacea compositum SN Ampullen 100 Stk.\" \/>\n<meta property=\"og:url\" content=\"https:\/\/lions-pharmacy.com\/de\/produkt\/echinacea-compositum-sn-ampullen-100-pcs-01675556\" \/>\n<meta property=\"og:site_name\" content=\"L\u00f6wen Apotheke\" \/>\n<meta property=\"article:modified_time\" content=\"2025-01-24T19:21:21+00:00\" \/>\n<meta property=\"og:image\" content=\"https:\/\/lions-pharmacy.com\/wp-content\/uploads\/2023\/09\/Echinacea-compositum-SN-Ampullen-100-St.-Heel-Lowen-Apotheke-1.webp\" \/>\n\t<meta property=\"og:image:width\" content=\"600\" \/>\n\t<meta property=\"og:image:height\" content=\"600\" \/>\n\t<meta property=\"og:image:type\" content=\"image\/webp\" \/>\n<meta name=\"twitter:card\" content=\"summary_large_image\" \/>\n<meta name=\"twitter:label1\" content=\"Gesch\u00e4tzte Lesezeit\" \/>\n\t<meta name=\"twitter:data1\" content=\"1\u00a0Minute\" \/>\n<script type=\"application\/ld+json\" class=\"yoast-schema-graph\">{\"@context\":\"https:\/\/schema.org\",\"@graph\":[{\"@type\":\"WebPage\",\"@id\":\"https:\/\/lions-pharmacy.com\/de\/produkt\/echinacea-compositum-sn-ampullen-100-pcs-01675556\",\"url\":\"https:\/\/lions-pharmacy.com\/de\/produkt\/echinacea-compositum-sn-ampullen-100-pcs-01675556\",\"name\":\"Echinacea compositum SN Ampullen 100 Stk. &#187; L\u00f6wen Apotheke &#187;\",\"isPartOf\":{\"@id\":\"https:\/\/lions-pharmacy.com\/de#website\"},\"primaryImageOfPage\":{\"@id\":\"https:\/\/lions-pharmacy.com\/de\/produkt\/echinacea-compositum-sn-ampullen-100-pcs-01675556#primaryimage\"},\"image\":{\"@id\":\"https:\/\/lions-pharmacy.com\/de\/produkt\/echinacea-compositum-sn-ampullen-100-pcs-01675556#primaryimage\"},\"thumbnailUrl\":\"https:\/\/lions-pharmacy.com\/wp-content\/uploads\/2023\/09\/Echinacea-compositum-SN-Ampullen-100-St.-Heel-Lowen-Apotheke-1.webp\",\"datePublished\":\"2023-11-14T09:33:32+00:00\",\"dateModified\":\"2025-01-24T19:21:21+00:00\",\"description\":\"Registrierte deutsche Online-Apotheke. Schneller internationaler Versand und sicheres online einkaufen. Heel Medikamente: Echinacea compositum SN Ampullen 100 Stk.\",\"breadcrumb\":{\"@id\":\"https:\/\/lions-pharmacy.com\/de\/produkt\/echinacea-compositum-sn-ampullen-100-pcs-01675556#breadcrumb\"},\"inLanguage\":\"de\",\"potentialAction\":[{\"@type\":\"ReadAction\",\"target\":[\"https:\/\/lions-pharmacy.com\/de\/produkt\/echinacea-compositum-sn-ampullen-100-pcs-01675556\"]}]},{\"@type\":\"ImageObject\",\"inLanguage\":\"de\",\"@id\":\"https:\/\/lions-pharmacy.com\/de\/produkt\/echinacea-compositum-sn-ampullen-100-pcs-01675556#primaryimage\",\"url\":\"https:\/\/lions-pharmacy.com\/wp-content\/uploads\/2023\/09\/Echinacea-compositum-SN-Ampullen-100-St.-Heel-Lowen-Apotheke-1.webp\",\"contentUrl\":\"https:\/\/lions-pharmacy.com\/wp-content\/uploads\/2023\/09\/Echinacea-compositum-SN-Ampullen-100-St.-Heel-Lowen-Apotheke-1.webp\",\"width\":600,\"height\":600,\"caption\":\"Echinacea compositum SN Ampullen 100 St. Heel L\u00f6wen Apotheke\"},{\"@type\":\"BreadcrumbList\",\"@id\":\"https:\/\/lions-pharmacy.com\/de\/produkt\/echinacea-compositum-sn-ampullen-100-pcs-01675556#breadcrumb\",\"itemListElement\":[{\"@type\":\"ListItem\",\"position\":1,\"name\":\"Home\",\"item\":\"https:\/\/lions-pharmacy.com\/de\/homepage-lion-pharmacy\"},{\"@type\":\"ListItem\",\"position\":2,\"name\":\"Shop\",\"item\":\"https:\/\/lions-pharmacy.com\/de\/shop-2\"},{\"@type\":\"ListItem\",\"position\":3,\"name\":\"Echinacea compositum SN Ampullen 100 Stk.\"}]},{\"@type\":\"WebSite\",\"@id\":\"https:\/\/lions-pharmacy.com\/de#website\",\"url\":\"https:\/\/lions-pharmacy.com\/de\",\"name\":\"Lions Pharmacy\",\"description\":\"Ihr Spezialist f\u00fcr Naturheilkunde aus Baden-Baden, Germany\",\"publisher\":{\"@id\":\"https:\/\/lions-pharmacy.com\/de#organization\"},\"alternateName\":\"Lion Pharmacy\",\"potentialAction\":[{\"@type\":\"SearchAction\",\"target\":{\"@type\":\"EntryPoint\",\"urlTemplate\":\"https:\/\/lions-pharmacy.com\/de?s={search_term_string}\"},\"query-input\":{\"@type\":\"PropertyValueSpecification\",\"valueRequired\":true,\"valueName\":\"search_term_string\"}}],\"inLanguage\":\"de\"},{\"@type\":\"Organization\",\"@id\":\"https:\/\/lions-pharmacy.com\/de#organization\",\"name\":\"Lions Pharmacy\",\"alternateName\":\"Lions Pharmacy24\",\"url\":\"https:\/\/lions-pharmacy.com\/de\",\"logo\":{\"@type\":\"ImageObject\",\"inLanguage\":\"de\",\"@id\":\"https:\/\/lions-pharmacy.com\/de#\/schema\/logo\/image\/\",\"url\":\"https:\/\/lions-pharmacy.com\/wp-content\/uploads\/2022\/12\/Logo-Lion-Pharmacy-c-o-Loewen-Apotheke-smal.jpg\",\"contentUrl\":\"https:\/\/lions-pharmacy.com\/wp-content\/uploads\/2022\/12\/Logo-Lion-Pharmacy-c-o-Loewen-Apotheke-smal.jpg\",\"width\":298,\"height\":99,\"caption\":\"Lions Pharmacy\"},\"image\":{\"@id\":\"https:\/\/lions-pharmacy.com\/de#\/schema\/logo\/image\/\"}}]}<\/script>\n<!-- \/ Yoast SEO plugin. -->","yoast_head_json":{"title":"Echinacea compositum SN Ampullen 100 Stk. &#187; L\u00f6wen Apotheke &#187;","description":"Registrierte deutsche Online-Apotheke. Schneller internationaler Versand und sicheres online einkaufen. Heel Medikamente: Echinacea compositum SN Ampullen 100 Stk.","robots":{"index":"index","follow":"follow","max-snippet":"max-snippet:-1","max-image-preview":"max-image-preview:large","max-video-preview":"max-video-preview:-1"},"canonical":"https:\/\/lions-pharmacy.com\/de\/produkt\/echinacea-compositum-sn-ampullen-100-pcs-01675556","og_locale":"de_DE","og_type":"article","og_title":"Echinacea compositum SN Ampullen 100 Stk. &#187; L\u00f6wen Apotheke &#187;","og_description":"Registrierte deutsche Online-Apotheke. Schneller internationaler Versand und sicheres online einkaufen. Heel Medikamente: Echinacea compositum SN Ampullen 100 Stk.","og_url":"https:\/\/lions-pharmacy.com\/de\/produkt\/echinacea-compositum-sn-ampullen-100-pcs-01675556","og_site_name":"L\u00f6wen Apotheke","article_modified_time":"2025-01-24T19:21:21+00:00","og_image":[{"width":600,"height":600,"url":"https:\/\/lions-pharmacy.com\/wp-content\/uploads\/2023\/09\/Echinacea-compositum-SN-Ampullen-100-St.-Heel-Lowen-Apotheke-1.webp","type":"image\/webp"}],"twitter_card":"summary_large_image","twitter_misc":{"Gesch\u00e4tzte Lesezeit":"1\u00a0Minute"},"schema":{"@context":"https:\/\/schema.org","@graph":[{"@type":"WebPage","@id":"https:\/\/lions-pharmacy.com\/de\/produkt\/echinacea-compositum-sn-ampullen-100-pcs-01675556","url":"https:\/\/lions-pharmacy.com\/de\/produkt\/echinacea-compositum-sn-ampullen-100-pcs-01675556","name":"Echinacea compositum SN Ampullen 100 Stk. &#187; L\u00f6wen Apotheke &#187;","isPartOf":{"@id":"https:\/\/lions-pharmacy.com\/de#website"},"primaryImageOfPage":{"@id":"https:\/\/lions-pharmacy.com\/de\/produkt\/echinacea-compositum-sn-ampullen-100-pcs-01675556#primaryimage"},"image":{"@id":"https:\/\/lions-pharmacy.com\/de\/produkt\/echinacea-compositum-sn-ampullen-100-pcs-01675556#primaryimage"},"thumbnailUrl":"https:\/\/lions-pharmacy.com\/wp-content\/uploads\/2023\/09\/Echinacea-compositum-SN-Ampullen-100-St.-Heel-Lowen-Apotheke-1.webp","datePublished":"2023-11-14T09:33:32+00:00","dateModified":"2025-01-24T19:21:21+00:00","description":"Registrierte deutsche Online-Apotheke. Schneller internationaler Versand und sicheres online einkaufen. Heel Medikamente: Echinacea compositum SN Ampullen 100 Stk.","breadcrumb":{"@id":"https:\/\/lions-pharmacy.com\/de\/produkt\/echinacea-compositum-sn-ampullen-100-pcs-01675556#breadcrumb"},"inLanguage":"de","potentialAction":[{"@type":"ReadAction","target":["https:\/\/lions-pharmacy.com\/de\/produkt\/echinacea-compositum-sn-ampullen-100-pcs-01675556"]}]},{"@type":"ImageObject","inLanguage":"de","@id":"https:\/\/lions-pharmacy.com\/de\/produkt\/echinacea-compositum-sn-ampullen-100-pcs-01675556#primaryimage","url":"https:\/\/lions-pharmacy.com\/wp-content\/uploads\/2023\/09\/Echinacea-compositum-SN-Ampullen-100-St.-Heel-Lowen-Apotheke-1.webp","contentUrl":"https:\/\/lions-pharmacy.com\/wp-content\/uploads\/2023\/09\/Echinacea-compositum-SN-Ampullen-100-St.-Heel-Lowen-Apotheke-1.webp","width":600,"height":600,"caption":"Echinacea compositum SN Ampullen 100 St. Heel L\u00f6wen Apotheke"},{"@type":"BreadcrumbList","@id":"https:\/\/lions-pharmacy.com\/de\/produkt\/echinacea-compositum-sn-ampullen-100-pcs-01675556#breadcrumb","itemListElement":[{"@type":"ListItem","position":1,"name":"Home","item":"https:\/\/lions-pharmacy.com\/de\/homepage-lion-pharmacy"},{"@type":"ListItem","position":2,"name":"Shop","item":"https:\/\/lions-pharmacy.com\/de\/shop-2"},{"@type":"ListItem","position":3,"name":"Echinacea compositum SN Ampullen 100 Stk."}]},{"@type":"WebSite","@id":"https:\/\/lions-pharmacy.com\/de#website","url":"https:\/\/lions-pharmacy.com\/de","name":"Lions Pharmacy","description":"Ihr Spezialist f\u00fcr Naturheilkunde aus Baden-Baden, Germany","publisher":{"@id":"https:\/\/lions-pharmacy.com\/de#organization"},"alternateName":"Lion Pharmacy","potentialAction":[{"@type":"SearchAction","target":{"@type":"EntryPoint","urlTemplate":"https:\/\/lions-pharmacy.com\/de?s={search_term_string}"},"query-input":{"@type":"PropertyValueSpecification","valueRequired":true,"valueName":"search_term_string"}}],"inLanguage":"de"},{"@type":"Organization","@id":"https:\/\/lions-pharmacy.com\/de#organization","name":"Lions Pharmacy","alternateName":"Lions Pharmacy24","url":"https:\/\/lions-pharmacy.com\/de","logo":{"@type":"ImageObject","inLanguage":"de","@id":"https:\/\/lions-pharmacy.com\/de#\/schema\/logo\/image\/","url":"https:\/\/lions-pharmacy.com\/wp-content\/uploads\/2022\/12\/Logo-Lion-Pharmacy-c-o-Loewen-Apotheke-smal.jpg","contentUrl":"https:\/\/lions-pharmacy.com\/wp-content\/uploads\/2022\/12\/Logo-Lion-Pharmacy-c-o-Loewen-Apotheke-smal.jpg","width":298,"height":99,"caption":"Lions Pharmacy"},"image":{"@id":"https:\/\/lions-pharmacy.com\/de#\/schema\/logo\/image\/"}}]}},"_links":{"self":[{"href":"https:\/\/lions-pharmacy.com\/de\/wp-json\/wp\/v2\/product\/2795","targetHints":{"allow":["GET"]}}],"collection":[{"href":"https:\/\/lions-pharmacy.com\/de\/wp-json\/wp\/v2\/product"}],"about":[{"href":"https:\/\/lions-pharmacy.com\/de\/wp-json\/wp\/v2\/types\/product"}],"replies":[{"embeddable":true,"href":"https:\/\/lions-pharmacy.com\/de\/wp-json\/wp\/v2\/comments?post=2795"}],"wp:featuredmedia":[{"embeddable":true,"href":"https:\/\/lions-pharmacy.com\/de\/wp-json\/wp\/v2\/media\/2796"}],"wp:attachment":[{"href":"https:\/\/lions-pharmacy.com\/de\/wp-json\/wp\/v2\/media?parent=2795"}],"wp:term":[{"taxonomy":"product_brand","embeddable":true,"href":"https:\/\/lions-pharmacy.com\/de\/wp-json\/wp\/v2\/product_brand?post=2795"},{"taxonomy":"product_cat","embeddable":true,"href":"https:\/\/lions-pharmacy.com\/de\/wp-json\/wp\/v2\/product_cat?post=2795"},{"taxonomy":"product_tag","embeddable":true,"href":"https:\/\/lions-pharmacy.com\/de\/wp-json\/wp\/v2\/product_tag?post=2795"}],"curies":[{"name":"wp","href":"https:\/\/api.w.org\/{rel}","templated":true}]}}