{"id":2779,"date":"2023-09-18T16:20:23","date_gmt":"2023-09-18T15:20:23","guid":{"rendered":"https:\/\/lions-pharmacy.com\/product\/zeel-comp-n-tabletten-250-stk"},"modified":"2025-01-24T20:33:24","modified_gmt":"2025-01-24T19:33:24","slug":"zeel-comp-n-tabletten-250-pcs-02464175","status":"publish","type":"product","link":"https:\/\/lions-pharmacy.com\/de\/produkt\/zeel-comp-n-tabletten-250-pcs-02464175","title":{"rendered":"Zeel comp N Tabletten 250 Stk."},"content":{"rendered":"<h3>Zeel comp N Tabletten<\/h3>\n<p>Zeel comp N Tabletten: Hom\u00f6opathisches Arzneimittel bei rheumatischen Gelenkbeschwerden. Hom\u00f6opathisches Arzneimittel bei Erkrankungen des Bewegungsapparates.<br \/>\nDie Anwendungsindikationen leiten sich aus den hom\u00f6opathischen Arzneimittelbildern ab. Dazu geh\u00f6ren: Rheumatische Gelenkbeschwerden.<\/p>\n<p>Als Teil unseres patientenzentrierten therapeutischen Ansatzes stellen Heel Arzneimittel die F\u00e4higkeit des K\u00f6rpers zur Selbstregulierung in den Mittelpunkt. Sie unterst\u00fctzen die Aktivierung k\u00f6rpereigener Mechanismen, um die Gesundung zu f\u00f6rdern, anstatt nur die Symptome der Krankheit zu unterdr\u00fccken. Heel Medikamente auf der Basis nat\u00fcrlicher Wirkstoffe stimulieren und st\u00e4rken diesen Prozess, und Patienten profitieren vom sicheren und nachhaltigen Therapieansatz.<\/p>\n<p>Andere Produkte f\u00fcr die Anwendung: Infektionen | <a href=\"https:\/\/lions-pharmacy.com\/product-tag\/vitamins-supplements\">Vitamine &amp; Nahrungserg\u00e4nzungsmittel<\/a><br \/>\nErfahren Sie mehr \u00fcber manufactorer und dieses <a href=\"https:\/\/www.heel.de\/de\/zeel-comp-n.html\" target=\"_blank\" rel=\"noopener\">Produkt Zeel comp N Tabletten<\/a> : oder besuchen Sie die Herstellerseite: <a href=\"https:\/\/www.heel.de\/de\/produktsuche.html\" target=\"_blank\" rel=\"noopener\">Biologische <\/a><a href=\"https:\/\/www.heel.de\/de\/produktsuche.html\">Heilmittel<\/a> <a href=\"https:\/\/www.heel.de\/de\/produktsuche.html\" target=\"_blank\" rel=\"noopener\">Heel GmbH<\/a><\/p>\n<p>Informationen auf dieser Website werden ausschlie\u00dflich f\u00fcr informative Zwecke zur Verf\u00fcgung gestellt. Sie ersetzen keinesfalls die Untersuchung und Behandlung durch einen Arzt. Bitte beachten Sie, dass hierdurch weder Diagnosen gestellt noch Therapien eingeleitet werden k\u00f6nnen.<\/p>\n<p>Zu Risiken und Nebenwirkungen lesen Sie die Packungsbeilage und fragen Sie Ihren Arzt oder Apotheker.<\/p>\n","protected":false},"excerpt":{"rendered":"<h2>Zeel comp N Tabletten 250 Stk.<\/h2>\n<p>Hom\u00f6opathisches Arzneimittel bei rheumatischen Gelenkbeschwerden.<\/p>\n<p>&nbsp;<\/p>\n<p>PZN: 02464175 (Pharma-Zentralnummer)<\/p>\n<p>Darreichungsform: Tabletten<\/p>\n<p>Verordnungsart: Rezeptfrei<\/p>\n<p>Marke: Zeel<\/p>\n<p>Hersteller: Biologische Heilmittel Heel GmbH<\/p>\n<p>Packungsgr\u00f6\u00dfe: 250 Stk.<\/p>\n","protected":false},"featured_media":2780,"comment_status":"closed","ping_status":"closed","template":"","meta":[],"product_brand":[],"product_cat":[364,368],"product_tag":[],"class_list":{"0":"post-2779","1":"product","2":"type-product","3":"status-publish","4":"has-post-thumbnail","6":"product_cat-heel-de","7":"product_cat-shop-de","8":"product_shipping_class-standard-de","9":"ts_product_brand-alle","10":"ts_product_brand-heel-de","12":"first","13":"instock","14":"sale","15":"taxable","16":"shipping-taxable","17":"purchasable","18":"product-type-simple"},"yoast_head":"<!-- This site is optimized with the Yoast SEO plugin v26.5 - https:\/\/yoast.com\/wordpress\/plugins\/seo\/ -->\n<title>Zeel comp N Tabletten 250 Stk. &#187; L\u00f6wen Apotheke &#187;<\/title>\n<meta name=\"description\" content=\"Registrierte deutsche Online-Apotheke. Schneller internationaler Versand und sicheres online einkaufen. Heel: Zeel comp N Tabletten 250 Stk. &gt; hier direkt bestellen\" \/>\n<meta name=\"robots\" content=\"index, follow, max-snippet:-1, max-image-preview:large, max-video-preview:-1\" \/>\n<link rel=\"canonical\" href=\"https:\/\/lions-pharmacy.com\/de\/produkt\/zeel-comp-n-tabletten-250-pcs-02464175\" \/>\n<meta property=\"og:locale\" content=\"de_DE\" \/>\n<meta property=\"og:type\" content=\"article\" \/>\n<meta property=\"og:title\" content=\"Zeel comp N Tabletten 250 Stk. &#187; L\u00f6wen Apotheke &#187;\" \/>\n<meta property=\"og:description\" content=\"Registrierte deutsche Online-Apotheke. Schneller internationaler Versand und sicheres online einkaufen. Heel: Zeel comp N Tabletten 250 Stk. &gt; hier direkt bestellen\" \/>\n<meta property=\"og:url\" content=\"https:\/\/lions-pharmacy.com\/de\/produkt\/zeel-comp-n-tabletten-250-pcs-02464175\" \/>\n<meta property=\"og:site_name\" content=\"L\u00f6wen Apotheke\" \/>\n<meta property=\"article:modified_time\" content=\"2025-01-24T19:33:24+00:00\" \/>\n<meta property=\"og:image\" content=\"https:\/\/lions-pharmacy.com\/wp-content\/uploads\/2023\/09\/Zeel-comp.-N-tablets-Heel-Lions-Pharmacy-loewen-apotheke24.webp\" \/>\n\t<meta property=\"og:image:width\" content=\"600\" \/>\n\t<meta property=\"og:image:height\" content=\"600\" \/>\n\t<meta property=\"og:image:type\" content=\"image\/webp\" \/>\n<meta name=\"twitter:card\" content=\"summary_large_image\" \/>\n<meta name=\"twitter:label1\" content=\"Gesch\u00e4tzte Lesezeit\" \/>\n\t<meta name=\"twitter:data1\" content=\"1\u00a0Minute\" \/>\n<script type=\"application\/ld+json\" class=\"yoast-schema-graph\">{\"@context\":\"https:\/\/schema.org\",\"@graph\":[{\"@type\":\"WebPage\",\"@id\":\"https:\/\/lions-pharmacy.com\/de\/produkt\/zeel-comp-n-tabletten-250-pcs-02464175\",\"url\":\"https:\/\/lions-pharmacy.com\/de\/produkt\/zeel-comp-n-tabletten-250-pcs-02464175\",\"name\":\"Zeel comp N Tabletten 250 Stk. &#187; L\u00f6wen Apotheke &#187;\",\"isPartOf\":{\"@id\":\"https:\/\/lions-pharmacy.com\/de#website\"},\"primaryImageOfPage\":{\"@id\":\"https:\/\/lions-pharmacy.com\/de\/produkt\/zeel-comp-n-tabletten-250-pcs-02464175#primaryimage\"},\"image\":{\"@id\":\"https:\/\/lions-pharmacy.com\/de\/produkt\/zeel-comp-n-tabletten-250-pcs-02464175#primaryimage\"},\"thumbnailUrl\":\"https:\/\/lions-pharmacy.com\/wp-content\/uploads\/2023\/09\/Zeel-comp.-N-tablets-Heel-Lions-Pharmacy-loewen-apotheke24.webp\",\"datePublished\":\"2023-09-18T15:20:23+00:00\",\"dateModified\":\"2025-01-24T19:33:24+00:00\",\"description\":\"Registrierte deutsche Online-Apotheke. Schneller internationaler Versand und sicheres online einkaufen. Heel: Zeel comp N Tabletten 250 Stk. > hier direkt bestellen\",\"breadcrumb\":{\"@id\":\"https:\/\/lions-pharmacy.com\/de\/produkt\/zeel-comp-n-tabletten-250-pcs-02464175#breadcrumb\"},\"inLanguage\":\"de\",\"potentialAction\":[{\"@type\":\"ReadAction\",\"target\":[\"https:\/\/lions-pharmacy.com\/de\/produkt\/zeel-comp-n-tabletten-250-pcs-02464175\"]}]},{\"@type\":\"ImageObject\",\"inLanguage\":\"de\",\"@id\":\"https:\/\/lions-pharmacy.com\/de\/produkt\/zeel-comp-n-tabletten-250-pcs-02464175#primaryimage\",\"url\":\"https:\/\/lions-pharmacy.com\/wp-content\/uploads\/2023\/09\/Zeel-comp.-N-tablets-Heel-Lions-Pharmacy-loewen-apotheke24.webp\",\"contentUrl\":\"https:\/\/lions-pharmacy.com\/wp-content\/uploads\/2023\/09\/Zeel-comp.-N-tablets-Heel-Lions-Pharmacy-loewen-apotheke24.webp\",\"width\":600,\"height\":600,\"caption\":\"Zeel comp. N Tabletten Ferse L\u00f6wen Apotheke loewen-apotheke24\"},{\"@type\":\"BreadcrumbList\",\"@id\":\"https:\/\/lions-pharmacy.com\/de\/produkt\/zeel-comp-n-tabletten-250-pcs-02464175#breadcrumb\",\"itemListElement\":[{\"@type\":\"ListItem\",\"position\":1,\"name\":\"Home\",\"item\":\"https:\/\/lions-pharmacy.com\/de\/homepage-lion-pharmacy\"},{\"@type\":\"ListItem\",\"position\":2,\"name\":\"Shop\",\"item\":\"https:\/\/lions-pharmacy.com\/de\/shop-2\"},{\"@type\":\"ListItem\",\"position\":3,\"name\":\"Zeel comp N Tabletten 250 Stk.\"}]},{\"@type\":\"WebSite\",\"@id\":\"https:\/\/lions-pharmacy.com\/de#website\",\"url\":\"https:\/\/lions-pharmacy.com\/de\",\"name\":\"Lions Pharmacy\",\"description\":\"Ihr Spezialist f\u00fcr Naturheilkunde aus Baden-Baden, Germany\",\"publisher\":{\"@id\":\"https:\/\/lions-pharmacy.com\/de#organization\"},\"alternateName\":\"Lion Pharmacy\",\"potentialAction\":[{\"@type\":\"SearchAction\",\"target\":{\"@type\":\"EntryPoint\",\"urlTemplate\":\"https:\/\/lions-pharmacy.com\/de?s={search_term_string}\"},\"query-input\":{\"@type\":\"PropertyValueSpecification\",\"valueRequired\":true,\"valueName\":\"search_term_string\"}}],\"inLanguage\":\"de\"},{\"@type\":\"Organization\",\"@id\":\"https:\/\/lions-pharmacy.com\/de#organization\",\"name\":\"Lions Pharmacy\",\"alternateName\":\"Lions Pharmacy24\",\"url\":\"https:\/\/lions-pharmacy.com\/de\",\"logo\":{\"@type\":\"ImageObject\",\"inLanguage\":\"de\",\"@id\":\"https:\/\/lions-pharmacy.com\/de#\/schema\/logo\/image\/\",\"url\":\"https:\/\/lions-pharmacy.com\/wp-content\/uploads\/2022\/12\/Logo-Lion-Pharmacy-c-o-Loewen-Apotheke-smal.jpg\",\"contentUrl\":\"https:\/\/lions-pharmacy.com\/wp-content\/uploads\/2022\/12\/Logo-Lion-Pharmacy-c-o-Loewen-Apotheke-smal.jpg\",\"width\":298,\"height\":99,\"caption\":\"Lions Pharmacy\"},\"image\":{\"@id\":\"https:\/\/lions-pharmacy.com\/de#\/schema\/logo\/image\/\"}}]}<\/script>\n<!-- \/ Yoast SEO plugin. -->","yoast_head_json":{"title":"Zeel comp N Tabletten 250 Stk. &#187; L\u00f6wen Apotheke &#187;","description":"Registrierte deutsche Online-Apotheke. Schneller internationaler Versand und sicheres online einkaufen. Heel: Zeel comp N Tabletten 250 Stk. > hier direkt bestellen","robots":{"index":"index","follow":"follow","max-snippet":"max-snippet:-1","max-image-preview":"max-image-preview:large","max-video-preview":"max-video-preview:-1"},"canonical":"https:\/\/lions-pharmacy.com\/de\/produkt\/zeel-comp-n-tabletten-250-pcs-02464175","og_locale":"de_DE","og_type":"article","og_title":"Zeel comp N Tabletten 250 Stk. &#187; L\u00f6wen Apotheke &#187;","og_description":"Registrierte deutsche Online-Apotheke. Schneller internationaler Versand und sicheres online einkaufen. Heel: Zeel comp N Tabletten 250 Stk. > hier direkt bestellen","og_url":"https:\/\/lions-pharmacy.com\/de\/produkt\/zeel-comp-n-tabletten-250-pcs-02464175","og_site_name":"L\u00f6wen Apotheke","article_modified_time":"2025-01-24T19:33:24+00:00","og_image":[{"width":600,"height":600,"url":"https:\/\/lions-pharmacy.com\/wp-content\/uploads\/2023\/09\/Zeel-comp.-N-tablets-Heel-Lions-Pharmacy-loewen-apotheke24.webp","type":"image\/webp"}],"twitter_card":"summary_large_image","twitter_misc":{"Gesch\u00e4tzte Lesezeit":"1\u00a0Minute"},"schema":{"@context":"https:\/\/schema.org","@graph":[{"@type":"WebPage","@id":"https:\/\/lions-pharmacy.com\/de\/produkt\/zeel-comp-n-tabletten-250-pcs-02464175","url":"https:\/\/lions-pharmacy.com\/de\/produkt\/zeel-comp-n-tabletten-250-pcs-02464175","name":"Zeel comp N Tabletten 250 Stk. &#187; L\u00f6wen Apotheke &#187;","isPartOf":{"@id":"https:\/\/lions-pharmacy.com\/de#website"},"primaryImageOfPage":{"@id":"https:\/\/lions-pharmacy.com\/de\/produkt\/zeel-comp-n-tabletten-250-pcs-02464175#primaryimage"},"image":{"@id":"https:\/\/lions-pharmacy.com\/de\/produkt\/zeel-comp-n-tabletten-250-pcs-02464175#primaryimage"},"thumbnailUrl":"https:\/\/lions-pharmacy.com\/wp-content\/uploads\/2023\/09\/Zeel-comp.-N-tablets-Heel-Lions-Pharmacy-loewen-apotheke24.webp","datePublished":"2023-09-18T15:20:23+00:00","dateModified":"2025-01-24T19:33:24+00:00","description":"Registrierte deutsche Online-Apotheke. Schneller internationaler Versand und sicheres online einkaufen. Heel: Zeel comp N Tabletten 250 Stk. > hier direkt bestellen","breadcrumb":{"@id":"https:\/\/lions-pharmacy.com\/de\/produkt\/zeel-comp-n-tabletten-250-pcs-02464175#breadcrumb"},"inLanguage":"de","potentialAction":[{"@type":"ReadAction","target":["https:\/\/lions-pharmacy.com\/de\/produkt\/zeel-comp-n-tabletten-250-pcs-02464175"]}]},{"@type":"ImageObject","inLanguage":"de","@id":"https:\/\/lions-pharmacy.com\/de\/produkt\/zeel-comp-n-tabletten-250-pcs-02464175#primaryimage","url":"https:\/\/lions-pharmacy.com\/wp-content\/uploads\/2023\/09\/Zeel-comp.-N-tablets-Heel-Lions-Pharmacy-loewen-apotheke24.webp","contentUrl":"https:\/\/lions-pharmacy.com\/wp-content\/uploads\/2023\/09\/Zeel-comp.-N-tablets-Heel-Lions-Pharmacy-loewen-apotheke24.webp","width":600,"height":600,"caption":"Zeel comp. N Tabletten Ferse L\u00f6wen Apotheke loewen-apotheke24"},{"@type":"BreadcrumbList","@id":"https:\/\/lions-pharmacy.com\/de\/produkt\/zeel-comp-n-tabletten-250-pcs-02464175#breadcrumb","itemListElement":[{"@type":"ListItem","position":1,"name":"Home","item":"https:\/\/lions-pharmacy.com\/de\/homepage-lion-pharmacy"},{"@type":"ListItem","position":2,"name":"Shop","item":"https:\/\/lions-pharmacy.com\/de\/shop-2"},{"@type":"ListItem","position":3,"name":"Zeel comp N Tabletten 250 Stk."}]},{"@type":"WebSite","@id":"https:\/\/lions-pharmacy.com\/de#website","url":"https:\/\/lions-pharmacy.com\/de","name":"Lions Pharmacy","description":"Ihr Spezialist f\u00fcr Naturheilkunde aus Baden-Baden, Germany","publisher":{"@id":"https:\/\/lions-pharmacy.com\/de#organization"},"alternateName":"Lion Pharmacy","potentialAction":[{"@type":"SearchAction","target":{"@type":"EntryPoint","urlTemplate":"https:\/\/lions-pharmacy.com\/de?s={search_term_string}"},"query-input":{"@type":"PropertyValueSpecification","valueRequired":true,"valueName":"search_term_string"}}],"inLanguage":"de"},{"@type":"Organization","@id":"https:\/\/lions-pharmacy.com\/de#organization","name":"Lions Pharmacy","alternateName":"Lions Pharmacy24","url":"https:\/\/lions-pharmacy.com\/de","logo":{"@type":"ImageObject","inLanguage":"de","@id":"https:\/\/lions-pharmacy.com\/de#\/schema\/logo\/image\/","url":"https:\/\/lions-pharmacy.com\/wp-content\/uploads\/2022\/12\/Logo-Lion-Pharmacy-c-o-Loewen-Apotheke-smal.jpg","contentUrl":"https:\/\/lions-pharmacy.com\/wp-content\/uploads\/2022\/12\/Logo-Lion-Pharmacy-c-o-Loewen-Apotheke-smal.jpg","width":298,"height":99,"caption":"Lions Pharmacy"},"image":{"@id":"https:\/\/lions-pharmacy.com\/de#\/schema\/logo\/image\/"}}]}},"_links":{"self":[{"href":"https:\/\/lions-pharmacy.com\/de\/wp-json\/wp\/v2\/product\/2779","targetHints":{"allow":["GET"]}}],"collection":[{"href":"https:\/\/lions-pharmacy.com\/de\/wp-json\/wp\/v2\/product"}],"about":[{"href":"https:\/\/lions-pharmacy.com\/de\/wp-json\/wp\/v2\/types\/product"}],"replies":[{"embeddable":true,"href":"https:\/\/lions-pharmacy.com\/de\/wp-json\/wp\/v2\/comments?post=2779"}],"wp:featuredmedia":[{"embeddable":true,"href":"https:\/\/lions-pharmacy.com\/de\/wp-json\/wp\/v2\/media\/2780"}],"wp:attachment":[{"href":"https:\/\/lions-pharmacy.com\/de\/wp-json\/wp\/v2\/media?parent=2779"}],"wp:term":[{"taxonomy":"product_brand","embeddable":true,"href":"https:\/\/lions-pharmacy.com\/de\/wp-json\/wp\/v2\/product_brand?post=2779"},{"taxonomy":"product_cat","embeddable":true,"href":"https:\/\/lions-pharmacy.com\/de\/wp-json\/wp\/v2\/product_cat?post=2779"},{"taxonomy":"product_tag","embeddable":true,"href":"https:\/\/lions-pharmacy.com\/de\/wp-json\/wp\/v2\/product_tag?post=2779"}],"curies":[{"name":"wp","href":"https:\/\/api.w.org\/{rel}","templated":true}]}}