{"id":2770,"date":"2023-01-14T06:58:08","date_gmt":"2023-01-14T05:58:08","guid":{"rendered":"https:\/\/lions-pharmacy.com\/product\/neyfoc-nr-69-d7-ampullen-krankenhauspackung-50x-2ml"},"modified":"2025-01-26T19:51:49","modified_gmt":"2025-01-26T18:51:49","slug":"neyfoc-nr-69-ampullen-10x-5x-2ml","status":"publish","type":"product","link":"https:\/\/lions-pharmacy.com\/de\/produkt\/neyfoc-nr-69-ampullen-10x-5x-2ml","title":{"rendered":"Neyfoc Nr.69 D7 Ampullen Krankenhauspackung 50x 2ml"},"content":{"rendered":"<h2>Neyfoc Nr.69 D7 Ampullen<\/h2>\n<p>Neyfoc Nr.69 D7 &#8211; &#8220;Zwischenhirn, Kleinhirn, Cortex cerebri., Medulla sinal., Hepar, Pankreas, Lien, Dr\u00fcse. Thyreoidea, Thymus, Plazenta, Schleimhaut sonstiges&#8221;.<\/p>\n<p>Die von vitOrgan zur biomolekularen Therapie angebotenen organhom\u00f6opathischen Pr\u00e4parate nutzen nat\u00fcrliche regulatorisch und metabolisch wirkende organische Substanzen, um aus dem Gleichgewicht geratene Prozesse physiologisch wieder zu normalisieren. Die biomolekulare vitOrgan-Therapie ist seit 60 Jahren eine sehr erfolgreiche Therapie. Sie bildet eine Br\u00fccke zwischen den so genannten Bereichen der Schulmedizin und der Naturheilkunde. Sie bedient sich nat\u00fcrlicher, regulierender und stoffwechselfunktioneller Substanzen, die bei Mensch und Tier vorhanden sind, um Krankheiten zu normalisieren, indem sie die aus dem Gleichgewicht geratenen physiologischen Prozesse ver\u00e4ndert &#8211; und damit den Patienten nicht nur symptomatisch, sondern auch kausal behandelt. Nach dem Prinzip \u201eHerz heilt Herz, Niere heilt Niere, Organ heilt Organ\u201c gilt es, die Kraft geschw\u00e4chter Zellen durch gezielte Regulation zu wecken.<\/p>\n<p>Packungsbeilage\/Gebrauchsanweisung\/Artikeldatenblatt: Neyfoc Nr. 69 D7 Ampullen (PDF-Reader)<\/p>\n<p>Alternative Produktbezeichnung: Neyfoc Nr. 69 D7<\/p>\n<p>Weitere Produkte f\u00fcr diese Anwendung: <a href=\"https:\/\/lions-pharmacy.com\/produkt-kategorie\/vitorgan\">vitOrgan<\/a><\/p>\n<p>Erfahren Sie mehr \u00fcber den Hersteller und dieses Produkt: <a href=\"https:\/\/vitorgan.de\/en\/products\/\" target=\"_blank\" rel=\"noopener\">vitOrgan<\/a> (Link zu externer Website)<\/p>\n<p>Informationen auf dieser Website werden ausschlie\u00dflich f\u00fcr informative Zwecke zur Verf\u00fcgung gestellt. Sie ersetzen keinesfalls die Untersuchung und Behandlung durch einen Arzt. Bitte beachten Sie, dass hierdurch weder Diagnosen gestellt noch Therapien eingeleitet werden k\u00f6nnen.<\/p>\n<p>Zu Risiken und Nebenwirkungen lesen Sie die Packungsbeilage und fragen Sie Ihren Arzt oder Apotheker.<\/p>\n","protected":false},"excerpt":{"rendered":"<h2>Neyfoc Nr.69 D7 Ampullen<\/h2>\n<p>&#8220;Zwischenhirn, Kleinhirn, Cortex cerebri., Medulla sinal., Hepar, Bauchspeicheldr\u00fcse, Lien, Dr\u00fcse. Thyreoidea, Thymus, Plazenta, Schleimhaut sonstiges&#8221;. Krankenhauspaket &#8211; Volumenpaket mit<br \/>\n50 Stk.<\/p>\n<p>&nbsp;<\/p>\n<p>PZN: 6487316 (Pharmazentralnummer)<\/p>\n<p>Darreichungsform: Ampullen<\/p>\n<p>Verordnungsart: Rezeptfrei<\/p>\n<p>Marke: vitOrgan<\/p>\n<p>Hersteller: vitOrgan GmbH &amp; Co.KG, Ostfildern, Germany<\/p>\n<p>Packungsgr\u00f6\u00dfe: 10&#215;5 St\u00fcck \u00e0 2ml<\/p>\n","protected":false},"featured_media":4740,"comment_status":"closed","ping_status":"closed","template":"","meta":[],"product_brand":[],"product_cat":[367,371,566],"product_tag":[426],"class_list":{"0":"post-2770","1":"product","2":"type-product","3":"status-publish","4":"has-post-thumbnail","6":"product_cat-sale-de","7":"product_cat-vitorgan-de","8":"product_cat-vorteilsangebote","9":"product_tag-neydil-de","10":"ts_product_brand-alle","11":"ts_product_brand-vitorgan-de","13":"first","14":"instock","15":"sale","16":"taxable","17":"shipping-taxable","18":"purchasable","19":"product-type-simple"},"yoast_head":"<!-- This site is optimized with the Yoast SEO plugin v26.5 - https:\/\/yoast.com\/wordpress\/plugins\/seo\/ -->\n<title>Neyfoc Nr.69 D7 Ampullen Krankenhauspackung 50x 2ml &#187;<\/title>\n<meta name=\"description\" content=\"L\u00f6wen-Apotheke | registrierte deutsche Online-Apotheke | Schneller internationaler Versand | Sichere Bezahlung | Neyfoc Nr.69 D7 Ampullen Krankenhauspackung 50x 2ml\" \/>\n<meta name=\"robots\" content=\"index, follow, max-snippet:-1, max-image-preview:large, max-video-preview:-1\" \/>\n<link rel=\"canonical\" href=\"https:\/\/lions-pharmacy.com\/de\/produkt\/neyfoc-nr-69-ampullen-10x-5x-2ml\" \/>\n<meta property=\"og:locale\" content=\"de_DE\" \/>\n<meta property=\"og:type\" content=\"article\" \/>\n<meta property=\"og:title\" content=\"Neyfoc Nr.69 D7 Ampullen Krankenhauspackung 50x 2ml &#187;\" \/>\n<meta property=\"og:description\" content=\"L\u00f6wen-Apotheke | registrierte deutsche Online-Apotheke | Schneller internationaler Versand | Sichere Bezahlung | Neyfoc Nr.69 D7 Ampullen Krankenhauspackung 50x 2ml\" \/>\n<meta property=\"og:url\" content=\"https:\/\/lions-pharmacy.com\/de\/produkt\/neyfoc-nr-69-ampullen-10x-5x-2ml\" \/>\n<meta property=\"og:site_name\" content=\"L\u00f6wen Apotheke\" \/>\n<meta property=\"article:modified_time\" content=\"2025-01-26T18:51:49+00:00\" \/>\n<meta property=\"og:image\" content=\"https:\/\/lions-pharmacy.com\/wp-content\/uploads\/2022\/12\/NeyFoc-Nr.69-D7-vitOrgan-Arzneimittel-Lions-Pharmacy.webp\" \/>\n\t<meta property=\"og:image:width\" content=\"600\" \/>\n\t<meta property=\"og:image:height\" content=\"600\" \/>\n\t<meta property=\"og:image:type\" content=\"image\/webp\" \/>\n<meta name=\"twitter:card\" content=\"summary_large_image\" \/>\n<meta name=\"twitter:label1\" content=\"Gesch\u00e4tzte Lesezeit\" \/>\n\t<meta name=\"twitter:data1\" content=\"1\u00a0Minute\" \/>\n<script type=\"application\/ld+json\" class=\"yoast-schema-graph\">{\"@context\":\"https:\/\/schema.org\",\"@graph\":[{\"@type\":\"WebPage\",\"@id\":\"https:\/\/lions-pharmacy.com\/de\/produkt\/neyfoc-nr-69-ampullen-10x-5x-2ml\",\"url\":\"https:\/\/lions-pharmacy.com\/de\/produkt\/neyfoc-nr-69-ampullen-10x-5x-2ml\",\"name\":\"Neyfoc Nr.69 D7 Ampullen Krankenhauspackung 50x 2ml &#187;\",\"isPartOf\":{\"@id\":\"https:\/\/lions-pharmacy.com\/de#website\"},\"primaryImageOfPage\":{\"@id\":\"https:\/\/lions-pharmacy.com\/de\/produkt\/neyfoc-nr-69-ampullen-10x-5x-2ml#primaryimage\"},\"image\":{\"@id\":\"https:\/\/lions-pharmacy.com\/de\/produkt\/neyfoc-nr-69-ampullen-10x-5x-2ml#primaryimage\"},\"thumbnailUrl\":\"https:\/\/lions-pharmacy.com\/wp-content\/uploads\/2022\/12\/NeyFoc-Nr.69-D7-vitOrgan-Arzneimittel-Lions-Pharmacy.webp\",\"datePublished\":\"2023-01-14T05:58:08+00:00\",\"dateModified\":\"2025-01-26T18:51:49+00:00\",\"description\":\"L\u00f6wen-Apotheke | registrierte deutsche Online-Apotheke | Schneller internationaler Versand | Sichere Bezahlung | Neyfoc Nr.69 D7 Ampullen Krankenhauspackung 50x 2ml\",\"breadcrumb\":{\"@id\":\"https:\/\/lions-pharmacy.com\/de\/produkt\/neyfoc-nr-69-ampullen-10x-5x-2ml#breadcrumb\"},\"inLanguage\":\"de\",\"potentialAction\":[{\"@type\":\"ReadAction\",\"target\":[\"https:\/\/lions-pharmacy.com\/de\/produkt\/neyfoc-nr-69-ampullen-10x-5x-2ml\"]}]},{\"@type\":\"ImageObject\",\"inLanguage\":\"de\",\"@id\":\"https:\/\/lions-pharmacy.com\/de\/produkt\/neyfoc-nr-69-ampullen-10x-5x-2ml#primaryimage\",\"url\":\"https:\/\/lions-pharmacy.com\/wp-content\/uploads\/2022\/12\/NeyFoc-Nr.69-D7-vitOrgan-Arzneimittel-Lions-Pharmacy.webp\",\"contentUrl\":\"https:\/\/lions-pharmacy.com\/wp-content\/uploads\/2022\/12\/NeyFoc-Nr.69-D7-vitOrgan-Arzneimittel-Lions-Pharmacy.webp\",\"width\":600,\"height\":600,\"caption\":\"NeyFoc Nr.69 D7 vitOrgan Arzneimittel Lions Apotheke\"},{\"@type\":\"BreadcrumbList\",\"@id\":\"https:\/\/lions-pharmacy.com\/de\/produkt\/neyfoc-nr-69-ampullen-10x-5x-2ml#breadcrumb\",\"itemListElement\":[{\"@type\":\"ListItem\",\"position\":1,\"name\":\"Home\",\"item\":\"https:\/\/lions-pharmacy.com\/de\/homepage-lion-pharmacy\"},{\"@type\":\"ListItem\",\"position\":2,\"name\":\"Shop\",\"item\":\"https:\/\/lions-pharmacy.com\/de\/shop-2\"},{\"@type\":\"ListItem\",\"position\":3,\"name\":\"Neyfoc Nr.69 D7 Ampullen Krankenhauspackung 50x 2ml\"}]},{\"@type\":\"WebSite\",\"@id\":\"https:\/\/lions-pharmacy.com\/de#website\",\"url\":\"https:\/\/lions-pharmacy.com\/de\",\"name\":\"Lions Pharmacy\",\"description\":\"Ihr Spezialist f\u00fcr Naturheilkunde aus Baden-Baden, Germany\",\"publisher\":{\"@id\":\"https:\/\/lions-pharmacy.com\/de#organization\"},\"alternateName\":\"Lion Pharmacy\",\"potentialAction\":[{\"@type\":\"SearchAction\",\"target\":{\"@type\":\"EntryPoint\",\"urlTemplate\":\"https:\/\/lions-pharmacy.com\/de?s={search_term_string}\"},\"query-input\":{\"@type\":\"PropertyValueSpecification\",\"valueRequired\":true,\"valueName\":\"search_term_string\"}}],\"inLanguage\":\"de\"},{\"@type\":\"Organization\",\"@id\":\"https:\/\/lions-pharmacy.com\/de#organization\",\"name\":\"Lions Pharmacy\",\"alternateName\":\"Lions Pharmacy24\",\"url\":\"https:\/\/lions-pharmacy.com\/de\",\"logo\":{\"@type\":\"ImageObject\",\"inLanguage\":\"de\",\"@id\":\"https:\/\/lions-pharmacy.com\/de#\/schema\/logo\/image\/\",\"url\":\"https:\/\/lions-pharmacy.com\/wp-content\/uploads\/2022\/12\/Logo-Lion-Pharmacy-c-o-Loewen-Apotheke-smal.jpg\",\"contentUrl\":\"https:\/\/lions-pharmacy.com\/wp-content\/uploads\/2022\/12\/Logo-Lion-Pharmacy-c-o-Loewen-Apotheke-smal.jpg\",\"width\":298,\"height\":99,\"caption\":\"Lions Pharmacy\"},\"image\":{\"@id\":\"https:\/\/lions-pharmacy.com\/de#\/schema\/logo\/image\/\"}}]}<\/script>\n<!-- \/ Yoast SEO plugin. -->","yoast_head_json":{"title":"Neyfoc Nr.69 D7 Ampullen Krankenhauspackung 50x 2ml &#187;","description":"L\u00f6wen-Apotheke | registrierte deutsche Online-Apotheke | Schneller internationaler Versand | Sichere Bezahlung | Neyfoc Nr.69 D7 Ampullen Krankenhauspackung 50x 2ml","robots":{"index":"index","follow":"follow","max-snippet":"max-snippet:-1","max-image-preview":"max-image-preview:large","max-video-preview":"max-video-preview:-1"},"canonical":"https:\/\/lions-pharmacy.com\/de\/produkt\/neyfoc-nr-69-ampullen-10x-5x-2ml","og_locale":"de_DE","og_type":"article","og_title":"Neyfoc Nr.69 D7 Ampullen Krankenhauspackung 50x 2ml &#187;","og_description":"L\u00f6wen-Apotheke | registrierte deutsche Online-Apotheke | Schneller internationaler Versand | Sichere Bezahlung | Neyfoc Nr.69 D7 Ampullen Krankenhauspackung 50x 2ml","og_url":"https:\/\/lions-pharmacy.com\/de\/produkt\/neyfoc-nr-69-ampullen-10x-5x-2ml","og_site_name":"L\u00f6wen Apotheke","article_modified_time":"2025-01-26T18:51:49+00:00","og_image":[{"width":600,"height":600,"url":"https:\/\/lions-pharmacy.com\/wp-content\/uploads\/2022\/12\/NeyFoc-Nr.69-D7-vitOrgan-Arzneimittel-Lions-Pharmacy.webp","type":"image\/webp"}],"twitter_card":"summary_large_image","twitter_misc":{"Gesch\u00e4tzte Lesezeit":"1\u00a0Minute"},"schema":{"@context":"https:\/\/schema.org","@graph":[{"@type":"WebPage","@id":"https:\/\/lions-pharmacy.com\/de\/produkt\/neyfoc-nr-69-ampullen-10x-5x-2ml","url":"https:\/\/lions-pharmacy.com\/de\/produkt\/neyfoc-nr-69-ampullen-10x-5x-2ml","name":"Neyfoc Nr.69 D7 Ampullen Krankenhauspackung 50x 2ml &#187;","isPartOf":{"@id":"https:\/\/lions-pharmacy.com\/de#website"},"primaryImageOfPage":{"@id":"https:\/\/lions-pharmacy.com\/de\/produkt\/neyfoc-nr-69-ampullen-10x-5x-2ml#primaryimage"},"image":{"@id":"https:\/\/lions-pharmacy.com\/de\/produkt\/neyfoc-nr-69-ampullen-10x-5x-2ml#primaryimage"},"thumbnailUrl":"https:\/\/lions-pharmacy.com\/wp-content\/uploads\/2022\/12\/NeyFoc-Nr.69-D7-vitOrgan-Arzneimittel-Lions-Pharmacy.webp","datePublished":"2023-01-14T05:58:08+00:00","dateModified":"2025-01-26T18:51:49+00:00","description":"L\u00f6wen-Apotheke | registrierte deutsche Online-Apotheke | Schneller internationaler Versand | Sichere Bezahlung | Neyfoc Nr.69 D7 Ampullen Krankenhauspackung 50x 2ml","breadcrumb":{"@id":"https:\/\/lions-pharmacy.com\/de\/produkt\/neyfoc-nr-69-ampullen-10x-5x-2ml#breadcrumb"},"inLanguage":"de","potentialAction":[{"@type":"ReadAction","target":["https:\/\/lions-pharmacy.com\/de\/produkt\/neyfoc-nr-69-ampullen-10x-5x-2ml"]}]},{"@type":"ImageObject","inLanguage":"de","@id":"https:\/\/lions-pharmacy.com\/de\/produkt\/neyfoc-nr-69-ampullen-10x-5x-2ml#primaryimage","url":"https:\/\/lions-pharmacy.com\/wp-content\/uploads\/2022\/12\/NeyFoc-Nr.69-D7-vitOrgan-Arzneimittel-Lions-Pharmacy.webp","contentUrl":"https:\/\/lions-pharmacy.com\/wp-content\/uploads\/2022\/12\/NeyFoc-Nr.69-D7-vitOrgan-Arzneimittel-Lions-Pharmacy.webp","width":600,"height":600,"caption":"NeyFoc Nr.69 D7 vitOrgan Arzneimittel Lions Apotheke"},{"@type":"BreadcrumbList","@id":"https:\/\/lions-pharmacy.com\/de\/produkt\/neyfoc-nr-69-ampullen-10x-5x-2ml#breadcrumb","itemListElement":[{"@type":"ListItem","position":1,"name":"Home","item":"https:\/\/lions-pharmacy.com\/de\/homepage-lion-pharmacy"},{"@type":"ListItem","position":2,"name":"Shop","item":"https:\/\/lions-pharmacy.com\/de\/shop-2"},{"@type":"ListItem","position":3,"name":"Neyfoc Nr.69 D7 Ampullen Krankenhauspackung 50x 2ml"}]},{"@type":"WebSite","@id":"https:\/\/lions-pharmacy.com\/de#website","url":"https:\/\/lions-pharmacy.com\/de","name":"Lions Pharmacy","description":"Ihr Spezialist f\u00fcr Naturheilkunde aus Baden-Baden, Germany","publisher":{"@id":"https:\/\/lions-pharmacy.com\/de#organization"},"alternateName":"Lion Pharmacy","potentialAction":[{"@type":"SearchAction","target":{"@type":"EntryPoint","urlTemplate":"https:\/\/lions-pharmacy.com\/de?s={search_term_string}"},"query-input":{"@type":"PropertyValueSpecification","valueRequired":true,"valueName":"search_term_string"}}],"inLanguage":"de"},{"@type":"Organization","@id":"https:\/\/lions-pharmacy.com\/de#organization","name":"Lions Pharmacy","alternateName":"Lions Pharmacy24","url":"https:\/\/lions-pharmacy.com\/de","logo":{"@type":"ImageObject","inLanguage":"de","@id":"https:\/\/lions-pharmacy.com\/de#\/schema\/logo\/image\/","url":"https:\/\/lions-pharmacy.com\/wp-content\/uploads\/2022\/12\/Logo-Lion-Pharmacy-c-o-Loewen-Apotheke-smal.jpg","contentUrl":"https:\/\/lions-pharmacy.com\/wp-content\/uploads\/2022\/12\/Logo-Lion-Pharmacy-c-o-Loewen-Apotheke-smal.jpg","width":298,"height":99,"caption":"Lions Pharmacy"},"image":{"@id":"https:\/\/lions-pharmacy.com\/de#\/schema\/logo\/image\/"}}]}},"_links":{"self":[{"href":"https:\/\/lions-pharmacy.com\/de\/wp-json\/wp\/v2\/product\/2770","targetHints":{"allow":["GET"]}}],"collection":[{"href":"https:\/\/lions-pharmacy.com\/de\/wp-json\/wp\/v2\/product"}],"about":[{"href":"https:\/\/lions-pharmacy.com\/de\/wp-json\/wp\/v2\/types\/product"}],"replies":[{"embeddable":true,"href":"https:\/\/lions-pharmacy.com\/de\/wp-json\/wp\/v2\/comments?post=2770"}],"wp:featuredmedia":[{"embeddable":true,"href":"https:\/\/lions-pharmacy.com\/de\/wp-json\/wp\/v2\/media\/4740"}],"wp:attachment":[{"href":"https:\/\/lions-pharmacy.com\/de\/wp-json\/wp\/v2\/media?parent=2770"}],"wp:term":[{"taxonomy":"product_brand","embeddable":true,"href":"https:\/\/lions-pharmacy.com\/de\/wp-json\/wp\/v2\/product_brand?post=2770"},{"taxonomy":"product_cat","embeddable":true,"href":"https:\/\/lions-pharmacy.com\/de\/wp-json\/wp\/v2\/product_cat?post=2770"},{"taxonomy":"product_tag","embeddable":true,"href":"https:\/\/lions-pharmacy.com\/de\/wp-json\/wp\/v2\/product_tag?post=2770"}],"curies":[{"name":"wp","href":"https:\/\/api.w.org\/{rel}","templated":true}]}}