{"id":2761,"date":"2023-01-14T15:23:24","date_gmt":"2023-01-14T14:23:24","guid":{"rendered":"https:\/\/lions-pharmacy.com\/product\/neydil-nr-66-pro-injection-ii-ampullen-krankenhauspackung-50x-2ml"},"modified":"2025-01-26T19:31:48","modified_gmt":"2025-01-26T18:31:48","slug":"neydil-nr-66-pro-injektion-ii-ampullen-krankenhaus-packung-50x-2ml-3557772","status":"publish","type":"product","link":"https:\/\/lions-pharmacy.com\/de\/produkt\/neydil-nr-66-pro-injektion-ii-ampullen-krankenhaus-packung-50x-2ml-3557772","title":{"rendered":"NeyDil Nr.66 pro injection II &#8211; Ampullen Krankenhauspackung 50x 2ml"},"content":{"rendered":"<h2>NeyDil Nr.66 pro Injektion St\u00e4rke II &#8211; Ampullen<\/h2>\n<p>NeyDil Nr.66 pro &#8211; Zwischenhirn, Plazenta, Funiculus ubilical., Thymus, Epiphyse, Hoden, Dr\u00fcse, Nebennieren.,Dr\u00fcse. Thyreoidea, Medulla oss., Pulmo, Hepar, Pankreas, ren, Lien, Mucosa intest.<\/p>\n<p>Die von vitOrgan zur biomolekularen Therapie angebotenen organhom\u00f6opathischen Pr\u00e4parate nutzen nat\u00fcrliche regulatorisch und metabolisch wirkende organische Substanzen, um aus dem Gleichgewicht geratene Prozesse physiologisch wieder zu normalisieren. Die biomolekulare vitOrgan-Therapie ist seit 60 Jahren eine sehr erfolgreiche Therapie. Sie bildet eine Br\u00fccke zwischen den so genannten Bereichen der Schulmedizin und der Naturheilkunde. Sie bedient sich nat\u00fcrlicher, regulierender und stoffwechselfunktioneller Substanzen, die bei Mensch und Tier vorhanden sind, um Krankheiten zu normalisieren, indem sie die aus dem Gleichgewicht geratenen physiologischen Prozesse ver\u00e4ndert &#8211; und damit den Patienten nicht nur symptomatisch, sondern auch kausal behandelt. Nach dem Prinzip \u201eHerz heilt Herz, Niere heilt Niere, Organ heilt Organ\u201c gilt es, die Kraft geschw\u00e4chter Zellen durch gezielte Regulation zu wecken.<\/p>\n<p>Packungsbeilage\/Gebrauchsanweisung\/Artikeldatenblatt: NeyDil Nr.66 pro injection (PDF-Reader)<\/p>\n<p>Alternativer Produktname: NeyDil Nr. 66 pro injection<\/p>\n<p>Weitere Produkte f\u00fcr diese Anwendung: <a href=\"https:\/\/lions-pharmacy.com\/produkt-kategorie\/vitorgan\">vitOrgan<\/a><\/p>\n<p>Erfahren Sie mehr \u00fcber den Hersteller und dieses Produkt: <a href=\"https:\/\/vitorgan.de\/en\/products\/\" target=\"_blank\" rel=\"noopener\">vitOrgan<\/a> (Link zu externer Website)<\/p>\n<p>Informationen auf dieser Website werden ausschlie\u00dflich f\u00fcr informative Zwecke zur Verf\u00fcgung gestellt. Sie ersetzen keinesfalls die Untersuchung und Behandlung durch einen Arzt. Bitte beachten Sie, dass hierdurch weder Diagnosen gestellt noch Therapien eingeleitet werden k\u00f6nnen.<\/p>\n<p>Zu Risiken und Nebenwirkungen lesen Sie die Packungsbeilage und fragen Sie Ihren Arzt oder Apotheker.<\/p>\n","protected":false},"excerpt":{"rendered":"<h2>NeyDil Nr.66 pro Injektion St\u00e4rke II &#8211; Ampullen<\/h2>\n<p>&#8220;Zwischenhirn, Plazenta, Funiculus ubilical., Thymusdr\u00fcse, Epiphyse, Hoden, Dr\u00fcse, Nebenniere, Dr\u00fcse. Thyreoidea, Medulla oss., Pulmo, Hepar, Pankreas, ren, Lien, Mukosa intest&#8221;. Krankenhauspackung \u2013 Volumenpackung mit 50 Stk.<\/p>\n<p>&nbsp;<\/p>\n<p>PZN: 03557772 (Pharmazentralnummer)<\/p>\n<p>Darreichungsform: Ampullen<\/p>\n<p>Verordnungsart: Rezeptfrei<\/p>\n<p>Marke: vitOrgan<\/p>\n<p>Hersteller: vitOrgan GmbH &amp; Co.KG, Ostfildern, Germany<\/p>\n<p>Packungsgr\u00f6\u00dfe: 50 St\u00fcck \u00e0 2ml<\/p>\n","protected":false},"featured_media":4700,"comment_status":"closed","ping_status":"closed","template":"","meta":[],"product_brand":[],"product_cat":[367,368,371,566],"product_tag":[426],"class_list":{"0":"post-2761","1":"product","2":"type-product","3":"status-publish","4":"has-post-thumbnail","6":"product_cat-sale-de","7":"product_cat-shop-de","8":"product_cat-vitorgan-de","9":"product_cat-vorteilsangebote","10":"product_tag-neydil-de","11":"ts_product_brand-alle","12":"ts_product_brand-vitorgan-de","14":"first","15":"instock","16":"sale","17":"taxable","18":"shipping-taxable","19":"purchasable","20":"product-type-simple"},"yoast_head":"<!-- This site is optimized with the Yoast SEO plugin v26.5 - https:\/\/yoast.com\/wordpress\/plugins\/seo\/ -->\n<title>NeyDil Nr.66 pro injection II - Ampullen Krankenhauspackung 50x 2ml &#187;<\/title>\n<meta name=\"description\" content=\"L\u00f6wen-Apotheke | Deutsche Apotheke | Schneller internationaler Versand | Produkt von vitOrgan | NeyDil Nr.66 pro injection II - Ampullen Krankenhauspackung 50x 2ml\" \/>\n<meta name=\"robots\" content=\"index, follow, max-snippet:-1, max-image-preview:large, max-video-preview:-1\" \/>\n<link rel=\"canonical\" href=\"https:\/\/lions-pharmacy.com\/de\/produkt\/neydil-nr-66-pro-injektion-ii-ampullen-krankenhaus-packung-50x-2ml-3557772\" \/>\n<meta property=\"og:locale\" content=\"de_DE\" \/>\n<meta property=\"og:type\" content=\"article\" \/>\n<meta property=\"og:title\" content=\"NeyDil Nr.66 pro injection II - Ampullen Krankenhauspackung 50x 2ml &#187;\" \/>\n<meta property=\"og:description\" content=\"L\u00f6wen-Apotheke | Deutsche Apotheke | Schneller internationaler Versand | Produkt von vitOrgan | NeyDil Nr.66 pro injection II - Ampullen Krankenhauspackung 50x 2ml\" \/>\n<meta property=\"og:url\" content=\"https:\/\/lions-pharmacy.com\/de\/produkt\/neydil-nr-66-pro-injektion-ii-ampullen-krankenhaus-packung-50x-2ml-3557772\" \/>\n<meta property=\"og:site_name\" content=\"L\u00f6wen Apotheke\" \/>\n<meta property=\"article:modified_time\" content=\"2025-01-26T18:31:48+00:00\" \/>\n<meta property=\"og:image\" content=\"https:\/\/lions-pharmacy.com\/wp-content\/uploads\/2022\/12\/vitorgan-Neydil-No.66-pro-injection-II-Ampoules-Lions-Pharmacy.webp\" \/>\n\t<meta property=\"og:image:width\" content=\"600\" \/>\n\t<meta property=\"og:image:height\" content=\"600\" \/>\n\t<meta property=\"og:image:type\" content=\"image\/webp\" \/>\n<meta name=\"twitter:card\" content=\"summary_large_image\" \/>\n<meta name=\"twitter:label1\" content=\"Gesch\u00e4tzte Lesezeit\" \/>\n\t<meta name=\"twitter:data1\" content=\"1\u00a0Minute\" \/>\n<script type=\"application\/ld+json\" class=\"yoast-schema-graph\">{\"@context\":\"https:\/\/schema.org\",\"@graph\":[{\"@type\":\"WebPage\",\"@id\":\"https:\/\/lions-pharmacy.com\/de\/produkt\/neydil-nr-66-pro-injektion-ii-ampullen-krankenhaus-packung-50x-2ml-3557772\",\"url\":\"https:\/\/lions-pharmacy.com\/de\/produkt\/neydil-nr-66-pro-injektion-ii-ampullen-krankenhaus-packung-50x-2ml-3557772\",\"name\":\"NeyDil Nr.66 pro injection II - Ampullen Krankenhauspackung 50x 2ml &#187;\",\"isPartOf\":{\"@id\":\"https:\/\/lions-pharmacy.com\/de#website\"},\"primaryImageOfPage\":{\"@id\":\"https:\/\/lions-pharmacy.com\/de\/produkt\/neydil-nr-66-pro-injektion-ii-ampullen-krankenhaus-packung-50x-2ml-3557772#primaryimage\"},\"image\":{\"@id\":\"https:\/\/lions-pharmacy.com\/de\/produkt\/neydil-nr-66-pro-injektion-ii-ampullen-krankenhaus-packung-50x-2ml-3557772#primaryimage\"},\"thumbnailUrl\":\"https:\/\/lions-pharmacy.com\/wp-content\/uploads\/2022\/12\/vitorgan-Neydil-No.66-pro-injection-II-Ampoules-Lions-Pharmacy.webp\",\"datePublished\":\"2023-01-14T14:23:24+00:00\",\"dateModified\":\"2025-01-26T18:31:48+00:00\",\"description\":\"L\u00f6wen-Apotheke | Deutsche Apotheke | Schneller internationaler Versand | Produkt von vitOrgan | NeyDil Nr.66 pro injection II - Ampullen Krankenhauspackung 50x 2ml\",\"breadcrumb\":{\"@id\":\"https:\/\/lions-pharmacy.com\/de\/produkt\/neydil-nr-66-pro-injektion-ii-ampullen-krankenhaus-packung-50x-2ml-3557772#breadcrumb\"},\"inLanguage\":\"de\",\"potentialAction\":[{\"@type\":\"ReadAction\",\"target\":[\"https:\/\/lions-pharmacy.com\/de\/produkt\/neydil-nr-66-pro-injektion-ii-ampullen-krankenhaus-packung-50x-2ml-3557772\"]}]},{\"@type\":\"ImageObject\",\"inLanguage\":\"de\",\"@id\":\"https:\/\/lions-pharmacy.com\/de\/produkt\/neydil-nr-66-pro-injektion-ii-ampullen-krankenhaus-packung-50x-2ml-3557772#primaryimage\",\"url\":\"https:\/\/lions-pharmacy.com\/wp-content\/uploads\/2022\/12\/vitorgan-Neydil-No.66-pro-injection-II-Ampoules-Lions-Pharmacy.webp\",\"contentUrl\":\"https:\/\/lions-pharmacy.com\/wp-content\/uploads\/2022\/12\/vitorgan-Neydil-No.66-pro-injection-II-Ampoules-Lions-Pharmacy.webp\",\"width\":600,\"height\":600,\"caption\":\"vitorgan Neydil No.66 pro Injektion II Ampullen Lions Apotheke\"},{\"@type\":\"BreadcrumbList\",\"@id\":\"https:\/\/lions-pharmacy.com\/de\/produkt\/neydil-nr-66-pro-injektion-ii-ampullen-krankenhaus-packung-50x-2ml-3557772#breadcrumb\",\"itemListElement\":[{\"@type\":\"ListItem\",\"position\":1,\"name\":\"Home\",\"item\":\"https:\/\/lions-pharmacy.com\/de\/homepage-lion-pharmacy\"},{\"@type\":\"ListItem\",\"position\":2,\"name\":\"Shop\",\"item\":\"https:\/\/lions-pharmacy.com\/de\/shop-2\"},{\"@type\":\"ListItem\",\"position\":3,\"name\":\"NeyDil Nr.66 pro injection II &#8211; Ampullen Krankenhauspackung 50x 2ml\"}]},{\"@type\":\"WebSite\",\"@id\":\"https:\/\/lions-pharmacy.com\/de#website\",\"url\":\"https:\/\/lions-pharmacy.com\/de\",\"name\":\"Lions Pharmacy\",\"description\":\"Ihr Spezialist f\u00fcr Naturheilkunde aus Baden-Baden, Germany\",\"publisher\":{\"@id\":\"https:\/\/lions-pharmacy.com\/de#organization\"},\"alternateName\":\"Lion Pharmacy\",\"potentialAction\":[{\"@type\":\"SearchAction\",\"target\":{\"@type\":\"EntryPoint\",\"urlTemplate\":\"https:\/\/lions-pharmacy.com\/de?s={search_term_string}\"},\"query-input\":{\"@type\":\"PropertyValueSpecification\",\"valueRequired\":true,\"valueName\":\"search_term_string\"}}],\"inLanguage\":\"de\"},{\"@type\":\"Organization\",\"@id\":\"https:\/\/lions-pharmacy.com\/de#organization\",\"name\":\"Lions Pharmacy\",\"alternateName\":\"Lions Pharmacy24\",\"url\":\"https:\/\/lions-pharmacy.com\/de\",\"logo\":{\"@type\":\"ImageObject\",\"inLanguage\":\"de\",\"@id\":\"https:\/\/lions-pharmacy.com\/de#\/schema\/logo\/image\/\",\"url\":\"https:\/\/lions-pharmacy.com\/wp-content\/uploads\/2022\/12\/Logo-Lion-Pharmacy-c-o-Loewen-Apotheke-smal.jpg\",\"contentUrl\":\"https:\/\/lions-pharmacy.com\/wp-content\/uploads\/2022\/12\/Logo-Lion-Pharmacy-c-o-Loewen-Apotheke-smal.jpg\",\"width\":298,\"height\":99,\"caption\":\"Lions Pharmacy\"},\"image\":{\"@id\":\"https:\/\/lions-pharmacy.com\/de#\/schema\/logo\/image\/\"}}]}<\/script>\n<!-- \/ Yoast SEO plugin. -->","yoast_head_json":{"title":"NeyDil Nr.66 pro injection II - Ampullen Krankenhauspackung 50x 2ml &#187;","description":"L\u00f6wen-Apotheke | Deutsche Apotheke | Schneller internationaler Versand | Produkt von vitOrgan | NeyDil Nr.66 pro injection II - Ampullen Krankenhauspackung 50x 2ml","robots":{"index":"index","follow":"follow","max-snippet":"max-snippet:-1","max-image-preview":"max-image-preview:large","max-video-preview":"max-video-preview:-1"},"canonical":"https:\/\/lions-pharmacy.com\/de\/produkt\/neydil-nr-66-pro-injektion-ii-ampullen-krankenhaus-packung-50x-2ml-3557772","og_locale":"de_DE","og_type":"article","og_title":"NeyDil Nr.66 pro injection II - Ampullen Krankenhauspackung 50x 2ml &#187;","og_description":"L\u00f6wen-Apotheke | Deutsche Apotheke | Schneller internationaler Versand | Produkt von vitOrgan | NeyDil Nr.66 pro injection II - Ampullen Krankenhauspackung 50x 2ml","og_url":"https:\/\/lions-pharmacy.com\/de\/produkt\/neydil-nr-66-pro-injektion-ii-ampullen-krankenhaus-packung-50x-2ml-3557772","og_site_name":"L\u00f6wen Apotheke","article_modified_time":"2025-01-26T18:31:48+00:00","og_image":[{"width":600,"height":600,"url":"https:\/\/lions-pharmacy.com\/wp-content\/uploads\/2022\/12\/vitorgan-Neydil-No.66-pro-injection-II-Ampoules-Lions-Pharmacy.webp","type":"image\/webp"}],"twitter_card":"summary_large_image","twitter_misc":{"Gesch\u00e4tzte Lesezeit":"1\u00a0Minute"},"schema":{"@context":"https:\/\/schema.org","@graph":[{"@type":"WebPage","@id":"https:\/\/lions-pharmacy.com\/de\/produkt\/neydil-nr-66-pro-injektion-ii-ampullen-krankenhaus-packung-50x-2ml-3557772","url":"https:\/\/lions-pharmacy.com\/de\/produkt\/neydil-nr-66-pro-injektion-ii-ampullen-krankenhaus-packung-50x-2ml-3557772","name":"NeyDil Nr.66 pro injection II - Ampullen Krankenhauspackung 50x 2ml &#187;","isPartOf":{"@id":"https:\/\/lions-pharmacy.com\/de#website"},"primaryImageOfPage":{"@id":"https:\/\/lions-pharmacy.com\/de\/produkt\/neydil-nr-66-pro-injektion-ii-ampullen-krankenhaus-packung-50x-2ml-3557772#primaryimage"},"image":{"@id":"https:\/\/lions-pharmacy.com\/de\/produkt\/neydil-nr-66-pro-injektion-ii-ampullen-krankenhaus-packung-50x-2ml-3557772#primaryimage"},"thumbnailUrl":"https:\/\/lions-pharmacy.com\/wp-content\/uploads\/2022\/12\/vitorgan-Neydil-No.66-pro-injection-II-Ampoules-Lions-Pharmacy.webp","datePublished":"2023-01-14T14:23:24+00:00","dateModified":"2025-01-26T18:31:48+00:00","description":"L\u00f6wen-Apotheke | Deutsche Apotheke | Schneller internationaler Versand | Produkt von vitOrgan | NeyDil Nr.66 pro injection II - Ampullen Krankenhauspackung 50x 2ml","breadcrumb":{"@id":"https:\/\/lions-pharmacy.com\/de\/produkt\/neydil-nr-66-pro-injektion-ii-ampullen-krankenhaus-packung-50x-2ml-3557772#breadcrumb"},"inLanguage":"de","potentialAction":[{"@type":"ReadAction","target":["https:\/\/lions-pharmacy.com\/de\/produkt\/neydil-nr-66-pro-injektion-ii-ampullen-krankenhaus-packung-50x-2ml-3557772"]}]},{"@type":"ImageObject","inLanguage":"de","@id":"https:\/\/lions-pharmacy.com\/de\/produkt\/neydil-nr-66-pro-injektion-ii-ampullen-krankenhaus-packung-50x-2ml-3557772#primaryimage","url":"https:\/\/lions-pharmacy.com\/wp-content\/uploads\/2022\/12\/vitorgan-Neydil-No.66-pro-injection-II-Ampoules-Lions-Pharmacy.webp","contentUrl":"https:\/\/lions-pharmacy.com\/wp-content\/uploads\/2022\/12\/vitorgan-Neydil-No.66-pro-injection-II-Ampoules-Lions-Pharmacy.webp","width":600,"height":600,"caption":"vitorgan Neydil No.66 pro Injektion II Ampullen Lions Apotheke"},{"@type":"BreadcrumbList","@id":"https:\/\/lions-pharmacy.com\/de\/produkt\/neydil-nr-66-pro-injektion-ii-ampullen-krankenhaus-packung-50x-2ml-3557772#breadcrumb","itemListElement":[{"@type":"ListItem","position":1,"name":"Home","item":"https:\/\/lions-pharmacy.com\/de\/homepage-lion-pharmacy"},{"@type":"ListItem","position":2,"name":"Shop","item":"https:\/\/lions-pharmacy.com\/de\/shop-2"},{"@type":"ListItem","position":3,"name":"NeyDil Nr.66 pro injection II &#8211; Ampullen Krankenhauspackung 50x 2ml"}]},{"@type":"WebSite","@id":"https:\/\/lions-pharmacy.com\/de#website","url":"https:\/\/lions-pharmacy.com\/de","name":"Lions Pharmacy","description":"Ihr Spezialist f\u00fcr Naturheilkunde aus Baden-Baden, Germany","publisher":{"@id":"https:\/\/lions-pharmacy.com\/de#organization"},"alternateName":"Lion Pharmacy","potentialAction":[{"@type":"SearchAction","target":{"@type":"EntryPoint","urlTemplate":"https:\/\/lions-pharmacy.com\/de?s={search_term_string}"},"query-input":{"@type":"PropertyValueSpecification","valueRequired":true,"valueName":"search_term_string"}}],"inLanguage":"de"},{"@type":"Organization","@id":"https:\/\/lions-pharmacy.com\/de#organization","name":"Lions Pharmacy","alternateName":"Lions Pharmacy24","url":"https:\/\/lions-pharmacy.com\/de","logo":{"@type":"ImageObject","inLanguage":"de","@id":"https:\/\/lions-pharmacy.com\/de#\/schema\/logo\/image\/","url":"https:\/\/lions-pharmacy.com\/wp-content\/uploads\/2022\/12\/Logo-Lion-Pharmacy-c-o-Loewen-Apotheke-smal.jpg","contentUrl":"https:\/\/lions-pharmacy.com\/wp-content\/uploads\/2022\/12\/Logo-Lion-Pharmacy-c-o-Loewen-Apotheke-smal.jpg","width":298,"height":99,"caption":"Lions Pharmacy"},"image":{"@id":"https:\/\/lions-pharmacy.com\/de#\/schema\/logo\/image\/"}}]}},"_links":{"self":[{"href":"https:\/\/lions-pharmacy.com\/de\/wp-json\/wp\/v2\/product\/2761","targetHints":{"allow":["GET"]}}],"collection":[{"href":"https:\/\/lions-pharmacy.com\/de\/wp-json\/wp\/v2\/product"}],"about":[{"href":"https:\/\/lions-pharmacy.com\/de\/wp-json\/wp\/v2\/types\/product"}],"replies":[{"embeddable":true,"href":"https:\/\/lions-pharmacy.com\/de\/wp-json\/wp\/v2\/comments?post=2761"}],"wp:featuredmedia":[{"embeddable":true,"href":"https:\/\/lions-pharmacy.com\/de\/wp-json\/wp\/v2\/media\/4700"}],"wp:attachment":[{"href":"https:\/\/lions-pharmacy.com\/de\/wp-json\/wp\/v2\/media?parent=2761"}],"wp:term":[{"taxonomy":"product_brand","embeddable":true,"href":"https:\/\/lions-pharmacy.com\/de\/wp-json\/wp\/v2\/product_brand?post=2761"},{"taxonomy":"product_cat","embeddable":true,"href":"https:\/\/lions-pharmacy.com\/de\/wp-json\/wp\/v2\/product_cat?post=2761"},{"taxonomy":"product_tag","embeddable":true,"href":"https:\/\/lions-pharmacy.com\/de\/wp-json\/wp\/v2\/product_tag?post=2761"}],"curies":[{"name":"wp","href":"https:\/\/api.w.org\/{rel}","templated":true}]}}