{"id":2713,"date":"2022-12-29T15:30:31","date_gmt":"2022-12-29T14:30:31","guid":{"rendered":"https:\/\/lions-pharmacy.com\/product\/labo-life-2lmisen"},"modified":"2025-11-29T19:58:36","modified_gmt":"2025-11-29T18:58:36","slug":"labo-life-2lmisen","status":"publish","type":"product","link":"https:\/\/lions-pharmacy.com\/de\/produkt\/labo-life-2lmisen","title":{"rendered":"Labo Life 2LMISEN"},"content":{"rendered":"<h2>Labo Life 2LMISEN<\/h2>\n<p>Die L\u00f6wenapotheke importiert f\u00fcr Sie Labo Life 2LMISEN Kapseln sowie alle Pr\u00e4parate von Labo Life Belgien auf Ihren Wunsch.<\/p>\n<p>Packungungsbeilage und Hinweise: <a href=\"https:\/\/lions-pharmacy.com\/wp-content\/uploads\/2023\/01\/EN_patient_info.pdf\" target=\"_blank\" rel=\"noopener\">EN<\/a> | <a href=\"https:\/\/lions-pharmacy.com\/wp-content\/uploads\/2023\/01\/FR_info_patient.pdf\" target=\"_blank\" rel=\"noopener\">FR<\/a> | <a href=\"https:\/\/lions-pharmacy.com\/wp-content\/uploads\/2023\/01\/ES_info_paciente.pdf\">ES<\/a> | <a href=\"https:\/\/lions-pharmacy.com\/wp-content\/uploads\/2022\/12\/labolife-Patientenflyer-lobo-life-customer-information-lion-pharmacy-lowen-apotheke.pdf\" target=\"_blank\" rel=\"noopener\">DE<\/a> (PDF reader)<\/p>\n<p>Alternativer Produktname: <a href=\"https:\/\/lions-pharmacy.com\/de\/produktmarke\/labo-life-de\">Labo Life<\/a> 2L MISEN<\/p>\n<p>Andere Kunden interessierten sich auch f\u00fcr Produkte zum Thema:<\/p>\n<p>Weitere Produktdetails zu Labo Life Produkten finden Sie beim Hersteller: <a href=\"https:\/\/www.labolife.com\/en\" target=\"_blank\" rel=\"noopener\">Labo Life<\/a><\/p>\n<p>Zu Risiken und Nebenwirkungen lesen Sie die Packungsbeilage und fragen Sie Ihren Arzt oder Apotheker.<\/p>\n<p>Informationen auf dieser Website werden ausschlie\u00dflich f\u00fcr informative Zwecke zur Verf\u00fcgung gestellt. Sie ersetzen keinesfalls die Untersuchung und Behandlung durch einen Arzt. Bitte beachten Sie, dass hierdurch weder Diagnosen gestellt noch Therapien eingeleitet werden k\u00f6nnen.<\/p>\n<h3>Mikroimmuntherapie<\/h3>\n<p>Die Mikroimmuntherapie ist eine immunmodulierende Therapie, die die gleichen Botenstoffe wie das Immunsystem (z. B. Zytokine, Hormone, Wachstumsfaktoren, Nukleins\u00e4uren) nutzt, um Informationen an den K\u00f6rper weiterzuleiten und die Immunantwort &#8220;neu einzustellen&#8221;. Mit anderen Worten, sein Ziel ist es, die korrekte Kommunikation zwischen den Zellen des Immunsystems wiederherzustellen, um ihnen zu helfen, ihre angeborene F\u00e4higkeit wiederzuerlangen, uns gegen Aggressoren zu verteidigen oder ihre Reaktion zu begrenzen, wenn sie \u00fcbertrieben ist. <\/p>\n<p>Im Unterschied zu der klassischen Immuntherapie werden in den Pr\u00e4paraten der <a href=\"https:\/\/lions-pharmacy.com\/de\/produkt-schlagwort\/mikroimmuntherapie\">Mikroimmuntherapie<\/a> eine Vielzahl von Immunsubstanzen (sogenannte \u201eBotenstoffe\u201c) eingesetzt. Diese werden in niedrigen Konzentrationen (niedrig dosiert) durch einen Verd\u00fcnnungs-Dynamisierungsprozess hergestellt, wodurch eine hohe Vertr\u00e4glichkeit gew\u00e4hrleistet wird. Je nachdem, ob eine Stimulation, Modulation oder Hemmung des Organismus gew\u00fcnscht wird, k\u00f6nnen die verwendeten Konzentrationsniveaus innerhalb derselben Formel variieren.  Analog zu den nat\u00fcrlichen Vorg\u00e4ngen im Organismus werden die Substanzen in einer bestimmten Sequenz, einer pr\u00e4zisen Reihenfolge, verabreicht.<\/p>\n<p>Die Mikroimmuntherapie kann ein treuer Verb\u00fcndeter bei der Behandlung von Krankheiten sein, die auf ein Ungleichgewicht des Immunsystems zur\u00fcckzuf\u00fchren sind, sowohl akute als auch chronische. Dazu geh\u00f6ren infekti\u00f6se und onkologische Pathologien oder Autoimmunerkrankungen. <a href=\"https:\/\/lions-pharmacy.com\/de\/produkt-schlagwort\/mikroimmuntherapie\">Die Mikroimmuntherapie<\/a> ersetzt das Immunsystem nicht, zwingt oder blockiert es nicht, sondern informiert die Immunit\u00e4t auf subtile Weise und ist daher mit anderen Behandlungen kompatibel.<\/p>\n<p>Weitere Informationen zur <a href=\"https:\/\/www.labolife.com\/de\" target=\"_blank\" rel=\"noopener noreferrer\">Mikroimmuntherapie<\/a> finden Sie beim Hersteller: Labo Life<\/p>\n<p>Zu Risiken und Nebenwirkungen lesen Sie die Packungsbeilage und fragen Sie Ihren Arzt oder Apotheker.<\/p>\n","protected":false},"excerpt":{"rendered":"<h2>Labo Life 2LMISEN<\/h2>\n<p>Labo Life Produkte importiert die L\u00f6wen Apotheke f\u00fcr auf Ihren Wunsch.<\/p>\n<p>&nbsp;<\/p>\n<p><strong>PZN<\/strong>: &#8211; (Pharmazentralnummer)<\/p>\n<p><strong>Darreichungsform<\/strong>: Kapseln<\/p>\n<p><strong>Verschreibungsart<\/strong>: verschreibungsfrei<\/p>\n<p><strong>Marke<\/strong>: <a href=\"https:\/\/lions-pharmacy.com\/de\/produktmarke\/labo-life-de\">Labo Life<\/a><\/p>\n<p><strong>Hersteller<\/strong>: Labo&#8217;Life Belgien, Rue Camille Hubert 11, 5032 Gembloux.<\/p>\n<p><strong>Packungsgr\u00f6\u00dfe<\/strong>: 30 St\u00fcck.<\/p>\n","protected":false},"featured_media":17485,"comment_status":"closed","ping_status":"closed","template":"","meta":[],"product_brand":[],"product_cat":[365,367,368],"product_tag":[377,784,380],"class_list":{"0":"post-2713","1":"product","2":"type-product","3":"status-publish","4":"has-post-thumbnail","6":"product_cat-labo-life-de","7":"product_cat-sale-de","8":"product_cat-shop-de","9":"product_tag-2lmisen-de","10":"product_tag-einzelimport-keine-rucknahme","11":"product_tag-mikroimmuntherapie","12":"ts_product_brand-alle","13":"ts_product_brand-labo-life-de","15":"first","16":"instock","17":"taxable","18":"shipping-taxable","19":"purchasable","20":"product-type-simple"},"yoast_head":"<!-- This site is optimized with the Yoast SEO plugin v26.5 - https:\/\/yoast.com\/wordpress\/plugins\/seo\/ -->\n<title>Labo Life 2LMISEN &#187; L\u00f6wen Apotheke<\/title>\n<meta name=\"description\" content=\"Labo Life 2LMISEN &#187; Mikroimmuntherapie &#187; Kaufen Sie online bei L\u00f6wen Apotheke - Spezialist f\u00fcr Naturheilkunde. Schneller internationaler Versand &amp; Top Service.\" \/>\n<meta name=\"robots\" content=\"index, follow, max-snippet:-1, max-image-preview:large, max-video-preview:-1\" \/>\n<link rel=\"canonical\" href=\"https:\/\/lions-pharmacy.com\/de\/produkt\/labo-life-2lmisen\" \/>\n<meta property=\"og:locale\" content=\"de_DE\" \/>\n<meta property=\"og:type\" content=\"article\" \/>\n<meta property=\"og:title\" content=\"Labo Life 2LMISEN &#187; L\u00f6wen Apotheke\" \/>\n<meta property=\"og:description\" content=\"Labo Life 2LMISEN &#187; Mikroimmuntherapie &#187; Kaufen Sie online bei L\u00f6wen Apotheke - Spezialist f\u00fcr Naturheilkunde. Schneller internationaler Versand &amp; Top Service.\" \/>\n<meta property=\"og:url\" content=\"https:\/\/lions-pharmacy.com\/de\/produkt\/labo-life-2lmisen\" \/>\n<meta property=\"og:site_name\" content=\"L\u00f6wen Apotheke\" \/>\n<meta property=\"article:modified_time\" content=\"2025-11-29T18:58:36+00:00\" \/>\n<meta property=\"og:image\" content=\"https:\/\/lions-pharmacy.com\/wp-content\/uploads\/2025\/11\/2LMISEN_Labo-Life_Lowen-Apotheke24.webp\" \/>\n\t<meta property=\"og:image:width\" content=\"600\" \/>\n\t<meta property=\"og:image:height\" content=\"600\" \/>\n\t<meta property=\"og:image:type\" content=\"image\/webp\" \/>\n<meta name=\"twitter:card\" content=\"summary_large_image\" \/>\n<meta name=\"twitter:label1\" content=\"Gesch\u00e4tzte Lesezeit\" \/>\n\t<meta name=\"twitter:data1\" content=\"2\u00a0Minuten\" \/>\n<script type=\"application\/ld+json\" class=\"yoast-schema-graph\">{\"@context\":\"https:\/\/schema.org\",\"@graph\":[{\"@type\":\"WebPage\",\"@id\":\"https:\/\/lions-pharmacy.com\/de\/produkt\/labo-life-2lmisen\",\"url\":\"https:\/\/lions-pharmacy.com\/de\/produkt\/labo-life-2lmisen\",\"name\":\"Labo Life 2LMISEN &#187; L\u00f6wen Apotheke\",\"isPartOf\":{\"@id\":\"https:\/\/lions-pharmacy.com\/de#website\"},\"primaryImageOfPage\":{\"@id\":\"https:\/\/lions-pharmacy.com\/de\/produkt\/labo-life-2lmisen#primaryimage\"},\"image\":{\"@id\":\"https:\/\/lions-pharmacy.com\/de\/produkt\/labo-life-2lmisen#primaryimage\"},\"thumbnailUrl\":\"https:\/\/lions-pharmacy.com\/wp-content\/uploads\/2025\/11\/2LMISEN_Labo-Life_Lowen-Apotheke24.webp\",\"datePublished\":\"2022-12-29T14:30:31+00:00\",\"dateModified\":\"2025-11-29T18:58:36+00:00\",\"description\":\"Labo Life 2LMISEN &#187; Mikroimmuntherapie &#187; Kaufen Sie online bei L\u00f6wen Apotheke - Spezialist f\u00fcr Naturheilkunde. Schneller internationaler Versand & Top Service.\",\"breadcrumb\":{\"@id\":\"https:\/\/lions-pharmacy.com\/de\/produkt\/labo-life-2lmisen#breadcrumb\"},\"inLanguage\":\"de\",\"potentialAction\":[{\"@type\":\"ReadAction\",\"target\":[\"https:\/\/lions-pharmacy.com\/de\/produkt\/labo-life-2lmisen\"]}]},{\"@type\":\"ImageObject\",\"inLanguage\":\"de\",\"@id\":\"https:\/\/lions-pharmacy.com\/de\/produkt\/labo-life-2lmisen#primaryimage\",\"url\":\"https:\/\/lions-pharmacy.com\/wp-content\/uploads\/2025\/11\/2LMISEN_Labo-Life_Lowen-Apotheke24.webp\",\"contentUrl\":\"https:\/\/lions-pharmacy.com\/wp-content\/uploads\/2025\/11\/2LMISEN_Labo-Life_Lowen-Apotheke24.webp\",\"width\":600,\"height\":600,\"caption\":\"Das Bild zeigt eine Packung Labo Life 2L MISEN, 2LMISEN, Labo-Life, Lions-Pharmacy\"},{\"@type\":\"BreadcrumbList\",\"@id\":\"https:\/\/lions-pharmacy.com\/de\/produkt\/labo-life-2lmisen#breadcrumb\",\"itemListElement\":[{\"@type\":\"ListItem\",\"position\":1,\"name\":\"Home\",\"item\":\"https:\/\/lions-pharmacy.com\/de\/homepage-lion-pharmacy\"},{\"@type\":\"ListItem\",\"position\":2,\"name\":\"Shop\",\"item\":\"https:\/\/lions-pharmacy.com\/de\/shop-2\"},{\"@type\":\"ListItem\",\"position\":3,\"name\":\"Labo Life 2LMISEN\"}]},{\"@type\":\"WebSite\",\"@id\":\"https:\/\/lions-pharmacy.com\/de#website\",\"url\":\"https:\/\/lions-pharmacy.com\/de\",\"name\":\"Lions Pharmacy\",\"description\":\"Ihr Spezialist f\u00fcr Naturheilkunde aus Baden-Baden, Germany\",\"publisher\":{\"@id\":\"https:\/\/lions-pharmacy.com\/de#organization\"},\"alternateName\":\"Lion Pharmacy\",\"potentialAction\":[{\"@type\":\"SearchAction\",\"target\":{\"@type\":\"EntryPoint\",\"urlTemplate\":\"https:\/\/lions-pharmacy.com\/de?s={search_term_string}\"},\"query-input\":{\"@type\":\"PropertyValueSpecification\",\"valueRequired\":true,\"valueName\":\"search_term_string\"}}],\"inLanguage\":\"de\"},{\"@type\":\"Organization\",\"@id\":\"https:\/\/lions-pharmacy.com\/de#organization\",\"name\":\"Lions Pharmacy\",\"alternateName\":\"Lions Pharmacy24\",\"url\":\"https:\/\/lions-pharmacy.com\/de\",\"logo\":{\"@type\":\"ImageObject\",\"inLanguage\":\"de\",\"@id\":\"https:\/\/lions-pharmacy.com\/de#\/schema\/logo\/image\/\",\"url\":\"https:\/\/lions-pharmacy.com\/wp-content\/uploads\/2022\/12\/Logo-Lion-Pharmacy-c-o-Loewen-Apotheke-smal.jpg\",\"contentUrl\":\"https:\/\/lions-pharmacy.com\/wp-content\/uploads\/2022\/12\/Logo-Lion-Pharmacy-c-o-Loewen-Apotheke-smal.jpg\",\"width\":298,\"height\":99,\"caption\":\"Lions Pharmacy\"},\"image\":{\"@id\":\"https:\/\/lions-pharmacy.com\/de#\/schema\/logo\/image\/\"}}]}<\/script>\n<!-- \/ Yoast SEO plugin. -->","yoast_head_json":{"title":"Labo Life 2LMISEN &#187; L\u00f6wen Apotheke","description":"Labo Life 2LMISEN &#187; Mikroimmuntherapie &#187; Kaufen Sie online bei L\u00f6wen Apotheke - Spezialist f\u00fcr Naturheilkunde. Schneller internationaler Versand & Top Service.","robots":{"index":"index","follow":"follow","max-snippet":"max-snippet:-1","max-image-preview":"max-image-preview:large","max-video-preview":"max-video-preview:-1"},"canonical":"https:\/\/lions-pharmacy.com\/de\/produkt\/labo-life-2lmisen","og_locale":"de_DE","og_type":"article","og_title":"Labo Life 2LMISEN &#187; L\u00f6wen Apotheke","og_description":"Labo Life 2LMISEN &#187; Mikroimmuntherapie &#187; Kaufen Sie online bei L\u00f6wen Apotheke - Spezialist f\u00fcr Naturheilkunde. Schneller internationaler Versand & Top Service.","og_url":"https:\/\/lions-pharmacy.com\/de\/produkt\/labo-life-2lmisen","og_site_name":"L\u00f6wen Apotheke","article_modified_time":"2025-11-29T18:58:36+00:00","og_image":[{"width":600,"height":600,"url":"https:\/\/lions-pharmacy.com\/wp-content\/uploads\/2025\/11\/2LMISEN_Labo-Life_Lowen-Apotheke24.webp","type":"image\/webp"}],"twitter_card":"summary_large_image","twitter_misc":{"Gesch\u00e4tzte Lesezeit":"2\u00a0Minuten"},"schema":{"@context":"https:\/\/schema.org","@graph":[{"@type":"WebPage","@id":"https:\/\/lions-pharmacy.com\/de\/produkt\/labo-life-2lmisen","url":"https:\/\/lions-pharmacy.com\/de\/produkt\/labo-life-2lmisen","name":"Labo Life 2LMISEN &#187; L\u00f6wen Apotheke","isPartOf":{"@id":"https:\/\/lions-pharmacy.com\/de#website"},"primaryImageOfPage":{"@id":"https:\/\/lions-pharmacy.com\/de\/produkt\/labo-life-2lmisen#primaryimage"},"image":{"@id":"https:\/\/lions-pharmacy.com\/de\/produkt\/labo-life-2lmisen#primaryimage"},"thumbnailUrl":"https:\/\/lions-pharmacy.com\/wp-content\/uploads\/2025\/11\/2LMISEN_Labo-Life_Lowen-Apotheke24.webp","datePublished":"2022-12-29T14:30:31+00:00","dateModified":"2025-11-29T18:58:36+00:00","description":"Labo Life 2LMISEN &#187; Mikroimmuntherapie &#187; Kaufen Sie online bei L\u00f6wen Apotheke - Spezialist f\u00fcr Naturheilkunde. Schneller internationaler Versand & Top Service.","breadcrumb":{"@id":"https:\/\/lions-pharmacy.com\/de\/produkt\/labo-life-2lmisen#breadcrumb"},"inLanguage":"de","potentialAction":[{"@type":"ReadAction","target":["https:\/\/lions-pharmacy.com\/de\/produkt\/labo-life-2lmisen"]}]},{"@type":"ImageObject","inLanguage":"de","@id":"https:\/\/lions-pharmacy.com\/de\/produkt\/labo-life-2lmisen#primaryimage","url":"https:\/\/lions-pharmacy.com\/wp-content\/uploads\/2025\/11\/2LMISEN_Labo-Life_Lowen-Apotheke24.webp","contentUrl":"https:\/\/lions-pharmacy.com\/wp-content\/uploads\/2025\/11\/2LMISEN_Labo-Life_Lowen-Apotheke24.webp","width":600,"height":600,"caption":"Das Bild zeigt eine Packung Labo Life 2L MISEN, 2LMISEN, Labo-Life, Lions-Pharmacy"},{"@type":"BreadcrumbList","@id":"https:\/\/lions-pharmacy.com\/de\/produkt\/labo-life-2lmisen#breadcrumb","itemListElement":[{"@type":"ListItem","position":1,"name":"Home","item":"https:\/\/lions-pharmacy.com\/de\/homepage-lion-pharmacy"},{"@type":"ListItem","position":2,"name":"Shop","item":"https:\/\/lions-pharmacy.com\/de\/shop-2"},{"@type":"ListItem","position":3,"name":"Labo Life 2LMISEN"}]},{"@type":"WebSite","@id":"https:\/\/lions-pharmacy.com\/de#website","url":"https:\/\/lions-pharmacy.com\/de","name":"Lions Pharmacy","description":"Ihr Spezialist f\u00fcr Naturheilkunde aus Baden-Baden, Germany","publisher":{"@id":"https:\/\/lions-pharmacy.com\/de#organization"},"alternateName":"Lion Pharmacy","potentialAction":[{"@type":"SearchAction","target":{"@type":"EntryPoint","urlTemplate":"https:\/\/lions-pharmacy.com\/de?s={search_term_string}"},"query-input":{"@type":"PropertyValueSpecification","valueRequired":true,"valueName":"search_term_string"}}],"inLanguage":"de"},{"@type":"Organization","@id":"https:\/\/lions-pharmacy.com\/de#organization","name":"Lions Pharmacy","alternateName":"Lions Pharmacy24","url":"https:\/\/lions-pharmacy.com\/de","logo":{"@type":"ImageObject","inLanguage":"de","@id":"https:\/\/lions-pharmacy.com\/de#\/schema\/logo\/image\/","url":"https:\/\/lions-pharmacy.com\/wp-content\/uploads\/2022\/12\/Logo-Lion-Pharmacy-c-o-Loewen-Apotheke-smal.jpg","contentUrl":"https:\/\/lions-pharmacy.com\/wp-content\/uploads\/2022\/12\/Logo-Lion-Pharmacy-c-o-Loewen-Apotheke-smal.jpg","width":298,"height":99,"caption":"Lions Pharmacy"},"image":{"@id":"https:\/\/lions-pharmacy.com\/de#\/schema\/logo\/image\/"}}]}},"_links":{"self":[{"href":"https:\/\/lions-pharmacy.com\/de\/wp-json\/wp\/v2\/product\/2713","targetHints":{"allow":["GET"]}}],"collection":[{"href":"https:\/\/lions-pharmacy.com\/de\/wp-json\/wp\/v2\/product"}],"about":[{"href":"https:\/\/lions-pharmacy.com\/de\/wp-json\/wp\/v2\/types\/product"}],"replies":[{"embeddable":true,"href":"https:\/\/lions-pharmacy.com\/de\/wp-json\/wp\/v2\/comments?post=2713"}],"wp:featuredmedia":[{"embeddable":true,"href":"https:\/\/lions-pharmacy.com\/de\/wp-json\/wp\/v2\/media\/17485"}],"wp:attachment":[{"href":"https:\/\/lions-pharmacy.com\/de\/wp-json\/wp\/v2\/media?parent=2713"}],"wp:term":[{"taxonomy":"product_brand","embeddable":true,"href":"https:\/\/lions-pharmacy.com\/de\/wp-json\/wp\/v2\/product_brand?post=2713"},{"taxonomy":"product_cat","embeddable":true,"href":"https:\/\/lions-pharmacy.com\/de\/wp-json\/wp\/v2\/product_cat?post=2713"},{"taxonomy":"product_tag","embeddable":true,"href":"https:\/\/lions-pharmacy.com\/de\/wp-json\/wp\/v2\/product_tag?post=2713"}],"curies":[{"name":"wp","href":"https:\/\/api.w.org\/{rel}","templated":true}]}}