{"id":22996,"date":"2026-04-24T13:11:18","date_gmt":"2026-04-24T12:11:18","guid":{"rendered":"https:\/\/lions-pharmacy.com\/?post_type=product&#038;p=22996"},"modified":"2026-04-24T13:21:10","modified_gmt":"2026-04-24T12:21:10","slug":"orthomol-vital-tabletscapsules-30-pc-20182782","status":"publish","type":"product","link":"https:\/\/lions-pharmacy.com\/de\/produkt\/orthomol-vital-tabletscapsules-30-pc-20182782","title":{"rendered":"Orthomol Vital Tabletten+Kapseln (30 St\u00fcck)"},"content":{"rendered":"<h3>Orthomol Vital Tabletten+Kapseln<\/h3>\n<p>Das neue Orthomol Vital kombiniert bew\u00e4hrte, zertifizierte Qualit\u00e4t mit einer verbesserten Formel: Es enth\u00e4lt 26 spezifische N\u00e4hrstoffe, darunter den gesamten Vitamin-B-Komplex, Omega-3-Fetts\u00e4uren und weitere Vitamine und Mineralstoffe. Orthomol Vital enth\u00e4lt 26 spezifische N\u00e4hrstoffe. Es enth\u00e4lt den kompletten Vitamin B-Komplex, einschlie\u00dflich 1.000 \u00b5g Vitamin B12 pro Tagesportion. Mit Omega-3-Fetts\u00e4uren.<\/p>\n<p>B-Vitamine und Magnesium helfen nicht nur, M\u00fcdigkeit und Ersch\u00f6pfung zu verringern, sondern tragen auch zu einem normalen Energiestoffwechsel und einer normalen Funktion des Nervensystems bei.<\/p>\n<p>Nahrungserg\u00e4nzungsmittel sind kein Ersatz f\u00fcr eine abwechslungsreiche Ern\u00e4hrung. Eine ausgewogene Ern\u00e4hrung und ein gesunder Lebensstil sind wichtig. \u00dcberschreiten Sie nicht die empfohlene Tagesdosis. Au\u00dferhalb der Reichweite von kleinen Kindern aufbewahren.<\/p>\n<p>Produkte von Orthomol: Pioniere der orthomolekularen Ern\u00e4hrungsmedizin in Deutschland. Das Unternehmen entwickelt und vertreibt seit \u00fcber 30 Jahren ausgewogen dosierte Mikron\u00e4hrstoffkombinationen f\u00fcr verschiedene Anwendungsbereiche. Dabei handelt es sich um Mikron\u00e4hrstoffkombinationen, die auf der orthomolekularen Medizin basieren.<\/p>\n<p>Packungsbeilage\/Gebrauchsanweisung\/Artikeldatenblatt: &#8211; (PDF-Reader) und Lebensmittelinformationen: &#8211; (PDF-Reader).<\/p>\n<p>Andere Produkte f\u00fcr diese Anwendung: <a href=\"https:\/\/lions-pharmacy.com\/de\/produkt-schlagwort\/vitamine-und-nahrungserganzungsmittel\">Vitamine &amp; Nahrungserg\u00e4nzungsmittel<\/a> | <a href=\"https:\/\/lions-pharmacy.com\/de\/produkt-schlagwort\/naturliche-heilmittel\" rel=\"tag\">Naturheilmittel<\/a> | <a href=\"https:\/\/lions-pharmacy.com\/de\/produkt-schlagwort\/wellness-de\" rel=\"tag\">Wellness<\/a><\/p>\n<p>Erfahren Sie mehr \u00fcber den Hersteller und dieses Produkt: <a href=\"https:\/\/www.orthomol.com\/de-de\/produkte\/\" target=\"_blank\" rel=\"noopener\">orthomol<\/a> (Link zu externer Website)<\/p>\n<p>Informationen auf dieser Website werden ausschlie\u00dflich f\u00fcr informative Zwecke zur Verf\u00fcgung gestellt. Sie ersetzen keinesfalls die Untersuchung und Behandlung durch einen Arzt. Bitte beachten Sie, dass hierdurch weder Diagnosen gestellt noch Therapien eingeleitet werden k\u00f6nnen.<\/p>\n<p>Zu Risiken und Nebenwirkungen lesen Sie die Packungsbeilage und fragen Sie Ihren Arzt oder Apotheker.<\/p>\n","protected":false},"excerpt":{"rendered":"<h2>Orthomol Vital &#8211; NEU<\/h2>\n<p>Enth\u00e4lt wichtige Mikron\u00e4hrstoffe, darunter: B-Vitamine und Magnesium zur Verringerung von M\u00fcdigkeit und Ersch\u00f6pfung. Mit Omega-3-Fetts\u00e4uren.<\/p>\n<p>&nbsp;<\/p>\n<p><strong>PZN<\/strong>: 20182782<\/p>\n<p><strong>Darreichungsform<\/strong>: Kapseln, Tabletten, Granulat, Kombipackung<\/p>\n<p><strong>Verschreibungsart<\/strong>: verschreibungsfrei<\/p>\n<p><strong>Marke<\/strong>: orthomol<\/p>\n<p><strong>Hersteller<\/strong>: orthomol Arzneimittel GmbH, Langenfeld, Deutschland<\/p>\n","protected":false},"featured_media":23002,"comment_status":"closed","ping_status":"closed","template":"","meta":[],"product_brand":[],"product_cat":[757,368],"product_tag":[434,474,429,432],"class_list":{"0":"post-22996","1":"product","2":"type-product","3":"status-publish","4":"has-post-thumbnail","6":"product_cat-orthomol-de","7":"product_cat-shop-de","8":"product_tag-gewicht-und-fitness","9":"product_tag-pflanzlicher-wirkstoff","10":"product_tag-vitamine-und-nahrungserganzungsmittel","11":"product_tag-wellness-de","12":"ts_product_brand-alle","13":"ts_product_brand-orthomol-de","15":"first","16":"instock","17":"taxable","18":"shipping-taxable","19":"purchasable","20":"product-type-simple"},"yoast_head":"<!-- This site is optimized with the Yoast SEO plugin v26.5 - https:\/\/yoast.com\/wordpress\/plugins\/seo\/ -->\n<title>Orthomol Vital &#187; Orangengeschmack &#187; Jetzt mehr entdecken &amp; anzeigen<\/title>\n<meta name=\"description\" content=\"Hersteller: Orthomol. Erfahren Sie mehr \u00fcber Orthomol Vital Kombi-Packung (30 St\u00fcck). Wir bieten: Schneller internationaler Versand und sicheres Online-Shopping.\" \/>\n<meta name=\"robots\" content=\"index, follow, max-snippet:-1, max-image-preview:large, max-video-preview:-1\" \/>\n<link rel=\"canonical\" href=\"https:\/\/lions-pharmacy.com\/de\/produkt\/orthomol-vital-tabletscapsules-30-pc-20182782\" \/>\n<meta property=\"og:locale\" content=\"de_DE\" \/>\n<meta property=\"og:type\" content=\"article\" \/>\n<meta property=\"og:title\" content=\"Orthomol Vital &#187; Orangengeschmack &#187; Jetzt mehr entdecken &amp; anzeigen\" \/>\n<meta property=\"og:description\" content=\"Hersteller: Orthomol. Erfahren Sie mehr \u00fcber Orthomol Vital Kombi-Packung (30 St\u00fcck). Wir bieten: Schneller internationaler Versand und sicheres Online-Shopping.\" \/>\n<meta property=\"og:url\" content=\"https:\/\/lions-pharmacy.com\/de\/produkt\/orthomol-vital-tabletscapsules-30-pc-20182782\" \/>\n<meta property=\"og:site_name\" content=\"L\u00f6wen Apotheke\" \/>\n<meta property=\"article:modified_time\" content=\"2026-04-24T12:21:10+00:00\" \/>\n<meta property=\"og:image\" content=\"https:\/\/lions-pharmacy.com\/wp-content\/uploads\/2026\/04\/Neu-Orthomol-Vital-Orthomol-PZN-20182782-German-Pharmacy.webp\" \/>\n\t<meta property=\"og:image:width\" content=\"600\" \/>\n\t<meta property=\"og:image:height\" content=\"600\" \/>\n\t<meta property=\"og:image:type\" content=\"image\/webp\" \/>\n<meta name=\"twitter:card\" content=\"summary_large_image\" \/>\n<meta name=\"twitter:label1\" content=\"Gesch\u00e4tzte Lesezeit\" \/>\n\t<meta name=\"twitter:data1\" content=\"1\u00a0Minute\" \/>\n<script type=\"application\/ld+json\" class=\"yoast-schema-graph\">{\"@context\":\"https:\/\/schema.org\",\"@graph\":[{\"@type\":\"WebPage\",\"@id\":\"https:\/\/lions-pharmacy.com\/de\/produkt\/orthomol-vital-tabletscapsules-30-pc-20182782\",\"url\":\"https:\/\/lions-pharmacy.com\/de\/produkt\/orthomol-vital-tabletscapsules-30-pc-20182782\",\"name\":\"Orthomol Vital &#187; Orangengeschmack &#187; Jetzt mehr entdecken & anzeigen\",\"isPartOf\":{\"@id\":\"https:\/\/lions-pharmacy.com\/de#website\"},\"primaryImageOfPage\":{\"@id\":\"https:\/\/lions-pharmacy.com\/de\/produkt\/orthomol-vital-tabletscapsules-30-pc-20182782#primaryimage\"},\"image\":{\"@id\":\"https:\/\/lions-pharmacy.com\/de\/produkt\/orthomol-vital-tabletscapsules-30-pc-20182782#primaryimage\"},\"thumbnailUrl\":\"https:\/\/lions-pharmacy.com\/wp-content\/uploads\/2026\/04\/Neu-Orthomol-Vital-Orthomol-PZN-20182782-German-Pharmacy.webp\",\"datePublished\":\"2026-04-24T12:11:18+00:00\",\"dateModified\":\"2026-04-24T12:21:10+00:00\",\"description\":\"Hersteller: Orthomol. Erfahren Sie mehr \u00fcber Orthomol Vital Kombi-Packung (30 St\u00fcck). Wir bieten: Schneller internationaler Versand und sicheres Online-Shopping.\",\"breadcrumb\":{\"@id\":\"https:\/\/lions-pharmacy.com\/de\/produkt\/orthomol-vital-tabletscapsules-30-pc-20182782#breadcrumb\"},\"inLanguage\":\"de\",\"potentialAction\":[{\"@type\":\"ReadAction\",\"target\":[\"https:\/\/lions-pharmacy.com\/de\/produkt\/orthomol-vital-tabletscapsules-30-pc-20182782\"]}]},{\"@type\":\"ImageObject\",\"inLanguage\":\"de\",\"@id\":\"https:\/\/lions-pharmacy.com\/de\/produkt\/orthomol-vital-tabletscapsules-30-pc-20182782#primaryimage\",\"url\":\"https:\/\/lions-pharmacy.com\/wp-content\/uploads\/2026\/04\/Neu-Orthomol-Vital-Orthomol-PZN-20182782-German-Pharmacy.webp\",\"contentUrl\":\"https:\/\/lions-pharmacy.com\/wp-content\/uploads\/2026\/04\/Neu-Orthomol-Vital-Orthomol-PZN-20182782-German-Pharmacy.webp\",\"width\":600,\"height\":600,\"caption\":\"Neu Orthomol Vital Orthomol PZN-20182782 Deutsch-Apotheke\"},{\"@type\":\"BreadcrumbList\",\"@id\":\"https:\/\/lions-pharmacy.com\/de\/produkt\/orthomol-vital-tabletscapsules-30-pc-20182782#breadcrumb\",\"itemListElement\":[{\"@type\":\"ListItem\",\"position\":1,\"name\":\"Home\",\"item\":\"https:\/\/lions-pharmacy.com\/de\/homepage-lion-pharmacy\"},{\"@type\":\"ListItem\",\"position\":2,\"name\":\"Shop\",\"item\":\"https:\/\/lions-pharmacy.com\/de\/shop-2\"},{\"@type\":\"ListItem\",\"position\":3,\"name\":\"Orthomol Vital Tabletten+Kapseln (30 St\u00fcck)\"}]},{\"@type\":\"WebSite\",\"@id\":\"https:\/\/lions-pharmacy.com\/de#website\",\"url\":\"https:\/\/lions-pharmacy.com\/de\",\"name\":\"Lions Pharmacy\",\"description\":\"Ihr Spezialist f\u00fcr Naturheilkunde aus Baden-Baden, Germany\",\"publisher\":{\"@id\":\"https:\/\/lions-pharmacy.com\/de#organization\"},\"alternateName\":\"Lion Pharmacy\",\"potentialAction\":[{\"@type\":\"SearchAction\",\"target\":{\"@type\":\"EntryPoint\",\"urlTemplate\":\"https:\/\/lions-pharmacy.com\/de?s={search_term_string}\"},\"query-input\":{\"@type\":\"PropertyValueSpecification\",\"valueRequired\":true,\"valueName\":\"search_term_string\"}}],\"inLanguage\":\"de\"},{\"@type\":\"Organization\",\"@id\":\"https:\/\/lions-pharmacy.com\/de#organization\",\"name\":\"Lions Pharmacy\",\"alternateName\":\"Lions Pharmacy24\",\"url\":\"https:\/\/lions-pharmacy.com\/de\",\"logo\":{\"@type\":\"ImageObject\",\"inLanguage\":\"de\",\"@id\":\"https:\/\/lions-pharmacy.com\/de#\/schema\/logo\/image\/\",\"url\":\"https:\/\/lions-pharmacy.com\/wp-content\/uploads\/2022\/12\/Logo-Lion-Pharmacy-c-o-Loewen-Apotheke-smal.jpg\",\"contentUrl\":\"https:\/\/lions-pharmacy.com\/wp-content\/uploads\/2022\/12\/Logo-Lion-Pharmacy-c-o-Loewen-Apotheke-smal.jpg\",\"width\":298,\"height\":99,\"caption\":\"Lions Pharmacy\"},\"image\":{\"@id\":\"https:\/\/lions-pharmacy.com\/de#\/schema\/logo\/image\/\"}}]}<\/script>\n<!-- \/ Yoast SEO plugin. -->","yoast_head_json":{"title":"Orthomol Vital &#187; Orangengeschmack &#187; Jetzt mehr entdecken & anzeigen","description":"Hersteller: Orthomol. Erfahren Sie mehr \u00fcber Orthomol Vital Kombi-Packung (30 St\u00fcck). Wir bieten: Schneller internationaler Versand und sicheres Online-Shopping.","robots":{"index":"index","follow":"follow","max-snippet":"max-snippet:-1","max-image-preview":"max-image-preview:large","max-video-preview":"max-video-preview:-1"},"canonical":"https:\/\/lions-pharmacy.com\/de\/produkt\/orthomol-vital-tabletscapsules-30-pc-20182782","og_locale":"de_DE","og_type":"article","og_title":"Orthomol Vital &#187; Orangengeschmack &#187; Jetzt mehr entdecken & anzeigen","og_description":"Hersteller: Orthomol. Erfahren Sie mehr \u00fcber Orthomol Vital Kombi-Packung (30 St\u00fcck). Wir bieten: Schneller internationaler Versand und sicheres Online-Shopping.","og_url":"https:\/\/lions-pharmacy.com\/de\/produkt\/orthomol-vital-tabletscapsules-30-pc-20182782","og_site_name":"L\u00f6wen Apotheke","article_modified_time":"2026-04-24T12:21:10+00:00","og_image":[{"width":600,"height":600,"url":"https:\/\/lions-pharmacy.com\/wp-content\/uploads\/2026\/04\/Neu-Orthomol-Vital-Orthomol-PZN-20182782-German-Pharmacy.webp","type":"image\/webp"}],"twitter_card":"summary_large_image","twitter_misc":{"Gesch\u00e4tzte Lesezeit":"1\u00a0Minute"},"schema":{"@context":"https:\/\/schema.org","@graph":[{"@type":"WebPage","@id":"https:\/\/lions-pharmacy.com\/de\/produkt\/orthomol-vital-tabletscapsules-30-pc-20182782","url":"https:\/\/lions-pharmacy.com\/de\/produkt\/orthomol-vital-tabletscapsules-30-pc-20182782","name":"Orthomol Vital &#187; Orangengeschmack &#187; Jetzt mehr entdecken & anzeigen","isPartOf":{"@id":"https:\/\/lions-pharmacy.com\/de#website"},"primaryImageOfPage":{"@id":"https:\/\/lions-pharmacy.com\/de\/produkt\/orthomol-vital-tabletscapsules-30-pc-20182782#primaryimage"},"image":{"@id":"https:\/\/lions-pharmacy.com\/de\/produkt\/orthomol-vital-tabletscapsules-30-pc-20182782#primaryimage"},"thumbnailUrl":"https:\/\/lions-pharmacy.com\/wp-content\/uploads\/2026\/04\/Neu-Orthomol-Vital-Orthomol-PZN-20182782-German-Pharmacy.webp","datePublished":"2026-04-24T12:11:18+00:00","dateModified":"2026-04-24T12:21:10+00:00","description":"Hersteller: Orthomol. Erfahren Sie mehr \u00fcber Orthomol Vital Kombi-Packung (30 St\u00fcck). Wir bieten: Schneller internationaler Versand und sicheres Online-Shopping.","breadcrumb":{"@id":"https:\/\/lions-pharmacy.com\/de\/produkt\/orthomol-vital-tabletscapsules-30-pc-20182782#breadcrumb"},"inLanguage":"de","potentialAction":[{"@type":"ReadAction","target":["https:\/\/lions-pharmacy.com\/de\/produkt\/orthomol-vital-tabletscapsules-30-pc-20182782"]}]},{"@type":"ImageObject","inLanguage":"de","@id":"https:\/\/lions-pharmacy.com\/de\/produkt\/orthomol-vital-tabletscapsules-30-pc-20182782#primaryimage","url":"https:\/\/lions-pharmacy.com\/wp-content\/uploads\/2026\/04\/Neu-Orthomol-Vital-Orthomol-PZN-20182782-German-Pharmacy.webp","contentUrl":"https:\/\/lions-pharmacy.com\/wp-content\/uploads\/2026\/04\/Neu-Orthomol-Vital-Orthomol-PZN-20182782-German-Pharmacy.webp","width":600,"height":600,"caption":"Neu Orthomol Vital Orthomol PZN-20182782 Deutsch-Apotheke"},{"@type":"BreadcrumbList","@id":"https:\/\/lions-pharmacy.com\/de\/produkt\/orthomol-vital-tabletscapsules-30-pc-20182782#breadcrumb","itemListElement":[{"@type":"ListItem","position":1,"name":"Home","item":"https:\/\/lions-pharmacy.com\/de\/homepage-lion-pharmacy"},{"@type":"ListItem","position":2,"name":"Shop","item":"https:\/\/lions-pharmacy.com\/de\/shop-2"},{"@type":"ListItem","position":3,"name":"Orthomol Vital Tabletten+Kapseln (30 St\u00fcck)"}]},{"@type":"WebSite","@id":"https:\/\/lions-pharmacy.com\/de#website","url":"https:\/\/lions-pharmacy.com\/de","name":"Lions Pharmacy","description":"Ihr Spezialist f\u00fcr Naturheilkunde aus Baden-Baden, Germany","publisher":{"@id":"https:\/\/lions-pharmacy.com\/de#organization"},"alternateName":"Lion Pharmacy","potentialAction":[{"@type":"SearchAction","target":{"@type":"EntryPoint","urlTemplate":"https:\/\/lions-pharmacy.com\/de?s={search_term_string}"},"query-input":{"@type":"PropertyValueSpecification","valueRequired":true,"valueName":"search_term_string"}}],"inLanguage":"de"},{"@type":"Organization","@id":"https:\/\/lions-pharmacy.com\/de#organization","name":"Lions Pharmacy","alternateName":"Lions Pharmacy24","url":"https:\/\/lions-pharmacy.com\/de","logo":{"@type":"ImageObject","inLanguage":"de","@id":"https:\/\/lions-pharmacy.com\/de#\/schema\/logo\/image\/","url":"https:\/\/lions-pharmacy.com\/wp-content\/uploads\/2022\/12\/Logo-Lion-Pharmacy-c-o-Loewen-Apotheke-smal.jpg","contentUrl":"https:\/\/lions-pharmacy.com\/wp-content\/uploads\/2022\/12\/Logo-Lion-Pharmacy-c-o-Loewen-Apotheke-smal.jpg","width":298,"height":99,"caption":"Lions Pharmacy"},"image":{"@id":"https:\/\/lions-pharmacy.com\/de#\/schema\/logo\/image\/"}}]}},"_links":{"self":[{"href":"https:\/\/lions-pharmacy.com\/de\/wp-json\/wp\/v2\/product\/22996","targetHints":{"allow":["GET"]}}],"collection":[{"href":"https:\/\/lions-pharmacy.com\/de\/wp-json\/wp\/v2\/product"}],"about":[{"href":"https:\/\/lions-pharmacy.com\/de\/wp-json\/wp\/v2\/types\/product"}],"replies":[{"embeddable":true,"href":"https:\/\/lions-pharmacy.com\/de\/wp-json\/wp\/v2\/comments?post=22996"}],"wp:featuredmedia":[{"embeddable":true,"href":"https:\/\/lions-pharmacy.com\/de\/wp-json\/wp\/v2\/media\/23002"}],"wp:attachment":[{"href":"https:\/\/lions-pharmacy.com\/de\/wp-json\/wp\/v2\/media?parent=22996"}],"wp:term":[{"taxonomy":"product_brand","embeddable":true,"href":"https:\/\/lions-pharmacy.com\/de\/wp-json\/wp\/v2\/product_brand?post=22996"},{"taxonomy":"product_cat","embeddable":true,"href":"https:\/\/lions-pharmacy.com\/de\/wp-json\/wp\/v2\/product_cat?post=22996"},{"taxonomy":"product_tag","embeddable":true,"href":"https:\/\/lions-pharmacy.com\/de\/wp-json\/wp\/v2\/product_tag?post=22996"}],"curies":[{"name":"wp","href":"https:\/\/api.w.org\/{rel}","templated":true}]}}