{"id":22155,"date":"2026-03-29T06:51:44","date_gmt":"2026-03-29T05:51:44","guid":{"rendered":"https:\/\/lions-pharmacy.com\/?post_type=product&#038;p=22155"},"modified":"2026-04-02T07:26:05","modified_gmt":"2026-04-02T06:26:05","slug":"zinzino-balanceoil-grapefruit-300-ml","status":"publish","type":"product","link":"https:\/\/lions-pharmacy.com\/de\/produkt\/zinzino-balanceoil-grapefruit-300-ml","title":{"rendered":"ZINZINO BalanceOil+ Grapefruit (300 ml)"},"content":{"rendered":"<h3>ZINZINO BalanceOil+ 300 ml<\/h3>\n<p>ZINZINO BalanceOil+ wird in einer Reihe von verschiedenen nat\u00fcrlichen Geschmacksrichtungen angeboten. Eine Mischung aus reinem Fisch\u00f6l von kleinen, wild gefangenen Fischen mit Omega-3 in seiner unver\u00e4nderten Triglyceridform. Hochwertiges natives Oliven\u00f6l extra aus vor der Ernte geernteten Oliven h\u00e4lt die essentiellen Omega-3-N\u00e4hrstoffe frisch und wirksam, damit sie vom K\u00f6rper vollst\u00e4ndig aufgenommen werden k\u00f6nnen.<\/p>\n<p>Empfohlene Anwendung: 0,15 ml pro Kilo K\u00f6rpergewicht. Passen Sie die Portionsgr\u00f6\u00dfe je nach K\u00f6rpergewicht an, z. B. Erwachsene mit einem K\u00f6rpergewicht von 50 kg: 7,5 ml t\u00e4glich und Erwachsene mit einem K\u00f6rpergewicht von 80 kg: 12 ml t\u00e4glich. Die empfohlene Tagesdosis darf nicht \u00fcberschritten werden. Ein Nahrungserg\u00e4nzungsmittel sollte eine abwechslungsreiche, ausgewogene Ern\u00e4hrung und eine gesunde Lebensweise nicht ersetzen.<\/p>\n<p>Vorsicht! Wenn Sie blutverd\u00fcnnende Medikamente einnehmen, konsultieren Sie Ihren Arzt, bevor Sie BalanceOil+ verwenden.<\/p>\n<p>Anwendungsgebiete: Augen, Herz- und Kreislauffunktion, Immunsystem, Konzentrationsschw\u00e4che, Vitalit\u00e4t<\/p>\n<h3>Produktdetails &amp; obligatorische Informationen<\/h3>\n<p>Packungsbeilage: &#8211; (PDF-Reader) und Lebensmittelinformationen.<\/p>\n<p>Zutaten: N\u00e4hrwertangaben und Inhalt von: 12 ml, Fisch\u00f6l 6627 mg, Omega-3-Fetts\u00e4uren 2478 mg, davon C20:5 EPA 1283 mg, davon C22:6 DHA 683 mg, Oliven\u00f6l 4092 mg, davon Fetts\u00e4uren (Omega-9) 3069 mg, davon Polyphenole 3,5 mg, Vitamin D3 20 \u00b5g<\/p>\n<p>Erfahren Sie mehr \u00fcber den Hersteller und dieses Produkt: <a href=\"https:\/\/www.zinzino.com\/shop\/2020670485\/DE\/de-DE\/products\/shop\" target=\"_blank\" rel=\"noopener\">Zinzino<\/a> (Link zu externer Website)<\/p>\n<p>Informationen auf dieser Website werden ausschlie\u00dflich f\u00fcr informative Zwecke zur Verf\u00fcgung gestellt. Sie ersetzen keinesfalls die Untersuchung und Behandlung durch einen Arzt. Bitte beachten Sie, dass hierdurch weder Diagnosen gestellt noch Therapien eingeleitet werden k\u00f6nnen. Einzelimport &#8211; Wir importieren dieses Medikament f\u00fcr Sie. Dies f\u00fchrt zu einer l\u00e4ngeren Lieferzeit. R\u00fcckgaben f\u00fcr einzelne Importe sind ausgeschlossen.<\/p>\n<p>Zu Risiken und Nebenwirkungen lesen Sie die Packungsbeilage und fragen Sie Ihren Arzt oder Apotheker.<\/p>\n<h4><\/h4>\n<h3>Expertentipp aus der Apotheke:<\/h3>\n<p>Unser Apotheker empfiehlt die folgenden Produkte f\u00fcr Langlebigkeit, Konzentration und Stress: <a href=\"https:\/\/lions-pharmacy.com\/de\/produkt\/neurapas-balance-100-st-4150014981430\">Neurapas Balance<\/a> &#8211; bew\u00e4hrt und besonders wirksam.<\/p>\n<p>Andere Produkte f\u00fcr diese Anwendung: <a href=\"https:\/\/lions-pharmacy.com\/de\/produkt-schlagwort\/vitamine-und-nahrungserganzungsmittel\">Vitamine &amp; Nahrungserg\u00e4nzungsmittel<\/a> | <a href=\"https:\/\/lions-pharmacy.com\/de\/produkt-schlagwort\/naturliche-heilmittel\" rel=\"tag\">Naturheilmittel<\/a> | <a href=\"https:\/\/lions-pharmacy.com\/de\/produkt-schlagwort\/wellness-de\" rel=\"tag\">Wellness<\/a><\/p>\n<h3>Haben Sie Fragen zu diesem Produkt? Wir sind f\u00fcr Sie da!<\/h3>\n<p>Unsere leitende Apothekerin, Dr. Sandra Hoff, und ihr Team beraten Sie gerne pers\u00f6nlich &#8211; per Telefon oder E-Mail. Als echte Apotheke vor Ort und autorisierte Versandapotheke bieten wir Ihnen kompetente Unterst\u00fctzung, insbesondere in den Bereichen <a href=\"https:\/\/lions-pharmacy.com\/de\/produkt-schlagwort\/naturliche-heilmittel\">Naturheilkunde<\/a> und <a href=\"https:\/\/lions-pharmacy.com\/de\/produkt-schlagwort\/vitamine-und-nahrungserganzungsmittel\">Nahrungserg\u00e4nzungsmittel<\/a>. Sie finden unsere Genehmigung als Eintrag im <a href=\"https:\/\/versandhandel.dimdi.de\/websearch\/servlet\/Gate;jsessionid=0D29D15655BE1174E9178A340E8FE6BC?accessid=dimdi_var&amp;term=3c387956690121ccc8763184f052b93f\" target=\"_blank\" rel=\"noopener\">Versandhandelsregister<\/a>.<\/p>\n<h3>L\u00f6sen Sie ein Rezept oder ein e-Rezept ein:<\/h3>\n<p>Haben Sie ein Rezept oder ein e-Rezept? Reichen Sie es bequem \u00fcber unsere <a href=\"https:\/\/e-rezept-app.de\/shop-rezept\" target=\"_blank\" rel=\"noopener\">E-Rezept-App<\/a> ein &#8211; auch Privatrezepte f\u00fcr Selbstzahler sind m\u00f6glich. Schnell, sicher und einfach.<\/p>\n","protected":false},"excerpt":{"rendered":"<h2>ZINZINO BalanceOil+<\/h2>\n<p>Omega-3-Fetts\u00e4uren EPA &amp; DHA: k\u00f6nnen bei einer t\u00e4glichen Aufnahme von 250 mg zu einer normalen Herzfunktion beitragen. Geschmack: Grapefruit &#8211; Zitrone<\/p>\n<p>&nbsp;<\/p>\n<p><strong>PZN<\/strong>: 08000051 (Pharmazentralnummer)<\/p>\n<p><strong>Darreichungsform<\/strong>: fl\u00fcssig<\/p>\n<p><strong>Verschreibungsart<\/strong>: verschreibungsfrei<\/p>\n<p><strong>Marke<\/strong>: Zinzino<\/p>\n<p><strong>Hersteller<\/strong>: Zinzino AB, Gotenbourg, Schweden.<\/p>\n","protected":false},"featured_media":21492,"comment_status":"closed","ping_status":"closed","template":"","meta":[],"product_brand":[905],"product_cat":[368],"product_tag":[434,433,386,472,474,512,429],"class_list":{"0":"post-22155","1":"product","2":"type-product","3":"status-publish","4":"has-post-thumbnail","6":"product_brand-zinzino","7":"product_cat-shop-de","8":"product_tag-gewicht-und-fitness","9":"product_tag-gewichtsmanagement","10":"product_tag-konzentration-stress","11":"product_tag-naturliche-heilmittel","12":"product_tag-pflanzlicher-wirkstoff","13":"product_tag-pflanzlicher-wirkstoff-de","14":"product_tag-vitamine-und-nahrungserganzungsmittel","15":"ts_product_brand-alle","17":"first","18":"instock","19":"taxable","20":"shipping-taxable","21":"purchasable","22":"product-type-simple"},"yoast_head":"<!-- This site is optimized with the Yoast SEO plugin v26.5 - https:\/\/yoast.com\/wordpress\/plugins\/seo\/ -->\n<title>ZINZINO BalanceOil+ Grapefruit (300 ml) &#187; hier bestellen<\/title>\n<meta name=\"description\" content=\"Omega-3-\u00d6l: reich an EPA und DHA. Erfahren Sie mehr \u00fcber ZINZINO BalanceOil+ Grapefruit (300 ml). Wir bieten: Schnellen Versand &amp; sicheres Online-Shopping.\" \/>\n<meta name=\"robots\" content=\"index, follow, max-snippet:-1, max-image-preview:large, max-video-preview:-1\" \/>\n<link rel=\"canonical\" href=\"https:\/\/lions-pharmacy.com\/de\/produkt\/zinzino-balanceoil-grapefruit-300-ml\" \/>\n<meta property=\"og:locale\" content=\"de_DE\" \/>\n<meta property=\"og:type\" content=\"article\" \/>\n<meta property=\"og:title\" content=\"ZINZINO BalanceOil+ Grapefruit (300 ml) &#187; hier bestellen\" \/>\n<meta property=\"og:description\" content=\"Omega-3-\u00d6l: reich an EPA und DHA. Erfahren Sie mehr \u00fcber ZINZINO BalanceOil+ Grapefruit (300 ml). Wir bieten: Schnellen Versand &amp; sicheres Online-Shopping.\" \/>\n<meta property=\"og:url\" content=\"https:\/\/lions-pharmacy.com\/de\/produkt\/zinzino-balanceoil-grapefruit-300-ml\" \/>\n<meta property=\"og:site_name\" content=\"L\u00f6wen Apotheke\" \/>\n<meta property=\"article:modified_time\" content=\"2026-04-02T06:26:05+00:00\" \/>\n<meta property=\"og:image\" content=\"https:\/\/lions-pharmacy.com\/wp-content\/uploads\/2025\/12\/Zinzino-balanceoil-with-omega-3.webp\" \/>\n\t<meta property=\"og:image:width\" content=\"600\" \/>\n\t<meta property=\"og:image:height\" content=\"600\" \/>\n\t<meta property=\"og:image:type\" content=\"image\/webp\" \/>\n<meta name=\"twitter:card\" content=\"summary_large_image\" \/>\n<meta name=\"twitter:label1\" content=\"Gesch\u00e4tzte Lesezeit\" \/>\n\t<meta name=\"twitter:data1\" content=\"2\u00a0Minuten\" \/>\n<script type=\"application\/ld+json\" class=\"yoast-schema-graph\">{\"@context\":\"https:\/\/schema.org\",\"@graph\":[{\"@type\":\"WebPage\",\"@id\":\"https:\/\/lions-pharmacy.com\/de\/produkt\/zinzino-balanceoil-grapefruit-300-ml\",\"url\":\"https:\/\/lions-pharmacy.com\/de\/produkt\/zinzino-balanceoil-grapefruit-300-ml\",\"name\":\"ZINZINO BalanceOil+ Grapefruit (300 ml) &#187; hier bestellen\",\"isPartOf\":{\"@id\":\"https:\/\/lions-pharmacy.com\/de#website\"},\"primaryImageOfPage\":{\"@id\":\"https:\/\/lions-pharmacy.com\/de\/produkt\/zinzino-balanceoil-grapefruit-300-ml#primaryimage\"},\"image\":{\"@id\":\"https:\/\/lions-pharmacy.com\/de\/produkt\/zinzino-balanceoil-grapefruit-300-ml#primaryimage\"},\"thumbnailUrl\":\"https:\/\/lions-pharmacy.com\/wp-content\/uploads\/2025\/12\/Zinzino-balanceoil-with-omega-3.webp\",\"datePublished\":\"2026-03-29T05:51:44+00:00\",\"dateModified\":\"2026-04-02T06:26:05+00:00\",\"description\":\"Omega-3-\u00d6l: reich an EPA und DHA. Erfahren Sie mehr \u00fcber ZINZINO BalanceOil+ Grapefruit (300 ml). Wir bieten: Schnellen Versand & sicheres Online-Shopping.\",\"breadcrumb\":{\"@id\":\"https:\/\/lions-pharmacy.com\/de\/produkt\/zinzino-balanceoil-grapefruit-300-ml#breadcrumb\"},\"inLanguage\":\"de\",\"potentialAction\":[{\"@type\":\"ReadAction\",\"target\":[\"https:\/\/lions-pharmacy.com\/de\/produkt\/zinzino-balanceoil-grapefruit-300-ml\"]}]},{\"@type\":\"ImageObject\",\"inLanguage\":\"de\",\"@id\":\"https:\/\/lions-pharmacy.com\/de\/produkt\/zinzino-balanceoil-grapefruit-300-ml#primaryimage\",\"url\":\"https:\/\/lions-pharmacy.com\/wp-content\/uploads\/2025\/12\/Zinzino-balanceoil-with-omega-3.webp\",\"contentUrl\":\"https:\/\/lions-pharmacy.com\/wp-content\/uploads\/2025\/12\/Zinzino-balanceoil-with-omega-3.webp\",\"width\":600,\"height\":600,\"caption\":\"Zinzino Balance\u00f6l mit Omega-3\"},{\"@type\":\"BreadcrumbList\",\"@id\":\"https:\/\/lions-pharmacy.com\/de\/produkt\/zinzino-balanceoil-grapefruit-300-ml#breadcrumb\",\"itemListElement\":[{\"@type\":\"ListItem\",\"position\":1,\"name\":\"Home\",\"item\":\"https:\/\/lions-pharmacy.com\/de\/homepage-lion-pharmacy\"},{\"@type\":\"ListItem\",\"position\":2,\"name\":\"Shop\",\"item\":\"https:\/\/lions-pharmacy.com\/de\/shop-2\"},{\"@type\":\"ListItem\",\"position\":3,\"name\":\"ZINZINO BalanceOil+ Grapefruit (300 ml)\"}]},{\"@type\":\"WebSite\",\"@id\":\"https:\/\/lions-pharmacy.com\/de#website\",\"url\":\"https:\/\/lions-pharmacy.com\/de\",\"name\":\"Lions Pharmacy\",\"description\":\"Ihr Spezialist f\u00fcr Naturheilkunde aus Baden-Baden, Germany\",\"publisher\":{\"@id\":\"https:\/\/lions-pharmacy.com\/de#organization\"},\"alternateName\":\"Lion Pharmacy\",\"potentialAction\":[{\"@type\":\"SearchAction\",\"target\":{\"@type\":\"EntryPoint\",\"urlTemplate\":\"https:\/\/lions-pharmacy.com\/de?s={search_term_string}\"},\"query-input\":{\"@type\":\"PropertyValueSpecification\",\"valueRequired\":true,\"valueName\":\"search_term_string\"}}],\"inLanguage\":\"de\"},{\"@type\":\"Organization\",\"@id\":\"https:\/\/lions-pharmacy.com\/de#organization\",\"name\":\"Lions Pharmacy\",\"alternateName\":\"Lions Pharmacy24\",\"url\":\"https:\/\/lions-pharmacy.com\/de\",\"logo\":{\"@type\":\"ImageObject\",\"inLanguage\":\"de\",\"@id\":\"https:\/\/lions-pharmacy.com\/de#\/schema\/logo\/image\/\",\"url\":\"https:\/\/lions-pharmacy.com\/wp-content\/uploads\/2022\/12\/Logo-Lion-Pharmacy-c-o-Loewen-Apotheke-smal.jpg\",\"contentUrl\":\"https:\/\/lions-pharmacy.com\/wp-content\/uploads\/2022\/12\/Logo-Lion-Pharmacy-c-o-Loewen-Apotheke-smal.jpg\",\"width\":298,\"height\":99,\"caption\":\"Lions Pharmacy\"},\"image\":{\"@id\":\"https:\/\/lions-pharmacy.com\/de#\/schema\/logo\/image\/\"}}]}<\/script>\n<!-- \/ Yoast SEO plugin. -->","yoast_head_json":{"title":"ZINZINO BalanceOil+ Grapefruit (300 ml) &#187; hier bestellen","description":"Omega-3-\u00d6l: reich an EPA und DHA. Erfahren Sie mehr \u00fcber ZINZINO BalanceOil+ Grapefruit (300 ml). Wir bieten: Schnellen Versand & sicheres Online-Shopping.","robots":{"index":"index","follow":"follow","max-snippet":"max-snippet:-1","max-image-preview":"max-image-preview:large","max-video-preview":"max-video-preview:-1"},"canonical":"https:\/\/lions-pharmacy.com\/de\/produkt\/zinzino-balanceoil-grapefruit-300-ml","og_locale":"de_DE","og_type":"article","og_title":"ZINZINO BalanceOil+ Grapefruit (300 ml) &#187; hier bestellen","og_description":"Omega-3-\u00d6l: reich an EPA und DHA. Erfahren Sie mehr \u00fcber ZINZINO BalanceOil+ Grapefruit (300 ml). Wir bieten: Schnellen Versand & sicheres Online-Shopping.","og_url":"https:\/\/lions-pharmacy.com\/de\/produkt\/zinzino-balanceoil-grapefruit-300-ml","og_site_name":"L\u00f6wen Apotheke","article_modified_time":"2026-04-02T06:26:05+00:00","og_image":[{"width":600,"height":600,"url":"https:\/\/lions-pharmacy.com\/wp-content\/uploads\/2025\/12\/Zinzino-balanceoil-with-omega-3.webp","type":"image\/webp"}],"twitter_card":"summary_large_image","twitter_misc":{"Gesch\u00e4tzte Lesezeit":"2\u00a0Minuten"},"schema":{"@context":"https:\/\/schema.org","@graph":[{"@type":"WebPage","@id":"https:\/\/lions-pharmacy.com\/de\/produkt\/zinzino-balanceoil-grapefruit-300-ml","url":"https:\/\/lions-pharmacy.com\/de\/produkt\/zinzino-balanceoil-grapefruit-300-ml","name":"ZINZINO BalanceOil+ Grapefruit (300 ml) &#187; hier bestellen","isPartOf":{"@id":"https:\/\/lions-pharmacy.com\/de#website"},"primaryImageOfPage":{"@id":"https:\/\/lions-pharmacy.com\/de\/produkt\/zinzino-balanceoil-grapefruit-300-ml#primaryimage"},"image":{"@id":"https:\/\/lions-pharmacy.com\/de\/produkt\/zinzino-balanceoil-grapefruit-300-ml#primaryimage"},"thumbnailUrl":"https:\/\/lions-pharmacy.com\/wp-content\/uploads\/2025\/12\/Zinzino-balanceoil-with-omega-3.webp","datePublished":"2026-03-29T05:51:44+00:00","dateModified":"2026-04-02T06:26:05+00:00","description":"Omega-3-\u00d6l: reich an EPA und DHA. Erfahren Sie mehr \u00fcber ZINZINO BalanceOil+ Grapefruit (300 ml). Wir bieten: Schnellen Versand & sicheres Online-Shopping.","breadcrumb":{"@id":"https:\/\/lions-pharmacy.com\/de\/produkt\/zinzino-balanceoil-grapefruit-300-ml#breadcrumb"},"inLanguage":"de","potentialAction":[{"@type":"ReadAction","target":["https:\/\/lions-pharmacy.com\/de\/produkt\/zinzino-balanceoil-grapefruit-300-ml"]}]},{"@type":"ImageObject","inLanguage":"de","@id":"https:\/\/lions-pharmacy.com\/de\/produkt\/zinzino-balanceoil-grapefruit-300-ml#primaryimage","url":"https:\/\/lions-pharmacy.com\/wp-content\/uploads\/2025\/12\/Zinzino-balanceoil-with-omega-3.webp","contentUrl":"https:\/\/lions-pharmacy.com\/wp-content\/uploads\/2025\/12\/Zinzino-balanceoil-with-omega-3.webp","width":600,"height":600,"caption":"Zinzino Balance\u00f6l mit Omega-3"},{"@type":"BreadcrumbList","@id":"https:\/\/lions-pharmacy.com\/de\/produkt\/zinzino-balanceoil-grapefruit-300-ml#breadcrumb","itemListElement":[{"@type":"ListItem","position":1,"name":"Home","item":"https:\/\/lions-pharmacy.com\/de\/homepage-lion-pharmacy"},{"@type":"ListItem","position":2,"name":"Shop","item":"https:\/\/lions-pharmacy.com\/de\/shop-2"},{"@type":"ListItem","position":3,"name":"ZINZINO BalanceOil+ Grapefruit (300 ml)"}]},{"@type":"WebSite","@id":"https:\/\/lions-pharmacy.com\/de#website","url":"https:\/\/lions-pharmacy.com\/de","name":"Lions Pharmacy","description":"Ihr Spezialist f\u00fcr Naturheilkunde aus Baden-Baden, Germany","publisher":{"@id":"https:\/\/lions-pharmacy.com\/de#organization"},"alternateName":"Lion Pharmacy","potentialAction":[{"@type":"SearchAction","target":{"@type":"EntryPoint","urlTemplate":"https:\/\/lions-pharmacy.com\/de?s={search_term_string}"},"query-input":{"@type":"PropertyValueSpecification","valueRequired":true,"valueName":"search_term_string"}}],"inLanguage":"de"},{"@type":"Organization","@id":"https:\/\/lions-pharmacy.com\/de#organization","name":"Lions Pharmacy","alternateName":"Lions Pharmacy24","url":"https:\/\/lions-pharmacy.com\/de","logo":{"@type":"ImageObject","inLanguage":"de","@id":"https:\/\/lions-pharmacy.com\/de#\/schema\/logo\/image\/","url":"https:\/\/lions-pharmacy.com\/wp-content\/uploads\/2022\/12\/Logo-Lion-Pharmacy-c-o-Loewen-Apotheke-smal.jpg","contentUrl":"https:\/\/lions-pharmacy.com\/wp-content\/uploads\/2022\/12\/Logo-Lion-Pharmacy-c-o-Loewen-Apotheke-smal.jpg","width":298,"height":99,"caption":"Lions Pharmacy"},"image":{"@id":"https:\/\/lions-pharmacy.com\/de#\/schema\/logo\/image\/"}}]}},"_links":{"self":[{"href":"https:\/\/lions-pharmacy.com\/de\/wp-json\/wp\/v2\/product\/22155","targetHints":{"allow":["GET"]}}],"collection":[{"href":"https:\/\/lions-pharmacy.com\/de\/wp-json\/wp\/v2\/product"}],"about":[{"href":"https:\/\/lions-pharmacy.com\/de\/wp-json\/wp\/v2\/types\/product"}],"replies":[{"embeddable":true,"href":"https:\/\/lions-pharmacy.com\/de\/wp-json\/wp\/v2\/comments?post=22155"}],"wp:featuredmedia":[{"embeddable":true,"href":"https:\/\/lions-pharmacy.com\/de\/wp-json\/wp\/v2\/media\/21492"}],"wp:attachment":[{"href":"https:\/\/lions-pharmacy.com\/de\/wp-json\/wp\/v2\/media?parent=22155"}],"wp:term":[{"taxonomy":"product_brand","embeddable":true,"href":"https:\/\/lions-pharmacy.com\/de\/wp-json\/wp\/v2\/product_brand?post=22155"},{"taxonomy":"product_cat","embeddable":true,"href":"https:\/\/lions-pharmacy.com\/de\/wp-json\/wp\/v2\/product_cat?post=22155"},{"taxonomy":"product_tag","embeddable":true,"href":"https:\/\/lions-pharmacy.com\/de\/wp-json\/wp\/v2\/product_tag?post=22155"}],"curies":[{"name":"wp","href":"https:\/\/api.w.org\/{rel}","templated":true}]}}