{"id":21025,"date":"2026-02-26T15:48:29","date_gmt":"2026-02-26T14:48:29","guid":{"rendered":"https:\/\/lions-pharmacy.com\/?post_type=product&#038;p=21025"},"modified":"2026-02-26T16:11:33","modified_gmt":"2026-02-26T15:11:33","slug":"wobenzym-tablets-2x-800-pcs-double-pack","status":"publish","type":"product","link":"https:\/\/lions-pharmacy.com\/de\/produkt\/wobenzym-tablets-2x-800-pcs-double-pack","title":{"rendered":"WOBENZYM magensaftresistente Tabletten 2x 800 Stk. (Doppelpack)"},"content":{"rendered":"<h3>WOBENZYM magensaftresistente Tabletten<\/h3>\n<p>Wobenzym magensaftresistente Tabletten f\u00fcr Gelenk- und Muskelbeschwerden, die durch Verletzungen oder Arthrose verursacht werden. Die spezielle Kombination von Enzymen im Wobenzym bei Beschwerden, deren Ursache auf einen entz\u00fcndlichen Prozess zur\u00fcckzuf\u00fchren ist. Im Gegensatz zu herk\u00f6mmlichen antirheumatischen und entz\u00fcndungshemmenden Mitteln beschleunigt Wobenzym den Selbstheilungsprozess des K\u00f6rpers, anstatt nur Entz\u00fcndungen zu unterdr\u00fccken.<\/p>\n<p>Wobenzym hilft also gegen Schmerzen, Schwellungen und Entz\u00fcndungen. Die enthaltenen Enzyme sind nat\u00fcrlichen Ursprungs und aktivieren die k\u00f6rpereigenen Heilungsprozesse.<\/p>\n<p>Zur <a href=\"https:\/\/www.loewen-apotheke24.com\/en\/?p=154427\" target=\"_blank\" rel=\"noopener\">aktiven Unterst\u00fctzung des Immunsystems<\/a>.<\/p>\n<p>Die besondere Enzymkraft des Medikaments geht auf die Entz\u00fcndung als Ursache der Schmerzen ein und f\u00f6rdert die Heilung auf nat\u00fcrliche Weise. Es hilft Ihnen, aktiv zu sein und das Leben auf nat\u00fcrliche Weise zu genie\u00dfen. Nahrungserg\u00e4nzungsmittel sind kein Ersatz f\u00fcr eine abwechslungsreiche und ausgewogene Ern\u00e4hrung oder eine gesunde Lebensweise. \u00dcberschreiten Sie nicht die empfohlene Tagesdosis.<\/p>\n<p>Weitere Produktdetails finden Sie beim Hersteller: <a href=\"https:\/\/www.wobenzym.de\/\" target=\"_blank\" rel=\"noopener\">Wobenzym &#8211; MUCOS Pharma GmbH &amp; Co KG<\/a><\/p>\n<p>Packungsbeilage\/Gebrauchsanweisung\/Artikeldatenblatt: &#8211; (PDF-Reader)<\/p>\n<p>Andere Produkte f\u00fcr die Anwendung: <a href=\"https:\/\/lions-pharmacy.com\/de\/produkt-schlagwort\/erkaltungen-grippe\">Infektionen<\/a> | <a href=\"https:\/\/lions-pharmacy.com\/de\/produkt-schlagwort\/vitamine-und-nahrungserganzungsmittel\" rel=\"tag\">Vitamine &amp; Nahrungserg\u00e4nzungsmittel<\/a> | <a href=\"https:\/\/lions-pharmacy.com\/de\/produkt-schlagwort\/gewicht-und-fitness\" rel=\"tag\">Gewicht &amp; Fitness<\/a><\/p>\n<p>Wie funktioniert die Wobenzym-Enzymtherapie?<\/p>\n<p>Damit der \u00dcberschuss an entz\u00fcndlichen Botenstoffen im K\u00f6rper abgefangen werden kann, m\u00fcssen die Enzyme in den K\u00f6rper aufgenommen werden. Dies geschieht \u00fcber die Darmschleimhaut. Nach der Aufnahme binden sich die Enzyme an das Alpha-2-Makroglobulin im Blut. Dabei handelt es sich um ein Protein, das von speziellen Immunzellen, den so genannten Makrophagen, im Zuge einer Immunreaktion produziert wird.<\/p>\n<p>Wenn die Enzyme an das Alpha-2-Makroglobulin binden, ver\u00e4ndert sich seine r\u00e4umliche Struktur und geht in seine aktive Form \u00fcber. Dadurch ist das aktivierte Molek\u00fcl in der Lage, \u00fcbersch\u00fcssige Zytokine zu binden und zu entfernen. Die systematische Enzymtherapie von Wobenzym nutzt diesen Mechanismus, um das Gleichgewicht zwischen Zytokinen (entz\u00fcndungsf\u00f6rdernden und entz\u00fcndungshemmenden) wiederherzustellen und so den Heilungsprozess zu beschleunigen.<\/p>\n<p>Enzyme, die bei Entz\u00fcndungen eingesetzt werden, unterdr\u00fccken die Entz\u00fcndungsreaktion nicht, sondern unterst\u00fctzen und beschleunigen den nat\u00fcrlichen Prozess und Ablauf der Immun- und Entz\u00fcndungsreaktion. Die Selbstheilungskr\u00e4fte werden angeregt und die Ursache des Schmerzes wird direkt bek\u00e4mpft. Siehe auch &#8220;<a href=\"https:\/\/www.loewen-apotheke24.com\/en\/?p=156163\" target=\"_blank\" rel=\"noopener\">Wie Wobenzym funktioniert<\/a>&#8221; und auch &#8220;<a href=\"https:\/\/www.loewen-apotheke24.com\/en\/?p=152755\" target=\"_blank\" rel=\"noopener\">Wie erkenne ich die Qualit\u00e4t von pflanzlichen Arzneimitteln<\/a>&#8220;.<\/p>\n<p>Die besondere Enzymkraft des Medikaments geht auf die Entz\u00fcndung als Ursache der Schmerzen ein und f\u00f6rdert die Heilung auf nat\u00fcrliche Weise. Es hilft Ihnen, aktiv zu sein und das Leben auf nat\u00fcrliche Weise zu genie\u00dfen. Nahrungserg\u00e4nzungsmittel sind kein Ersatz f\u00fcr eine abwechslungsreiche und ausgewogene Ern\u00e4hrung oder eine gesunde Lebensweise. \u00dcberschreiten Sie nicht die empfohlene Tagesdosis.<\/p>\n<p>Informationen auf dieser Website werden ausschlie\u00dflich f\u00fcr informative Zwecke zur Verf\u00fcgung gestellt. Sie ersetzen keinesfalls die Untersuchung und Behandlung durch einen Arzt. Bitte beachten Sie, dass hierdurch weder Diagnosen gestellt noch Therapien eingeleitet werden k\u00f6nnen.<\/p>\n<p>Zu Risiken und Nebenwirkungen lesen Sie die Packungsbeilage und fragen Sie Ihren Arzt oder Apotheker.<\/p>\n","protected":false},"excerpt":{"rendered":"<h2>WOBENZYM Tabletten<\/h2>\n<p>WOBENZYM magensaftresistente Tabletten zur unterst\u00fctzenden Behandlung von Erwachsenen mit Schwellungen, Entz\u00fcndungen oder Schmerzen. Zur Unterst\u00fctzung des Immunsystems.<\/p>\n<p>&nbsp;<\/p>\n<p><strong>PZN<\/strong>: 13751860 (Pharmazentralnummer)<\/p>\n<p><strong>Darreichungsform<\/strong>: Tabletten<\/p>\n<p><strong>Verschreibungsart<\/strong>: verschreibungsfrei<\/p>\n<p><strong>Marke<\/strong>: Wobenzym<\/p>\n<p><strong>Hersteller<\/strong>: MUCOS Pharma GmbH &amp; Co KG, Berlin, Deutschland.<\/p>\n<p><strong>Packungsgr\u00f6\u00dfe<\/strong>: 2x 800 St\u00fcck.<\/p>\n<div class=\"woocommerce-product-details__short-description\">\n<p><span style=\"color: #ff0000;\">Voraussichtlich wieder verf\u00fcgbar im April 2026<\/span><\/p>\n<\/div>\n","protected":false},"featured_media":21033,"comment_status":"closed","ping_status":"closed","template":"","meta":[],"product_brand":[911],"product_cat":[367,368],"product_tag":[434,379,472,512,429,432],"class_list":{"0":"post-21025","1":"product","2":"type-product","3":"status-publish","4":"has-post-thumbnail","6":"product_brand-wobenzym","7":"product_cat-sale-de","8":"product_cat-shop-de","9":"product_tag-gewicht-und-fitness","10":"product_tag-monatlicher-sale-de","11":"product_tag-naturliche-heilmittel","12":"product_tag-pflanzlicher-wirkstoff-de","13":"product_tag-vitamine-und-nahrungserganzungsmittel","14":"product_tag-wellness-de","15":"ts_product_brand-alle","17":"first","18":"outofstock","19":"sale","20":"taxable","21":"shipping-taxable","22":"purchasable","23":"product-type-simple"},"yoast_head":"<!-- This site is optimized with the Yoast SEO plugin v26.5 - https:\/\/yoast.com\/wordpress\/plugins\/seo\/ -->\n<title>WOBENZYM magensaftresistente Tabletten 2x 800 Stk. (Doppelpack) &#187; speichern<\/title>\n<meta name=\"description\" content=\"Gelenkschmerzen, Entz\u00fcndungen, offener Heilungsprozess? Enzyme aktivieren die Selbstheilung. Erfahren Sie mehr \u00fcber: WOBENZYM magensaftresistente Tabletten 2x 800 Stk. (Doppelpack)\" \/>\n<meta name=\"robots\" content=\"index, follow, max-snippet:-1, max-image-preview:large, max-video-preview:-1\" \/>\n<link rel=\"canonical\" href=\"https:\/\/lions-pharmacy.com\/de\/produkt\/wobenzym-tablets-2x-800-pcs-double-pack\" \/>\n<meta property=\"og:locale\" content=\"de_DE\" \/>\n<meta property=\"og:type\" content=\"article\" \/>\n<meta property=\"og:title\" content=\"WOBENZYM magensaftresistente Tabletten 2x 800 Stk. (Doppelpack) &#187; speichern\" \/>\n<meta property=\"og:description\" content=\"Gelenkschmerzen, Entz\u00fcndungen, offener Heilungsprozess? Enzyme aktivieren die Selbstheilung. Erfahren Sie mehr \u00fcber: WOBENZYM magensaftresistente Tabletten 2x 800 Stk. (Doppelpack)\" \/>\n<meta property=\"og:url\" content=\"https:\/\/lions-pharmacy.com\/de\/produkt\/wobenzym-tablets-2x-800-pcs-double-pack\" \/>\n<meta property=\"og:site_name\" content=\"L\u00f6wen Apotheke\" \/>\n<meta property=\"article:modified_time\" content=\"2026-02-26T15:11:33+00:00\" \/>\n<meta property=\"og:image\" content=\"https:\/\/lions-pharmacy.com\/wp-content\/uploads\/2026\/02\/Wobenzym-enteric-coated-tablets-800-St.-PZN-13751860.webp\" \/>\n\t<meta property=\"og:image:width\" content=\"600\" \/>\n\t<meta property=\"og:image:height\" content=\"600\" \/>\n\t<meta property=\"og:image:type\" content=\"image\/webp\" \/>\n<meta name=\"twitter:card\" content=\"summary_large_image\" \/>\n<meta name=\"twitter:label1\" content=\"Gesch\u00e4tzte Lesezeit\" \/>\n\t<meta name=\"twitter:data1\" content=\"2\u00a0Minuten\" \/>\n<script type=\"application\/ld+json\" class=\"yoast-schema-graph\">{\"@context\":\"https:\/\/schema.org\",\"@graph\":[{\"@type\":\"WebPage\",\"@id\":\"https:\/\/lions-pharmacy.com\/de\/produkt\/wobenzym-tablets-2x-800-pcs-double-pack\",\"url\":\"https:\/\/lions-pharmacy.com\/de\/produkt\/wobenzym-tablets-2x-800-pcs-double-pack\",\"name\":\"WOBENZYM magensaftresistente Tabletten 2x 800 Stk. (Doppelpack) &#187; speichern\",\"isPartOf\":{\"@id\":\"https:\/\/lions-pharmacy.com\/de#website\"},\"primaryImageOfPage\":{\"@id\":\"https:\/\/lions-pharmacy.com\/de\/produkt\/wobenzym-tablets-2x-800-pcs-double-pack#primaryimage\"},\"image\":{\"@id\":\"https:\/\/lions-pharmacy.com\/de\/produkt\/wobenzym-tablets-2x-800-pcs-double-pack#primaryimage\"},\"thumbnailUrl\":\"https:\/\/lions-pharmacy.com\/wp-content\/uploads\/2026\/02\/Wobenzym-enteric-coated-tablets-800-St.-PZN-13751860.webp\",\"datePublished\":\"2026-02-26T14:48:29+00:00\",\"dateModified\":\"2026-02-26T15:11:33+00:00\",\"description\":\"Gelenkschmerzen, Entz\u00fcndungen, offener Heilungsprozess? Enzyme aktivieren die Selbstheilung. Erfahren Sie mehr \u00fcber: WOBENZYM magensaftresistente Tabletten 2x 800 Stk. (Doppelpack)\",\"breadcrumb\":{\"@id\":\"https:\/\/lions-pharmacy.com\/de\/produkt\/wobenzym-tablets-2x-800-pcs-double-pack#breadcrumb\"},\"inLanguage\":\"de\",\"potentialAction\":[{\"@type\":\"ReadAction\",\"target\":[\"https:\/\/lions-pharmacy.com\/de\/produkt\/wobenzym-tablets-2x-800-pcs-double-pack\"]}]},{\"@type\":\"ImageObject\",\"inLanguage\":\"de\",\"@id\":\"https:\/\/lions-pharmacy.com\/de\/produkt\/wobenzym-tablets-2x-800-pcs-double-pack#primaryimage\",\"url\":\"https:\/\/lions-pharmacy.com\/wp-content\/uploads\/2026\/02\/Wobenzym-enteric-coated-tablets-800-St.-PZN-13751860.webp\",\"contentUrl\":\"https:\/\/lions-pharmacy.com\/wp-content\/uploads\/2026\/02\/Wobenzym-enteric-coated-tablets-800-St.-PZN-13751860.webp\",\"width\":600,\"height\":600,\"caption\":\"Wobenzym magensaftresistente Tabletten 800 St. PZN 13751860\"},{\"@type\":\"BreadcrumbList\",\"@id\":\"https:\/\/lions-pharmacy.com\/de\/produkt\/wobenzym-tablets-2x-800-pcs-double-pack#breadcrumb\",\"itemListElement\":[{\"@type\":\"ListItem\",\"position\":1,\"name\":\"Home\",\"item\":\"https:\/\/lions-pharmacy.com\/de\/homepage-lion-pharmacy\"},{\"@type\":\"ListItem\",\"position\":2,\"name\":\"Shop\",\"item\":\"https:\/\/lions-pharmacy.com\/de\/shop-2\"},{\"@type\":\"ListItem\",\"position\":3,\"name\":\"WOBENZYM magensaftresistente Tabletten 2x 800 Stk. (Doppelpack)\"}]},{\"@type\":\"WebSite\",\"@id\":\"https:\/\/lions-pharmacy.com\/de#website\",\"url\":\"https:\/\/lions-pharmacy.com\/de\",\"name\":\"Lions Pharmacy\",\"description\":\"Ihr Spezialist f\u00fcr Naturheilkunde aus Baden-Baden, Germany\",\"publisher\":{\"@id\":\"https:\/\/lions-pharmacy.com\/de#organization\"},\"alternateName\":\"Lion Pharmacy\",\"potentialAction\":[{\"@type\":\"SearchAction\",\"target\":{\"@type\":\"EntryPoint\",\"urlTemplate\":\"https:\/\/lions-pharmacy.com\/de?s={search_term_string}\"},\"query-input\":{\"@type\":\"PropertyValueSpecification\",\"valueRequired\":true,\"valueName\":\"search_term_string\"}}],\"inLanguage\":\"de\"},{\"@type\":\"Organization\",\"@id\":\"https:\/\/lions-pharmacy.com\/de#organization\",\"name\":\"Lions Pharmacy\",\"alternateName\":\"Lions Pharmacy24\",\"url\":\"https:\/\/lions-pharmacy.com\/de\",\"logo\":{\"@type\":\"ImageObject\",\"inLanguage\":\"de\",\"@id\":\"https:\/\/lions-pharmacy.com\/de#\/schema\/logo\/image\/\",\"url\":\"https:\/\/lions-pharmacy.com\/wp-content\/uploads\/2022\/12\/Logo-Lion-Pharmacy-c-o-Loewen-Apotheke-smal.jpg\",\"contentUrl\":\"https:\/\/lions-pharmacy.com\/wp-content\/uploads\/2022\/12\/Logo-Lion-Pharmacy-c-o-Loewen-Apotheke-smal.jpg\",\"width\":298,\"height\":99,\"caption\":\"Lions Pharmacy\"},\"image\":{\"@id\":\"https:\/\/lions-pharmacy.com\/de#\/schema\/logo\/image\/\"}}]}<\/script>\n<!-- \/ Yoast SEO plugin. -->","yoast_head_json":{"title":"WOBENZYM magensaftresistente Tabletten 2x 800 Stk. (Doppelpack) &#187; speichern","description":"Gelenkschmerzen, Entz\u00fcndungen, offener Heilungsprozess? Enzyme aktivieren die Selbstheilung. Erfahren Sie mehr \u00fcber: WOBENZYM magensaftresistente Tabletten 2x 800 Stk. (Doppelpack)","robots":{"index":"index","follow":"follow","max-snippet":"max-snippet:-1","max-image-preview":"max-image-preview:large","max-video-preview":"max-video-preview:-1"},"canonical":"https:\/\/lions-pharmacy.com\/de\/produkt\/wobenzym-tablets-2x-800-pcs-double-pack","og_locale":"de_DE","og_type":"article","og_title":"WOBENZYM magensaftresistente Tabletten 2x 800 Stk. (Doppelpack) &#187; speichern","og_description":"Gelenkschmerzen, Entz\u00fcndungen, offener Heilungsprozess? Enzyme aktivieren die Selbstheilung. Erfahren Sie mehr \u00fcber: WOBENZYM magensaftresistente Tabletten 2x 800 Stk. (Doppelpack)","og_url":"https:\/\/lions-pharmacy.com\/de\/produkt\/wobenzym-tablets-2x-800-pcs-double-pack","og_site_name":"L\u00f6wen Apotheke","article_modified_time":"2026-02-26T15:11:33+00:00","og_image":[{"width":600,"height":600,"url":"https:\/\/lions-pharmacy.com\/wp-content\/uploads\/2026\/02\/Wobenzym-enteric-coated-tablets-800-St.-PZN-13751860.webp","type":"image\/webp"}],"twitter_card":"summary_large_image","twitter_misc":{"Gesch\u00e4tzte Lesezeit":"2\u00a0Minuten"},"schema":{"@context":"https:\/\/schema.org","@graph":[{"@type":"WebPage","@id":"https:\/\/lions-pharmacy.com\/de\/produkt\/wobenzym-tablets-2x-800-pcs-double-pack","url":"https:\/\/lions-pharmacy.com\/de\/produkt\/wobenzym-tablets-2x-800-pcs-double-pack","name":"WOBENZYM magensaftresistente Tabletten 2x 800 Stk. (Doppelpack) &#187; speichern","isPartOf":{"@id":"https:\/\/lions-pharmacy.com\/de#website"},"primaryImageOfPage":{"@id":"https:\/\/lions-pharmacy.com\/de\/produkt\/wobenzym-tablets-2x-800-pcs-double-pack#primaryimage"},"image":{"@id":"https:\/\/lions-pharmacy.com\/de\/produkt\/wobenzym-tablets-2x-800-pcs-double-pack#primaryimage"},"thumbnailUrl":"https:\/\/lions-pharmacy.com\/wp-content\/uploads\/2026\/02\/Wobenzym-enteric-coated-tablets-800-St.-PZN-13751860.webp","datePublished":"2026-02-26T14:48:29+00:00","dateModified":"2026-02-26T15:11:33+00:00","description":"Gelenkschmerzen, Entz\u00fcndungen, offener Heilungsprozess? Enzyme aktivieren die Selbstheilung. Erfahren Sie mehr \u00fcber: WOBENZYM magensaftresistente Tabletten 2x 800 Stk. (Doppelpack)","breadcrumb":{"@id":"https:\/\/lions-pharmacy.com\/de\/produkt\/wobenzym-tablets-2x-800-pcs-double-pack#breadcrumb"},"inLanguage":"de","potentialAction":[{"@type":"ReadAction","target":["https:\/\/lions-pharmacy.com\/de\/produkt\/wobenzym-tablets-2x-800-pcs-double-pack"]}]},{"@type":"ImageObject","inLanguage":"de","@id":"https:\/\/lions-pharmacy.com\/de\/produkt\/wobenzym-tablets-2x-800-pcs-double-pack#primaryimage","url":"https:\/\/lions-pharmacy.com\/wp-content\/uploads\/2026\/02\/Wobenzym-enteric-coated-tablets-800-St.-PZN-13751860.webp","contentUrl":"https:\/\/lions-pharmacy.com\/wp-content\/uploads\/2026\/02\/Wobenzym-enteric-coated-tablets-800-St.-PZN-13751860.webp","width":600,"height":600,"caption":"Wobenzym magensaftresistente Tabletten 800 St. PZN 13751860"},{"@type":"BreadcrumbList","@id":"https:\/\/lions-pharmacy.com\/de\/produkt\/wobenzym-tablets-2x-800-pcs-double-pack#breadcrumb","itemListElement":[{"@type":"ListItem","position":1,"name":"Home","item":"https:\/\/lions-pharmacy.com\/de\/homepage-lion-pharmacy"},{"@type":"ListItem","position":2,"name":"Shop","item":"https:\/\/lions-pharmacy.com\/de\/shop-2"},{"@type":"ListItem","position":3,"name":"WOBENZYM magensaftresistente Tabletten 2x 800 Stk. (Doppelpack)"}]},{"@type":"WebSite","@id":"https:\/\/lions-pharmacy.com\/de#website","url":"https:\/\/lions-pharmacy.com\/de","name":"Lions Pharmacy","description":"Ihr Spezialist f\u00fcr Naturheilkunde aus Baden-Baden, Germany","publisher":{"@id":"https:\/\/lions-pharmacy.com\/de#organization"},"alternateName":"Lion Pharmacy","potentialAction":[{"@type":"SearchAction","target":{"@type":"EntryPoint","urlTemplate":"https:\/\/lions-pharmacy.com\/de?s={search_term_string}"},"query-input":{"@type":"PropertyValueSpecification","valueRequired":true,"valueName":"search_term_string"}}],"inLanguage":"de"},{"@type":"Organization","@id":"https:\/\/lions-pharmacy.com\/de#organization","name":"Lions Pharmacy","alternateName":"Lions Pharmacy24","url":"https:\/\/lions-pharmacy.com\/de","logo":{"@type":"ImageObject","inLanguage":"de","@id":"https:\/\/lions-pharmacy.com\/de#\/schema\/logo\/image\/","url":"https:\/\/lions-pharmacy.com\/wp-content\/uploads\/2022\/12\/Logo-Lion-Pharmacy-c-o-Loewen-Apotheke-smal.jpg","contentUrl":"https:\/\/lions-pharmacy.com\/wp-content\/uploads\/2022\/12\/Logo-Lion-Pharmacy-c-o-Loewen-Apotheke-smal.jpg","width":298,"height":99,"caption":"Lions Pharmacy"},"image":{"@id":"https:\/\/lions-pharmacy.com\/de#\/schema\/logo\/image\/"}}]}},"_links":{"self":[{"href":"https:\/\/lions-pharmacy.com\/de\/wp-json\/wp\/v2\/product\/21025","targetHints":{"allow":["GET"]}}],"collection":[{"href":"https:\/\/lions-pharmacy.com\/de\/wp-json\/wp\/v2\/product"}],"about":[{"href":"https:\/\/lions-pharmacy.com\/de\/wp-json\/wp\/v2\/types\/product"}],"replies":[{"embeddable":true,"href":"https:\/\/lions-pharmacy.com\/de\/wp-json\/wp\/v2\/comments?post=21025"}],"wp:featuredmedia":[{"embeddable":true,"href":"https:\/\/lions-pharmacy.com\/de\/wp-json\/wp\/v2\/media\/21033"}],"wp:attachment":[{"href":"https:\/\/lions-pharmacy.com\/de\/wp-json\/wp\/v2\/media?parent=21025"}],"wp:term":[{"taxonomy":"product_brand","embeddable":true,"href":"https:\/\/lions-pharmacy.com\/de\/wp-json\/wp\/v2\/product_brand?post=21025"},{"taxonomy":"product_cat","embeddable":true,"href":"https:\/\/lions-pharmacy.com\/de\/wp-json\/wp\/v2\/product_cat?post=21025"},{"taxonomy":"product_tag","embeddable":true,"href":"https:\/\/lions-pharmacy.com\/de\/wp-json\/wp\/v2\/product_tag?post=21025"}],"curies":[{"name":"wp","href":"https:\/\/api.w.org\/{rel}","templated":true}]}}