{"id":20987,"date":"2026-02-25T19:26:39","date_gmt":"2026-02-25T18:26:39","guid":{"rendered":"https:\/\/lions-pharmacy.com\/?post_type=product&#038;p=20987"},"modified":"2026-02-26T08:38:12","modified_gmt":"2026-02-26T07:38:12","slug":"nasallegra-hay-fever-spray-23g-19759348","status":"publish","type":"product","link":"https:\/\/lions-pharmacy.com\/de\/produkt\/nasallegra-hay-fever-spray-23g-19759348","title":{"rendered":"NasAllegra Heuschnupfenspray (23g)"},"content":{"rendered":"<h2>NasAllegra Heuschnupfenspray<\/h2>\n<p>NasAllegra Heuschnupfenspray 2-in-1 Wirkstoffkombination bei Pollenallergie. Die erste rezeptfreie 2-in-1-Kombination aus Antihistaminikum und Glukokortikoid gegen Heuschnupfen.<\/p>\n<p>Vor allem bei mittelschwerem bis schwerem Heuschnupfen k\u00f6nnen Nasen- und Augensymptome \u00e4u\u00dferst l\u00e4stig sein. Das neue NasAllegra\u00ae Heuschnupfenspray mit seiner 2-in-1-Kombination aus Azelastin und Fluticason kann helfen. Die beiden bew\u00e4hrten Wirkstoffe wirken zusammen effektiver als allein. Schnelle Linderung in nur wenigen Minuten.<\/p>\n<p>Packungsbeilage\/Gebrauchsanweisung\/Artikeldatenblatt: &#8211; (PDF-Reader)<\/p>\n<p>Weitere Produkte f\u00fcr die Anwendung: <a href=\"https:\/\/lions-pharmacy.com\/de\/produkt-schlagwort\/asthma-allergien\">Asthma &amp; Allergien<\/a><\/p>\n<p>Erfahren Sie mehr \u00fcber den Hersteller und dieses Produkt: <a href=\"https:\/\/www.allegra.com\/de-de\/produkte\/heuschnupfensprays\" target=\"_blank\" rel=\"noopener\">NasAllegra <\/a>Produktinfo (Link zu externer Website)<\/p>\n<p>Zu Risiken und Nebenwirkungen lesen Sie die Packungsbeilage und fragen Sie Ihren Arzt oder Apotheker.<\/p>\n","protected":false},"excerpt":{"rendered":"<h2>NasAllegra Heuschnupfenspray<\/h2>\n<p>Heuschnupfenspray 2-in-1-Wirkstoffkombination bei Pollenallergie<\/p>\n<p>&nbsp;<\/p>\n<p><strong>PZN<\/strong>: 19759348 (Pharmazentralnummer)<\/p>\n<p><strong>Darreichungsform:<\/strong> Spary<\/p>\n<p><strong>Verschreibungsart:<\/strong> verschreibungsfrei<\/p>\n<p><strong>Marke<\/strong>: &#8211;<\/p>\n<p><strong>Hersteller:<\/strong> Sanofi-Aventis GmbH, A. Nattermann &amp; Cie GmbH, Frankfurt am Main<\/p>\n<p><strong>Packungsgr\u00f6\u00dfe<\/strong>: 23g<\/p>\n","protected":false},"featured_media":20992,"comment_status":"closed","ping_status":"closed","template":"","meta":[],"product_brand":[],"product_cat":[367,368],"product_tag":[391,383,379],"class_list":{"0":"post-20987","1":"product","2":"type-product","3":"status-publish","4":"has-post-thumbnail","6":"product_cat-sale-de","7":"product_cat-shop-de","8":"product_tag-asthma-allergien","9":"product_tag-heuschnupfen","10":"product_tag-monatlicher-sale-de","11":"ts_product_brand-alle","13":"first","14":"instock","15":"featured","16":"taxable","17":"shipping-taxable","18":"purchasable","19":"product-type-simple"},"yoast_head":"<!-- This site is optimized with the Yoast SEO plugin v26.5 - https:\/\/yoast.com\/wordpress\/plugins\/seo\/ -->\n<title>NasAllegra Heuschnupfenspray (23g) &#187; bestelle bei L\u00f6wen Apotheke<\/title>\n<meta name=\"description\" content=\"Eine registrierte deutsche Online-Apotheke | Schneller internationaler Versand | Bequem und sicher online einkaufen | NasAllegra Heuschnupfenspray (23g)\" \/>\n<meta name=\"robots\" content=\"index, follow, max-snippet:-1, max-image-preview:large, max-video-preview:-1\" \/>\n<link rel=\"canonical\" href=\"https:\/\/lions-pharmacy.com\/de\/produkt\/nasallegra-hay-fever-spray-23g-19759348\" \/>\n<meta property=\"og:locale\" content=\"de_DE\" \/>\n<meta property=\"og:type\" content=\"article\" \/>\n<meta property=\"og:title\" content=\"NasAllegra Heuschnupfenspray (23g) &#187; bestelle bei L\u00f6wen Apotheke\" \/>\n<meta property=\"og:description\" content=\"Eine registrierte deutsche Online-Apotheke | Schneller internationaler Versand | Bequem und sicher online einkaufen | NasAllegra Heuschnupfenspray (23g)\" \/>\n<meta property=\"og:url\" content=\"https:\/\/lions-pharmacy.com\/de\/produkt\/nasallegra-hay-fever-spray-23g-19759348\" \/>\n<meta property=\"og:site_name\" content=\"L\u00f6wen Apotheke\" \/>\n<meta property=\"article:modified_time\" content=\"2026-02-26T07:38:12+00:00\" \/>\n<meta property=\"og:image\" content=\"https:\/\/lions-pharmacy.com\/wp-content\/uploads\/2026\/02\/NasAllegra-allergy-tabletts-lions-pharmacy.webp\" \/>\n\t<meta property=\"og:image:width\" content=\"600\" \/>\n\t<meta property=\"og:image:height\" content=\"600\" \/>\n\t<meta property=\"og:image:type\" content=\"image\/webp\" \/>\n<meta name=\"twitter:card\" content=\"summary_large_image\" \/>\n<meta name=\"twitter:label1\" content=\"Gesch\u00e4tzte Lesezeit\" \/>\n\t<meta name=\"twitter:data1\" content=\"1\u00a0Minute\" \/>\n<script type=\"application\/ld+json\" class=\"yoast-schema-graph\">{\"@context\":\"https:\/\/schema.org\",\"@graph\":[{\"@type\":\"WebPage\",\"@id\":\"https:\/\/lions-pharmacy.com\/de\/produkt\/nasallegra-hay-fever-spray-23g-19759348\",\"url\":\"https:\/\/lions-pharmacy.com\/de\/produkt\/nasallegra-hay-fever-spray-23g-19759348\",\"name\":\"NasAllegra Heuschnupfenspray (23g) &#187; bestelle bei L\u00f6wen Apotheke\",\"isPartOf\":{\"@id\":\"https:\/\/lions-pharmacy.com\/de#website\"},\"primaryImageOfPage\":{\"@id\":\"https:\/\/lions-pharmacy.com\/de\/produkt\/nasallegra-hay-fever-spray-23g-19759348#primaryimage\"},\"image\":{\"@id\":\"https:\/\/lions-pharmacy.com\/de\/produkt\/nasallegra-hay-fever-spray-23g-19759348#primaryimage\"},\"thumbnailUrl\":\"https:\/\/lions-pharmacy.com\/wp-content\/uploads\/2026\/02\/NasAllegra-allergy-tabletts-lions-pharmacy.webp\",\"datePublished\":\"2026-02-25T18:26:39+00:00\",\"dateModified\":\"2026-02-26T07:38:12+00:00\",\"description\":\"Eine registrierte deutsche Online-Apotheke | Schneller internationaler Versand | Bequem und sicher online einkaufen | NasAllegra Heuschnupfenspray (23g)\",\"breadcrumb\":{\"@id\":\"https:\/\/lions-pharmacy.com\/de\/produkt\/nasallegra-hay-fever-spray-23g-19759348#breadcrumb\"},\"inLanguage\":\"de\",\"potentialAction\":[{\"@type\":\"ReadAction\",\"target\":[\"https:\/\/lions-pharmacy.com\/de\/produkt\/nasallegra-hay-fever-spray-23g-19759348\"]}]},{\"@type\":\"ImageObject\",\"inLanguage\":\"de\",\"@id\":\"https:\/\/lions-pharmacy.com\/de\/produkt\/nasallegra-hay-fever-spray-23g-19759348#primaryimage\",\"url\":\"https:\/\/lions-pharmacy.com\/wp-content\/uploads\/2026\/02\/NasAllegra-allergy-tabletts-lions-pharmacy.webp\",\"contentUrl\":\"https:\/\/lions-pharmacy.com\/wp-content\/uploads\/2026\/02\/NasAllegra-allergy-tabletts-lions-pharmacy.webp\",\"width\":600,\"height\":600,\"caption\":\"NasAllegra Allergietabletten lions-pharmacy\"},{\"@type\":\"BreadcrumbList\",\"@id\":\"https:\/\/lions-pharmacy.com\/de\/produkt\/nasallegra-hay-fever-spray-23g-19759348#breadcrumb\",\"itemListElement\":[{\"@type\":\"ListItem\",\"position\":1,\"name\":\"Home\",\"item\":\"https:\/\/lions-pharmacy.com\/de\/homepage-lion-pharmacy\"},{\"@type\":\"ListItem\",\"position\":2,\"name\":\"Shop\",\"item\":\"https:\/\/lions-pharmacy.com\/de\/shop-2\"},{\"@type\":\"ListItem\",\"position\":3,\"name\":\"NasAllegra Heuschnupfenspray (23g)\"}]},{\"@type\":\"WebSite\",\"@id\":\"https:\/\/lions-pharmacy.com\/de#website\",\"url\":\"https:\/\/lions-pharmacy.com\/de\",\"name\":\"Lions Pharmacy\",\"description\":\"Ihr Spezialist f\u00fcr Naturheilkunde aus Baden-Baden, Germany\",\"publisher\":{\"@id\":\"https:\/\/lions-pharmacy.com\/de#organization\"},\"alternateName\":\"Lion Pharmacy\",\"potentialAction\":[{\"@type\":\"SearchAction\",\"target\":{\"@type\":\"EntryPoint\",\"urlTemplate\":\"https:\/\/lions-pharmacy.com\/de?s={search_term_string}\"},\"query-input\":{\"@type\":\"PropertyValueSpecification\",\"valueRequired\":true,\"valueName\":\"search_term_string\"}}],\"inLanguage\":\"de\"},{\"@type\":\"Organization\",\"@id\":\"https:\/\/lions-pharmacy.com\/de#organization\",\"name\":\"Lions Pharmacy\",\"alternateName\":\"Lions Pharmacy24\",\"url\":\"https:\/\/lions-pharmacy.com\/de\",\"logo\":{\"@type\":\"ImageObject\",\"inLanguage\":\"de\",\"@id\":\"https:\/\/lions-pharmacy.com\/de#\/schema\/logo\/image\/\",\"url\":\"https:\/\/lions-pharmacy.com\/wp-content\/uploads\/2022\/12\/Logo-Lion-Pharmacy-c-o-Loewen-Apotheke-smal.jpg\",\"contentUrl\":\"https:\/\/lions-pharmacy.com\/wp-content\/uploads\/2022\/12\/Logo-Lion-Pharmacy-c-o-Loewen-Apotheke-smal.jpg\",\"width\":298,\"height\":99,\"caption\":\"Lions Pharmacy\"},\"image\":{\"@id\":\"https:\/\/lions-pharmacy.com\/de#\/schema\/logo\/image\/\"}}]}<\/script>\n<!-- \/ Yoast SEO plugin. -->","yoast_head_json":{"title":"NasAllegra Heuschnupfenspray (23g) &#187; bestelle bei L\u00f6wen Apotheke","description":"Eine registrierte deutsche Online-Apotheke | Schneller internationaler Versand | Bequem und sicher online einkaufen | NasAllegra Heuschnupfenspray (23g)","robots":{"index":"index","follow":"follow","max-snippet":"max-snippet:-1","max-image-preview":"max-image-preview:large","max-video-preview":"max-video-preview:-1"},"canonical":"https:\/\/lions-pharmacy.com\/de\/produkt\/nasallegra-hay-fever-spray-23g-19759348","og_locale":"de_DE","og_type":"article","og_title":"NasAllegra Heuschnupfenspray (23g) &#187; bestelle bei L\u00f6wen Apotheke","og_description":"Eine registrierte deutsche Online-Apotheke | Schneller internationaler Versand | Bequem und sicher online einkaufen | NasAllegra Heuschnupfenspray (23g)","og_url":"https:\/\/lions-pharmacy.com\/de\/produkt\/nasallegra-hay-fever-spray-23g-19759348","og_site_name":"L\u00f6wen Apotheke","article_modified_time":"2026-02-26T07:38:12+00:00","og_image":[{"width":600,"height":600,"url":"https:\/\/lions-pharmacy.com\/wp-content\/uploads\/2026\/02\/NasAllegra-allergy-tabletts-lions-pharmacy.webp","type":"image\/webp"}],"twitter_card":"summary_large_image","twitter_misc":{"Gesch\u00e4tzte Lesezeit":"1\u00a0Minute"},"schema":{"@context":"https:\/\/schema.org","@graph":[{"@type":"WebPage","@id":"https:\/\/lions-pharmacy.com\/de\/produkt\/nasallegra-hay-fever-spray-23g-19759348","url":"https:\/\/lions-pharmacy.com\/de\/produkt\/nasallegra-hay-fever-spray-23g-19759348","name":"NasAllegra Heuschnupfenspray (23g) &#187; bestelle bei L\u00f6wen Apotheke","isPartOf":{"@id":"https:\/\/lions-pharmacy.com\/de#website"},"primaryImageOfPage":{"@id":"https:\/\/lions-pharmacy.com\/de\/produkt\/nasallegra-hay-fever-spray-23g-19759348#primaryimage"},"image":{"@id":"https:\/\/lions-pharmacy.com\/de\/produkt\/nasallegra-hay-fever-spray-23g-19759348#primaryimage"},"thumbnailUrl":"https:\/\/lions-pharmacy.com\/wp-content\/uploads\/2026\/02\/NasAllegra-allergy-tabletts-lions-pharmacy.webp","datePublished":"2026-02-25T18:26:39+00:00","dateModified":"2026-02-26T07:38:12+00:00","description":"Eine registrierte deutsche Online-Apotheke | Schneller internationaler Versand | Bequem und sicher online einkaufen | NasAllegra Heuschnupfenspray (23g)","breadcrumb":{"@id":"https:\/\/lions-pharmacy.com\/de\/produkt\/nasallegra-hay-fever-spray-23g-19759348#breadcrumb"},"inLanguage":"de","potentialAction":[{"@type":"ReadAction","target":["https:\/\/lions-pharmacy.com\/de\/produkt\/nasallegra-hay-fever-spray-23g-19759348"]}]},{"@type":"ImageObject","inLanguage":"de","@id":"https:\/\/lions-pharmacy.com\/de\/produkt\/nasallegra-hay-fever-spray-23g-19759348#primaryimage","url":"https:\/\/lions-pharmacy.com\/wp-content\/uploads\/2026\/02\/NasAllegra-allergy-tabletts-lions-pharmacy.webp","contentUrl":"https:\/\/lions-pharmacy.com\/wp-content\/uploads\/2026\/02\/NasAllegra-allergy-tabletts-lions-pharmacy.webp","width":600,"height":600,"caption":"NasAllegra Allergietabletten lions-pharmacy"},{"@type":"BreadcrumbList","@id":"https:\/\/lions-pharmacy.com\/de\/produkt\/nasallegra-hay-fever-spray-23g-19759348#breadcrumb","itemListElement":[{"@type":"ListItem","position":1,"name":"Home","item":"https:\/\/lions-pharmacy.com\/de\/homepage-lion-pharmacy"},{"@type":"ListItem","position":2,"name":"Shop","item":"https:\/\/lions-pharmacy.com\/de\/shop-2"},{"@type":"ListItem","position":3,"name":"NasAllegra Heuschnupfenspray (23g)"}]},{"@type":"WebSite","@id":"https:\/\/lions-pharmacy.com\/de#website","url":"https:\/\/lions-pharmacy.com\/de","name":"Lions Pharmacy","description":"Ihr Spezialist f\u00fcr Naturheilkunde aus Baden-Baden, Germany","publisher":{"@id":"https:\/\/lions-pharmacy.com\/de#organization"},"alternateName":"Lion Pharmacy","potentialAction":[{"@type":"SearchAction","target":{"@type":"EntryPoint","urlTemplate":"https:\/\/lions-pharmacy.com\/de?s={search_term_string}"},"query-input":{"@type":"PropertyValueSpecification","valueRequired":true,"valueName":"search_term_string"}}],"inLanguage":"de"},{"@type":"Organization","@id":"https:\/\/lions-pharmacy.com\/de#organization","name":"Lions Pharmacy","alternateName":"Lions Pharmacy24","url":"https:\/\/lions-pharmacy.com\/de","logo":{"@type":"ImageObject","inLanguage":"de","@id":"https:\/\/lions-pharmacy.com\/de#\/schema\/logo\/image\/","url":"https:\/\/lions-pharmacy.com\/wp-content\/uploads\/2022\/12\/Logo-Lion-Pharmacy-c-o-Loewen-Apotheke-smal.jpg","contentUrl":"https:\/\/lions-pharmacy.com\/wp-content\/uploads\/2022\/12\/Logo-Lion-Pharmacy-c-o-Loewen-Apotheke-smal.jpg","width":298,"height":99,"caption":"Lions Pharmacy"},"image":{"@id":"https:\/\/lions-pharmacy.com\/de#\/schema\/logo\/image\/"}}]}},"_links":{"self":[{"href":"https:\/\/lions-pharmacy.com\/de\/wp-json\/wp\/v2\/product\/20987","targetHints":{"allow":["GET"]}}],"collection":[{"href":"https:\/\/lions-pharmacy.com\/de\/wp-json\/wp\/v2\/product"}],"about":[{"href":"https:\/\/lions-pharmacy.com\/de\/wp-json\/wp\/v2\/types\/product"}],"replies":[{"embeddable":true,"href":"https:\/\/lions-pharmacy.com\/de\/wp-json\/wp\/v2\/comments?post=20987"}],"wp:featuredmedia":[{"embeddable":true,"href":"https:\/\/lions-pharmacy.com\/de\/wp-json\/wp\/v2\/media\/20992"}],"wp:attachment":[{"href":"https:\/\/lions-pharmacy.com\/de\/wp-json\/wp\/v2\/media?parent=20987"}],"wp:term":[{"taxonomy":"product_brand","embeddable":true,"href":"https:\/\/lions-pharmacy.com\/de\/wp-json\/wp\/v2\/product_brand?post=20987"},{"taxonomy":"product_cat","embeddable":true,"href":"https:\/\/lions-pharmacy.com\/de\/wp-json\/wp\/v2\/product_cat?post=20987"},{"taxonomy":"product_tag","embeddable":true,"href":"https:\/\/lions-pharmacy.com\/de\/wp-json\/wp\/v2\/product_tag?post=20987"}],"curies":[{"name":"wp","href":"https:\/\/api.w.org\/{rel}","templated":true}]}}