{"id":20936,"date":"2026-02-24T20:46:37","date_gmt":"2026-02-24T19:46:37","guid":{"rendered":"https:\/\/lions-pharmacy.com\/?post_type=product&#038;p=20936"},"modified":"2026-02-24T22:00:27","modified_gmt":"2026-02-24T21:00:27","slug":"hametum-wound-and-healing-ointment-25-g-09673019","status":"publish","type":"product","link":"https:\/\/lions-pharmacy.com\/de\/produkt\/hametum-wound-and-healing-ointment-25-g-09673019","title":{"rendered":"Hametum Wund- und Heilsalbe (25 g)"},"content":{"rendered":"<h3 style=\"text-align: left;\">Hametum Wund- und Heilsalbe (25 g)<\/h3>\n<p>Hametum Wund- und Heilsalbe verwenden Sie bei kleineren Hautverletzungen, kleinfl\u00e4chigen Entz\u00fcndungen der Haut und Schleimh\u00e4ute.<\/p>\n<p>Aktive Bestandteile: 62,5 mg frisches Destillat aus Hamamelisbl\u00e4ttern und -zweigen (1:1,12-2,08); Destillationsl\u00f6sungsmittel: 6% w\/w Ethanol<\/p>\n<p>Das Heilen mit Pflanzen oder Pflanzenteilen hat in vielen Kulturen der Welt eine lange Tradition. Dr. Willmar Schwabe ist fasziniert von den nat\u00fcrlichen Heilkr\u00e4ften der Pflanzen und \u00fcberzeugt, dass die Natur viele wichtige Wirkstoffe f\u00fcr uns bereith\u00e4lt.<\/p>\n<p>Weitere Produktdetails zu Lasea Weichkapseln finden Sie beim Hersteller: <a href=\"https:\/\/www.lasea.de\/\" target=\"_blank\" rel=\"noopener\">Dr. Willmar Schwabe GmbH &amp; Co. KG<\/a><\/p>\n<p>Andere Kunden interessieren sich auch f\u00fcr Produkte zum Thema: <a href=\"https:\/\/lions-pharmacy.com\/de\/produkt-schlagwort\/naturliche-heilmittel\" rel=\"tag\">Naturheilmittel<\/a> | <a href=\"https:\/\/lions-pharmacy.com\/de\/produkt-schlagwort\/pflanzlicher-wirkstoff-de\" rel=\"tag\">Pflanzliche Wirkstoffe<\/a> | <a href=\"\/de?product_tag=reiseapotheke\">Erste-Hilfe-Set <\/a> <\/p>\n<p>Informationen auf dieser Website werden ausschlie\u00dflich f\u00fcr informative Zwecke zur Verf\u00fcgung gestellt. Sie ersetzen keinesfalls die Untersuchung und Behandlung durch einen Arzt. Bitte beachten Sie, dass hierdurch weder Diagnosen gestellt noch Therapien eingeleitet werden k\u00f6nnen.<\/p>\n<p>Zu Risiken und Nebenwirkungen lesen Sie die Packungsbeilage und fragen Sie Ihren Arzt oder Apotheker.<\/p>\n","protected":false},"excerpt":{"rendered":"<h2>Hametum Wund- und Heilsalbe (25 g)<\/h2>\n<p>Anwendung bei kleineren Hautverletzungen, kleinfl\u00e4chigen Entz\u00fcndungen der Haut und Schleimh\u00e4ute<\/p>\n<p>&nbsp;<\/p>\n<p><strong>PZN:<\/strong> 09673019 (Pharmazentralnummer)<\/p>\n<p><strong>Darreichungsform<\/strong>: Creme<\/p>\n<p><strong>Verschreibungsart<\/strong>: verschreibungsfrei<\/p>\n<p><strong>Hersteller<\/strong>: Dr. Willmar Schwabe GmbH &amp; Co. KG, Karlsruhe, Deutschland<\/p>\n<p><strong>Packungsgr\u00f6\u00dfe<\/strong>: 25g<\/p>\n","protected":false},"featured_media":20941,"comment_status":"closed","ping_status":"closed","template":"","meta":[],"product_brand":[],"product_cat":[461,367,368],"product_tag":[379,472,512,429],"class_list":{"0":"post-20936","1":"product","2":"type-product","3":"status-publish","4":"has-post-thumbnail","6":"product_cat-dr-schwabe-de","7":"product_cat-sale-de","8":"product_cat-shop-de","9":"product_tag-monatlicher-sale-de","10":"product_tag-naturliche-heilmittel","11":"product_tag-pflanzlicher-wirkstoff-de","12":"product_tag-vitamine-und-nahrungserganzungsmittel","13":"ts_product_brand-alle","14":"ts_product_brand-dr-schwabe-de","16":"first","17":"instock","18":"sale","19":"taxable","20":"shipping-taxable","21":"purchasable","22":"product-type-simple"},"yoast_head":"<!-- This site is optimized with the Yoast SEO plugin v26.5 - https:\/\/yoast.com\/wordpress\/plugins\/seo\/ -->\n<title>Hametum Wund- und Heilsalbe (25 g) &#187; hier bestellen<\/title>\n<meta name=\"description\" content=\"L\u00f6wen Apotheke ist eine eingetragene deutsche Apotheke. Wir bieten: Schneller internationaler Versand und sicheres Online-Shopping. Hametum Wund- und Heilsalbe (25 g)\" \/>\n<meta name=\"robots\" content=\"index, follow, max-snippet:-1, max-image-preview:large, max-video-preview:-1\" \/>\n<link rel=\"canonical\" href=\"https:\/\/lions-pharmacy.com\/de\/produkt\/hametum-wound-and-healing-ointment-25-g-09673019\" \/>\n<meta property=\"og:locale\" content=\"de_DE\" \/>\n<meta property=\"og:type\" content=\"article\" \/>\n<meta property=\"og:title\" content=\"Hametum Wund- und Heilsalbe (25 g) &#187; hier bestellen\" \/>\n<meta property=\"og:description\" content=\"L\u00f6wen Apotheke ist eine eingetragene deutsche Apotheke. Wir bieten: Schneller internationaler Versand und sicheres Online-Shopping. Hametum Wund- und Heilsalbe (25 g)\" \/>\n<meta property=\"og:url\" content=\"https:\/\/lions-pharmacy.com\/de\/produkt\/hametum-wound-and-healing-ointment-25-g-09673019\" \/>\n<meta property=\"og:site_name\" content=\"L\u00f6wen Apotheke\" \/>\n<meta property=\"article:modified_time\" content=\"2026-02-24T21:00:27+00:00\" \/>\n<meta property=\"og:image\" content=\"https:\/\/lions-pharmacy.com\/wp-content\/uploads\/2026\/02\/Hametum-Wound-and-Healing-Ointment-25-g-Dr-Schwabe.webp\" \/>\n\t<meta property=\"og:image:width\" content=\"600\" \/>\n\t<meta property=\"og:image:height\" content=\"600\" \/>\n\t<meta property=\"og:image:type\" content=\"image\/webp\" \/>\n<meta name=\"twitter:card\" content=\"summary_large_image\" \/>\n<meta name=\"twitter:label1\" content=\"Gesch\u00e4tzte Lesezeit\" \/>\n\t<meta name=\"twitter:data1\" content=\"1\u00a0Minute\" \/>\n<script type=\"application\/ld+json\" class=\"yoast-schema-graph\">{\"@context\":\"https:\/\/schema.org\",\"@graph\":[{\"@type\":\"WebPage\",\"@id\":\"https:\/\/lions-pharmacy.com\/de\/produkt\/hametum-wound-and-healing-ointment-25-g-09673019\",\"url\":\"https:\/\/lions-pharmacy.com\/de\/produkt\/hametum-wound-and-healing-ointment-25-g-09673019\",\"name\":\"Hametum Wund- und Heilsalbe (25 g) &#187; hier bestellen\",\"isPartOf\":{\"@id\":\"https:\/\/lions-pharmacy.com\/de#website\"},\"primaryImageOfPage\":{\"@id\":\"https:\/\/lions-pharmacy.com\/de\/produkt\/hametum-wound-and-healing-ointment-25-g-09673019#primaryimage\"},\"image\":{\"@id\":\"https:\/\/lions-pharmacy.com\/de\/produkt\/hametum-wound-and-healing-ointment-25-g-09673019#primaryimage\"},\"thumbnailUrl\":\"https:\/\/lions-pharmacy.com\/wp-content\/uploads\/2026\/02\/Hametum-Wound-and-Healing-Ointment-25-g-Dr-Schwabe.webp\",\"datePublished\":\"2026-02-24T19:46:37+00:00\",\"dateModified\":\"2026-02-24T21:00:27+00:00\",\"description\":\"L\u00f6wen Apotheke ist eine eingetragene deutsche Apotheke. Wir bieten: Schneller internationaler Versand und sicheres Online-Shopping. Hametum Wund- und Heilsalbe (25 g)\",\"breadcrumb\":{\"@id\":\"https:\/\/lions-pharmacy.com\/de\/produkt\/hametum-wound-and-healing-ointment-25-g-09673019#breadcrumb\"},\"inLanguage\":\"de\",\"potentialAction\":[{\"@type\":\"ReadAction\",\"target\":[\"https:\/\/lions-pharmacy.com\/de\/produkt\/hametum-wound-and-healing-ointment-25-g-09673019\"]}]},{\"@type\":\"ImageObject\",\"inLanguage\":\"de\",\"@id\":\"https:\/\/lions-pharmacy.com\/de\/produkt\/hametum-wound-and-healing-ointment-25-g-09673019#primaryimage\",\"url\":\"https:\/\/lions-pharmacy.com\/wp-content\/uploads\/2026\/02\/Hametum-Wound-and-Healing-Ointment-25-g-Dr-Schwabe.webp\",\"contentUrl\":\"https:\/\/lions-pharmacy.com\/wp-content\/uploads\/2026\/02\/Hametum-Wound-and-Healing-Ointment-25-g-Dr-Schwabe.webp\",\"width\":600,\"height\":600,\"caption\":\"Hametum Wund- und Heilsalbe 25 g Dr. Schwabe\"},{\"@type\":\"BreadcrumbList\",\"@id\":\"https:\/\/lions-pharmacy.com\/de\/produkt\/hametum-wound-and-healing-ointment-25-g-09673019#breadcrumb\",\"itemListElement\":[{\"@type\":\"ListItem\",\"position\":1,\"name\":\"Home\",\"item\":\"https:\/\/lions-pharmacy.com\/de\/homepage-lion-pharmacy\"},{\"@type\":\"ListItem\",\"position\":2,\"name\":\"Shop\",\"item\":\"https:\/\/lions-pharmacy.com\/de\/shop-2\"},{\"@type\":\"ListItem\",\"position\":3,\"name\":\"Hametum Wund- und Heilsalbe (25 g)\"}]},{\"@type\":\"WebSite\",\"@id\":\"https:\/\/lions-pharmacy.com\/de#website\",\"url\":\"https:\/\/lions-pharmacy.com\/de\",\"name\":\"Lions Pharmacy\",\"description\":\"Ihr Spezialist f\u00fcr Naturheilkunde aus Baden-Baden, Germany\",\"publisher\":{\"@id\":\"https:\/\/lions-pharmacy.com\/de#organization\"},\"alternateName\":\"Lion Pharmacy\",\"potentialAction\":[{\"@type\":\"SearchAction\",\"target\":{\"@type\":\"EntryPoint\",\"urlTemplate\":\"https:\/\/lions-pharmacy.com\/de?s={search_term_string}\"},\"query-input\":{\"@type\":\"PropertyValueSpecification\",\"valueRequired\":true,\"valueName\":\"search_term_string\"}}],\"inLanguage\":\"de\"},{\"@type\":\"Organization\",\"@id\":\"https:\/\/lions-pharmacy.com\/de#organization\",\"name\":\"Lions Pharmacy\",\"alternateName\":\"Lions Pharmacy24\",\"url\":\"https:\/\/lions-pharmacy.com\/de\",\"logo\":{\"@type\":\"ImageObject\",\"inLanguage\":\"de\",\"@id\":\"https:\/\/lions-pharmacy.com\/de#\/schema\/logo\/image\/\",\"url\":\"https:\/\/lions-pharmacy.com\/wp-content\/uploads\/2022\/12\/Logo-Lion-Pharmacy-c-o-Loewen-Apotheke-smal.jpg\",\"contentUrl\":\"https:\/\/lions-pharmacy.com\/wp-content\/uploads\/2022\/12\/Logo-Lion-Pharmacy-c-o-Loewen-Apotheke-smal.jpg\",\"width\":298,\"height\":99,\"caption\":\"Lions Pharmacy\"},\"image\":{\"@id\":\"https:\/\/lions-pharmacy.com\/de#\/schema\/logo\/image\/\"}}]}<\/script>\n<!-- \/ Yoast SEO plugin. -->","yoast_head_json":{"title":"Hametum Wund- und Heilsalbe (25 g) &#187; hier bestellen","description":"L\u00f6wen Apotheke ist eine eingetragene deutsche Apotheke. Wir bieten: Schneller internationaler Versand und sicheres Online-Shopping. Hametum Wund- und Heilsalbe (25 g)","robots":{"index":"index","follow":"follow","max-snippet":"max-snippet:-1","max-image-preview":"max-image-preview:large","max-video-preview":"max-video-preview:-1"},"canonical":"https:\/\/lions-pharmacy.com\/de\/produkt\/hametum-wound-and-healing-ointment-25-g-09673019","og_locale":"de_DE","og_type":"article","og_title":"Hametum Wund- und Heilsalbe (25 g) &#187; hier bestellen","og_description":"L\u00f6wen Apotheke ist eine eingetragene deutsche Apotheke. Wir bieten: Schneller internationaler Versand und sicheres Online-Shopping. Hametum Wund- und Heilsalbe (25 g)","og_url":"https:\/\/lions-pharmacy.com\/de\/produkt\/hametum-wound-and-healing-ointment-25-g-09673019","og_site_name":"L\u00f6wen Apotheke","article_modified_time":"2026-02-24T21:00:27+00:00","og_image":[{"width":600,"height":600,"url":"https:\/\/lions-pharmacy.com\/wp-content\/uploads\/2026\/02\/Hametum-Wound-and-Healing-Ointment-25-g-Dr-Schwabe.webp","type":"image\/webp"}],"twitter_card":"summary_large_image","twitter_misc":{"Gesch\u00e4tzte Lesezeit":"1\u00a0Minute"},"schema":{"@context":"https:\/\/schema.org","@graph":[{"@type":"WebPage","@id":"https:\/\/lions-pharmacy.com\/de\/produkt\/hametum-wound-and-healing-ointment-25-g-09673019","url":"https:\/\/lions-pharmacy.com\/de\/produkt\/hametum-wound-and-healing-ointment-25-g-09673019","name":"Hametum Wund- und Heilsalbe (25 g) &#187; hier bestellen","isPartOf":{"@id":"https:\/\/lions-pharmacy.com\/de#website"},"primaryImageOfPage":{"@id":"https:\/\/lions-pharmacy.com\/de\/produkt\/hametum-wound-and-healing-ointment-25-g-09673019#primaryimage"},"image":{"@id":"https:\/\/lions-pharmacy.com\/de\/produkt\/hametum-wound-and-healing-ointment-25-g-09673019#primaryimage"},"thumbnailUrl":"https:\/\/lions-pharmacy.com\/wp-content\/uploads\/2026\/02\/Hametum-Wound-and-Healing-Ointment-25-g-Dr-Schwabe.webp","datePublished":"2026-02-24T19:46:37+00:00","dateModified":"2026-02-24T21:00:27+00:00","description":"L\u00f6wen Apotheke ist eine eingetragene deutsche Apotheke. Wir bieten: Schneller internationaler Versand und sicheres Online-Shopping. Hametum Wund- und Heilsalbe (25 g)","breadcrumb":{"@id":"https:\/\/lions-pharmacy.com\/de\/produkt\/hametum-wound-and-healing-ointment-25-g-09673019#breadcrumb"},"inLanguage":"de","potentialAction":[{"@type":"ReadAction","target":["https:\/\/lions-pharmacy.com\/de\/produkt\/hametum-wound-and-healing-ointment-25-g-09673019"]}]},{"@type":"ImageObject","inLanguage":"de","@id":"https:\/\/lions-pharmacy.com\/de\/produkt\/hametum-wound-and-healing-ointment-25-g-09673019#primaryimage","url":"https:\/\/lions-pharmacy.com\/wp-content\/uploads\/2026\/02\/Hametum-Wound-and-Healing-Ointment-25-g-Dr-Schwabe.webp","contentUrl":"https:\/\/lions-pharmacy.com\/wp-content\/uploads\/2026\/02\/Hametum-Wound-and-Healing-Ointment-25-g-Dr-Schwabe.webp","width":600,"height":600,"caption":"Hametum Wund- und Heilsalbe 25 g Dr. Schwabe"},{"@type":"BreadcrumbList","@id":"https:\/\/lions-pharmacy.com\/de\/produkt\/hametum-wound-and-healing-ointment-25-g-09673019#breadcrumb","itemListElement":[{"@type":"ListItem","position":1,"name":"Home","item":"https:\/\/lions-pharmacy.com\/de\/homepage-lion-pharmacy"},{"@type":"ListItem","position":2,"name":"Shop","item":"https:\/\/lions-pharmacy.com\/de\/shop-2"},{"@type":"ListItem","position":3,"name":"Hametum Wund- und Heilsalbe (25 g)"}]},{"@type":"WebSite","@id":"https:\/\/lions-pharmacy.com\/de#website","url":"https:\/\/lions-pharmacy.com\/de","name":"Lions Pharmacy","description":"Ihr Spezialist f\u00fcr Naturheilkunde aus Baden-Baden, Germany","publisher":{"@id":"https:\/\/lions-pharmacy.com\/de#organization"},"alternateName":"Lion Pharmacy","potentialAction":[{"@type":"SearchAction","target":{"@type":"EntryPoint","urlTemplate":"https:\/\/lions-pharmacy.com\/de?s={search_term_string}"},"query-input":{"@type":"PropertyValueSpecification","valueRequired":true,"valueName":"search_term_string"}}],"inLanguage":"de"},{"@type":"Organization","@id":"https:\/\/lions-pharmacy.com\/de#organization","name":"Lions Pharmacy","alternateName":"Lions Pharmacy24","url":"https:\/\/lions-pharmacy.com\/de","logo":{"@type":"ImageObject","inLanguage":"de","@id":"https:\/\/lions-pharmacy.com\/de#\/schema\/logo\/image\/","url":"https:\/\/lions-pharmacy.com\/wp-content\/uploads\/2022\/12\/Logo-Lion-Pharmacy-c-o-Loewen-Apotheke-smal.jpg","contentUrl":"https:\/\/lions-pharmacy.com\/wp-content\/uploads\/2022\/12\/Logo-Lion-Pharmacy-c-o-Loewen-Apotheke-smal.jpg","width":298,"height":99,"caption":"Lions Pharmacy"},"image":{"@id":"https:\/\/lions-pharmacy.com\/de#\/schema\/logo\/image\/"}}]}},"_links":{"self":[{"href":"https:\/\/lions-pharmacy.com\/de\/wp-json\/wp\/v2\/product\/20936","targetHints":{"allow":["GET"]}}],"collection":[{"href":"https:\/\/lions-pharmacy.com\/de\/wp-json\/wp\/v2\/product"}],"about":[{"href":"https:\/\/lions-pharmacy.com\/de\/wp-json\/wp\/v2\/types\/product"}],"replies":[{"embeddable":true,"href":"https:\/\/lions-pharmacy.com\/de\/wp-json\/wp\/v2\/comments?post=20936"}],"wp:featuredmedia":[{"embeddable":true,"href":"https:\/\/lions-pharmacy.com\/de\/wp-json\/wp\/v2\/media\/20941"}],"wp:attachment":[{"href":"https:\/\/lions-pharmacy.com\/de\/wp-json\/wp\/v2\/media?parent=20936"}],"wp:term":[{"taxonomy":"product_brand","embeddable":true,"href":"https:\/\/lions-pharmacy.com\/de\/wp-json\/wp\/v2\/product_brand?post=20936"},{"taxonomy":"product_cat","embeddable":true,"href":"https:\/\/lions-pharmacy.com\/de\/wp-json\/wp\/v2\/product_cat?post=20936"},{"taxonomy":"product_tag","embeddable":true,"href":"https:\/\/lions-pharmacy.com\/de\/wp-json\/wp\/v2\/product_tag?post=20936"}],"curies":[{"name":"wp","href":"https:\/\/api.w.org\/{rel}","templated":true}]}}