{"id":20503,"date":"2026-02-10T14:55:43","date_gmt":"2026-02-10T13:55:43","guid":{"rendered":"https:\/\/lions-pharmacy.com\/?post_type=product&#038;p=20503"},"modified":"2026-02-15T14:43:40","modified_gmt":"2026-02-15T13:43:40","slug":"dr-reckeweg-calimer-gastreu-r-34-injection-ampoules-10-x-2-ml","status":"publish","type":"product","link":"https:\/\/lions-pharmacy.com\/de\/produkt\/dr-reckeweg-calimer-gastreu-r-34-injection-ampoules-10-x-2-ml","title":{"rendered":"Dr. Reckeweg Calimer Gastreu R 34 Injektionsampullen (10 x 2 ml)"},"content":{"rendered":"<h2>Dr. Reckeweg Calimer Gastreu R 34 Injektionsampullen<\/h2>\n<p>Dr. Reckeweg Calimer Gastreu R 34 Injektionsampullen ist ein registriertes hom\u00f6opathisches Arzneimittel, daher wird keine therapeutische Indikation angegeben. Wenn die Symptome w\u00e4hrend der Einnahme dieses Arzneimittels anhalten, sollten Sie einen Arzt aufsuchen.<\/p>\n<p>Andere Produkte f\u00fcr diese Anwendung: <a href=\"https:\/\/lions-pharmacy.com\/de\/produkt-schlagwort\/vitamine-und-nahrungserganzungsmittel\" rel=\"tag\">Vitamine &amp; Nahrungserg\u00e4nzungsmittel<\/a> | <a href=\"https:\/\/lions-pharmacy.com\/de\/produkt-schlagwort\/gewichtsmanagement\" rel=\"tag\">Gewichtsmanagement<\/a> | <a href=\"https:\/\/lions-pharmacy.com\/de\/produkt-schlagwort\/virusinfektion\" rel=\"tag\">Virusinfektion<\/a><\/p>\n<p>Erfahren Sie mehr \u00fcber den Hersteller und dieses Produkt: <a href=\"https:\/\/www.reckeweg.de\/en\" target=\"_blank\" rel=\"noopener\">Dr. Reckweg<\/a> (Link zu externer Website)<\/p>\n<p>Zu Risiken und Nebenwirkungen lesen Sie die Packungsbeilage und fragen Sie Ihren Arzt oder Apotheker.<\/p>\n<p>Nahrungserg\u00e4nzungsmittel sind kein Ersatz f\u00fcr eine ausgewogene und abwechslungsreiche Ern\u00e4hrung und eine gesunde Lebensweise. The stated recommended daily consumption amount must not be exceeded.<\/p>\n<p>Informationen auf dieser Website werden ausschlie\u00dflich f\u00fcr informative Zwecke zur Verf\u00fcgung gestellt. Sie ersetzen in keiner Weise die Untersuchung und Behandlung durch einen Arzt. Bitte beachten Sie, dass dies nicht dazu dient, eine Diagnose zu stellen oder eine Therapie einzuleiten.<\/p>\n<p>F\u00fcr Informationen \u00fcber Risiken und Nebenwirkungen lesen Sie die Packungsbeilage und fragen Sie Ihren Arzt oder Apotheker.<\/p>\n","protected":false},"excerpt":{"rendered":"<h2>Dr. Reckeweg Calimer Gastreu R 34 Injektionsampullen<\/h2>\n<p>ein registriertes hom\u00f6opathisches Arzneimittel.<\/p>\n<p>&nbsp;<\/p>\n<p>PZN: 04628250 (Pharmazentralnummer)<\/p>\n<p>Darreichungsform: Injektionsampullen<\/p>\n<p>Verordnungsart: Rezeptfrei<\/p>\n<p>Marke: Dr. Reckeweg<\/p>\n<p>Hersteller: Dr.RECKEWEG &amp; Co. GmbH Berliner Ring 32 D. 64625, Bensheim<\/p>\n<p>Packungsgr\u00f6\u00dfe: 10x 2 ml<\/p>\n","protected":false},"featured_media":20639,"comment_status":"closed","ping_status":"closed","template":"","meta":[],"product_brand":[],"product_cat":[367,368],"product_tag":[428],"class_list":{"0":"post-20503","1":"product","2":"type-product","3":"status-publish","4":"has-post-thumbnail","6":"product_cat-sale-de","7":"product_cat-shop-de","8":"product_tag-virusinfektion","9":"ts_product_brand-alle","11":"first","12":"instock","13":"taxable","14":"shipping-taxable","15":"purchasable","16":"product-type-simple"},"yoast_head":"<!-- This site is optimized with the Yoast SEO plugin v26.5 - https:\/\/yoast.com\/wordpress\/plugins\/seo\/ -->\n<title>Dr. Reckeweg Calimer Gastreu R 34 Injektionsampullen (10 x 2 ml)<\/title>\n<meta name=\"description\" content=\"Deutsche Online-Apotheke | Schneller internationaler Versand | Bequemes und sicheres Einkaufen. Dr. Reckeweg Calimer Gastreu R 34 Injektionsampullen (10 x 2 ml)\" \/>\n<meta name=\"robots\" content=\"index, follow, max-snippet:-1, max-image-preview:large, max-video-preview:-1\" \/>\n<link rel=\"canonical\" href=\"https:\/\/lions-pharmacy.com\/de\/produkt\/dr-reckeweg-calimer-gastreu-r-34-injection-ampoules-10-x-2-ml\" \/>\n<meta property=\"og:locale\" content=\"de_DE\" \/>\n<meta property=\"og:type\" content=\"article\" \/>\n<meta property=\"og:title\" content=\"Dr. Reckeweg Calimer Gastreu R 34 Injektionsampullen (10 x 2 ml)\" \/>\n<meta property=\"og:description\" content=\"Deutsche Online-Apotheke | Schneller internationaler Versand | Bequemes und sicheres Einkaufen. Dr. Reckeweg Calimer Gastreu R 34 Injektionsampullen (10 x 2 ml)\" \/>\n<meta property=\"og:url\" content=\"https:\/\/lions-pharmacy.com\/de\/produkt\/dr-reckeweg-calimer-gastreu-r-34-injection-ampoules-10-x-2-ml\" \/>\n<meta property=\"og:site_name\" content=\"L\u00f6wen Apotheke\" \/>\n<meta property=\"article:modified_time\" content=\"2026-02-15T13:43:40+00:00\" \/>\n<meta property=\"og:image\" content=\"https:\/\/lions-pharmacy.com\/wp-content\/uploads\/2026\/02\/Dr.-Reckeweg-Calimer-Gastreu-R-34-Injection-Ampoules-PZN-04628250.webp\" \/>\n\t<meta property=\"og:image:width\" content=\"512\" \/>\n\t<meta property=\"og:image:height\" content=\"512\" \/>\n\t<meta property=\"og:image:type\" content=\"image\/webp\" \/>\n<meta name=\"twitter:card\" content=\"summary_large_image\" \/>\n<meta name=\"twitter:label1\" content=\"Gesch\u00e4tzte Lesezeit\" \/>\n\t<meta name=\"twitter:data1\" content=\"1\u00a0Minute\" \/>\n<script type=\"application\/ld+json\" class=\"yoast-schema-graph\">{\"@context\":\"https:\/\/schema.org\",\"@graph\":[{\"@type\":\"WebPage\",\"@id\":\"https:\/\/lions-pharmacy.com\/de\/produkt\/dr-reckeweg-calimer-gastreu-r-34-injection-ampoules-10-x-2-ml\",\"url\":\"https:\/\/lions-pharmacy.com\/de\/produkt\/dr-reckeweg-calimer-gastreu-r-34-injection-ampoules-10-x-2-ml\",\"name\":\"Dr. Reckeweg Calimer Gastreu R 34 Injektionsampullen (10 x 2 ml)\",\"isPartOf\":{\"@id\":\"https:\/\/lions-pharmacy.com\/de#website\"},\"primaryImageOfPage\":{\"@id\":\"https:\/\/lions-pharmacy.com\/de\/produkt\/dr-reckeweg-calimer-gastreu-r-34-injection-ampoules-10-x-2-ml#primaryimage\"},\"image\":{\"@id\":\"https:\/\/lions-pharmacy.com\/de\/produkt\/dr-reckeweg-calimer-gastreu-r-34-injection-ampoules-10-x-2-ml#primaryimage\"},\"thumbnailUrl\":\"https:\/\/lions-pharmacy.com\/wp-content\/uploads\/2026\/02\/Dr.-Reckeweg-Calimer-Gastreu-R-34-Injection-Ampoules-PZN-04628250.webp\",\"datePublished\":\"2026-02-10T13:55:43+00:00\",\"dateModified\":\"2026-02-15T13:43:40+00:00\",\"description\":\"Deutsche Online-Apotheke | Schneller internationaler Versand | Bequemes und sicheres Einkaufen. Dr. Reckeweg Calimer Gastreu R 34 Injektionsampullen (10 x 2 ml)\",\"breadcrumb\":{\"@id\":\"https:\/\/lions-pharmacy.com\/de\/produkt\/dr-reckeweg-calimer-gastreu-r-34-injection-ampoules-10-x-2-ml#breadcrumb\"},\"inLanguage\":\"de\",\"potentialAction\":[{\"@type\":\"ReadAction\",\"target\":[\"https:\/\/lions-pharmacy.com\/de\/produkt\/dr-reckeweg-calimer-gastreu-r-34-injection-ampoules-10-x-2-ml\"]}]},{\"@type\":\"ImageObject\",\"inLanguage\":\"de\",\"@id\":\"https:\/\/lions-pharmacy.com\/de\/produkt\/dr-reckeweg-calimer-gastreu-r-34-injection-ampoules-10-x-2-ml#primaryimage\",\"url\":\"https:\/\/lions-pharmacy.com\/wp-content\/uploads\/2026\/02\/Dr.-Reckeweg-Calimer-Gastreu-R-34-Injection-Ampoules-PZN-04628250.webp\",\"contentUrl\":\"https:\/\/lions-pharmacy.com\/wp-content\/uploads\/2026\/02\/Dr.-Reckeweg-Calimer-Gastreu-R-34-Injection-Ampoules-PZN-04628250.webp\",\"width\":512,\"height\":512,\"caption\":\"Dr. Reckeweg Calimer Gastreu R 34 Injektionsampullen PZN-04628250\"},{\"@type\":\"BreadcrumbList\",\"@id\":\"https:\/\/lions-pharmacy.com\/de\/produkt\/dr-reckeweg-calimer-gastreu-r-34-injection-ampoules-10-x-2-ml#breadcrumb\",\"itemListElement\":[{\"@type\":\"ListItem\",\"position\":1,\"name\":\"Home\",\"item\":\"https:\/\/lions-pharmacy.com\/de\/homepage-lion-pharmacy\"},{\"@type\":\"ListItem\",\"position\":2,\"name\":\"Shop\",\"item\":\"https:\/\/lions-pharmacy.com\/de\/shop-2\"},{\"@type\":\"ListItem\",\"position\":3,\"name\":\"Dr. Reckeweg Calimer Gastreu R 34 Injektionsampullen (10 x 2 ml)\"}]},{\"@type\":\"WebSite\",\"@id\":\"https:\/\/lions-pharmacy.com\/de#website\",\"url\":\"https:\/\/lions-pharmacy.com\/de\",\"name\":\"Lions Pharmacy\",\"description\":\"Ihr Spezialist f\u00fcr Naturheilkunde aus Baden-Baden, Germany\",\"publisher\":{\"@id\":\"https:\/\/lions-pharmacy.com\/de#organization\"},\"alternateName\":\"Lion Pharmacy\",\"potentialAction\":[{\"@type\":\"SearchAction\",\"target\":{\"@type\":\"EntryPoint\",\"urlTemplate\":\"https:\/\/lions-pharmacy.com\/de?s={search_term_string}\"},\"query-input\":{\"@type\":\"PropertyValueSpecification\",\"valueRequired\":true,\"valueName\":\"search_term_string\"}}],\"inLanguage\":\"de\"},{\"@type\":\"Organization\",\"@id\":\"https:\/\/lions-pharmacy.com\/de#organization\",\"name\":\"Lions Pharmacy\",\"alternateName\":\"Lions Pharmacy24\",\"url\":\"https:\/\/lions-pharmacy.com\/de\",\"logo\":{\"@type\":\"ImageObject\",\"inLanguage\":\"de\",\"@id\":\"https:\/\/lions-pharmacy.com\/de#\/schema\/logo\/image\/\",\"url\":\"https:\/\/lions-pharmacy.com\/wp-content\/uploads\/2022\/12\/Logo-Lion-Pharmacy-c-o-Loewen-Apotheke-smal.jpg\",\"contentUrl\":\"https:\/\/lions-pharmacy.com\/wp-content\/uploads\/2022\/12\/Logo-Lion-Pharmacy-c-o-Loewen-Apotheke-smal.jpg\",\"width\":298,\"height\":99,\"caption\":\"Lions Pharmacy\"},\"image\":{\"@id\":\"https:\/\/lions-pharmacy.com\/de#\/schema\/logo\/image\/\"}}]}<\/script>\n<!-- \/ Yoast SEO plugin. -->","yoast_head_json":{"title":"Dr. Reckeweg Calimer Gastreu R 34 Injektionsampullen (10 x 2 ml)","description":"Deutsche Online-Apotheke | Schneller internationaler Versand | Bequemes und sicheres Einkaufen. Dr. Reckeweg Calimer Gastreu R 34 Injektionsampullen (10 x 2 ml)","robots":{"index":"index","follow":"follow","max-snippet":"max-snippet:-1","max-image-preview":"max-image-preview:large","max-video-preview":"max-video-preview:-1"},"canonical":"https:\/\/lions-pharmacy.com\/de\/produkt\/dr-reckeweg-calimer-gastreu-r-34-injection-ampoules-10-x-2-ml","og_locale":"de_DE","og_type":"article","og_title":"Dr. Reckeweg Calimer Gastreu R 34 Injektionsampullen (10 x 2 ml)","og_description":"Deutsche Online-Apotheke | Schneller internationaler Versand | Bequemes und sicheres Einkaufen. Dr. Reckeweg Calimer Gastreu R 34 Injektionsampullen (10 x 2 ml)","og_url":"https:\/\/lions-pharmacy.com\/de\/produkt\/dr-reckeweg-calimer-gastreu-r-34-injection-ampoules-10-x-2-ml","og_site_name":"L\u00f6wen Apotheke","article_modified_time":"2026-02-15T13:43:40+00:00","og_image":[{"width":512,"height":512,"url":"https:\/\/lions-pharmacy.com\/wp-content\/uploads\/2026\/02\/Dr.-Reckeweg-Calimer-Gastreu-R-34-Injection-Ampoules-PZN-04628250.webp","type":"image\/webp"}],"twitter_card":"summary_large_image","twitter_misc":{"Gesch\u00e4tzte Lesezeit":"1\u00a0Minute"},"schema":{"@context":"https:\/\/schema.org","@graph":[{"@type":"WebPage","@id":"https:\/\/lions-pharmacy.com\/de\/produkt\/dr-reckeweg-calimer-gastreu-r-34-injection-ampoules-10-x-2-ml","url":"https:\/\/lions-pharmacy.com\/de\/produkt\/dr-reckeweg-calimer-gastreu-r-34-injection-ampoules-10-x-2-ml","name":"Dr. Reckeweg Calimer Gastreu R 34 Injektionsampullen (10 x 2 ml)","isPartOf":{"@id":"https:\/\/lions-pharmacy.com\/de#website"},"primaryImageOfPage":{"@id":"https:\/\/lions-pharmacy.com\/de\/produkt\/dr-reckeweg-calimer-gastreu-r-34-injection-ampoules-10-x-2-ml#primaryimage"},"image":{"@id":"https:\/\/lions-pharmacy.com\/de\/produkt\/dr-reckeweg-calimer-gastreu-r-34-injection-ampoules-10-x-2-ml#primaryimage"},"thumbnailUrl":"https:\/\/lions-pharmacy.com\/wp-content\/uploads\/2026\/02\/Dr.-Reckeweg-Calimer-Gastreu-R-34-Injection-Ampoules-PZN-04628250.webp","datePublished":"2026-02-10T13:55:43+00:00","dateModified":"2026-02-15T13:43:40+00:00","description":"Deutsche Online-Apotheke | Schneller internationaler Versand | Bequemes und sicheres Einkaufen. Dr. Reckeweg Calimer Gastreu R 34 Injektionsampullen (10 x 2 ml)","breadcrumb":{"@id":"https:\/\/lions-pharmacy.com\/de\/produkt\/dr-reckeweg-calimer-gastreu-r-34-injection-ampoules-10-x-2-ml#breadcrumb"},"inLanguage":"de","potentialAction":[{"@type":"ReadAction","target":["https:\/\/lions-pharmacy.com\/de\/produkt\/dr-reckeweg-calimer-gastreu-r-34-injection-ampoules-10-x-2-ml"]}]},{"@type":"ImageObject","inLanguage":"de","@id":"https:\/\/lions-pharmacy.com\/de\/produkt\/dr-reckeweg-calimer-gastreu-r-34-injection-ampoules-10-x-2-ml#primaryimage","url":"https:\/\/lions-pharmacy.com\/wp-content\/uploads\/2026\/02\/Dr.-Reckeweg-Calimer-Gastreu-R-34-Injection-Ampoules-PZN-04628250.webp","contentUrl":"https:\/\/lions-pharmacy.com\/wp-content\/uploads\/2026\/02\/Dr.-Reckeweg-Calimer-Gastreu-R-34-Injection-Ampoules-PZN-04628250.webp","width":512,"height":512,"caption":"Dr. Reckeweg Calimer Gastreu R 34 Injektionsampullen PZN-04628250"},{"@type":"BreadcrumbList","@id":"https:\/\/lions-pharmacy.com\/de\/produkt\/dr-reckeweg-calimer-gastreu-r-34-injection-ampoules-10-x-2-ml#breadcrumb","itemListElement":[{"@type":"ListItem","position":1,"name":"Home","item":"https:\/\/lions-pharmacy.com\/de\/homepage-lion-pharmacy"},{"@type":"ListItem","position":2,"name":"Shop","item":"https:\/\/lions-pharmacy.com\/de\/shop-2"},{"@type":"ListItem","position":3,"name":"Dr. Reckeweg Calimer Gastreu R 34 Injektionsampullen (10 x 2 ml)"}]},{"@type":"WebSite","@id":"https:\/\/lions-pharmacy.com\/de#website","url":"https:\/\/lions-pharmacy.com\/de","name":"Lions Pharmacy","description":"Ihr Spezialist f\u00fcr Naturheilkunde aus Baden-Baden, Germany","publisher":{"@id":"https:\/\/lions-pharmacy.com\/de#organization"},"alternateName":"Lion Pharmacy","potentialAction":[{"@type":"SearchAction","target":{"@type":"EntryPoint","urlTemplate":"https:\/\/lions-pharmacy.com\/de?s={search_term_string}"},"query-input":{"@type":"PropertyValueSpecification","valueRequired":true,"valueName":"search_term_string"}}],"inLanguage":"de"},{"@type":"Organization","@id":"https:\/\/lions-pharmacy.com\/de#organization","name":"Lions Pharmacy","alternateName":"Lions Pharmacy24","url":"https:\/\/lions-pharmacy.com\/de","logo":{"@type":"ImageObject","inLanguage":"de","@id":"https:\/\/lions-pharmacy.com\/de#\/schema\/logo\/image\/","url":"https:\/\/lions-pharmacy.com\/wp-content\/uploads\/2022\/12\/Logo-Lion-Pharmacy-c-o-Loewen-Apotheke-smal.jpg","contentUrl":"https:\/\/lions-pharmacy.com\/wp-content\/uploads\/2022\/12\/Logo-Lion-Pharmacy-c-o-Loewen-Apotheke-smal.jpg","width":298,"height":99,"caption":"Lions Pharmacy"},"image":{"@id":"https:\/\/lions-pharmacy.com\/de#\/schema\/logo\/image\/"}}]}},"_links":{"self":[{"href":"https:\/\/lions-pharmacy.com\/de\/wp-json\/wp\/v2\/product\/20503","targetHints":{"allow":["GET"]}}],"collection":[{"href":"https:\/\/lions-pharmacy.com\/de\/wp-json\/wp\/v2\/product"}],"about":[{"href":"https:\/\/lions-pharmacy.com\/de\/wp-json\/wp\/v2\/types\/product"}],"replies":[{"embeddable":true,"href":"https:\/\/lions-pharmacy.com\/de\/wp-json\/wp\/v2\/comments?post=20503"}],"wp:featuredmedia":[{"embeddable":true,"href":"https:\/\/lions-pharmacy.com\/de\/wp-json\/wp\/v2\/media\/20639"}],"wp:attachment":[{"href":"https:\/\/lions-pharmacy.com\/de\/wp-json\/wp\/v2\/media?parent=20503"}],"wp:term":[{"taxonomy":"product_brand","embeddable":true,"href":"https:\/\/lions-pharmacy.com\/de\/wp-json\/wp\/v2\/product_brand?post=20503"},{"taxonomy":"product_cat","embeddable":true,"href":"https:\/\/lions-pharmacy.com\/de\/wp-json\/wp\/v2\/product_cat?post=20503"},{"taxonomy":"product_tag","embeddable":true,"href":"https:\/\/lions-pharmacy.com\/de\/wp-json\/wp\/v2\/product_tag?post=20503"}],"curies":[{"name":"wp","href":"https:\/\/api.w.org\/{rel}","templated":true}]}}