{"id":20415,"date":"2026-02-07T07:11:17","date_gmt":"2026-02-07T06:11:17","guid":{"rendered":"https:\/\/lions-pharmacy.com\/?post_type=product&#038;p=20415"},"modified":"2026-02-07T07:29:52","modified_gmt":"2026-02-07T06:29:52","slug":"yohimbin-vitalcomplex-hevert-drops-50ml-00352621","status":"publish","type":"product","link":"https:\/\/lions-pharmacy.com\/de\/produkt\/yohimbin-vitalcomplex-hevert-drops-50ml-00352621","title":{"rendered":"Yohimbin Vitalcomplex Hevert Tropfen (50ml)"},"content":{"rendered":"<h3>Yohimbin Vitalcomplex Hevert<\/h3>\n<p>Yohimbin Vitalcomplex Hevert Tropfen sind ein hom\u00f6opathisches Arzneimittel bei nerv\u00f6sen St\u00f6rungen. Die Indikationen sind von den hom\u00f6opathischen Arzneimittelbildern abgeleitet. Dazu geh\u00f6ren: Sexuelle Schw\u00e4che aufgrund von Nervenst\u00f6rungen.<\/p>\n<p>Hom\u00f6opathische Arzneimittel sollten ohne \u00e4rztlichen Rat nicht \u00fcber einen l\u00e4ngeren Zeitraum eingenommen werden. Wenn Sie weitere Fragen zur Anwendung dieses Arzneimittels haben, fragen Sie Ihren Arzt oder Apotheker.<\/p>\n<p>Bei der Anwendung eines hom\u00f6opathischen Arzneimittels k\u00f6nnen sich bestehende Symptome vor\u00fcbergehend verschlimmern (Erstverschlimmerung). In diesem Fall sollten Sie die Einnahme des Arzneimittels abbrechen und einen Arzt aufsuchen.<\/p>\n<p>Packungsbeilage\/Gebrauchsanweisung\/Artikeldatenblatt: &#8211; (PDF-Reader)<\/p>\n<p>Andere Produkte f\u00fcr die Anwendung: <a href=\"https:\/\/lions-pharmacy.com\/de\/produkt-schlagwort\/homoopathie\">Hom\u00f6opathie<\/a> | <a href=\"https:\/\/lions-pharmacy.com\/de\/produkt-schlagwort\/vitamine-und-nahrungserganzungsmittel\">Vitamine &amp; Erg\u00e4nzungsprodukte<\/a> | <a href=\"https:\/\/lions-pharmacy.com\/de\/produkt-schlagwort\/wellness-de\" rel=\"tag\">Wellness<\/a><\/p>\n<p>Erfahren Sie mehr \u00fcber den Hersteller und dieses Produkt: <a href=\"https:\/\/hevert.com\/de\/en\" target=\"_blank\" rel=\"noopener\">Hevert<\/a> (Link zur externen Website)<\/p>\n<p>Informationen auf dieser Website werden ausschlie\u00dflich f\u00fcr informative Zwecke zur Verf\u00fcgung gestellt. Sie ersetzen keinesfalls die Untersuchung und Behandlung durch einen Arzt. Bitte beachten Sie, dass hierdurch weder Diagnosen gestellt noch Therapien eingeleitet werden k\u00f6nnen.<\/p>\n<p>Zu Risiken und Nebenwirkungen lesen Sie die Packungsbeilage und fragen Sie Ihren Arzt oder Apotheker.<\/p>\n<p class=\"TypographyPresentation TypographyPresentation--medium RichText3-paragraph--withVSpacingNormal RichText3-paragraph HighlightSol HighlightSol--buildingBlock\"><strong>Haben Sie Fragen? Wir sind f\u00fcr Sie da!<\/strong><\/p>\n<p class=\"TypographyPresentation TypographyPresentation--medium RichText3-paragraph--withVSpacingNormal RichText3-paragraph HighlightSol HighlightSol--buildingBlock\">Unsere leitende Apothekerin, <strong>Dr. Sandra Hoff<\/strong>, und ihr Team beraten Sie gerne pers\u00f6nlich &#8211; per Telefon oder E-Mail. Als <strong>echte Apotheke vor Ort<\/strong> und <strong>zugelassene Versandapotheke<\/strong> bieten wir Ihnen kompetente Unterst\u00fctzung, insbesondere in den Bereichen <strong>Naturheilkunde<\/strong> und <strong>Nahrungserg\u00e4nzungsmittel<\/strong>, hier Produkte von Pascoe pharmazeutische Pr\u00e4parate GmbH, vitOrgan Arzneimittel und Labo Life. <a href=\"https:\/\/versandhandel.dimdi.de\/websearch\/servlet\/Gate;jsessionid=0D29D15655BE1174E9178A340E8FE6BC?accessid=dimdi_var&amp;term=3c387956690121ccc8763184f052b93f\" target=\"_blank\" rel=\"noopener\">Zum Eintrag in das Versandhandelsregister.<\/a><\/p>\n","protected":false},"excerpt":{"rendered":"<h2>Yohimbin Vitalcomplex Hevert<\/h2>\n<p>Bei sexueller Schw\u00e4che aufgrund von nerv\u00f6sen St\u00f6rungen. Geeignet f\u00fcr M\u00e4nner und Frauen<\/p>\n<p>&nbsp;<\/p>\n<p><strong>PZN<\/strong>: 00352621<\/p>\n<p><strong>Darreichungsform<\/strong>: Tropfen<\/p>\n<p><strong>Verschreibungsart<\/strong>: verschreibungsfrei<\/p>\n<p><strong>Marke<\/strong>: &#8211;<\/p>\n<p><strong>Hersteller<\/strong>: Hevert Arzneimittel GmbH, Deutschland<\/p>\n<p><strong>Packungsgr\u00f6\u00dfe<\/strong>: 50 ml<\/p>\n","protected":false},"featured_media":20420,"comment_status":"closed","ping_status":"closed","template":"","meta":[],"product_brand":[],"product_cat":[578,368],"product_tag":[379,429],"class_list":{"0":"post-20415","1":"product","2":"type-product","3":"status-publish","4":"has-post-thumbnail","6":"product_cat-hevert-de","7":"product_cat-shop-de","8":"product_tag-monatlicher-sale-de","9":"product_tag-vitamine-und-nahrungserganzungsmittel","10":"ts_product_brand-alle","11":"ts_product_brand-hevert-de","13":"first","14":"instock","15":"taxable","16":"shipping-taxable","17":"purchasable","18":"product-type-simple"},"yoast_head":"<!-- This site is optimized with the Yoast SEO plugin v26.5 - https:\/\/yoast.com\/wordpress\/plugins\/seo\/ -->\n<title>Yohimbin Vitalcomplex Hevert Tropfen (50ml) &#187; Erfahren Sie mehr auf L\u00f6wen Apotheke<\/title>\n<meta name=\"description\" content=\"Registrierte deutsche Apotheke. Wir bieten: Schneller internationaler Versand. Produkt von Hevert: Yohimbin Vitalcomplex Hevert Tropfen (50ml) F\u00fcr Sie und Ihn.\" \/>\n<meta name=\"robots\" content=\"index, follow, max-snippet:-1, max-image-preview:large, max-video-preview:-1\" \/>\n<link rel=\"canonical\" href=\"https:\/\/lions-pharmacy.com\/de\/produkt\/yohimbin-vitalcomplex-hevert-drops-50ml-00352621\" \/>\n<meta property=\"og:locale\" content=\"de_DE\" \/>\n<meta property=\"og:type\" content=\"article\" \/>\n<meta property=\"og:title\" content=\"Yohimbin Vitalcomplex Hevert Tropfen (50ml) &#187; Erfahren Sie mehr auf L\u00f6wen Apotheke\" \/>\n<meta property=\"og:description\" content=\"Registrierte deutsche Apotheke. Wir bieten: Schneller internationaler Versand. Produkt von Hevert: Yohimbin Vitalcomplex Hevert Tropfen (50ml) F\u00fcr Sie und Ihn.\" \/>\n<meta property=\"og:url\" content=\"https:\/\/lions-pharmacy.com\/de\/produkt\/yohimbin-vitalcomplex-hevert-drops-50ml-00352621\" \/>\n<meta property=\"og:site_name\" content=\"L\u00f6wen Apotheke\" \/>\n<meta property=\"article:modified_time\" content=\"2026-02-07T06:29:52+00:00\" \/>\n<meta property=\"og:image\" content=\"https:\/\/lions-pharmacy.com\/wp-content\/uploads\/2026\/02\/Yohimbin-Vitalcomplex-Hevert-drops-50-ml-PZN-00352851.webp\" \/>\n\t<meta property=\"og:image:width\" content=\"600\" \/>\n\t<meta property=\"og:image:height\" content=\"600\" \/>\n\t<meta property=\"og:image:type\" content=\"image\/webp\" \/>\n<meta name=\"twitter:card\" content=\"summary_large_image\" \/>\n<meta name=\"twitter:label1\" content=\"Gesch\u00e4tzte Lesezeit\" \/>\n\t<meta name=\"twitter:data1\" content=\"1\u00a0Minute\" \/>\n<script type=\"application\/ld+json\" class=\"yoast-schema-graph\">{\"@context\":\"https:\/\/schema.org\",\"@graph\":[{\"@type\":\"WebPage\",\"@id\":\"https:\/\/lions-pharmacy.com\/de\/produkt\/yohimbin-vitalcomplex-hevert-drops-50ml-00352621\",\"url\":\"https:\/\/lions-pharmacy.com\/de\/produkt\/yohimbin-vitalcomplex-hevert-drops-50ml-00352621\",\"name\":\"Yohimbin Vitalcomplex Hevert Tropfen (50ml) &#187; Erfahren Sie mehr auf L\u00f6wen Apotheke\",\"isPartOf\":{\"@id\":\"https:\/\/lions-pharmacy.com\/de#website\"},\"primaryImageOfPage\":{\"@id\":\"https:\/\/lions-pharmacy.com\/de\/produkt\/yohimbin-vitalcomplex-hevert-drops-50ml-00352621#primaryimage\"},\"image\":{\"@id\":\"https:\/\/lions-pharmacy.com\/de\/produkt\/yohimbin-vitalcomplex-hevert-drops-50ml-00352621#primaryimage\"},\"thumbnailUrl\":\"https:\/\/lions-pharmacy.com\/wp-content\/uploads\/2026\/02\/Yohimbin-Vitalcomplex-Hevert-drops-50-ml-PZN-00352851.webp\",\"datePublished\":\"2026-02-07T06:11:17+00:00\",\"dateModified\":\"2026-02-07T06:29:52+00:00\",\"description\":\"Registrierte deutsche Apotheke. Wir bieten: Schneller internationaler Versand. Produkt von Hevert: Yohimbin Vitalcomplex Hevert Tropfen (50ml) F\u00fcr Sie und Ihn.\",\"breadcrumb\":{\"@id\":\"https:\/\/lions-pharmacy.com\/de\/produkt\/yohimbin-vitalcomplex-hevert-drops-50ml-00352621#breadcrumb\"},\"inLanguage\":\"de\",\"potentialAction\":[{\"@type\":\"ReadAction\",\"target\":[\"https:\/\/lions-pharmacy.com\/de\/produkt\/yohimbin-vitalcomplex-hevert-drops-50ml-00352621\"]}]},{\"@type\":\"ImageObject\",\"inLanguage\":\"de\",\"@id\":\"https:\/\/lions-pharmacy.com\/de\/produkt\/yohimbin-vitalcomplex-hevert-drops-50ml-00352621#primaryimage\",\"url\":\"https:\/\/lions-pharmacy.com\/wp-content\/uploads\/2026\/02\/Yohimbin-Vitalcomplex-Hevert-drops-50-ml-PZN-00352851.webp\",\"contentUrl\":\"https:\/\/lions-pharmacy.com\/wp-content\/uploads\/2026\/02\/Yohimbin-Vitalcomplex-Hevert-drops-50-ml-PZN-00352851.webp\",\"width\":600,\"height\":600,\"caption\":\"Yohimbin Vitalcomplex Hevert Tropfen 50 ml PZN 00352851\"},{\"@type\":\"BreadcrumbList\",\"@id\":\"https:\/\/lions-pharmacy.com\/de\/produkt\/yohimbin-vitalcomplex-hevert-drops-50ml-00352621#breadcrumb\",\"itemListElement\":[{\"@type\":\"ListItem\",\"position\":1,\"name\":\"Home\",\"item\":\"https:\/\/lions-pharmacy.com\/de\/homepage-lion-pharmacy\"},{\"@type\":\"ListItem\",\"position\":2,\"name\":\"Shop\",\"item\":\"https:\/\/lions-pharmacy.com\/de\/shop-2\"},{\"@type\":\"ListItem\",\"position\":3,\"name\":\"Yohimbin Vitalcomplex Hevert Tropfen (50ml)\"}]},{\"@type\":\"WebSite\",\"@id\":\"https:\/\/lions-pharmacy.com\/de#website\",\"url\":\"https:\/\/lions-pharmacy.com\/de\",\"name\":\"Lions Pharmacy\",\"description\":\"Ihr Spezialist f\u00fcr Naturheilkunde aus Baden-Baden, Germany\",\"publisher\":{\"@id\":\"https:\/\/lions-pharmacy.com\/de#organization\"},\"alternateName\":\"Lion Pharmacy\",\"potentialAction\":[{\"@type\":\"SearchAction\",\"target\":{\"@type\":\"EntryPoint\",\"urlTemplate\":\"https:\/\/lions-pharmacy.com\/de?s={search_term_string}\"},\"query-input\":{\"@type\":\"PropertyValueSpecification\",\"valueRequired\":true,\"valueName\":\"search_term_string\"}}],\"inLanguage\":\"de\"},{\"@type\":\"Organization\",\"@id\":\"https:\/\/lions-pharmacy.com\/de#organization\",\"name\":\"Lions Pharmacy\",\"alternateName\":\"Lions Pharmacy24\",\"url\":\"https:\/\/lions-pharmacy.com\/de\",\"logo\":{\"@type\":\"ImageObject\",\"inLanguage\":\"de\",\"@id\":\"https:\/\/lions-pharmacy.com\/de#\/schema\/logo\/image\/\",\"url\":\"https:\/\/lions-pharmacy.com\/wp-content\/uploads\/2022\/12\/Logo-Lion-Pharmacy-c-o-Loewen-Apotheke-smal.jpg\",\"contentUrl\":\"https:\/\/lions-pharmacy.com\/wp-content\/uploads\/2022\/12\/Logo-Lion-Pharmacy-c-o-Loewen-Apotheke-smal.jpg\",\"width\":298,\"height\":99,\"caption\":\"Lions Pharmacy\"},\"image\":{\"@id\":\"https:\/\/lions-pharmacy.com\/de#\/schema\/logo\/image\/\"}}]}<\/script>\n<!-- \/ Yoast SEO plugin. -->","yoast_head_json":{"title":"Yohimbin Vitalcomplex Hevert Tropfen (50ml) &#187; Erfahren Sie mehr auf L\u00f6wen Apotheke","description":"Registrierte deutsche Apotheke. Wir bieten: Schneller internationaler Versand. Produkt von Hevert: Yohimbin Vitalcomplex Hevert Tropfen (50ml) F\u00fcr Sie und Ihn.","robots":{"index":"index","follow":"follow","max-snippet":"max-snippet:-1","max-image-preview":"max-image-preview:large","max-video-preview":"max-video-preview:-1"},"canonical":"https:\/\/lions-pharmacy.com\/de\/produkt\/yohimbin-vitalcomplex-hevert-drops-50ml-00352621","og_locale":"de_DE","og_type":"article","og_title":"Yohimbin Vitalcomplex Hevert Tropfen (50ml) &#187; Erfahren Sie mehr auf L\u00f6wen Apotheke","og_description":"Registrierte deutsche Apotheke. Wir bieten: Schneller internationaler Versand. Produkt von Hevert: Yohimbin Vitalcomplex Hevert Tropfen (50ml) F\u00fcr Sie und Ihn.","og_url":"https:\/\/lions-pharmacy.com\/de\/produkt\/yohimbin-vitalcomplex-hevert-drops-50ml-00352621","og_site_name":"L\u00f6wen Apotheke","article_modified_time":"2026-02-07T06:29:52+00:00","og_image":[{"width":600,"height":600,"url":"https:\/\/lions-pharmacy.com\/wp-content\/uploads\/2026\/02\/Yohimbin-Vitalcomplex-Hevert-drops-50-ml-PZN-00352851.webp","type":"image\/webp"}],"twitter_card":"summary_large_image","twitter_misc":{"Gesch\u00e4tzte Lesezeit":"1\u00a0Minute"},"schema":{"@context":"https:\/\/schema.org","@graph":[{"@type":"WebPage","@id":"https:\/\/lions-pharmacy.com\/de\/produkt\/yohimbin-vitalcomplex-hevert-drops-50ml-00352621","url":"https:\/\/lions-pharmacy.com\/de\/produkt\/yohimbin-vitalcomplex-hevert-drops-50ml-00352621","name":"Yohimbin Vitalcomplex Hevert Tropfen (50ml) &#187; Erfahren Sie mehr auf L\u00f6wen Apotheke","isPartOf":{"@id":"https:\/\/lions-pharmacy.com\/de#website"},"primaryImageOfPage":{"@id":"https:\/\/lions-pharmacy.com\/de\/produkt\/yohimbin-vitalcomplex-hevert-drops-50ml-00352621#primaryimage"},"image":{"@id":"https:\/\/lions-pharmacy.com\/de\/produkt\/yohimbin-vitalcomplex-hevert-drops-50ml-00352621#primaryimage"},"thumbnailUrl":"https:\/\/lions-pharmacy.com\/wp-content\/uploads\/2026\/02\/Yohimbin-Vitalcomplex-Hevert-drops-50-ml-PZN-00352851.webp","datePublished":"2026-02-07T06:11:17+00:00","dateModified":"2026-02-07T06:29:52+00:00","description":"Registrierte deutsche Apotheke. Wir bieten: Schneller internationaler Versand. Produkt von Hevert: Yohimbin Vitalcomplex Hevert Tropfen (50ml) F\u00fcr Sie und Ihn.","breadcrumb":{"@id":"https:\/\/lions-pharmacy.com\/de\/produkt\/yohimbin-vitalcomplex-hevert-drops-50ml-00352621#breadcrumb"},"inLanguage":"de","potentialAction":[{"@type":"ReadAction","target":["https:\/\/lions-pharmacy.com\/de\/produkt\/yohimbin-vitalcomplex-hevert-drops-50ml-00352621"]}]},{"@type":"ImageObject","inLanguage":"de","@id":"https:\/\/lions-pharmacy.com\/de\/produkt\/yohimbin-vitalcomplex-hevert-drops-50ml-00352621#primaryimage","url":"https:\/\/lions-pharmacy.com\/wp-content\/uploads\/2026\/02\/Yohimbin-Vitalcomplex-Hevert-drops-50-ml-PZN-00352851.webp","contentUrl":"https:\/\/lions-pharmacy.com\/wp-content\/uploads\/2026\/02\/Yohimbin-Vitalcomplex-Hevert-drops-50-ml-PZN-00352851.webp","width":600,"height":600,"caption":"Yohimbin Vitalcomplex Hevert Tropfen 50 ml PZN 00352851"},{"@type":"BreadcrumbList","@id":"https:\/\/lions-pharmacy.com\/de\/produkt\/yohimbin-vitalcomplex-hevert-drops-50ml-00352621#breadcrumb","itemListElement":[{"@type":"ListItem","position":1,"name":"Home","item":"https:\/\/lions-pharmacy.com\/de\/homepage-lion-pharmacy"},{"@type":"ListItem","position":2,"name":"Shop","item":"https:\/\/lions-pharmacy.com\/de\/shop-2"},{"@type":"ListItem","position":3,"name":"Yohimbin Vitalcomplex Hevert Tropfen (50ml)"}]},{"@type":"WebSite","@id":"https:\/\/lions-pharmacy.com\/de#website","url":"https:\/\/lions-pharmacy.com\/de","name":"Lions Pharmacy","description":"Ihr Spezialist f\u00fcr Naturheilkunde aus Baden-Baden, Germany","publisher":{"@id":"https:\/\/lions-pharmacy.com\/de#organization"},"alternateName":"Lion Pharmacy","potentialAction":[{"@type":"SearchAction","target":{"@type":"EntryPoint","urlTemplate":"https:\/\/lions-pharmacy.com\/de?s={search_term_string}"},"query-input":{"@type":"PropertyValueSpecification","valueRequired":true,"valueName":"search_term_string"}}],"inLanguage":"de"},{"@type":"Organization","@id":"https:\/\/lions-pharmacy.com\/de#organization","name":"Lions Pharmacy","alternateName":"Lions Pharmacy24","url":"https:\/\/lions-pharmacy.com\/de","logo":{"@type":"ImageObject","inLanguage":"de","@id":"https:\/\/lions-pharmacy.com\/de#\/schema\/logo\/image\/","url":"https:\/\/lions-pharmacy.com\/wp-content\/uploads\/2022\/12\/Logo-Lion-Pharmacy-c-o-Loewen-Apotheke-smal.jpg","contentUrl":"https:\/\/lions-pharmacy.com\/wp-content\/uploads\/2022\/12\/Logo-Lion-Pharmacy-c-o-Loewen-Apotheke-smal.jpg","width":298,"height":99,"caption":"Lions Pharmacy"},"image":{"@id":"https:\/\/lions-pharmacy.com\/de#\/schema\/logo\/image\/"}}]}},"_links":{"self":[{"href":"https:\/\/lions-pharmacy.com\/de\/wp-json\/wp\/v2\/product\/20415","targetHints":{"allow":["GET"]}}],"collection":[{"href":"https:\/\/lions-pharmacy.com\/de\/wp-json\/wp\/v2\/product"}],"about":[{"href":"https:\/\/lions-pharmacy.com\/de\/wp-json\/wp\/v2\/types\/product"}],"replies":[{"embeddable":true,"href":"https:\/\/lions-pharmacy.com\/de\/wp-json\/wp\/v2\/comments?post=20415"}],"wp:featuredmedia":[{"embeddable":true,"href":"https:\/\/lions-pharmacy.com\/de\/wp-json\/wp\/v2\/media\/20420"}],"wp:attachment":[{"href":"https:\/\/lions-pharmacy.com\/de\/wp-json\/wp\/v2\/media?parent=20415"}],"wp:term":[{"taxonomy":"product_brand","embeddable":true,"href":"https:\/\/lions-pharmacy.com\/de\/wp-json\/wp\/v2\/product_brand?post=20415"},{"taxonomy":"product_cat","embeddable":true,"href":"https:\/\/lions-pharmacy.com\/de\/wp-json\/wp\/v2\/product_cat?post=20415"},{"taxonomy":"product_tag","embeddable":true,"href":"https:\/\/lions-pharmacy.com\/de\/wp-json\/wp\/v2\/product_tag?post=20415"}],"curies":[{"name":"wp","href":"https:\/\/api.w.org\/{rel}","templated":true}]}}