{"id":20363,"date":"2026-02-06T05:56:09","date_gmt":"2026-02-06T04:56:09","guid":{"rendered":"https:\/\/lions-pharmacy.com\/?post_type=product&#038;p=20363"},"modified":"2026-02-06T14:56:15","modified_gmt":"2026-02-06T13:56:15","slug":"pascorbin-vitamin-c-injection-solution-ampoules-00150343","status":"publish","type":"product","link":"https:\/\/lions-pharmacy.com\/de\/produkt\/pascorbin-vitamin-c-injection-solution-ampoules-00150343","title":{"rendered":"Pascorbin Ascorbins\u00e4ure Injektionsl\u00f6sung Ampullen"},"content":{"rendered":"<h2>Pascorbin Ascorbins\u00e4ure Injektionsl\u00f6sung Ampullen<\/h2>\n<p>Pascorbin Ascorbins\u00e4ure Injektionsl\u00f6sung zur Anwendung bei Erwachsenen und Kindern. Bei klinischen Vitamin-C-Mangelzust\u00e4nden, die nicht durch Di\u00e4t oder orale Nahrungserg\u00e4nzung behoben werden k\u00f6nnen.<\/p>\n<p>Andere fr\u00fchere Bezeichnung: Vitamin C Injektopas, Pascorbin\u00ae ist das erste und einzige zugelassene Produkt mit 7,5 g Vitamin C.<\/p>\n<p>Das Pascoe-Portfolio umfasst rund 200 Produkte. Dazu geh\u00f6ren pflanzliche Arzneimittel, hochdosierte Vitaminpr\u00e4parate, hom\u00f6opathische Komplexmittel und Nahrungserg\u00e4nzungsmittel. Die Vielfalt der Arzneimittel ber\u00fccksichtigt die komplexen Anforderungen an Gesundheitsprodukte. Der Erfolg gibt uns auch international Recht: Unsere Produkte werden in mehr als 30 L\u00e4nder der Welt exportiert, Tendenz steigend.<\/p>\n<p>Weitere Produkte f\u00fcr die Anwendung: <a href=\"https:\/\/lions-pharmacy.com\/de\/produkt-schlagwort\/homoopathie\">Hom\u00f6opathie<\/a> | <a href=\"https:\/\/lions-pharmacy.com\/de\/produkt-schlagwort\/vitamine-und-nahrungserganzungsmittel\">Vitamine<\/a> | <a href=\"https:\/\/lions-pharmacy.com\/de\/produkt-schlagwort\/virusinfektion\">Infektionen <\/a> <\/p>\n<p>Erfahren Sie mehr \u00fcber den Hersteller und dieses Produkt: <a href=\"https:\/\/www.pascoe.de\/\" target=\"_blank\" rel=\"noopener\">Pascoe pharmazeutische Pr\u00e4parate GmbH<\/a> (Link zu externer Website)<\/p>\n<p>Informationen auf dieser Website werden ausschlie\u00dflich f\u00fcr informative Zwecke zur Verf\u00fcgung gestellt. Sie ersetzen keinesfalls die Untersuchung und Behandlung durch einen Arzt. Bitte beachten Sie, dass hierdurch weder Diagnosen gestellt noch Therapien eingeleitet werden k\u00f6nnen.<\/p>\n<p>Nahrungserg\u00e4nzungsmittel sind kein Ersatz f\u00fcr eine ausgewogene und abwechslungsreiche Ern\u00e4hrung und eine gesunde Lebensweise.<\/p>\n<p>Zu Risiken und Nebenwirkungen lesen Sie die Packungsbeilage und fragen Sie Ihren Arzt oder Apotheker.<\/p>\n<h3>Rezept oder elektronisches Rezept einl\u00f6sen:<\/h3>\n<p>Haben Sie ein Rezept oder ein e-Rezept? Reichen Sie es bequem \u00fcber unsere <a class=\"ProsemirrorEditor-link\" href=\"https:\/\/e-rezept-app.de\/shop-rezept\">E-Rezept-App<\/a> ein &#8211; auch Privatrezepte f\u00fcr Selbstzahler sind m\u00f6glich. Schnell, sicher und einfach.<\/p>\n<p class=\"TypographyPresentation TypographyPresentation--medium RichText3-paragraph--withVSpacingNormal RichText3-paragraph HighlightSol HighlightSol--buildingBlock\"><strong>Haben Sie Fragen? Wir sind f\u00fcr Sie da!<\/strong><\/p>\n<p class=\"TypographyPresentation TypographyPresentation--medium RichText3-paragraph--withVSpacingNormal RichText3-paragraph HighlightSol HighlightSol--buildingBlock\">Unsere leitende Apothekerin, <strong>Dr. Sandra Hoff<\/strong>, und ihr Team beraten Sie gerne pers\u00f6nlich &#8211; per Telefon oder E-Mail. Als <strong>echte Apotheke vor Ort<\/strong> und <strong>zugelassene Versandapotheke<\/strong> bieten wir Ihnen kompetente Unterst\u00fctzung, insbesondere in den Bereichen <strong>Naturheilkunde<\/strong> und <strong>Nahrungserg\u00e4nzungsmittel<\/strong>, hier Produkte von Pascoe pharmazeutische Pr\u00e4parate GmbH, vitOrgan Arzneimittel und Labo Life. <a href=\"https:\/\/versandhandel.dimdi.de\/websearch\/servlet\/Gate;jsessionid=0D29D15655BE1174E9178A340E8FE6BC?accessid=dimdi_var&amp;term=3c387956690121ccc8763184f052b93f\" target=\"_blank\" rel=\"noopener\">Zum Eintrag in das Versandhandelsregister.<\/a><\/p>\n","protected":false},"excerpt":{"rendered":"<h2>Pascorbin Ascorbins\u00e4ure Injektionsl\u00f6sung Ampullen<\/h2>\n<p>Pascorbin 750 mg L\u00f6sung zur Injektion, Vitamin C-Mangel<\/p>\n<p>&nbsp;<\/p>\n<p><strong>PZN<\/strong>: 00150343 (Pharmazentralnummer)<\/p>\n<p><strong>Darreichungsform<\/strong>: Ampullen<\/p>\n<p><strong>Verschreibungsart<\/strong>: verschreibungsfrei<\/p>\n<p><strong>Hersteller<\/strong>: Pascoe pharmazeutische Pr\u00e4parate GmbH<\/p>\n<p><strong>Packungsgr\u00f6\u00dfe<\/strong>: 10 x 2ml<\/p>\n","protected":false},"featured_media":20368,"comment_status":"closed","ping_status":"closed","template":"","meta":[],"product_brand":[],"product_cat":[599,368],"product_tag":[513,381,429,432],"class_list":{"0":"post-20363","1":"product","2":"type-product","3":"status-publish","4":"has-post-thumbnail","6":"product_cat-pascoe-de","7":"product_cat-shop-de","8":"product_tag-corona-immunabwehr","9":"product_tag-homoopathie","10":"product_tag-vitamine-und-nahrungserganzungsmittel","11":"product_tag-wellness-de","12":"ts_product_brand-alle","13":"ts_product_brand-pascoe-de","15":"first","16":"instock","17":"taxable","18":"shipping-taxable","19":"purchasable","20":"product-type-simple"},"yoast_head":"<!-- This site is optimized with the Yoast SEO plugin v26.5 - https:\/\/yoast.com\/wordpress\/plugins\/seo\/ -->\n<title>Pascorbin Ascorbins\u00e4ure Injektionsl\u00f6sung Ampullen &#187; bestelle bei L\u00f6wen Apotheke<\/title>\n<meta name=\"description\" content=\"Erfahren Sie mehr \u00fcber Pascoe und Pascorbin Ascorbins\u00e4ure Injektionsl\u00f6sung Ampullen. Vitamin-C-Mangel. Unsere deutsche Apotheke bietet: Schneller Versand &amp; sicheres Einkaufen\" \/>\n<meta name=\"robots\" content=\"index, follow, max-snippet:-1, max-image-preview:large, max-video-preview:-1\" \/>\n<link rel=\"canonical\" href=\"https:\/\/lions-pharmacy.com\/de\/produkt\/pascorbin-vitamin-c-injection-solution-ampoules-00150343\" \/>\n<meta property=\"og:locale\" content=\"de_DE\" \/>\n<meta property=\"og:type\" content=\"article\" \/>\n<meta property=\"og:title\" content=\"Pascorbin Ascorbins\u00e4ure Injektionsl\u00f6sung Ampullen &#187; bestelle bei L\u00f6wen Apotheke\" \/>\n<meta property=\"og:description\" content=\"Erfahren Sie mehr \u00fcber Pascoe und Pascorbin Ascorbins\u00e4ure Injektionsl\u00f6sung Ampullen. Vitamin-C-Mangel. Unsere deutsche Apotheke bietet: Schneller Versand &amp; sicheres Einkaufen\" \/>\n<meta property=\"og:url\" content=\"https:\/\/lions-pharmacy.com\/de\/produkt\/pascorbin-vitamin-c-injection-solution-ampoules-00150343\" \/>\n<meta property=\"og:site_name\" content=\"L\u00f6wen Apotheke\" \/>\n<meta property=\"article:modified_time\" content=\"2026-02-06T13:56:15+00:00\" \/>\n<meta property=\"og:image\" content=\"https:\/\/lions-pharmacy.com\/wp-content\/uploads\/2026\/02\/Pascorbin-Vitamin-C-Injection-Solution-Ampoules-PZN-00150343.webp\" \/>\n\t<meta property=\"og:image:width\" content=\"600\" \/>\n\t<meta property=\"og:image:height\" content=\"600\" \/>\n\t<meta property=\"og:image:type\" content=\"image\/webp\" \/>\n<meta name=\"twitter:card\" content=\"summary_large_image\" \/>\n<meta name=\"twitter:label1\" content=\"Gesch\u00e4tzte Lesezeit\" \/>\n\t<meta name=\"twitter:data1\" content=\"2\u00a0Minuten\" \/>\n<script type=\"application\/ld+json\" class=\"yoast-schema-graph\">{\"@context\":\"https:\/\/schema.org\",\"@graph\":[{\"@type\":\"WebPage\",\"@id\":\"https:\/\/lions-pharmacy.com\/de\/produkt\/pascorbin-vitamin-c-injection-solution-ampoules-00150343\",\"url\":\"https:\/\/lions-pharmacy.com\/de\/produkt\/pascorbin-vitamin-c-injection-solution-ampoules-00150343\",\"name\":\"Pascorbin Ascorbins\u00e4ure Injektionsl\u00f6sung Ampullen &#187; bestelle bei L\u00f6wen Apotheke\",\"isPartOf\":{\"@id\":\"https:\/\/lions-pharmacy.com\/de#website\"},\"primaryImageOfPage\":{\"@id\":\"https:\/\/lions-pharmacy.com\/de\/produkt\/pascorbin-vitamin-c-injection-solution-ampoules-00150343#primaryimage\"},\"image\":{\"@id\":\"https:\/\/lions-pharmacy.com\/de\/produkt\/pascorbin-vitamin-c-injection-solution-ampoules-00150343#primaryimage\"},\"thumbnailUrl\":\"https:\/\/lions-pharmacy.com\/wp-content\/uploads\/2026\/02\/Pascorbin-Vitamin-C-Injection-Solution-Ampoules-PZN-00150343.webp\",\"datePublished\":\"2026-02-06T04:56:09+00:00\",\"dateModified\":\"2026-02-06T13:56:15+00:00\",\"description\":\"Erfahren Sie mehr \u00fcber Pascoe und Pascorbin Ascorbins\u00e4ure Injektionsl\u00f6sung Ampullen. Vitamin-C-Mangel. Unsere deutsche Apotheke bietet: Schneller Versand & sicheres Einkaufen\",\"breadcrumb\":{\"@id\":\"https:\/\/lions-pharmacy.com\/de\/produkt\/pascorbin-vitamin-c-injection-solution-ampoules-00150343#breadcrumb\"},\"inLanguage\":\"de\",\"potentialAction\":[{\"@type\":\"ReadAction\",\"target\":[\"https:\/\/lions-pharmacy.com\/de\/produkt\/pascorbin-vitamin-c-injection-solution-ampoules-00150343\"]}]},{\"@type\":\"ImageObject\",\"inLanguage\":\"de\",\"@id\":\"https:\/\/lions-pharmacy.com\/de\/produkt\/pascorbin-vitamin-c-injection-solution-ampoules-00150343#primaryimage\",\"url\":\"https:\/\/lions-pharmacy.com\/wp-content\/uploads\/2026\/02\/Pascorbin-Vitamin-C-Injection-Solution-Ampoules-PZN-00150343.webp\",\"contentUrl\":\"https:\/\/lions-pharmacy.com\/wp-content\/uploads\/2026\/02\/Pascorbin-Vitamin-C-Injection-Solution-Ampoules-PZN-00150343.webp\",\"width\":600,\"height\":600,\"caption\":\"Pascorbin Ascorbins\u00e4ure Injektionsl\u00f6sung Ampullen PZN-00150343\"},{\"@type\":\"BreadcrumbList\",\"@id\":\"https:\/\/lions-pharmacy.com\/de\/produkt\/pascorbin-vitamin-c-injection-solution-ampoules-00150343#breadcrumb\",\"itemListElement\":[{\"@type\":\"ListItem\",\"position\":1,\"name\":\"Home\",\"item\":\"https:\/\/lions-pharmacy.com\/de\/homepage-lion-pharmacy\"},{\"@type\":\"ListItem\",\"position\":2,\"name\":\"Shop\",\"item\":\"https:\/\/lions-pharmacy.com\/de\/shop-2\"},{\"@type\":\"ListItem\",\"position\":3,\"name\":\"Pascorbin Ascorbins\u00e4ure Injektionsl\u00f6sung Ampullen\"}]},{\"@type\":\"WebSite\",\"@id\":\"https:\/\/lions-pharmacy.com\/de#website\",\"url\":\"https:\/\/lions-pharmacy.com\/de\",\"name\":\"Lions Pharmacy\",\"description\":\"Ihr Spezialist f\u00fcr Naturheilkunde aus Baden-Baden, Germany\",\"publisher\":{\"@id\":\"https:\/\/lions-pharmacy.com\/de#organization\"},\"alternateName\":\"Lion Pharmacy\",\"potentialAction\":[{\"@type\":\"SearchAction\",\"target\":{\"@type\":\"EntryPoint\",\"urlTemplate\":\"https:\/\/lions-pharmacy.com\/de?s={search_term_string}\"},\"query-input\":{\"@type\":\"PropertyValueSpecification\",\"valueRequired\":true,\"valueName\":\"search_term_string\"}}],\"inLanguage\":\"de\"},{\"@type\":\"Organization\",\"@id\":\"https:\/\/lions-pharmacy.com\/de#organization\",\"name\":\"Lions Pharmacy\",\"alternateName\":\"Lions Pharmacy24\",\"url\":\"https:\/\/lions-pharmacy.com\/de\",\"logo\":{\"@type\":\"ImageObject\",\"inLanguage\":\"de\",\"@id\":\"https:\/\/lions-pharmacy.com\/de#\/schema\/logo\/image\/\",\"url\":\"https:\/\/lions-pharmacy.com\/wp-content\/uploads\/2022\/12\/Logo-Lion-Pharmacy-c-o-Loewen-Apotheke-smal.jpg\",\"contentUrl\":\"https:\/\/lions-pharmacy.com\/wp-content\/uploads\/2022\/12\/Logo-Lion-Pharmacy-c-o-Loewen-Apotheke-smal.jpg\",\"width\":298,\"height\":99,\"caption\":\"Lions Pharmacy\"},\"image\":{\"@id\":\"https:\/\/lions-pharmacy.com\/de#\/schema\/logo\/image\/\"}}]}<\/script>\n<!-- \/ Yoast SEO plugin. -->","yoast_head_json":{"title":"Pascorbin Ascorbins\u00e4ure Injektionsl\u00f6sung Ampullen &#187; bestelle bei L\u00f6wen Apotheke","description":"Erfahren Sie mehr \u00fcber Pascoe und Pascorbin Ascorbins\u00e4ure Injektionsl\u00f6sung Ampullen. Vitamin-C-Mangel. Unsere deutsche Apotheke bietet: Schneller Versand & sicheres Einkaufen","robots":{"index":"index","follow":"follow","max-snippet":"max-snippet:-1","max-image-preview":"max-image-preview:large","max-video-preview":"max-video-preview:-1"},"canonical":"https:\/\/lions-pharmacy.com\/de\/produkt\/pascorbin-vitamin-c-injection-solution-ampoules-00150343","og_locale":"de_DE","og_type":"article","og_title":"Pascorbin Ascorbins\u00e4ure Injektionsl\u00f6sung Ampullen &#187; bestelle bei L\u00f6wen Apotheke","og_description":"Erfahren Sie mehr \u00fcber Pascoe und Pascorbin Ascorbins\u00e4ure Injektionsl\u00f6sung Ampullen. Vitamin-C-Mangel. Unsere deutsche Apotheke bietet: Schneller Versand & sicheres Einkaufen","og_url":"https:\/\/lions-pharmacy.com\/de\/produkt\/pascorbin-vitamin-c-injection-solution-ampoules-00150343","og_site_name":"L\u00f6wen Apotheke","article_modified_time":"2026-02-06T13:56:15+00:00","og_image":[{"width":600,"height":600,"url":"https:\/\/lions-pharmacy.com\/wp-content\/uploads\/2026\/02\/Pascorbin-Vitamin-C-Injection-Solution-Ampoules-PZN-00150343.webp","type":"image\/webp"}],"twitter_card":"summary_large_image","twitter_misc":{"Gesch\u00e4tzte Lesezeit":"2\u00a0Minuten"},"schema":{"@context":"https:\/\/schema.org","@graph":[{"@type":"WebPage","@id":"https:\/\/lions-pharmacy.com\/de\/produkt\/pascorbin-vitamin-c-injection-solution-ampoules-00150343","url":"https:\/\/lions-pharmacy.com\/de\/produkt\/pascorbin-vitamin-c-injection-solution-ampoules-00150343","name":"Pascorbin Ascorbins\u00e4ure Injektionsl\u00f6sung Ampullen &#187; bestelle bei L\u00f6wen Apotheke","isPartOf":{"@id":"https:\/\/lions-pharmacy.com\/de#website"},"primaryImageOfPage":{"@id":"https:\/\/lions-pharmacy.com\/de\/produkt\/pascorbin-vitamin-c-injection-solution-ampoules-00150343#primaryimage"},"image":{"@id":"https:\/\/lions-pharmacy.com\/de\/produkt\/pascorbin-vitamin-c-injection-solution-ampoules-00150343#primaryimage"},"thumbnailUrl":"https:\/\/lions-pharmacy.com\/wp-content\/uploads\/2026\/02\/Pascorbin-Vitamin-C-Injection-Solution-Ampoules-PZN-00150343.webp","datePublished":"2026-02-06T04:56:09+00:00","dateModified":"2026-02-06T13:56:15+00:00","description":"Erfahren Sie mehr \u00fcber Pascoe und Pascorbin Ascorbins\u00e4ure Injektionsl\u00f6sung Ampullen. Vitamin-C-Mangel. Unsere deutsche Apotheke bietet: Schneller Versand & sicheres Einkaufen","breadcrumb":{"@id":"https:\/\/lions-pharmacy.com\/de\/produkt\/pascorbin-vitamin-c-injection-solution-ampoules-00150343#breadcrumb"},"inLanguage":"de","potentialAction":[{"@type":"ReadAction","target":["https:\/\/lions-pharmacy.com\/de\/produkt\/pascorbin-vitamin-c-injection-solution-ampoules-00150343"]}]},{"@type":"ImageObject","inLanguage":"de","@id":"https:\/\/lions-pharmacy.com\/de\/produkt\/pascorbin-vitamin-c-injection-solution-ampoules-00150343#primaryimage","url":"https:\/\/lions-pharmacy.com\/wp-content\/uploads\/2026\/02\/Pascorbin-Vitamin-C-Injection-Solution-Ampoules-PZN-00150343.webp","contentUrl":"https:\/\/lions-pharmacy.com\/wp-content\/uploads\/2026\/02\/Pascorbin-Vitamin-C-Injection-Solution-Ampoules-PZN-00150343.webp","width":600,"height":600,"caption":"Pascorbin Ascorbins\u00e4ure Injektionsl\u00f6sung Ampullen PZN-00150343"},{"@type":"BreadcrumbList","@id":"https:\/\/lions-pharmacy.com\/de\/produkt\/pascorbin-vitamin-c-injection-solution-ampoules-00150343#breadcrumb","itemListElement":[{"@type":"ListItem","position":1,"name":"Home","item":"https:\/\/lions-pharmacy.com\/de\/homepage-lion-pharmacy"},{"@type":"ListItem","position":2,"name":"Shop","item":"https:\/\/lions-pharmacy.com\/de\/shop-2"},{"@type":"ListItem","position":3,"name":"Pascorbin Ascorbins\u00e4ure Injektionsl\u00f6sung Ampullen"}]},{"@type":"WebSite","@id":"https:\/\/lions-pharmacy.com\/de#website","url":"https:\/\/lions-pharmacy.com\/de","name":"Lions Pharmacy","description":"Ihr Spezialist f\u00fcr Naturheilkunde aus Baden-Baden, Germany","publisher":{"@id":"https:\/\/lions-pharmacy.com\/de#organization"},"alternateName":"Lion Pharmacy","potentialAction":[{"@type":"SearchAction","target":{"@type":"EntryPoint","urlTemplate":"https:\/\/lions-pharmacy.com\/de?s={search_term_string}"},"query-input":{"@type":"PropertyValueSpecification","valueRequired":true,"valueName":"search_term_string"}}],"inLanguage":"de"},{"@type":"Organization","@id":"https:\/\/lions-pharmacy.com\/de#organization","name":"Lions Pharmacy","alternateName":"Lions Pharmacy24","url":"https:\/\/lions-pharmacy.com\/de","logo":{"@type":"ImageObject","inLanguage":"de","@id":"https:\/\/lions-pharmacy.com\/de#\/schema\/logo\/image\/","url":"https:\/\/lions-pharmacy.com\/wp-content\/uploads\/2022\/12\/Logo-Lion-Pharmacy-c-o-Loewen-Apotheke-smal.jpg","contentUrl":"https:\/\/lions-pharmacy.com\/wp-content\/uploads\/2022\/12\/Logo-Lion-Pharmacy-c-o-Loewen-Apotheke-smal.jpg","width":298,"height":99,"caption":"Lions Pharmacy"},"image":{"@id":"https:\/\/lions-pharmacy.com\/de#\/schema\/logo\/image\/"}}]}},"_links":{"self":[{"href":"https:\/\/lions-pharmacy.com\/de\/wp-json\/wp\/v2\/product\/20363","targetHints":{"allow":["GET"]}}],"collection":[{"href":"https:\/\/lions-pharmacy.com\/de\/wp-json\/wp\/v2\/product"}],"about":[{"href":"https:\/\/lions-pharmacy.com\/de\/wp-json\/wp\/v2\/types\/product"}],"replies":[{"embeddable":true,"href":"https:\/\/lions-pharmacy.com\/de\/wp-json\/wp\/v2\/comments?post=20363"}],"wp:featuredmedia":[{"embeddable":true,"href":"https:\/\/lions-pharmacy.com\/de\/wp-json\/wp\/v2\/media\/20368"}],"wp:attachment":[{"href":"https:\/\/lions-pharmacy.com\/de\/wp-json\/wp\/v2\/media?parent=20363"}],"wp:term":[{"taxonomy":"product_brand","embeddable":true,"href":"https:\/\/lions-pharmacy.com\/de\/wp-json\/wp\/v2\/product_brand?post=20363"},{"taxonomy":"product_cat","embeddable":true,"href":"https:\/\/lions-pharmacy.com\/de\/wp-json\/wp\/v2\/product_cat?post=20363"},{"taxonomy":"product_tag","embeddable":true,"href":"https:\/\/lions-pharmacy.com\/de\/wp-json\/wp\/v2\/product_tag?post=20363"}],"curies":[{"name":"wp","href":"https:\/\/api.w.org\/{rel}","templated":true}]}}