{"id":19467,"date":"2026-01-17T07:03:41","date_gmt":"2026-01-17T06:03:41","guid":{"rendered":"https:\/\/lions-pharmacy.com\/?post_type=product&#038;p=19467"},"modified":"2026-01-26T23:13:56","modified_gmt":"2026-01-26T22:13:56","slug":"kytta-pain-ointment-150g","status":"publish","type":"product","link":"https:\/\/lions-pharmacy.com\/de\/produkt\/kytta-pain-ointment-150g","title":{"rendered":"Kytta Schmerzsalbe (150g)"},"content":{"rendered":"<h3>Kytta Schmerzsalbe<\/h3>\n<p>Kytta Schmerzsalbe &#8211; die Kraft der Natur gegen den Schmerz: Kytta sorgt f\u00fcr schnelle Schmerzlinderung, reduziert Entz\u00fcndungen und Schwellungen und beschleunigt den Heilungsprozess.<\/p>\n<p>Zutaten und Wirkstoffe: 350 mg Beinwellwurzel-Fluidextrakt.<\/p>\n<p>Kytta ist eine topische Salbe mit einem Wirkstoff pflanzlichen Ursprungs f\u00fcr eine starke und schnelle Schmerzlinderung. Der einzigartige Beinwellwurzel-Extrakt von Kytta hilft bei Muskel-, Knie- und R\u00fcckenschmerzen. Wissenschaftliche Studien best\u00e4tigen die starke und schnelle Wirkung des Beinwellwurzel-Extrakts.<\/p>\n<p>Informationen auf dieser Website werden ausschlie\u00dflich f\u00fcr informative Zwecke zur Verf\u00fcgung gestellt. Sie ersetzen keinesfalls die Untersuchung und Behandlung durch einen Arzt. Bitte beachten Sie, dass hierdurch weder Diagnosen gestellt noch Therapien eingeleitet werden k\u00f6nnen. Hinweis zur Verwendung und Anwendung: Die auf dieser Website bereitgestellten Informationen dienen nur der allgemeinen Information und sind kein Ersatz f\u00fcr eine professionelle Beratung, Diagnose oder Behandlung durch einen Arzt. Nahrungserg\u00e4nzungsmittel sind kein Ersatz f\u00fcr eine ausgewogene, abwechslungsreiche Ern\u00e4hrung und eine gesunde Lebensweise.<\/p>\n<p>Zu Risiken und Nebenwirkungen lesen Sie die Packungsbeilage und fragen Sie Ihren Arzt oder Apotheker.<\/p>\n<p>Andere Kunden interessierten sich auch f\u00fcr verwandte Produkte: <a href=\"https:\/\/lions-pharmacy.com\/de\/produkt-schlagwort\/vitamine-und-nahrungserganzungsmittel\">Nahrungserg\u00e4nzungsmittel<\/a> | <a href=\"https:\/\/lions-pharmacy.com\/de\/produkt-schlagwort\/gewicht-und-fitness\" rel=\"tag\">Gewicht &amp; Fitness<\/a><\/p>\n<h3 style=\"text-align: left;\">Verschreibung | E-Rezept erh\u00e4ltlich?<\/h3>\n<p>Reichen Sie jetzt Ihr E-Rezept ein. Nutzen Sie unsere <a href=\"https:\/\/e-rezept-app.de\/shop-rezept\" target=\"_blank\" rel=\"noopener\">E-Rezept-App<\/a> . Und wir schenken Ihnen die Versandkosten in Deutschland!<\/p>\n","protected":false},"excerpt":{"rendered":"<h2>Kytta Schmerzsalbe<\/h2>\n<div class=\"rating__wrap\">\n<p>bei Muskel-, Knie- und R\u00fcckenschmerzen.<\/p>\n<p>&nbsp;<\/p>\n<p><strong>PZN: <\/strong>10832865 (Pharmazentralnummer)<\/p>\n<p><strong>Darreichungsform<\/strong>: Creme<\/p>\n<p><strong>Art der Verordnung:<\/strong> Kein Rezept<\/p>\n<p><strong>Marke<\/strong>: Kytta<\/p>\n<p><strong>Hersteller<\/strong>: WICK Pharma, 65824 Schwalbach am Taunus, Deutschland<\/p>\n<\/div>\n","protected":false},"featured_media":19474,"comment_status":"closed","ping_status":"closed","template":"","meta":[],"product_brand":[],"product_cat":[367,368],"product_tag":[434,433,379,474,429,432],"class_list":{"0":"post-19467","1":"product","2":"type-product","3":"status-publish","4":"has-post-thumbnail","6":"product_cat-sale-de","7":"product_cat-shop-de","8":"product_tag-gewicht-und-fitness","9":"product_tag-gewichtsmanagement","10":"product_tag-monatlicher-sale-de","11":"product_tag-pflanzlicher-wirkstoff","12":"product_tag-vitamine-und-nahrungserganzungsmittel","13":"product_tag-wellness-de","14":"ts_product_brand-alle","16":"first","17":"instock","18":"sale","19":"featured","20":"taxable","21":"shipping-taxable","22":"purchasable","23":"product-type-simple"},"yoast_head":"<!-- This site is optimized with the Yoast SEO plugin v26.5 - https:\/\/yoast.com\/wordpress\/plugins\/seo\/ -->\n<title>Kytta Schmerzsalbe (150g) &#187; Bestellen Sie hier.<\/title>\n<meta name=\"description\" content=\"Kytta Schmerzsalbe (150g) Hersteller: Wick. Geliefert von Ihrer deutschen Online-Apotheke. Schneller internationaler Versand. Top Service.\" \/>\n<meta name=\"robots\" content=\"index, follow, max-snippet:-1, max-image-preview:large, max-video-preview:-1\" \/>\n<link rel=\"canonical\" href=\"https:\/\/lions-pharmacy.com\/de\/produkt\/kytta-pain-ointment-150g\" \/>\n<meta property=\"og:locale\" content=\"de_DE\" \/>\n<meta property=\"og:type\" content=\"article\" \/>\n<meta property=\"og:title\" content=\"Kytta Schmerzsalbe (150g) &#187; Bestellen Sie hier.\" \/>\n<meta property=\"og:description\" content=\"Kytta Schmerzsalbe (150g) Hersteller: Wick. Geliefert von Ihrer deutschen Online-Apotheke. Schneller internationaler Versand. Top Service.\" \/>\n<meta property=\"og:url\" content=\"https:\/\/lions-pharmacy.com\/de\/produkt\/kytta-pain-ointment-150g\" \/>\n<meta property=\"og:site_name\" content=\"L\u00f6wen Apotheke\" \/>\n<meta property=\"article:modified_time\" content=\"2026-01-26T22:13:56+00:00\" \/>\n<meta property=\"og:image\" content=\"https:\/\/lions-pharmacy.com\/wp-content\/uploads\/2026\/01\/Kytta-Schmerzsalbe-gegen-Muskel-Kniegelenk-und-Ruckenschmerzen-PZN-10832865.webp\" \/>\n\t<meta property=\"og:image:width\" content=\"600\" \/>\n\t<meta property=\"og:image:height\" content=\"600\" \/>\n\t<meta property=\"og:image:type\" content=\"image\/webp\" \/>\n<meta name=\"twitter:card\" content=\"summary_large_image\" \/>\n<meta name=\"twitter:label1\" content=\"Gesch\u00e4tzte Lesezeit\" \/>\n\t<meta name=\"twitter:data1\" content=\"1\u00a0Minute\" \/>\n<script type=\"application\/ld+json\" class=\"yoast-schema-graph\">{\"@context\":\"https:\/\/schema.org\",\"@graph\":[{\"@type\":\"WebPage\",\"@id\":\"https:\/\/lions-pharmacy.com\/de\/produkt\/kytta-pain-ointment-150g\",\"url\":\"https:\/\/lions-pharmacy.com\/de\/produkt\/kytta-pain-ointment-150g\",\"name\":\"Kytta Schmerzsalbe (150g) &#187; Bestellen Sie hier.\",\"isPartOf\":{\"@id\":\"https:\/\/lions-pharmacy.com\/de#website\"},\"primaryImageOfPage\":{\"@id\":\"https:\/\/lions-pharmacy.com\/de\/produkt\/kytta-pain-ointment-150g#primaryimage\"},\"image\":{\"@id\":\"https:\/\/lions-pharmacy.com\/de\/produkt\/kytta-pain-ointment-150g#primaryimage\"},\"thumbnailUrl\":\"https:\/\/lions-pharmacy.com\/wp-content\/uploads\/2026\/01\/Kytta-Schmerzsalbe-gegen-Muskel-Kniegelenk-und-Ruckenschmerzen-PZN-10832865.webp\",\"datePublished\":\"2026-01-17T06:03:41+00:00\",\"dateModified\":\"2026-01-26T22:13:56+00:00\",\"description\":\"Kytta Schmerzsalbe (150g) Hersteller: Wick. Geliefert von Ihrer deutschen Online-Apotheke. Schneller internationaler Versand. Top Service.\",\"breadcrumb\":{\"@id\":\"https:\/\/lions-pharmacy.com\/de\/produkt\/kytta-pain-ointment-150g#breadcrumb\"},\"inLanguage\":\"de\",\"potentialAction\":[{\"@type\":\"ReadAction\",\"target\":[\"https:\/\/lions-pharmacy.com\/de\/produkt\/kytta-pain-ointment-150g\"]}]},{\"@type\":\"ImageObject\",\"inLanguage\":\"de\",\"@id\":\"https:\/\/lions-pharmacy.com\/de\/produkt\/kytta-pain-ointment-150g#primaryimage\",\"url\":\"https:\/\/lions-pharmacy.com\/wp-content\/uploads\/2026\/01\/Kytta-Schmerzsalbe-gegen-Muskel-Kniegelenk-und-Ruckenschmerzen-PZN-10832865.webp\",\"contentUrl\":\"https:\/\/lions-pharmacy.com\/wp-content\/uploads\/2026\/01\/Kytta-Schmerzsalbe-gegen-Muskel-Kniegelenk-und-Ruckenschmerzen-PZN-10832865.webp\",\"width\":600,\"height\":600,\"caption\":\"Kytta Schmerzsalbe bei Muskel-, Knie- und R\u00fcckenschmerzen, PZN-10832865\"},{\"@type\":\"BreadcrumbList\",\"@id\":\"https:\/\/lions-pharmacy.com\/de\/produkt\/kytta-pain-ointment-150g#breadcrumb\",\"itemListElement\":[{\"@type\":\"ListItem\",\"position\":1,\"name\":\"Home\",\"item\":\"https:\/\/lions-pharmacy.com\/de\/homepage-lion-pharmacy\"},{\"@type\":\"ListItem\",\"position\":2,\"name\":\"Shop\",\"item\":\"https:\/\/lions-pharmacy.com\/de\/shop-2\"},{\"@type\":\"ListItem\",\"position\":3,\"name\":\"Kytta Schmerzsalbe (150g)\"}]},{\"@type\":\"WebSite\",\"@id\":\"https:\/\/lions-pharmacy.com\/de#website\",\"url\":\"https:\/\/lions-pharmacy.com\/de\",\"name\":\"Lions Pharmacy\",\"description\":\"Ihr Spezialist f\u00fcr Naturheilkunde aus Baden-Baden, Germany\",\"publisher\":{\"@id\":\"https:\/\/lions-pharmacy.com\/de#organization\"},\"alternateName\":\"Lion Pharmacy\",\"potentialAction\":[{\"@type\":\"SearchAction\",\"target\":{\"@type\":\"EntryPoint\",\"urlTemplate\":\"https:\/\/lions-pharmacy.com\/de?s={search_term_string}\"},\"query-input\":{\"@type\":\"PropertyValueSpecification\",\"valueRequired\":true,\"valueName\":\"search_term_string\"}}],\"inLanguage\":\"de\"},{\"@type\":\"Organization\",\"@id\":\"https:\/\/lions-pharmacy.com\/de#organization\",\"name\":\"Lions Pharmacy\",\"alternateName\":\"Lions Pharmacy24\",\"url\":\"https:\/\/lions-pharmacy.com\/de\",\"logo\":{\"@type\":\"ImageObject\",\"inLanguage\":\"de\",\"@id\":\"https:\/\/lions-pharmacy.com\/de#\/schema\/logo\/image\/\",\"url\":\"https:\/\/lions-pharmacy.com\/wp-content\/uploads\/2022\/12\/Logo-Lion-Pharmacy-c-o-Loewen-Apotheke-smal.jpg\",\"contentUrl\":\"https:\/\/lions-pharmacy.com\/wp-content\/uploads\/2022\/12\/Logo-Lion-Pharmacy-c-o-Loewen-Apotheke-smal.jpg\",\"width\":298,\"height\":99,\"caption\":\"Lions Pharmacy\"},\"image\":{\"@id\":\"https:\/\/lions-pharmacy.com\/de#\/schema\/logo\/image\/\"}}]}<\/script>\n<!-- \/ Yoast SEO plugin. -->","yoast_head_json":{"title":"Kytta Schmerzsalbe (150g) &#187; Bestellen Sie hier.","description":"Kytta Schmerzsalbe (150g) Hersteller: Wick. Geliefert von Ihrer deutschen Online-Apotheke. Schneller internationaler Versand. Top Service.","robots":{"index":"index","follow":"follow","max-snippet":"max-snippet:-1","max-image-preview":"max-image-preview:large","max-video-preview":"max-video-preview:-1"},"canonical":"https:\/\/lions-pharmacy.com\/de\/produkt\/kytta-pain-ointment-150g","og_locale":"de_DE","og_type":"article","og_title":"Kytta Schmerzsalbe (150g) &#187; Bestellen Sie hier.","og_description":"Kytta Schmerzsalbe (150g) Hersteller: Wick. Geliefert von Ihrer deutschen Online-Apotheke. Schneller internationaler Versand. Top Service.","og_url":"https:\/\/lions-pharmacy.com\/de\/produkt\/kytta-pain-ointment-150g","og_site_name":"L\u00f6wen Apotheke","article_modified_time":"2026-01-26T22:13:56+00:00","og_image":[{"width":600,"height":600,"url":"https:\/\/lions-pharmacy.com\/wp-content\/uploads\/2026\/01\/Kytta-Schmerzsalbe-gegen-Muskel-Kniegelenk-und-Ruckenschmerzen-PZN-10832865.webp","type":"image\/webp"}],"twitter_card":"summary_large_image","twitter_misc":{"Gesch\u00e4tzte Lesezeit":"1\u00a0Minute"},"schema":{"@context":"https:\/\/schema.org","@graph":[{"@type":"WebPage","@id":"https:\/\/lions-pharmacy.com\/de\/produkt\/kytta-pain-ointment-150g","url":"https:\/\/lions-pharmacy.com\/de\/produkt\/kytta-pain-ointment-150g","name":"Kytta Schmerzsalbe (150g) &#187; Bestellen Sie hier.","isPartOf":{"@id":"https:\/\/lions-pharmacy.com\/de#website"},"primaryImageOfPage":{"@id":"https:\/\/lions-pharmacy.com\/de\/produkt\/kytta-pain-ointment-150g#primaryimage"},"image":{"@id":"https:\/\/lions-pharmacy.com\/de\/produkt\/kytta-pain-ointment-150g#primaryimage"},"thumbnailUrl":"https:\/\/lions-pharmacy.com\/wp-content\/uploads\/2026\/01\/Kytta-Schmerzsalbe-gegen-Muskel-Kniegelenk-und-Ruckenschmerzen-PZN-10832865.webp","datePublished":"2026-01-17T06:03:41+00:00","dateModified":"2026-01-26T22:13:56+00:00","description":"Kytta Schmerzsalbe (150g) Hersteller: Wick. Geliefert von Ihrer deutschen Online-Apotheke. Schneller internationaler Versand. Top Service.","breadcrumb":{"@id":"https:\/\/lions-pharmacy.com\/de\/produkt\/kytta-pain-ointment-150g#breadcrumb"},"inLanguage":"de","potentialAction":[{"@type":"ReadAction","target":["https:\/\/lions-pharmacy.com\/de\/produkt\/kytta-pain-ointment-150g"]}]},{"@type":"ImageObject","inLanguage":"de","@id":"https:\/\/lions-pharmacy.com\/de\/produkt\/kytta-pain-ointment-150g#primaryimage","url":"https:\/\/lions-pharmacy.com\/wp-content\/uploads\/2026\/01\/Kytta-Schmerzsalbe-gegen-Muskel-Kniegelenk-und-Ruckenschmerzen-PZN-10832865.webp","contentUrl":"https:\/\/lions-pharmacy.com\/wp-content\/uploads\/2026\/01\/Kytta-Schmerzsalbe-gegen-Muskel-Kniegelenk-und-Ruckenschmerzen-PZN-10832865.webp","width":600,"height":600,"caption":"Kytta Schmerzsalbe bei Muskel-, Knie- und R\u00fcckenschmerzen, PZN-10832865"},{"@type":"BreadcrumbList","@id":"https:\/\/lions-pharmacy.com\/de\/produkt\/kytta-pain-ointment-150g#breadcrumb","itemListElement":[{"@type":"ListItem","position":1,"name":"Home","item":"https:\/\/lions-pharmacy.com\/de\/homepage-lion-pharmacy"},{"@type":"ListItem","position":2,"name":"Shop","item":"https:\/\/lions-pharmacy.com\/de\/shop-2"},{"@type":"ListItem","position":3,"name":"Kytta Schmerzsalbe (150g)"}]},{"@type":"WebSite","@id":"https:\/\/lions-pharmacy.com\/de#website","url":"https:\/\/lions-pharmacy.com\/de","name":"Lions Pharmacy","description":"Ihr Spezialist f\u00fcr Naturheilkunde aus Baden-Baden, Germany","publisher":{"@id":"https:\/\/lions-pharmacy.com\/de#organization"},"alternateName":"Lion Pharmacy","potentialAction":[{"@type":"SearchAction","target":{"@type":"EntryPoint","urlTemplate":"https:\/\/lions-pharmacy.com\/de?s={search_term_string}"},"query-input":{"@type":"PropertyValueSpecification","valueRequired":true,"valueName":"search_term_string"}}],"inLanguage":"de"},{"@type":"Organization","@id":"https:\/\/lions-pharmacy.com\/de#organization","name":"Lions Pharmacy","alternateName":"Lions Pharmacy24","url":"https:\/\/lions-pharmacy.com\/de","logo":{"@type":"ImageObject","inLanguage":"de","@id":"https:\/\/lions-pharmacy.com\/de#\/schema\/logo\/image\/","url":"https:\/\/lions-pharmacy.com\/wp-content\/uploads\/2022\/12\/Logo-Lion-Pharmacy-c-o-Loewen-Apotheke-smal.jpg","contentUrl":"https:\/\/lions-pharmacy.com\/wp-content\/uploads\/2022\/12\/Logo-Lion-Pharmacy-c-o-Loewen-Apotheke-smal.jpg","width":298,"height":99,"caption":"Lions Pharmacy"},"image":{"@id":"https:\/\/lions-pharmacy.com\/de#\/schema\/logo\/image\/"}}]}},"_links":{"self":[{"href":"https:\/\/lions-pharmacy.com\/de\/wp-json\/wp\/v2\/product\/19467","targetHints":{"allow":["GET"]}}],"collection":[{"href":"https:\/\/lions-pharmacy.com\/de\/wp-json\/wp\/v2\/product"}],"about":[{"href":"https:\/\/lions-pharmacy.com\/de\/wp-json\/wp\/v2\/types\/product"}],"replies":[{"embeddable":true,"href":"https:\/\/lions-pharmacy.com\/de\/wp-json\/wp\/v2\/comments?post=19467"}],"wp:featuredmedia":[{"embeddable":true,"href":"https:\/\/lions-pharmacy.com\/de\/wp-json\/wp\/v2\/media\/19474"}],"wp:attachment":[{"href":"https:\/\/lions-pharmacy.com\/de\/wp-json\/wp\/v2\/media?parent=19467"}],"wp:term":[{"taxonomy":"product_brand","embeddable":true,"href":"https:\/\/lions-pharmacy.com\/de\/wp-json\/wp\/v2\/product_brand?post=19467"},{"taxonomy":"product_cat","embeddable":true,"href":"https:\/\/lions-pharmacy.com\/de\/wp-json\/wp\/v2\/product_cat?post=19467"},{"taxonomy":"product_tag","embeddable":true,"href":"https:\/\/lions-pharmacy.com\/de\/wp-json\/wp\/v2\/product_tag?post=19467"}],"curies":[{"name":"wp","href":"https:\/\/api.w.org\/{rel}","templated":true}]}}