{"id":19279,"date":"2026-01-12T10:22:30","date_gmt":"2026-01-12T09:22:30","guid":{"rendered":"https:\/\/lions-pharmacy.com\/?post_type=product&#038;p=19279"},"modified":"2026-02-01T20:27:01","modified_gmt":"2026-02-01T19:27:01","slug":"dna-genome-nutrition-saliva-test-sp-bmi","status":"publish","type":"product","link":"https:\/\/lions-pharmacy.com\/de\/produkt\/dna-genome-nutrition-saliva-test-sp-bmi","title":{"rendered":"DNA Genome Nutrition Speicheltest (SP)"},"content":{"rendered":"<h3>DNA Genome Nutrition Speicheltest (SP)<\/h3>\n<p>DNA Genome Nutrition Saliva Test (SP) &#8211; Der Nutrition Sensor analysiert ern\u00e4hrungsrelevante Gene und zeigt Tendenzen auf, welche Lebensmittel f\u00fcr den Einzelnen gesund sind oder vermieden werden sollten. Au\u00dferdem erm\u00f6glicht diese genetische Analyse die Bestimmung des individuellen Mikron\u00e4hrstoffbedarfs der untersuchten Person.<\/p>\n<h4>Wie funktioniert das?<\/h4>\n<ol>\n<li>Bestellen Sie das Testkit hier online, wir schicken es Ihnen dann zu.<\/li>\n<li>F\u00fchren Sie den Test anhand der Anweisungen selbst\u00e4ndig durch und senden Sie ihn an die Adresse des Labors. Alles, was Sie brauchen, ist in dem Testkit enthalten.<\/li>\n<li>Buchen Sie eine 20-min\u00fctige individuelle Beratung per Telemedizin mit einem unserer Experten. Schicken Sie uns einfach eine E-Mail, wenn Ihre Ergebnisse fertig sind.<\/li>\n<\/ol>\n<p>Erfahren Sie mehr \u00fcber den Hersteller und dieses Produkt: <a href=\"https:\/\/www.progenom.com\/genetik\/\" target=\"_blank\" rel=\"noopener\">Progenom GmbH<\/a> (Link zu externer Website)<\/p>\n<p>Informationen auf dieser Website werden ausschlie\u00dflich f\u00fcr informative Zwecke zur Verf\u00fcgung gestellt. Sie ersetzen keinesfalls die Untersuchung und Behandlung durch einen Arzt. Bitte beachten Sie, dass hierdurch weder Diagnosen gestellt noch Therapien eingeleitet werden k\u00f6nnen. Einzelimport &#8211; Wir importieren dieses Medikament f\u00fcr Sie. Dies f\u00fchrt zu einer l\u00e4ngeren Lieferzeit. R\u00fcckgaben f\u00fcr einzelne Importe sind ausgeschlossen.<\/p>\n<p>Zu Risiken und Nebenwirkungen lesen Sie die Packungsbeilage und fragen Sie Ihren Arzt oder Apotheker.<\/p>\n<p>&nbsp;<\/p>\n<h3>Haben Sie Fragen zu diesem Produkt? Wir sind f\u00fcr Sie da!<\/h3>\n<p>Unsere leitende Apothekerin, Dr. Sandra Hoff, und ihr Team beraten Sie gerne pers\u00f6nlich &#8211; per Telefon oder E-Mail. Als echte Apotheke vor Ort und autorisierte Versandapotheke bieten wir Ihnen kompetente Unterst\u00fctzung, insbesondere in den Bereichen <a href=\"https:\/\/lions-pharmacy.com\/de\/produkt-schlagwort\/naturliche-heilmittel\">Naturheilkunde<\/a> und <a href=\"https:\/\/lions-pharmacy.com\/de\/produkt-schlagwort\/vitamine-und-nahrungserganzungsmittel\">Nahrungserg\u00e4nzungsmittel<\/a>, hier Medikamente von <a href=\"https:\/\/lions-pharmacy.com\/de\/produktmarke\/vitorgan-de\">vitOrgan<\/a> und <a href=\"https:\/\/lions-pharmacy.com\/de\/product-category\/labo-life-de\">Labo Life<\/a>.<br \/>\nSie finden unsere Genehmigung als Eintrag im <a href=\"https:\/\/versandhandel.dimdi.de\/websearch\/servlet\/Gate;jsessionid=0D29D15655BE1174E9178A340E8FE6BC?accessid=dimdi_var&amp;term=3c387956690121ccc8763184f052b93f\" target=\"_blank\" rel=\"noopener\">Versandhandelsregister<\/a>.<\/p>\n<h3>L\u00f6sen Sie ein Rezept oder ein e-Rezept ein:<\/h3>\n<p>Haben Sie ein Rezept oder ein e-Rezept? Reichen Sie es bequem \u00fcber unsere <a href=\"https:\/\/e-rezept-app.de\/shop-rezept\" target=\"_blank\" rel=\"noopener\">E-Rezept-App<\/a> ein &#8211; auch Privatrezepte f\u00fcr Selbstzahler sind m\u00f6glich. Schnell, sicher und einfach.<\/p>\n","protected":false},"excerpt":{"rendered":"<h2>DNA Genome Nutrition Speicheltest (SP)<\/h2>\n<p>Der Nutrition Sensor analysiert ern\u00e4hrungsrelevante Gene und zeigt Tendenzen auf, welche Lebensmittel gesund sind<\/p>\n<p>&nbsp;<\/p>\n<p><strong>PZN<\/strong>: 08000077<\/p>\n<p><strong>Darreichungsform<\/strong>: Speicheltest-Kit mit gedrucktem Ergebnisbericht. Buchen Sie<\/p>\n<p><strong>Verschreibungsart<\/strong>: verschreibungsfrei<\/p>\n<p><strong>Marke<\/strong>: ProVitalDNA<\/p>\n<p><strong>Hersteller<\/strong>: ProGenom, M\u00fcnster, Deutschland<\/p>\n","protected":false},"featured_media":19284,"comment_status":"closed","ping_status":"closed","template":"","meta":[],"product_brand":[],"product_cat":[368],"product_tag":[434,433,386,429],"class_list":{"0":"post-19279","1":"product","2":"type-product","3":"status-publish","4":"has-post-thumbnail","6":"product_cat-shop-de","7":"product_tag-gewicht-und-fitness","8":"product_tag-gewichtsmanagement","9":"product_tag-konzentration-stress","10":"product_tag-vitamine-und-nahrungserganzungsmittel","11":"ts_product_brand-alle","13":"first","14":"instock","15":"taxable","16":"shipping-taxable","17":"purchasable","18":"product-type-simple"},"yoast_head":"<!-- This site is optimized with the Yoast SEO plugin v26.5 - https:\/\/yoast.com\/wordpress\/plugins\/seo\/ -->\n<title>DNA Genome Nutrition Speicheltest (SP) &#187; hier bestellen<\/title>\n<meta name=\"description\" content=\"Produkt zur Nahrungserg\u00e4nzung. Erfahren Sie mehr \u00fcber DNA Genome Nutrition Speicheltest (SP). Wir bieten: Schnellen Versand &amp; sicheres Online-Shopping.\" \/>\n<meta name=\"robots\" content=\"index, follow, max-snippet:-1, max-image-preview:large, max-video-preview:-1\" \/>\n<link rel=\"canonical\" href=\"https:\/\/lions-pharmacy.com\/de\/produkt\/dna-genome-nutrition-saliva-test-sp-bmi\" \/>\n<meta property=\"og:locale\" content=\"de_DE\" \/>\n<meta property=\"og:type\" content=\"article\" \/>\n<meta property=\"og:title\" content=\"DNA Genome Nutrition Speicheltest (SP) &#187; hier bestellen\" \/>\n<meta property=\"og:description\" content=\"Produkt zur Nahrungserg\u00e4nzung. Erfahren Sie mehr \u00fcber DNA Genome Nutrition Speicheltest (SP). Wir bieten: Schnellen Versand &amp; sicheres Online-Shopping.\" \/>\n<meta property=\"og:url\" content=\"https:\/\/lions-pharmacy.com\/de\/produkt\/dna-genome-nutrition-saliva-test-sp-bmi\" \/>\n<meta property=\"og:site_name\" content=\"L\u00f6wen Apotheke\" \/>\n<meta property=\"article:modified_time\" content=\"2026-02-01T19:27:01+00:00\" \/>\n<meta property=\"og:image\" content=\"https:\/\/lions-pharmacy.com\/wp-content\/uploads\/2026\/01\/DNA-Genome-Nutrition-Saliva-Test-SP-Lions-Pharmacy.webp\" \/>\n\t<meta property=\"og:image:width\" content=\"600\" \/>\n\t<meta property=\"og:image:height\" content=\"600\" \/>\n\t<meta property=\"og:image:type\" content=\"image\/webp\" \/>\n<meta name=\"twitter:card\" content=\"summary_large_image\" \/>\n<meta name=\"twitter:label1\" content=\"Gesch\u00e4tzte Lesezeit\" \/>\n\t<meta name=\"twitter:data1\" content=\"2\u00a0Minuten\" \/>\n<script type=\"application\/ld+json\" class=\"yoast-schema-graph\">{\"@context\":\"https:\/\/schema.org\",\"@graph\":[{\"@type\":\"WebPage\",\"@id\":\"https:\/\/lions-pharmacy.com\/de\/produkt\/dna-genome-nutrition-saliva-test-sp-bmi\",\"url\":\"https:\/\/lions-pharmacy.com\/de\/produkt\/dna-genome-nutrition-saliva-test-sp-bmi\",\"name\":\"DNA Genome Nutrition Speicheltest (SP) &#187; hier bestellen\",\"isPartOf\":{\"@id\":\"https:\/\/lions-pharmacy.com\/de#website\"},\"primaryImageOfPage\":{\"@id\":\"https:\/\/lions-pharmacy.com\/de\/produkt\/dna-genome-nutrition-saliva-test-sp-bmi#primaryimage\"},\"image\":{\"@id\":\"https:\/\/lions-pharmacy.com\/de\/produkt\/dna-genome-nutrition-saliva-test-sp-bmi#primaryimage\"},\"thumbnailUrl\":\"https:\/\/lions-pharmacy.com\/wp-content\/uploads\/2026\/01\/DNA-Genome-Nutrition-Saliva-Test-SP-Lions-Pharmacy.webp\",\"datePublished\":\"2026-01-12T09:22:30+00:00\",\"dateModified\":\"2026-02-01T19:27:01+00:00\",\"description\":\"Produkt zur Nahrungserg\u00e4nzung. Erfahren Sie mehr \u00fcber DNA Genome Nutrition Speicheltest (SP). Wir bieten: Schnellen Versand & sicheres Online-Shopping.\",\"breadcrumb\":{\"@id\":\"https:\/\/lions-pharmacy.com\/de\/produkt\/dna-genome-nutrition-saliva-test-sp-bmi#breadcrumb\"},\"inLanguage\":\"de\",\"potentialAction\":[{\"@type\":\"ReadAction\",\"target\":[\"https:\/\/lions-pharmacy.com\/de\/produkt\/dna-genome-nutrition-saliva-test-sp-bmi\"]}]},{\"@type\":\"ImageObject\",\"inLanguage\":\"de\",\"@id\":\"https:\/\/lions-pharmacy.com\/de\/produkt\/dna-genome-nutrition-saliva-test-sp-bmi#primaryimage\",\"url\":\"https:\/\/lions-pharmacy.com\/wp-content\/uploads\/2026\/01\/DNA-Genome-Nutrition-Saliva-Test-SP-Lions-Pharmacy.webp\",\"contentUrl\":\"https:\/\/lions-pharmacy.com\/wp-content\/uploads\/2026\/01\/DNA-Genome-Nutrition-Saliva-Test-SP-Lions-Pharmacy.webp\",\"width\":600,\"height\":600,\"caption\":\"DNA Genome Nutrition Speicheltest (SP) - Lions-Apotheke\"},{\"@type\":\"BreadcrumbList\",\"@id\":\"https:\/\/lions-pharmacy.com\/de\/produkt\/dna-genome-nutrition-saliva-test-sp-bmi#breadcrumb\",\"itemListElement\":[{\"@type\":\"ListItem\",\"position\":1,\"name\":\"Home\",\"item\":\"https:\/\/lions-pharmacy.com\/de\/homepage-lion-pharmacy\"},{\"@type\":\"ListItem\",\"position\":2,\"name\":\"Shop\",\"item\":\"https:\/\/lions-pharmacy.com\/de\/shop-2\"},{\"@type\":\"ListItem\",\"position\":3,\"name\":\"DNA Genome Nutrition Speicheltest (SP)\"}]},{\"@type\":\"WebSite\",\"@id\":\"https:\/\/lions-pharmacy.com\/de#website\",\"url\":\"https:\/\/lions-pharmacy.com\/de\",\"name\":\"Lions Pharmacy\",\"description\":\"Ihr Spezialist f\u00fcr Naturheilkunde aus Baden-Baden, Germany\",\"publisher\":{\"@id\":\"https:\/\/lions-pharmacy.com\/de#organization\"},\"alternateName\":\"Lion Pharmacy\",\"potentialAction\":[{\"@type\":\"SearchAction\",\"target\":{\"@type\":\"EntryPoint\",\"urlTemplate\":\"https:\/\/lions-pharmacy.com\/de?s={search_term_string}\"},\"query-input\":{\"@type\":\"PropertyValueSpecification\",\"valueRequired\":true,\"valueName\":\"search_term_string\"}}],\"inLanguage\":\"de\"},{\"@type\":\"Organization\",\"@id\":\"https:\/\/lions-pharmacy.com\/de#organization\",\"name\":\"Lions Pharmacy\",\"alternateName\":\"Lions Pharmacy24\",\"url\":\"https:\/\/lions-pharmacy.com\/de\",\"logo\":{\"@type\":\"ImageObject\",\"inLanguage\":\"de\",\"@id\":\"https:\/\/lions-pharmacy.com\/de#\/schema\/logo\/image\/\",\"url\":\"https:\/\/lions-pharmacy.com\/wp-content\/uploads\/2022\/12\/Logo-Lion-Pharmacy-c-o-Loewen-Apotheke-smal.jpg\",\"contentUrl\":\"https:\/\/lions-pharmacy.com\/wp-content\/uploads\/2022\/12\/Logo-Lion-Pharmacy-c-o-Loewen-Apotheke-smal.jpg\",\"width\":298,\"height\":99,\"caption\":\"Lions Pharmacy\"},\"image\":{\"@id\":\"https:\/\/lions-pharmacy.com\/de#\/schema\/logo\/image\/\"}}]}<\/script>\n<!-- \/ Yoast SEO plugin. -->","yoast_head_json":{"title":"DNA Genome Nutrition Speicheltest (SP) &#187; hier bestellen","description":"Produkt zur Nahrungserg\u00e4nzung. Erfahren Sie mehr \u00fcber DNA Genome Nutrition Speicheltest (SP). Wir bieten: Schnellen Versand & sicheres Online-Shopping.","robots":{"index":"index","follow":"follow","max-snippet":"max-snippet:-1","max-image-preview":"max-image-preview:large","max-video-preview":"max-video-preview:-1"},"canonical":"https:\/\/lions-pharmacy.com\/de\/produkt\/dna-genome-nutrition-saliva-test-sp-bmi","og_locale":"de_DE","og_type":"article","og_title":"DNA Genome Nutrition Speicheltest (SP) &#187; hier bestellen","og_description":"Produkt zur Nahrungserg\u00e4nzung. Erfahren Sie mehr \u00fcber DNA Genome Nutrition Speicheltest (SP). Wir bieten: Schnellen Versand & sicheres Online-Shopping.","og_url":"https:\/\/lions-pharmacy.com\/de\/produkt\/dna-genome-nutrition-saliva-test-sp-bmi","og_site_name":"L\u00f6wen Apotheke","article_modified_time":"2026-02-01T19:27:01+00:00","og_image":[{"width":600,"height":600,"url":"https:\/\/lions-pharmacy.com\/wp-content\/uploads\/2026\/01\/DNA-Genome-Nutrition-Saliva-Test-SP-Lions-Pharmacy.webp","type":"image\/webp"}],"twitter_card":"summary_large_image","twitter_misc":{"Gesch\u00e4tzte Lesezeit":"2\u00a0Minuten"},"schema":{"@context":"https:\/\/schema.org","@graph":[{"@type":"WebPage","@id":"https:\/\/lions-pharmacy.com\/de\/produkt\/dna-genome-nutrition-saliva-test-sp-bmi","url":"https:\/\/lions-pharmacy.com\/de\/produkt\/dna-genome-nutrition-saliva-test-sp-bmi","name":"DNA Genome Nutrition Speicheltest (SP) &#187; hier bestellen","isPartOf":{"@id":"https:\/\/lions-pharmacy.com\/de#website"},"primaryImageOfPage":{"@id":"https:\/\/lions-pharmacy.com\/de\/produkt\/dna-genome-nutrition-saliva-test-sp-bmi#primaryimage"},"image":{"@id":"https:\/\/lions-pharmacy.com\/de\/produkt\/dna-genome-nutrition-saliva-test-sp-bmi#primaryimage"},"thumbnailUrl":"https:\/\/lions-pharmacy.com\/wp-content\/uploads\/2026\/01\/DNA-Genome-Nutrition-Saliva-Test-SP-Lions-Pharmacy.webp","datePublished":"2026-01-12T09:22:30+00:00","dateModified":"2026-02-01T19:27:01+00:00","description":"Produkt zur Nahrungserg\u00e4nzung. Erfahren Sie mehr \u00fcber DNA Genome Nutrition Speicheltest (SP). Wir bieten: Schnellen Versand & sicheres Online-Shopping.","breadcrumb":{"@id":"https:\/\/lions-pharmacy.com\/de\/produkt\/dna-genome-nutrition-saliva-test-sp-bmi#breadcrumb"},"inLanguage":"de","potentialAction":[{"@type":"ReadAction","target":["https:\/\/lions-pharmacy.com\/de\/produkt\/dna-genome-nutrition-saliva-test-sp-bmi"]}]},{"@type":"ImageObject","inLanguage":"de","@id":"https:\/\/lions-pharmacy.com\/de\/produkt\/dna-genome-nutrition-saliva-test-sp-bmi#primaryimage","url":"https:\/\/lions-pharmacy.com\/wp-content\/uploads\/2026\/01\/DNA-Genome-Nutrition-Saliva-Test-SP-Lions-Pharmacy.webp","contentUrl":"https:\/\/lions-pharmacy.com\/wp-content\/uploads\/2026\/01\/DNA-Genome-Nutrition-Saliva-Test-SP-Lions-Pharmacy.webp","width":600,"height":600,"caption":"DNA Genome Nutrition Speicheltest (SP) - Lions-Apotheke"},{"@type":"BreadcrumbList","@id":"https:\/\/lions-pharmacy.com\/de\/produkt\/dna-genome-nutrition-saliva-test-sp-bmi#breadcrumb","itemListElement":[{"@type":"ListItem","position":1,"name":"Home","item":"https:\/\/lions-pharmacy.com\/de\/homepage-lion-pharmacy"},{"@type":"ListItem","position":2,"name":"Shop","item":"https:\/\/lions-pharmacy.com\/de\/shop-2"},{"@type":"ListItem","position":3,"name":"DNA Genome Nutrition Speicheltest (SP)"}]},{"@type":"WebSite","@id":"https:\/\/lions-pharmacy.com\/de#website","url":"https:\/\/lions-pharmacy.com\/de","name":"Lions Pharmacy","description":"Ihr Spezialist f\u00fcr Naturheilkunde aus Baden-Baden, Germany","publisher":{"@id":"https:\/\/lions-pharmacy.com\/de#organization"},"alternateName":"Lion Pharmacy","potentialAction":[{"@type":"SearchAction","target":{"@type":"EntryPoint","urlTemplate":"https:\/\/lions-pharmacy.com\/de?s={search_term_string}"},"query-input":{"@type":"PropertyValueSpecification","valueRequired":true,"valueName":"search_term_string"}}],"inLanguage":"de"},{"@type":"Organization","@id":"https:\/\/lions-pharmacy.com\/de#organization","name":"Lions Pharmacy","alternateName":"Lions Pharmacy24","url":"https:\/\/lions-pharmacy.com\/de","logo":{"@type":"ImageObject","inLanguage":"de","@id":"https:\/\/lions-pharmacy.com\/de#\/schema\/logo\/image\/","url":"https:\/\/lions-pharmacy.com\/wp-content\/uploads\/2022\/12\/Logo-Lion-Pharmacy-c-o-Loewen-Apotheke-smal.jpg","contentUrl":"https:\/\/lions-pharmacy.com\/wp-content\/uploads\/2022\/12\/Logo-Lion-Pharmacy-c-o-Loewen-Apotheke-smal.jpg","width":298,"height":99,"caption":"Lions Pharmacy"},"image":{"@id":"https:\/\/lions-pharmacy.com\/de#\/schema\/logo\/image\/"}}]}},"_links":{"self":[{"href":"https:\/\/lions-pharmacy.com\/de\/wp-json\/wp\/v2\/product\/19279","targetHints":{"allow":["GET"]}}],"collection":[{"href":"https:\/\/lions-pharmacy.com\/de\/wp-json\/wp\/v2\/product"}],"about":[{"href":"https:\/\/lions-pharmacy.com\/de\/wp-json\/wp\/v2\/types\/product"}],"replies":[{"embeddable":true,"href":"https:\/\/lions-pharmacy.com\/de\/wp-json\/wp\/v2\/comments?post=19279"}],"wp:featuredmedia":[{"embeddable":true,"href":"https:\/\/lions-pharmacy.com\/de\/wp-json\/wp\/v2\/media\/19284"}],"wp:attachment":[{"href":"https:\/\/lions-pharmacy.com\/de\/wp-json\/wp\/v2\/media?parent=19279"}],"wp:term":[{"taxonomy":"product_brand","embeddable":true,"href":"https:\/\/lions-pharmacy.com\/de\/wp-json\/wp\/v2\/product_brand?post=19279"},{"taxonomy":"product_cat","embeddable":true,"href":"https:\/\/lions-pharmacy.com\/de\/wp-json\/wp\/v2\/product_cat?post=19279"},{"taxonomy":"product_tag","embeddable":true,"href":"https:\/\/lions-pharmacy.com\/de\/wp-json\/wp\/v2\/product_tag?post=19279"}],"curies":[{"name":"wp","href":"https:\/\/api.w.org\/{rel}","templated":true}]}}