{"id":18569,"date":"2025-12-16T07:51:40","date_gmt":"2025-12-16T06:51:40","guid":{"rendered":"https:\/\/lions-pharmacy.com\/?post_type=product&#038;p=18569"},"modified":"2025-12-16T10:51:55","modified_gmt":"2025-12-16T09:51:55","slug":"priorin-capsules-270-pcs","status":"publish","type":"product","link":"https:\/\/lions-pharmacy.com\/de\/produkt\/priorin-capsules-270-pcs","title":{"rendered":"Priorin Kapseln (270 Stk.)"},"content":{"rendered":"<h3>Priorin Kapseln<\/h3>\n<p>Priorin f\u00fcr hormonell bedingte Haarwuchsst\u00f6rungen und Haarausfall bei Frauen.<\/p>\n<p>Erfahren Sie mehr \u00fcber den Hersteller und dieses Produkt: <a href=\"https:\/\/www.priorin.de\/\" target=\"_blank\" rel=\"noopener\">Priorin <\/a>(Link zu externer Website)<\/p>\n<p>Hinweis zur Verwendung und Anwendung: Die auf dieser Website bereitgestellten Informationen dienen nur der allgemeinen Information und sind kein Ersatz f\u00fcr eine professionelle Beratung, Diagnose oder Behandlung durch einen Arzt. Nahrungserg\u00e4nzungsmittel sind kein Ersatz f\u00fcr eine ausgewogene, abwechslungsreiche Ern\u00e4hrung und eine gesunde Lebensweise.<\/p>\n<p>Nahrungserg\u00e4nzungsmittel sind kein Ersatz f\u00fcr eine abwechslungsreiche Ern\u00e4hrung. Eine ausgewogene Ern\u00e4hrung und eine gesunde Lebensweise sind wichtig. \u00dcberschreiten Sie nicht die empfohlene Tagesdosis. Au\u00dferhalb der Reichweite von kleinen Kindern aufbewahren. Lagern Sie es an einem k\u00fchlen, trockenen Ort.<\/p>\n<p>Zu Risiken und Nebenwirkungen lesen Sie bitte die Packungsbeilage und fragen Sie Ihren Arzt oder Apotheker.<\/p>\n<h3>Expertentipp aus der Apotheke:<\/h3>\n<p>Unser Apotheker empfiehlt die folgenden Produkte f\u00fcr Langlebigkeit, Konzentration &amp; Stress: <a href=\"https:\/\/lions-pharmacy.com\/de\/produkt\/zinzino-balanceoil-premium-300-ml-5905997895026\">BalanceOil+ Premium<\/a> &#8211; bew\u00e4hrt und besonders wirksam.<\/p>\n<h3>Rezept oder elektronisches Rezept einl\u00f6sen:<\/h3>\n<p>Haben Sie ein Rezept oder ein e-Rezept? Reichen Sie es bequem \u00fcber unsere <a class=\"ProsemirrorEditor-link\" href=\"https:\/\/e-rezept-app.de\/shop-rezept\">E-Rezept-App<\/a> ein &#8211; auch Privatrezepte f\u00fcr Selbstzahler sind m\u00f6glich. Schnell, sicher und einfach.<\/p>\n<h3 class=\"TypographyPresentation TypographyPresentation--medium RichText3-paragraph--withVSpacingNormal RichText3-paragraph HighlightSol HighlightSol--buildingBlock\">Haben Sie Fragen zu diesem Produkt? Wir sind f\u00fcr Sie da!<\/h3>\n<p class=\"TypographyPresentation TypographyPresentation--medium RichText3-paragraph--withVSpacingNormal RichText3-paragraph HighlightSol HighlightSol--buildingBlock\">Unsere leitende Apothekerin, <strong>Dr. Sandra Hoff<\/strong>, und ihr Team beraten Sie gerne pers\u00f6nlich &#8211; per Telefon oder E-Mail. Als <strong>echte Apotheke vor Ort<\/strong> und <strong>zugelassene Versandapotheke<\/strong> bieten wir Ihnen kompetente Unterst\u00fctzung, insbesondere in den Bereichen Naturheilkunde und Nahrungserg\u00e4nzungsmittel. Sie finden unsere Genehmigung als <a href=\"https:\/\/versandhandel.dimdi.de\/websearch\/servlet\/Gate;jsessionid=0D29D15655BE1174E9178A340E8FE6BC?accessid=dimdi_var&amp;term=3c387956690121ccc8763184f052b93f\" target=\"_blank\" rel=\"noopener\">Eintrag im Versandhandelsregister.<\/a><\/p>\n","protected":false},"excerpt":{"rendered":"<h2>Priorin Kapseln<\/h2>\n<p>Bei hormonell bedingten Haarwuchsst\u00f6rungen und Haarausfall bei Frauen.<\/p>\n<p>&nbsp;<\/p>\n<p><strong>PZN<\/strong> (Pharmazentralnummer): 15266092<br \/>\n<strong>Darreichungsform<\/strong>: Kapseln<br \/>\n<strong>Verschreibungsart<\/strong>: verschreibungsfrei<br \/>\n<strong>Marke<\/strong>: Priorin<br \/>\n<strong>Hersteller<\/strong>: Bayer Vital GmbH, Deutschland<br \/>\n<strong>Packungsgr\u00f6\u00dfe<\/strong>: 270 St\u00fcck.<\/p>\n","protected":false},"featured_media":18584,"comment_status":"closed","ping_status":"closed","template":"","meta":[],"product_brand":[],"product_cat":[367,368],"product_tag":[434,433,897,472,474,512,429],"class_list":{"0":"post-18569","1":"product","2":"type-product","3":"status-publish","4":"has-post-thumbnail","6":"product_cat-sale-de","7":"product_cat-shop-de","8":"product_tag-gewicht-und-fitness","9":"product_tag-gewichtsmanagement","10":"product_tag-haare","11":"product_tag-naturliche-heilmittel","12":"product_tag-pflanzlicher-wirkstoff","13":"product_tag-pflanzlicher-wirkstoff-de","14":"product_tag-vitamine-und-nahrungserganzungsmittel","15":"ts_product_brand-alle","17":"first","18":"instock","19":"taxable","20":"shipping-taxable","21":"purchasable","22":"product-type-simple"},"yoast_head":"<!-- This site is optimized with the Yoast SEO plugin v26.5 - https:\/\/yoast.com\/wordpress\/plugins\/seo\/ -->\n<title>Priorin Kapseln (270 Stk.) &#187; hier bestellen<\/title>\n<meta name=\"description\" content=\"Gesundheit von Haut und Haar, Haarausfall. Erfahren Sie mehr \u00fcber Priorin Kapseln (270 Stk.). Wir bieten: Schnellen Versand &amp; sicheres Online-Shopping.\" \/>\n<meta name=\"robots\" content=\"index, follow, max-snippet:-1, max-image-preview:large, max-video-preview:-1\" \/>\n<link rel=\"canonical\" href=\"https:\/\/lions-pharmacy.com\/de\/produkt\/priorin-capsules-270-pcs\" \/>\n<meta property=\"og:locale\" content=\"de_DE\" \/>\n<meta property=\"og:type\" content=\"article\" \/>\n<meta property=\"og:title\" content=\"Priorin Kapseln (270 Stk.) &#187; hier bestellen\" \/>\n<meta property=\"og:description\" content=\"Gesundheit von Haut und Haar, Haarausfall. Erfahren Sie mehr \u00fcber Priorin Kapseln (270 Stk.). Wir bieten: Schnellen Versand &amp; sicheres Online-Shopping.\" \/>\n<meta property=\"og:url\" content=\"https:\/\/lions-pharmacy.com\/de\/produkt\/priorin-capsules-270-pcs\" \/>\n<meta property=\"og:site_name\" content=\"L\u00f6wen Apotheke\" \/>\n<meta property=\"article:modified_time\" content=\"2025-12-16T09:51:55+00:00\" \/>\n<meta property=\"og:image\" content=\"https:\/\/lions-pharmacy.com\/wp-content\/uploads\/2025\/12\/Priorin-von-Bayer-Vital-Hairverlust-PZN-04002065.webp\" \/>\n\t<meta property=\"og:image:width\" content=\"600\" \/>\n\t<meta property=\"og:image:height\" content=\"600\" \/>\n\t<meta property=\"og:image:type\" content=\"image\/webp\" \/>\n<meta name=\"twitter:card\" content=\"summary_large_image\" \/>\n<meta name=\"twitter:label1\" content=\"Gesch\u00e4tzte Lesezeit\" \/>\n\t<meta name=\"twitter:data1\" content=\"1\u00a0Minute\" \/>\n<script type=\"application\/ld+json\" class=\"yoast-schema-graph\">{\"@context\":\"https:\/\/schema.org\",\"@graph\":[{\"@type\":\"WebPage\",\"@id\":\"https:\/\/lions-pharmacy.com\/de\/produkt\/priorin-capsules-270-pcs\",\"url\":\"https:\/\/lions-pharmacy.com\/de\/produkt\/priorin-capsules-270-pcs\",\"name\":\"Priorin Kapseln (270 Stk.) &#187; hier bestellen\",\"isPartOf\":{\"@id\":\"https:\/\/lions-pharmacy.com\/de#website\"},\"primaryImageOfPage\":{\"@id\":\"https:\/\/lions-pharmacy.com\/de\/produkt\/priorin-capsules-270-pcs#primaryimage\"},\"image\":{\"@id\":\"https:\/\/lions-pharmacy.com\/de\/produkt\/priorin-capsules-270-pcs#primaryimage\"},\"thumbnailUrl\":\"https:\/\/lions-pharmacy.com\/wp-content\/uploads\/2025\/12\/Priorin-von-Bayer-Vital-Hairverlust-PZN-04002065.webp\",\"datePublished\":\"2025-12-16T06:51:40+00:00\",\"dateModified\":\"2025-12-16T09:51:55+00:00\",\"description\":\"Gesundheit von Haut und Haar, Haarausfall. Erfahren Sie mehr \u00fcber Priorin Kapseln (270 Stk.). Wir bieten: Schnellen Versand & sicheres Online-Shopping.\",\"breadcrumb\":{\"@id\":\"https:\/\/lions-pharmacy.com\/de\/produkt\/priorin-capsules-270-pcs#breadcrumb\"},\"inLanguage\":\"de\",\"potentialAction\":[{\"@type\":\"ReadAction\",\"target\":[\"https:\/\/lions-pharmacy.com\/de\/produkt\/priorin-capsules-270-pcs\"]}]},{\"@type\":\"ImageObject\",\"inLanguage\":\"de\",\"@id\":\"https:\/\/lions-pharmacy.com\/de\/produkt\/priorin-capsules-270-pcs#primaryimage\",\"url\":\"https:\/\/lions-pharmacy.com\/wp-content\/uploads\/2025\/12\/Priorin-von-Bayer-Vital-Hairverlust-PZN-04002065.webp\",\"contentUrl\":\"https:\/\/lions-pharmacy.com\/wp-content\/uploads\/2025\/12\/Priorin-von-Bayer-Vital-Hairverlust-PZN-04002065.webp\",\"width\":600,\"height\":600,\"caption\":\"Priorin von Bayer Vital, Haarverlust, PZN\"},{\"@type\":\"BreadcrumbList\",\"@id\":\"https:\/\/lions-pharmacy.com\/de\/produkt\/priorin-capsules-270-pcs#breadcrumb\",\"itemListElement\":[{\"@type\":\"ListItem\",\"position\":1,\"name\":\"Home\",\"item\":\"https:\/\/lions-pharmacy.com\/de\/homepage-lion-pharmacy\"},{\"@type\":\"ListItem\",\"position\":2,\"name\":\"Shop\",\"item\":\"https:\/\/lions-pharmacy.com\/de\/shop-2\"},{\"@type\":\"ListItem\",\"position\":3,\"name\":\"Priorin Kapseln (270 Stk.)\"}]},{\"@type\":\"WebSite\",\"@id\":\"https:\/\/lions-pharmacy.com\/de#website\",\"url\":\"https:\/\/lions-pharmacy.com\/de\",\"name\":\"Lions Pharmacy\",\"description\":\"Ihr Spezialist f\u00fcr Naturheilkunde aus Baden-Baden, Germany\",\"publisher\":{\"@id\":\"https:\/\/lions-pharmacy.com\/de#organization\"},\"alternateName\":\"Lion Pharmacy\",\"potentialAction\":[{\"@type\":\"SearchAction\",\"target\":{\"@type\":\"EntryPoint\",\"urlTemplate\":\"https:\/\/lions-pharmacy.com\/de?s={search_term_string}\"},\"query-input\":{\"@type\":\"PropertyValueSpecification\",\"valueRequired\":true,\"valueName\":\"search_term_string\"}}],\"inLanguage\":\"de\"},{\"@type\":\"Organization\",\"@id\":\"https:\/\/lions-pharmacy.com\/de#organization\",\"name\":\"Lions Pharmacy\",\"alternateName\":\"Lions Pharmacy24\",\"url\":\"https:\/\/lions-pharmacy.com\/de\",\"logo\":{\"@type\":\"ImageObject\",\"inLanguage\":\"de\",\"@id\":\"https:\/\/lions-pharmacy.com\/de#\/schema\/logo\/image\/\",\"url\":\"https:\/\/lions-pharmacy.com\/wp-content\/uploads\/2022\/12\/Logo-Lion-Pharmacy-c-o-Loewen-Apotheke-smal.jpg\",\"contentUrl\":\"https:\/\/lions-pharmacy.com\/wp-content\/uploads\/2022\/12\/Logo-Lion-Pharmacy-c-o-Loewen-Apotheke-smal.jpg\",\"width\":298,\"height\":99,\"caption\":\"Lions Pharmacy\"},\"image\":{\"@id\":\"https:\/\/lions-pharmacy.com\/de#\/schema\/logo\/image\/\"}}]}<\/script>\n<!-- \/ Yoast SEO plugin. -->","yoast_head_json":{"title":"Priorin Kapseln (270 Stk.) &#187; hier bestellen","description":"Gesundheit von Haut und Haar, Haarausfall. Erfahren Sie mehr \u00fcber Priorin Kapseln (270 Stk.). Wir bieten: Schnellen Versand & sicheres Online-Shopping.","robots":{"index":"index","follow":"follow","max-snippet":"max-snippet:-1","max-image-preview":"max-image-preview:large","max-video-preview":"max-video-preview:-1"},"canonical":"https:\/\/lions-pharmacy.com\/de\/produkt\/priorin-capsules-270-pcs","og_locale":"de_DE","og_type":"article","og_title":"Priorin Kapseln (270 Stk.) &#187; hier bestellen","og_description":"Gesundheit von Haut und Haar, Haarausfall. Erfahren Sie mehr \u00fcber Priorin Kapseln (270 Stk.). Wir bieten: Schnellen Versand & sicheres Online-Shopping.","og_url":"https:\/\/lions-pharmacy.com\/de\/produkt\/priorin-capsules-270-pcs","og_site_name":"L\u00f6wen Apotheke","article_modified_time":"2025-12-16T09:51:55+00:00","og_image":[{"width":600,"height":600,"url":"https:\/\/lions-pharmacy.com\/wp-content\/uploads\/2025\/12\/Priorin-von-Bayer-Vital-Hairverlust-PZN-04002065.webp","type":"image\/webp"}],"twitter_card":"summary_large_image","twitter_misc":{"Gesch\u00e4tzte Lesezeit":"1\u00a0Minute"},"schema":{"@context":"https:\/\/schema.org","@graph":[{"@type":"WebPage","@id":"https:\/\/lions-pharmacy.com\/de\/produkt\/priorin-capsules-270-pcs","url":"https:\/\/lions-pharmacy.com\/de\/produkt\/priorin-capsules-270-pcs","name":"Priorin Kapseln (270 Stk.) &#187; hier bestellen","isPartOf":{"@id":"https:\/\/lions-pharmacy.com\/de#website"},"primaryImageOfPage":{"@id":"https:\/\/lions-pharmacy.com\/de\/produkt\/priorin-capsules-270-pcs#primaryimage"},"image":{"@id":"https:\/\/lions-pharmacy.com\/de\/produkt\/priorin-capsules-270-pcs#primaryimage"},"thumbnailUrl":"https:\/\/lions-pharmacy.com\/wp-content\/uploads\/2025\/12\/Priorin-von-Bayer-Vital-Hairverlust-PZN-04002065.webp","datePublished":"2025-12-16T06:51:40+00:00","dateModified":"2025-12-16T09:51:55+00:00","description":"Gesundheit von Haut und Haar, Haarausfall. Erfahren Sie mehr \u00fcber Priorin Kapseln (270 Stk.). Wir bieten: Schnellen Versand & sicheres Online-Shopping.","breadcrumb":{"@id":"https:\/\/lions-pharmacy.com\/de\/produkt\/priorin-capsules-270-pcs#breadcrumb"},"inLanguage":"de","potentialAction":[{"@type":"ReadAction","target":["https:\/\/lions-pharmacy.com\/de\/produkt\/priorin-capsules-270-pcs"]}]},{"@type":"ImageObject","inLanguage":"de","@id":"https:\/\/lions-pharmacy.com\/de\/produkt\/priorin-capsules-270-pcs#primaryimage","url":"https:\/\/lions-pharmacy.com\/wp-content\/uploads\/2025\/12\/Priorin-von-Bayer-Vital-Hairverlust-PZN-04002065.webp","contentUrl":"https:\/\/lions-pharmacy.com\/wp-content\/uploads\/2025\/12\/Priorin-von-Bayer-Vital-Hairverlust-PZN-04002065.webp","width":600,"height":600,"caption":"Priorin von Bayer Vital, Haarverlust, PZN"},{"@type":"BreadcrumbList","@id":"https:\/\/lions-pharmacy.com\/de\/produkt\/priorin-capsules-270-pcs#breadcrumb","itemListElement":[{"@type":"ListItem","position":1,"name":"Home","item":"https:\/\/lions-pharmacy.com\/de\/homepage-lion-pharmacy"},{"@type":"ListItem","position":2,"name":"Shop","item":"https:\/\/lions-pharmacy.com\/de\/shop-2"},{"@type":"ListItem","position":3,"name":"Priorin Kapseln (270 Stk.)"}]},{"@type":"WebSite","@id":"https:\/\/lions-pharmacy.com\/de#website","url":"https:\/\/lions-pharmacy.com\/de","name":"Lions Pharmacy","description":"Ihr Spezialist f\u00fcr Naturheilkunde aus Baden-Baden, Germany","publisher":{"@id":"https:\/\/lions-pharmacy.com\/de#organization"},"alternateName":"Lion Pharmacy","potentialAction":[{"@type":"SearchAction","target":{"@type":"EntryPoint","urlTemplate":"https:\/\/lions-pharmacy.com\/de?s={search_term_string}"},"query-input":{"@type":"PropertyValueSpecification","valueRequired":true,"valueName":"search_term_string"}}],"inLanguage":"de"},{"@type":"Organization","@id":"https:\/\/lions-pharmacy.com\/de#organization","name":"Lions Pharmacy","alternateName":"Lions Pharmacy24","url":"https:\/\/lions-pharmacy.com\/de","logo":{"@type":"ImageObject","inLanguage":"de","@id":"https:\/\/lions-pharmacy.com\/de#\/schema\/logo\/image\/","url":"https:\/\/lions-pharmacy.com\/wp-content\/uploads\/2022\/12\/Logo-Lion-Pharmacy-c-o-Loewen-Apotheke-smal.jpg","contentUrl":"https:\/\/lions-pharmacy.com\/wp-content\/uploads\/2022\/12\/Logo-Lion-Pharmacy-c-o-Loewen-Apotheke-smal.jpg","width":298,"height":99,"caption":"Lions Pharmacy"},"image":{"@id":"https:\/\/lions-pharmacy.com\/de#\/schema\/logo\/image\/"}}]}},"_links":{"self":[{"href":"https:\/\/lions-pharmacy.com\/de\/wp-json\/wp\/v2\/product\/18569","targetHints":{"allow":["GET"]}}],"collection":[{"href":"https:\/\/lions-pharmacy.com\/de\/wp-json\/wp\/v2\/product"}],"about":[{"href":"https:\/\/lions-pharmacy.com\/de\/wp-json\/wp\/v2\/types\/product"}],"replies":[{"embeddable":true,"href":"https:\/\/lions-pharmacy.com\/de\/wp-json\/wp\/v2\/comments?post=18569"}],"wp:featuredmedia":[{"embeddable":true,"href":"https:\/\/lions-pharmacy.com\/de\/wp-json\/wp\/v2\/media\/18584"}],"wp:attachment":[{"href":"https:\/\/lions-pharmacy.com\/de\/wp-json\/wp\/v2\/media?parent=18569"}],"wp:term":[{"taxonomy":"product_brand","embeddable":true,"href":"https:\/\/lions-pharmacy.com\/de\/wp-json\/wp\/v2\/product_brand?post=18569"},{"taxonomy":"product_cat","embeddable":true,"href":"https:\/\/lions-pharmacy.com\/de\/wp-json\/wp\/v2\/product_cat?post=18569"},{"taxonomy":"product_tag","embeddable":true,"href":"https:\/\/lions-pharmacy.com\/de\/wp-json\/wp\/v2\/product_tag?post=18569"}],"curies":[{"name":"wp","href":"https:\/\/api.w.org\/{rel}","templated":true}]}}