{"id":18230,"date":"2025-12-06T15:55:58","date_gmt":"2025-12-06T14:55:58","guid":{"rendered":"https:\/\/lions-pharmacy.com\/?post_type=product&#038;p=18230"},"modified":"2025-12-06T16:34:16","modified_gmt":"2025-12-06T15:34:16","slug":"zinzino-zinobiotic-0641827275020","status":"publish","type":"product","link":"https:\/\/lions-pharmacy.com\/de\/produkt\/zinzino-zinobiotic-0641827275020","title":{"rendered":"ZINZINO ZinoBiotic+"},"content":{"rendered":"<h3>ZINZINO ZinoBiotic+<\/h3>\n<p>ZINZINO ZinoBiotic+ ist eine speziell entwickelte Mischung aus 8 nat\u00fcrlichen Fasern. Diese Ballaststoffe werden im Dickdarm verstoffwechselt, wo sie das Wachstum gesunder Bakterien f\u00f6rdern. ZinoBiotic+ tr\u00e4gt dazu bei, den Anstieg des Blutzuckerspiegels nach dem Essen zu reduzieren2 und hilft, einen guten Cholesterinspiegel zu erhalten3. Die Ballaststoffe f\u00f6rdern viele gesunde Darmfunktionen.<\/p>\n<p>Anwendungsgebiete: Augen, Herz- und Kreislauffunktion, Immunsystem, Konzentrationsschw\u00e4che, Vitalit\u00e4t<\/p>\n<p>Zutaten in 2 Messl\u00f6ffeln (12 g): Resistente St\u00e4rkemischung: 4,9 g, Beta-Glucane aus Hafer*: 1,0 g, Inulin: 1,8 g, Fructooligosaccharide: 0,2 g, Flohsamenschalen: 0,5 g, Guarkernmehl: 0,24 g<\/p>\n<p>Anwendung: Mischen Sie 12 g Pulver (2 Messl\u00f6ffel) mit 200 ml Wasser in einer Shakerflasche oder mischen Sie es in ein trinkfertiges Produkt Ihrer Wahl, z. B. einen LeanShake oder einen Fruchtsmoothie. Die empfohlene Dosis betr\u00e4gt 2 Messl\u00f6ffel pro Tag. \u00dcberschreiten Sie nicht die empfohlene Tagesdosis.<\/p>\n<p>Packungsbeilage und Lebensmittelinformationen (PDF).<\/p>\n<p>Erfahren Sie mehr \u00fcber den Hersteller und dieses Produkt: <a href=\"https:\/\/www.zinzino.com\/shop\/2020670485\/DE\/de-DE\/products\/shop\" target=\"_blank\" rel=\"noopener\">Zinzino<\/a> (Link zu externer Website)<\/p>\n<p>Informationen auf dieser Website werden ausschlie\u00dflich f\u00fcr informative Zwecke zur Verf\u00fcgung gestellt. Sie ersetzen keinesfalls die Untersuchung und Behandlung durch einen Arzt. Bitte beachten Sie, dass hierdurch weder Diagnosen gestellt noch Therapien eingeleitet werden k\u00f6nnen. Einzelimport &#8211; Wir importieren dieses Medikament f\u00fcr Sie. Dies f\u00fchrt zu einer l\u00e4ngeren Lieferzeit. R\u00fcckgaben f\u00fcr einzelne Importe sind ausgeschlossen.<\/p>\n<p>Zu Risiken und Nebenwirkungen lesen Sie die Packungsbeilage und fragen Sie Ihren Arzt oder Apotheker.<\/p>\n<h3>Expertentipp aus der Apotheke:<\/h3>\n<p>Unser Apotheker empfiehlt die folgenden Produkte f\u00fcr Langlebigkeit, Konzentration &amp; Stress: <a href=\"https:\/\/lions-pharmacy.com\/de\/produkt\/zinzino-balanceoil-premium-300-ml-5905997895026\">BalanceOil+ Premium<\/a> &#8211; bew\u00e4hrt und besonders wirksam.<\/p>\n","protected":false},"excerpt":{"rendered":"<h2>ZINZINO ZinoBiotic+<\/h2>\n<p>speziell entwickelte Mischung aus 8 Naturfasern. Kolon (Dickdarm).<\/p>\n<p>&nbsp;<\/p>\n<p><strong>PZN<\/strong> (Pharmazentralnummer): &#8211;<br \/>\n<strong>Darreichungsform<\/strong>: Pulver<br \/>\n<strong>Verschreibungsart<\/strong>: verschreibungsfrei<br \/>\n<strong>Marke<\/strong>: Zinzino<br \/>\n<strong>Hersteller<\/strong>: Zinzino AB, Gotenbourg, Schweden.<br \/>\n<strong>Packungsgr\u00f6\u00dfe<\/strong>: 180 g<\/p>\n","protected":false},"featured_media":21497,"comment_status":"closed","ping_status":"closed","template":"","meta":[],"product_brand":[],"product_cat":[367,368],"product_tag":[434,433,386,472,474,512,429],"class_list":{"0":"post-18230","1":"product","2":"type-product","3":"status-publish","4":"has-post-thumbnail","6":"product_cat-sale-de","7":"product_cat-shop-de","8":"product_tag-gewicht-und-fitness","9":"product_tag-gewichtsmanagement","10":"product_tag-konzentration-stress","11":"product_tag-naturliche-heilmittel","12":"product_tag-pflanzlicher-wirkstoff","13":"product_tag-pflanzlicher-wirkstoff-de","14":"product_tag-vitamine-und-nahrungserganzungsmittel","15":"ts_product_brand-alle","17":"first","18":"instock","19":"taxable","20":"shipping-taxable","21":"purchasable","22":"product-type-simple"},"yoast_head":"<!-- This site is optimized with the Yoast SEO plugin v26.5 - https:\/\/yoast.com\/wordpress\/plugins\/seo\/ -->\n<title>ZINZINO ZinoBiotic+ &#187; hier bestellen<\/title>\n<meta name=\"description\" content=\"Mischung aus 8 Naturfasern. Kolon - Dickdarm. Erfahren Sie mehr \u00fcber ZINZINO ZinoBiotic+. Wir bieten: Schnellen Versand &amp; sicheres Online-Shopping.\" \/>\n<meta name=\"robots\" content=\"index, follow, max-snippet:-1, max-image-preview:large, max-video-preview:-1\" \/>\n<link rel=\"canonical\" href=\"https:\/\/lions-pharmacy.com\/de\/produkt\/zinzino-zinobiotic-0641827275020\" \/>\n<meta property=\"og:locale\" content=\"de_DE\" \/>\n<meta property=\"og:type\" content=\"article\" \/>\n<meta property=\"og:title\" content=\"ZINZINO ZinoBiotic+ &#187; hier bestellen\" \/>\n<meta property=\"og:description\" content=\"Mischung aus 8 Naturfasern. Kolon - Dickdarm. Erfahren Sie mehr \u00fcber ZINZINO ZinoBiotic+. Wir bieten: Schnellen Versand &amp; sicheres Online-Shopping.\" \/>\n<meta property=\"og:url\" content=\"https:\/\/lions-pharmacy.com\/de\/produkt\/zinzino-zinobiotic-0641827275020\" \/>\n<meta property=\"og:site_name\" content=\"L\u00f6wen Apotheke\" \/>\n<meta property=\"article:modified_time\" content=\"2025-12-06T15:34:16+00:00\" \/>\n<meta property=\"og:image\" content=\"https:\/\/lions-pharmacy.com\/wp-content\/uploads\/2025\/12\/Zinzino-ZinoBiotic-Lowen-Apotheke24.webp\" \/>\n\t<meta property=\"og:image:width\" content=\"600\" \/>\n\t<meta property=\"og:image:height\" content=\"600\" \/>\n\t<meta property=\"og:image:type\" content=\"image\/webp\" \/>\n<meta name=\"twitter:card\" content=\"summary_large_image\" \/>\n<meta name=\"twitter:label1\" content=\"Gesch\u00e4tzte Lesezeit\" \/>\n\t<meta name=\"twitter:data1\" content=\"1\u00a0Minute\" \/>\n<script type=\"application\/ld+json\" class=\"yoast-schema-graph\">{\"@context\":\"https:\/\/schema.org\",\"@graph\":[{\"@type\":\"WebPage\",\"@id\":\"https:\/\/lions-pharmacy.com\/de\/produkt\/zinzino-zinobiotic-0641827275020\",\"url\":\"https:\/\/lions-pharmacy.com\/de\/produkt\/zinzino-zinobiotic-0641827275020\",\"name\":\"ZINZINO ZinoBiotic+ &#187; hier bestellen\",\"isPartOf\":{\"@id\":\"https:\/\/lions-pharmacy.com\/de#website\"},\"primaryImageOfPage\":{\"@id\":\"https:\/\/lions-pharmacy.com\/de\/produkt\/zinzino-zinobiotic-0641827275020#primaryimage\"},\"image\":{\"@id\":\"https:\/\/lions-pharmacy.com\/de\/produkt\/zinzino-zinobiotic-0641827275020#primaryimage\"},\"thumbnailUrl\":\"https:\/\/lions-pharmacy.com\/wp-content\/uploads\/2025\/12\/Zinzino-ZinoBiotic-Pharmacy-Lions-Pharmacy.webp\",\"datePublished\":\"2025-12-06T14:55:58+00:00\",\"dateModified\":\"2025-12-06T15:34:16+00:00\",\"description\":\"Mischung aus 8 Naturfasern. Kolon - Dickdarm. Erfahren Sie mehr \u00fcber ZINZINO ZinoBiotic+. Wir bieten: Schnellen Versand & sicheres Online-Shopping.\",\"breadcrumb\":{\"@id\":\"https:\/\/lions-pharmacy.com\/de\/produkt\/zinzino-zinobiotic-0641827275020#breadcrumb\"},\"inLanguage\":\"de\",\"potentialAction\":[{\"@type\":\"ReadAction\",\"target\":[\"https:\/\/lions-pharmacy.com\/de\/produkt\/zinzino-zinobiotic-0641827275020\"]}]},{\"@type\":\"ImageObject\",\"inLanguage\":\"de\",\"@id\":\"https:\/\/lions-pharmacy.com\/de\/produkt\/zinzino-zinobiotic-0641827275020#primaryimage\",\"url\":\"https:\/\/lions-pharmacy.com\/wp-content\/uploads\/2025\/12\/Zinzino-ZinoBiotic-Pharmacy-Lions-Pharmacy.webp\",\"contentUrl\":\"https:\/\/lions-pharmacy.com\/wp-content\/uploads\/2025\/12\/Zinzino-ZinoBiotic-Pharmacy-Lions-Pharmacy.webp\",\"width\":600,\"height\":600,\"caption\":\"Zinzino ZinoBiotic Pharmacy, Lions-Pharmacy\"},{\"@type\":\"BreadcrumbList\",\"@id\":\"https:\/\/lions-pharmacy.com\/de\/produkt\/zinzino-zinobiotic-0641827275020#breadcrumb\",\"itemListElement\":[{\"@type\":\"ListItem\",\"position\":1,\"name\":\"Home\",\"item\":\"https:\/\/lions-pharmacy.com\/de\/homepage-lion-pharmacy\"},{\"@type\":\"ListItem\",\"position\":2,\"name\":\"Shop\",\"item\":\"https:\/\/lions-pharmacy.com\/de\/shop-2\"},{\"@type\":\"ListItem\",\"position\":3,\"name\":\"ZINZINO ZinoBiotic+\"}]},{\"@type\":\"WebSite\",\"@id\":\"https:\/\/lions-pharmacy.com\/de#website\",\"url\":\"https:\/\/lions-pharmacy.com\/de\",\"name\":\"Lions Pharmacy\",\"description\":\"Ihr Spezialist f\u00fcr Naturheilkunde aus Baden-Baden, Germany\",\"publisher\":{\"@id\":\"https:\/\/lions-pharmacy.com\/de#organization\"},\"alternateName\":\"Lion Pharmacy\",\"potentialAction\":[{\"@type\":\"SearchAction\",\"target\":{\"@type\":\"EntryPoint\",\"urlTemplate\":\"https:\/\/lions-pharmacy.com\/de?s={search_term_string}\"},\"query-input\":{\"@type\":\"PropertyValueSpecification\",\"valueRequired\":true,\"valueName\":\"search_term_string\"}}],\"inLanguage\":\"de\"},{\"@type\":\"Organization\",\"@id\":\"https:\/\/lions-pharmacy.com\/de#organization\",\"name\":\"Lions Pharmacy\",\"alternateName\":\"Lions Pharmacy24\",\"url\":\"https:\/\/lions-pharmacy.com\/de\",\"logo\":{\"@type\":\"ImageObject\",\"inLanguage\":\"de\",\"@id\":\"https:\/\/lions-pharmacy.com\/de#\/schema\/logo\/image\/\",\"url\":\"https:\/\/lions-pharmacy.com\/wp-content\/uploads\/2022\/12\/Logo-Lion-Pharmacy-c-o-Loewen-Apotheke-smal.jpg\",\"contentUrl\":\"https:\/\/lions-pharmacy.com\/wp-content\/uploads\/2022\/12\/Logo-Lion-Pharmacy-c-o-Loewen-Apotheke-smal.jpg\",\"width\":298,\"height\":99,\"caption\":\"Lions Pharmacy\"},\"image\":{\"@id\":\"https:\/\/lions-pharmacy.com\/de#\/schema\/logo\/image\/\"}}]}<\/script>\n<!-- \/ Yoast SEO plugin. -->","yoast_head_json":{"title":"ZINZINO ZinoBiotic+ &#187; hier bestellen","description":"Mischung aus 8 Naturfasern. Kolon - Dickdarm. Erfahren Sie mehr \u00fcber ZINZINO ZinoBiotic+. Wir bieten: Schnellen Versand & sicheres Online-Shopping.","robots":{"index":"index","follow":"follow","max-snippet":"max-snippet:-1","max-image-preview":"max-image-preview:large","max-video-preview":"max-video-preview:-1"},"canonical":"https:\/\/lions-pharmacy.com\/de\/produkt\/zinzino-zinobiotic-0641827275020","og_locale":"de_DE","og_type":"article","og_title":"ZINZINO ZinoBiotic+ &#187; hier bestellen","og_description":"Mischung aus 8 Naturfasern. Kolon - Dickdarm. Erfahren Sie mehr \u00fcber ZINZINO ZinoBiotic+. Wir bieten: Schnellen Versand & sicheres Online-Shopping.","og_url":"https:\/\/lions-pharmacy.com\/de\/produkt\/zinzino-zinobiotic-0641827275020","og_site_name":"L\u00f6wen Apotheke","article_modified_time":"2025-12-06T15:34:16+00:00","og_image":[{"width":600,"height":600,"url":"https:\/\/lions-pharmacy.com\/wp-content\/uploads\/2025\/12\/Zinzino-ZinoBiotic-Lowen-Apotheke24.webp","type":"image\/webp"}],"twitter_card":"summary_large_image","twitter_misc":{"Gesch\u00e4tzte Lesezeit":"1\u00a0Minute"},"schema":{"@context":"https:\/\/schema.org","@graph":[{"@type":"WebPage","@id":"https:\/\/lions-pharmacy.com\/de\/produkt\/zinzino-zinobiotic-0641827275020","url":"https:\/\/lions-pharmacy.com\/de\/produkt\/zinzino-zinobiotic-0641827275020","name":"ZINZINO ZinoBiotic+ &#187; hier bestellen","isPartOf":{"@id":"https:\/\/lions-pharmacy.com\/de#website"},"primaryImageOfPage":{"@id":"https:\/\/lions-pharmacy.com\/de\/produkt\/zinzino-zinobiotic-0641827275020#primaryimage"},"image":{"@id":"https:\/\/lions-pharmacy.com\/de\/produkt\/zinzino-zinobiotic-0641827275020#primaryimage"},"thumbnailUrl":"https:\/\/lions-pharmacy.com\/wp-content\/uploads\/2025\/12\/Zinzino-ZinoBiotic-Pharmacy-Lions-Pharmacy.webp","datePublished":"2025-12-06T14:55:58+00:00","dateModified":"2025-12-06T15:34:16+00:00","description":"Mischung aus 8 Naturfasern. Kolon - Dickdarm. Erfahren Sie mehr \u00fcber ZINZINO ZinoBiotic+. Wir bieten: Schnellen Versand & sicheres Online-Shopping.","breadcrumb":{"@id":"https:\/\/lions-pharmacy.com\/de\/produkt\/zinzino-zinobiotic-0641827275020#breadcrumb"},"inLanguage":"de","potentialAction":[{"@type":"ReadAction","target":["https:\/\/lions-pharmacy.com\/de\/produkt\/zinzino-zinobiotic-0641827275020"]}]},{"@type":"ImageObject","inLanguage":"de","@id":"https:\/\/lions-pharmacy.com\/de\/produkt\/zinzino-zinobiotic-0641827275020#primaryimage","url":"https:\/\/lions-pharmacy.com\/wp-content\/uploads\/2025\/12\/Zinzino-ZinoBiotic-Pharmacy-Lions-Pharmacy.webp","contentUrl":"https:\/\/lions-pharmacy.com\/wp-content\/uploads\/2025\/12\/Zinzino-ZinoBiotic-Pharmacy-Lions-Pharmacy.webp","width":600,"height":600,"caption":"Zinzino ZinoBiotic Pharmacy, Lions-Pharmacy"},{"@type":"BreadcrumbList","@id":"https:\/\/lions-pharmacy.com\/de\/produkt\/zinzino-zinobiotic-0641827275020#breadcrumb","itemListElement":[{"@type":"ListItem","position":1,"name":"Home","item":"https:\/\/lions-pharmacy.com\/de\/homepage-lion-pharmacy"},{"@type":"ListItem","position":2,"name":"Shop","item":"https:\/\/lions-pharmacy.com\/de\/shop-2"},{"@type":"ListItem","position":3,"name":"ZINZINO ZinoBiotic+"}]},{"@type":"WebSite","@id":"https:\/\/lions-pharmacy.com\/de#website","url":"https:\/\/lions-pharmacy.com\/de","name":"Lions Pharmacy","description":"Ihr Spezialist f\u00fcr Naturheilkunde aus Baden-Baden, Germany","publisher":{"@id":"https:\/\/lions-pharmacy.com\/de#organization"},"alternateName":"Lion Pharmacy","potentialAction":[{"@type":"SearchAction","target":{"@type":"EntryPoint","urlTemplate":"https:\/\/lions-pharmacy.com\/de?s={search_term_string}"},"query-input":{"@type":"PropertyValueSpecification","valueRequired":true,"valueName":"search_term_string"}}],"inLanguage":"de"},{"@type":"Organization","@id":"https:\/\/lions-pharmacy.com\/de#organization","name":"Lions Pharmacy","alternateName":"Lions Pharmacy24","url":"https:\/\/lions-pharmacy.com\/de","logo":{"@type":"ImageObject","inLanguage":"de","@id":"https:\/\/lions-pharmacy.com\/de#\/schema\/logo\/image\/","url":"https:\/\/lions-pharmacy.com\/wp-content\/uploads\/2022\/12\/Logo-Lion-Pharmacy-c-o-Loewen-Apotheke-smal.jpg","contentUrl":"https:\/\/lions-pharmacy.com\/wp-content\/uploads\/2022\/12\/Logo-Lion-Pharmacy-c-o-Loewen-Apotheke-smal.jpg","width":298,"height":99,"caption":"Lions Pharmacy"},"image":{"@id":"https:\/\/lions-pharmacy.com\/de#\/schema\/logo\/image\/"}}]}},"_links":{"self":[{"href":"https:\/\/lions-pharmacy.com\/de\/wp-json\/wp\/v2\/product\/18230","targetHints":{"allow":["GET"]}}],"collection":[{"href":"https:\/\/lions-pharmacy.com\/de\/wp-json\/wp\/v2\/product"}],"about":[{"href":"https:\/\/lions-pharmacy.com\/de\/wp-json\/wp\/v2\/types\/product"}],"replies":[{"embeddable":true,"href":"https:\/\/lions-pharmacy.com\/de\/wp-json\/wp\/v2\/comments?post=18230"}],"wp:featuredmedia":[{"embeddable":true,"href":"https:\/\/lions-pharmacy.com\/de\/wp-json\/wp\/v2\/media\/21497"}],"wp:attachment":[{"href":"https:\/\/lions-pharmacy.com\/de\/wp-json\/wp\/v2\/media?parent=18230"}],"wp:term":[{"taxonomy":"product_brand","embeddable":true,"href":"https:\/\/lions-pharmacy.com\/de\/wp-json\/wp\/v2\/product_brand?post=18230"},{"taxonomy":"product_cat","embeddable":true,"href":"https:\/\/lions-pharmacy.com\/de\/wp-json\/wp\/v2\/product_cat?post=18230"},{"taxonomy":"product_tag","embeddable":true,"href":"https:\/\/lions-pharmacy.com\/de\/wp-json\/wp\/v2\/product_tag?post=18230"}],"curies":[{"name":"wp","href":"https:\/\/api.w.org\/{rel}","templated":true}]}}