{"id":17246,"date":"2025-11-27T20:07:32","date_gmt":"2025-11-27T19:07:32","guid":{"rendered":"https:\/\/lions-pharmacy.com\/?post_type=product&#038;p=17246"},"modified":"2025-12-13T10:12:43","modified_gmt":"2025-12-13T09:12:43","slug":"zinzino-balancetest-starter-set","status":"publish","type":"product","link":"https:\/\/lions-pharmacy.com\/de\/produkt\/zinzino-balancetest-starter-set","title":{"rendered":"ZINZINO BalanceTest Starter Set"},"content":{"rendered":"<h3>ZINZINO BalanceTest Set &amp; Extras inklusive<\/h3>\n<p>Der ZINZINO BalanceTest ist ein einfacher Selbsttest zur Analyse von Fetts\u00e4uren im Kapillarblut, das mit der Dried Blood Spot (DBS)-Methode aus der Fingerbeere entnommen wird. Es ist wissenschaftlich erwiesen, dass ein DBS-Test bei der Analyse von Fetts\u00e4uren genauso genau ist wie eine ven\u00f6se Blutprobe. Alles, was Sie brauchen, sind ein paar Tropfen Blut aus Ihrer Fingerspitze auf einem Whatman\u00ae-Filterpapier &#8211; ein Vorgang, der weniger als eine Minute dauert.<\/p>\n<p>In diesem Set bereits enthalten: BalanceOil+ Orange 100 ml und ein Beratungsgespr\u00e4ch.<\/p>\n<p>\u00dcber BalanceTest, den benutzerfreundlichen Selbsttest von Trockenblut:<\/p>\n<p>Misst 11 Fetts\u00e4uren in Ihrem Blut<br \/>\nLiefert Informationen \u00fcber Ihr Omega-6:3-Verh\u00e4ltnis<br \/>\nDer Test misst 11 Fetts\u00e4uren, darunter ges\u00e4ttigte, einfach unges\u00e4ttigte (Omega-9) und mehrfach unges\u00e4ttigte (Omega-6 und Omega-3) Fetts\u00e4uren. Die einzelnen Fetts\u00e4urewerte sind in der Tabelle aufgef\u00fchrt und als Prozentsatz der insgesamt gemessenen Fetts\u00e4uren ausgedr\u00fcckt. Zu Vergleichszwecken wird in der Tabelle der durchschnittliche Bereich f\u00fcr jede Fetts\u00e4ure (basierend auf den Daten einer gro\u00dfen Gruppe von ausgeglichenen Personen) als Zielwert angegeben. Die folgenden Fetts\u00e4uren werden gemessen:<\/p>\n<p>Palmitins\u00e4ure, C16:0, ges\u00e4ttigte Fetts\u00e4ure<br \/>\nStearins\u00e4ure, C18:0, ges\u00e4ttigte Fetts\u00e4ure<br \/>\n\u00d6ls\u00e4ure, C18:1, omega-9<br \/>\nLinolens\u00e4ure, C18:2, Omega-6<br \/>\nAlpha-Linolens\u00e4ure, C18:3, Omega-3<br \/>\nGamma-Linolens\u00e4ure, C18:3, omega-6<br \/>\nDihomogamma-Linolens\u00e4ure, C20:3, omega-6<br \/>\nArachidons\u00e4ure (AA), C20:4, omega-6<br \/>\nEicosapentaens\u00e4ure (EPA), C20:5, omega-3<br \/>\nDocosapentaens\u00e4ure (DPA), C22:5, omega-3<br \/>\nDocosahexens\u00e4ure (DHA), C22:6, omega-3<\/p>\n<p>Hinweise und Informationen zur Anwendung finden Sie beim Hersteller <a href=\"https:\/\/www.zinzino.com\/shop\/2020602041\/AT\/de-DE\/products\/shop\/home-health-tests\/309000\/\">Zinzino<\/a>.<\/p>\n<p>Service inklusive. Pers\u00f6nliche Testauswertung durch die Apothekerin Dr. Sandra Hoff und ihr Team beraten Sie gerne pers\u00f6nlich zu Zinzino und den Ergebnissen des Selbsttests per 10-15-min\u00fctigem Anruf \/ Videoanruf.<\/p>\n<h3>Produktdetails &amp; obligatorische Informationen<\/h3>\n<p>Packungsbeilage: &#8211; (PDF-Reader) und Lebensmittelinformationen.<\/p>\n<p>Zutaten: Bluttest-Kit<\/p>\n<p>Erfahren Sie mehr \u00fcber den Hersteller und dieses Produkt: <a href=\"https:\/\/www.zinzino.com\/shop\/2020602041\/AT\/de-DE\/products\/shop\/home-health-tests\/309000\/\">Zinzino<\/a> (Link zu externer Website)<\/p>\n<p>Informationen auf dieser Website werden ausschlie\u00dflich f\u00fcr informative Zwecke zur Verf\u00fcgung gestellt. Sie ersetzen keinesfalls die Untersuchung und Behandlung durch einen Arzt. Bitte beachten Sie, dass hierdurch weder Diagnosen gestellt noch Therapien eingeleitet werden k\u00f6nnen. Einzelimport &#8211; Wir importieren dieses Medikament f\u00fcr Sie. Dies f\u00fchrt zu einer l\u00e4ngeren Lieferzeit. R\u00fcckgaben f\u00fcr einzelne Importe sind ausgeschlossen.<\/p>\n<p>Zu Risiken und Nebenwirkungen lesen Sie die Packungsbeilage und fragen Sie Ihren Arzt oder Apotheker.<\/p>\n<h4><\/h4>\n<h3>Expertentipp aus der Apotheke:<\/h3>\n<p>Unser Apotheker empfiehlt die folgenden Produkte f\u00fcr Langlebigkeit, Konzentration und Stress: <a href=\"https:\/\/lions-pharmacy.com\/de\/produkt\/neurapas-balance-100-st-4150014981430\">Neurapas Balance<\/a> &#8211; bew\u00e4hrt und besonders wirksam.<\/p>\n<p>Andere Produkte f\u00fcr diese Anwendung: <a href=\"https:\/\/lions-pharmacy.com\/de\/produkt-schlagwort\/vitamine-und-nahrungserganzungsmittel\">Vitamine &amp; Nahrungserg\u00e4nzungsmittel<\/a> | <a href=\"https:\/\/lions-pharmacy.com\/de\/produkt-schlagwort\/naturliche-heilmittel\" rel=\"tag\">Naturheilmittel<\/a> | <a href=\"https:\/\/lions-pharmacy.com\/de\/produkt-schlagwort\/wellness-de\" rel=\"tag\">Wellness<\/a><\/p>\n<h3>Haben Sie Fragen zu diesem Produkt? Wir sind f\u00fcr Sie da!<\/h3>\n<p>Unsere leitende Apothekerin, Dr. Sandra Hoff, und ihr Team beraten Sie gerne pers\u00f6nlich &#8211; per Telefon oder E-Mail. Als echte Apotheke vor Ort und autorisierte Versandapotheke bieten wir Ihnen kompetente Unterst\u00fctzung, insbesondere in den Bereichen <a href=\"https:\/\/lions-pharmacy.com\/de\/produkt-schlagwort\/naturliche-heilmittel\">Naturheilkunde<\/a> und <a href=\"https:\/\/lions-pharmacy.com\/de\/produkt-schlagwort\/vitamine-und-nahrungserganzungsmittel\">Nahrungserg\u00e4nzungsmittel<\/a>. Sie finden unsere Genehmigung als Eintrag im <a href=\"https:\/\/versandhandel.dimdi.de\/websearch\/servlet\/Gate;jsessionid=0D29D15655BE1174E9178A340E8FE6BC?accessid=dimdi_var&amp;term=3c387956690121ccc8763184f052b93f\" target=\"_blank\" rel=\"noopener\">Versandhandelsregister<\/a>.<\/p>\n<h3>L\u00f6sen Sie ein Rezept oder ein e-Rezept ein:<\/h3>\n<p>Haben Sie ein Rezept oder ein e-Rezept? Reichen Sie es bequem \u00fcber unsere <a href=\"https:\/\/e-rezept-app.de\/shop-rezept\" target=\"_blank\" rel=\"noopener\">E-Rezept-App<\/a> ein &#8211; auch Privatrezepte f\u00fcr Selbstzahler sind m\u00f6glich. Schnell, sicher und einfach.<\/p>\n","protected":false},"excerpt":{"rendered":"<h2>ZINZINO BalanceTest Starter Set<\/h2>\n<p>Ein Selbsttest mit getrocknetem Blut gibt Aufschluss \u00fcber Ihr Omega-6:3-Verh\u00e4ltnis. BalanceOil+ Orange 100 ml und ein Beratungsservice inklusive.<br \/>\nPers\u00f6nliche Testanalyse durch den Apotheker per Anruf \/ Video Call inklusive.<\/p>\n<p>&nbsp;<\/p>\n<p><strong>PZN<\/strong>: &#8211;<\/p>\n<p><strong>Darreichungsform<\/strong>: Testkit &amp; einschlie\u00dflich pers\u00f6nlicher Testanalyse durch den Apotheker<\/p>\n<p><strong>Verschreibungsart<\/strong>: verschreibungsfrei<\/p>\n<p><strong>Marke<\/strong>: Zinzino<\/p>\n<p><strong>Hersteller<\/strong>: Zinzino AB, Gotenbourg, Schweden.<\/p>\n<p><strong>Packungsgr\u00f6\u00dfe<\/strong>: 1 BalanceTest + 1 BalanceOil+ Orange 100ml + Beratungsgespr\u00e4ch<\/p>\n","protected":false},"featured_media":21507,"comment_status":"closed","ping_status":"closed","template":"","meta":[],"product_brand":[],"product_cat":[367,368],"product_tag":[434,433,386,902,472,474,512,429],"class_list":{"0":"post-17246","1":"product","2":"type-product","3":"status-publish","4":"has-post-thumbnail","6":"product_cat-sale-de","7":"product_cat-shop-de","8":"product_tag-gewicht-und-fitness","9":"product_tag-gewichtsmanagement","10":"product_tag-konzentration-stress","11":"product_tag-langlebigkeit","12":"product_tag-naturliche-heilmittel","13":"product_tag-pflanzlicher-wirkstoff","14":"product_tag-pflanzlicher-wirkstoff-de","15":"product_tag-vitamine-und-nahrungserganzungsmittel","16":"ts_product_brand-alle","18":"first","19":"instock","20":"sold-individually","21":"taxable","22":"shipping-taxable","23":"purchasable","24":"product-type-simple"},"yoast_head":"<!-- This site is optimized with the Yoast SEO plugin v26.5 - https:\/\/yoast.com\/wordpress\/plugins\/seo\/ -->\n<title>ZINZINO BalanceTest Starter Set &#187; Beginnen Sie hier mit uns<\/title>\n<meta name=\"description\" content=\"Set: Omega-3 Anteil Balance Selbsttest &amp; BalanceOil Orange 100ml &amp; pers\u00f6nliche Testergebnisanalyse per Anruf. Erfahren Sie mehr \u00fcber ZINZINO BalanceTest Starter Set.\" \/>\n<meta name=\"robots\" content=\"index, follow, max-snippet:-1, max-image-preview:large, max-video-preview:-1\" \/>\n<link rel=\"canonical\" href=\"https:\/\/lions-pharmacy.com\/de\/produkt\/zinzino-balancetest-starter-set\" \/>\n<meta property=\"og:locale\" content=\"de_DE\" \/>\n<meta property=\"og:type\" content=\"article\" \/>\n<meta property=\"og:title\" content=\"ZINZINO BalanceTest Starter Set &#187; Beginnen Sie hier mit uns\" \/>\n<meta property=\"og:description\" content=\"Set: Omega-3 Anteil Balance Selbsttest &amp; BalanceOil Orange 100ml &amp; pers\u00f6nliche Testergebnisanalyse per Anruf. Erfahren Sie mehr \u00fcber ZINZINO BalanceTest Starter Set.\" \/>\n<meta property=\"og:url\" content=\"https:\/\/lions-pharmacy.com\/de\/produkt\/zinzino-balancetest-starter-set\" \/>\n<meta property=\"og:site_name\" content=\"L\u00f6wen Apotheke\" \/>\n<meta property=\"article:modified_time\" content=\"2025-12-13T09:12:43+00:00\" \/>\n<meta property=\"og:image\" content=\"https:\/\/lions-pharmacy.com\/wp-content\/uploads\/2025\/11\/Zinzino-Balancetest-and-Balanceoil-100-ml-Starterset.webp\" \/>\n\t<meta property=\"og:image:width\" content=\"600\" \/>\n\t<meta property=\"og:image:height\" content=\"600\" \/>\n\t<meta property=\"og:image:type\" content=\"image\/webp\" \/>\n<meta name=\"twitter:card\" content=\"summary_large_image\" \/>\n<meta name=\"twitter:label1\" content=\"Gesch\u00e4tzte Lesezeit\" \/>\n\t<meta name=\"twitter:data1\" content=\"3\u00a0Minuten\" \/>\n<script type=\"application\/ld+json\" class=\"yoast-schema-graph\">{\"@context\":\"https:\/\/schema.org\",\"@graph\":[{\"@type\":\"WebPage\",\"@id\":\"https:\/\/lions-pharmacy.com\/de\/produkt\/zinzino-balancetest-starter-set\",\"url\":\"https:\/\/lions-pharmacy.com\/de\/produkt\/zinzino-balancetest-starter-set\",\"name\":\"ZINZINO BalanceTest Starter Set &#187; Beginnen Sie hier mit uns\",\"isPartOf\":{\"@id\":\"https:\/\/lions-pharmacy.com\/de#website\"},\"primaryImageOfPage\":{\"@id\":\"https:\/\/lions-pharmacy.com\/de\/produkt\/zinzino-balancetest-starter-set#primaryimage\"},\"image\":{\"@id\":\"https:\/\/lions-pharmacy.com\/de\/produkt\/zinzino-balancetest-starter-set#primaryimage\"},\"thumbnailUrl\":\"https:\/\/lions-pharmacy.com\/wp-content\/uploads\/2025\/11\/Zinzino-Balancetest-and-Balanceoil-100-ml-as-a-Starter-Set-Pharmacy-Lions-Pharmacy.webp\",\"datePublished\":\"2025-11-27T19:07:32+00:00\",\"dateModified\":\"2025-12-13T09:12:43+00:00\",\"description\":\"Set: Omega-3 Anteil Balance Selbsttest & BalanceOil Orange 100ml & pers\u00f6nliche Testergebnisanalyse per Anruf. Erfahren Sie mehr \u00fcber ZINZINO BalanceTest Starter Set.\",\"breadcrumb\":{\"@id\":\"https:\/\/lions-pharmacy.com\/de\/produkt\/zinzino-balancetest-starter-set#breadcrumb\"},\"inLanguage\":\"de\",\"potentialAction\":[{\"@type\":\"ReadAction\",\"target\":[\"https:\/\/lions-pharmacy.com\/de\/produkt\/zinzino-balancetest-starter-set\"]}]},{\"@type\":\"ImageObject\",\"inLanguage\":\"de\",\"@id\":\"https:\/\/lions-pharmacy.com\/de\/produkt\/zinzino-balancetest-starter-set#primaryimage\",\"url\":\"https:\/\/lions-pharmacy.com\/wp-content\/uploads\/2025\/11\/Zinzino-Balancetest-and-Balanceoil-100-ml-as-a-Starter-Set-Pharmacy-Lions-Pharmacy.webp\",\"contentUrl\":\"https:\/\/lions-pharmacy.com\/wp-content\/uploads\/2025\/11\/Zinzino-Balancetest-and-Balanceoil-100-ml-as-a-Starter-Set-Pharmacy-Lions-Pharmacy.webp\",\"width\":600,\"height\":600,\"caption\":\"Zinzino Balancetest and Balanceoil 100 ml as a Starter Set Pharmacy, Lions-Pharmacy\"},{\"@type\":\"BreadcrumbList\",\"@id\":\"https:\/\/lions-pharmacy.com\/de\/produkt\/zinzino-balancetest-starter-set#breadcrumb\",\"itemListElement\":[{\"@type\":\"ListItem\",\"position\":1,\"name\":\"Home\",\"item\":\"https:\/\/lions-pharmacy.com\/de\/homepage-lion-pharmacy\"},{\"@type\":\"ListItem\",\"position\":2,\"name\":\"Shop\",\"item\":\"https:\/\/lions-pharmacy.com\/de\/shop-2\"},{\"@type\":\"ListItem\",\"position\":3,\"name\":\"ZINZINO BalanceTest Starter Set\"}]},{\"@type\":\"WebSite\",\"@id\":\"https:\/\/lions-pharmacy.com\/de#website\",\"url\":\"https:\/\/lions-pharmacy.com\/de\",\"name\":\"Lions Pharmacy\",\"description\":\"Ihr Spezialist f\u00fcr Naturheilkunde aus Baden-Baden, Germany\",\"publisher\":{\"@id\":\"https:\/\/lions-pharmacy.com\/de#organization\"},\"alternateName\":\"Lion Pharmacy\",\"potentialAction\":[{\"@type\":\"SearchAction\",\"target\":{\"@type\":\"EntryPoint\",\"urlTemplate\":\"https:\/\/lions-pharmacy.com\/de?s={search_term_string}\"},\"query-input\":{\"@type\":\"PropertyValueSpecification\",\"valueRequired\":true,\"valueName\":\"search_term_string\"}}],\"inLanguage\":\"de\"},{\"@type\":\"Organization\",\"@id\":\"https:\/\/lions-pharmacy.com\/de#organization\",\"name\":\"Lions Pharmacy\",\"alternateName\":\"Lions Pharmacy24\",\"url\":\"https:\/\/lions-pharmacy.com\/de\",\"logo\":{\"@type\":\"ImageObject\",\"inLanguage\":\"de\",\"@id\":\"https:\/\/lions-pharmacy.com\/de#\/schema\/logo\/image\/\",\"url\":\"https:\/\/lions-pharmacy.com\/wp-content\/uploads\/2022\/12\/Logo-Lion-Pharmacy-c-o-Loewen-Apotheke-smal.jpg\",\"contentUrl\":\"https:\/\/lions-pharmacy.com\/wp-content\/uploads\/2022\/12\/Logo-Lion-Pharmacy-c-o-Loewen-Apotheke-smal.jpg\",\"width\":298,\"height\":99,\"caption\":\"Lions Pharmacy\"},\"image\":{\"@id\":\"https:\/\/lions-pharmacy.com\/de#\/schema\/logo\/image\/\"}}]}<\/script>\n<!-- \/ Yoast SEO plugin. -->","yoast_head_json":{"title":"ZINZINO BalanceTest Starter Set &#187; Beginnen Sie hier mit uns","description":"Set: Omega-3 Anteil Balance Selbsttest & BalanceOil Orange 100ml & pers\u00f6nliche Testergebnisanalyse per Anruf. Erfahren Sie mehr \u00fcber ZINZINO BalanceTest Starter Set.","robots":{"index":"index","follow":"follow","max-snippet":"max-snippet:-1","max-image-preview":"max-image-preview:large","max-video-preview":"max-video-preview:-1"},"canonical":"https:\/\/lions-pharmacy.com\/de\/produkt\/zinzino-balancetest-starter-set","og_locale":"de_DE","og_type":"article","og_title":"ZINZINO BalanceTest Starter Set &#187; Beginnen Sie hier mit uns","og_description":"Set: Omega-3 Anteil Balance Selbsttest & BalanceOil Orange 100ml & pers\u00f6nliche Testergebnisanalyse per Anruf. Erfahren Sie mehr \u00fcber ZINZINO BalanceTest Starter Set.","og_url":"https:\/\/lions-pharmacy.com\/de\/produkt\/zinzino-balancetest-starter-set","og_site_name":"L\u00f6wen Apotheke","article_modified_time":"2025-12-13T09:12:43+00:00","og_image":[{"width":600,"height":600,"url":"https:\/\/lions-pharmacy.com\/wp-content\/uploads\/2025\/11\/Zinzino-Balancetest-and-Balanceoil-100-ml-Starterset.webp","type":"image\/webp"}],"twitter_card":"summary_large_image","twitter_misc":{"Gesch\u00e4tzte Lesezeit":"3\u00a0Minuten"},"schema":{"@context":"https:\/\/schema.org","@graph":[{"@type":"WebPage","@id":"https:\/\/lions-pharmacy.com\/de\/produkt\/zinzino-balancetest-starter-set","url":"https:\/\/lions-pharmacy.com\/de\/produkt\/zinzino-balancetest-starter-set","name":"ZINZINO BalanceTest Starter Set &#187; Beginnen Sie hier mit uns","isPartOf":{"@id":"https:\/\/lions-pharmacy.com\/de#website"},"primaryImageOfPage":{"@id":"https:\/\/lions-pharmacy.com\/de\/produkt\/zinzino-balancetest-starter-set#primaryimage"},"image":{"@id":"https:\/\/lions-pharmacy.com\/de\/produkt\/zinzino-balancetest-starter-set#primaryimage"},"thumbnailUrl":"https:\/\/lions-pharmacy.com\/wp-content\/uploads\/2025\/11\/Zinzino-Balancetest-and-Balanceoil-100-ml-as-a-Starter-Set-Pharmacy-Lions-Pharmacy.webp","datePublished":"2025-11-27T19:07:32+00:00","dateModified":"2025-12-13T09:12:43+00:00","description":"Set: Omega-3 Anteil Balance Selbsttest & BalanceOil Orange 100ml & pers\u00f6nliche Testergebnisanalyse per Anruf. Erfahren Sie mehr \u00fcber ZINZINO BalanceTest Starter Set.","breadcrumb":{"@id":"https:\/\/lions-pharmacy.com\/de\/produkt\/zinzino-balancetest-starter-set#breadcrumb"},"inLanguage":"de","potentialAction":[{"@type":"ReadAction","target":["https:\/\/lions-pharmacy.com\/de\/produkt\/zinzino-balancetest-starter-set"]}]},{"@type":"ImageObject","inLanguage":"de","@id":"https:\/\/lions-pharmacy.com\/de\/produkt\/zinzino-balancetest-starter-set#primaryimage","url":"https:\/\/lions-pharmacy.com\/wp-content\/uploads\/2025\/11\/Zinzino-Balancetest-and-Balanceoil-100-ml-as-a-Starter-Set-Pharmacy-Lions-Pharmacy.webp","contentUrl":"https:\/\/lions-pharmacy.com\/wp-content\/uploads\/2025\/11\/Zinzino-Balancetest-and-Balanceoil-100-ml-as-a-Starter-Set-Pharmacy-Lions-Pharmacy.webp","width":600,"height":600,"caption":"Zinzino Balancetest and Balanceoil 100 ml as a Starter Set Pharmacy, Lions-Pharmacy"},{"@type":"BreadcrumbList","@id":"https:\/\/lions-pharmacy.com\/de\/produkt\/zinzino-balancetest-starter-set#breadcrumb","itemListElement":[{"@type":"ListItem","position":1,"name":"Home","item":"https:\/\/lions-pharmacy.com\/de\/homepage-lion-pharmacy"},{"@type":"ListItem","position":2,"name":"Shop","item":"https:\/\/lions-pharmacy.com\/de\/shop-2"},{"@type":"ListItem","position":3,"name":"ZINZINO BalanceTest Starter Set"}]},{"@type":"WebSite","@id":"https:\/\/lions-pharmacy.com\/de#website","url":"https:\/\/lions-pharmacy.com\/de","name":"Lions Pharmacy","description":"Ihr Spezialist f\u00fcr Naturheilkunde aus Baden-Baden, Germany","publisher":{"@id":"https:\/\/lions-pharmacy.com\/de#organization"},"alternateName":"Lion Pharmacy","potentialAction":[{"@type":"SearchAction","target":{"@type":"EntryPoint","urlTemplate":"https:\/\/lions-pharmacy.com\/de?s={search_term_string}"},"query-input":{"@type":"PropertyValueSpecification","valueRequired":true,"valueName":"search_term_string"}}],"inLanguage":"de"},{"@type":"Organization","@id":"https:\/\/lions-pharmacy.com\/de#organization","name":"Lions Pharmacy","alternateName":"Lions Pharmacy24","url":"https:\/\/lions-pharmacy.com\/de","logo":{"@type":"ImageObject","inLanguage":"de","@id":"https:\/\/lions-pharmacy.com\/de#\/schema\/logo\/image\/","url":"https:\/\/lions-pharmacy.com\/wp-content\/uploads\/2022\/12\/Logo-Lion-Pharmacy-c-o-Loewen-Apotheke-smal.jpg","contentUrl":"https:\/\/lions-pharmacy.com\/wp-content\/uploads\/2022\/12\/Logo-Lion-Pharmacy-c-o-Loewen-Apotheke-smal.jpg","width":298,"height":99,"caption":"Lions Pharmacy"},"image":{"@id":"https:\/\/lions-pharmacy.com\/de#\/schema\/logo\/image\/"}}]}},"_links":{"self":[{"href":"https:\/\/lions-pharmacy.com\/de\/wp-json\/wp\/v2\/product\/17246","targetHints":{"allow":["GET"]}}],"collection":[{"href":"https:\/\/lions-pharmacy.com\/de\/wp-json\/wp\/v2\/product"}],"about":[{"href":"https:\/\/lions-pharmacy.com\/de\/wp-json\/wp\/v2\/types\/product"}],"replies":[{"embeddable":true,"href":"https:\/\/lions-pharmacy.com\/de\/wp-json\/wp\/v2\/comments?post=17246"}],"wp:featuredmedia":[{"embeddable":true,"href":"https:\/\/lions-pharmacy.com\/de\/wp-json\/wp\/v2\/media\/21507"}],"wp:attachment":[{"href":"https:\/\/lions-pharmacy.com\/de\/wp-json\/wp\/v2\/media?parent=17246"}],"wp:term":[{"taxonomy":"product_brand","embeddable":true,"href":"https:\/\/lions-pharmacy.com\/de\/wp-json\/wp\/v2\/product_brand?post=17246"},{"taxonomy":"product_cat","embeddable":true,"href":"https:\/\/lions-pharmacy.com\/de\/wp-json\/wp\/v2\/product_cat?post=17246"},{"taxonomy":"product_tag","embeddable":true,"href":"https:\/\/lions-pharmacy.com\/de\/wp-json\/wp\/v2\/product_tag?post=17246"}],"curies":[{"name":"wp","href":"https:\/\/api.w.org\/{rel}","templated":true}]}}