{"id":17204,"date":"2025-11-27T11:23:41","date_gmt":"2025-11-27T10:23:41","guid":{"rendered":"https:\/\/lions-pharmacy.com\/?post_type=product&#038;p=17204"},"modified":"2025-12-11T07:19:47","modified_gmt":"2025-12-11T06:19:47","slug":"vigantolvit-1000-i-u-vitamin-d3-200-pcs-4150131556900","status":"publish","type":"product","link":"https:\/\/lions-pharmacy.com\/de\/produkt\/vigantolvit-1000-i-u-vitamin-d3-200-pcs-4150131556900","title":{"rendered":"VIGANTOLVIT 1000 I.E. Vitamin D3 (200 Stk.)"},"content":{"rendered":"<h3>VIGANTOLVIT 1000 I.E. Vitamin D3<\/h3>\n<p>VIGANTOLVIT 1000 IU mit Vitamin D3 zur Aufrechterhaltung eines normalen Vitamin-D-Gleichgewichts und zur Unterst\u00fctzung des Immunsystems f\u00fcr eine normale Funktion von Knochen und Muskeln<\/p>\n<p>Zutaten: Enth\u00e4lt mittelkettige Triglyceride (aus Kokosnuss- und Palm\u00f6l), Rindergelatine, Festigungsmittel: Glycerin, Antioxidans: Alpha-Tocopherol, Cholecalciferol (Vitamin D3).<\/p>\n<p>Verzehrempfehlung: Schlucken Sie 1 x t\u00e4glich eine Kapsel mit ausreichend Fl\u00fcssigkeit zu einer Mahlzeit.<\/p>\n<p>Informationen auf dieser Website werden ausschlie\u00dflich f\u00fcr informative Zwecke zur Verf\u00fcgung gestellt. Sie ersetzen keinesfalls die Untersuchung und Behandlung durch einen Arzt. Bitte beachten Sie, dass hierdurch weder Diagnosen gestellt noch Therapien eingeleitet werden k\u00f6nnen. Hinweis zur Verwendung und Anwendung: Die auf dieser Website bereitgestellten Informationen dienen nur der allgemeinen Information und sind kein Ersatz f\u00fcr eine professionelle Beratung, Diagnose oder Behandlung durch einen Arzt. Nahrungserg\u00e4nzungsmittel sind kein Ersatz f\u00fcr eine ausgewogene, abwechslungsreiche Ern\u00e4hrung und eine gesunde Lebensweise.<\/p>\n<p>Zu Risiken und Nebenwirkungen lesen Sie die Packungsbeilage und fragen Sie Ihren Arzt oder Apotheker.<\/p>\n<p>Andere Kunden interessierten sich auch f\u00fcr verwandte Produkte: <a href=\"https:\/\/lions-pharmacy.com\/de\/produkt-schlagwort\/vitamine-und-nahrungserganzungsmittel\">Nahrungserg\u00e4nzungsmittel<\/a> | <a href=\"https:\/\/lions-pharmacy.com\/de\/produkt-schlagwort\/langlebigkeit\">Langlebigkeit<\/a><\/p>\n<h3 style=\"text-align: left;\">Verschreibung | E-Rezept erh\u00e4ltlich?<\/h3>\n<p>Reichen Sie jetzt Ihr E-Rezept ein. Nutzen Sie unsere <a href=\"https:\/\/e-rezept-app.de\/shop-rezept\" target=\"_blank\" rel=\"noopener\">E-Rezept-App<\/a> . Und wir schenken Ihnen die Versandkosten in Deutschland!<\/p>\n","protected":false},"excerpt":{"rendered":"<h2>VIGANTOLVIT 1000 I.E. Vitamin D3<\/h2>\n<div class=\"rating__wrap\">\n<p><strong>PZN: <\/strong>13155690 (Pharmazentralnummer)<\/p>\n<p><strong>Darreichungsform<\/strong>: Tabletten<\/p>\n<p><strong>Art der Verordnung:<\/strong> Kein Rezept<\/p>\n<p><strong>Marke<\/strong>: VIGANTOLVIT<\/p>\n<p><strong>Hersteller<\/strong>: WICK Pharma, 65824 Schwalbach am Taunus, Deutschland<\/p>\n<\/div>\n","protected":false},"featured_media":17209,"comment_status":"closed","ping_status":"closed","template":"","meta":[],"product_brand":[],"product_cat":[367,368],"product_tag":[434,433,902,429,432],"class_list":{"0":"post-17204","1":"product","2":"type-product","3":"status-publish","4":"has-post-thumbnail","6":"product_cat-sale-de","7":"product_cat-shop-de","8":"product_tag-gewicht-und-fitness","9":"product_tag-gewichtsmanagement","10":"product_tag-langlebigkeit","11":"product_tag-vitamine-und-nahrungserganzungsmittel","12":"product_tag-wellness-de","13":"ts_product_brand-alle","15":"first","16":"instock","17":"featured","18":"taxable","19":"shipping-taxable","20":"purchasable","21":"product-type-simple"},"yoast_head":"<!-- This site is optimized with the Yoast SEO plugin v26.5 - https:\/\/yoast.com\/wordpress\/plugins\/seo\/ -->\n<title>VIGANTOLVIT 1000 I.E. Vitamin D3 (200 Stk.) &#187; Bestellen Sie hier.<\/title>\n<meta name=\"description\" content=\"VIGANTOLVIT 1000 I.E. Vitamin D3 (200 Stk.) Hersteller: Wick. Geliefert von Ihrer deutschen Online-Apotheke. Schneller Versand. Top Service.\" \/>\n<meta name=\"robots\" content=\"index, follow, max-snippet:-1, max-image-preview:large, max-video-preview:-1\" \/>\n<link rel=\"canonical\" href=\"https:\/\/lions-pharmacy.com\/de\/produkt\/vigantolvit-1000-i-u-vitamin-d3-200-pcs-4150131556900\" \/>\n<meta property=\"og:locale\" content=\"de_DE\" \/>\n<meta property=\"og:type\" content=\"article\" \/>\n<meta property=\"og:title\" content=\"VIGANTOLVIT 1000 I.E. Vitamin D3 (200 Stk.) &#187; Bestellen Sie hier.\" \/>\n<meta property=\"og:description\" content=\"VIGANTOLVIT 1000 I.E. Vitamin D3 (200 Stk.) Hersteller: Wick. Geliefert von Ihrer deutschen Online-Apotheke. Schneller Versand. Top Service.\" \/>\n<meta property=\"og:url\" content=\"https:\/\/lions-pharmacy.com\/de\/produkt\/vigantolvit-1000-i-u-vitamin-d3-200-pcs-4150131556900\" \/>\n<meta property=\"og:site_name\" content=\"L\u00f6wen Apotheke\" \/>\n<meta property=\"article:modified_time\" content=\"2025-12-11T06:19:47+00:00\" \/>\n<meta property=\"og:image\" content=\"https:\/\/lions-pharmacy.com\/wp-content\/uploads\/2025\/11\/VIGANTOLVIT-1000-I.E.-Vitamin-D3-Lowen-Apotheke-Lions-Pharmacy.webp\" \/>\n\t<meta property=\"og:image:width\" content=\"600\" \/>\n\t<meta property=\"og:image:height\" content=\"600\" \/>\n\t<meta property=\"og:image:type\" content=\"image\/webp\" \/>\n<meta name=\"twitter:card\" content=\"summary_large_image\" \/>\n<meta name=\"twitter:label1\" content=\"Gesch\u00e4tzte Lesezeit\" \/>\n\t<meta name=\"twitter:data1\" content=\"1\u00a0Minute\" \/>\n<script type=\"application\/ld+json\" class=\"yoast-schema-graph\">{\"@context\":\"https:\/\/schema.org\",\"@graph\":[{\"@type\":\"WebPage\",\"@id\":\"https:\/\/lions-pharmacy.com\/de\/produkt\/vigantolvit-1000-i-u-vitamin-d3-200-pcs-4150131556900\",\"url\":\"https:\/\/lions-pharmacy.com\/de\/produkt\/vigantolvit-1000-i-u-vitamin-d3-200-pcs-4150131556900\",\"name\":\"VIGANTOLVIT 1000 I.E. Vitamin D3 (200 Stk.) &#187; Bestellen Sie hier.\",\"isPartOf\":{\"@id\":\"https:\/\/lions-pharmacy.com\/de#website\"},\"primaryImageOfPage\":{\"@id\":\"https:\/\/lions-pharmacy.com\/de\/produkt\/vigantolvit-1000-i-u-vitamin-d3-200-pcs-4150131556900#primaryimage\"},\"image\":{\"@id\":\"https:\/\/lions-pharmacy.com\/de\/produkt\/vigantolvit-1000-i-u-vitamin-d3-200-pcs-4150131556900#primaryimage\"},\"thumbnailUrl\":\"https:\/\/lions-pharmacy.com\/wp-content\/uploads\/2025\/11\/VIGANTOLVIT-1000-I.E.-Vitamin-D3-Lowen-Apotheke-Lions-Pharmacy.webp\",\"datePublished\":\"2025-11-27T10:23:41+00:00\",\"dateModified\":\"2025-12-11T06:19:47+00:00\",\"description\":\"VIGANTOLVIT 1000 I.E. Vitamin D3 (200 Stk.) Hersteller: Wick. Geliefert von Ihrer deutschen Online-Apotheke. Schneller Versand. Top Service.\",\"breadcrumb\":{\"@id\":\"https:\/\/lions-pharmacy.com\/de\/produkt\/vigantolvit-1000-i-u-vitamin-d3-200-pcs-4150131556900#breadcrumb\"},\"inLanguage\":\"de\",\"potentialAction\":[{\"@type\":\"ReadAction\",\"target\":[\"https:\/\/lions-pharmacy.com\/de\/produkt\/vigantolvit-1000-i-u-vitamin-d3-200-pcs-4150131556900\"]}]},{\"@type\":\"ImageObject\",\"inLanguage\":\"de\",\"@id\":\"https:\/\/lions-pharmacy.com\/de\/produkt\/vigantolvit-1000-i-u-vitamin-d3-200-pcs-4150131556900#primaryimage\",\"url\":\"https:\/\/lions-pharmacy.com\/wp-content\/uploads\/2025\/11\/VIGANTOLVIT-1000-I.E.-Vitamin-D3-Lowen-Apotheke-Lions-Pharmacy.webp\",\"contentUrl\":\"https:\/\/lions-pharmacy.com\/wp-content\/uploads\/2025\/11\/VIGANTOLVIT-1000-I.E.-Vitamin-D3-Lowen-Apotheke-Lions-Pharmacy.webp\",\"width\":600,\"height\":600,\"caption\":\"VIGANTOLVIT-1000-I.E.-Vitamin-D3-Lowen-Apotheke-Lions-Pharmacy\"},{\"@type\":\"BreadcrumbList\",\"@id\":\"https:\/\/lions-pharmacy.com\/de\/produkt\/vigantolvit-1000-i-u-vitamin-d3-200-pcs-4150131556900#breadcrumb\",\"itemListElement\":[{\"@type\":\"ListItem\",\"position\":1,\"name\":\"Home\",\"item\":\"https:\/\/lions-pharmacy.com\/de\/homepage-lion-pharmacy\"},{\"@type\":\"ListItem\",\"position\":2,\"name\":\"Shop\",\"item\":\"https:\/\/lions-pharmacy.com\/de\/shop-2\"},{\"@type\":\"ListItem\",\"position\":3,\"name\":\"VIGANTOLVIT 1000 I.E. Vitamin D3 (200 Stk.)\"}]},{\"@type\":\"WebSite\",\"@id\":\"https:\/\/lions-pharmacy.com\/de#website\",\"url\":\"https:\/\/lions-pharmacy.com\/de\",\"name\":\"Lions Pharmacy\",\"description\":\"Ihr Spezialist f\u00fcr Naturheilkunde aus Baden-Baden, Germany\",\"publisher\":{\"@id\":\"https:\/\/lions-pharmacy.com\/de#organization\"},\"alternateName\":\"Lion Pharmacy\",\"potentialAction\":[{\"@type\":\"SearchAction\",\"target\":{\"@type\":\"EntryPoint\",\"urlTemplate\":\"https:\/\/lions-pharmacy.com\/de?s={search_term_string}\"},\"query-input\":{\"@type\":\"PropertyValueSpecification\",\"valueRequired\":true,\"valueName\":\"search_term_string\"}}],\"inLanguage\":\"de\"},{\"@type\":\"Organization\",\"@id\":\"https:\/\/lions-pharmacy.com\/de#organization\",\"name\":\"Lions Pharmacy\",\"alternateName\":\"Lions Pharmacy24\",\"url\":\"https:\/\/lions-pharmacy.com\/de\",\"logo\":{\"@type\":\"ImageObject\",\"inLanguage\":\"de\",\"@id\":\"https:\/\/lions-pharmacy.com\/de#\/schema\/logo\/image\/\",\"url\":\"https:\/\/lions-pharmacy.com\/wp-content\/uploads\/2022\/12\/Logo-Lion-Pharmacy-c-o-Loewen-Apotheke-smal.jpg\",\"contentUrl\":\"https:\/\/lions-pharmacy.com\/wp-content\/uploads\/2022\/12\/Logo-Lion-Pharmacy-c-o-Loewen-Apotheke-smal.jpg\",\"width\":298,\"height\":99,\"caption\":\"Lions Pharmacy\"},\"image\":{\"@id\":\"https:\/\/lions-pharmacy.com\/de#\/schema\/logo\/image\/\"}}]}<\/script>\n<!-- \/ Yoast SEO plugin. -->","yoast_head_json":{"title":"VIGANTOLVIT 1000 I.E. Vitamin D3 (200 Stk.) &#187; Bestellen Sie hier.","description":"VIGANTOLVIT 1000 I.E. Vitamin D3 (200 Stk.) Hersteller: Wick. Geliefert von Ihrer deutschen Online-Apotheke. Schneller Versand. Top Service.","robots":{"index":"index","follow":"follow","max-snippet":"max-snippet:-1","max-image-preview":"max-image-preview:large","max-video-preview":"max-video-preview:-1"},"canonical":"https:\/\/lions-pharmacy.com\/de\/produkt\/vigantolvit-1000-i-u-vitamin-d3-200-pcs-4150131556900","og_locale":"de_DE","og_type":"article","og_title":"VIGANTOLVIT 1000 I.E. Vitamin D3 (200 Stk.) &#187; Bestellen Sie hier.","og_description":"VIGANTOLVIT 1000 I.E. Vitamin D3 (200 Stk.) Hersteller: Wick. Geliefert von Ihrer deutschen Online-Apotheke. Schneller Versand. Top Service.","og_url":"https:\/\/lions-pharmacy.com\/de\/produkt\/vigantolvit-1000-i-u-vitamin-d3-200-pcs-4150131556900","og_site_name":"L\u00f6wen Apotheke","article_modified_time":"2025-12-11T06:19:47+00:00","og_image":[{"width":600,"height":600,"url":"https:\/\/lions-pharmacy.com\/wp-content\/uploads\/2025\/11\/VIGANTOLVIT-1000-I.E.-Vitamin-D3-Lowen-Apotheke-Lions-Pharmacy.webp","type":"image\/webp"}],"twitter_card":"summary_large_image","twitter_misc":{"Gesch\u00e4tzte Lesezeit":"1\u00a0Minute"},"schema":{"@context":"https:\/\/schema.org","@graph":[{"@type":"WebPage","@id":"https:\/\/lions-pharmacy.com\/de\/produkt\/vigantolvit-1000-i-u-vitamin-d3-200-pcs-4150131556900","url":"https:\/\/lions-pharmacy.com\/de\/produkt\/vigantolvit-1000-i-u-vitamin-d3-200-pcs-4150131556900","name":"VIGANTOLVIT 1000 I.E. Vitamin D3 (200 Stk.) &#187; Bestellen Sie hier.","isPartOf":{"@id":"https:\/\/lions-pharmacy.com\/de#website"},"primaryImageOfPage":{"@id":"https:\/\/lions-pharmacy.com\/de\/produkt\/vigantolvit-1000-i-u-vitamin-d3-200-pcs-4150131556900#primaryimage"},"image":{"@id":"https:\/\/lions-pharmacy.com\/de\/produkt\/vigantolvit-1000-i-u-vitamin-d3-200-pcs-4150131556900#primaryimage"},"thumbnailUrl":"https:\/\/lions-pharmacy.com\/wp-content\/uploads\/2025\/11\/VIGANTOLVIT-1000-I.E.-Vitamin-D3-Lowen-Apotheke-Lions-Pharmacy.webp","datePublished":"2025-11-27T10:23:41+00:00","dateModified":"2025-12-11T06:19:47+00:00","description":"VIGANTOLVIT 1000 I.E. Vitamin D3 (200 Stk.) Hersteller: Wick. Geliefert von Ihrer deutschen Online-Apotheke. Schneller Versand. Top Service.","breadcrumb":{"@id":"https:\/\/lions-pharmacy.com\/de\/produkt\/vigantolvit-1000-i-u-vitamin-d3-200-pcs-4150131556900#breadcrumb"},"inLanguage":"de","potentialAction":[{"@type":"ReadAction","target":["https:\/\/lions-pharmacy.com\/de\/produkt\/vigantolvit-1000-i-u-vitamin-d3-200-pcs-4150131556900"]}]},{"@type":"ImageObject","inLanguage":"de","@id":"https:\/\/lions-pharmacy.com\/de\/produkt\/vigantolvit-1000-i-u-vitamin-d3-200-pcs-4150131556900#primaryimage","url":"https:\/\/lions-pharmacy.com\/wp-content\/uploads\/2025\/11\/VIGANTOLVIT-1000-I.E.-Vitamin-D3-Lowen-Apotheke-Lions-Pharmacy.webp","contentUrl":"https:\/\/lions-pharmacy.com\/wp-content\/uploads\/2025\/11\/VIGANTOLVIT-1000-I.E.-Vitamin-D3-Lowen-Apotheke-Lions-Pharmacy.webp","width":600,"height":600,"caption":"VIGANTOLVIT-1000-I.E.-Vitamin-D3-Lowen-Apotheke-Lions-Pharmacy"},{"@type":"BreadcrumbList","@id":"https:\/\/lions-pharmacy.com\/de\/produkt\/vigantolvit-1000-i-u-vitamin-d3-200-pcs-4150131556900#breadcrumb","itemListElement":[{"@type":"ListItem","position":1,"name":"Home","item":"https:\/\/lions-pharmacy.com\/de\/homepage-lion-pharmacy"},{"@type":"ListItem","position":2,"name":"Shop","item":"https:\/\/lions-pharmacy.com\/de\/shop-2"},{"@type":"ListItem","position":3,"name":"VIGANTOLVIT 1000 I.E. Vitamin D3 (200 Stk.)"}]},{"@type":"WebSite","@id":"https:\/\/lions-pharmacy.com\/de#website","url":"https:\/\/lions-pharmacy.com\/de","name":"Lions Pharmacy","description":"Ihr Spezialist f\u00fcr Naturheilkunde aus Baden-Baden, Germany","publisher":{"@id":"https:\/\/lions-pharmacy.com\/de#organization"},"alternateName":"Lion Pharmacy","potentialAction":[{"@type":"SearchAction","target":{"@type":"EntryPoint","urlTemplate":"https:\/\/lions-pharmacy.com\/de?s={search_term_string}"},"query-input":{"@type":"PropertyValueSpecification","valueRequired":true,"valueName":"search_term_string"}}],"inLanguage":"de"},{"@type":"Organization","@id":"https:\/\/lions-pharmacy.com\/de#organization","name":"Lions Pharmacy","alternateName":"Lions Pharmacy24","url":"https:\/\/lions-pharmacy.com\/de","logo":{"@type":"ImageObject","inLanguage":"de","@id":"https:\/\/lions-pharmacy.com\/de#\/schema\/logo\/image\/","url":"https:\/\/lions-pharmacy.com\/wp-content\/uploads\/2022\/12\/Logo-Lion-Pharmacy-c-o-Loewen-Apotheke-smal.jpg","contentUrl":"https:\/\/lions-pharmacy.com\/wp-content\/uploads\/2022\/12\/Logo-Lion-Pharmacy-c-o-Loewen-Apotheke-smal.jpg","width":298,"height":99,"caption":"Lions Pharmacy"},"image":{"@id":"https:\/\/lions-pharmacy.com\/de#\/schema\/logo\/image\/"}}]}},"_links":{"self":[{"href":"https:\/\/lions-pharmacy.com\/de\/wp-json\/wp\/v2\/product\/17204","targetHints":{"allow":["GET"]}}],"collection":[{"href":"https:\/\/lions-pharmacy.com\/de\/wp-json\/wp\/v2\/product"}],"about":[{"href":"https:\/\/lions-pharmacy.com\/de\/wp-json\/wp\/v2\/types\/product"}],"replies":[{"embeddable":true,"href":"https:\/\/lions-pharmacy.com\/de\/wp-json\/wp\/v2\/comments?post=17204"}],"wp:featuredmedia":[{"embeddable":true,"href":"https:\/\/lions-pharmacy.com\/de\/wp-json\/wp\/v2\/media\/17209"}],"wp:attachment":[{"href":"https:\/\/lions-pharmacy.com\/de\/wp-json\/wp\/v2\/media?parent=17204"}],"wp:term":[{"taxonomy":"product_brand","embeddable":true,"href":"https:\/\/lions-pharmacy.com\/de\/wp-json\/wp\/v2\/product_brand?post=17204"},{"taxonomy":"product_cat","embeddable":true,"href":"https:\/\/lions-pharmacy.com\/de\/wp-json\/wp\/v2\/product_cat?post=17204"},{"taxonomy":"product_tag","embeddable":true,"href":"https:\/\/lions-pharmacy.com\/de\/wp-json\/wp\/v2\/product_tag?post=17204"}],"curies":[{"name":"wp","href":"https:\/\/api.w.org\/{rel}","templated":true}]}}