{"id":16715,"date":"2025-11-12T08:44:23","date_gmt":"2025-11-12T07:44:23","guid":{"rendered":"https:\/\/lions-pharmacy.com\/?post_type=product&#038;p=16715"},"modified":"2025-11-12T10:08:21","modified_gmt":"2025-11-12T09:08:21","slug":"euphorbium-comp-nasal-spray-30-ml-01230044","status":"publish","type":"product","link":"https:\/\/lions-pharmacy.com\/de\/produkt\/euphorbium-comp-nasal-spray-30-ml-01230044","title":{"rendered":"Euphorbium comp. Nasenspray (30 ml)"},"content":{"rendered":"<h3>Euphorbium comp. Nasenspray<\/h3>\n<p>Euphorbium comp SN befeuchtet gereizte Nasenschleimh\u00e4ute und wirkt entz\u00fcndungshemmend, indem es die Barrierefunktion und Regeneration der Schleimh\u00e4ute unterst\u00fctzt. Frei von Konservierungsstoffen &#8211; die Schleimh\u00e4ute werden nicht zus\u00e4tzlich gereizt.<\/p>\n<p>Spr\u00fchkopf mit bakterienresistentem Filter &#8211; garantiert eine Haltbarkeit von 6 Wochen.<\/p>\n<p>Geeignet f\u00fcr Kinder &#8211; mit seinen nat\u00fcrlichen Inhaltsstoffen, Euphorbium comp. SN Nasentropfen sind f\u00fcr Kinder ab 2 Jahren geeignet.<\/p>\n<p>Indikation: grippale Infekte.<\/p>\n<p>Andere Produkte f\u00fcr die Anwendung: <a href=\"https:\/\/lions-pharmacy.com\/de\/produkt-schlagwort\/grippe-erkaltung\" rel=\"tag\">Grippe &amp; Erk\u00e4ltung<\/a> | <a href=\"https:\/\/lions-pharmacy.com\/de\/produkt-schlagwort\/virusinfektion\" rel=\"tag\">Virusinfektion<\/a><br \/>\nErfahren Sie mehr \u00fcber manufactorer und dieses Produkt: <a href=\"https:\/\/www.heel.de\/de\/produktsuche.html\" target=\"_blank\" rel=\"noopener\">Biologische Heilmittel Heel GmbH<\/a> (Link zu externer Website)<\/p>\n<p>Informationen auf dieser Website werden ausschlie\u00dflich f\u00fcr informative Zwecke zur Verf\u00fcgung gestellt. Sie ersetzen keinesfalls die Untersuchung und Behandlung durch einen Arzt. Bitte beachten Sie, dass hierdurch weder Diagnosen gestellt noch Therapien eingeleitet werden k\u00f6nnen.<\/p>\n<p>Zu Risiken und Nebenwirkungen lesen Sie die Packungsbeilage und fragen Sie Ihren Arzt oder Apotheker.<\/p>\n","protected":false},"excerpt":{"rendered":"<h2>Euphorbium comp. Nasenspray<\/h2>\n<p>befeuchtet gereizte Nasenschleimh\u00e4ute und hat eine entz\u00fcndungshemmende Wirkung.<\/p>\n<p>&nbsp;<\/p>\n<p><strong>PZN<\/strong>: 01230044 (Pharmazentralnummer)<\/p>\n<p><strong>Darreichungsform:<\/strong> Tabletten<\/p>\n<p><strong>Verschreibungsart<\/strong>: verschreibungsfrei<\/p>\n<p><strong>Marke<\/strong>: &#8211;<\/p>\n<p><strong>Hersteller<\/strong>: Biologische Heilmittel Heel GmbH<\/p>\n<p><strong>Packungsgr\u00f6\u00dfe:<\/strong> 30 ml<\/p>\n","protected":false},"featured_media":16718,"comment_status":"closed","ping_status":"closed","template":"","meta":[],"product_brand":[],"product_cat":[364,367,368],"product_tag":[476,381,379,472,512],"class_list":{"0":"post-16715","1":"product","2":"type-product","3":"status-publish","4":"has-post-thumbnail","6":"product_cat-heel-de","7":"product_cat-sale-de","8":"product_cat-shop-de","9":"product_tag-grippe-erkaltung","10":"product_tag-homoopathie","11":"product_tag-monatlicher-sale-de","12":"product_tag-naturliche-heilmittel","13":"product_tag-pflanzlicher-wirkstoff-de","14":"product_shipping_class-standard-de","15":"ts_product_brand-alle","16":"ts_product_brand-heel-de","18":"first","19":"instock","20":"taxable","21":"shipping-taxable","22":"purchasable","23":"product-type-simple"},"yoast_head":"<!-- This site is optimized with the Yoast SEO plugin v26.5 - https:\/\/yoast.com\/wordpress\/plugins\/seo\/ -->\n<title>Euphorbium comp. Nasenspray (30 ml) &#187; L\u00f6wen Apotheke &#187;<\/title>\n<meta name=\"description\" content=\"Registrierte deutsche Online-Apotheke. Schneller internationaler Versand und sicheres online einkaufen. Medikamente f\u00fcr den Absatz: Euphorbium comp. Nasenspray (30 ml) &gt; hier bestellen\" \/>\n<meta name=\"robots\" content=\"index, follow, max-snippet:-1, max-image-preview:large, max-video-preview:-1\" \/>\n<link rel=\"canonical\" href=\"https:\/\/lions-pharmacy.com\/de\/produkt\/euphorbium-comp-nasal-spray-30-ml-01230044\" \/>\n<meta property=\"og:locale\" content=\"de_DE\" \/>\n<meta property=\"og:type\" content=\"article\" \/>\n<meta property=\"og:title\" content=\"Euphorbium comp. Nasenspray (30 ml) &#187; L\u00f6wen Apotheke &#187;\" \/>\n<meta property=\"og:description\" content=\"Registrierte deutsche Online-Apotheke. Schneller internationaler Versand und sicheres online einkaufen. Medikamente f\u00fcr den Absatz: Euphorbium comp. Nasenspray (30 ml) &gt; hier bestellen\" \/>\n<meta property=\"og:url\" content=\"https:\/\/lions-pharmacy.com\/de\/produkt\/euphorbium-comp-nasal-spray-30-ml-01230044\" \/>\n<meta property=\"og:site_name\" content=\"L\u00f6wen Apotheke\" \/>\n<meta property=\"article:modified_time\" content=\"2025-11-12T09:08:21+00:00\" \/>\n<meta property=\"og:image\" content=\"https:\/\/lions-pharmacy.com\/wp-content\/uploads\/2025\/11\/EUPHORBIUM-COMPOSITUM-SN-Nasal-spary-from-biologische-Heel-Lions-Pharmacy.webp\" \/>\n\t<meta property=\"og:image:width\" content=\"600\" \/>\n\t<meta property=\"og:image:height\" content=\"600\" \/>\n\t<meta property=\"og:image:type\" content=\"image\/webp\" \/>\n<meta name=\"twitter:card\" content=\"summary_large_image\" \/>\n<meta name=\"twitter:label1\" content=\"Gesch\u00e4tzte Lesezeit\" \/>\n\t<meta name=\"twitter:data1\" content=\"1\u00a0Minute\" \/>\n<script type=\"application\/ld+json\" class=\"yoast-schema-graph\">{\"@context\":\"https:\/\/schema.org\",\"@graph\":[{\"@type\":\"WebPage\",\"@id\":\"https:\/\/lions-pharmacy.com\/de\/produkt\/euphorbium-comp-nasal-spray-30-ml-01230044\",\"url\":\"https:\/\/lions-pharmacy.com\/de\/produkt\/euphorbium-comp-nasal-spray-30-ml-01230044\",\"name\":\"Euphorbium comp. Nasenspray (30 ml) &#187; L\u00f6wen Apotheke &#187;\",\"isPartOf\":{\"@id\":\"https:\/\/lions-pharmacy.com\/de#website\"},\"primaryImageOfPage\":{\"@id\":\"https:\/\/lions-pharmacy.com\/de\/produkt\/euphorbium-comp-nasal-spray-30-ml-01230044#primaryimage\"},\"image\":{\"@id\":\"https:\/\/lions-pharmacy.com\/de\/produkt\/euphorbium-comp-nasal-spray-30-ml-01230044#primaryimage\"},\"thumbnailUrl\":\"https:\/\/lions-pharmacy.com\/wp-content\/uploads\/2025\/11\/EUPHORBIUM-COMPOSITUM-SN-Nasal-spary-from-biologische-Heel-Lions-Pharmacy.webp\",\"datePublished\":\"2025-11-12T07:44:23+00:00\",\"dateModified\":\"2025-11-12T09:08:21+00:00\",\"description\":\"Registrierte deutsche Online-Apotheke. Schneller internationaler Versand und sicheres online einkaufen. Medikamente f\u00fcr den Absatz: Euphorbium comp. Nasenspray (30 ml) > hier bestellen\",\"breadcrumb\":{\"@id\":\"https:\/\/lions-pharmacy.com\/de\/produkt\/euphorbium-comp-nasal-spray-30-ml-01230044#breadcrumb\"},\"inLanguage\":\"de\",\"potentialAction\":[{\"@type\":\"ReadAction\",\"target\":[\"https:\/\/lions-pharmacy.com\/de\/produkt\/euphorbium-comp-nasal-spray-30-ml-01230044\"]}]},{\"@type\":\"ImageObject\",\"inLanguage\":\"de\",\"@id\":\"https:\/\/lions-pharmacy.com\/de\/produkt\/euphorbium-comp-nasal-spray-30-ml-01230044#primaryimage\",\"url\":\"https:\/\/lions-pharmacy.com\/wp-content\/uploads\/2025\/11\/EUPHORBIUM-COMPOSITUM-SN-Nasal-spary-from-biologische-Heel-Lions-Pharmacy.webp\",\"contentUrl\":\"https:\/\/lions-pharmacy.com\/wp-content\/uploads\/2025\/11\/EUPHORBIUM-COMPOSITUM-SN-Nasal-spary-from-biologische-Heel-Lions-Pharmacy.webp\",\"width\":600,\"height\":600,\"caption\":\"EUPHORBIUM COMPOSITUM SN Nasenspray von biologische Heel, Lions-Apotheke\"},{\"@type\":\"BreadcrumbList\",\"@id\":\"https:\/\/lions-pharmacy.com\/de\/produkt\/euphorbium-comp-nasal-spray-30-ml-01230044#breadcrumb\",\"itemListElement\":[{\"@type\":\"ListItem\",\"position\":1,\"name\":\"Home\",\"item\":\"https:\/\/lions-pharmacy.com\/de\/homepage-lion-pharmacy\"},{\"@type\":\"ListItem\",\"position\":2,\"name\":\"Shop\",\"item\":\"https:\/\/lions-pharmacy.com\/de\/shop-2\"},{\"@type\":\"ListItem\",\"position\":3,\"name\":\"Euphorbium comp. Nasenspray (30 ml)\"}]},{\"@type\":\"WebSite\",\"@id\":\"https:\/\/lions-pharmacy.com\/de#website\",\"url\":\"https:\/\/lions-pharmacy.com\/de\",\"name\":\"Lions Pharmacy\",\"description\":\"Ihr Spezialist f\u00fcr Naturheilkunde aus Baden-Baden, Germany\",\"publisher\":{\"@id\":\"https:\/\/lions-pharmacy.com\/de#organization\"},\"alternateName\":\"Lion Pharmacy\",\"potentialAction\":[{\"@type\":\"SearchAction\",\"target\":{\"@type\":\"EntryPoint\",\"urlTemplate\":\"https:\/\/lions-pharmacy.com\/de?s={search_term_string}\"},\"query-input\":{\"@type\":\"PropertyValueSpecification\",\"valueRequired\":true,\"valueName\":\"search_term_string\"}}],\"inLanguage\":\"de\"},{\"@type\":\"Organization\",\"@id\":\"https:\/\/lions-pharmacy.com\/de#organization\",\"name\":\"Lions Pharmacy\",\"alternateName\":\"Lions Pharmacy24\",\"url\":\"https:\/\/lions-pharmacy.com\/de\",\"logo\":{\"@type\":\"ImageObject\",\"inLanguage\":\"de\",\"@id\":\"https:\/\/lions-pharmacy.com\/de#\/schema\/logo\/image\/\",\"url\":\"https:\/\/lions-pharmacy.com\/wp-content\/uploads\/2022\/12\/Logo-Lion-Pharmacy-c-o-Loewen-Apotheke-smal.jpg\",\"contentUrl\":\"https:\/\/lions-pharmacy.com\/wp-content\/uploads\/2022\/12\/Logo-Lion-Pharmacy-c-o-Loewen-Apotheke-smal.jpg\",\"width\":298,\"height\":99,\"caption\":\"Lions Pharmacy\"},\"image\":{\"@id\":\"https:\/\/lions-pharmacy.com\/de#\/schema\/logo\/image\/\"}}]}<\/script>\n<!-- \/ Yoast SEO plugin. -->","yoast_head_json":{"title":"Euphorbium comp. Nasenspray (30 ml) &#187; L\u00f6wen Apotheke &#187;","description":"Registrierte deutsche Online-Apotheke. Schneller internationaler Versand und sicheres online einkaufen. Medikamente f\u00fcr den Absatz: Euphorbium comp. Nasenspray (30 ml) > hier bestellen","robots":{"index":"index","follow":"follow","max-snippet":"max-snippet:-1","max-image-preview":"max-image-preview:large","max-video-preview":"max-video-preview:-1"},"canonical":"https:\/\/lions-pharmacy.com\/de\/produkt\/euphorbium-comp-nasal-spray-30-ml-01230044","og_locale":"de_DE","og_type":"article","og_title":"Euphorbium comp. Nasenspray (30 ml) &#187; L\u00f6wen Apotheke &#187;","og_description":"Registrierte deutsche Online-Apotheke. Schneller internationaler Versand und sicheres online einkaufen. Medikamente f\u00fcr den Absatz: Euphorbium comp. Nasenspray (30 ml) > hier bestellen","og_url":"https:\/\/lions-pharmacy.com\/de\/produkt\/euphorbium-comp-nasal-spray-30-ml-01230044","og_site_name":"L\u00f6wen Apotheke","article_modified_time":"2025-11-12T09:08:21+00:00","og_image":[{"width":600,"height":600,"url":"https:\/\/lions-pharmacy.com\/wp-content\/uploads\/2025\/11\/EUPHORBIUM-COMPOSITUM-SN-Nasal-spary-from-biologische-Heel-Lions-Pharmacy.webp","type":"image\/webp"}],"twitter_card":"summary_large_image","twitter_misc":{"Gesch\u00e4tzte Lesezeit":"1\u00a0Minute"},"schema":{"@context":"https:\/\/schema.org","@graph":[{"@type":"WebPage","@id":"https:\/\/lions-pharmacy.com\/de\/produkt\/euphorbium-comp-nasal-spray-30-ml-01230044","url":"https:\/\/lions-pharmacy.com\/de\/produkt\/euphorbium-comp-nasal-spray-30-ml-01230044","name":"Euphorbium comp. Nasenspray (30 ml) &#187; L\u00f6wen Apotheke &#187;","isPartOf":{"@id":"https:\/\/lions-pharmacy.com\/de#website"},"primaryImageOfPage":{"@id":"https:\/\/lions-pharmacy.com\/de\/produkt\/euphorbium-comp-nasal-spray-30-ml-01230044#primaryimage"},"image":{"@id":"https:\/\/lions-pharmacy.com\/de\/produkt\/euphorbium-comp-nasal-spray-30-ml-01230044#primaryimage"},"thumbnailUrl":"https:\/\/lions-pharmacy.com\/wp-content\/uploads\/2025\/11\/EUPHORBIUM-COMPOSITUM-SN-Nasal-spary-from-biologische-Heel-Lions-Pharmacy.webp","datePublished":"2025-11-12T07:44:23+00:00","dateModified":"2025-11-12T09:08:21+00:00","description":"Registrierte deutsche Online-Apotheke. Schneller internationaler Versand und sicheres online einkaufen. Medikamente f\u00fcr den Absatz: Euphorbium comp. Nasenspray (30 ml) > hier bestellen","breadcrumb":{"@id":"https:\/\/lions-pharmacy.com\/de\/produkt\/euphorbium-comp-nasal-spray-30-ml-01230044#breadcrumb"},"inLanguage":"de","potentialAction":[{"@type":"ReadAction","target":["https:\/\/lions-pharmacy.com\/de\/produkt\/euphorbium-comp-nasal-spray-30-ml-01230044"]}]},{"@type":"ImageObject","inLanguage":"de","@id":"https:\/\/lions-pharmacy.com\/de\/produkt\/euphorbium-comp-nasal-spray-30-ml-01230044#primaryimage","url":"https:\/\/lions-pharmacy.com\/wp-content\/uploads\/2025\/11\/EUPHORBIUM-COMPOSITUM-SN-Nasal-spary-from-biologische-Heel-Lions-Pharmacy.webp","contentUrl":"https:\/\/lions-pharmacy.com\/wp-content\/uploads\/2025\/11\/EUPHORBIUM-COMPOSITUM-SN-Nasal-spary-from-biologische-Heel-Lions-Pharmacy.webp","width":600,"height":600,"caption":"EUPHORBIUM COMPOSITUM SN Nasenspray von biologische Heel, Lions-Apotheke"},{"@type":"BreadcrumbList","@id":"https:\/\/lions-pharmacy.com\/de\/produkt\/euphorbium-comp-nasal-spray-30-ml-01230044#breadcrumb","itemListElement":[{"@type":"ListItem","position":1,"name":"Home","item":"https:\/\/lions-pharmacy.com\/de\/homepage-lion-pharmacy"},{"@type":"ListItem","position":2,"name":"Shop","item":"https:\/\/lions-pharmacy.com\/de\/shop-2"},{"@type":"ListItem","position":3,"name":"Euphorbium comp. Nasenspray (30 ml)"}]},{"@type":"WebSite","@id":"https:\/\/lions-pharmacy.com\/de#website","url":"https:\/\/lions-pharmacy.com\/de","name":"Lions Pharmacy","description":"Ihr Spezialist f\u00fcr Naturheilkunde aus Baden-Baden, Germany","publisher":{"@id":"https:\/\/lions-pharmacy.com\/de#organization"},"alternateName":"Lion Pharmacy","potentialAction":[{"@type":"SearchAction","target":{"@type":"EntryPoint","urlTemplate":"https:\/\/lions-pharmacy.com\/de?s={search_term_string}"},"query-input":{"@type":"PropertyValueSpecification","valueRequired":true,"valueName":"search_term_string"}}],"inLanguage":"de"},{"@type":"Organization","@id":"https:\/\/lions-pharmacy.com\/de#organization","name":"Lions Pharmacy","alternateName":"Lions Pharmacy24","url":"https:\/\/lions-pharmacy.com\/de","logo":{"@type":"ImageObject","inLanguage":"de","@id":"https:\/\/lions-pharmacy.com\/de#\/schema\/logo\/image\/","url":"https:\/\/lions-pharmacy.com\/wp-content\/uploads\/2022\/12\/Logo-Lion-Pharmacy-c-o-Loewen-Apotheke-smal.jpg","contentUrl":"https:\/\/lions-pharmacy.com\/wp-content\/uploads\/2022\/12\/Logo-Lion-Pharmacy-c-o-Loewen-Apotheke-smal.jpg","width":298,"height":99,"caption":"Lions Pharmacy"},"image":{"@id":"https:\/\/lions-pharmacy.com\/de#\/schema\/logo\/image\/"}}]}},"_links":{"self":[{"href":"https:\/\/lions-pharmacy.com\/de\/wp-json\/wp\/v2\/product\/16715","targetHints":{"allow":["GET"]}}],"collection":[{"href":"https:\/\/lions-pharmacy.com\/de\/wp-json\/wp\/v2\/product"}],"about":[{"href":"https:\/\/lions-pharmacy.com\/de\/wp-json\/wp\/v2\/types\/product"}],"replies":[{"embeddable":true,"href":"https:\/\/lions-pharmacy.com\/de\/wp-json\/wp\/v2\/comments?post=16715"}],"wp:featuredmedia":[{"embeddable":true,"href":"https:\/\/lions-pharmacy.com\/de\/wp-json\/wp\/v2\/media\/16718"}],"wp:attachment":[{"href":"https:\/\/lions-pharmacy.com\/de\/wp-json\/wp\/v2\/media?parent=16715"}],"wp:term":[{"taxonomy":"product_brand","embeddable":true,"href":"https:\/\/lions-pharmacy.com\/de\/wp-json\/wp\/v2\/product_brand?post=16715"},{"taxonomy":"product_cat","embeddable":true,"href":"https:\/\/lions-pharmacy.com\/de\/wp-json\/wp\/v2\/product_cat?post=16715"},{"taxonomy":"product_tag","embeddable":true,"href":"https:\/\/lions-pharmacy.com\/de\/wp-json\/wp\/v2\/product_tag?post=16715"}],"curies":[{"name":"wp","href":"https:\/\/api.w.org\/{rel}","templated":true}]}}