{"id":16567,"date":"2025-11-09T17:08:20","date_gmt":"2025-11-09T16:08:20","guid":{"rendered":"https:\/\/lions-pharmacy.com\/?post_type=product&#038;p=16567"},"modified":"2025-11-30T07:14:33","modified_gmt":"2025-11-30T06:14:33","slug":"sea-fish-oil-supra-with-60-omega-3-fatty-acids-100-pcs","status":"publish","type":"product","link":"https:\/\/lions-pharmacy.com\/de\/produkt\/sea-fish-oil-supra-with-60-omega-3-fatty-acids-100-pcs","title":{"rendered":"Seefisch\u00f6l supra mit 60% Omega-3-Fetts\u00e4uren (100 St\u00fcck)"},"content":{"rendered":"<h3>Seefisch\u00f6l supra mit 60% Omega-3-Fetts\u00e4uren (100 St\u00fcck)<\/h3>\n<p>Seefisch\u00f6l supra mit 60% Omega-3-Fetts\u00e4uren als Konzentrat mit einem hohen Gehalt an Omega-3-Fetts\u00e4uren zur Aufrechterhaltung eines normalen Triglyceridspiegels im Blut. Ein praktischer Beitrag zur Versorgung mit Omega-3-Fetts\u00e4uren.<\/p>\n<p>Anwendung: Nehmen Sie 1-5 Kapseln t\u00e4glich mit ein wenig Fl\u00fcssigkeit ein.<\/p>\n<p>&nbsp;<\/p>\n<h3>Produktdetails &amp; obligatorische Informationen<\/h3>\n<p>Packungsbeilage: <a href=\"https:\/\/lions-pharmacy.com\/wp-content\/uploads\/2025\/11\/Sea-fish-oil-supra-with-60-omega-3-fatty-acids-04999408.pdf\">Seefisch\u00f6l supra mit 60% Omega-3-Fetts\u00e4uren 04999408<\/a> (PDF-Reader) und Lebensmittelinformationen.<\/p>\n<p>Zutaten: 1 Kapsel enth\u00e4lt 1000 mg Omega-3-Konzentrat aus Seefisch\u00f6l mit 600 mg der nat\u00fcrlich vorkommenden, langkettigen Omega-3-Fetts\u00e4uren EPA (360 mg) und DHA (240 mg), 20 mg natives Oliven\u00f6l extra, 7,4 mg Vitamin E.<\/p>\n<p>Erfahren Sie mehr \u00fcber den Hersteller und dieses Produkt: <a href=\"https:\/\/norsan.de\/ueber-uns\/\" target=\"_blank\" rel=\"noopener\">Norsan<\/a> (Link zu externer Website)<\/p>\n<p>Hinweis zur Verwendung und Anwendung: Die auf dieser Website bereitgestellten Informationen dienen nur der allgemeinen Information und sind kein Ersatz f\u00fcr eine professionelle Beratung, Diagnose oder Behandlung durch einen Arzt. Nahrungserg\u00e4nzungsmittel sind kein Ersatz f\u00fcr eine ausgewogene, abwechslungsreiche Ern\u00e4hrung und eine gesunde Lebensweise.<\/p>\n<p>Nahrungserg\u00e4nzungsmittel sind kein Ersatz f\u00fcr eine ausgewogene und abwechslungsreiche Ern\u00e4hrung und eine gesunde Lebensweise. \u00dcberschreiten Sie nicht die empfohlene Tagesdosis.<\/p>\n<p>Zu Risiken und Nebenwirkungen lesen Sie bitte die Packungsbeilage und fragen Sie Ihren Arzt oder Apotheker.<\/p>\n<h4><\/h4>\n<h3>Expertentipp aus der Apotheke:<\/h3>\n<p>Unser Apotheker empfiehlt die folgenden Produkte f\u00fcr Langlebigkeit, Konzentration und Stress: <a href=\"https:\/\/lions-pharmacy.com\/de\/produkt\/neurapas-balance-100-st-4150014981430\">Neurapas Balance<\/a> &#8211; bew\u00e4hrt und besonders wirksam.<\/p>\n<p>Andere Produkte f\u00fcr diese Anwendung: <a href=\"https:\/\/lions-pharmacy.com\/de\/produkt-schlagwort\/vitamine-und-nahrungserganzungsmittel\">Vitamine &amp; Nahrungserg\u00e4nzungsmittel<\/a> | <a href=\"https:\/\/lions-pharmacy.com\/de\/produkt-schlagwort\/naturliche-heilmittel\" rel=\"tag\">Naturheilmittel<\/a> | <a href=\"https:\/\/lions-pharmacy.com\/de\/produkt-schlagwort\/wellness-de\" rel=\"tag\">Wellness<\/a><\/p>\n<h3>Haben Sie Fragen zu diesem Produkt? Wir sind f\u00fcr Sie da!<\/h3>\n<p>Unsere leitende Apothekerin, Dr. Sandra Hoff, und ihr Team beraten Sie gerne pers\u00f6nlich &#8211; per Telefon oder E-Mail. Als echte Apotheke vor Ort und autorisierte Versandapotheke bieten wir Ihnen kompetente Unterst\u00fctzung, insbesondere in den Bereichen <a href=\"https:\/\/lions-pharmacy.com\/de\/produkt-schlagwort\/naturliche-heilmittel\">Naturheilkunde<\/a> und <a href=\"https:\/\/lions-pharmacy.com\/de\/produkt-schlagwort\/vitamine-und-nahrungserganzungsmittel\">Nahrungserg\u00e4nzungsmittel<\/a>. Sie finden unsere Genehmigung als Eintrag im <a href=\"https:\/\/versandhandel.dimdi.de\/websearch\/servlet\/Gate;jsessionid=0D29D15655BE1174E9178A340E8FE6BC?accessid=dimdi_var&amp;term=3c387956690121ccc8763184f052b93f\" target=\"_blank\" rel=\"noopener\">Versandhandelsregister<\/a>.<\/p>\n<h3>L\u00f6sen Sie ein Rezept oder ein e-Rezept ein:<\/h3>\n<p>Haben Sie ein Rezept oder ein e-Rezept? Reichen Sie es bequem \u00fcber unsere <a href=\"https:\/\/e-rezept-app.de\/shop-rezept\" target=\"_blank\" rel=\"noopener\">E-Rezept-App<\/a> ein &#8211; auch Privatrezepte f\u00fcr Selbstzahler sind m\u00f6glich. Schnell, sicher und einfach.<\/p>\n","protected":false},"excerpt":{"rendered":"<h2>Seefisch\u00f6l supra mit 60% Omega-3-Fetts\u00e4uren<\/h2>\n<p>Konzentrat mit hohem Gehalt an Omega-3-Fetts\u00e4uren.<\/p>\n<p><\/p>\n<p><strong>PZN<\/strong>: 04999408 (Pharmazentralnummer)<\/p>\n<p><strong>Darreichungsform<\/strong>: fl\u00fcssig<\/p>\n<p><strong>Verschreibungsart<\/strong>: verschreibungsfrei<\/p>\n<p><strong>Marke<\/strong>: Norsan<\/p>\n<p><strong>Hersteller<\/strong>: Burton Feingold Pharmavertrieb, 25704 Meldorf, Deutschland<\/p>\n","protected":false},"featured_media":16570,"comment_status":"closed","ping_status":"closed","template":"","meta":[],"product_brand":[],"product_cat":[367,368],"product_tag":[434,433,386,472,474,512,429],"class_list":{"0":"post-16567","1":"product","2":"type-product","3":"status-publish","4":"has-post-thumbnail","6":"product_cat-sale-de","7":"product_cat-shop-de","8":"product_tag-gewicht-und-fitness","9":"product_tag-gewichtsmanagement","10":"product_tag-konzentration-stress","11":"product_tag-naturliche-heilmittel","12":"product_tag-pflanzlicher-wirkstoff","13":"product_tag-pflanzlicher-wirkstoff-de","14":"product_tag-vitamine-und-nahrungserganzungsmittel","15":"ts_product_brand-alle","17":"first","18":"instock","19":"sale","20":"taxable","21":"shipping-taxable","22":"purchasable","23":"product-type-simple"},"yoast_head":"<!-- This site is optimized with the Yoast SEO plugin v26.5 - https:\/\/yoast.com\/wordpress\/plugins\/seo\/ -->\n<title>Seefisch\u00f6l supra mit 60% Omega-3-Fetts\u00e4uren (100 St\u00fcck) &#187; shop it<\/title>\n<meta name=\"description\" content=\"Pflanzliches Algen\u00f6l: reich an EPA und DHA. Seefisch\u00f6l supra mit 60% Omega-3-Fetts\u00e4uren (100 St\u00fcck) Wir bieten: Schnellen Versand &amp; sicheres Online-Shopping.\" \/>\n<meta name=\"robots\" content=\"index, follow, max-snippet:-1, max-image-preview:large, max-video-preview:-1\" \/>\n<link rel=\"canonical\" href=\"https:\/\/lions-pharmacy.com\/de\/produkt\/sea-fish-oil-supra-with-60-omega-3-fatty-acids-100-pcs\" \/>\n<meta property=\"og:locale\" content=\"de_DE\" \/>\n<meta property=\"og:type\" content=\"article\" \/>\n<meta property=\"og:title\" content=\"Seefisch\u00f6l supra mit 60% Omega-3-Fetts\u00e4uren (100 St\u00fcck) &#187; shop it\" \/>\n<meta property=\"og:description\" content=\"Pflanzliches Algen\u00f6l: reich an EPA und DHA. Seefisch\u00f6l supra mit 60% Omega-3-Fetts\u00e4uren (100 St\u00fcck) Wir bieten: Schnellen Versand &amp; sicheres Online-Shopping.\" \/>\n<meta property=\"og:url\" content=\"https:\/\/lions-pharmacy.com\/de\/produkt\/sea-fish-oil-supra-with-60-omega-3-fatty-acids-100-pcs\" \/>\n<meta property=\"og:site_name\" content=\"L\u00f6wen Apotheke\" \/>\n<meta property=\"article:modified_time\" content=\"2025-11-30T06:14:33+00:00\" \/>\n<meta property=\"og:image\" content=\"https:\/\/lions-pharmacy.com\/wp-content\/uploads\/2025\/11\/Seefischoel-Supra-mit-60-Omega-3-Fettsaeuren-100-St.-PZN-04999408.webp\" \/>\n\t<meta property=\"og:image:width\" content=\"600\" \/>\n\t<meta property=\"og:image:height\" content=\"600\" \/>\n\t<meta property=\"og:image:type\" content=\"image\/webp\" \/>\n<meta name=\"twitter:card\" content=\"summary_large_image\" \/>\n<meta name=\"twitter:label1\" content=\"Gesch\u00e4tzte Lesezeit\" \/>\n\t<meta name=\"twitter:data1\" content=\"2\u00a0Minuten\" \/>\n<script type=\"application\/ld+json\" class=\"yoast-schema-graph\">{\"@context\":\"https:\/\/schema.org\",\"@graph\":[{\"@type\":\"WebPage\",\"@id\":\"https:\/\/lions-pharmacy.com\/de\/produkt\/sea-fish-oil-supra-with-60-omega-3-fatty-acids-100-pcs\",\"url\":\"https:\/\/lions-pharmacy.com\/de\/produkt\/sea-fish-oil-supra-with-60-omega-3-fatty-acids-100-pcs\",\"name\":\"Seefisch\u00f6l supra mit 60% Omega-3-Fetts\u00e4uren (100 St\u00fcck) &#187; shop it\",\"isPartOf\":{\"@id\":\"https:\/\/lions-pharmacy.com\/de#website\"},\"primaryImageOfPage\":{\"@id\":\"https:\/\/lions-pharmacy.com\/de\/produkt\/sea-fish-oil-supra-with-60-omega-3-fatty-acids-100-pcs#primaryimage\"},\"image\":{\"@id\":\"https:\/\/lions-pharmacy.com\/de\/produkt\/sea-fish-oil-supra-with-60-omega-3-fatty-acids-100-pcs#primaryimage\"},\"thumbnailUrl\":\"https:\/\/lions-pharmacy.com\/wp-content\/uploads\/2025\/11\/Seefischoel-Supra-mit-60-Omega-3-Fettsaeuren-100-St.-PZN-04999408.webp\",\"datePublished\":\"2025-11-09T16:08:20+00:00\",\"dateModified\":\"2025-11-30T06:14:33+00:00\",\"description\":\"Pflanzliches Algen\u00f6l: reich an EPA und DHA. Seefisch\u00f6l supra mit 60% Omega-3-Fetts\u00e4uren (100 St\u00fcck) Wir bieten: Schnellen Versand & sicheres Online-Shopping.\",\"breadcrumb\":{\"@id\":\"https:\/\/lions-pharmacy.com\/de\/produkt\/sea-fish-oil-supra-with-60-omega-3-fatty-acids-100-pcs#breadcrumb\"},\"inLanguage\":\"de\",\"potentialAction\":[{\"@type\":\"ReadAction\",\"target\":[\"https:\/\/lions-pharmacy.com\/de\/produkt\/sea-fish-oil-supra-with-60-omega-3-fatty-acids-100-pcs\"]}]},{\"@type\":\"ImageObject\",\"inLanguage\":\"de\",\"@id\":\"https:\/\/lions-pharmacy.com\/de\/produkt\/sea-fish-oil-supra-with-60-omega-3-fatty-acids-100-pcs#primaryimage\",\"url\":\"https:\/\/lions-pharmacy.com\/wp-content\/uploads\/2025\/11\/Seefischoel-Supra-mit-60-Omega-3-Fettsaeuren-100-St.-PZN-04999408.webp\",\"contentUrl\":\"https:\/\/lions-pharmacy.com\/wp-content\/uploads\/2025\/11\/Seefischoel-Supra-mit-60-Omega-3-Fettsaeuren-100-St.-PZN-04999408.webp\",\"width\":600,\"height\":600,\"caption\":\"Seefischoel Supra mit 60% Omega-3 Fettsaeuren 100 St und PZN-04999408\"},{\"@type\":\"BreadcrumbList\",\"@id\":\"https:\/\/lions-pharmacy.com\/de\/produkt\/sea-fish-oil-supra-with-60-omega-3-fatty-acids-100-pcs#breadcrumb\",\"itemListElement\":[{\"@type\":\"ListItem\",\"position\":1,\"name\":\"Home\",\"item\":\"https:\/\/lions-pharmacy.com\/de\/homepage-lion-pharmacy\"},{\"@type\":\"ListItem\",\"position\":2,\"name\":\"Shop\",\"item\":\"https:\/\/lions-pharmacy.com\/de\/shop-2\"},{\"@type\":\"ListItem\",\"position\":3,\"name\":\"Seefisch\u00f6l supra mit 60% Omega-3-Fetts\u00e4uren (100 St\u00fcck)\"}]},{\"@type\":\"WebSite\",\"@id\":\"https:\/\/lions-pharmacy.com\/de#website\",\"url\":\"https:\/\/lions-pharmacy.com\/de\",\"name\":\"Lions Pharmacy\",\"description\":\"Ihr Spezialist f\u00fcr Naturheilkunde aus Baden-Baden, Germany\",\"publisher\":{\"@id\":\"https:\/\/lions-pharmacy.com\/de#organization\"},\"alternateName\":\"Lion Pharmacy\",\"potentialAction\":[{\"@type\":\"SearchAction\",\"target\":{\"@type\":\"EntryPoint\",\"urlTemplate\":\"https:\/\/lions-pharmacy.com\/de?s={search_term_string}\"},\"query-input\":{\"@type\":\"PropertyValueSpecification\",\"valueRequired\":true,\"valueName\":\"search_term_string\"}}],\"inLanguage\":\"de\"},{\"@type\":\"Organization\",\"@id\":\"https:\/\/lions-pharmacy.com\/de#organization\",\"name\":\"Lions Pharmacy\",\"alternateName\":\"Lions Pharmacy24\",\"url\":\"https:\/\/lions-pharmacy.com\/de\",\"logo\":{\"@type\":\"ImageObject\",\"inLanguage\":\"de\",\"@id\":\"https:\/\/lions-pharmacy.com\/de#\/schema\/logo\/image\/\",\"url\":\"https:\/\/lions-pharmacy.com\/wp-content\/uploads\/2022\/12\/Logo-Lion-Pharmacy-c-o-Loewen-Apotheke-smal.jpg\",\"contentUrl\":\"https:\/\/lions-pharmacy.com\/wp-content\/uploads\/2022\/12\/Logo-Lion-Pharmacy-c-o-Loewen-Apotheke-smal.jpg\",\"width\":298,\"height\":99,\"caption\":\"Lions Pharmacy\"},\"image\":{\"@id\":\"https:\/\/lions-pharmacy.com\/de#\/schema\/logo\/image\/\"}}]}<\/script>\n<!-- \/ Yoast SEO plugin. -->","yoast_head_json":{"title":"Seefisch\u00f6l supra mit 60% Omega-3-Fetts\u00e4uren (100 St\u00fcck) &#187; shop it","description":"Pflanzliches Algen\u00f6l: reich an EPA und DHA. Seefisch\u00f6l supra mit 60% Omega-3-Fetts\u00e4uren (100 St\u00fcck) Wir bieten: Schnellen Versand & sicheres Online-Shopping.","robots":{"index":"index","follow":"follow","max-snippet":"max-snippet:-1","max-image-preview":"max-image-preview:large","max-video-preview":"max-video-preview:-1"},"canonical":"https:\/\/lions-pharmacy.com\/de\/produkt\/sea-fish-oil-supra-with-60-omega-3-fatty-acids-100-pcs","og_locale":"de_DE","og_type":"article","og_title":"Seefisch\u00f6l supra mit 60% Omega-3-Fetts\u00e4uren (100 St\u00fcck) &#187; shop it","og_description":"Pflanzliches Algen\u00f6l: reich an EPA und DHA. Seefisch\u00f6l supra mit 60% Omega-3-Fetts\u00e4uren (100 St\u00fcck) Wir bieten: Schnellen Versand & sicheres Online-Shopping.","og_url":"https:\/\/lions-pharmacy.com\/de\/produkt\/sea-fish-oil-supra-with-60-omega-3-fatty-acids-100-pcs","og_site_name":"L\u00f6wen Apotheke","article_modified_time":"2025-11-30T06:14:33+00:00","og_image":[{"width":600,"height":600,"url":"https:\/\/lions-pharmacy.com\/wp-content\/uploads\/2025\/11\/Seefischoel-Supra-mit-60-Omega-3-Fettsaeuren-100-St.-PZN-04999408.webp","type":"image\/webp"}],"twitter_card":"summary_large_image","twitter_misc":{"Gesch\u00e4tzte Lesezeit":"2\u00a0Minuten"},"schema":{"@context":"https:\/\/schema.org","@graph":[{"@type":"WebPage","@id":"https:\/\/lions-pharmacy.com\/de\/produkt\/sea-fish-oil-supra-with-60-omega-3-fatty-acids-100-pcs","url":"https:\/\/lions-pharmacy.com\/de\/produkt\/sea-fish-oil-supra-with-60-omega-3-fatty-acids-100-pcs","name":"Seefisch\u00f6l supra mit 60% Omega-3-Fetts\u00e4uren (100 St\u00fcck) &#187; shop it","isPartOf":{"@id":"https:\/\/lions-pharmacy.com\/de#website"},"primaryImageOfPage":{"@id":"https:\/\/lions-pharmacy.com\/de\/produkt\/sea-fish-oil-supra-with-60-omega-3-fatty-acids-100-pcs#primaryimage"},"image":{"@id":"https:\/\/lions-pharmacy.com\/de\/produkt\/sea-fish-oil-supra-with-60-omega-3-fatty-acids-100-pcs#primaryimage"},"thumbnailUrl":"https:\/\/lions-pharmacy.com\/wp-content\/uploads\/2025\/11\/Seefischoel-Supra-mit-60-Omega-3-Fettsaeuren-100-St.-PZN-04999408.webp","datePublished":"2025-11-09T16:08:20+00:00","dateModified":"2025-11-30T06:14:33+00:00","description":"Pflanzliches Algen\u00f6l: reich an EPA und DHA. Seefisch\u00f6l supra mit 60% Omega-3-Fetts\u00e4uren (100 St\u00fcck) Wir bieten: Schnellen Versand & sicheres Online-Shopping.","breadcrumb":{"@id":"https:\/\/lions-pharmacy.com\/de\/produkt\/sea-fish-oil-supra-with-60-omega-3-fatty-acids-100-pcs#breadcrumb"},"inLanguage":"de","potentialAction":[{"@type":"ReadAction","target":["https:\/\/lions-pharmacy.com\/de\/produkt\/sea-fish-oil-supra-with-60-omega-3-fatty-acids-100-pcs"]}]},{"@type":"ImageObject","inLanguage":"de","@id":"https:\/\/lions-pharmacy.com\/de\/produkt\/sea-fish-oil-supra-with-60-omega-3-fatty-acids-100-pcs#primaryimage","url":"https:\/\/lions-pharmacy.com\/wp-content\/uploads\/2025\/11\/Seefischoel-Supra-mit-60-Omega-3-Fettsaeuren-100-St.-PZN-04999408.webp","contentUrl":"https:\/\/lions-pharmacy.com\/wp-content\/uploads\/2025\/11\/Seefischoel-Supra-mit-60-Omega-3-Fettsaeuren-100-St.-PZN-04999408.webp","width":600,"height":600,"caption":"Seefischoel Supra mit 60% Omega-3 Fettsaeuren 100 St und PZN-04999408"},{"@type":"BreadcrumbList","@id":"https:\/\/lions-pharmacy.com\/de\/produkt\/sea-fish-oil-supra-with-60-omega-3-fatty-acids-100-pcs#breadcrumb","itemListElement":[{"@type":"ListItem","position":1,"name":"Home","item":"https:\/\/lions-pharmacy.com\/de\/homepage-lion-pharmacy"},{"@type":"ListItem","position":2,"name":"Shop","item":"https:\/\/lions-pharmacy.com\/de\/shop-2"},{"@type":"ListItem","position":3,"name":"Seefisch\u00f6l supra mit 60% Omega-3-Fetts\u00e4uren (100 St\u00fcck)"}]},{"@type":"WebSite","@id":"https:\/\/lions-pharmacy.com\/de#website","url":"https:\/\/lions-pharmacy.com\/de","name":"Lions Pharmacy","description":"Ihr Spezialist f\u00fcr Naturheilkunde aus Baden-Baden, Germany","publisher":{"@id":"https:\/\/lions-pharmacy.com\/de#organization"},"alternateName":"Lion Pharmacy","potentialAction":[{"@type":"SearchAction","target":{"@type":"EntryPoint","urlTemplate":"https:\/\/lions-pharmacy.com\/de?s={search_term_string}"},"query-input":{"@type":"PropertyValueSpecification","valueRequired":true,"valueName":"search_term_string"}}],"inLanguage":"de"},{"@type":"Organization","@id":"https:\/\/lions-pharmacy.com\/de#organization","name":"Lions Pharmacy","alternateName":"Lions Pharmacy24","url":"https:\/\/lions-pharmacy.com\/de","logo":{"@type":"ImageObject","inLanguage":"de","@id":"https:\/\/lions-pharmacy.com\/de#\/schema\/logo\/image\/","url":"https:\/\/lions-pharmacy.com\/wp-content\/uploads\/2022\/12\/Logo-Lion-Pharmacy-c-o-Loewen-Apotheke-smal.jpg","contentUrl":"https:\/\/lions-pharmacy.com\/wp-content\/uploads\/2022\/12\/Logo-Lion-Pharmacy-c-o-Loewen-Apotheke-smal.jpg","width":298,"height":99,"caption":"Lions Pharmacy"},"image":{"@id":"https:\/\/lions-pharmacy.com\/de#\/schema\/logo\/image\/"}}]}},"_links":{"self":[{"href":"https:\/\/lions-pharmacy.com\/de\/wp-json\/wp\/v2\/product\/16567","targetHints":{"allow":["GET"]}}],"collection":[{"href":"https:\/\/lions-pharmacy.com\/de\/wp-json\/wp\/v2\/product"}],"about":[{"href":"https:\/\/lions-pharmacy.com\/de\/wp-json\/wp\/v2\/types\/product"}],"replies":[{"embeddable":true,"href":"https:\/\/lions-pharmacy.com\/de\/wp-json\/wp\/v2\/comments?post=16567"}],"wp:featuredmedia":[{"embeddable":true,"href":"https:\/\/lions-pharmacy.com\/de\/wp-json\/wp\/v2\/media\/16570"}],"wp:attachment":[{"href":"https:\/\/lions-pharmacy.com\/de\/wp-json\/wp\/v2\/media?parent=16567"}],"wp:term":[{"taxonomy":"product_brand","embeddable":true,"href":"https:\/\/lions-pharmacy.com\/de\/wp-json\/wp\/v2\/product_brand?post=16567"},{"taxonomy":"product_cat","embeddable":true,"href":"https:\/\/lions-pharmacy.com\/de\/wp-json\/wp\/v2\/product_cat?post=16567"},{"taxonomy":"product_tag","embeddable":true,"href":"https:\/\/lions-pharmacy.com\/de\/wp-json\/wp\/v2\/product_tag?post=16567"}],"curies":[{"name":"wp","href":"https:\/\/api.w.org\/{rel}","templated":true}]}}