{"id":15151,"date":"2025-09-19T06:46:36","date_gmt":"2025-09-19T05:46:36","guid":{"rendered":"https:\/\/lions-pharmacy.com\/?post_type=product&#038;p=15151"},"modified":"2025-09-19T07:17:58","modified_gmt":"2025-09-19T06:17:58","slug":"norsan-omega-3-vegan-epa-100ml-19743459","status":"publish","type":"product","link":"https:\/\/lions-pharmacy.com\/de\/produkt\/norsan-omega-3-vegan-epa-100ml-19743459","title":{"rendered":"Norsan Omega-3 VEGAN EPA (100 ml)"},"content":{"rendered":"<h3>Norsan Omega-3 VEGAN EPA<\/h3>\n<p>Norsan Omega-3 VEGAN EPA (100 ml) besteht aus einer einzigartigen Kombination: einem hochdosierten Algen\u00f6l auf pflanzlicher Basis und kaltgepresstem Oliven\u00f6l aus kontrolliert biologischem Anbau mit einem hohen Polyphenolgehalt.<\/p>\n<p>Das Algen\u00f6l enth\u00e4lt reichlich EPA, sowie die Fetts\u00e4ure DHA. Das macht es zu einer idealen veganen Omega-3-Quelle f\u00fcr alle, die in ihrer Ern\u00e4hrung auf tierische Produkte verzichten m\u00f6chten.<\/p>\n<ul>\n<li>Algen\u00f6l auf pflanzlicher Basis: besonders reich an EPA<\/li>\n<li>2.000 mg Omega-3 pro Tagesdosis (1 Teel\u00f6ffel)<\/li>\n<li>Umweltfreundlicher und schadstofffreier Anbau<\/li>\n<li>Angenehmer Orangengeschmack<\/li>\n<li>800 IU Vitamin D3 (vegan)<\/li>\n<li>Bio-Oliven\u00f6l mit einem hohen Gehalt an Polyphenolen<\/li>\n<li>Eine Flasche enth\u00e4lt 20 Tagesdosen<\/li>\n<li>Zutaten: EPA- und DHA-reiches \u00d6l aus der Mikroalge Schizochytrium sp. (80%), Oliven\u00f6l (19%), Sonnenblumen\u00f6l (0,5%), Orangen\u00f6l, Antioxidantien: Extrakte reich an Tocopherolen, d-\u03b1-Tocopherolen, Cholecalciferol.<\/li>\n<\/ul>\n<p>Anwendungsgebiete: Augen, Herz- und Kreislauffunktion, Immunsystem, Konzentrationsschw\u00e4che, Vitalit\u00e4t<\/p>\n<h3>Produktdetails &amp; obligatorische Informationen<\/h3>\n<p>Packungsbeilage: &#8211; (PDF-Reader) und Lebensmittelinformationen.<\/p>\n<p>Zutaten: EPA- und DHA-reiches \u00d6l aus der Mikroalge Schizochytrium sp. (80%), Oliven\u00f6l (19%), Sonnenblumen\u00f6l (0,5%), Orangen\u00f6l, Antioxidantien: Extrakte reich an Tocopherolen, d-\u03b1-Tocopherolen, Cholecalciferol.<\/p>\n<p>Erfahren Sie mehr \u00fcber den Hersteller und dieses Produkt: <a href=\"https:\/\/norsan.de\/ueber-uns\/\" target=\"_blank\" rel=\"noopener\">Norsan<\/a> (Link zu externer Website)<\/p>\n<p>Informationen auf dieser Website werden ausschlie\u00dflich f\u00fcr informative Zwecke zur Verf\u00fcgung gestellt. Sie ersetzen keinesfalls die Untersuchung und Behandlung durch einen Arzt. Bitte beachten Sie, dass hierdurch weder Diagnosen gestellt noch Therapien eingeleitet werden k\u00f6nnen. Einzelimport &#8211; Wir importieren dieses Medikament f\u00fcr Sie. Dies f\u00fchrt zu einer l\u00e4ngeren Lieferzeit. R\u00fcckgaben f\u00fcr einzelne Importe sind ausgeschlossen.<\/p>\n<p>Zu Risiken und Nebenwirkungen lesen Sie die Packungsbeilage und fragen Sie Ihren Arzt oder Apotheker.<\/p>\n<h4><\/h4>\n<h3>Expertentipp aus der Apotheke:<\/h3>\n<p>Unser Apotheker empfiehlt die folgenden Produkte f\u00fcr Langlebigkeit, Konzentration und Stress: <a href=\"https:\/\/lions-pharmacy.com\/de\/produkt\/neurapas-balance-100-st-4150014981430\">Neurapas Balance<\/a> &#8211; bew\u00e4hrt und besonders wirksam.<\/p>\n<p>Andere Produkte f\u00fcr diese Anwendung: <a href=\"https:\/\/lions-pharmacy.com\/de\/produkt-schlagwort\/vitamine-und-nahrungserganzungsmittel\">Vitamine &amp; Nahrungserg\u00e4nzungsmittel<\/a> | <a href=\"https:\/\/lions-pharmacy.com\/de\/produkt-schlagwort\/naturliche-heilmittel\" rel=\"tag\">Naturheilmittel<\/a> | <a href=\"https:\/\/lions-pharmacy.com\/de\/produkt-schlagwort\/wellness-de\" rel=\"tag\">Wellness<\/a><\/p>\n<h3>Haben Sie Fragen zu diesem Produkt? Wir sind f\u00fcr Sie da!<\/h3>\n<p>Unsere leitende Apothekerin, Dr. Sandra Hoff, und ihr Team beraten Sie gerne pers\u00f6nlich &#8211; per Telefon oder E-Mail. Als echte Apotheke vor Ort und autorisierte Versandapotheke bieten wir Ihnen kompetente Unterst\u00fctzung, insbesondere in den Bereichen <a href=\"https:\/\/lions-pharmacy.com\/de\/produkt-schlagwort\/naturliche-heilmittel\">Naturheilkunde<\/a> und <a href=\"https:\/\/lions-pharmacy.com\/de\/produkt-schlagwort\/vitamine-und-nahrungserganzungsmittel\">Nahrungserg\u00e4nzungsmittel<\/a>. Sie finden unsere Genehmigung als Eintrag im <a href=\"https:\/\/versandhandel.dimdi.de\/websearch\/servlet\/Gate;jsessionid=0D29D15655BE1174E9178A340E8FE6BC?accessid=dimdi_var&amp;term=3c387956690121ccc8763184f052b93f\" target=\"_blank\" rel=\"noopener\">Versandhandelsregister<\/a>.<\/p>\n<h3>L\u00f6sen Sie ein Rezept oder ein e-Rezept ein:<\/h3>\n<p>Haben Sie ein Rezept oder ein e-Rezept? Reichen Sie es bequem \u00fcber unsere <a href=\"https:\/\/e-rezept-app.de\/shop-rezept\" target=\"_blank\" rel=\"noopener\">E-Rezept-App<\/a> ein &#8211; auch Privatrezepte f\u00fcr Selbstzahler sind m\u00f6glich. Schnell, sicher und einfach.<\/p>\n","protected":false},"excerpt":{"rendered":"<h2>Norsan Omega-3 VEGAN EPA<\/h2>\n<p>Pflanzliches Algen\u00f6l: Besonders reich an EPA, 2.000 mg Omega-3 pro Tagesdosis.<\/p>\n<p>&nbsp;<\/p>\n<p><strong>PZN<\/strong>: 19743459<\/p>\n<p><strong>Darreichungsform<\/strong>: fl\u00fcssig<\/p>\n<p><strong>Verschreibungsart<\/strong>: verschreibungsfrei<\/p>\n<p><strong>Marke<\/strong>: Norsan<\/p>\n<p><strong>Hersteller<\/strong>: NORSAN GmbH, Plauener Str. 163-165, 13053 Berlin, Deutschland<\/p>\n","protected":false},"featured_media":15154,"comment_status":"closed","ping_status":"closed","template":"","meta":[],"product_brand":[],"product_cat":[367,368],"product_tag":[434,433,386,472,474,512,429],"class_list":{"0":"post-15151","1":"product","2":"type-product","3":"status-publish","4":"has-post-thumbnail","6":"product_cat-sale-de","7":"product_cat-shop-de","8":"product_tag-gewicht-und-fitness","9":"product_tag-gewichtsmanagement","10":"product_tag-konzentration-stress","11":"product_tag-naturliche-heilmittel","12":"product_tag-pflanzlicher-wirkstoff","13":"product_tag-pflanzlicher-wirkstoff-de","14":"product_tag-vitamine-und-nahrungserganzungsmittel","15":"ts_product_brand-alle","17":"first","18":"outofstock","19":"taxable","20":"shipping-taxable","21":"purchasable","22":"product-type-simple"},"yoast_head":"<!-- This site is optimized with the Yoast SEO plugin v26.5 - https:\/\/yoast.com\/wordpress\/plugins\/seo\/ -->\n<title>Norsan Omega-3 VEGAN EPA (100 ml) &#187; hier bestellen<\/title>\n<meta name=\"description\" content=\"Pflanzliches Algen\u00f6l: reich an EPA und DHA. Erfahren Sie mehr \u00fcber Norsan Omega-3 VEGAN EPA (100 ml). Wir bieten: Schnellen Versand &amp; sicheres Online-Shopping.\" \/>\n<meta name=\"robots\" content=\"index, follow, max-snippet:-1, max-image-preview:large, max-video-preview:-1\" \/>\n<link rel=\"canonical\" href=\"https:\/\/lions-pharmacy.com\/de\/produkt\/norsan-omega-3-vegan-epa-100ml-19743459\" \/>\n<meta property=\"og:locale\" content=\"de_DE\" \/>\n<meta property=\"og:type\" content=\"article\" \/>\n<meta property=\"og:title\" content=\"Norsan Omega-3 VEGAN EPA (100 ml) &#187; hier bestellen\" \/>\n<meta property=\"og:description\" content=\"Pflanzliches Algen\u00f6l: reich an EPA und DHA. Erfahren Sie mehr \u00fcber Norsan Omega-3 VEGAN EPA (100 ml). Wir bieten: Schnellen Versand &amp; sicheres Online-Shopping.\" \/>\n<meta property=\"og:url\" content=\"https:\/\/lions-pharmacy.com\/de\/produkt\/norsan-omega-3-vegan-epa-100ml-19743459\" \/>\n<meta property=\"og:site_name\" content=\"L\u00f6wen Apotheke\" \/>\n<meta property=\"article:modified_time\" content=\"2025-09-19T06:17:58+00:00\" \/>\n<meta property=\"og:image\" content=\"https:\/\/lions-pharmacy.com\/wp-content\/uploads\/2025\/09\/NORSAN-Omega-3-vegan-EPA-100ml-PZN-19743459-Lions-Pharmacy.webp\" \/>\n\t<meta property=\"og:image:width\" content=\"600\" \/>\n\t<meta property=\"og:image:height\" content=\"600\" \/>\n\t<meta property=\"og:image:type\" content=\"image\/webp\" \/>\n<meta name=\"twitter:card\" content=\"summary_large_image\" \/>\n<meta name=\"twitter:label1\" content=\"Gesch\u00e4tzte Lesezeit\" \/>\n\t<meta name=\"twitter:data1\" content=\"2\u00a0Minuten\" \/>\n<script type=\"application\/ld+json\" class=\"yoast-schema-graph\">{\"@context\":\"https:\/\/schema.org\",\"@graph\":[{\"@type\":\"WebPage\",\"@id\":\"https:\/\/lions-pharmacy.com\/de\/produkt\/norsan-omega-3-vegan-epa-100ml-19743459\",\"url\":\"https:\/\/lions-pharmacy.com\/de\/produkt\/norsan-omega-3-vegan-epa-100ml-19743459\",\"name\":\"Norsan Omega-3 VEGAN EPA (100 ml) &#187; hier bestellen\",\"isPartOf\":{\"@id\":\"https:\/\/lions-pharmacy.com\/de#website\"},\"primaryImageOfPage\":{\"@id\":\"https:\/\/lions-pharmacy.com\/de\/produkt\/norsan-omega-3-vegan-epa-100ml-19743459#primaryimage\"},\"image\":{\"@id\":\"https:\/\/lions-pharmacy.com\/de\/produkt\/norsan-omega-3-vegan-epa-100ml-19743459#primaryimage\"},\"thumbnailUrl\":\"https:\/\/lions-pharmacy.com\/wp-content\/uploads\/2025\/09\/NORSAN-Omega-3-vegan-EPA-100ml-PZN-19743459-Lions-Pharmacy.webp\",\"datePublished\":\"2025-09-19T05:46:36+00:00\",\"dateModified\":\"2025-09-19T06:17:58+00:00\",\"description\":\"Pflanzliches Algen\u00f6l: reich an EPA und DHA. Erfahren Sie mehr \u00fcber Norsan Omega-3 VEGAN EPA (100 ml). Wir bieten: Schnellen Versand & sicheres Online-Shopping.\",\"breadcrumb\":{\"@id\":\"https:\/\/lions-pharmacy.com\/de\/produkt\/norsan-omega-3-vegan-epa-100ml-19743459#breadcrumb\"},\"inLanguage\":\"de\",\"potentialAction\":[{\"@type\":\"ReadAction\",\"target\":[\"https:\/\/lions-pharmacy.com\/de\/produkt\/norsan-omega-3-vegan-epa-100ml-19743459\"]}]},{\"@type\":\"ImageObject\",\"inLanguage\":\"de\",\"@id\":\"https:\/\/lions-pharmacy.com\/de\/produkt\/norsan-omega-3-vegan-epa-100ml-19743459#primaryimage\",\"url\":\"https:\/\/lions-pharmacy.com\/wp-content\/uploads\/2025\/09\/NORSAN-Omega-3-vegan-EPA-100ml-PZN-19743459-Lions-Pharmacy.webp\",\"contentUrl\":\"https:\/\/lions-pharmacy.com\/wp-content\/uploads\/2025\/09\/NORSAN-Omega-3-vegan-EPA-100ml-PZN-19743459-Lions-Pharmacy.webp\",\"width\":600,\"height\":600,\"caption\":\"Packungsbeilage NORSAN Omega-3 vegan EPA, 100ml, PZN 19743459, L\u00f6wen-Apotheke\"},{\"@type\":\"BreadcrumbList\",\"@id\":\"https:\/\/lions-pharmacy.com\/de\/produkt\/norsan-omega-3-vegan-epa-100ml-19743459#breadcrumb\",\"itemListElement\":[{\"@type\":\"ListItem\",\"position\":1,\"name\":\"Home\",\"item\":\"https:\/\/lions-pharmacy.com\/de\/homepage-lion-pharmacy\"},{\"@type\":\"ListItem\",\"position\":2,\"name\":\"Shop\",\"item\":\"https:\/\/lions-pharmacy.com\/de\/shop-2\"},{\"@type\":\"ListItem\",\"position\":3,\"name\":\"Norsan Omega-3 VEGAN EPA (100 ml)\"}]},{\"@type\":\"WebSite\",\"@id\":\"https:\/\/lions-pharmacy.com\/de#website\",\"url\":\"https:\/\/lions-pharmacy.com\/de\",\"name\":\"Lions Pharmacy\",\"description\":\"Ihr Spezialist f\u00fcr Naturheilkunde aus Baden-Baden, Germany\",\"publisher\":{\"@id\":\"https:\/\/lions-pharmacy.com\/de#organization\"},\"alternateName\":\"Lion Pharmacy\",\"potentialAction\":[{\"@type\":\"SearchAction\",\"target\":{\"@type\":\"EntryPoint\",\"urlTemplate\":\"https:\/\/lions-pharmacy.com\/de?s={search_term_string}\"},\"query-input\":{\"@type\":\"PropertyValueSpecification\",\"valueRequired\":true,\"valueName\":\"search_term_string\"}}],\"inLanguage\":\"de\"},{\"@type\":\"Organization\",\"@id\":\"https:\/\/lions-pharmacy.com\/de#organization\",\"name\":\"Lions Pharmacy\",\"alternateName\":\"Lions Pharmacy24\",\"url\":\"https:\/\/lions-pharmacy.com\/de\",\"logo\":{\"@type\":\"ImageObject\",\"inLanguage\":\"de\",\"@id\":\"https:\/\/lions-pharmacy.com\/de#\/schema\/logo\/image\/\",\"url\":\"https:\/\/lions-pharmacy.com\/wp-content\/uploads\/2022\/12\/Logo-Lion-Pharmacy-c-o-Loewen-Apotheke-smal.jpg\",\"contentUrl\":\"https:\/\/lions-pharmacy.com\/wp-content\/uploads\/2022\/12\/Logo-Lion-Pharmacy-c-o-Loewen-Apotheke-smal.jpg\",\"width\":298,\"height\":99,\"caption\":\"Lions Pharmacy\"},\"image\":{\"@id\":\"https:\/\/lions-pharmacy.com\/de#\/schema\/logo\/image\/\"}}]}<\/script>\n<!-- \/ Yoast SEO plugin. -->","yoast_head_json":{"title":"Norsan Omega-3 VEGAN EPA (100 ml) &#187; hier bestellen","description":"Pflanzliches Algen\u00f6l: reich an EPA und DHA. Erfahren Sie mehr \u00fcber Norsan Omega-3 VEGAN EPA (100 ml). Wir bieten: Schnellen Versand & sicheres Online-Shopping.","robots":{"index":"index","follow":"follow","max-snippet":"max-snippet:-1","max-image-preview":"max-image-preview:large","max-video-preview":"max-video-preview:-1"},"canonical":"https:\/\/lions-pharmacy.com\/de\/produkt\/norsan-omega-3-vegan-epa-100ml-19743459","og_locale":"de_DE","og_type":"article","og_title":"Norsan Omega-3 VEGAN EPA (100 ml) &#187; hier bestellen","og_description":"Pflanzliches Algen\u00f6l: reich an EPA und DHA. Erfahren Sie mehr \u00fcber Norsan Omega-3 VEGAN EPA (100 ml). Wir bieten: Schnellen Versand & sicheres Online-Shopping.","og_url":"https:\/\/lions-pharmacy.com\/de\/produkt\/norsan-omega-3-vegan-epa-100ml-19743459","og_site_name":"L\u00f6wen Apotheke","article_modified_time":"2025-09-19T06:17:58+00:00","og_image":[{"width":600,"height":600,"url":"https:\/\/lions-pharmacy.com\/wp-content\/uploads\/2025\/09\/NORSAN-Omega-3-vegan-EPA-100ml-PZN-19743459-Lions-Pharmacy.webp","type":"image\/webp"}],"twitter_card":"summary_large_image","twitter_misc":{"Gesch\u00e4tzte Lesezeit":"2\u00a0Minuten"},"schema":{"@context":"https:\/\/schema.org","@graph":[{"@type":"WebPage","@id":"https:\/\/lions-pharmacy.com\/de\/produkt\/norsan-omega-3-vegan-epa-100ml-19743459","url":"https:\/\/lions-pharmacy.com\/de\/produkt\/norsan-omega-3-vegan-epa-100ml-19743459","name":"Norsan Omega-3 VEGAN EPA (100 ml) &#187; hier bestellen","isPartOf":{"@id":"https:\/\/lions-pharmacy.com\/de#website"},"primaryImageOfPage":{"@id":"https:\/\/lions-pharmacy.com\/de\/produkt\/norsan-omega-3-vegan-epa-100ml-19743459#primaryimage"},"image":{"@id":"https:\/\/lions-pharmacy.com\/de\/produkt\/norsan-omega-3-vegan-epa-100ml-19743459#primaryimage"},"thumbnailUrl":"https:\/\/lions-pharmacy.com\/wp-content\/uploads\/2025\/09\/NORSAN-Omega-3-vegan-EPA-100ml-PZN-19743459-Lions-Pharmacy.webp","datePublished":"2025-09-19T05:46:36+00:00","dateModified":"2025-09-19T06:17:58+00:00","description":"Pflanzliches Algen\u00f6l: reich an EPA und DHA. Erfahren Sie mehr \u00fcber Norsan Omega-3 VEGAN EPA (100 ml). Wir bieten: Schnellen Versand & sicheres Online-Shopping.","breadcrumb":{"@id":"https:\/\/lions-pharmacy.com\/de\/produkt\/norsan-omega-3-vegan-epa-100ml-19743459#breadcrumb"},"inLanguage":"de","potentialAction":[{"@type":"ReadAction","target":["https:\/\/lions-pharmacy.com\/de\/produkt\/norsan-omega-3-vegan-epa-100ml-19743459"]}]},{"@type":"ImageObject","inLanguage":"de","@id":"https:\/\/lions-pharmacy.com\/de\/produkt\/norsan-omega-3-vegan-epa-100ml-19743459#primaryimage","url":"https:\/\/lions-pharmacy.com\/wp-content\/uploads\/2025\/09\/NORSAN-Omega-3-vegan-EPA-100ml-PZN-19743459-Lions-Pharmacy.webp","contentUrl":"https:\/\/lions-pharmacy.com\/wp-content\/uploads\/2025\/09\/NORSAN-Omega-3-vegan-EPA-100ml-PZN-19743459-Lions-Pharmacy.webp","width":600,"height":600,"caption":"Packungsbeilage NORSAN Omega-3 vegan EPA, 100ml, PZN 19743459, L\u00f6wen-Apotheke"},{"@type":"BreadcrumbList","@id":"https:\/\/lions-pharmacy.com\/de\/produkt\/norsan-omega-3-vegan-epa-100ml-19743459#breadcrumb","itemListElement":[{"@type":"ListItem","position":1,"name":"Home","item":"https:\/\/lions-pharmacy.com\/de\/homepage-lion-pharmacy"},{"@type":"ListItem","position":2,"name":"Shop","item":"https:\/\/lions-pharmacy.com\/de\/shop-2"},{"@type":"ListItem","position":3,"name":"Norsan Omega-3 VEGAN EPA (100 ml)"}]},{"@type":"WebSite","@id":"https:\/\/lions-pharmacy.com\/de#website","url":"https:\/\/lions-pharmacy.com\/de","name":"Lions Pharmacy","description":"Ihr Spezialist f\u00fcr Naturheilkunde aus Baden-Baden, Germany","publisher":{"@id":"https:\/\/lions-pharmacy.com\/de#organization"},"alternateName":"Lion Pharmacy","potentialAction":[{"@type":"SearchAction","target":{"@type":"EntryPoint","urlTemplate":"https:\/\/lions-pharmacy.com\/de?s={search_term_string}"},"query-input":{"@type":"PropertyValueSpecification","valueRequired":true,"valueName":"search_term_string"}}],"inLanguage":"de"},{"@type":"Organization","@id":"https:\/\/lions-pharmacy.com\/de#organization","name":"Lions Pharmacy","alternateName":"Lions Pharmacy24","url":"https:\/\/lions-pharmacy.com\/de","logo":{"@type":"ImageObject","inLanguage":"de","@id":"https:\/\/lions-pharmacy.com\/de#\/schema\/logo\/image\/","url":"https:\/\/lions-pharmacy.com\/wp-content\/uploads\/2022\/12\/Logo-Lion-Pharmacy-c-o-Loewen-Apotheke-smal.jpg","contentUrl":"https:\/\/lions-pharmacy.com\/wp-content\/uploads\/2022\/12\/Logo-Lion-Pharmacy-c-o-Loewen-Apotheke-smal.jpg","width":298,"height":99,"caption":"Lions Pharmacy"},"image":{"@id":"https:\/\/lions-pharmacy.com\/de#\/schema\/logo\/image\/"}}]}},"_links":{"self":[{"href":"https:\/\/lions-pharmacy.com\/de\/wp-json\/wp\/v2\/product\/15151","targetHints":{"allow":["GET"]}}],"collection":[{"href":"https:\/\/lions-pharmacy.com\/de\/wp-json\/wp\/v2\/product"}],"about":[{"href":"https:\/\/lions-pharmacy.com\/de\/wp-json\/wp\/v2\/types\/product"}],"replies":[{"embeddable":true,"href":"https:\/\/lions-pharmacy.com\/de\/wp-json\/wp\/v2\/comments?post=15151"}],"wp:featuredmedia":[{"embeddable":true,"href":"https:\/\/lions-pharmacy.com\/de\/wp-json\/wp\/v2\/media\/15154"}],"wp:attachment":[{"href":"https:\/\/lions-pharmacy.com\/de\/wp-json\/wp\/v2\/media?parent=15151"}],"wp:term":[{"taxonomy":"product_brand","embeddable":true,"href":"https:\/\/lions-pharmacy.com\/de\/wp-json\/wp\/v2\/product_brand?post=15151"},{"taxonomy":"product_cat","embeddable":true,"href":"https:\/\/lions-pharmacy.com\/de\/wp-json\/wp\/v2\/product_cat?post=15151"},{"taxonomy":"product_tag","embeddable":true,"href":"https:\/\/lions-pharmacy.com\/de\/wp-json\/wp\/v2\/product_tag?post=15151"}],"curies":[{"name":"wp","href":"https:\/\/api.w.org\/{rel}","templated":true}]}}