{"id":13813,"date":"2025-07-29T14:04:08","date_gmt":"2025-07-29T13:04:08","guid":{"rendered":"https:\/\/lions-pharmacy.com\/?post_type=product&#038;p=13813"},"modified":"2025-12-01T19:16:36","modified_gmt":"2025-12-01T18:16:36","slug":"pure-encapsulations-all-in-one-sport-60-pcs-18671433","status":"publish","type":"product","link":"https:\/\/lions-pharmacy.com\/de\/produkt\/pure-encapsulations-all-in-one-sport-60-pcs-18671433","title":{"rendered":"Pure Encapsulations ALL-IN-ONE Sport (60 Stk.)"},"content":{"rendered":"<h3>Pure Encapsulations ALL-IN-ONE Pure Sport<\/h3>\n<p>Pure Encapsulations ALL-IN-ONE Sport ist eine Basisnahrung f\u00fcr aktive Sportler. F\u00fcr den erh\u00f6hten N\u00e4hrstoffbedarf im Sport, f\u00fcr eine ideale Ern\u00e4hrung w\u00e4hrend des Trainings und des Wettkampfs.<br \/>\nProdukt der K\u00f6lner Liste\u00ae.<\/p>\n<p>Nahrungserg\u00e4nzungsmittel speziell f\u00fcr sportliche Aktivit\u00e4ten mit organisch gebundenen Mikron\u00e4hrstoffen, die vom K\u00f6rper leicht aufgenommen werden k\u00f6nnen. Enth\u00e4lt Vitamine, Eisen, Magnesium, Selen und Zink. Unterst\u00fctzt den Energiestoffwechsel und das Immunsystem.<\/p>\n<h3>Produktdetails &amp; obligatorische Informationen<\/h3>\n<p>Packungsbeilage: <a href=\"https:\/\/lions-pharmacy.com\/wp-content\/uploads\/2025\/07\/pureencapsulations-produktinfo-P3SP6A.pdf\">pure encapsulations all-in-one sport Produktinformation<\/a> (PDF-Reader) und Lebensmittelinformationen<\/p>\n<p>Zutaten: Magnesiumcitrat, Taurin, Kapsel: Hydroxypropylmethylcellu-lose, Ascorbins\u00e4ure, D-alpha-Tocophe rolsuccinat, Zinkcitrat, Eisencitrat, Calciumpantothenat, Coenzym Q10, Selenmethionin, Ascorbylpalmitat, Kupfercitrat, Kaliumjodid, Pyridoxal-5-Phosphat, Thiamin HCl, Vitamin D3, Riboflavin-5-Phosphat, Pyridoxin HCl, Riboflavin, Biotin, Chrompicolinat<\/p>\n<p>Erfahren Sie mehr \u00fcber den Hersteller und dieses Produkt: <a href=\"https:\/\/www.promedico.de\/\" target=\"_blank\" rel=\"noopener\">Promediko<\/a> (Link zu externer Website)<\/p>\n<p>Informationen auf dieser Website werden ausschlie\u00dflich f\u00fcr informative Zwecke zur Verf\u00fcgung gestellt. Sie ersetzen keinesfalls die Untersuchung und Behandlung durch einen Arzt. Bitte beachten Sie, dass hierdurch weder Diagnosen gestellt noch Therapien eingeleitet werden k\u00f6nnen. Einzelimport &#8211; Wir importieren dieses Medikament f\u00fcr Sie. Dies f\u00fchrt zu einer l\u00e4ngeren Lieferzeit. R\u00fcckgaben f\u00fcr einzelne Importe sind ausgeschlossen.<\/p>\n<p>Zu Risiken und Nebenwirkungen lesen Sie die Packungsbeilage und fragen Sie Ihren Arzt oder Apotheker.<\/p>\n<h4><\/h4>\n<h3>Expertentipp aus der Apotheke:<\/h3>\n<p>Unser Apotheker empfiehlt bei Virusinfektionen Folgendes: <a href=\"https:\/\/lions-pharmacy.com\/de\/produkt\/omni-biotic-colonize-powder-56x-3g\">Omni Biotic Colonize Powder<\/a> &#8211; bew\u00e4hrt und besonders wirksam.<\/p>\n<p>Andere Produkte f\u00fcr diese Anwendung: <a href=\"https:\/\/lions-pharmacy.com\/de\/produkt-schlagwort\/vitamine-und-nahrungserganzungsmittel\">Vitamine &amp; Nahrungserg\u00e4nzungsmittel<\/a> | <a href=\"https:\/\/lions-pharmacy.com\/de\/produkt-schlagwort\/naturliche-heilmittel\" rel=\"tag\">Naturheilmittel<\/a> | <a href=\"https:\/\/lions-pharmacy.com\/de\/produkt-schlagwort\/wellness-de\" rel=\"tag\">Wellness<\/a><\/p>\n<h3>Haben Sie Fragen zu diesem Produkt? Wir sind f\u00fcr Sie da!<\/h3>\n<p>Unsere leitende Apothekerin, Dr. Sandra Hoff, und ihr Team beraten Sie gerne pers\u00f6nlich &#8211; per Telefon oder E-Mail. Als echte Apotheke vor Ort und autorisierte Versandapotheke bieten wir Ihnen kompetente Unterst\u00fctzung, insbesondere in den Bereichen <a href=\"https:\/\/lions-pharmacy.com\/de\/produkt-schlagwort\/naturliche-heilmittel\">Naturheilkunde<\/a> und <a href=\"https:\/\/lions-pharmacy.com\/de\/produkt-schlagwort\/vitamine-und-nahrungserganzungsmittel\">Nahrungserg\u00e4nzungsmittel<\/a>, hier Medikamente von <a href=\"https:\/\/lions-pharmacy.com\/de\/produktmarke\/vitorgan-de\">vitOrgan<\/a> und <a href=\"https:\/\/lions-pharmacy.com\/de\/product-category\/labo-life-de\">Labo Life<\/a>.<br \/>\nSie finden unsere Genehmigung als Eintrag im <a href=\"https:\/\/versandhandel.dimdi.de\/websearch\/servlet\/Gate;jsessionid=0D29D15655BE1174E9178A340E8FE6BC?accessid=dimdi_var&amp;term=3c387956690121ccc8763184f052b93f\" target=\"_blank\" rel=\"noopener\">Versandhandelsregister<\/a>.<\/p>\n<h3>L\u00f6sen Sie ein Rezept oder ein e-Rezept ein:<\/h3>\n<p>Haben Sie ein Rezept oder ein e-Rezept? Reichen Sie es bequem \u00fcber unsere <a href=\"https:\/\/e-rezept-app.de\/shop-rezept\" target=\"_blank\" rel=\"noopener\">E-Rezept-App<\/a> ein &#8211; auch Privatrezepte f\u00fcr Selbstzahler sind m\u00f6glich. Schnell, sicher und einfach.<\/p>\n","protected":false},"excerpt":{"rendered":"<h2>Pure Encapsulations ALL-IN-ONE Sport<\/h2>\n<p>Die Basisversorgung f\u00fcr aktive Sportler enth\u00e4lt Vitamine, Eisen, Magnesium, Selen und Zink. Unterst\u00fctzt den Energiestoffwechsel und das Immunsystem.<\/p>\n<p>&nbsp;<\/p>\n<p><strong>PZN<\/strong>: 18671433<\/p>\n<p><strong>Darreichungsform<\/strong>: Kapseln<\/p>\n<p><strong>Verschreibungsart<\/strong>: verschreibungsfrei<\/p>\n<p><strong>Marke<\/strong>: Pure Encapsulations<\/p>\n<p><strong>Hersteller<\/strong>: pro medico GmbH, 60329 Frankfurt am Main, Deutschland<\/p>\n","protected":false},"featured_media":13821,"comment_status":"closed","ping_status":"closed","template":"","meta":[],"product_brand":[],"product_cat":[368],"product_tag":[434,433,381,386,472,474,512,429],"class_list":{"0":"post-13813","1":"product","2":"type-product","3":"status-publish","4":"has-post-thumbnail","6":"product_cat-shop-de","7":"product_tag-gewicht-und-fitness","8":"product_tag-gewichtsmanagement","9":"product_tag-homoopathie","10":"product_tag-konzentration-stress","11":"product_tag-naturliche-heilmittel","12":"product_tag-pflanzlicher-wirkstoff","13":"product_tag-pflanzlicher-wirkstoff-de","14":"product_tag-vitamine-und-nahrungserganzungsmittel","15":"ts_product_brand-alle","16":"ts_product_brand-pure-encapsulations-de","18":"first","19":"instock","20":"sale","21":"featured","22":"taxable","23":"shipping-taxable","24":"purchasable","25":"product-type-simple"},"yoast_head":"<!-- This site is optimized with the Yoast SEO plugin v26.5 - https:\/\/yoast.com\/wordpress\/plugins\/seo\/ -->\n<title>Pure Encapsulations ALL-IN-ONE Sport (60 Stk.) &#187; hier bestellen<\/title>\n<meta name=\"description\" content=\"Produkt zur Nahrungserg\u00e4nzung. Erfahren Sie mehr \u00fcber Pure Encapsulations ALL-IN-ONE Sport (60 Stk.). Wir bieten: Schnellen Versand &amp; sicheres Online-Shopping.\" \/>\n<meta name=\"robots\" content=\"index, follow, max-snippet:-1, max-image-preview:large, max-video-preview:-1\" \/>\n<link rel=\"canonical\" href=\"https:\/\/lions-pharmacy.com\/de\/produkt\/pure-encapsulations-all-in-one-sport-60-pcs-18671433\" \/>\n<meta property=\"og:locale\" content=\"de_DE\" \/>\n<meta property=\"og:type\" content=\"article\" \/>\n<meta property=\"og:title\" content=\"Pure Encapsulations ALL-IN-ONE Sport (60 Stk.) &#187; hier bestellen\" \/>\n<meta property=\"og:description\" content=\"Produkt zur Nahrungserg\u00e4nzung. Erfahren Sie mehr \u00fcber Pure Encapsulations ALL-IN-ONE Sport (60 Stk.). Wir bieten: Schnellen Versand &amp; sicheres Online-Shopping.\" \/>\n<meta property=\"og:url\" content=\"https:\/\/lions-pharmacy.com\/de\/produkt\/pure-encapsulations-all-in-one-sport-60-pcs-18671433\" \/>\n<meta property=\"og:site_name\" content=\"L\u00f6wen Apotheke\" \/>\n<meta property=\"article:modified_time\" content=\"2025-12-01T18:16:36+00:00\" \/>\n<meta property=\"og:image\" content=\"https:\/\/lions-pharmacy.com\/wp-content\/uploads\/2025\/07\/Pure-Encapsulations-All-in-one-sport-60-pc-Lions-Pharmacy.webp\" \/>\n\t<meta property=\"og:image:width\" content=\"600\" \/>\n\t<meta property=\"og:image:height\" content=\"600\" \/>\n\t<meta property=\"og:image:type\" content=\"image\/webp\" \/>\n<meta name=\"twitter:card\" content=\"summary_large_image\" \/>\n<meta name=\"twitter:label1\" content=\"Gesch\u00e4tzte Lesezeit\" \/>\n\t<meta name=\"twitter:data1\" content=\"2\u00a0Minuten\" \/>\n<script type=\"application\/ld+json\" class=\"yoast-schema-graph\">{\"@context\":\"https:\/\/schema.org\",\"@graph\":[{\"@type\":\"WebPage\",\"@id\":\"https:\/\/lions-pharmacy.com\/de\/produkt\/pure-encapsulations-all-in-one-sport-60-pcs-18671433\",\"url\":\"https:\/\/lions-pharmacy.com\/de\/produkt\/pure-encapsulations-all-in-one-sport-60-pcs-18671433\",\"name\":\"Pure Encapsulations ALL-IN-ONE Sport (60 Stk.) &#187; hier bestellen\",\"isPartOf\":{\"@id\":\"https:\/\/lions-pharmacy.com\/de#website\"},\"primaryImageOfPage\":{\"@id\":\"https:\/\/lions-pharmacy.com\/de\/produkt\/pure-encapsulations-all-in-one-sport-60-pcs-18671433#primaryimage\"},\"image\":{\"@id\":\"https:\/\/lions-pharmacy.com\/de\/produkt\/pure-encapsulations-all-in-one-sport-60-pcs-18671433#primaryimage\"},\"thumbnailUrl\":\"https:\/\/lions-pharmacy.com\/wp-content\/uploads\/2025\/07\/Pure-Encapsulations-All-in-one-sport-60-pc-Lions-Pharmacy.webp\",\"datePublished\":\"2025-07-29T13:04:08+00:00\",\"dateModified\":\"2025-12-01T18:16:36+00:00\",\"description\":\"Produkt zur Nahrungserg\u00e4nzung. Erfahren Sie mehr \u00fcber Pure Encapsulations ALL-IN-ONE Sport (60 Stk.). Wir bieten: Schnellen Versand & sicheres Online-Shopping.\",\"breadcrumb\":{\"@id\":\"https:\/\/lions-pharmacy.com\/de\/produkt\/pure-encapsulations-all-in-one-sport-60-pcs-18671433#breadcrumb\"},\"inLanguage\":\"de\",\"potentialAction\":[{\"@type\":\"ReadAction\",\"target\":[\"https:\/\/lions-pharmacy.com\/de\/produkt\/pure-encapsulations-all-in-one-sport-60-pcs-18671433\"]}]},{\"@type\":\"ImageObject\",\"inLanguage\":\"de\",\"@id\":\"https:\/\/lions-pharmacy.com\/de\/produkt\/pure-encapsulations-all-in-one-sport-60-pcs-18671433#primaryimage\",\"url\":\"https:\/\/lions-pharmacy.com\/wp-content\/uploads\/2025\/07\/Pure-Encapsulations-All-in-one-sport-60-pc-Lions-Pharmacy.webp\",\"contentUrl\":\"https:\/\/lions-pharmacy.com\/wp-content\/uploads\/2025\/07\/Pure-Encapsulations-All-in-one-sport-60-pc-Lions-Pharmacy.webp\",\"width\":600,\"height\":600,\"caption\":\"Pure Encapsulations All-in-one Sport. 60 St\u00fcck, pr\u00e4sentiert von Lions-Pharmacy\"},{\"@type\":\"BreadcrumbList\",\"@id\":\"https:\/\/lions-pharmacy.com\/de\/produkt\/pure-encapsulations-all-in-one-sport-60-pcs-18671433#breadcrumb\",\"itemListElement\":[{\"@type\":\"ListItem\",\"position\":1,\"name\":\"Home\",\"item\":\"https:\/\/lions-pharmacy.com\/de\/homepage-lion-pharmacy\"},{\"@type\":\"ListItem\",\"position\":2,\"name\":\"Shop\",\"item\":\"https:\/\/lions-pharmacy.com\/de\/shop-2\"},{\"@type\":\"ListItem\",\"position\":3,\"name\":\"Pure Encapsulations ALL-IN-ONE Sport (60 Stk.)\"}]},{\"@type\":\"WebSite\",\"@id\":\"https:\/\/lions-pharmacy.com\/de#website\",\"url\":\"https:\/\/lions-pharmacy.com\/de\",\"name\":\"Lions Pharmacy\",\"description\":\"Ihr Spezialist f\u00fcr Naturheilkunde aus Baden-Baden, Germany\",\"publisher\":{\"@id\":\"https:\/\/lions-pharmacy.com\/de#organization\"},\"alternateName\":\"Lion Pharmacy\",\"potentialAction\":[{\"@type\":\"SearchAction\",\"target\":{\"@type\":\"EntryPoint\",\"urlTemplate\":\"https:\/\/lions-pharmacy.com\/de?s={search_term_string}\"},\"query-input\":{\"@type\":\"PropertyValueSpecification\",\"valueRequired\":true,\"valueName\":\"search_term_string\"}}],\"inLanguage\":\"de\"},{\"@type\":\"Organization\",\"@id\":\"https:\/\/lions-pharmacy.com\/de#organization\",\"name\":\"Lions Pharmacy\",\"alternateName\":\"Lions Pharmacy24\",\"url\":\"https:\/\/lions-pharmacy.com\/de\",\"logo\":{\"@type\":\"ImageObject\",\"inLanguage\":\"de\",\"@id\":\"https:\/\/lions-pharmacy.com\/de#\/schema\/logo\/image\/\",\"url\":\"https:\/\/lions-pharmacy.com\/wp-content\/uploads\/2022\/12\/Logo-Lion-Pharmacy-c-o-Loewen-Apotheke-smal.jpg\",\"contentUrl\":\"https:\/\/lions-pharmacy.com\/wp-content\/uploads\/2022\/12\/Logo-Lion-Pharmacy-c-o-Loewen-Apotheke-smal.jpg\",\"width\":298,\"height\":99,\"caption\":\"Lions Pharmacy\"},\"image\":{\"@id\":\"https:\/\/lions-pharmacy.com\/de#\/schema\/logo\/image\/\"}}]}<\/script>\n<!-- \/ Yoast SEO plugin. -->","yoast_head_json":{"title":"Pure Encapsulations ALL-IN-ONE Sport (60 Stk.) &#187; hier bestellen","description":"Produkt zur Nahrungserg\u00e4nzung. Erfahren Sie mehr \u00fcber Pure Encapsulations ALL-IN-ONE Sport (60 Stk.). Wir bieten: Schnellen Versand & sicheres Online-Shopping.","robots":{"index":"index","follow":"follow","max-snippet":"max-snippet:-1","max-image-preview":"max-image-preview:large","max-video-preview":"max-video-preview:-1"},"canonical":"https:\/\/lions-pharmacy.com\/de\/produkt\/pure-encapsulations-all-in-one-sport-60-pcs-18671433","og_locale":"de_DE","og_type":"article","og_title":"Pure Encapsulations ALL-IN-ONE Sport (60 Stk.) &#187; hier bestellen","og_description":"Produkt zur Nahrungserg\u00e4nzung. Erfahren Sie mehr \u00fcber Pure Encapsulations ALL-IN-ONE Sport (60 Stk.). Wir bieten: Schnellen Versand & sicheres Online-Shopping.","og_url":"https:\/\/lions-pharmacy.com\/de\/produkt\/pure-encapsulations-all-in-one-sport-60-pcs-18671433","og_site_name":"L\u00f6wen Apotheke","article_modified_time":"2025-12-01T18:16:36+00:00","og_image":[{"width":600,"height":600,"url":"https:\/\/lions-pharmacy.com\/wp-content\/uploads\/2025\/07\/Pure-Encapsulations-All-in-one-sport-60-pc-Lions-Pharmacy.webp","type":"image\/webp"}],"twitter_card":"summary_large_image","twitter_misc":{"Gesch\u00e4tzte Lesezeit":"2\u00a0Minuten"},"schema":{"@context":"https:\/\/schema.org","@graph":[{"@type":"WebPage","@id":"https:\/\/lions-pharmacy.com\/de\/produkt\/pure-encapsulations-all-in-one-sport-60-pcs-18671433","url":"https:\/\/lions-pharmacy.com\/de\/produkt\/pure-encapsulations-all-in-one-sport-60-pcs-18671433","name":"Pure Encapsulations ALL-IN-ONE Sport (60 Stk.) &#187; hier bestellen","isPartOf":{"@id":"https:\/\/lions-pharmacy.com\/de#website"},"primaryImageOfPage":{"@id":"https:\/\/lions-pharmacy.com\/de\/produkt\/pure-encapsulations-all-in-one-sport-60-pcs-18671433#primaryimage"},"image":{"@id":"https:\/\/lions-pharmacy.com\/de\/produkt\/pure-encapsulations-all-in-one-sport-60-pcs-18671433#primaryimage"},"thumbnailUrl":"https:\/\/lions-pharmacy.com\/wp-content\/uploads\/2025\/07\/Pure-Encapsulations-All-in-one-sport-60-pc-Lions-Pharmacy.webp","datePublished":"2025-07-29T13:04:08+00:00","dateModified":"2025-12-01T18:16:36+00:00","description":"Produkt zur Nahrungserg\u00e4nzung. Erfahren Sie mehr \u00fcber Pure Encapsulations ALL-IN-ONE Sport (60 Stk.). Wir bieten: Schnellen Versand & sicheres Online-Shopping.","breadcrumb":{"@id":"https:\/\/lions-pharmacy.com\/de\/produkt\/pure-encapsulations-all-in-one-sport-60-pcs-18671433#breadcrumb"},"inLanguage":"de","potentialAction":[{"@type":"ReadAction","target":["https:\/\/lions-pharmacy.com\/de\/produkt\/pure-encapsulations-all-in-one-sport-60-pcs-18671433"]}]},{"@type":"ImageObject","inLanguage":"de","@id":"https:\/\/lions-pharmacy.com\/de\/produkt\/pure-encapsulations-all-in-one-sport-60-pcs-18671433#primaryimage","url":"https:\/\/lions-pharmacy.com\/wp-content\/uploads\/2025\/07\/Pure-Encapsulations-All-in-one-sport-60-pc-Lions-Pharmacy.webp","contentUrl":"https:\/\/lions-pharmacy.com\/wp-content\/uploads\/2025\/07\/Pure-Encapsulations-All-in-one-sport-60-pc-Lions-Pharmacy.webp","width":600,"height":600,"caption":"Pure Encapsulations All-in-one Sport. 60 St\u00fcck, pr\u00e4sentiert von Lions-Pharmacy"},{"@type":"BreadcrumbList","@id":"https:\/\/lions-pharmacy.com\/de\/produkt\/pure-encapsulations-all-in-one-sport-60-pcs-18671433#breadcrumb","itemListElement":[{"@type":"ListItem","position":1,"name":"Home","item":"https:\/\/lions-pharmacy.com\/de\/homepage-lion-pharmacy"},{"@type":"ListItem","position":2,"name":"Shop","item":"https:\/\/lions-pharmacy.com\/de\/shop-2"},{"@type":"ListItem","position":3,"name":"Pure Encapsulations ALL-IN-ONE Sport (60 Stk.)"}]},{"@type":"WebSite","@id":"https:\/\/lions-pharmacy.com\/de#website","url":"https:\/\/lions-pharmacy.com\/de","name":"Lions Pharmacy","description":"Ihr Spezialist f\u00fcr Naturheilkunde aus Baden-Baden, Germany","publisher":{"@id":"https:\/\/lions-pharmacy.com\/de#organization"},"alternateName":"Lion Pharmacy","potentialAction":[{"@type":"SearchAction","target":{"@type":"EntryPoint","urlTemplate":"https:\/\/lions-pharmacy.com\/de?s={search_term_string}"},"query-input":{"@type":"PropertyValueSpecification","valueRequired":true,"valueName":"search_term_string"}}],"inLanguage":"de"},{"@type":"Organization","@id":"https:\/\/lions-pharmacy.com\/de#organization","name":"Lions Pharmacy","alternateName":"Lions Pharmacy24","url":"https:\/\/lions-pharmacy.com\/de","logo":{"@type":"ImageObject","inLanguage":"de","@id":"https:\/\/lions-pharmacy.com\/de#\/schema\/logo\/image\/","url":"https:\/\/lions-pharmacy.com\/wp-content\/uploads\/2022\/12\/Logo-Lion-Pharmacy-c-o-Loewen-Apotheke-smal.jpg","contentUrl":"https:\/\/lions-pharmacy.com\/wp-content\/uploads\/2022\/12\/Logo-Lion-Pharmacy-c-o-Loewen-Apotheke-smal.jpg","width":298,"height":99,"caption":"Lions Pharmacy"},"image":{"@id":"https:\/\/lions-pharmacy.com\/de#\/schema\/logo\/image\/"}}]}},"_links":{"self":[{"href":"https:\/\/lions-pharmacy.com\/de\/wp-json\/wp\/v2\/product\/13813","targetHints":{"allow":["GET"]}}],"collection":[{"href":"https:\/\/lions-pharmacy.com\/de\/wp-json\/wp\/v2\/product"}],"about":[{"href":"https:\/\/lions-pharmacy.com\/de\/wp-json\/wp\/v2\/types\/product"}],"replies":[{"embeddable":true,"href":"https:\/\/lions-pharmacy.com\/de\/wp-json\/wp\/v2\/comments?post=13813"}],"wp:featuredmedia":[{"embeddable":true,"href":"https:\/\/lions-pharmacy.com\/de\/wp-json\/wp\/v2\/media\/13821"}],"wp:attachment":[{"href":"https:\/\/lions-pharmacy.com\/de\/wp-json\/wp\/v2\/media?parent=13813"}],"wp:term":[{"taxonomy":"product_brand","embeddable":true,"href":"https:\/\/lions-pharmacy.com\/de\/wp-json\/wp\/v2\/product_brand?post=13813"},{"taxonomy":"product_cat","embeddable":true,"href":"https:\/\/lions-pharmacy.com\/de\/wp-json\/wp\/v2\/product_cat?post=13813"},{"taxonomy":"product_tag","embeddable":true,"href":"https:\/\/lions-pharmacy.com\/de\/wp-json\/wp\/v2\/product_tag?post=13813"}],"curies":[{"name":"wp","href":"https:\/\/api.w.org\/{rel}","templated":true}]}}