{"id":13323,"date":"2025-07-10T05:54:18","date_gmt":"2025-07-10T04:54:18","guid":{"rendered":"https:\/\/lions-pharmacy.com\/?post_type=product&#038;p=13323"},"modified":"2025-07-28T16:40:07","modified_gmt":"2025-07-28T15:40:07","slug":"wick-zzzquil-goodnight-intense-60-pcs-8700216813037","status":"publish","type":"product","link":"https:\/\/lions-pharmacy.com\/de\/produkt\/wick-zzzquil-goodnight-intense-60-pcs-8700216813037","title":{"rendered":"Gute-Nacht-Intensiv 60 Stk."},"content":{"rendered":"<h3>WICK ZzzQuil Gute-Nacht-Intensiv<\/h3>\n<p>VICK&#8217;S ZzzQuil Nighttime Intense, ein Nahrungserg\u00e4nzungsmittel mit einer h\u00f6heren Dosis an Melatonin.<\/p>\n<ul>\n<li>Weiche Gummib\u00e4rchen mit Melatonin<\/li>\n<li>Mit Waldbeeren-Geschmack<\/li>\n<li>Mit Baldrian-, Kamille- und Lavendelextrakten<\/li>\n<\/ul>\n<p>Nahrungserg\u00e4nzungsmittel hilft Ihnen, schneller einzuschlafen &#8211; enth\u00e4lt eine h\u00f6here Dosis Melatonin.<\/p>\n<p>Inhaltsstoffe: Inhaltsstoffe pro Weichgummi Vitamin B6 2,8 mg, Melatonin 1,7 mg, Baldrianextrakt 5 mg, Kamillenextrakt 5 mg, Lavendelextrakt 5 mg<\/p>\n<p>\u00dcber: <a href=\"https:\/\/lions-pharmacy.com\/wp-content\/uploads\/2025\/07\/19455588.pdf\">Lebensmittelinformationen WICK PZN 19455588<\/a><\/p>\n<p>Weitere Produkte f\u00fcr die Anwendung: <a href=\"https:\/\/lions-pharmacy.com\/product-tag\/vitamins-supplements\">Vitamine &amp; Nahrungserg\u00e4nzungsmittel Produkte<\/a><br \/>\nErfahren Sie mehr \u00fcber den Hersteller und dieses Produkt: <a href=\"https:\/\/zzzquil.de\/produkte\/zzzquil-intens-einschlafhilfe-mit-hoherer-dosis-melatonin\" target=\"_blank\" rel=\"noopener\">Wick ZzzQuil<\/a> (Link zu externer Website)<\/p>\n<p>Informationen auf dieser Website werden ausschlie\u00dflich f\u00fcr informative Zwecke zur Verf\u00fcgung gestellt. Sie ersetzen keinesfalls die Untersuchung und Behandlung durch einen Arzt. Bitte beachten Sie, dass hierdurch weder Diagnosen gestellt noch Therapien eingeleitet werden k\u00f6nnen.<\/p>\n<p>\u00dcberschreiten Sie nicht die angegebene empfohlene Tagesdosis. F\u00fcr Erwachsene ab 18 Jahren und \u00e4lter. Personen, die langfristige Schlafprobleme haben, Medikamente einnehmen, chronisch krank sind, andere Schlafmittel einnehmen, schwanger sind, versuchen, schwanger zu werden, oder stillen, sollten vor der Einnahme dieses Produkts ihren Arzt konsultieren. Fahren Sie nicht Auto und bedienen Sie keine Maschinen, w\u00e4hrend Sie Melatonin einnehmen. Nehmen Sie w\u00e4hrend der Einnahme dieses Produkts keinen Alkohol zu sich. Vermeiden Sie die Anwendung, wenn Sie empfindlich auf die Inhaltsstoffe reagieren.<\/p>\n<p>\u00dcberschreiten Sie nicht die angegebene empfohlene Tagesdosis. Nahrungserg\u00e4nzungsmittel sind kein Ersatz f\u00fcr eine abwechslungsreiche und ausgewogene Ern\u00e4hrung und eine gesunde Lebensweise.<\/p>\n<p>Zu Risiken und Nebenwirkungen lesen Sie die Packungsbeilage und fragen Sie Ihren Arzt oder Apotheker.<\/p>\n<h3>Haben Sie Fragen zu diesem Produkt? Wir sind f\u00fcr Sie da!<\/h3>\n<p>Unsere leitende Apothekerin, Dr. Sandra Hoff, und ihr Team beraten Sie gerne pers\u00f6nlich &#8211; per Telefon oder E-Mail. Als echte Apotheke vor Ort und autorisierte Versandapotheke bieten wir Ihnen kompetente Unterst\u00fctzung, insbesondere in den Bereichen <a href=\"https:\/\/lions-pharmacy.com\/product-tag\/natural-remedies\">Naturheilkunde<\/a> und <a href=\"https:\/\/lions-pharmacy.com\/product-tag\/vitamins-supplements\">Nahrungserg\u00e4nzungsmittel<\/a>, hier Medikamente von <a href=\"https:\/\/lions-pharmacy.com\/product-brand\/vitorgan\">vitOrgan<\/a> und <a href=\"https:\/\/lions-pharmacy.com\/product-category\/labo-life\">Labo Life<\/a>.<br \/>\nSie finden unsere Genehmigung als Eintrag im <a href=\"https:\/\/versandhandel.dimdi.de\/websearch\/servlet\/Gate;jsessionid=0D29D15655BE1174E9178A340E8FE6BC?accessid=dimdi_var&amp;term=3c387956690121ccc8763184f052b93f\" target=\"_blank\" rel=\"noopener\">Versandhandelsregister<\/a>.<\/p>\n","protected":false},"excerpt":{"rendered":"<h2>WICK ZzzQuil Gute-Nacht-Intensiv<\/h2>\n<p>Nahrungserg\u00e4nzungsmittel hilft Ihnen, schneller einzuschlafen &#8211; enth\u00e4lt eine h\u00f6here Dosis Melatonin.<\/p>\n<p>&nbsp;<\/p>\n<p>PZN: 19455588 (Pharmazentralnummer)<\/p>\n<p>Darreichungsform: Gel-Tropfen<\/p>\n<p>Verordnungsart: Rezeptfrei<\/p>\n<p>Marke: Wick<\/p>\n<p>Hersteller: Wick &#8211; Procter &amp; Gamble<\/p>\n<p>Packungsgr\u00f6\u00dfe: 60 St\u00fcck<\/p>\n","protected":false},"featured_media":13332,"comment_status":"closed","ping_status":"closed","template":"","meta":[],"product_brand":[],"product_cat":[367,368],"product_tag":[379,474],"class_list":{"0":"post-13323","1":"product","2":"type-product","3":"status-publish","4":"has-post-thumbnail","6":"product_cat-sale-de","7":"product_cat-shop-de","8":"product_tag-monatlicher-sale-de","9":"product_tag-pflanzlicher-wirkstoff","10":"ts_product_brand-alle","12":"first","13":"instock","14":"sale","15":"featured","16":"taxable","17":"shipping-taxable","18":"purchasable","19":"product-type-simple"},"yoast_head":"<!-- This site is optimized with the Yoast SEO plugin v26.5 - https:\/\/yoast.com\/wordpress\/plugins\/seo\/ -->\n<title>Gute-Nacht-Intensiv 60 Stk. &#187; L\u00f6wen Apotheke &#187;<\/title>\n<meta name=\"description\" content=\"Registrierte deutsche Online-Apotheke. Schneller internationaler Versand und sicheres online einkaufen. Heel Medikamente: Gute-Nacht-Intensiv 60 Stk.\" \/>\n<meta name=\"robots\" content=\"index, follow, max-snippet:-1, max-image-preview:large, max-video-preview:-1\" \/>\n<link rel=\"canonical\" href=\"https:\/\/lions-pharmacy.com\/de\/produkt\/wick-zzzquil-goodnight-intense-60-pcs-8700216813037\" \/>\n<meta property=\"og:locale\" content=\"de_DE\" \/>\n<meta property=\"og:type\" content=\"article\" \/>\n<meta property=\"og:title\" content=\"Gute-Nacht-Intensiv 60 Stk. &#187; L\u00f6wen Apotheke &#187;\" \/>\n<meta property=\"og:description\" content=\"Registrierte deutsche Online-Apotheke. Schneller internationaler Versand und sicheres online einkaufen. Heel Medikamente: Gute-Nacht-Intensiv 60 Stk.\" \/>\n<meta property=\"og:url\" content=\"https:\/\/lions-pharmacy.com\/de\/produkt\/wick-zzzquil-goodnight-intense-60-pcs-8700216813037\" \/>\n<meta property=\"og:site_name\" content=\"L\u00f6wen Apotheke\" \/>\n<meta property=\"article:modified_time\" content=\"2025-07-28T15:40:07+00:00\" \/>\n<meta property=\"og:image\" content=\"https:\/\/lions-pharmacy.com\/wp-content\/uploads\/2025\/07\/WICK-ZzzQuil-Goodnight-Intense-60-pcs-PZN-19455588-Lions-Pharmacy.webp\" \/>\n\t<meta property=\"og:image:width\" content=\"600\" \/>\n\t<meta property=\"og:image:height\" content=\"600\" \/>\n\t<meta property=\"og:image:type\" content=\"image\/webp\" \/>\n<meta name=\"twitter:card\" content=\"summary_large_image\" \/>\n<meta name=\"twitter:label1\" content=\"Gesch\u00e4tzte Lesezeit\" \/>\n\t<meta name=\"twitter:data1\" content=\"2\u00a0Minuten\" \/>\n<script type=\"application\/ld+json\" class=\"yoast-schema-graph\">{\"@context\":\"https:\/\/schema.org\",\"@graph\":[{\"@type\":\"WebPage\",\"@id\":\"https:\/\/lions-pharmacy.com\/de\/produkt\/wick-zzzquil-goodnight-intense-60-pcs-8700216813037\",\"url\":\"https:\/\/lions-pharmacy.com\/de\/produkt\/wick-zzzquil-goodnight-intense-60-pcs-8700216813037\",\"name\":\"Gute-Nacht-Intensiv 60 Stk. &#187; L\u00f6wen Apotheke &#187;\",\"isPartOf\":{\"@id\":\"https:\/\/lions-pharmacy.com\/de#website\"},\"primaryImageOfPage\":{\"@id\":\"https:\/\/lions-pharmacy.com\/de\/produkt\/wick-zzzquil-goodnight-intense-60-pcs-8700216813037#primaryimage\"},\"image\":{\"@id\":\"https:\/\/lions-pharmacy.com\/de\/produkt\/wick-zzzquil-goodnight-intense-60-pcs-8700216813037#primaryimage\"},\"thumbnailUrl\":\"https:\/\/lions-pharmacy.com\/wp-content\/uploads\/2025\/07\/WICK-ZzzQuil-Goodnight-Intense-60-pcs-PZN-19455588-Lions-Pharmacy.webp\",\"datePublished\":\"2025-07-10T04:54:18+00:00\",\"dateModified\":\"2025-07-28T15:40:07+00:00\",\"description\":\"Registrierte deutsche Online-Apotheke. Schneller internationaler Versand und sicheres online einkaufen. Heel Medikamente: Gute-Nacht-Intensiv 60 Stk.\",\"breadcrumb\":{\"@id\":\"https:\/\/lions-pharmacy.com\/de\/produkt\/wick-zzzquil-goodnight-intense-60-pcs-8700216813037#breadcrumb\"},\"inLanguage\":\"de\",\"potentialAction\":[{\"@type\":\"ReadAction\",\"target\":[\"https:\/\/lions-pharmacy.com\/de\/produkt\/wick-zzzquil-goodnight-intense-60-pcs-8700216813037\"]}]},{\"@type\":\"ImageObject\",\"inLanguage\":\"de\",\"@id\":\"https:\/\/lions-pharmacy.com\/de\/produkt\/wick-zzzquil-goodnight-intense-60-pcs-8700216813037#primaryimage\",\"url\":\"https:\/\/lions-pharmacy.com\/wp-content\/uploads\/2025\/07\/WICK-ZzzQuil-Goodnight-Intense-60-pcs-PZN-19455588-Lions-Pharmacy.webp\",\"contentUrl\":\"https:\/\/lions-pharmacy.com\/wp-content\/uploads\/2025\/07\/WICK-ZzzQuil-Goodnight-Intense-60-pcs-PZN-19455588-Lions-Pharmacy.webp\",\"width\":600,\"height\":600,\"caption\":\"WICK ZzzQuil Goodnight Intense 60 St\u00fcck, PZN-19455588 Lions-Apotheke\"},{\"@type\":\"BreadcrumbList\",\"@id\":\"https:\/\/lions-pharmacy.com\/de\/produkt\/wick-zzzquil-goodnight-intense-60-pcs-8700216813037#breadcrumb\",\"itemListElement\":[{\"@type\":\"ListItem\",\"position\":1,\"name\":\"Home\",\"item\":\"https:\/\/lions-pharmacy.com\/de\/homepage-lion-pharmacy\"},{\"@type\":\"ListItem\",\"position\":2,\"name\":\"Shop\",\"item\":\"https:\/\/lions-pharmacy.com\/de\/shop-2\"},{\"@type\":\"ListItem\",\"position\":3,\"name\":\"Gute-Nacht-Intensiv 60 Stk.\"}]},{\"@type\":\"WebSite\",\"@id\":\"https:\/\/lions-pharmacy.com\/de#website\",\"url\":\"https:\/\/lions-pharmacy.com\/de\",\"name\":\"Lions Pharmacy\",\"description\":\"Ihr Spezialist f\u00fcr Naturheilkunde aus Baden-Baden, Germany\",\"publisher\":{\"@id\":\"https:\/\/lions-pharmacy.com\/de#organization\"},\"alternateName\":\"Lion Pharmacy\",\"potentialAction\":[{\"@type\":\"SearchAction\",\"target\":{\"@type\":\"EntryPoint\",\"urlTemplate\":\"https:\/\/lions-pharmacy.com\/de?s={search_term_string}\"},\"query-input\":{\"@type\":\"PropertyValueSpecification\",\"valueRequired\":true,\"valueName\":\"search_term_string\"}}],\"inLanguage\":\"de\"},{\"@type\":\"Organization\",\"@id\":\"https:\/\/lions-pharmacy.com\/de#organization\",\"name\":\"Lions Pharmacy\",\"alternateName\":\"Lions Pharmacy24\",\"url\":\"https:\/\/lions-pharmacy.com\/de\",\"logo\":{\"@type\":\"ImageObject\",\"inLanguage\":\"de\",\"@id\":\"https:\/\/lions-pharmacy.com\/de#\/schema\/logo\/image\/\",\"url\":\"https:\/\/lions-pharmacy.com\/wp-content\/uploads\/2022\/12\/Logo-Lion-Pharmacy-c-o-Loewen-Apotheke-smal.jpg\",\"contentUrl\":\"https:\/\/lions-pharmacy.com\/wp-content\/uploads\/2022\/12\/Logo-Lion-Pharmacy-c-o-Loewen-Apotheke-smal.jpg\",\"width\":298,\"height\":99,\"caption\":\"Lions Pharmacy\"},\"image\":{\"@id\":\"https:\/\/lions-pharmacy.com\/de#\/schema\/logo\/image\/\"}}]}<\/script>\n<!-- \/ Yoast SEO plugin. -->","yoast_head_json":{"title":"Gute-Nacht-Intensiv 60 Stk. &#187; L\u00f6wen Apotheke &#187;","description":"Registrierte deutsche Online-Apotheke. Schneller internationaler Versand und sicheres online einkaufen. Heel Medikamente: Gute-Nacht-Intensiv 60 Stk.","robots":{"index":"index","follow":"follow","max-snippet":"max-snippet:-1","max-image-preview":"max-image-preview:large","max-video-preview":"max-video-preview:-1"},"canonical":"https:\/\/lions-pharmacy.com\/de\/produkt\/wick-zzzquil-goodnight-intense-60-pcs-8700216813037","og_locale":"de_DE","og_type":"article","og_title":"Gute-Nacht-Intensiv 60 Stk. &#187; L\u00f6wen Apotheke &#187;","og_description":"Registrierte deutsche Online-Apotheke. Schneller internationaler Versand und sicheres online einkaufen. Heel Medikamente: Gute-Nacht-Intensiv 60 Stk.","og_url":"https:\/\/lions-pharmacy.com\/de\/produkt\/wick-zzzquil-goodnight-intense-60-pcs-8700216813037","og_site_name":"L\u00f6wen Apotheke","article_modified_time":"2025-07-28T15:40:07+00:00","og_image":[{"width":600,"height":600,"url":"https:\/\/lions-pharmacy.com\/wp-content\/uploads\/2025\/07\/WICK-ZzzQuil-Goodnight-Intense-60-pcs-PZN-19455588-Lions-Pharmacy.webp","type":"image\/webp"}],"twitter_card":"summary_large_image","twitter_misc":{"Gesch\u00e4tzte Lesezeit":"2\u00a0Minuten"},"schema":{"@context":"https:\/\/schema.org","@graph":[{"@type":"WebPage","@id":"https:\/\/lions-pharmacy.com\/de\/produkt\/wick-zzzquil-goodnight-intense-60-pcs-8700216813037","url":"https:\/\/lions-pharmacy.com\/de\/produkt\/wick-zzzquil-goodnight-intense-60-pcs-8700216813037","name":"Gute-Nacht-Intensiv 60 Stk. &#187; L\u00f6wen Apotheke &#187;","isPartOf":{"@id":"https:\/\/lions-pharmacy.com\/de#website"},"primaryImageOfPage":{"@id":"https:\/\/lions-pharmacy.com\/de\/produkt\/wick-zzzquil-goodnight-intense-60-pcs-8700216813037#primaryimage"},"image":{"@id":"https:\/\/lions-pharmacy.com\/de\/produkt\/wick-zzzquil-goodnight-intense-60-pcs-8700216813037#primaryimage"},"thumbnailUrl":"https:\/\/lions-pharmacy.com\/wp-content\/uploads\/2025\/07\/WICK-ZzzQuil-Goodnight-Intense-60-pcs-PZN-19455588-Lions-Pharmacy.webp","datePublished":"2025-07-10T04:54:18+00:00","dateModified":"2025-07-28T15:40:07+00:00","description":"Registrierte deutsche Online-Apotheke. Schneller internationaler Versand und sicheres online einkaufen. Heel Medikamente: Gute-Nacht-Intensiv 60 Stk.","breadcrumb":{"@id":"https:\/\/lions-pharmacy.com\/de\/produkt\/wick-zzzquil-goodnight-intense-60-pcs-8700216813037#breadcrumb"},"inLanguage":"de","potentialAction":[{"@type":"ReadAction","target":["https:\/\/lions-pharmacy.com\/de\/produkt\/wick-zzzquil-goodnight-intense-60-pcs-8700216813037"]}]},{"@type":"ImageObject","inLanguage":"de","@id":"https:\/\/lions-pharmacy.com\/de\/produkt\/wick-zzzquil-goodnight-intense-60-pcs-8700216813037#primaryimage","url":"https:\/\/lions-pharmacy.com\/wp-content\/uploads\/2025\/07\/WICK-ZzzQuil-Goodnight-Intense-60-pcs-PZN-19455588-Lions-Pharmacy.webp","contentUrl":"https:\/\/lions-pharmacy.com\/wp-content\/uploads\/2025\/07\/WICK-ZzzQuil-Goodnight-Intense-60-pcs-PZN-19455588-Lions-Pharmacy.webp","width":600,"height":600,"caption":"WICK ZzzQuil Goodnight Intense 60 St\u00fcck, PZN-19455588 Lions-Apotheke"},{"@type":"BreadcrumbList","@id":"https:\/\/lions-pharmacy.com\/de\/produkt\/wick-zzzquil-goodnight-intense-60-pcs-8700216813037#breadcrumb","itemListElement":[{"@type":"ListItem","position":1,"name":"Home","item":"https:\/\/lions-pharmacy.com\/de\/homepage-lion-pharmacy"},{"@type":"ListItem","position":2,"name":"Shop","item":"https:\/\/lions-pharmacy.com\/de\/shop-2"},{"@type":"ListItem","position":3,"name":"Gute-Nacht-Intensiv 60 Stk."}]},{"@type":"WebSite","@id":"https:\/\/lions-pharmacy.com\/de#website","url":"https:\/\/lions-pharmacy.com\/de","name":"Lions Pharmacy","description":"Ihr Spezialist f\u00fcr Naturheilkunde aus Baden-Baden, Germany","publisher":{"@id":"https:\/\/lions-pharmacy.com\/de#organization"},"alternateName":"Lion Pharmacy","potentialAction":[{"@type":"SearchAction","target":{"@type":"EntryPoint","urlTemplate":"https:\/\/lions-pharmacy.com\/de?s={search_term_string}"},"query-input":{"@type":"PropertyValueSpecification","valueRequired":true,"valueName":"search_term_string"}}],"inLanguage":"de"},{"@type":"Organization","@id":"https:\/\/lions-pharmacy.com\/de#organization","name":"Lions Pharmacy","alternateName":"Lions Pharmacy24","url":"https:\/\/lions-pharmacy.com\/de","logo":{"@type":"ImageObject","inLanguage":"de","@id":"https:\/\/lions-pharmacy.com\/de#\/schema\/logo\/image\/","url":"https:\/\/lions-pharmacy.com\/wp-content\/uploads\/2022\/12\/Logo-Lion-Pharmacy-c-o-Loewen-Apotheke-smal.jpg","contentUrl":"https:\/\/lions-pharmacy.com\/wp-content\/uploads\/2022\/12\/Logo-Lion-Pharmacy-c-o-Loewen-Apotheke-smal.jpg","width":298,"height":99,"caption":"Lions Pharmacy"},"image":{"@id":"https:\/\/lions-pharmacy.com\/de#\/schema\/logo\/image\/"}}]}},"_links":{"self":[{"href":"https:\/\/lions-pharmacy.com\/de\/wp-json\/wp\/v2\/product\/13323","targetHints":{"allow":["GET"]}}],"collection":[{"href":"https:\/\/lions-pharmacy.com\/de\/wp-json\/wp\/v2\/product"}],"about":[{"href":"https:\/\/lions-pharmacy.com\/de\/wp-json\/wp\/v2\/types\/product"}],"replies":[{"embeddable":true,"href":"https:\/\/lions-pharmacy.com\/de\/wp-json\/wp\/v2\/comments?post=13323"}],"wp:featuredmedia":[{"embeddable":true,"href":"https:\/\/lions-pharmacy.com\/de\/wp-json\/wp\/v2\/media\/13332"}],"wp:attachment":[{"href":"https:\/\/lions-pharmacy.com\/de\/wp-json\/wp\/v2\/media?parent=13323"}],"wp:term":[{"taxonomy":"product_brand","embeddable":true,"href":"https:\/\/lions-pharmacy.com\/de\/wp-json\/wp\/v2\/product_brand?post=13323"},{"taxonomy":"product_cat","embeddable":true,"href":"https:\/\/lions-pharmacy.com\/de\/wp-json\/wp\/v2\/product_cat?post=13323"},{"taxonomy":"product_tag","embeddable":true,"href":"https:\/\/lions-pharmacy.com\/de\/wp-json\/wp\/v2\/product_tag?post=13323"}],"curies":[{"name":"wp","href":"https:\/\/api.w.org\/{rel}","templated":true}]}}