{"id":11731,"date":"2025-05-10T06:16:03","date_gmt":"2025-05-10T05:16:03","guid":{"rendered":"https:\/\/lions-pharmacy.com\/?post_type=product&#038;p=11731"},"modified":"2026-02-16T10:50:28","modified_gmt":"2026-02-16T09:50:28","slug":"lymphomyosot-n-ampoules-10-pc-01674686","status":"publish","type":"product","link":"https:\/\/lions-pharmacy.com\/de\/produkt\/lymphomyosot-n-ampoules-10-pc-01674686","title":{"rendered":"Lymphomyosot N Ampullen (10 St\u00fcck)"},"content":{"rendered":"<h3>Lymphomyosot N-Ampullen<\/h3>\n<p>Lymphomyosot N Ampullen ein registriertes hom\u00f6opathisches Arzneimittel, daher ohne Angabe einer therapeutischen Indikation.<\/p>\n<p>Packungsbeilage\/Gebrauchsanweisung\/Artikeldatenblatt: \u2013 (PDF-Reader)<\/p>\n<p>Andere Produkte aus: <a href=\"https:\/\/lions-pharmacy.com\/de\/produkt-schlagwort\/homoopathie\" rel=\"tag\">Hom\u00f6opathie<\/a> | <a href=\"https:\/\/lions-pharmacy.com\/de\/produkt-schlagwort\/vitamine-und-nahrungserganzungsmittel\">Vitamine &amp; Nahrungserg\u00e4nzung Produkte<\/a><\/p>\n<p>Weitere Details zum Produkt finden Sie beim Hersteller: <a href=\"https:\/\/www.heel.de\/de\/produktsuche.html\" target=\"_blank\" rel=\"noopener\">Biologische <\/a><a href=\"https:\/\/www.heel.de\/de\/produktsuche.html\">Heilmittel<\/a> <a href=\"https:\/\/www.heel.de\/de\/produktsuche.html\" target=\"_blank\" rel=\"noopener\">Heel GmbH<\/a><\/p>\n<p>Informationen auf dieser Website werden ausschlie\u00dflich f\u00fcr informative Zwecke zur Verf\u00fcgung gestellt. Sie ersetzen keinesfalls die Untersuchung und Behandlung durch einen Arzt. Bitte beachten Sie, dass hierdurch weder Diagnosen gestellt noch Therapien eingeleitet werden k\u00f6nnen.<\/p>\n<p>Zu Risiken und Nebenwirkungen lesen Sie die Packungsbeilage und fragen Sie Ihren Arzt oder Apotheker.<\/p>\n<p>&nbsp;<\/p>\n<h3>Verschreibung | E-Rezept erh\u00e4ltlich?<\/h3>\n<p>Reichen Sie jetzt Ihr E-Rezept ein. Nutzen Sie unsere <a href=\"https:\/\/e-rezept-app.de\/shop-rezept\" target=\"_blank\" rel=\"noopener\">E-Rezept-App<\/a> . Und wir schenken Ihnen die Versandkosten in Deutschland!<\/p>\n","protected":false},"excerpt":{"rendered":"<h2>Lymphomyosot N Ampullen<\/h2>\n<p>Registriertes hom\u00f6opathisches Arzneimittel.<\/p>\n<p>&nbsp;<\/p>\n<p><strong>PZN<\/strong>: 01674686<\/p>\n<p><strong>Darreichungsform<\/strong>: Ampullen<\/p>\n<p><strong>Packungsgr\u00f6\u00dfe<\/strong>: 10 St\u00fcck.<\/p>\n<p><strong>Art der Verschreibung:<\/strong> ohne Rezept<\/p>\n<p><strong>Marke<\/strong>: &#8211;<\/p>\n<p><strong>Hersteller<\/strong>: Biologische Heel, Deutschland<\/p>\n","protected":false},"featured_media":11736,"comment_status":"closed","ping_status":"closed","template":"","meta":[],"product_brand":[],"product_cat":[364,368],"product_tag":[381,472,512,474],"class_list":{"0":"post-11731","1":"product","2":"type-product","3":"status-publish","4":"has-post-thumbnail","6":"product_cat-heel-de","7":"product_cat-shop-de","8":"product_tag-homoopathie","9":"product_tag-naturliche-heilmittel","10":"product_tag-pflanzlicher-wirkstoff-de","11":"product_tag-pflanzlicher-wirkstoff","12":"ts_product_brand-alle","13":"ts_product_brand-heel-de","15":"first","16":"instock","17":"sale","18":"taxable","19":"shipping-taxable","20":"purchasable","21":"product-type-simple"},"yoast_head":"<!-- This site is optimized with the Yoast SEO plugin v26.5 - https:\/\/yoast.com\/wordpress\/plugins\/seo\/ -->\n<title>Lymphomyosot N Ampullen (10 St\u00fcck) &#187; einkaufen L\u00f6wen Apotheke<\/title>\n<meta name=\"description\" content=\"Von Biologische Heel. Lymphomyosot N Ampullen (10 St\u00fcck) Bestellen Sie hier bei einer registrierten deutschen Online-Apotheke. Schneller Versand weltweit.\" \/>\n<meta name=\"robots\" content=\"index, follow, max-snippet:-1, max-image-preview:large, max-video-preview:-1\" \/>\n<link rel=\"canonical\" href=\"https:\/\/lions-pharmacy.com\/de\/produkt\/lymphomyosot-n-ampoules-10-pc-01674686\" \/>\n<meta property=\"og:locale\" content=\"de_DE\" \/>\n<meta property=\"og:type\" content=\"article\" \/>\n<meta property=\"og:title\" content=\"Lymphomyosot N Ampullen (10 St\u00fcck) &#187; einkaufen L\u00f6wen Apotheke\" \/>\n<meta property=\"og:description\" content=\"Von Biologische Heel. Lymphomyosot N Ampullen (10 St\u00fcck) Bestellen Sie hier bei einer registrierten deutschen Online-Apotheke. Schneller Versand weltweit.\" \/>\n<meta property=\"og:url\" content=\"https:\/\/lions-pharmacy.com\/de\/produkt\/lymphomyosot-n-ampoules-10-pc-01674686\" \/>\n<meta property=\"og:site_name\" content=\"L\u00f6wen Apotheke\" \/>\n<meta property=\"article:modified_time\" content=\"2026-02-16T09:50:28+00:00\" \/>\n<meta property=\"og:image\" content=\"https:\/\/lions-pharmacy.com\/wp-content\/uploads\/2025\/05\/Lymphomyosot-n-ampoules-from-biologische-Heel-PZN-01674686-Lions-Pharmacy.webp\" \/>\n\t<meta property=\"og:image:width\" content=\"600\" \/>\n\t<meta property=\"og:image:height\" content=\"600\" \/>\n\t<meta property=\"og:image:type\" content=\"image\/webp\" \/>\n<meta name=\"twitter:card\" content=\"summary_large_image\" \/>\n<meta name=\"twitter:label1\" content=\"Gesch\u00e4tzte Lesezeit\" \/>\n\t<meta name=\"twitter:data1\" content=\"1\u00a0Minute\" \/>\n<script type=\"application\/ld+json\" class=\"yoast-schema-graph\">{\"@context\":\"https:\/\/schema.org\",\"@graph\":[{\"@type\":\"WebPage\",\"@id\":\"https:\/\/lions-pharmacy.com\/de\/produkt\/lymphomyosot-n-ampoules-10-pc-01674686\",\"url\":\"https:\/\/lions-pharmacy.com\/de\/produkt\/lymphomyosot-n-ampoules-10-pc-01674686\",\"name\":\"Lymphomyosot N Ampullen (10 St\u00fcck) &#187; einkaufen L\u00f6wen Apotheke\",\"isPartOf\":{\"@id\":\"https:\/\/lions-pharmacy.com\/de#website\"},\"primaryImageOfPage\":{\"@id\":\"https:\/\/lions-pharmacy.com\/de\/produkt\/lymphomyosot-n-ampoules-10-pc-01674686#primaryimage\"},\"image\":{\"@id\":\"https:\/\/lions-pharmacy.com\/de\/produkt\/lymphomyosot-n-ampoules-10-pc-01674686#primaryimage\"},\"thumbnailUrl\":\"https:\/\/lions-pharmacy.com\/wp-content\/uploads\/2025\/05\/Lymphomyosot-n-ampoules-from-biologische-Heel-PZN-01674686-Lions-Pharmacy.webp\",\"datePublished\":\"2025-05-10T05:16:03+00:00\",\"dateModified\":\"2026-02-16T09:50:28+00:00\",\"description\":\"Von Biologische Heel. Lymphomyosot N Ampullen (10 St\u00fcck) Bestellen Sie hier bei einer registrierten deutschen Online-Apotheke. Schneller Versand weltweit.\",\"breadcrumb\":{\"@id\":\"https:\/\/lions-pharmacy.com\/de\/produkt\/lymphomyosot-n-ampoules-10-pc-01674686#breadcrumb\"},\"inLanguage\":\"de\",\"potentialAction\":[{\"@type\":\"ReadAction\",\"target\":[\"https:\/\/lions-pharmacy.com\/de\/produkt\/lymphomyosot-n-ampoules-10-pc-01674686\"]}]},{\"@type\":\"ImageObject\",\"inLanguage\":\"de\",\"@id\":\"https:\/\/lions-pharmacy.com\/de\/produkt\/lymphomyosot-n-ampoules-10-pc-01674686#primaryimage\",\"url\":\"https:\/\/lions-pharmacy.com\/wp-content\/uploads\/2025\/05\/Lymphomyosot-n-ampoules-from-biologische-Heel-PZN-01674686-Lions-Pharmacy.webp\",\"contentUrl\":\"https:\/\/lions-pharmacy.com\/wp-content\/uploads\/2025\/05\/Lymphomyosot-n-ampoules-from-biologische-Heel-PZN-01674686-Lions-Pharmacy.webp\",\"width\":600,\"height\":600,\"caption\":\"Eine Schachtel Lymphomyosot n Ampullen von biologische Heel, PZN 01674686, Lions Pharmacy\"},{\"@type\":\"BreadcrumbList\",\"@id\":\"https:\/\/lions-pharmacy.com\/de\/produkt\/lymphomyosot-n-ampoules-10-pc-01674686#breadcrumb\",\"itemListElement\":[{\"@type\":\"ListItem\",\"position\":1,\"name\":\"Home\",\"item\":\"https:\/\/lions-pharmacy.com\/de\/homepage-lion-pharmacy\"},{\"@type\":\"ListItem\",\"position\":2,\"name\":\"Shop\",\"item\":\"https:\/\/lions-pharmacy.com\/de\/shop-2\"},{\"@type\":\"ListItem\",\"position\":3,\"name\":\"Lymphomyosot N Ampullen (10 St\u00fcck)\"}]},{\"@type\":\"WebSite\",\"@id\":\"https:\/\/lions-pharmacy.com\/de#website\",\"url\":\"https:\/\/lions-pharmacy.com\/de\",\"name\":\"Lions Pharmacy\",\"description\":\"Ihr Spezialist f\u00fcr Naturheilkunde aus Baden-Baden, Germany\",\"publisher\":{\"@id\":\"https:\/\/lions-pharmacy.com\/de#organization\"},\"alternateName\":\"Lion Pharmacy\",\"potentialAction\":[{\"@type\":\"SearchAction\",\"target\":{\"@type\":\"EntryPoint\",\"urlTemplate\":\"https:\/\/lions-pharmacy.com\/de?s={search_term_string}\"},\"query-input\":{\"@type\":\"PropertyValueSpecification\",\"valueRequired\":true,\"valueName\":\"search_term_string\"}}],\"inLanguage\":\"de\"},{\"@type\":\"Organization\",\"@id\":\"https:\/\/lions-pharmacy.com\/de#organization\",\"name\":\"Lions Pharmacy\",\"alternateName\":\"Lions Pharmacy24\",\"url\":\"https:\/\/lions-pharmacy.com\/de\",\"logo\":{\"@type\":\"ImageObject\",\"inLanguage\":\"de\",\"@id\":\"https:\/\/lions-pharmacy.com\/de#\/schema\/logo\/image\/\",\"url\":\"https:\/\/lions-pharmacy.com\/wp-content\/uploads\/2022\/12\/Logo-Lion-Pharmacy-c-o-Loewen-Apotheke-smal.jpg\",\"contentUrl\":\"https:\/\/lions-pharmacy.com\/wp-content\/uploads\/2022\/12\/Logo-Lion-Pharmacy-c-o-Loewen-Apotheke-smal.jpg\",\"width\":298,\"height\":99,\"caption\":\"Lions Pharmacy\"},\"image\":{\"@id\":\"https:\/\/lions-pharmacy.com\/de#\/schema\/logo\/image\/\"}}]}<\/script>\n<!-- \/ Yoast SEO plugin. -->","yoast_head_json":{"title":"Lymphomyosot N Ampullen (10 St\u00fcck) &#187; einkaufen L\u00f6wen Apotheke","description":"Von Biologische Heel. Lymphomyosot N Ampullen (10 St\u00fcck) Bestellen Sie hier bei einer registrierten deutschen Online-Apotheke. Schneller Versand weltweit.","robots":{"index":"index","follow":"follow","max-snippet":"max-snippet:-1","max-image-preview":"max-image-preview:large","max-video-preview":"max-video-preview:-1"},"canonical":"https:\/\/lions-pharmacy.com\/de\/produkt\/lymphomyosot-n-ampoules-10-pc-01674686","og_locale":"de_DE","og_type":"article","og_title":"Lymphomyosot N Ampullen (10 St\u00fcck) &#187; einkaufen L\u00f6wen Apotheke","og_description":"Von Biologische Heel. Lymphomyosot N Ampullen (10 St\u00fcck) Bestellen Sie hier bei einer registrierten deutschen Online-Apotheke. Schneller Versand weltweit.","og_url":"https:\/\/lions-pharmacy.com\/de\/produkt\/lymphomyosot-n-ampoules-10-pc-01674686","og_site_name":"L\u00f6wen Apotheke","article_modified_time":"2026-02-16T09:50:28+00:00","og_image":[{"width":600,"height":600,"url":"https:\/\/lions-pharmacy.com\/wp-content\/uploads\/2025\/05\/Lymphomyosot-n-ampoules-from-biologische-Heel-PZN-01674686-Lions-Pharmacy.webp","type":"image\/webp"}],"twitter_card":"summary_large_image","twitter_misc":{"Gesch\u00e4tzte Lesezeit":"1\u00a0Minute"},"schema":{"@context":"https:\/\/schema.org","@graph":[{"@type":"WebPage","@id":"https:\/\/lions-pharmacy.com\/de\/produkt\/lymphomyosot-n-ampoules-10-pc-01674686","url":"https:\/\/lions-pharmacy.com\/de\/produkt\/lymphomyosot-n-ampoules-10-pc-01674686","name":"Lymphomyosot N Ampullen (10 St\u00fcck) &#187; einkaufen L\u00f6wen Apotheke","isPartOf":{"@id":"https:\/\/lions-pharmacy.com\/de#website"},"primaryImageOfPage":{"@id":"https:\/\/lions-pharmacy.com\/de\/produkt\/lymphomyosot-n-ampoules-10-pc-01674686#primaryimage"},"image":{"@id":"https:\/\/lions-pharmacy.com\/de\/produkt\/lymphomyosot-n-ampoules-10-pc-01674686#primaryimage"},"thumbnailUrl":"https:\/\/lions-pharmacy.com\/wp-content\/uploads\/2025\/05\/Lymphomyosot-n-ampoules-from-biologische-Heel-PZN-01674686-Lions-Pharmacy.webp","datePublished":"2025-05-10T05:16:03+00:00","dateModified":"2026-02-16T09:50:28+00:00","description":"Von Biologische Heel. Lymphomyosot N Ampullen (10 St\u00fcck) Bestellen Sie hier bei einer registrierten deutschen Online-Apotheke. Schneller Versand weltweit.","breadcrumb":{"@id":"https:\/\/lions-pharmacy.com\/de\/produkt\/lymphomyosot-n-ampoules-10-pc-01674686#breadcrumb"},"inLanguage":"de","potentialAction":[{"@type":"ReadAction","target":["https:\/\/lions-pharmacy.com\/de\/produkt\/lymphomyosot-n-ampoules-10-pc-01674686"]}]},{"@type":"ImageObject","inLanguage":"de","@id":"https:\/\/lions-pharmacy.com\/de\/produkt\/lymphomyosot-n-ampoules-10-pc-01674686#primaryimage","url":"https:\/\/lions-pharmacy.com\/wp-content\/uploads\/2025\/05\/Lymphomyosot-n-ampoules-from-biologische-Heel-PZN-01674686-Lions-Pharmacy.webp","contentUrl":"https:\/\/lions-pharmacy.com\/wp-content\/uploads\/2025\/05\/Lymphomyosot-n-ampoules-from-biologische-Heel-PZN-01674686-Lions-Pharmacy.webp","width":600,"height":600,"caption":"Eine Schachtel Lymphomyosot n Ampullen von biologische Heel, PZN 01674686, Lions Pharmacy"},{"@type":"BreadcrumbList","@id":"https:\/\/lions-pharmacy.com\/de\/produkt\/lymphomyosot-n-ampoules-10-pc-01674686#breadcrumb","itemListElement":[{"@type":"ListItem","position":1,"name":"Home","item":"https:\/\/lions-pharmacy.com\/de\/homepage-lion-pharmacy"},{"@type":"ListItem","position":2,"name":"Shop","item":"https:\/\/lions-pharmacy.com\/de\/shop-2"},{"@type":"ListItem","position":3,"name":"Lymphomyosot N Ampullen (10 St\u00fcck)"}]},{"@type":"WebSite","@id":"https:\/\/lions-pharmacy.com\/de#website","url":"https:\/\/lions-pharmacy.com\/de","name":"Lions Pharmacy","description":"Ihr Spezialist f\u00fcr Naturheilkunde aus Baden-Baden, Germany","publisher":{"@id":"https:\/\/lions-pharmacy.com\/de#organization"},"alternateName":"Lion Pharmacy","potentialAction":[{"@type":"SearchAction","target":{"@type":"EntryPoint","urlTemplate":"https:\/\/lions-pharmacy.com\/de?s={search_term_string}"},"query-input":{"@type":"PropertyValueSpecification","valueRequired":true,"valueName":"search_term_string"}}],"inLanguage":"de"},{"@type":"Organization","@id":"https:\/\/lions-pharmacy.com\/de#organization","name":"Lions Pharmacy","alternateName":"Lions Pharmacy24","url":"https:\/\/lions-pharmacy.com\/de","logo":{"@type":"ImageObject","inLanguage":"de","@id":"https:\/\/lions-pharmacy.com\/de#\/schema\/logo\/image\/","url":"https:\/\/lions-pharmacy.com\/wp-content\/uploads\/2022\/12\/Logo-Lion-Pharmacy-c-o-Loewen-Apotheke-smal.jpg","contentUrl":"https:\/\/lions-pharmacy.com\/wp-content\/uploads\/2022\/12\/Logo-Lion-Pharmacy-c-o-Loewen-Apotheke-smal.jpg","width":298,"height":99,"caption":"Lions Pharmacy"},"image":{"@id":"https:\/\/lions-pharmacy.com\/de#\/schema\/logo\/image\/"}}]}},"_links":{"self":[{"href":"https:\/\/lions-pharmacy.com\/de\/wp-json\/wp\/v2\/product\/11731","targetHints":{"allow":["GET"]}}],"collection":[{"href":"https:\/\/lions-pharmacy.com\/de\/wp-json\/wp\/v2\/product"}],"about":[{"href":"https:\/\/lions-pharmacy.com\/de\/wp-json\/wp\/v2\/types\/product"}],"replies":[{"embeddable":true,"href":"https:\/\/lions-pharmacy.com\/de\/wp-json\/wp\/v2\/comments?post=11731"}],"wp:featuredmedia":[{"embeddable":true,"href":"https:\/\/lions-pharmacy.com\/de\/wp-json\/wp\/v2\/media\/11736"}],"wp:attachment":[{"href":"https:\/\/lions-pharmacy.com\/de\/wp-json\/wp\/v2\/media?parent=11731"}],"wp:term":[{"taxonomy":"product_brand","embeddable":true,"href":"https:\/\/lions-pharmacy.com\/de\/wp-json\/wp\/v2\/product_brand?post=11731"},{"taxonomy":"product_cat","embeddable":true,"href":"https:\/\/lions-pharmacy.com\/de\/wp-json\/wp\/v2\/product_cat?post=11731"},{"taxonomy":"product_tag","embeddable":true,"href":"https:\/\/lions-pharmacy.com\/de\/wp-json\/wp\/v2\/product_tag?post=11731"}],"curies":[{"name":"wp","href":"https:\/\/api.w.org\/{rel}","templated":true}]}}