{"id":11018,"date":"2025-04-12T05:45:32","date_gmt":"2025-04-12T04:45:32","guid":{"rendered":"https:\/\/lions-pharmacy.com\/?post_type=product&#038;p=11018"},"modified":"2026-02-16T21:05:41","modified_gmt":"2026-02-16T20:05:41","slug":"ubichinon-compositum-ad-us-vet-ampoules-10-pc-15300363","status":"publish","type":"product","link":"https:\/\/lions-pharmacy.com\/de\/produkt\/ubichinon-compositum-ad-us-vet-ampoules-10-pc-15300363","title":{"rendered":"UBICHINON compositum ad us vet Ampullen (10 St\u00fcck)"},"content":{"rendered":"<h3>UBICHINON compositum ad us vet Ampullen<\/h3>\n<p>UBICHINON compositum ad us vet Ampullen ein nat\u00fcrliches Tierarzneimittel f\u00fcr Katzen und Hunde. Unterst\u00fctzt die k\u00f6rpereigenen Heilungsprozesse.<\/p>\n<p>Packungsbeilage\/Gebrauchsanweisung\/Artikeldatenblatt:  <a href=\"https:\/\/lions-pharmacy.com\/wp-content\/uploads\/2025\/04\/Ubichinon_compositum_ad-us-vet_Amp_BPZ.pdf\">Ubichinon comp. Anzeige. uns. vet. Amp Artikel Blatt<\/a>  (PDF-Reader)<\/p>\n<p>Andere Produkte aus: <a href=\"https:\/\/lions-pharmacy.com\/de\/produkt-schlagwort\/tiermedizin\">Tierpflege &amp; Tiermedizinische Produkte<\/a> | <a href=\"https:\/\/lions-pharmacy.com\/de\/produkt-schlagwort\/vitamine-und-nahrungserganzungsmittel\">Vitamine &amp; Nahrungserg\u00e4nzung Produkte<\/a><\/p>\n<p>Weitere Details zum Produkt finden Sie beim Hersteller: <a href=\"https:\/\/www.heel.de\/de\/produktsuche.html\" target=\"_blank\" rel=\"noopener\">Biologische <\/a><a href=\"https:\/\/www.heel.de\/de\/produktsuche.html\">Heilmittel<\/a> <a href=\"https:\/\/www.heel.de\/de\/produktsuche.html\" target=\"_blank\" rel=\"noopener\">Heel GmbH<\/a><\/p>\n<p>Informationen auf dieser Website werden ausschlie\u00dflich f\u00fcr informative Zwecke zur Verf\u00fcgung gestellt. Sie ersetzen keinesfalls die Untersuchung und Behandlung durch einen Arzt. Bitte beachten Sie, dass hierdurch weder Diagnosen gestellt noch Therapien eingeleitet werden k\u00f6nnen.<\/p>\n<p>Zu Risiken und Nebenwirkungen lesen Sie die Packungsbeilage und fragen Sie Ihren Arzt oder Apotheker.<\/p>\n<p>&nbsp;<\/p>\n<h3>Verschreibung | E-Rezept erh\u00e4ltlich?<\/h3>\n<p>Reichen Sie jetzt Ihr E-Rezept ein. Nutzen Sie unsere <a href=\"https:\/\/e-rezept-app.de\/shop-rezept\" target=\"_blank\" rel=\"noopener\">E-Rezept-App<\/a> . Und wir schenken Ihnen die Versandkosten in Deutschland!<\/p>\n","protected":false},"excerpt":{"rendered":"<h2>UBICHINON compositum ad. uns. Tierarzt<\/h2>\n<p>Nat\u00fcrliche Tiermedizin f\u00fcr Katzen und Hunde. Unterst\u00fctzt die k\u00f6rpereigenen Heilungsprozesse.<\/p>\n<p>&nbsp;<\/p>\n<p><strong>PZN<\/strong>: 15300363<\/p>\n<p><strong>Darreichungsform<\/strong>: Ampullen<\/p>\n<p><strong>Packungsgr\u00f6\u00dfe<\/strong>: 10 stk a 2,2 ml<\/p>\n<p><strong>Art der Verschreibung:<\/strong> ohne Rezept<\/p>\n<p><strong>Marke<\/strong>: &#8211;<\/p>\n<p><strong>Hersteller<\/strong>: Biologische Heel, Deutschland<\/p>\n","protected":false},"featured_media":11028,"comment_status":"closed","ping_status":"closed","template":"","meta":[],"product_brand":[],"product_cat":[364,368],"product_tag":[381,426,603],"class_list":{"0":"post-11018","1":"product","2":"type-product","3":"status-publish","4":"has-post-thumbnail","6":"product_cat-heel-de","7":"product_cat-shop-de","8":"product_tag-homoopathie","9":"product_tag-neydil-de","10":"product_tag-tiermedizin","11":"ts_product_brand-alle","12":"ts_product_brand-heel-de","14":"first","15":"instock","16":"sale","17":"taxable","18":"shipping-taxable","19":"purchasable","20":"product-type-simple"},"yoast_head":"<!-- This site is optimized with the Yoast SEO plugin v26.5 - https:\/\/yoast.com\/wordpress\/plugins\/seo\/ -->\n<title>UBICHINON compositum ad us vet Ampullen (10 St\u00fcck) &#187; einkaufen L\u00f6wen Apotheke<\/title>\n<meta name=\"description\" content=\"Produkte f\u00fcr Hunde und Katzen von Heel. UBICHINON compositum ad us vet Ampullen (10 St\u00fcck) Bestellen Sie hier bei einer registrierten deutschen Online-Apotheke.\" \/>\n<meta name=\"robots\" content=\"index, follow, max-snippet:-1, max-image-preview:large, max-video-preview:-1\" \/>\n<link rel=\"canonical\" href=\"https:\/\/lions-pharmacy.com\/de\/produkt\/ubichinon-compositum-ad-us-vet-ampoules-10-pc-15300363\" \/>\n<meta property=\"og:locale\" content=\"de_DE\" \/>\n<meta property=\"og:type\" content=\"article\" \/>\n<meta property=\"og:title\" content=\"UBICHINON compositum ad us vet Ampullen (10 St\u00fcck) &#187; einkaufen L\u00f6wen Apotheke\" \/>\n<meta property=\"og:description\" content=\"Produkte f\u00fcr Hunde und Katzen von Heel. UBICHINON compositum ad us vet Ampullen (10 St\u00fcck) Bestellen Sie hier bei einer registrierten deutschen Online-Apotheke.\" \/>\n<meta property=\"og:url\" content=\"https:\/\/lions-pharmacy.com\/de\/produkt\/ubichinon-compositum-ad-us-vet-ampoules-10-pc-15300363\" \/>\n<meta property=\"og:site_name\" content=\"L\u00f6wen Apotheke\" \/>\n<meta property=\"article:modified_time\" content=\"2026-02-16T20:05:41+00:00\" \/>\n<meta property=\"og:image\" content=\"https:\/\/lions-pharmacy.com\/wp-content\/uploads\/2025\/04\/UBICHINON-compositum-ad-us-vet-ampoules-from-Heel-with-PZN-15300363-presented-by-Lions-Pharmacy.webp\" \/>\n\t<meta property=\"og:image:width\" content=\"600\" \/>\n\t<meta property=\"og:image:height\" content=\"600\" \/>\n\t<meta property=\"og:image:type\" content=\"image\/webp\" \/>\n<meta name=\"twitter:card\" content=\"summary_large_image\" \/>\n<meta name=\"twitter:label1\" content=\"Gesch\u00e4tzte Lesezeit\" \/>\n\t<meta name=\"twitter:data1\" content=\"1\u00a0Minute\" \/>\n<script type=\"application\/ld+json\" class=\"yoast-schema-graph\">{\"@context\":\"https:\/\/schema.org\",\"@graph\":[{\"@type\":\"WebPage\",\"@id\":\"https:\/\/lions-pharmacy.com\/de\/produkt\/ubichinon-compositum-ad-us-vet-ampoules-10-pc-15300363\",\"url\":\"https:\/\/lions-pharmacy.com\/de\/produkt\/ubichinon-compositum-ad-us-vet-ampoules-10-pc-15300363\",\"name\":\"UBICHINON compositum ad us vet Ampullen (10 St\u00fcck) &#187; einkaufen L\u00f6wen Apotheke\",\"isPartOf\":{\"@id\":\"https:\/\/lions-pharmacy.com\/de#website\"},\"primaryImageOfPage\":{\"@id\":\"https:\/\/lions-pharmacy.com\/de\/produkt\/ubichinon-compositum-ad-us-vet-ampoules-10-pc-15300363#primaryimage\"},\"image\":{\"@id\":\"https:\/\/lions-pharmacy.com\/de\/produkt\/ubichinon-compositum-ad-us-vet-ampoules-10-pc-15300363#primaryimage\"},\"thumbnailUrl\":\"https:\/\/lions-pharmacy.com\/wp-content\/uploads\/2025\/04\/UBICHINON-compositum-ad-us-vet-ampoules-from-Heel-with-PZN-15300363-presented-by-Lions-Pharmacy.webp\",\"datePublished\":\"2025-04-12T04:45:32+00:00\",\"dateModified\":\"2026-02-16T20:05:41+00:00\",\"description\":\"Produkte f\u00fcr Hunde und Katzen von Heel. UBICHINON compositum ad us vet Ampullen (10 St\u00fcck) Bestellen Sie hier bei einer registrierten deutschen Online-Apotheke.\",\"breadcrumb\":{\"@id\":\"https:\/\/lions-pharmacy.com\/de\/produkt\/ubichinon-compositum-ad-us-vet-ampoules-10-pc-15300363#breadcrumb\"},\"inLanguage\":\"de\",\"potentialAction\":[{\"@type\":\"ReadAction\",\"target\":[\"https:\/\/lions-pharmacy.com\/de\/produkt\/ubichinon-compositum-ad-us-vet-ampoules-10-pc-15300363\"]}]},{\"@type\":\"ImageObject\",\"inLanguage\":\"de\",\"@id\":\"https:\/\/lions-pharmacy.com\/de\/produkt\/ubichinon-compositum-ad-us-vet-ampoules-10-pc-15300363#primaryimage\",\"url\":\"https:\/\/lions-pharmacy.com\/wp-content\/uploads\/2025\/04\/UBICHINON-compositum-ad-us-vet-ampoules-from-Heel-with-PZN-15300363-presented-by-Lions-Pharmacy.webp\",\"contentUrl\":\"https:\/\/lions-pharmacy.com\/wp-content\/uploads\/2025\/04\/UBICHINON-compositum-ad-us-vet-ampoules-from-Heel-with-PZN-15300363-presented-by-Lions-Pharmacy.webp\",\"width\":600,\"height\":600,\"caption\":\"UBICHINON compositum ad us vet Ampullen von Heel mit PZN-15300363, pr\u00e4sentiert von Lions-Pharmacy\"},{\"@type\":\"BreadcrumbList\",\"@id\":\"https:\/\/lions-pharmacy.com\/de\/produkt\/ubichinon-compositum-ad-us-vet-ampoules-10-pc-15300363#breadcrumb\",\"itemListElement\":[{\"@type\":\"ListItem\",\"position\":1,\"name\":\"Home\",\"item\":\"https:\/\/lions-pharmacy.com\/de\/homepage-lion-pharmacy\"},{\"@type\":\"ListItem\",\"position\":2,\"name\":\"Shop\",\"item\":\"https:\/\/lions-pharmacy.com\/de\/shop-2\"},{\"@type\":\"ListItem\",\"position\":3,\"name\":\"UBICHINON compositum ad us vet Ampullen (10 St\u00fcck)\"}]},{\"@type\":\"WebSite\",\"@id\":\"https:\/\/lions-pharmacy.com\/de#website\",\"url\":\"https:\/\/lions-pharmacy.com\/de\",\"name\":\"Lions Pharmacy\",\"description\":\"Ihr Spezialist f\u00fcr Naturheilkunde aus Baden-Baden, Germany\",\"publisher\":{\"@id\":\"https:\/\/lions-pharmacy.com\/de#organization\"},\"alternateName\":\"Lion Pharmacy\",\"potentialAction\":[{\"@type\":\"SearchAction\",\"target\":{\"@type\":\"EntryPoint\",\"urlTemplate\":\"https:\/\/lions-pharmacy.com\/de?s={search_term_string}\"},\"query-input\":{\"@type\":\"PropertyValueSpecification\",\"valueRequired\":true,\"valueName\":\"search_term_string\"}}],\"inLanguage\":\"de\"},{\"@type\":\"Organization\",\"@id\":\"https:\/\/lions-pharmacy.com\/de#organization\",\"name\":\"Lions Pharmacy\",\"alternateName\":\"Lions Pharmacy24\",\"url\":\"https:\/\/lions-pharmacy.com\/de\",\"logo\":{\"@type\":\"ImageObject\",\"inLanguage\":\"de\",\"@id\":\"https:\/\/lions-pharmacy.com\/de#\/schema\/logo\/image\/\",\"url\":\"https:\/\/lions-pharmacy.com\/wp-content\/uploads\/2022\/12\/Logo-Lion-Pharmacy-c-o-Loewen-Apotheke-smal.jpg\",\"contentUrl\":\"https:\/\/lions-pharmacy.com\/wp-content\/uploads\/2022\/12\/Logo-Lion-Pharmacy-c-o-Loewen-Apotheke-smal.jpg\",\"width\":298,\"height\":99,\"caption\":\"Lions Pharmacy\"},\"image\":{\"@id\":\"https:\/\/lions-pharmacy.com\/de#\/schema\/logo\/image\/\"}}]}<\/script>\n<!-- \/ Yoast SEO plugin. -->","yoast_head_json":{"title":"UBICHINON compositum ad us vet Ampullen (10 St\u00fcck) &#187; einkaufen L\u00f6wen Apotheke","description":"Produkte f\u00fcr Hunde und Katzen von Heel. UBICHINON compositum ad us vet Ampullen (10 St\u00fcck) Bestellen Sie hier bei einer registrierten deutschen Online-Apotheke.","robots":{"index":"index","follow":"follow","max-snippet":"max-snippet:-1","max-image-preview":"max-image-preview:large","max-video-preview":"max-video-preview:-1"},"canonical":"https:\/\/lions-pharmacy.com\/de\/produkt\/ubichinon-compositum-ad-us-vet-ampoules-10-pc-15300363","og_locale":"de_DE","og_type":"article","og_title":"UBICHINON compositum ad us vet Ampullen (10 St\u00fcck) &#187; einkaufen L\u00f6wen Apotheke","og_description":"Produkte f\u00fcr Hunde und Katzen von Heel. UBICHINON compositum ad us vet Ampullen (10 St\u00fcck) Bestellen Sie hier bei einer registrierten deutschen Online-Apotheke.","og_url":"https:\/\/lions-pharmacy.com\/de\/produkt\/ubichinon-compositum-ad-us-vet-ampoules-10-pc-15300363","og_site_name":"L\u00f6wen Apotheke","article_modified_time":"2026-02-16T20:05:41+00:00","og_image":[{"width":600,"height":600,"url":"https:\/\/lions-pharmacy.com\/wp-content\/uploads\/2025\/04\/UBICHINON-compositum-ad-us-vet-ampoules-from-Heel-with-PZN-15300363-presented-by-Lions-Pharmacy.webp","type":"image\/webp"}],"twitter_card":"summary_large_image","twitter_misc":{"Gesch\u00e4tzte Lesezeit":"1\u00a0Minute"},"schema":{"@context":"https:\/\/schema.org","@graph":[{"@type":"WebPage","@id":"https:\/\/lions-pharmacy.com\/de\/produkt\/ubichinon-compositum-ad-us-vet-ampoules-10-pc-15300363","url":"https:\/\/lions-pharmacy.com\/de\/produkt\/ubichinon-compositum-ad-us-vet-ampoules-10-pc-15300363","name":"UBICHINON compositum ad us vet Ampullen (10 St\u00fcck) &#187; einkaufen L\u00f6wen Apotheke","isPartOf":{"@id":"https:\/\/lions-pharmacy.com\/de#website"},"primaryImageOfPage":{"@id":"https:\/\/lions-pharmacy.com\/de\/produkt\/ubichinon-compositum-ad-us-vet-ampoules-10-pc-15300363#primaryimage"},"image":{"@id":"https:\/\/lions-pharmacy.com\/de\/produkt\/ubichinon-compositum-ad-us-vet-ampoules-10-pc-15300363#primaryimage"},"thumbnailUrl":"https:\/\/lions-pharmacy.com\/wp-content\/uploads\/2025\/04\/UBICHINON-compositum-ad-us-vet-ampoules-from-Heel-with-PZN-15300363-presented-by-Lions-Pharmacy.webp","datePublished":"2025-04-12T04:45:32+00:00","dateModified":"2026-02-16T20:05:41+00:00","description":"Produkte f\u00fcr Hunde und Katzen von Heel. UBICHINON compositum ad us vet Ampullen (10 St\u00fcck) Bestellen Sie hier bei einer registrierten deutschen Online-Apotheke.","breadcrumb":{"@id":"https:\/\/lions-pharmacy.com\/de\/produkt\/ubichinon-compositum-ad-us-vet-ampoules-10-pc-15300363#breadcrumb"},"inLanguage":"de","potentialAction":[{"@type":"ReadAction","target":["https:\/\/lions-pharmacy.com\/de\/produkt\/ubichinon-compositum-ad-us-vet-ampoules-10-pc-15300363"]}]},{"@type":"ImageObject","inLanguage":"de","@id":"https:\/\/lions-pharmacy.com\/de\/produkt\/ubichinon-compositum-ad-us-vet-ampoules-10-pc-15300363#primaryimage","url":"https:\/\/lions-pharmacy.com\/wp-content\/uploads\/2025\/04\/UBICHINON-compositum-ad-us-vet-ampoules-from-Heel-with-PZN-15300363-presented-by-Lions-Pharmacy.webp","contentUrl":"https:\/\/lions-pharmacy.com\/wp-content\/uploads\/2025\/04\/UBICHINON-compositum-ad-us-vet-ampoules-from-Heel-with-PZN-15300363-presented-by-Lions-Pharmacy.webp","width":600,"height":600,"caption":"UBICHINON compositum ad us vet Ampullen von Heel mit PZN-15300363, pr\u00e4sentiert von Lions-Pharmacy"},{"@type":"BreadcrumbList","@id":"https:\/\/lions-pharmacy.com\/de\/produkt\/ubichinon-compositum-ad-us-vet-ampoules-10-pc-15300363#breadcrumb","itemListElement":[{"@type":"ListItem","position":1,"name":"Home","item":"https:\/\/lions-pharmacy.com\/de\/homepage-lion-pharmacy"},{"@type":"ListItem","position":2,"name":"Shop","item":"https:\/\/lions-pharmacy.com\/de\/shop-2"},{"@type":"ListItem","position":3,"name":"UBICHINON compositum ad us vet Ampullen (10 St\u00fcck)"}]},{"@type":"WebSite","@id":"https:\/\/lions-pharmacy.com\/de#website","url":"https:\/\/lions-pharmacy.com\/de","name":"Lions Pharmacy","description":"Ihr Spezialist f\u00fcr Naturheilkunde aus Baden-Baden, Germany","publisher":{"@id":"https:\/\/lions-pharmacy.com\/de#organization"},"alternateName":"Lion Pharmacy","potentialAction":[{"@type":"SearchAction","target":{"@type":"EntryPoint","urlTemplate":"https:\/\/lions-pharmacy.com\/de?s={search_term_string}"},"query-input":{"@type":"PropertyValueSpecification","valueRequired":true,"valueName":"search_term_string"}}],"inLanguage":"de"},{"@type":"Organization","@id":"https:\/\/lions-pharmacy.com\/de#organization","name":"Lions Pharmacy","alternateName":"Lions Pharmacy24","url":"https:\/\/lions-pharmacy.com\/de","logo":{"@type":"ImageObject","inLanguage":"de","@id":"https:\/\/lions-pharmacy.com\/de#\/schema\/logo\/image\/","url":"https:\/\/lions-pharmacy.com\/wp-content\/uploads\/2022\/12\/Logo-Lion-Pharmacy-c-o-Loewen-Apotheke-smal.jpg","contentUrl":"https:\/\/lions-pharmacy.com\/wp-content\/uploads\/2022\/12\/Logo-Lion-Pharmacy-c-o-Loewen-Apotheke-smal.jpg","width":298,"height":99,"caption":"Lions Pharmacy"},"image":{"@id":"https:\/\/lions-pharmacy.com\/de#\/schema\/logo\/image\/"}}]}},"_links":{"self":[{"href":"https:\/\/lions-pharmacy.com\/de\/wp-json\/wp\/v2\/product\/11018","targetHints":{"allow":["GET"]}}],"collection":[{"href":"https:\/\/lions-pharmacy.com\/de\/wp-json\/wp\/v2\/product"}],"about":[{"href":"https:\/\/lions-pharmacy.com\/de\/wp-json\/wp\/v2\/types\/product"}],"replies":[{"embeddable":true,"href":"https:\/\/lions-pharmacy.com\/de\/wp-json\/wp\/v2\/comments?post=11018"}],"wp:featuredmedia":[{"embeddable":true,"href":"https:\/\/lions-pharmacy.com\/de\/wp-json\/wp\/v2\/media\/11028"}],"wp:attachment":[{"href":"https:\/\/lions-pharmacy.com\/de\/wp-json\/wp\/v2\/media?parent=11018"}],"wp:term":[{"taxonomy":"product_brand","embeddable":true,"href":"https:\/\/lions-pharmacy.com\/de\/wp-json\/wp\/v2\/product_brand?post=11018"},{"taxonomy":"product_cat","embeddable":true,"href":"https:\/\/lions-pharmacy.com\/de\/wp-json\/wp\/v2\/product_cat?post=11018"},{"taxonomy":"product_tag","embeddable":true,"href":"https:\/\/lions-pharmacy.com\/de\/wp-json\/wp\/v2\/product_tag?post=11018"}],"curies":[{"name":"wp","href":"https:\/\/api.w.org\/{rel}","templated":true}]}}