{"id":10500,"date":"2025-03-27T07:26:23","date_gmt":"2025-03-27T06:26:23","guid":{"rendered":"https:\/\/lions-pharmacy.com\/?post_type=product&#038;p=10500"},"modified":"2025-04-10T14:41:41","modified_gmt":"2025-04-10T13:41:41","slug":"omni-biotic-skin-intensive-foot-bath-2x-110-g-double-pack","status":"publish","type":"product","link":"https:\/\/lions-pharmacy.com\/de\/produkt\/omni-biotic-skin-intensive-foot-bath-2x-110-g-double-pack","title":{"rendered":"OMNi BiOTiC Skin Intensiv-Fu\u00dfbad (2x 110 g)"},"content":{"rendered":"<h3>OMNi BiOTiC Skin Intensiv-Fu\u00dfbad<\/h3>\n<p>OMNi BiOTiC Skin Intensives Fu\u00dfbad reduziert und beseitigt unangenehmen Fu\u00dfgeruch. Badezusatz mit aktiven probiotischen Bakterien.<\/p>\n<p>Packungsbeilage\/Gebrauchsanweisung\/Artikeldatenblatt: &#8211; (PDF-Reader)<\/p>\n<p>Weitere Produkte f\u00fcr die Anwendung: <a href=\"https:\/\/lions-pharmacy.com\/product-tag\/concentration-stress\">Stress &amp; Immunsystem<\/a> | <a href=\"https:\/\/lions-pharmacy.com\/product-tag\/homeopathy\">Hom\u00f6opathie<\/a> | <a href=\"https:\/\/lions-pharmacy.com\/product-tag\/vitamins-supplements\">Vitamine &amp; Nahrungserg\u00e4nzungsmittel Produkte<\/a><\/p>\n<p>Erfahren Sie mehr \u00fcber den Hersteller und das Produkt: <a href=\"https:\/\/www.allergosan.com\/de\/unsere-produkte\/omni-biotic\/\" target=\"_blank\" rel=\"noopener\">Omni-Biotic<\/a> (Link zur externen Website)<\/p>\n<p>Informationen auf dieser Website werden ausschlie\u00dflich f\u00fcr informative Zwecke zur Verf\u00fcgung gestellt. Sie ersetzen keinesfalls die Untersuchung und Behandlung durch einen Arzt. Bitte beachten Sie, dass hierdurch weder Diagnosen gestellt noch Therapien eingeleitet werden k\u00f6nnen. Nahrungserg\u00e4nzungsmittel sind kein Ersatz f\u00fcr eine ausgewogene und abwechslungsreiche Ern\u00e4hrung und eine gesunde Lebensweise. Die angegebene empfohlene Tagesdosismenge darf nicht \u00fcberschritten werden. Bewahren Sie das Produkt au\u00dferhalb der Reichweite von kleinen Kindern auf.<\/p>\n<p>Zu Risiken und Nebenwirkungen lesen Sie die Packungsbeilage und fragen Sie Ihren Arzt oder Apotheker.<\/p>\n","protected":false},"excerpt":{"rendered":"<h2>OMNi BiOTiC Skin Intensives Fu\u00dfbad (Doppelpack)<\/h2>\n<p>Reduziert und beseitigt unangenehmen Fu\u00dfgeruch.<\/p>\n<p>&nbsp;<\/p>\n<p><strong>PZN<\/strong>: 19753191 (Pharmazentralnummer)<\/p>\n<p><strong>Darreichungsform<\/strong>: Pulver<\/p>\n<p><strong>Verschreibungsart<\/strong>: verschreibungsfrei<\/p>\n<p><strong>Marke<\/strong>: OMNI-BiOTiC<\/p>\n<p><strong>Hersteller<\/strong>: INSTITUT ALLERGOSAN Deutschland GmbH<\/p>\n<p><strong>Packungsgr\u00f6\u00dfe<\/strong>: 2x 110 g (Doppelpack)<\/p>\n","protected":false},"featured_media":10561,"comment_status":"closed","ping_status":"closed","template":"","meta":[],"product_brand":[],"product_cat":[612,367,368],"product_tag":[434,433,381,386,379,603,429],"class_list":{"0":"post-10500","1":"product","2":"type-product","3":"status-publish","4":"has-post-thumbnail","6":"product_cat-omni-biotic-de","7":"product_cat-sale-de","8":"product_cat-shop-de","9":"product_tag-gewicht-und-fitness","10":"product_tag-gewichtsmanagement","11":"product_tag-homoopathie","12":"product_tag-konzentration-stress","13":"product_tag-monatlicher-sale-de","14":"product_tag-tiermedizin","15":"product_tag-vitamine-und-nahrungserganzungsmittel","16":"ts_product_brand-alle","17":"ts_product_brand-allergosan-de","19":"first","20":"instock","21":"sale","22":"taxable","23":"shipping-taxable","24":"purchasable","25":"product-type-simple"},"yoast_head":"<!-- This site is optimized with the Yoast SEO plugin v26.5 - https:\/\/yoast.com\/wordpress\/plugins\/seo\/ -->\n<title>OMNi BiOTiC Skin Intensiv-Fu\u00dfbad (2x 110 g) &#187; bestelle bei L\u00f6wen Apotheke<\/title>\n<meta name=\"description\" content=\"Registrierte Online-Apotheke. Wir bieten: Schneller internationaler Versand mit DHL. Reduziert unangenehmen Fu\u00dfgeruch: OMNi BiOTiC Skin Intensiv-Fu\u00dfbad (2x 110 g)\" \/>\n<meta name=\"robots\" content=\"index, follow, max-snippet:-1, max-image-preview:large, max-video-preview:-1\" \/>\n<link rel=\"canonical\" href=\"https:\/\/lions-pharmacy.com\/de\/produkt\/omni-biotic-skin-intensive-foot-bath-2x-110-g-double-pack\" \/>\n<meta property=\"og:locale\" content=\"de_DE\" \/>\n<meta property=\"og:type\" content=\"article\" \/>\n<meta property=\"og:title\" content=\"OMNi BiOTiC Skin Intensiv-Fu\u00dfbad (2x 110 g) &#187; bestelle bei L\u00f6wen Apotheke\" \/>\n<meta property=\"og:description\" content=\"Registrierte Online-Apotheke. Wir bieten: Schneller internationaler Versand mit DHL. Reduziert unangenehmen Fu\u00dfgeruch: OMNi BiOTiC Skin Intensiv-Fu\u00dfbad (2x 110 g)\" \/>\n<meta property=\"og:url\" content=\"https:\/\/lions-pharmacy.com\/de\/produkt\/omni-biotic-skin-intensive-foot-bath-2x-110-g-double-pack\" \/>\n<meta property=\"og:site_name\" content=\"L\u00f6wen Apotheke\" \/>\n<meta property=\"article:modified_time\" content=\"2025-04-10T13:41:41+00:00\" \/>\n<meta property=\"og:image\" content=\"https:\/\/lions-pharmacy.com\/wp-content\/uploads\/2025\/03\/Omni-biotic-skin-Intensive-foot-bath-from-Allergosan-presented-by-Lions-Pharmacy-1.webp\" \/>\n\t<meta property=\"og:image:width\" content=\"600\" \/>\n\t<meta property=\"og:image:height\" content=\"600\" \/>\n\t<meta property=\"og:image:type\" content=\"image\/webp\" \/>\n<meta name=\"twitter:card\" content=\"summary_large_image\" \/>\n<meta name=\"twitter:label1\" content=\"Gesch\u00e4tzte Lesezeit\" \/>\n\t<meta name=\"twitter:data1\" content=\"1\u00a0Minute\" \/>\n<script type=\"application\/ld+json\" class=\"yoast-schema-graph\">{\"@context\":\"https:\/\/schema.org\",\"@graph\":[{\"@type\":\"WebPage\",\"@id\":\"https:\/\/lions-pharmacy.com\/de\/produkt\/omni-biotic-skin-intensive-foot-bath-2x-110-g-double-pack\",\"url\":\"https:\/\/lions-pharmacy.com\/de\/produkt\/omni-biotic-skin-intensive-foot-bath-2x-110-g-double-pack\",\"name\":\"OMNi BiOTiC Skin Intensiv-Fu\u00dfbad (2x 110 g) &#187; bestelle bei L\u00f6wen Apotheke\",\"isPartOf\":{\"@id\":\"https:\/\/lions-pharmacy.com\/de#website\"},\"primaryImageOfPage\":{\"@id\":\"https:\/\/lions-pharmacy.com\/de\/produkt\/omni-biotic-skin-intensive-foot-bath-2x-110-g-double-pack#primaryimage\"},\"image\":{\"@id\":\"https:\/\/lions-pharmacy.com\/de\/produkt\/omni-biotic-skin-intensive-foot-bath-2x-110-g-double-pack#primaryimage\"},\"thumbnailUrl\":\"https:\/\/lions-pharmacy.com\/wp-content\/uploads\/2025\/03\/Omni-biotic-skin-Intensive-foot-bath-from-Allergosan-presented-by-Lions-Pharmacy-1.webp\",\"datePublished\":\"2025-03-27T06:26:23+00:00\",\"dateModified\":\"2025-04-10T13:41:41+00:00\",\"description\":\"Registrierte Online-Apotheke. Wir bieten: Schneller internationaler Versand mit DHL. Reduziert unangenehmen Fu\u00dfgeruch: OMNi BiOTiC Skin Intensiv-Fu\u00dfbad (2x 110 g)\",\"breadcrumb\":{\"@id\":\"https:\/\/lions-pharmacy.com\/de\/produkt\/omni-biotic-skin-intensive-foot-bath-2x-110-g-double-pack#breadcrumb\"},\"inLanguage\":\"de\",\"potentialAction\":[{\"@type\":\"ReadAction\",\"target\":[\"https:\/\/lions-pharmacy.com\/de\/produkt\/omni-biotic-skin-intensive-foot-bath-2x-110-g-double-pack\"]}]},{\"@type\":\"ImageObject\",\"inLanguage\":\"de\",\"@id\":\"https:\/\/lions-pharmacy.com\/de\/produkt\/omni-biotic-skin-intensive-foot-bath-2x-110-g-double-pack#primaryimage\",\"url\":\"https:\/\/lions-pharmacy.com\/wp-content\/uploads\/2025\/03\/Omni-biotic-skin-Intensive-foot-bath-from-Allergosan-presented-by-Lions-Pharmacy-1.webp\",\"contentUrl\":\"https:\/\/lions-pharmacy.com\/wp-content\/uploads\/2025\/03\/Omni-biotic-skin-Intensive-foot-bath-from-Allergosan-presented-by-Lions-Pharmacy-1.webp\",\"width\":600,\"height\":600,\"caption\":\"Omni-Biotik-Haut-Intensiv-Fu\u00dfbad-von-Allergosan-pr\u00e4sentiert-von-Lions-Pharmacy\"},{\"@type\":\"BreadcrumbList\",\"@id\":\"https:\/\/lions-pharmacy.com\/de\/produkt\/omni-biotic-skin-intensive-foot-bath-2x-110-g-double-pack#breadcrumb\",\"itemListElement\":[{\"@type\":\"ListItem\",\"position\":1,\"name\":\"Home\",\"item\":\"https:\/\/lions-pharmacy.com\/de\/homepage-lion-pharmacy\"},{\"@type\":\"ListItem\",\"position\":2,\"name\":\"Shop\",\"item\":\"https:\/\/lions-pharmacy.com\/de\/shop-2\"},{\"@type\":\"ListItem\",\"position\":3,\"name\":\"OMNi BiOTiC Skin Intensiv-Fu\u00dfbad (2x 110 g)\"}]},{\"@type\":\"WebSite\",\"@id\":\"https:\/\/lions-pharmacy.com\/de#website\",\"url\":\"https:\/\/lions-pharmacy.com\/de\",\"name\":\"Lions Pharmacy\",\"description\":\"Ihr Spezialist f\u00fcr Naturheilkunde aus Baden-Baden, Germany\",\"publisher\":{\"@id\":\"https:\/\/lions-pharmacy.com\/de#organization\"},\"alternateName\":\"Lion Pharmacy\",\"potentialAction\":[{\"@type\":\"SearchAction\",\"target\":{\"@type\":\"EntryPoint\",\"urlTemplate\":\"https:\/\/lions-pharmacy.com\/de?s={search_term_string}\"},\"query-input\":{\"@type\":\"PropertyValueSpecification\",\"valueRequired\":true,\"valueName\":\"search_term_string\"}}],\"inLanguage\":\"de\"},{\"@type\":\"Organization\",\"@id\":\"https:\/\/lions-pharmacy.com\/de#organization\",\"name\":\"Lions Pharmacy\",\"alternateName\":\"Lions Pharmacy24\",\"url\":\"https:\/\/lions-pharmacy.com\/de\",\"logo\":{\"@type\":\"ImageObject\",\"inLanguage\":\"de\",\"@id\":\"https:\/\/lions-pharmacy.com\/de#\/schema\/logo\/image\/\",\"url\":\"https:\/\/lions-pharmacy.com\/wp-content\/uploads\/2022\/12\/Logo-Lion-Pharmacy-c-o-Loewen-Apotheke-smal.jpg\",\"contentUrl\":\"https:\/\/lions-pharmacy.com\/wp-content\/uploads\/2022\/12\/Logo-Lion-Pharmacy-c-o-Loewen-Apotheke-smal.jpg\",\"width\":298,\"height\":99,\"caption\":\"Lions Pharmacy\"},\"image\":{\"@id\":\"https:\/\/lions-pharmacy.com\/de#\/schema\/logo\/image\/\"}}]}<\/script>\n<!-- \/ Yoast SEO plugin. -->","yoast_head_json":{"title":"OMNi BiOTiC Skin Intensiv-Fu\u00dfbad (2x 110 g) &#187; bestelle bei L\u00f6wen Apotheke","description":"Registrierte Online-Apotheke. Wir bieten: Schneller internationaler Versand mit DHL. Reduziert unangenehmen Fu\u00dfgeruch: OMNi BiOTiC Skin Intensiv-Fu\u00dfbad (2x 110 g)","robots":{"index":"index","follow":"follow","max-snippet":"max-snippet:-1","max-image-preview":"max-image-preview:large","max-video-preview":"max-video-preview:-1"},"canonical":"https:\/\/lions-pharmacy.com\/de\/produkt\/omni-biotic-skin-intensive-foot-bath-2x-110-g-double-pack","og_locale":"de_DE","og_type":"article","og_title":"OMNi BiOTiC Skin Intensiv-Fu\u00dfbad (2x 110 g) &#187; bestelle bei L\u00f6wen Apotheke","og_description":"Registrierte Online-Apotheke. Wir bieten: Schneller internationaler Versand mit DHL. Reduziert unangenehmen Fu\u00dfgeruch: OMNi BiOTiC Skin Intensiv-Fu\u00dfbad (2x 110 g)","og_url":"https:\/\/lions-pharmacy.com\/de\/produkt\/omni-biotic-skin-intensive-foot-bath-2x-110-g-double-pack","og_site_name":"L\u00f6wen Apotheke","article_modified_time":"2025-04-10T13:41:41+00:00","og_image":[{"width":600,"height":600,"url":"https:\/\/lions-pharmacy.com\/wp-content\/uploads\/2025\/03\/Omni-biotic-skin-Intensive-foot-bath-from-Allergosan-presented-by-Lions-Pharmacy-1.webp","type":"image\/webp"}],"twitter_card":"summary_large_image","twitter_misc":{"Gesch\u00e4tzte Lesezeit":"1\u00a0Minute"},"schema":{"@context":"https:\/\/schema.org","@graph":[{"@type":"WebPage","@id":"https:\/\/lions-pharmacy.com\/de\/produkt\/omni-biotic-skin-intensive-foot-bath-2x-110-g-double-pack","url":"https:\/\/lions-pharmacy.com\/de\/produkt\/omni-biotic-skin-intensive-foot-bath-2x-110-g-double-pack","name":"OMNi BiOTiC Skin Intensiv-Fu\u00dfbad (2x 110 g) &#187; bestelle bei L\u00f6wen Apotheke","isPartOf":{"@id":"https:\/\/lions-pharmacy.com\/de#website"},"primaryImageOfPage":{"@id":"https:\/\/lions-pharmacy.com\/de\/produkt\/omni-biotic-skin-intensive-foot-bath-2x-110-g-double-pack#primaryimage"},"image":{"@id":"https:\/\/lions-pharmacy.com\/de\/produkt\/omni-biotic-skin-intensive-foot-bath-2x-110-g-double-pack#primaryimage"},"thumbnailUrl":"https:\/\/lions-pharmacy.com\/wp-content\/uploads\/2025\/03\/Omni-biotic-skin-Intensive-foot-bath-from-Allergosan-presented-by-Lions-Pharmacy-1.webp","datePublished":"2025-03-27T06:26:23+00:00","dateModified":"2025-04-10T13:41:41+00:00","description":"Registrierte Online-Apotheke. Wir bieten: Schneller internationaler Versand mit DHL. Reduziert unangenehmen Fu\u00dfgeruch: OMNi BiOTiC Skin Intensiv-Fu\u00dfbad (2x 110 g)","breadcrumb":{"@id":"https:\/\/lions-pharmacy.com\/de\/produkt\/omni-biotic-skin-intensive-foot-bath-2x-110-g-double-pack#breadcrumb"},"inLanguage":"de","potentialAction":[{"@type":"ReadAction","target":["https:\/\/lions-pharmacy.com\/de\/produkt\/omni-biotic-skin-intensive-foot-bath-2x-110-g-double-pack"]}]},{"@type":"ImageObject","inLanguage":"de","@id":"https:\/\/lions-pharmacy.com\/de\/produkt\/omni-biotic-skin-intensive-foot-bath-2x-110-g-double-pack#primaryimage","url":"https:\/\/lions-pharmacy.com\/wp-content\/uploads\/2025\/03\/Omni-biotic-skin-Intensive-foot-bath-from-Allergosan-presented-by-Lions-Pharmacy-1.webp","contentUrl":"https:\/\/lions-pharmacy.com\/wp-content\/uploads\/2025\/03\/Omni-biotic-skin-Intensive-foot-bath-from-Allergosan-presented-by-Lions-Pharmacy-1.webp","width":600,"height":600,"caption":"Omni-Biotik-Haut-Intensiv-Fu\u00dfbad-von-Allergosan-pr\u00e4sentiert-von-Lions-Pharmacy"},{"@type":"BreadcrumbList","@id":"https:\/\/lions-pharmacy.com\/de\/produkt\/omni-biotic-skin-intensive-foot-bath-2x-110-g-double-pack#breadcrumb","itemListElement":[{"@type":"ListItem","position":1,"name":"Home","item":"https:\/\/lions-pharmacy.com\/de\/homepage-lion-pharmacy"},{"@type":"ListItem","position":2,"name":"Shop","item":"https:\/\/lions-pharmacy.com\/de\/shop-2"},{"@type":"ListItem","position":3,"name":"OMNi BiOTiC Skin Intensiv-Fu\u00dfbad (2x 110 g)"}]},{"@type":"WebSite","@id":"https:\/\/lions-pharmacy.com\/de#website","url":"https:\/\/lions-pharmacy.com\/de","name":"Lions Pharmacy","description":"Ihr Spezialist f\u00fcr Naturheilkunde aus Baden-Baden, Germany","publisher":{"@id":"https:\/\/lions-pharmacy.com\/de#organization"},"alternateName":"Lion Pharmacy","potentialAction":[{"@type":"SearchAction","target":{"@type":"EntryPoint","urlTemplate":"https:\/\/lions-pharmacy.com\/de?s={search_term_string}"},"query-input":{"@type":"PropertyValueSpecification","valueRequired":true,"valueName":"search_term_string"}}],"inLanguage":"de"},{"@type":"Organization","@id":"https:\/\/lions-pharmacy.com\/de#organization","name":"Lions Pharmacy","alternateName":"Lions Pharmacy24","url":"https:\/\/lions-pharmacy.com\/de","logo":{"@type":"ImageObject","inLanguage":"de","@id":"https:\/\/lions-pharmacy.com\/de#\/schema\/logo\/image\/","url":"https:\/\/lions-pharmacy.com\/wp-content\/uploads\/2022\/12\/Logo-Lion-Pharmacy-c-o-Loewen-Apotheke-smal.jpg","contentUrl":"https:\/\/lions-pharmacy.com\/wp-content\/uploads\/2022\/12\/Logo-Lion-Pharmacy-c-o-Loewen-Apotheke-smal.jpg","width":298,"height":99,"caption":"Lions Pharmacy"},"image":{"@id":"https:\/\/lions-pharmacy.com\/de#\/schema\/logo\/image\/"}}]}},"_links":{"self":[{"href":"https:\/\/lions-pharmacy.com\/de\/wp-json\/wp\/v2\/product\/10500","targetHints":{"allow":["GET"]}}],"collection":[{"href":"https:\/\/lions-pharmacy.com\/de\/wp-json\/wp\/v2\/product"}],"about":[{"href":"https:\/\/lions-pharmacy.com\/de\/wp-json\/wp\/v2\/types\/product"}],"replies":[{"embeddable":true,"href":"https:\/\/lions-pharmacy.com\/de\/wp-json\/wp\/v2\/comments?post=10500"}],"wp:featuredmedia":[{"embeddable":true,"href":"https:\/\/lions-pharmacy.com\/de\/wp-json\/wp\/v2\/media\/10561"}],"wp:attachment":[{"href":"https:\/\/lions-pharmacy.com\/de\/wp-json\/wp\/v2\/media?parent=10500"}],"wp:term":[{"taxonomy":"product_brand","embeddable":true,"href":"https:\/\/lions-pharmacy.com\/de\/wp-json\/wp\/v2\/product_brand?post=10500"},{"taxonomy":"product_cat","embeddable":true,"href":"https:\/\/lions-pharmacy.com\/de\/wp-json\/wp\/v2\/product_cat?post=10500"},{"taxonomy":"product_tag","embeddable":true,"href":"https:\/\/lions-pharmacy.com\/de\/wp-json\/wp\/v2\/product_tag?post=10500"}],"curies":[{"name":"wp","href":"https:\/\/api.w.org\/{rel}","templated":true}]}}